{"id":48009,"date":"2025-05-29T10:33:27","date_gmt":"2025-05-29T07:33:27","guid":{"rendered":"https:\/\/miumjau.ee\/toode\/puhvelin-henkitorvi-luonnollinen-koiran-herkku-frigera-250-g\/"},"modified":"2026-01-07T22:45:24","modified_gmt":"2026-01-07T20:45:24","slug":"puhvelin-henkitorvi-luonnollinen-koiran-herkku-frigera-250-g","status":"publish","type":"product","link":"https:\/\/miumjau.ee\/fi\/tuote\/puhvelin-henkitorvi-luonnollinen-koiran-herkku-frigera-250-g\/","title":{"rendered":"Puhvelin henkitorvi, luonnollinen koiran herkku Frigera 250 g"},"content":{"rendered":"","protected":false},"excerpt":{"rendered":"<p data-start=\"1475\" data-end=\"1560\">friGERA puhvelin henkitorvi \u2013 edullinen ja v\u00e4ltt\u00e4m\u00e4t\u00f6n herkku vahvalle purijallesi!<\/p>\n<p data-start=\"1562\" data-end=\"2010\">Miksi valita puhvelin liha? Se sis\u00e4lt\u00e4\u00e4 v\u00e4hemm\u00e4n kolesterolia, enemm\u00e4n mineraaleja ja alle puolet rasvaa verrattuna tavalliseen v\u00e4h\u00e4rasvaiseen lihaan! Meid\u00e4n puhvelin henkitorvi on maukas herkku, valmistettu puhtaasta, kevyesti kuivatetusta puhvelin henkitorvesta \u2013 el\u00e4imist\u00e4, joita kasvatetaan ihmisten ravinnoksi. N\u00e4m\u00e4 ulkona kasvatetut puhvelit ovat kasvaneet ilman antibiootteja, steroideja tai hormoneja \u2013 niin luonnollista kuin mahdollista!<\/p>\n<p data-start=\"2012\" data-end=\"2322\">T\u00e4m\u00e4 herkku koostuu p\u00e4\u00e4asiassa rustosta ja siihen on lis\u00e4tty pieni m\u00e4\u00e4r\u00e4 rasvaa tarjoten koirallesi maukkaan ja houkuttelevan el\u00e4myksen. Rustossa on luonnollista kollageenia, kondroitiinia ja glukosamiinia \u2013 kaikki olennaista nivelille ja liikkuvuudelle. Lis\u00e4ksi t\u00e4m\u00e4 herkku puhdistaa hampaita erinomaisesti!<\/p>\n<p data-start=\"2324\" data-end=\"2512\">Aivan kuten puhvelin nahka, henkitorvi pehmenee pureskeltaessa, mik\u00e4 tekee siit\u00e4 sopivan sek\u00e4 aloittelijoille ett\u00e4 kokeneille purijoille. T\u00e4ydellinen tasapaino terveyden ja maun v\u00e4lill\u00e4!<\/p>\n<p data-start=\"2514\" data-end=\"2540\">Koostumus: 100 % puhveli<\/p>\n<p data-start=\"2542\" data-end=\"2727\">K\u00e4ytt\u00f6ohje: Anna v\u00e4lipalana tai palkkiona aterioiden v\u00e4lill\u00e4 osana tasapainoista ruokavaliota. Valvo koiraa aina pureskellessa. Tarjoa aina raikasta vett\u00e4. Ei sovellu ihmisravinnoksi.<\/p>\n<p data-start=\"2729\" data-end=\"2801\">Analyyttinen koostumus: Proteiini 64,79 %, Rasva 16,02 %, Kosteus 7,67 %<\/p>\n","protected":false},"featured_media":40840,"template":"","meta":[],"product_brand":[],"product_cat":[480,139],"product_tag":[],"class_list":{"0":"post-48009","1":"product","2":"type-product","3":"status-publish","4":"has-post-thumbnail","6":"product_cat-herkut-koirille","7":"product_cat-kaup24-fi","9":"first","10":"instock","11":"taxable","12":"shipping-taxable","13":"purchasable","14":"product-type-simple"},"yoast_head":"<!-- This site is optimized with the Yoast SEO plugin v27.4 - https:\/\/yoast.com\/product\/yoast-seo-wordpress\/ -->\n<title>Puhvelin henkitorvi, luonnollinen koiran herkku Frigera 250 g - MiuMjau<\/title>\n<meta name=\"robots\" content=\"index, follow, max-snippet:-1, max-image-preview:large, max-video-preview:-1\" \/>\n<link rel=\"canonical\" href=\"https:\/\/miumjau.ee\/fi\/tuote\/puhvelin-henkitorvi-luonnollinen-koiran-herkku-frigera-250-g\/\" \/>\n<meta property=\"og:locale\" content=\"fi_FI\" \/>\n<meta property=\"og:type\" content=\"article\" \/>\n<meta property=\"og:title\" content=\"Puhvelin henkitorvi, luonnollinen koiran herkku Frigera 250 g - MiuMjau\" \/>\n<meta property=\"og:description\" content=\"friGERA puhvelin henkitorvi \u2013 edullinen ja v\u00e4ltt\u00e4m\u00e4t\u00f6n herkku vahvalle purijallesi! Miksi valita puhvelin liha? Se sis\u00e4lt\u00e4\u00e4 v\u00e4hemm\u00e4n kolesterolia, enemm\u00e4n mineraaleja ja alle puolet rasvaa verrattuna tavalliseen v\u00e4h\u00e4rasvaiseen lihaan! Meid\u00e4n puhvelin henkitorvi on maukas herkku, valmistettu puhtaasta, kevyesti kuivatetusta puhvelin henkitorvesta \u2013 el\u00e4imist\u00e4, joita kasvatetaan ihmisten ravinnoksi. N\u00e4m\u00e4 ulkona kasvatetut puhvelit ovat kasvaneet ilman antibiootteja, steroideja tai hormoneja \u2013 niin luonnollista kuin mahdollista! T\u00e4m\u00e4 herkku koostuu p\u00e4\u00e4asiassa rustosta ja siihen on lis\u00e4tty pieni m\u00e4\u00e4r\u00e4 rasvaa tarjoten koirallesi maukkaan ja houkuttelevan el\u00e4myksen. Rustossa on luonnollista kollageenia, kondroitiinia ja glukosamiinia \u2013 kaikki olennaista nivelille ja liikkuvuudelle. Lis\u00e4ksi t\u00e4m\u00e4 herkku puhdistaa hampaita erinomaisesti! Aivan kuten puhvelin nahka, henkitorvi pehmenee pureskeltaessa, mik\u00e4 tekee siit\u00e4 sopivan sek\u00e4 aloittelijoille ett\u00e4 kokeneille purijoille. T\u00e4ydellinen tasapaino terveyden ja maun v\u00e4lill\u00e4! Koostumus: 100 % puhveli K\u00e4ytt\u00f6ohje: Anna v\u00e4lipalana tai palkkiona aterioiden v\u00e4lill\u00e4 osana tasapainoista ruokavaliota. Valvo koiraa aina pureskellessa. Tarjoa aina raikasta vett\u00e4. Ei sovellu ihmisravinnoksi. Analyyttinen koostumus: Proteiini 64,79 %, Rasva 16,02 %, Kosteus 7,67 %\" \/>\n<meta property=\"og:url\" content=\"https:\/\/miumjau.ee\/fi\/tuote\/puhvelin-henkitorvi-luonnollinen-koiran-herkku-frigera-250-g\/\" \/>\n<meta property=\"og:site_name\" content=\"MiuMjau\" \/>\n<meta property=\"article:publisher\" content=\"https:\/\/www.facebook.com\/miumjaupood\/\" \/>\n<meta property=\"article:modified_time\" content=\"2026-01-07T20:45:24+00:00\" \/>\n<meta property=\"og:image\" content=\"https:\/\/miumjau.ee\/wp-content\/uploads\/2025\/05\/frigera-koerte-maius-piisoni-hingetoru-250g-classic-Photoroom.jpg\" \/>\n\t<meta property=\"og:image:width\" content=\"600\" \/>\n\t<meta property=\"og:image:height\" content=\"800\" \/>\n\t<meta property=\"og:image:type\" content=\"image\/jpeg\" \/>\n<meta name=\"twitter:card\" content=\"summary_large_image\" \/>\n<script type=\"application\/ld+json\" class=\"yoast-schema-graph\">{\"@context\":\"https:\\\/\\\/schema.org\",\"@graph\":[{\"@type\":\"WebPage\",\"@id\":\"https:\\\/\\\/miumjau.ee\\\/fi\\\/tuote\\\/puhvelin-henkitorvi-luonnollinen-koiran-herkku-frigera-250-g\\\/\",\"url\":\"https:\\\/\\\/miumjau.ee\\\/fi\\\/tuote\\\/puhvelin-henkitorvi-luonnollinen-koiran-herkku-frigera-250-g\\\/\",\"name\":\"Puhvelin henkitorvi, luonnollinen koiran herkku Frigera 250 g - MiuMjau\",\"isPartOf\":{\"@id\":\"https:\\\/\\\/miumjau.ee\\\/#website\"},\"primaryImageOfPage\":{\"@id\":\"https:\\\/\\\/miumjau.ee\\\/fi\\\/tuote\\\/puhvelin-henkitorvi-luonnollinen-koiran-herkku-frigera-250-g\\\/#primaryimage\"},\"image\":{\"@id\":\"https:\\\/\\\/miumjau.ee\\\/fi\\\/tuote\\\/puhvelin-henkitorvi-luonnollinen-koiran-herkku-frigera-250-g\\\/#primaryimage\"},\"thumbnailUrl\":\"https:\\\/\\\/miumjau.ee\\\/wp-content\\\/uploads\\\/2025\\\/05\\\/frigera-koerte-maius-piisoni-hingetoru-250g-classic-Photoroom.jpg\",\"datePublished\":\"2025-05-29T07:33:27+00:00\",\"dateModified\":\"2026-01-07T20:45:24+00:00\",\"breadcrumb\":{\"@id\":\"https:\\\/\\\/miumjau.ee\\\/fi\\\/tuote\\\/puhvelin-henkitorvi-luonnollinen-koiran-herkku-frigera-250-g\\\/#breadcrumb\"},\"inLanguage\":\"fi\",\"potentialAction\":[{\"@type\":\"ReadAction\",\"target\":[\"https:\\\/\\\/miumjau.ee\\\/fi\\\/tuote\\\/puhvelin-henkitorvi-luonnollinen-koiran-herkku-frigera-250-g\\\/\"]}]},{\"@type\":\"ImageObject\",\"inLanguage\":\"fi\",\"@id\":\"https:\\\/\\\/miumjau.ee\\\/fi\\\/tuote\\\/puhvelin-henkitorvi-luonnollinen-koiran-herkku-frigera-250-g\\\/#primaryimage\",\"url\":\"https:\\\/\\\/miumjau.ee\\\/wp-content\\\/uploads\\\/2025\\\/05\\\/frigera-koerte-maius-piisoni-hingetoru-250g-classic-Photoroom.jpg\",\"contentUrl\":\"https:\\\/\\\/miumjau.ee\\\/wp-content\\\/uploads\\\/2025\\\/05\\\/frigera-koerte-maius-piisoni-hingetoru-250g-classic-Photoroom.jpg\",\"width\":600,\"height\":800,\"caption\":\"Koeramaius Frigera 100% lambakuubikud 250g\"},{\"@type\":\"BreadcrumbList\",\"@id\":\"https:\\\/\\\/miumjau.ee\\\/fi\\\/tuote\\\/puhvelin-henkitorvi-luonnollinen-koiran-herkku-frigera-250-g\\\/#breadcrumb\",\"itemListElement\":[{\"@type\":\"ListItem\",\"position\":1,\"name\":\"Home\",\"item\":\"https:\\\/\\\/miumjau.ee\\\/fi\\\/\"},{\"@type\":\"ListItem\",\"position\":2,\"name\":\"Kauppa\",\"item\":\"https:\\\/\\\/miumjau.ee\\\/fi\\\/kauppa\\\/\"},{\"@type\":\"ListItem\",\"position\":3,\"name\":\"Puhvelin henkitorvi, luonnollinen koiran herkku Frigera 250 g\"}]},{\"@type\":\"WebSite\",\"@id\":\"https:\\\/\\\/miumjau.ee\\\/#website\",\"url\":\"https:\\\/\\\/miumjau.ee\\\/\",\"name\":\"MiuMjau\",\"description\":\"Kraapimispuud kassidele\",\"publisher\":{\"@id\":\"https:\\\/\\\/miumjau.ee\\\/#organization\"},\"potentialAction\":[{\"@type\":\"SearchAction\",\"target\":{\"@type\":\"EntryPoint\",\"urlTemplate\":\"https:\\\/\\\/miumjau.ee\\\/?s={search_term_string}\"},\"query-input\":{\"@type\":\"PropertyValueSpecification\",\"valueRequired\":true,\"valueName\":\"search_term_string\"}}],\"inLanguage\":\"fi\"},{\"@type\":\"Organization\",\"@id\":\"https:\\\/\\\/miumjau.ee\\\/#organization\",\"name\":\"MiuMjau O\u00dc\",\"url\":\"https:\\\/\\\/miumjau.ee\\\/\",\"logo\":{\"@type\":\"ImageObject\",\"inLanguage\":\"fi\",\"@id\":\"https:\\\/\\\/miumjau.ee\\\/#\\\/schema\\\/logo\\\/image\\\/\",\"url\":\"https:\\\/\\\/miumjau.ee\\\/wp-content\\\/uploads\\\/2022\\\/04\\\/MiuMjau-logo-kollane.png\",\"contentUrl\":\"https:\\\/\\\/miumjau.ee\\\/wp-content\\\/uploads\\\/2022\\\/04\\\/MiuMjau-logo-kollane.png\",\"width\":219,\"height\":100,\"caption\":\"MiuMjau O\u00dc\"},\"image\":{\"@id\":\"https:\\\/\\\/miumjau.ee\\\/#\\\/schema\\\/logo\\\/image\\\/\"},\"sameAs\":[\"https:\\\/\\\/www.facebook.com\\\/miumjaupood\\\/\"]}]}<\/script>\n<!-- \/ Yoast SEO plugin. -->","yoast_head_json":{"title":"Puhvelin henkitorvi, luonnollinen koiran herkku Frigera 250 g - MiuMjau","robots":{"index":"index","follow":"follow","max-snippet":"max-snippet:-1","max-image-preview":"max-image-preview:large","max-video-preview":"max-video-preview:-1"},"canonical":"https:\/\/miumjau.ee\/fi\/tuote\/puhvelin-henkitorvi-luonnollinen-koiran-herkku-frigera-250-g\/","og_locale":"fi_FI","og_type":"article","og_title":"Puhvelin henkitorvi, luonnollinen koiran herkku Frigera 250 g - MiuMjau","og_description":"friGERA puhvelin henkitorvi \u2013 edullinen ja v\u00e4ltt\u00e4m\u00e4t\u00f6n herkku vahvalle purijallesi! Miksi valita puhvelin liha? Se sis\u00e4lt\u00e4\u00e4 v\u00e4hemm\u00e4n kolesterolia, enemm\u00e4n mineraaleja ja alle puolet rasvaa verrattuna tavalliseen v\u00e4h\u00e4rasvaiseen lihaan! Meid\u00e4n puhvelin henkitorvi on maukas herkku, valmistettu puhtaasta, kevyesti kuivatetusta puhvelin henkitorvesta \u2013 el\u00e4imist\u00e4, joita kasvatetaan ihmisten ravinnoksi. N\u00e4m\u00e4 ulkona kasvatetut puhvelit ovat kasvaneet ilman antibiootteja, steroideja tai hormoneja \u2013 niin luonnollista kuin mahdollista! T\u00e4m\u00e4 herkku koostuu p\u00e4\u00e4asiassa rustosta ja siihen on lis\u00e4tty pieni m\u00e4\u00e4r\u00e4 rasvaa tarjoten koirallesi maukkaan ja houkuttelevan el\u00e4myksen. Rustossa on luonnollista kollageenia, kondroitiinia ja glukosamiinia \u2013 kaikki olennaista nivelille ja liikkuvuudelle. Lis\u00e4ksi t\u00e4m\u00e4 herkku puhdistaa hampaita erinomaisesti! Aivan kuten puhvelin nahka, henkitorvi pehmenee pureskeltaessa, mik\u00e4 tekee siit\u00e4 sopivan sek\u00e4 aloittelijoille ett\u00e4 kokeneille purijoille. T\u00e4ydellinen tasapaino terveyden ja maun v\u00e4lill\u00e4! Koostumus: 100 % puhveli K\u00e4ytt\u00f6ohje: Anna v\u00e4lipalana tai palkkiona aterioiden v\u00e4lill\u00e4 osana tasapainoista ruokavaliota. Valvo koiraa aina pureskellessa. Tarjoa aina raikasta vett\u00e4. Ei sovellu ihmisravinnoksi. Analyyttinen koostumus: Proteiini 64,79 %, Rasva 16,02 %, Kosteus 7,67 %","og_url":"https:\/\/miumjau.ee\/fi\/tuote\/puhvelin-henkitorvi-luonnollinen-koiran-herkku-frigera-250-g\/","og_site_name":"MiuMjau","article_publisher":"https:\/\/www.facebook.com\/miumjaupood\/","article_modified_time":"2026-01-07T20:45:24+00:00","og_image":[{"width":600,"height":800,"url":"https:\/\/miumjau.ee\/wp-content\/uploads\/2025\/05\/frigera-koerte-maius-piisoni-hingetoru-250g-classic-Photoroom.jpg","type":"image\/jpeg"}],"twitter_card":"summary_large_image","schema":{"@context":"https:\/\/schema.org","@graph":[{"@type":"WebPage","@id":"https:\/\/miumjau.ee\/fi\/tuote\/puhvelin-henkitorvi-luonnollinen-koiran-herkku-frigera-250-g\/","url":"https:\/\/miumjau.ee\/fi\/tuote\/puhvelin-henkitorvi-luonnollinen-koiran-herkku-frigera-250-g\/","name":"Puhvelin henkitorvi, luonnollinen koiran herkku Frigera 250 g - MiuMjau","isPartOf":{"@id":"https:\/\/miumjau.ee\/#website"},"primaryImageOfPage":{"@id":"https:\/\/miumjau.ee\/fi\/tuote\/puhvelin-henkitorvi-luonnollinen-koiran-herkku-frigera-250-g\/#primaryimage"},"image":{"@id":"https:\/\/miumjau.ee\/fi\/tuote\/puhvelin-henkitorvi-luonnollinen-koiran-herkku-frigera-250-g\/#primaryimage"},"thumbnailUrl":"https:\/\/miumjau.ee\/wp-content\/uploads\/2025\/05\/frigera-koerte-maius-piisoni-hingetoru-250g-classic-Photoroom.jpg","datePublished":"2025-05-29T07:33:27+00:00","dateModified":"2026-01-07T20:45:24+00:00","breadcrumb":{"@id":"https:\/\/miumjau.ee\/fi\/tuote\/puhvelin-henkitorvi-luonnollinen-koiran-herkku-frigera-250-g\/#breadcrumb"},"inLanguage":"fi","potentialAction":[{"@type":"ReadAction","target":["https:\/\/miumjau.ee\/fi\/tuote\/puhvelin-henkitorvi-luonnollinen-koiran-herkku-frigera-250-g\/"]}]},{"@type":"ImageObject","inLanguage":"fi","@id":"https:\/\/miumjau.ee\/fi\/tuote\/puhvelin-henkitorvi-luonnollinen-koiran-herkku-frigera-250-g\/#primaryimage","url":"https:\/\/miumjau.ee\/wp-content\/uploads\/2025\/05\/frigera-koerte-maius-piisoni-hingetoru-250g-classic-Photoroom.jpg","contentUrl":"https:\/\/miumjau.ee\/wp-content\/uploads\/2025\/05\/frigera-koerte-maius-piisoni-hingetoru-250g-classic-Photoroom.jpg","width":600,"height":800,"caption":"Koeramaius Frigera 100% lambakuubikud 250g"},{"@type":"BreadcrumbList","@id":"https:\/\/miumjau.ee\/fi\/tuote\/puhvelin-henkitorvi-luonnollinen-koiran-herkku-frigera-250-g\/#breadcrumb","itemListElement":[{"@type":"ListItem","position":1,"name":"Home","item":"https:\/\/miumjau.ee\/fi\/"},{"@type":"ListItem","position":2,"name":"Kauppa","item":"https:\/\/miumjau.ee\/fi\/kauppa\/"},{"@type":"ListItem","position":3,"name":"Puhvelin henkitorvi, luonnollinen koiran herkku Frigera 250 g"}]},{"@type":"WebSite","@id":"https:\/\/miumjau.ee\/#website","url":"https:\/\/miumjau.ee\/","name":"MiuMjau","description":"Kraapimispuud kassidele","publisher":{"@id":"https:\/\/miumjau.ee\/#organization"},"potentialAction":[{"@type":"SearchAction","target":{"@type":"EntryPoint","urlTemplate":"https:\/\/miumjau.ee\/?s={search_term_string}"},"query-input":{"@type":"PropertyValueSpecification","valueRequired":true,"valueName":"search_term_string"}}],"inLanguage":"fi"},{"@type":"Organization","@id":"https:\/\/miumjau.ee\/#organization","name":"MiuMjau O\u00dc","url":"https:\/\/miumjau.ee\/","logo":{"@type":"ImageObject","inLanguage":"fi","@id":"https:\/\/miumjau.ee\/#\/schema\/logo\/image\/","url":"https:\/\/miumjau.ee\/wp-content\/uploads\/2022\/04\/MiuMjau-logo-kollane.png","contentUrl":"https:\/\/miumjau.ee\/wp-content\/uploads\/2022\/04\/MiuMjau-logo-kollane.png","width":219,"height":100,"caption":"MiuMjau O\u00dc"},"image":{"@id":"https:\/\/miumjau.ee\/#\/schema\/logo\/image\/"},"sameAs":["https:\/\/www.facebook.com\/miumjaupood\/"]}]}},"_links":{"self":[{"href":"https:\/\/miumjau.ee\/fi\/wp-json\/wp\/v2\/product\/48009","targetHints":{"allow":["GET"]}}],"collection":[{"href":"https:\/\/miumjau.ee\/fi\/wp-json\/wp\/v2\/product"}],"about":[{"href":"https:\/\/miumjau.ee\/fi\/wp-json\/wp\/v2\/types\/product"}],"wp:featuredmedia":[{"embeddable":true,"href":"https:\/\/miumjau.ee\/fi\/wp-json\/wp\/v2\/media\/40840"}],"wp:attachment":[{"href":"https:\/\/miumjau.ee\/fi\/wp-json\/wp\/v2\/media?parent=48009"}],"wp:term":[{"taxonomy":"product_brand","embeddable":true,"href":"https:\/\/miumjau.ee\/fi\/wp-json\/wp\/v2\/product_brand?post=48009"},{"taxonomy":"product_cat","embeddable":true,"href":"https:\/\/miumjau.ee\/fi\/wp-json\/wp\/v2\/product_cat?post=48009"},{"taxonomy":"product_tag","embeddable":true,"href":"https:\/\/miumjau.ee\/fi\/wp-json\/wp\/v2\/product_tag?post=48009"}],"curies":[{"name":"wp","href":"https:\/\/api.w.org\/{rel}","templated":true}]}}