{"id":48002,"date":"2025-05-29T10:34:07","date_gmt":"2025-05-29T07:34:07","guid":{"rendered":"https:\/\/miumjau.ee\/toode\/janiksen-korvat-karvoineen-luonnollinen-koiran-herkku-frigera-250-g\/"},"modified":"2026-01-07T22:45:24","modified_gmt":"2026-01-07T20:45:24","slug":"janiksen-korvat-karvoineen-luonnollinen-koiran-herkku-frigera-250-g","status":"publish","type":"product","link":"https:\/\/miumjau.ee\/fi\/tuote\/janiksen-korvat-karvoineen-luonnollinen-koiran-herkku-frigera-250-g\/","title":{"rendered":"J\u00e4niksen korvat karvoineen, luonnollinen koiran herkku Frigera 250 g"},"content":{"rendered":"","protected":false},"excerpt":{"rendered":"<p data-start=\"1555\" data-end=\"1701\">Tuntuvatko sian tai naudan korvat koirallesi liian tavallisilta? Tai onko koirallasi niille yliherkkyytt\u00e4? friGERA j\u00e4niksen korvat tulevat avuksi!<\/p>\n<p data-start=\"1703\" data-end=\"1963\">J\u00e4niksen korvat ovat luonnollisia herkkuja, huolellisesti kuivatettuja, jotta ne olisivat kest\u00e4vi\u00e4, mutta pehme\u00e4mpi\u00e4 ja v\u00e4h\u00e4rasvaisempia kuin muut vastaavat herkut. N\u00e4m\u00e4 proteiinipitoiset herkut sopivat erinomaisesti allergisille koirille ja herkk\u00e4vatsaisille.<\/p>\n<p data-start=\"1965\" data-end=\"2288\">Intensiivinen pureskelu puhdistaa tehokkaasti koiran hampaita, ja korkean mangaanipitoisuuden ansiosta n\u00e4m\u00e4 herkut tukevat vahvoja niveli\u00e4 ja terveit\u00e4 nivelsiteit\u00e4. Bonuksena j\u00e4niksen korvat ovat ymp\u00e4rist\u00f6yst\u00e4v\u00e4llisempi vaihtoehto \u2013 j\u00e4niksen kasvattaminen j\u00e4tt\u00e4\u00e4 pienemm\u00e4n j\u00e4ljen luontoon verrattuna nautoihin tai sikoihin.<\/p>\n<p data-start=\"2290\" data-end=\"2574\">Lis\u00e4ksi n\u00e4m\u00e4 herkut sopivat erinomaisesti sis\u00e4k\u00e4ytt\u00f6\u00f6n, koska niill\u00e4 on v\u00e4h\u00e4n tai ei lainkaan hajua. Jos karva j\u00e4\u00e4 mukaan, se voi my\u00f6s auttaa puhdistamaan koiran ruoansulatuskanavaa, j\u00e4ljitellen luonnollista ruokavaliota, jossa petoel\u00e4imet s\u00f6iv\u00e4t saaliin karvoineen ja luitten kanssa!<\/p>\n<p data-start=\"2576\" data-end=\"2714\">Koon ja pehme\u00e4mm\u00e4n rakenteen ansiosta j\u00e4niksen korvat sopivat my\u00f6s pienemmille koirille tai koirille, joilla on heikommat purentalihakset.<\/p>\n<p data-start=\"2716\" data-end=\"2740\">Koostumus: 100 % j\u00e4nis<\/p>\n<p data-start=\"2742\" data-end=\"2927\">K\u00e4ytt\u00f6ohje: Anna v\u00e4lipalana tai palkkiona aterioiden v\u00e4lill\u00e4 osana tasapainoista ruokavaliota. Valvo koiraa aina pureskellessa. Tarjoa aina raikasta vett\u00e4. Ei sovellu ihmisravinnoksi.<\/p>\n<p data-start=\"2929\" data-end=\"2999\">Analyyttinen koostumus: Proteiini 56,5 %, Rasva 33,4 %, Kosteus 9,06 %<\/p>\n","protected":false},"featured_media":34825,"template":"","meta":[],"product_brand":[],"product_cat":[480],"product_tag":[],"class_list":{"0":"post-48002","1":"product","2":"type-product","3":"status-publish","4":"has-post-thumbnail","6":"product_cat-herkut-koirille","8":"first","9":"instock","10":"taxable","11":"shipping-taxable","12":"purchasable","13":"product-type-simple"},"yoast_head":"<!-- This site is optimized with the Yoast SEO plugin v27.2 - https:\/\/yoast.com\/product\/yoast-seo-wordpress\/ -->\n<title>J\u00e4niksen korvat karvoineen, luonnollinen koiran herkku Frigera 250 g - MiuMjau<\/title>\n<meta name=\"robots\" content=\"index, follow, max-snippet:-1, max-image-preview:large, max-video-preview:-1\" \/>\n<link rel=\"canonical\" href=\"https:\/\/miumjau.ee\/fi\/tuote\/janiksen-korvat-karvoineen-luonnollinen-koiran-herkku-frigera-250-g\/\" \/>\n<meta property=\"og:locale\" content=\"fi_FI\" \/>\n<meta property=\"og:type\" content=\"article\" \/>\n<meta property=\"og:title\" content=\"J\u00e4niksen korvat karvoineen, luonnollinen koiran herkku Frigera 250 g - MiuMjau\" \/>\n<meta property=\"og:description\" content=\"Tuntuvatko sian tai naudan korvat koirallesi liian tavallisilta? Tai onko koirallasi niille yliherkkyytt\u00e4? friGERA j\u00e4niksen korvat tulevat avuksi! J\u00e4niksen korvat ovat luonnollisia herkkuja, huolellisesti kuivatettuja, jotta ne olisivat kest\u00e4vi\u00e4, mutta pehme\u00e4mpi\u00e4 ja v\u00e4h\u00e4rasvaisempia kuin muut vastaavat herkut. N\u00e4m\u00e4 proteiinipitoiset herkut sopivat erinomaisesti allergisille koirille ja herkk\u00e4vatsaisille. Intensiivinen pureskelu puhdistaa tehokkaasti koiran hampaita, ja korkean mangaanipitoisuuden ansiosta n\u00e4m\u00e4 herkut tukevat vahvoja niveli\u00e4 ja terveit\u00e4 nivelsiteit\u00e4. Bonuksena j\u00e4niksen korvat ovat ymp\u00e4rist\u00f6yst\u00e4v\u00e4llisempi vaihtoehto \u2013 j\u00e4niksen kasvattaminen j\u00e4tt\u00e4\u00e4 pienemm\u00e4n j\u00e4ljen luontoon verrattuna nautoihin tai sikoihin. Lis\u00e4ksi n\u00e4m\u00e4 herkut sopivat erinomaisesti sis\u00e4k\u00e4ytt\u00f6\u00f6n, koska niill\u00e4 on v\u00e4h\u00e4n tai ei lainkaan hajua. Jos karva j\u00e4\u00e4 mukaan, se voi my\u00f6s auttaa puhdistamaan koiran ruoansulatuskanavaa, j\u00e4ljitellen luonnollista ruokavaliota, jossa petoel\u00e4imet s\u00f6iv\u00e4t saaliin karvoineen ja luitten kanssa! Koon ja pehme\u00e4mm\u00e4n rakenteen ansiosta j\u00e4niksen korvat sopivat my\u00f6s pienemmille koirille tai koirille, joilla on heikommat purentalihakset. Koostumus: 100 % j\u00e4nis K\u00e4ytt\u00f6ohje: Anna v\u00e4lipalana tai palkkiona aterioiden v\u00e4lill\u00e4 osana tasapainoista ruokavaliota. Valvo koiraa aina pureskellessa. Tarjoa aina raikasta vett\u00e4. Ei sovellu ihmisravinnoksi. Analyyttinen koostumus: Proteiini 56,5 %, Rasva 33,4 %, Kosteus 9,06 %\" \/>\n<meta property=\"og:url\" content=\"https:\/\/miumjau.ee\/fi\/tuote\/janiksen-korvat-karvoineen-luonnollinen-koiran-herkku-frigera-250-g\/\" \/>\n<meta property=\"og:site_name\" content=\"MiuMjau\" \/>\n<meta property=\"article:publisher\" content=\"https:\/\/www.facebook.com\/miumjaupood\/\" \/>\n<meta property=\"article:modified_time\" content=\"2026-01-07T20:45:24+00:00\" \/>\n<meta property=\"og:image\" content=\"https:\/\/miumjau.ee\/wp-content\/uploads\/2025\/05\/frigera-koerte-maius-janese-korvad-karvaga-250g-classic-Photoroom.webp\" \/>\n\t<meta property=\"og:image:width\" content=\"600\" \/>\n\t<meta property=\"og:image:height\" content=\"800\" \/>\n\t<meta property=\"og:image:type\" content=\"image\/webp\" \/>\n<meta name=\"twitter:card\" content=\"summary_large_image\" \/>\n<script type=\"application\/ld+json\" class=\"yoast-schema-graph\">{\"@context\":\"https:\/\/schema.org\",\"@graph\":[{\"@type\":\"WebPage\",\"@id\":\"https:\/\/miumjau.ee\/fi\/tuote\/janiksen-korvat-karvoineen-luonnollinen-koiran-herkku-frigera-250-g\/\",\"url\":\"https:\/\/miumjau.ee\/fi\/tuote\/janiksen-korvat-karvoineen-luonnollinen-koiran-herkku-frigera-250-g\/\",\"name\":\"J\u00e4niksen korvat karvoineen, luonnollinen koiran herkku Frigera 250 g - MiuMjau\",\"isPartOf\":{\"@id\":\"https:\/\/miumjau.ee\/#website\"},\"primaryImageOfPage\":{\"@id\":\"https:\/\/miumjau.ee\/fi\/tuote\/janiksen-korvat-karvoineen-luonnollinen-koiran-herkku-frigera-250-g\/#primaryimage\"},\"image\":{\"@id\":\"https:\/\/miumjau.ee\/fi\/tuote\/janiksen-korvat-karvoineen-luonnollinen-koiran-herkku-frigera-250-g\/#primaryimage\"},\"thumbnailUrl\":\"https:\/\/miumjau.ee\/wp-content\/uploads\/2025\/05\/frigera-koerte-maius-janese-korvad-karvaga-250g-classic-Photoroom.webp\",\"datePublished\":\"2025-05-29T07:34:07+00:00\",\"dateModified\":\"2026-01-07T20:45:24+00:00\",\"breadcrumb\":{\"@id\":\"https:\/\/miumjau.ee\/fi\/tuote\/janiksen-korvat-karvoineen-luonnollinen-koiran-herkku-frigera-250-g\/#breadcrumb\"},\"inLanguage\":\"fi\",\"potentialAction\":[{\"@type\":\"ReadAction\",\"target\":[\"https:\/\/miumjau.ee\/fi\/tuote\/janiksen-korvat-karvoineen-luonnollinen-koiran-herkku-frigera-250-g\/\"]}]},{\"@type\":\"ImageObject\",\"inLanguage\":\"fi\",\"@id\":\"https:\/\/miumjau.ee\/fi\/tuote\/janiksen-korvat-karvoineen-luonnollinen-koiran-herkku-frigera-250-g\/#primaryimage\",\"url\":\"https:\/\/miumjau.ee\/wp-content\/uploads\/2025\/05\/frigera-koerte-maius-janese-korvad-karvaga-250g-classic-Photoroom.webp\",\"contentUrl\":\"https:\/\/miumjau.ee\/wp-content\/uploads\/2025\/05\/frigera-koerte-maius-janese-korvad-karvaga-250g-classic-Photoroom.webp\",\"width\":600,\"height\":800,\"caption\":\"J\u00e4nese k\u00f5rvad karvadega, naturaalne koeramaius 250g\"},{\"@type\":\"BreadcrumbList\",\"@id\":\"https:\/\/miumjau.ee\/fi\/tuote\/janiksen-korvat-karvoineen-luonnollinen-koiran-herkku-frigera-250-g\/#breadcrumb\",\"itemListElement\":[{\"@type\":\"ListItem\",\"position\":1,\"name\":\"Home\",\"item\":\"https:\/\/miumjau.ee\/fi\/\"},{\"@type\":\"ListItem\",\"position\":2,\"name\":\"Kauppa\",\"item\":\"https:\/\/miumjau.ee\/fi\/kauppa\/\"},{\"@type\":\"ListItem\",\"position\":3,\"name\":\"J\u00e4niksen korvat karvoineen, luonnollinen koiran herkku Frigera 250 g\"}]},{\"@type\":\"WebSite\",\"@id\":\"https:\/\/miumjau.ee\/#website\",\"url\":\"https:\/\/miumjau.ee\/\",\"name\":\"MiuMjau\",\"description\":\"Kraapimispuud kassidele\",\"publisher\":{\"@id\":\"https:\/\/miumjau.ee\/#organization\"},\"potentialAction\":[{\"@type\":\"SearchAction\",\"target\":{\"@type\":\"EntryPoint\",\"urlTemplate\":\"https:\/\/miumjau.ee\/?s={search_term_string}\"},\"query-input\":{\"@type\":\"PropertyValueSpecification\",\"valueRequired\":true,\"valueName\":\"search_term_string\"}}],\"inLanguage\":\"fi\"},{\"@type\":\"Organization\",\"@id\":\"https:\/\/miumjau.ee\/#organization\",\"name\":\"MiuMjau O\u00dc\",\"url\":\"https:\/\/miumjau.ee\/\",\"logo\":{\"@type\":\"ImageObject\",\"inLanguage\":\"fi\",\"@id\":\"https:\/\/miumjau.ee\/#\/schema\/logo\/image\/\",\"url\":\"https:\/\/miumjau.ee\/wp-content\/uploads\/2022\/04\/MiuMjau-logo-kollane.png\",\"contentUrl\":\"https:\/\/miumjau.ee\/wp-content\/uploads\/2022\/04\/MiuMjau-logo-kollane.png\",\"width\":219,\"height\":100,\"caption\":\"MiuMjau O\u00dc\"},\"image\":{\"@id\":\"https:\/\/miumjau.ee\/#\/schema\/logo\/image\/\"},\"sameAs\":[\"https:\/\/www.facebook.com\/miumjaupood\/\"]}]}<\/script>\n<!-- \/ Yoast SEO plugin. -->","yoast_head_json":{"title":"J\u00e4niksen korvat karvoineen, luonnollinen koiran herkku Frigera 250 g - MiuMjau","robots":{"index":"index","follow":"follow","max-snippet":"max-snippet:-1","max-image-preview":"max-image-preview:large","max-video-preview":"max-video-preview:-1"},"canonical":"https:\/\/miumjau.ee\/fi\/tuote\/janiksen-korvat-karvoineen-luonnollinen-koiran-herkku-frigera-250-g\/","og_locale":"fi_FI","og_type":"article","og_title":"J\u00e4niksen korvat karvoineen, luonnollinen koiran herkku Frigera 250 g - MiuMjau","og_description":"Tuntuvatko sian tai naudan korvat koirallesi liian tavallisilta? Tai onko koirallasi niille yliherkkyytt\u00e4? friGERA j\u00e4niksen korvat tulevat avuksi! J\u00e4niksen korvat ovat luonnollisia herkkuja, huolellisesti kuivatettuja, jotta ne olisivat kest\u00e4vi\u00e4, mutta pehme\u00e4mpi\u00e4 ja v\u00e4h\u00e4rasvaisempia kuin muut vastaavat herkut. N\u00e4m\u00e4 proteiinipitoiset herkut sopivat erinomaisesti allergisille koirille ja herkk\u00e4vatsaisille. Intensiivinen pureskelu puhdistaa tehokkaasti koiran hampaita, ja korkean mangaanipitoisuuden ansiosta n\u00e4m\u00e4 herkut tukevat vahvoja niveli\u00e4 ja terveit\u00e4 nivelsiteit\u00e4. Bonuksena j\u00e4niksen korvat ovat ymp\u00e4rist\u00f6yst\u00e4v\u00e4llisempi vaihtoehto \u2013 j\u00e4niksen kasvattaminen j\u00e4tt\u00e4\u00e4 pienemm\u00e4n j\u00e4ljen luontoon verrattuna nautoihin tai sikoihin. Lis\u00e4ksi n\u00e4m\u00e4 herkut sopivat erinomaisesti sis\u00e4k\u00e4ytt\u00f6\u00f6n, koska niill\u00e4 on v\u00e4h\u00e4n tai ei lainkaan hajua. Jos karva j\u00e4\u00e4 mukaan, se voi my\u00f6s auttaa puhdistamaan koiran ruoansulatuskanavaa, j\u00e4ljitellen luonnollista ruokavaliota, jossa petoel\u00e4imet s\u00f6iv\u00e4t saaliin karvoineen ja luitten kanssa! Koon ja pehme\u00e4mm\u00e4n rakenteen ansiosta j\u00e4niksen korvat sopivat my\u00f6s pienemmille koirille tai koirille, joilla on heikommat purentalihakset. Koostumus: 100 % j\u00e4nis K\u00e4ytt\u00f6ohje: Anna v\u00e4lipalana tai palkkiona aterioiden v\u00e4lill\u00e4 osana tasapainoista ruokavaliota. Valvo koiraa aina pureskellessa. Tarjoa aina raikasta vett\u00e4. Ei sovellu ihmisravinnoksi. Analyyttinen koostumus: Proteiini 56,5 %, Rasva 33,4 %, Kosteus 9,06 %","og_url":"https:\/\/miumjau.ee\/fi\/tuote\/janiksen-korvat-karvoineen-luonnollinen-koiran-herkku-frigera-250-g\/","og_site_name":"MiuMjau","article_publisher":"https:\/\/www.facebook.com\/miumjaupood\/","article_modified_time":"2026-01-07T20:45:24+00:00","og_image":[{"width":600,"height":800,"url":"https:\/\/miumjau.ee\/wp-content\/uploads\/2025\/05\/frigera-koerte-maius-janese-korvad-karvaga-250g-classic-Photoroom.webp","type":"image\/webp"}],"twitter_card":"summary_large_image","schema":{"@context":"https:\/\/schema.org","@graph":[{"@type":"WebPage","@id":"https:\/\/miumjau.ee\/fi\/tuote\/janiksen-korvat-karvoineen-luonnollinen-koiran-herkku-frigera-250-g\/","url":"https:\/\/miumjau.ee\/fi\/tuote\/janiksen-korvat-karvoineen-luonnollinen-koiran-herkku-frigera-250-g\/","name":"J\u00e4niksen korvat karvoineen, luonnollinen koiran herkku Frigera 250 g - MiuMjau","isPartOf":{"@id":"https:\/\/miumjau.ee\/#website"},"primaryImageOfPage":{"@id":"https:\/\/miumjau.ee\/fi\/tuote\/janiksen-korvat-karvoineen-luonnollinen-koiran-herkku-frigera-250-g\/#primaryimage"},"image":{"@id":"https:\/\/miumjau.ee\/fi\/tuote\/janiksen-korvat-karvoineen-luonnollinen-koiran-herkku-frigera-250-g\/#primaryimage"},"thumbnailUrl":"https:\/\/miumjau.ee\/wp-content\/uploads\/2025\/05\/frigera-koerte-maius-janese-korvad-karvaga-250g-classic-Photoroom.webp","datePublished":"2025-05-29T07:34:07+00:00","dateModified":"2026-01-07T20:45:24+00:00","breadcrumb":{"@id":"https:\/\/miumjau.ee\/fi\/tuote\/janiksen-korvat-karvoineen-luonnollinen-koiran-herkku-frigera-250-g\/#breadcrumb"},"inLanguage":"fi","potentialAction":[{"@type":"ReadAction","target":["https:\/\/miumjau.ee\/fi\/tuote\/janiksen-korvat-karvoineen-luonnollinen-koiran-herkku-frigera-250-g\/"]}]},{"@type":"ImageObject","inLanguage":"fi","@id":"https:\/\/miumjau.ee\/fi\/tuote\/janiksen-korvat-karvoineen-luonnollinen-koiran-herkku-frigera-250-g\/#primaryimage","url":"https:\/\/miumjau.ee\/wp-content\/uploads\/2025\/05\/frigera-koerte-maius-janese-korvad-karvaga-250g-classic-Photoroom.webp","contentUrl":"https:\/\/miumjau.ee\/wp-content\/uploads\/2025\/05\/frigera-koerte-maius-janese-korvad-karvaga-250g-classic-Photoroom.webp","width":600,"height":800,"caption":"J\u00e4nese k\u00f5rvad karvadega, naturaalne koeramaius 250g"},{"@type":"BreadcrumbList","@id":"https:\/\/miumjau.ee\/fi\/tuote\/janiksen-korvat-karvoineen-luonnollinen-koiran-herkku-frigera-250-g\/#breadcrumb","itemListElement":[{"@type":"ListItem","position":1,"name":"Home","item":"https:\/\/miumjau.ee\/fi\/"},{"@type":"ListItem","position":2,"name":"Kauppa","item":"https:\/\/miumjau.ee\/fi\/kauppa\/"},{"@type":"ListItem","position":3,"name":"J\u00e4niksen korvat karvoineen, luonnollinen koiran herkku Frigera 250 g"}]},{"@type":"WebSite","@id":"https:\/\/miumjau.ee\/#website","url":"https:\/\/miumjau.ee\/","name":"MiuMjau","description":"Kraapimispuud kassidele","publisher":{"@id":"https:\/\/miumjau.ee\/#organization"},"potentialAction":[{"@type":"SearchAction","target":{"@type":"EntryPoint","urlTemplate":"https:\/\/miumjau.ee\/?s={search_term_string}"},"query-input":{"@type":"PropertyValueSpecification","valueRequired":true,"valueName":"search_term_string"}}],"inLanguage":"fi"},{"@type":"Organization","@id":"https:\/\/miumjau.ee\/#organization","name":"MiuMjau O\u00dc","url":"https:\/\/miumjau.ee\/","logo":{"@type":"ImageObject","inLanguage":"fi","@id":"https:\/\/miumjau.ee\/#\/schema\/logo\/image\/","url":"https:\/\/miumjau.ee\/wp-content\/uploads\/2022\/04\/MiuMjau-logo-kollane.png","contentUrl":"https:\/\/miumjau.ee\/wp-content\/uploads\/2022\/04\/MiuMjau-logo-kollane.png","width":219,"height":100,"caption":"MiuMjau O\u00dc"},"image":{"@id":"https:\/\/miumjau.ee\/#\/schema\/logo\/image\/"},"sameAs":["https:\/\/www.facebook.com\/miumjaupood\/"]}]}},"_links":{"self":[{"href":"https:\/\/miumjau.ee\/fi\/wp-json\/wp\/v2\/product\/48002","targetHints":{"allow":["GET"]}}],"collection":[{"href":"https:\/\/miumjau.ee\/fi\/wp-json\/wp\/v2\/product"}],"about":[{"href":"https:\/\/miumjau.ee\/fi\/wp-json\/wp\/v2\/types\/product"}],"wp:featuredmedia":[{"embeddable":true,"href":"https:\/\/miumjau.ee\/fi\/wp-json\/wp\/v2\/media\/34825"}],"wp:attachment":[{"href":"https:\/\/miumjau.ee\/fi\/wp-json\/wp\/v2\/media?parent=48002"}],"wp:term":[{"taxonomy":"product_brand","embeddable":true,"href":"https:\/\/miumjau.ee\/fi\/wp-json\/wp\/v2\/product_brand?post=48002"},{"taxonomy":"product_cat","embeddable":true,"href":"https:\/\/miumjau.ee\/fi\/wp-json\/wp\/v2\/product_cat?post=48002"},{"taxonomy":"product_tag","embeddable":true,"href":"https:\/\/miumjau.ee\/fi\/wp-json\/wp\/v2\/product_tag?post=48002"}],"curies":[{"name":"wp","href":"https:\/\/api.w.org\/{rel}","templated":true}]}}