{"id":47986,"date":"2025-05-29T12:22:08","date_gmt":"2025-05-29T09:22:08","guid":{"rendered":"https:\/\/miumjau.ee\/toode\/koiran-herkku-frigera-100-lampaan-kuutiot-250-g\/"},"modified":"2026-01-07T22:45:24","modified_gmt":"2026-01-07T20:45:24","slug":"koiran-herkku-frigera-100-lampaan-kuutiot-250-g","status":"publish","type":"product","link":"https:\/\/miumjau.ee\/fi\/tuote\/koiran-herkku-frigera-100-lampaan-kuutiot-250-g\/","title":{"rendered":"Koiran herkku Frigera 100 % lampaan kuutiot 250 g"},"content":{"rendered":"","protected":false},"excerpt":{"rendered":"<p data-start=\"1059\" data-end=\"1410\">Hypp\u00e4\u00e4k\u00f6 karvainen yst\u00e4v\u00e4si riemusta aina, kun se n\u00e4kee lihaa? friGERA lampaan kuutiot ovat t\u00e4ydellinen tapa tyydytt\u00e4\u00e4 sen n\u00e4lk\u00e4 aterioiden v\u00e4lill\u00e4! N\u00e4m\u00e4 maukkaat, gluteenittomat ja viljattomat kuutiot on valmistettu 100 % lampaanlihasta ja ne sis\u00e4lt\u00e4v\u00e4t runsaasti korkealaatuista proteiinia ja energiaa, jotta koirasi on valmis jokaiseen seikkailuun.<\/p>\n<p data-start=\"1412\" data-end=\"1669\">Tarkasti annostellut, sopivan kokoiset kuutiot ovat helposti sulavia ja sopivat erityisesti pienille, nuorille tai ylipainoisille koirille. Ei keinotekoisia maku-, v\u00e4ri- tai s\u00e4il\u00f6nt\u00e4aineita \u2013 vain puhdas ja terveellinen herkku, josta koirasi tulee pit\u00e4m\u00e4\u00e4n!<\/p>\n<p data-start=\"1671\" data-end=\"1696\">Koostumus: 100 % lammas<\/p>\n<p data-start=\"1698\" data-end=\"1878\">K\u00e4ytt\u00f6ohje: Anna v\u00e4lipalana tai palkkiona aterioiden v\u00e4lill\u00e4 osana tasapainoista ruokavaliota. Valvo koiraa herkkuja antaessasi ja varmista raikas vesi. Ei sovellu ihmisravinnoksi.<\/p>\n<p data-start=\"1880\" data-end=\"1951\">Analyyttinen koostumus: Proteiini 41,75 %, Rasva 30,7 %, Kosteus 11,1 %<\/p>\n","protected":false},"featured_media":40836,"template":"","meta":[],"product_brand":[],"product_cat":[480,139],"product_tag":[],"class_list":{"0":"post-47986","1":"product","2":"type-product","3":"status-publish","4":"has-post-thumbnail","6":"product_cat-herkut-koirille","7":"product_cat-kaup24-fi","9":"first","10":"instock","11":"sale","12":"taxable","13":"shipping-taxable","14":"purchasable","15":"product-type-simple"},"yoast_head":"<!-- This site is optimized with the Yoast SEO plugin v27.4 - https:\/\/yoast.com\/product\/yoast-seo-wordpress\/ -->\n<title>Koiran herkku Frigera 100 % lampaan kuutiot 250 g - MiuMjau<\/title>\n<meta name=\"robots\" content=\"index, follow, max-snippet:-1, max-image-preview:large, max-video-preview:-1\" \/>\n<link rel=\"canonical\" href=\"https:\/\/miumjau.ee\/fi\/tuote\/koiran-herkku-frigera-100-lampaan-kuutiot-250-g\/\" \/>\n<meta property=\"og:locale\" content=\"fi_FI\" \/>\n<meta property=\"og:type\" content=\"article\" \/>\n<meta property=\"og:title\" content=\"Koiran herkku Frigera 100 % lampaan kuutiot 250 g - MiuMjau\" \/>\n<meta property=\"og:description\" content=\"Hypp\u00e4\u00e4k\u00f6 karvainen yst\u00e4v\u00e4si riemusta aina, kun se n\u00e4kee lihaa? friGERA lampaan kuutiot ovat t\u00e4ydellinen tapa tyydytt\u00e4\u00e4 sen n\u00e4lk\u00e4 aterioiden v\u00e4lill\u00e4! N\u00e4m\u00e4 maukkaat, gluteenittomat ja viljattomat kuutiot on valmistettu 100 % lampaanlihasta ja ne sis\u00e4lt\u00e4v\u00e4t runsaasti korkealaatuista proteiinia ja energiaa, jotta koirasi on valmis jokaiseen seikkailuun. Tarkasti annostellut, sopivan kokoiset kuutiot ovat helposti sulavia ja sopivat erityisesti pienille, nuorille tai ylipainoisille koirille. Ei keinotekoisia maku-, v\u00e4ri- tai s\u00e4il\u00f6nt\u00e4aineita \u2013 vain puhdas ja terveellinen herkku, josta koirasi tulee pit\u00e4m\u00e4\u00e4n! Koostumus: 100 % lammas K\u00e4ytt\u00f6ohje: Anna v\u00e4lipalana tai palkkiona aterioiden v\u00e4lill\u00e4 osana tasapainoista ruokavaliota. Valvo koiraa herkkuja antaessasi ja varmista raikas vesi. Ei sovellu ihmisravinnoksi. Analyyttinen koostumus: Proteiini 41,75 %, Rasva 30,7 %, Kosteus 11,1 %\" \/>\n<meta property=\"og:url\" content=\"https:\/\/miumjau.ee\/fi\/tuote\/koiran-herkku-frigera-100-lampaan-kuutiot-250-g\/\" \/>\n<meta property=\"og:site_name\" content=\"MiuMjau\" \/>\n<meta property=\"article:publisher\" content=\"https:\/\/www.facebook.com\/miumjaupood\/\" \/>\n<meta property=\"article:modified_time\" content=\"2026-01-07T20:45:24+00:00\" \/>\n<meta property=\"og:image\" content=\"https:\/\/miumjau.ee\/wp-content\/uploads\/2025\/05\/frigera-koerte-maius-lambaliha-kuubikud-250g-classic-Photoroom.jpg\" \/>\n\t<meta property=\"og:image:width\" content=\"600\" \/>\n\t<meta property=\"og:image:height\" content=\"800\" \/>\n\t<meta property=\"og:image:type\" content=\"image\/jpeg\" \/>\n<meta name=\"twitter:card\" content=\"summary_large_image\" \/>\n<script type=\"application\/ld+json\" class=\"yoast-schema-graph\">{\"@context\":\"https:\\\/\\\/schema.org\",\"@graph\":[{\"@type\":\"WebPage\",\"@id\":\"https:\\\/\\\/miumjau.ee\\\/fi\\\/tuote\\\/koiran-herkku-frigera-100-lampaan-kuutiot-250-g\\\/\",\"url\":\"https:\\\/\\\/miumjau.ee\\\/fi\\\/tuote\\\/koiran-herkku-frigera-100-lampaan-kuutiot-250-g\\\/\",\"name\":\"Koiran herkku Frigera 100 % lampaan kuutiot 250 g - MiuMjau\",\"isPartOf\":{\"@id\":\"https:\\\/\\\/miumjau.ee\\\/#website\"},\"primaryImageOfPage\":{\"@id\":\"https:\\\/\\\/miumjau.ee\\\/fi\\\/tuote\\\/koiran-herkku-frigera-100-lampaan-kuutiot-250-g\\\/#primaryimage\"},\"image\":{\"@id\":\"https:\\\/\\\/miumjau.ee\\\/fi\\\/tuote\\\/koiran-herkku-frigera-100-lampaan-kuutiot-250-g\\\/#primaryimage\"},\"thumbnailUrl\":\"https:\\\/\\\/miumjau.ee\\\/wp-content\\\/uploads\\\/2025\\\/05\\\/frigera-koerte-maius-lambaliha-kuubikud-250g-classic-Photoroom.jpg\",\"datePublished\":\"2025-05-29T09:22:08+00:00\",\"dateModified\":\"2026-01-07T20:45:24+00:00\",\"breadcrumb\":{\"@id\":\"https:\\\/\\\/miumjau.ee\\\/fi\\\/tuote\\\/koiran-herkku-frigera-100-lampaan-kuutiot-250-g\\\/#breadcrumb\"},\"inLanguage\":\"fi\",\"potentialAction\":[{\"@type\":\"ReadAction\",\"target\":[\"https:\\\/\\\/miumjau.ee\\\/fi\\\/tuote\\\/koiran-herkku-frigera-100-lampaan-kuutiot-250-g\\\/\"]}]},{\"@type\":\"ImageObject\",\"inLanguage\":\"fi\",\"@id\":\"https:\\\/\\\/miumjau.ee\\\/fi\\\/tuote\\\/koiran-herkku-frigera-100-lampaan-kuutiot-250-g\\\/#primaryimage\",\"url\":\"https:\\\/\\\/miumjau.ee\\\/wp-content\\\/uploads\\\/2025\\\/05\\\/frigera-koerte-maius-lambaliha-kuubikud-250g-classic-Photoroom.jpg\",\"contentUrl\":\"https:\\\/\\\/miumjau.ee\\\/wp-content\\\/uploads\\\/2025\\\/05\\\/frigera-koerte-maius-lambaliha-kuubikud-250g-classic-Photoroom.jpg\",\"width\":600,\"height\":800,\"caption\":\"Koeramaius Frigera 100% lambakuubikud 250g\"},{\"@type\":\"BreadcrumbList\",\"@id\":\"https:\\\/\\\/miumjau.ee\\\/fi\\\/tuote\\\/koiran-herkku-frigera-100-lampaan-kuutiot-250-g\\\/#breadcrumb\",\"itemListElement\":[{\"@type\":\"ListItem\",\"position\":1,\"name\":\"Home\",\"item\":\"https:\\\/\\\/miumjau.ee\\\/fi\\\/\"},{\"@type\":\"ListItem\",\"position\":2,\"name\":\"Kauppa\",\"item\":\"https:\\\/\\\/miumjau.ee\\\/fi\\\/kauppa\\\/\"},{\"@type\":\"ListItem\",\"position\":3,\"name\":\"Koiran herkku Frigera 100 % lampaan kuutiot 250 g\"}]},{\"@type\":\"WebSite\",\"@id\":\"https:\\\/\\\/miumjau.ee\\\/#website\",\"url\":\"https:\\\/\\\/miumjau.ee\\\/\",\"name\":\"MiuMjau\",\"description\":\"Kraapimispuud kassidele\",\"publisher\":{\"@id\":\"https:\\\/\\\/miumjau.ee\\\/#organization\"},\"potentialAction\":[{\"@type\":\"SearchAction\",\"target\":{\"@type\":\"EntryPoint\",\"urlTemplate\":\"https:\\\/\\\/miumjau.ee\\\/?s={search_term_string}\"},\"query-input\":{\"@type\":\"PropertyValueSpecification\",\"valueRequired\":true,\"valueName\":\"search_term_string\"}}],\"inLanguage\":\"fi\"},{\"@type\":\"Organization\",\"@id\":\"https:\\\/\\\/miumjau.ee\\\/#organization\",\"name\":\"MiuMjau O\u00dc\",\"url\":\"https:\\\/\\\/miumjau.ee\\\/\",\"logo\":{\"@type\":\"ImageObject\",\"inLanguage\":\"fi\",\"@id\":\"https:\\\/\\\/miumjau.ee\\\/#\\\/schema\\\/logo\\\/image\\\/\",\"url\":\"https:\\\/\\\/miumjau.ee\\\/wp-content\\\/uploads\\\/2022\\\/04\\\/MiuMjau-logo-kollane.png\",\"contentUrl\":\"https:\\\/\\\/miumjau.ee\\\/wp-content\\\/uploads\\\/2022\\\/04\\\/MiuMjau-logo-kollane.png\",\"width\":219,\"height\":100,\"caption\":\"MiuMjau O\u00dc\"},\"image\":{\"@id\":\"https:\\\/\\\/miumjau.ee\\\/#\\\/schema\\\/logo\\\/image\\\/\"},\"sameAs\":[\"https:\\\/\\\/www.facebook.com\\\/miumjaupood\\\/\"]}]}<\/script>\n<!-- \/ Yoast SEO plugin. -->","yoast_head_json":{"title":"Koiran herkku Frigera 100 % lampaan kuutiot 250 g - MiuMjau","robots":{"index":"index","follow":"follow","max-snippet":"max-snippet:-1","max-image-preview":"max-image-preview:large","max-video-preview":"max-video-preview:-1"},"canonical":"https:\/\/miumjau.ee\/fi\/tuote\/koiran-herkku-frigera-100-lampaan-kuutiot-250-g\/","og_locale":"fi_FI","og_type":"article","og_title":"Koiran herkku Frigera 100 % lampaan kuutiot 250 g - MiuMjau","og_description":"Hypp\u00e4\u00e4k\u00f6 karvainen yst\u00e4v\u00e4si riemusta aina, kun se n\u00e4kee lihaa? friGERA lampaan kuutiot ovat t\u00e4ydellinen tapa tyydytt\u00e4\u00e4 sen n\u00e4lk\u00e4 aterioiden v\u00e4lill\u00e4! N\u00e4m\u00e4 maukkaat, gluteenittomat ja viljattomat kuutiot on valmistettu 100 % lampaanlihasta ja ne sis\u00e4lt\u00e4v\u00e4t runsaasti korkealaatuista proteiinia ja energiaa, jotta koirasi on valmis jokaiseen seikkailuun. Tarkasti annostellut, sopivan kokoiset kuutiot ovat helposti sulavia ja sopivat erityisesti pienille, nuorille tai ylipainoisille koirille. Ei keinotekoisia maku-, v\u00e4ri- tai s\u00e4il\u00f6nt\u00e4aineita \u2013 vain puhdas ja terveellinen herkku, josta koirasi tulee pit\u00e4m\u00e4\u00e4n! Koostumus: 100 % lammas K\u00e4ytt\u00f6ohje: Anna v\u00e4lipalana tai palkkiona aterioiden v\u00e4lill\u00e4 osana tasapainoista ruokavaliota. Valvo koiraa herkkuja antaessasi ja varmista raikas vesi. Ei sovellu ihmisravinnoksi. Analyyttinen koostumus: Proteiini 41,75 %, Rasva 30,7 %, Kosteus 11,1 %","og_url":"https:\/\/miumjau.ee\/fi\/tuote\/koiran-herkku-frigera-100-lampaan-kuutiot-250-g\/","og_site_name":"MiuMjau","article_publisher":"https:\/\/www.facebook.com\/miumjaupood\/","article_modified_time":"2026-01-07T20:45:24+00:00","og_image":[{"width":600,"height":800,"url":"https:\/\/miumjau.ee\/wp-content\/uploads\/2025\/05\/frigera-koerte-maius-lambaliha-kuubikud-250g-classic-Photoroom.jpg","type":"image\/jpeg"}],"twitter_card":"summary_large_image","schema":{"@context":"https:\/\/schema.org","@graph":[{"@type":"WebPage","@id":"https:\/\/miumjau.ee\/fi\/tuote\/koiran-herkku-frigera-100-lampaan-kuutiot-250-g\/","url":"https:\/\/miumjau.ee\/fi\/tuote\/koiran-herkku-frigera-100-lampaan-kuutiot-250-g\/","name":"Koiran herkku Frigera 100 % lampaan kuutiot 250 g - MiuMjau","isPartOf":{"@id":"https:\/\/miumjau.ee\/#website"},"primaryImageOfPage":{"@id":"https:\/\/miumjau.ee\/fi\/tuote\/koiran-herkku-frigera-100-lampaan-kuutiot-250-g\/#primaryimage"},"image":{"@id":"https:\/\/miumjau.ee\/fi\/tuote\/koiran-herkku-frigera-100-lampaan-kuutiot-250-g\/#primaryimage"},"thumbnailUrl":"https:\/\/miumjau.ee\/wp-content\/uploads\/2025\/05\/frigera-koerte-maius-lambaliha-kuubikud-250g-classic-Photoroom.jpg","datePublished":"2025-05-29T09:22:08+00:00","dateModified":"2026-01-07T20:45:24+00:00","breadcrumb":{"@id":"https:\/\/miumjau.ee\/fi\/tuote\/koiran-herkku-frigera-100-lampaan-kuutiot-250-g\/#breadcrumb"},"inLanguage":"fi","potentialAction":[{"@type":"ReadAction","target":["https:\/\/miumjau.ee\/fi\/tuote\/koiran-herkku-frigera-100-lampaan-kuutiot-250-g\/"]}]},{"@type":"ImageObject","inLanguage":"fi","@id":"https:\/\/miumjau.ee\/fi\/tuote\/koiran-herkku-frigera-100-lampaan-kuutiot-250-g\/#primaryimage","url":"https:\/\/miumjau.ee\/wp-content\/uploads\/2025\/05\/frigera-koerte-maius-lambaliha-kuubikud-250g-classic-Photoroom.jpg","contentUrl":"https:\/\/miumjau.ee\/wp-content\/uploads\/2025\/05\/frigera-koerte-maius-lambaliha-kuubikud-250g-classic-Photoroom.jpg","width":600,"height":800,"caption":"Koeramaius Frigera 100% lambakuubikud 250g"},{"@type":"BreadcrumbList","@id":"https:\/\/miumjau.ee\/fi\/tuote\/koiran-herkku-frigera-100-lampaan-kuutiot-250-g\/#breadcrumb","itemListElement":[{"@type":"ListItem","position":1,"name":"Home","item":"https:\/\/miumjau.ee\/fi\/"},{"@type":"ListItem","position":2,"name":"Kauppa","item":"https:\/\/miumjau.ee\/fi\/kauppa\/"},{"@type":"ListItem","position":3,"name":"Koiran herkku Frigera 100 % lampaan kuutiot 250 g"}]},{"@type":"WebSite","@id":"https:\/\/miumjau.ee\/#website","url":"https:\/\/miumjau.ee\/","name":"MiuMjau","description":"Kraapimispuud kassidele","publisher":{"@id":"https:\/\/miumjau.ee\/#organization"},"potentialAction":[{"@type":"SearchAction","target":{"@type":"EntryPoint","urlTemplate":"https:\/\/miumjau.ee\/?s={search_term_string}"},"query-input":{"@type":"PropertyValueSpecification","valueRequired":true,"valueName":"search_term_string"}}],"inLanguage":"fi"},{"@type":"Organization","@id":"https:\/\/miumjau.ee\/#organization","name":"MiuMjau O\u00dc","url":"https:\/\/miumjau.ee\/","logo":{"@type":"ImageObject","inLanguage":"fi","@id":"https:\/\/miumjau.ee\/#\/schema\/logo\/image\/","url":"https:\/\/miumjau.ee\/wp-content\/uploads\/2022\/04\/MiuMjau-logo-kollane.png","contentUrl":"https:\/\/miumjau.ee\/wp-content\/uploads\/2022\/04\/MiuMjau-logo-kollane.png","width":219,"height":100,"caption":"MiuMjau O\u00dc"},"image":{"@id":"https:\/\/miumjau.ee\/#\/schema\/logo\/image\/"},"sameAs":["https:\/\/www.facebook.com\/miumjaupood\/"]}]}},"_links":{"self":[{"href":"https:\/\/miumjau.ee\/fi\/wp-json\/wp\/v2\/product\/47986","targetHints":{"allow":["GET"]}}],"collection":[{"href":"https:\/\/miumjau.ee\/fi\/wp-json\/wp\/v2\/product"}],"about":[{"href":"https:\/\/miumjau.ee\/fi\/wp-json\/wp\/v2\/types\/product"}],"wp:featuredmedia":[{"embeddable":true,"href":"https:\/\/miumjau.ee\/fi\/wp-json\/wp\/v2\/media\/40836"}],"wp:attachment":[{"href":"https:\/\/miumjau.ee\/fi\/wp-json\/wp\/v2\/media?parent=47986"}],"wp:term":[{"taxonomy":"product_brand","embeddable":true,"href":"https:\/\/miumjau.ee\/fi\/wp-json\/wp\/v2\/product_brand?post=47986"},{"taxonomy":"product_cat","embeddable":true,"href":"https:\/\/miumjau.ee\/fi\/wp-json\/wp\/v2\/product_cat?post=47986"},{"taxonomy":"product_tag","embeddable":true,"href":"https:\/\/miumjau.ee\/fi\/wp-json\/wp\/v2\/product_tag?post=47986"}],"curies":[{"name":"wp","href":"https:\/\/api.w.org\/{rel}","templated":true}]}}