{"id":47978,"date":"2025-05-29T14:40:13","date_gmt":"2025-05-29T11:40:13","guid":{"rendered":"https:\/\/miumjau.ee\/toode\/luonnollinen-koiran-herkku-frigera-kananjalat-1-kg\/"},"modified":"2026-01-07T22:45:24","modified_gmt":"2026-01-07T20:45:24","slug":"luonnollinen-koiran-herkku-frigera-kananjalat-1-kg","status":"publish","type":"product","link":"https:\/\/miumjau.ee\/fi\/tuote\/luonnollinen-koiran-herkku-frigera-kananjalat-1-kg\/","title":{"rendered":"Luonnollinen koiran herkku Frigera, kananjalat 1 kg"},"content":{"rendered":"","protected":false},"excerpt":{"rendered":"<p data-start=\"1139\" data-end=\"1339\">Etsitk\u00f6 luonnollista vaihtoehtoa nivelille tarkoitettaville ravintolisille? Silloin kannattaa ehdottomasti kokeilla friGERA-kananjalkoja \u2013 eritt\u00e4in suosittu, luonnollinen ja rapea v\u00e4lipala koirallesi!<\/p>\n<p data-start=\"1341\" data-end=\"1482\">100 % luonnolliset ja ilmakuivatut kananjalat koostuvat p\u00e4\u00e4asiassa ihosta, j\u00e4nteist\u00e4, rustoista ja pienist\u00e4 luista. T\u00e4m\u00e4n ansiosta ne ovat:<\/p>\n<ul data-start=\"1484\" data-end=\"1754\">\n<li data-start=\"1484\" data-end=\"1504\">\n<p data-start=\"1486\" data-end=\"1504\">Helposti sulavia<\/p>\n<\/li>\n<li data-start=\"1505\" data-end=\"1609\">\n<p data-start=\"1507\" data-end=\"1609\">Rikkaita kalsiumin, glukosamiinin ja kondroitiinin l\u00e4hteit\u00e4 \u2013 vahvistavat luita, hampaita ja niveli\u00e4<\/p>\n<\/li>\n<li data-start=\"1610\" data-end=\"1669\">\n<p data-start=\"1612\" data-end=\"1669\">Rapeita \u2013 auttavat luonnollisesti puhdistamaan hampaita<\/p>\n<\/li>\n<li data-start=\"1670\" data-end=\"1754\">\n<p data-start=\"1672\" data-end=\"1754\">Helposti annosteltavia, sopivat erinomaisesti my\u00f6s pienille ja nuorille koirille<\/p>\n<\/li>\n<\/ul>\n<p data-start=\"1756\" data-end=\"1837\">\ud83d\udca1 Hauska fakta: Kananjalat ovat herkku monissa maailman osissa my\u00f6s ihmisille!<\/p>\n<p data-start=\"1839\" data-end=\"1862\">Koostumus: 100 % kana<\/p>\n<p data-start=\"1864\" data-end=\"2051\">K\u00e4ytt\u00f6ohje: Anna v\u00e4lipalana aterioiden v\u00e4lill\u00e4 tai palkkiona osana tasapainoista ruokavaliota. Valvo koiraa sy\u00f6tt\u00e4misen aikana ja tarjoa aina raikasta vett\u00e4. Ei sovellu ihmisravinnoksi.<\/p>\n<p data-start=\"2053\" data-end=\"2122\">Analyyttinen koostumus: Proteiini 48,2 %, Rasva 34,3 %, Kosteus 6,3 %<\/p>\n","protected":false},"featured_media":34869,"template":"","meta":[],"product_brand":[],"product_cat":[480],"product_tag":[],"class_list":{"0":"post-47978","1":"product","2":"type-product","3":"status-publish","4":"has-post-thumbnail","6":"product_cat-herkut-koirille","8":"first","9":"instock","10":"taxable","11":"shipping-taxable","12":"purchasable","13":"product-type-simple"},"yoast_head":"<!-- This site is optimized with the Yoast SEO plugin v27.4 - https:\/\/yoast.com\/product\/yoast-seo-wordpress\/ -->\n<title>Luonnollinen koiran herkku Frigera, kananjalat 1 kg - MiuMjau<\/title>\n<meta name=\"robots\" content=\"index, follow, max-snippet:-1, max-image-preview:large, max-video-preview:-1\" \/>\n<link rel=\"canonical\" href=\"https:\/\/miumjau.ee\/fi\/tuote\/luonnollinen-koiran-herkku-frigera-kananjalat-1-kg\/\" \/>\n<meta property=\"og:locale\" content=\"fi_FI\" \/>\n<meta property=\"og:type\" content=\"article\" \/>\n<meta property=\"og:title\" content=\"Luonnollinen koiran herkku Frigera, kananjalat 1 kg - MiuMjau\" \/>\n<meta property=\"og:description\" content=\"Etsitk\u00f6 luonnollista vaihtoehtoa nivelille tarkoitettaville ravintolisille? Silloin kannattaa ehdottomasti kokeilla friGERA-kananjalkoja \u2013 eritt\u00e4in suosittu, luonnollinen ja rapea v\u00e4lipala koirallesi! 100 % luonnolliset ja ilmakuivatut kananjalat koostuvat p\u00e4\u00e4asiassa ihosta, j\u00e4nteist\u00e4, rustoista ja pienist\u00e4 luista. T\u00e4m\u00e4n ansiosta ne ovat:     Helposti sulavia    Rikkaita kalsiumin, glukosamiinin ja kondroitiinin l\u00e4hteit\u00e4 \u2013 vahvistavat luita, hampaita ja niveli\u00e4    Rapeita \u2013 auttavat luonnollisesti puhdistamaan hampaita    Helposti annosteltavia, sopivat erinomaisesti my\u00f6s pienille ja nuorille koirille   \ud83d\udca1 Hauska fakta: Kananjalat ovat herkku monissa maailman osissa my\u00f6s ihmisille! Koostumus: 100 % kana K\u00e4ytt\u00f6ohje: Anna v\u00e4lipalana aterioiden v\u00e4lill\u00e4 tai palkkiona osana tasapainoista ruokavaliota. Valvo koiraa sy\u00f6tt\u00e4misen aikana ja tarjoa aina raikasta vett\u00e4. Ei sovellu ihmisravinnoksi. Analyyttinen koostumus: Proteiini 48,2 %, Rasva 34,3 %, Kosteus 6,3 %\" \/>\n<meta property=\"og:url\" content=\"https:\/\/miumjau.ee\/fi\/tuote\/luonnollinen-koiran-herkku-frigera-kananjalat-1-kg\/\" \/>\n<meta property=\"og:site_name\" content=\"MiuMjau\" \/>\n<meta property=\"article:publisher\" content=\"https:\/\/www.facebook.com\/miumjaupood\/\" \/>\n<meta property=\"article:modified_time\" content=\"2026-01-07T20:45:24+00:00\" \/>\n<meta property=\"og:image\" content=\"https:\/\/miumjau.ee\/wp-content\/uploads\/2025\/05\/frigera-koerte-maius-kanajalad-1000g-classic-Photoroom.webp\" \/>\n\t<meta property=\"og:image:width\" content=\"600\" \/>\n\t<meta property=\"og:image:height\" content=\"800\" \/>\n\t<meta property=\"og:image:type\" content=\"image\/webp\" \/>\n<meta name=\"twitter:card\" content=\"summary_large_image\" \/>\n<script type=\"application\/ld+json\" class=\"yoast-schema-graph\">{\"@context\":\"https:\\\/\\\/schema.org\",\"@graph\":[{\"@type\":\"WebPage\",\"@id\":\"https:\\\/\\\/miumjau.ee\\\/fi\\\/tuote\\\/luonnollinen-koiran-herkku-frigera-kananjalat-1-kg\\\/\",\"url\":\"https:\\\/\\\/miumjau.ee\\\/fi\\\/tuote\\\/luonnollinen-koiran-herkku-frigera-kananjalat-1-kg\\\/\",\"name\":\"Luonnollinen koiran herkku Frigera, kananjalat 1 kg - MiuMjau\",\"isPartOf\":{\"@id\":\"https:\\\/\\\/miumjau.ee\\\/#website\"},\"primaryImageOfPage\":{\"@id\":\"https:\\\/\\\/miumjau.ee\\\/fi\\\/tuote\\\/luonnollinen-koiran-herkku-frigera-kananjalat-1-kg\\\/#primaryimage\"},\"image\":{\"@id\":\"https:\\\/\\\/miumjau.ee\\\/fi\\\/tuote\\\/luonnollinen-koiran-herkku-frigera-kananjalat-1-kg\\\/#primaryimage\"},\"thumbnailUrl\":\"https:\\\/\\\/miumjau.ee\\\/wp-content\\\/uploads\\\/2025\\\/05\\\/frigera-koerte-maius-kanajalad-1000g-classic-Photoroom.webp\",\"datePublished\":\"2025-05-29T11:40:13+00:00\",\"dateModified\":\"2026-01-07T20:45:24+00:00\",\"breadcrumb\":{\"@id\":\"https:\\\/\\\/miumjau.ee\\\/fi\\\/tuote\\\/luonnollinen-koiran-herkku-frigera-kananjalat-1-kg\\\/#breadcrumb\"},\"inLanguage\":\"fi\",\"potentialAction\":[{\"@type\":\"ReadAction\",\"target\":[\"https:\\\/\\\/miumjau.ee\\\/fi\\\/tuote\\\/luonnollinen-koiran-herkku-frigera-kananjalat-1-kg\\\/\"]}]},{\"@type\":\"ImageObject\",\"inLanguage\":\"fi\",\"@id\":\"https:\\\/\\\/miumjau.ee\\\/fi\\\/tuote\\\/luonnollinen-koiran-herkku-frigera-kananjalat-1-kg\\\/#primaryimage\",\"url\":\"https:\\\/\\\/miumjau.ee\\\/wp-content\\\/uploads\\\/2025\\\/05\\\/frigera-koerte-maius-kanajalad-1000g-classic-Photoroom.webp\",\"contentUrl\":\"https:\\\/\\\/miumjau.ee\\\/wp-content\\\/uploads\\\/2025\\\/05\\\/frigera-koerte-maius-kanajalad-1000g-classic-Photoroom.webp\",\"width\":600,\"height\":800,\"caption\":\"Naturaalne koeramaius Frigera, kanajalad 1kg\"},{\"@type\":\"BreadcrumbList\",\"@id\":\"https:\\\/\\\/miumjau.ee\\\/fi\\\/tuote\\\/luonnollinen-koiran-herkku-frigera-kananjalat-1-kg\\\/#breadcrumb\",\"itemListElement\":[{\"@type\":\"ListItem\",\"position\":1,\"name\":\"Home\",\"item\":\"https:\\\/\\\/miumjau.ee\\\/fi\\\/\"},{\"@type\":\"ListItem\",\"position\":2,\"name\":\"Kauppa\",\"item\":\"https:\\\/\\\/miumjau.ee\\\/fi\\\/kauppa\\\/\"},{\"@type\":\"ListItem\",\"position\":3,\"name\":\"Luonnollinen koiran herkku Frigera, kananjalat 1 kg\"}]},{\"@type\":\"WebSite\",\"@id\":\"https:\\\/\\\/miumjau.ee\\\/#website\",\"url\":\"https:\\\/\\\/miumjau.ee\\\/\",\"name\":\"MiuMjau\",\"description\":\"Kraapimispuud kassidele\",\"publisher\":{\"@id\":\"https:\\\/\\\/miumjau.ee\\\/#organization\"},\"potentialAction\":[{\"@type\":\"SearchAction\",\"target\":{\"@type\":\"EntryPoint\",\"urlTemplate\":\"https:\\\/\\\/miumjau.ee\\\/?s={search_term_string}\"},\"query-input\":{\"@type\":\"PropertyValueSpecification\",\"valueRequired\":true,\"valueName\":\"search_term_string\"}}],\"inLanguage\":\"fi\"},{\"@type\":\"Organization\",\"@id\":\"https:\\\/\\\/miumjau.ee\\\/#organization\",\"name\":\"MiuMjau O\u00dc\",\"url\":\"https:\\\/\\\/miumjau.ee\\\/\",\"logo\":{\"@type\":\"ImageObject\",\"inLanguage\":\"fi\",\"@id\":\"https:\\\/\\\/miumjau.ee\\\/#\\\/schema\\\/logo\\\/image\\\/\",\"url\":\"https:\\\/\\\/miumjau.ee\\\/wp-content\\\/uploads\\\/2022\\\/04\\\/MiuMjau-logo-kollane.png\",\"contentUrl\":\"https:\\\/\\\/miumjau.ee\\\/wp-content\\\/uploads\\\/2022\\\/04\\\/MiuMjau-logo-kollane.png\",\"width\":219,\"height\":100,\"caption\":\"MiuMjau O\u00dc\"},\"image\":{\"@id\":\"https:\\\/\\\/miumjau.ee\\\/#\\\/schema\\\/logo\\\/image\\\/\"},\"sameAs\":[\"https:\\\/\\\/www.facebook.com\\\/miumjaupood\\\/\"]}]}<\/script>\n<!-- \/ Yoast SEO plugin. -->","yoast_head_json":{"title":"Luonnollinen koiran herkku Frigera, kananjalat 1 kg - MiuMjau","robots":{"index":"index","follow":"follow","max-snippet":"max-snippet:-1","max-image-preview":"max-image-preview:large","max-video-preview":"max-video-preview:-1"},"canonical":"https:\/\/miumjau.ee\/fi\/tuote\/luonnollinen-koiran-herkku-frigera-kananjalat-1-kg\/","og_locale":"fi_FI","og_type":"article","og_title":"Luonnollinen koiran herkku Frigera, kananjalat 1 kg - MiuMjau","og_description":"Etsitk\u00f6 luonnollista vaihtoehtoa nivelille tarkoitettaville ravintolisille? Silloin kannattaa ehdottomasti kokeilla friGERA-kananjalkoja \u2013 eritt\u00e4in suosittu, luonnollinen ja rapea v\u00e4lipala koirallesi! 100 % luonnolliset ja ilmakuivatut kananjalat koostuvat p\u00e4\u00e4asiassa ihosta, j\u00e4nteist\u00e4, rustoista ja pienist\u00e4 luista. T\u00e4m\u00e4n ansiosta ne ovat:     Helposti sulavia    Rikkaita kalsiumin, glukosamiinin ja kondroitiinin l\u00e4hteit\u00e4 \u2013 vahvistavat luita, hampaita ja niveli\u00e4    Rapeita \u2013 auttavat luonnollisesti puhdistamaan hampaita    Helposti annosteltavia, sopivat erinomaisesti my\u00f6s pienille ja nuorille koirille   \ud83d\udca1 Hauska fakta: Kananjalat ovat herkku monissa maailman osissa my\u00f6s ihmisille! Koostumus: 100 % kana K\u00e4ytt\u00f6ohje: Anna v\u00e4lipalana aterioiden v\u00e4lill\u00e4 tai palkkiona osana tasapainoista ruokavaliota. Valvo koiraa sy\u00f6tt\u00e4misen aikana ja tarjoa aina raikasta vett\u00e4. Ei sovellu ihmisravinnoksi. Analyyttinen koostumus: Proteiini 48,2 %, Rasva 34,3 %, Kosteus 6,3 %","og_url":"https:\/\/miumjau.ee\/fi\/tuote\/luonnollinen-koiran-herkku-frigera-kananjalat-1-kg\/","og_site_name":"MiuMjau","article_publisher":"https:\/\/www.facebook.com\/miumjaupood\/","article_modified_time":"2026-01-07T20:45:24+00:00","og_image":[{"width":600,"height":800,"url":"https:\/\/miumjau.ee\/wp-content\/uploads\/2025\/05\/frigera-koerte-maius-kanajalad-1000g-classic-Photoroom.webp","type":"image\/webp"}],"twitter_card":"summary_large_image","schema":{"@context":"https:\/\/schema.org","@graph":[{"@type":"WebPage","@id":"https:\/\/miumjau.ee\/fi\/tuote\/luonnollinen-koiran-herkku-frigera-kananjalat-1-kg\/","url":"https:\/\/miumjau.ee\/fi\/tuote\/luonnollinen-koiran-herkku-frigera-kananjalat-1-kg\/","name":"Luonnollinen koiran herkku Frigera, kananjalat 1 kg - MiuMjau","isPartOf":{"@id":"https:\/\/miumjau.ee\/#website"},"primaryImageOfPage":{"@id":"https:\/\/miumjau.ee\/fi\/tuote\/luonnollinen-koiran-herkku-frigera-kananjalat-1-kg\/#primaryimage"},"image":{"@id":"https:\/\/miumjau.ee\/fi\/tuote\/luonnollinen-koiran-herkku-frigera-kananjalat-1-kg\/#primaryimage"},"thumbnailUrl":"https:\/\/miumjau.ee\/wp-content\/uploads\/2025\/05\/frigera-koerte-maius-kanajalad-1000g-classic-Photoroom.webp","datePublished":"2025-05-29T11:40:13+00:00","dateModified":"2026-01-07T20:45:24+00:00","breadcrumb":{"@id":"https:\/\/miumjau.ee\/fi\/tuote\/luonnollinen-koiran-herkku-frigera-kananjalat-1-kg\/#breadcrumb"},"inLanguage":"fi","potentialAction":[{"@type":"ReadAction","target":["https:\/\/miumjau.ee\/fi\/tuote\/luonnollinen-koiran-herkku-frigera-kananjalat-1-kg\/"]}]},{"@type":"ImageObject","inLanguage":"fi","@id":"https:\/\/miumjau.ee\/fi\/tuote\/luonnollinen-koiran-herkku-frigera-kananjalat-1-kg\/#primaryimage","url":"https:\/\/miumjau.ee\/wp-content\/uploads\/2025\/05\/frigera-koerte-maius-kanajalad-1000g-classic-Photoroom.webp","contentUrl":"https:\/\/miumjau.ee\/wp-content\/uploads\/2025\/05\/frigera-koerte-maius-kanajalad-1000g-classic-Photoroom.webp","width":600,"height":800,"caption":"Naturaalne koeramaius Frigera, kanajalad 1kg"},{"@type":"BreadcrumbList","@id":"https:\/\/miumjau.ee\/fi\/tuote\/luonnollinen-koiran-herkku-frigera-kananjalat-1-kg\/#breadcrumb","itemListElement":[{"@type":"ListItem","position":1,"name":"Home","item":"https:\/\/miumjau.ee\/fi\/"},{"@type":"ListItem","position":2,"name":"Kauppa","item":"https:\/\/miumjau.ee\/fi\/kauppa\/"},{"@type":"ListItem","position":3,"name":"Luonnollinen koiran herkku Frigera, kananjalat 1 kg"}]},{"@type":"WebSite","@id":"https:\/\/miumjau.ee\/#website","url":"https:\/\/miumjau.ee\/","name":"MiuMjau","description":"Kraapimispuud kassidele","publisher":{"@id":"https:\/\/miumjau.ee\/#organization"},"potentialAction":[{"@type":"SearchAction","target":{"@type":"EntryPoint","urlTemplate":"https:\/\/miumjau.ee\/?s={search_term_string}"},"query-input":{"@type":"PropertyValueSpecification","valueRequired":true,"valueName":"search_term_string"}}],"inLanguage":"fi"},{"@type":"Organization","@id":"https:\/\/miumjau.ee\/#organization","name":"MiuMjau O\u00dc","url":"https:\/\/miumjau.ee\/","logo":{"@type":"ImageObject","inLanguage":"fi","@id":"https:\/\/miumjau.ee\/#\/schema\/logo\/image\/","url":"https:\/\/miumjau.ee\/wp-content\/uploads\/2022\/04\/MiuMjau-logo-kollane.png","contentUrl":"https:\/\/miumjau.ee\/wp-content\/uploads\/2022\/04\/MiuMjau-logo-kollane.png","width":219,"height":100,"caption":"MiuMjau O\u00dc"},"image":{"@id":"https:\/\/miumjau.ee\/#\/schema\/logo\/image\/"},"sameAs":["https:\/\/www.facebook.com\/miumjaupood\/"]}]}},"_links":{"self":[{"href":"https:\/\/miumjau.ee\/fi\/wp-json\/wp\/v2\/product\/47978","targetHints":{"allow":["GET"]}}],"collection":[{"href":"https:\/\/miumjau.ee\/fi\/wp-json\/wp\/v2\/product"}],"about":[{"href":"https:\/\/miumjau.ee\/fi\/wp-json\/wp\/v2\/types\/product"}],"wp:featuredmedia":[{"embeddable":true,"href":"https:\/\/miumjau.ee\/fi\/wp-json\/wp\/v2\/media\/34869"}],"wp:attachment":[{"href":"https:\/\/miumjau.ee\/fi\/wp-json\/wp\/v2\/media?parent=47978"}],"wp:term":[{"taxonomy":"product_brand","embeddable":true,"href":"https:\/\/miumjau.ee\/fi\/wp-json\/wp\/v2\/product_brand?post=47978"},{"taxonomy":"product_cat","embeddable":true,"href":"https:\/\/miumjau.ee\/fi\/wp-json\/wp\/v2\/product_cat?post=47978"},{"taxonomy":"product_tag","embeddable":true,"href":"https:\/\/miumjau.ee\/fi\/wp-json\/wp\/v2\/product_tag?post=47978"}],"curies":[{"name":"wp","href":"https:\/\/api.w.org\/{rel}","templated":true}]}}