{"id":47975,"date":"2025-05-29T15:03:18","date_gmt":"2025-05-29T12:03:18","guid":{"rendered":"https:\/\/miumjau.ee\/toode\/koiran-herkku-paisutetut-jakin-juustokuutiot-frigera-70-g\/"},"modified":"2026-01-07T22:45:24","modified_gmt":"2026-01-07T20:45:24","slug":"koiran-herkku-paisutetut-jakin-juustokuutiot-frigera-70-g","status":"publish","type":"product","link":"https:\/\/miumjau.ee\/fi\/tuote\/koiran-herkku-paisutetut-jakin-juustokuutiot-frigera-70-g\/","title":{"rendered":"Koiran herkku \u2013 paisutetut jakin juustokuutiot Frigera 70 g"},"content":{"rendered":"","protected":false},"excerpt":{"rendered":"<p data-start=\"1418\" data-end=\"1592\">Haluatko tarjota rakkaalle nelijalkaiselle yst\u00e4v\u00e4llesi jotain todella erityist\u00e4 ja luonnollista kaukaa Himalajasta? friGERA paisutettu jakin juusto on juuri sit\u00e4, mit\u00e4 etsit!<\/p>\n<p data-start=\"1594\" data-end=\"1893\">T\u00e4m\u00e4 k\u00e4sity\u00f6n\u00e4 valmistettu herkku tulee Himalajan alueelta, jossa paikalliset maanviljelij\u00e4t puristavat veden jakin maidosta ja kuivattavat juuston hitaasti matalalla l\u00e4mm\u00f6ll\u00e4. Juustopalat paahdetaan sitten rapeiksi, aivan kuin popcorn, tarjoten koirallesi erityisen maukkaan ja rouskuvan el\u00e4myksen.<\/p>\n<p data-start=\"1895\" data-end=\"2337\">Miksi valita friGERA jakin juusto?<br data-start=\"1929\" data-end=\"1932\" \/>\ud83e\uddc0 100% luonnollinen ja k\u00e4sity\u00f6n\u00e4 valmistettu<br data-start=\"1977\" data-end=\"1980\" \/>\ud83d\udc3e L\u00e4hes laktoositon ja hypoallergeeninen<br data-start=\"2021\" data-end=\"2024\" \/>\ud83d\udcaa Eritt\u00e4in proteiinipitoinen (73,6%), sis\u00e4lt\u00e4\u00e4 kalsiumia, magnesiumia ja antioksidantteja<br data-start=\"2114\" data-end=\"2117\" \/>\ud83d\udc1f Sis\u00e4lt\u00e4\u00e4 omega-3-rasvahappoja \u2013 tukee ihoa ja turkkia<br data-start=\"2173\" data-end=\"2176\" \/>\ud83e\udda0 Luonnollinen probiootti \u2013 edist\u00e4\u00e4 ruoansulatusta<br data-start=\"2227\" data-end=\"2230\" \/>\u274c Ei sis\u00e4ll\u00e4 keinotekoisia maku-, tuoksu- tai v\u00e4riainetta<br data-start=\"2287\" data-end=\"2290\" \/>\ud83d\udc36 V\u00e4h\u00e4rasvainen (9,9%) ja ilman transrasvoja<\/p>\n<p data-start=\"2339\" data-end=\"2364\">Koostumus: 100 % juusto<\/p>\n<p data-start=\"2366\" data-end=\"2552\">K\u00e4ytt\u00f6ohje: Anna v\u00e4lipalana aterioiden v\u00e4lill\u00e4 tai palkkiona osana tasapainoista ruokavaliota. Valvo koiraa herkkuja antaessasi ja tarjoa aina raikasta vett\u00e4. Ei sovellu ihmisravinnoksi.<\/p>\n<p data-start=\"2554\" data-end=\"2622\">Analyyttinen koostumus: Proteiini 73,6 %, Rasva 9,9 %, Kosteus 7,3 %<\/p>\n","protected":false},"featured_media":40832,"template":"","meta":[],"product_brand":[],"product_cat":[480,139],"product_tag":[],"class_list":{"0":"post-47975","1":"product","2":"type-product","3":"status-publish","4":"has-post-thumbnail","6":"product_cat-herkut-koirille","7":"product_cat-kaup24-fi","9":"first","10":"instock","11":"sale","12":"taxable","13":"shipping-taxable","14":"purchasable","15":"product-type-simple"},"yoast_head":"<!-- This site is optimized with the Yoast SEO plugin v27.4 - https:\/\/yoast.com\/product\/yoast-seo-wordpress\/ -->\n<title>Koiran herkku \u2013 paisutetut jakin juustokuutiot Frigera 70 g - MiuMjau<\/title>\n<meta name=\"robots\" content=\"index, follow, max-snippet:-1, max-image-preview:large, max-video-preview:-1\" \/>\n<link rel=\"canonical\" href=\"https:\/\/miumjau.ee\/fi\/tuote\/koiran-herkku-paisutetut-jakin-juustokuutiot-frigera-70-g\/\" \/>\n<meta property=\"og:locale\" content=\"fi_FI\" \/>\n<meta property=\"og:type\" content=\"article\" \/>\n<meta property=\"og:title\" content=\"Koiran herkku \u2013 paisutetut jakin juustokuutiot Frigera 70 g - MiuMjau\" \/>\n<meta property=\"og:description\" content=\"Haluatko tarjota rakkaalle nelijalkaiselle yst\u00e4v\u00e4llesi jotain todella erityist\u00e4 ja luonnollista kaukaa Himalajasta? friGERA paisutettu jakin juusto on juuri sit\u00e4, mit\u00e4 etsit! T\u00e4m\u00e4 k\u00e4sity\u00f6n\u00e4 valmistettu herkku tulee Himalajan alueelta, jossa paikalliset maanviljelij\u00e4t puristavat veden jakin maidosta ja kuivattavat juuston hitaasti matalalla l\u00e4mm\u00f6ll\u00e4. Juustopalat paahdetaan sitten rapeiksi, aivan kuin popcorn, tarjoten koirallesi erityisen maukkaan ja rouskuvan el\u00e4myksen. Miksi valita friGERA jakin juusto?\ud83e\uddc0 100% luonnollinen ja k\u00e4sity\u00f6n\u00e4 valmistettu\ud83d\udc3e L\u00e4hes laktoositon ja hypoallergeeninen\ud83d\udcaa Eritt\u00e4in proteiinipitoinen (73,6%), sis\u00e4lt\u00e4\u00e4 kalsiumia, magnesiumia ja antioksidantteja\ud83d\udc1f Sis\u00e4lt\u00e4\u00e4 omega-3-rasvahappoja \u2013 tukee ihoa ja turkkia\ud83e\udda0 Luonnollinen probiootti \u2013 edist\u00e4\u00e4 ruoansulatusta\u274c Ei sis\u00e4ll\u00e4 keinotekoisia maku-, tuoksu- tai v\u00e4riainetta\ud83d\udc36 V\u00e4h\u00e4rasvainen (9,9%) ja ilman transrasvoja Koostumus: 100 % juusto K\u00e4ytt\u00f6ohje: Anna v\u00e4lipalana aterioiden v\u00e4lill\u00e4 tai palkkiona osana tasapainoista ruokavaliota. Valvo koiraa herkkuja antaessasi ja tarjoa aina raikasta vett\u00e4. Ei sovellu ihmisravinnoksi. Analyyttinen koostumus: Proteiini 73,6 %, Rasva 9,9 %, Kosteus 7,3 %\" \/>\n<meta property=\"og:url\" content=\"https:\/\/miumjau.ee\/fi\/tuote\/koiran-herkku-paisutetut-jakin-juustokuutiot-frigera-70-g\/\" \/>\n<meta property=\"og:site_name\" content=\"MiuMjau\" \/>\n<meta property=\"article:publisher\" content=\"https:\/\/www.facebook.com\/miumjaupood\/\" \/>\n<meta property=\"article:modified_time\" content=\"2026-01-07T20:45:24+00:00\" \/>\n<meta property=\"og:image\" content=\"https:\/\/miumjau.ee\/wp-content\/uploads\/2025\/05\/frigera-koerte-maius-puffitud-jakijuustu-kuubikud-70-g-1-Photoroom.jpg\" \/>\n\t<meta property=\"og:image:width\" content=\"600\" \/>\n\t<meta property=\"og:image:height\" content=\"800\" \/>\n\t<meta property=\"og:image:type\" content=\"image\/jpeg\" \/>\n<meta name=\"twitter:card\" content=\"summary_large_image\" \/>\n<script type=\"application\/ld+json\" class=\"yoast-schema-graph\">{\"@context\":\"https:\\\/\\\/schema.org\",\"@graph\":[{\"@type\":\"WebPage\",\"@id\":\"https:\\\/\\\/miumjau.ee\\\/fi\\\/tuote\\\/koiran-herkku-paisutetut-jakin-juustokuutiot-frigera-70-g\\\/\",\"url\":\"https:\\\/\\\/miumjau.ee\\\/fi\\\/tuote\\\/koiran-herkku-paisutetut-jakin-juustokuutiot-frigera-70-g\\\/\",\"name\":\"Koiran herkku \u2013 paisutetut jakin juustokuutiot Frigera 70 g - MiuMjau\",\"isPartOf\":{\"@id\":\"https:\\\/\\\/miumjau.ee\\\/#website\"},\"primaryImageOfPage\":{\"@id\":\"https:\\\/\\\/miumjau.ee\\\/fi\\\/tuote\\\/koiran-herkku-paisutetut-jakin-juustokuutiot-frigera-70-g\\\/#primaryimage\"},\"image\":{\"@id\":\"https:\\\/\\\/miumjau.ee\\\/fi\\\/tuote\\\/koiran-herkku-paisutetut-jakin-juustokuutiot-frigera-70-g\\\/#primaryimage\"},\"thumbnailUrl\":\"https:\\\/\\\/miumjau.ee\\\/wp-content\\\/uploads\\\/2025\\\/05\\\/frigera-koerte-maius-puffitud-jakijuustu-kuubikud-70-g-1-Photoroom.jpg\",\"datePublished\":\"2025-05-29T12:03:18+00:00\",\"dateModified\":\"2026-01-07T20:45:24+00:00\",\"breadcrumb\":{\"@id\":\"https:\\\/\\\/miumjau.ee\\\/fi\\\/tuote\\\/koiran-herkku-paisutetut-jakin-juustokuutiot-frigera-70-g\\\/#breadcrumb\"},\"inLanguage\":\"fi\",\"potentialAction\":[{\"@type\":\"ReadAction\",\"target\":[\"https:\\\/\\\/miumjau.ee\\\/fi\\\/tuote\\\/koiran-herkku-paisutetut-jakin-juustokuutiot-frigera-70-g\\\/\"]}]},{\"@type\":\"ImageObject\",\"inLanguage\":\"fi\",\"@id\":\"https:\\\/\\\/miumjau.ee\\\/fi\\\/tuote\\\/koiran-herkku-paisutetut-jakin-juustokuutiot-frigera-70-g\\\/#primaryimage\",\"url\":\"https:\\\/\\\/miumjau.ee\\\/wp-content\\\/uploads\\\/2025\\\/05\\\/frigera-koerte-maius-puffitud-jakijuustu-kuubikud-70-g-1-Photoroom.jpg\",\"contentUrl\":\"https:\\\/\\\/miumjau.ee\\\/wp-content\\\/uploads\\\/2025\\\/05\\\/frigera-koerte-maius-puffitud-jakijuustu-kuubikud-70-g-1-Photoroom.jpg\",\"width\":600,\"height\":800,\"caption\":\"Puffitud jaki juustu maiused koertele, Frigera\"},{\"@type\":\"BreadcrumbList\",\"@id\":\"https:\\\/\\\/miumjau.ee\\\/fi\\\/tuote\\\/koiran-herkku-paisutetut-jakin-juustokuutiot-frigera-70-g\\\/#breadcrumb\",\"itemListElement\":[{\"@type\":\"ListItem\",\"position\":1,\"name\":\"Home\",\"item\":\"https:\\\/\\\/miumjau.ee\\\/fi\\\/\"},{\"@type\":\"ListItem\",\"position\":2,\"name\":\"Kauppa\",\"item\":\"https:\\\/\\\/miumjau.ee\\\/fi\\\/kauppa\\\/\"},{\"@type\":\"ListItem\",\"position\":3,\"name\":\"Koiran herkku \u2013 paisutetut jakin juustokuutiot Frigera 70 g\"}]},{\"@type\":\"WebSite\",\"@id\":\"https:\\\/\\\/miumjau.ee\\\/#website\",\"url\":\"https:\\\/\\\/miumjau.ee\\\/\",\"name\":\"MiuMjau\",\"description\":\"Kraapimispuud kassidele\",\"publisher\":{\"@id\":\"https:\\\/\\\/miumjau.ee\\\/#organization\"},\"potentialAction\":[{\"@type\":\"SearchAction\",\"target\":{\"@type\":\"EntryPoint\",\"urlTemplate\":\"https:\\\/\\\/miumjau.ee\\\/?s={search_term_string}\"},\"query-input\":{\"@type\":\"PropertyValueSpecification\",\"valueRequired\":true,\"valueName\":\"search_term_string\"}}],\"inLanguage\":\"fi\"},{\"@type\":\"Organization\",\"@id\":\"https:\\\/\\\/miumjau.ee\\\/#organization\",\"name\":\"MiuMjau O\u00dc\",\"url\":\"https:\\\/\\\/miumjau.ee\\\/\",\"logo\":{\"@type\":\"ImageObject\",\"inLanguage\":\"fi\",\"@id\":\"https:\\\/\\\/miumjau.ee\\\/#\\\/schema\\\/logo\\\/image\\\/\",\"url\":\"https:\\\/\\\/miumjau.ee\\\/wp-content\\\/uploads\\\/2022\\\/04\\\/MiuMjau-logo-kollane.png\",\"contentUrl\":\"https:\\\/\\\/miumjau.ee\\\/wp-content\\\/uploads\\\/2022\\\/04\\\/MiuMjau-logo-kollane.png\",\"width\":219,\"height\":100,\"caption\":\"MiuMjau O\u00dc\"},\"image\":{\"@id\":\"https:\\\/\\\/miumjau.ee\\\/#\\\/schema\\\/logo\\\/image\\\/\"},\"sameAs\":[\"https:\\\/\\\/www.facebook.com\\\/miumjaupood\\\/\"]}]}<\/script>\n<!-- \/ Yoast SEO plugin. -->","yoast_head_json":{"title":"Koiran herkku \u2013 paisutetut jakin juustokuutiot Frigera 70 g - MiuMjau","robots":{"index":"index","follow":"follow","max-snippet":"max-snippet:-1","max-image-preview":"max-image-preview:large","max-video-preview":"max-video-preview:-1"},"canonical":"https:\/\/miumjau.ee\/fi\/tuote\/koiran-herkku-paisutetut-jakin-juustokuutiot-frigera-70-g\/","og_locale":"fi_FI","og_type":"article","og_title":"Koiran herkku \u2013 paisutetut jakin juustokuutiot Frigera 70 g - MiuMjau","og_description":"Haluatko tarjota rakkaalle nelijalkaiselle yst\u00e4v\u00e4llesi jotain todella erityist\u00e4 ja luonnollista kaukaa Himalajasta? friGERA paisutettu jakin juusto on juuri sit\u00e4, mit\u00e4 etsit! T\u00e4m\u00e4 k\u00e4sity\u00f6n\u00e4 valmistettu herkku tulee Himalajan alueelta, jossa paikalliset maanviljelij\u00e4t puristavat veden jakin maidosta ja kuivattavat juuston hitaasti matalalla l\u00e4mm\u00f6ll\u00e4. Juustopalat paahdetaan sitten rapeiksi, aivan kuin popcorn, tarjoten koirallesi erityisen maukkaan ja rouskuvan el\u00e4myksen. Miksi valita friGERA jakin juusto?\ud83e\uddc0 100% luonnollinen ja k\u00e4sity\u00f6n\u00e4 valmistettu\ud83d\udc3e L\u00e4hes laktoositon ja hypoallergeeninen\ud83d\udcaa Eritt\u00e4in proteiinipitoinen (73,6%), sis\u00e4lt\u00e4\u00e4 kalsiumia, magnesiumia ja antioksidantteja\ud83d\udc1f Sis\u00e4lt\u00e4\u00e4 omega-3-rasvahappoja \u2013 tukee ihoa ja turkkia\ud83e\udda0 Luonnollinen probiootti \u2013 edist\u00e4\u00e4 ruoansulatusta\u274c Ei sis\u00e4ll\u00e4 keinotekoisia maku-, tuoksu- tai v\u00e4riainetta\ud83d\udc36 V\u00e4h\u00e4rasvainen (9,9%) ja ilman transrasvoja Koostumus: 100 % juusto K\u00e4ytt\u00f6ohje: Anna v\u00e4lipalana aterioiden v\u00e4lill\u00e4 tai palkkiona osana tasapainoista ruokavaliota. Valvo koiraa herkkuja antaessasi ja tarjoa aina raikasta vett\u00e4. Ei sovellu ihmisravinnoksi. Analyyttinen koostumus: Proteiini 73,6 %, Rasva 9,9 %, Kosteus 7,3 %","og_url":"https:\/\/miumjau.ee\/fi\/tuote\/koiran-herkku-paisutetut-jakin-juustokuutiot-frigera-70-g\/","og_site_name":"MiuMjau","article_publisher":"https:\/\/www.facebook.com\/miumjaupood\/","article_modified_time":"2026-01-07T20:45:24+00:00","og_image":[{"width":600,"height":800,"url":"https:\/\/miumjau.ee\/wp-content\/uploads\/2025\/05\/frigera-koerte-maius-puffitud-jakijuustu-kuubikud-70-g-1-Photoroom.jpg","type":"image\/jpeg"}],"twitter_card":"summary_large_image","schema":{"@context":"https:\/\/schema.org","@graph":[{"@type":"WebPage","@id":"https:\/\/miumjau.ee\/fi\/tuote\/koiran-herkku-paisutetut-jakin-juustokuutiot-frigera-70-g\/","url":"https:\/\/miumjau.ee\/fi\/tuote\/koiran-herkku-paisutetut-jakin-juustokuutiot-frigera-70-g\/","name":"Koiran herkku \u2013 paisutetut jakin juustokuutiot Frigera 70 g - MiuMjau","isPartOf":{"@id":"https:\/\/miumjau.ee\/#website"},"primaryImageOfPage":{"@id":"https:\/\/miumjau.ee\/fi\/tuote\/koiran-herkku-paisutetut-jakin-juustokuutiot-frigera-70-g\/#primaryimage"},"image":{"@id":"https:\/\/miumjau.ee\/fi\/tuote\/koiran-herkku-paisutetut-jakin-juustokuutiot-frigera-70-g\/#primaryimage"},"thumbnailUrl":"https:\/\/miumjau.ee\/wp-content\/uploads\/2025\/05\/frigera-koerte-maius-puffitud-jakijuustu-kuubikud-70-g-1-Photoroom.jpg","datePublished":"2025-05-29T12:03:18+00:00","dateModified":"2026-01-07T20:45:24+00:00","breadcrumb":{"@id":"https:\/\/miumjau.ee\/fi\/tuote\/koiran-herkku-paisutetut-jakin-juustokuutiot-frigera-70-g\/#breadcrumb"},"inLanguage":"fi","potentialAction":[{"@type":"ReadAction","target":["https:\/\/miumjau.ee\/fi\/tuote\/koiran-herkku-paisutetut-jakin-juustokuutiot-frigera-70-g\/"]}]},{"@type":"ImageObject","inLanguage":"fi","@id":"https:\/\/miumjau.ee\/fi\/tuote\/koiran-herkku-paisutetut-jakin-juustokuutiot-frigera-70-g\/#primaryimage","url":"https:\/\/miumjau.ee\/wp-content\/uploads\/2025\/05\/frigera-koerte-maius-puffitud-jakijuustu-kuubikud-70-g-1-Photoroom.jpg","contentUrl":"https:\/\/miumjau.ee\/wp-content\/uploads\/2025\/05\/frigera-koerte-maius-puffitud-jakijuustu-kuubikud-70-g-1-Photoroom.jpg","width":600,"height":800,"caption":"Puffitud jaki juustu maiused koertele, Frigera"},{"@type":"BreadcrumbList","@id":"https:\/\/miumjau.ee\/fi\/tuote\/koiran-herkku-paisutetut-jakin-juustokuutiot-frigera-70-g\/#breadcrumb","itemListElement":[{"@type":"ListItem","position":1,"name":"Home","item":"https:\/\/miumjau.ee\/fi\/"},{"@type":"ListItem","position":2,"name":"Kauppa","item":"https:\/\/miumjau.ee\/fi\/kauppa\/"},{"@type":"ListItem","position":3,"name":"Koiran herkku \u2013 paisutetut jakin juustokuutiot Frigera 70 g"}]},{"@type":"WebSite","@id":"https:\/\/miumjau.ee\/#website","url":"https:\/\/miumjau.ee\/","name":"MiuMjau","description":"Kraapimispuud kassidele","publisher":{"@id":"https:\/\/miumjau.ee\/#organization"},"potentialAction":[{"@type":"SearchAction","target":{"@type":"EntryPoint","urlTemplate":"https:\/\/miumjau.ee\/?s={search_term_string}"},"query-input":{"@type":"PropertyValueSpecification","valueRequired":true,"valueName":"search_term_string"}}],"inLanguage":"fi"},{"@type":"Organization","@id":"https:\/\/miumjau.ee\/#organization","name":"MiuMjau O\u00dc","url":"https:\/\/miumjau.ee\/","logo":{"@type":"ImageObject","inLanguage":"fi","@id":"https:\/\/miumjau.ee\/#\/schema\/logo\/image\/","url":"https:\/\/miumjau.ee\/wp-content\/uploads\/2022\/04\/MiuMjau-logo-kollane.png","contentUrl":"https:\/\/miumjau.ee\/wp-content\/uploads\/2022\/04\/MiuMjau-logo-kollane.png","width":219,"height":100,"caption":"MiuMjau O\u00dc"},"image":{"@id":"https:\/\/miumjau.ee\/#\/schema\/logo\/image\/"},"sameAs":["https:\/\/www.facebook.com\/miumjaupood\/"]}]}},"_links":{"self":[{"href":"https:\/\/miumjau.ee\/fi\/wp-json\/wp\/v2\/product\/47975","targetHints":{"allow":["GET"]}}],"collection":[{"href":"https:\/\/miumjau.ee\/fi\/wp-json\/wp\/v2\/product"}],"about":[{"href":"https:\/\/miumjau.ee\/fi\/wp-json\/wp\/v2\/types\/product"}],"wp:featuredmedia":[{"embeddable":true,"href":"https:\/\/miumjau.ee\/fi\/wp-json\/wp\/v2\/media\/40832"}],"wp:attachment":[{"href":"https:\/\/miumjau.ee\/fi\/wp-json\/wp\/v2\/media?parent=47975"}],"wp:term":[{"taxonomy":"product_brand","embeddable":true,"href":"https:\/\/miumjau.ee\/fi\/wp-json\/wp\/v2\/product_brand?post=47975"},{"taxonomy":"product_cat","embeddable":true,"href":"https:\/\/miumjau.ee\/fi\/wp-json\/wp\/v2\/product_cat?post=47975"},{"taxonomy":"product_tag","embeddable":true,"href":"https:\/\/miumjau.ee\/fi\/wp-json\/wp\/v2\/product_tag?post=47975"}],"curies":[{"name":"wp","href":"https:\/\/api.w.org\/{rel}","templated":true}]}}