{"id":47970,"date":"2025-05-29T15:26:12","date_gmt":"2025-05-29T12:26:12","guid":{"rendered":"https:\/\/miumjau.ee\/toode\/frigera-luonnollisten-herkkujen-mix-250-g\/"},"modified":"2026-01-07T22:45:31","modified_gmt":"2026-01-07T20:45:31","slug":"frigera-luonnollisten-herkkujen-mix-250-g","status":"publish","type":"product","link":"https:\/\/miumjau.ee\/fi\/tuote\/frigera-luonnollisten-herkkujen-mix-250-g\/","title":{"rendered":"Frigera luonnollisten herkkujen MIX 250 g"},"content":{"rendered":"","protected":false},"excerpt":{"rendered":"<p data-start=\"1212\" data-end=\"1683\">Tied\u00e4tk\u00f6 sen tunteen, kun seisot monen j\u00e4nnitt\u00e4v\u00e4n tuotteen edess\u00e4 etk\u00e4 osaa valita? Me tunnemme sen hyvin! Siksi loimme t\u00e4m\u00e4n rouskuvan sekoituspakkauksen! Tapaa t\u00e4htemme: naudan keuhko, mahalaukku ja p\u00e4\u00e4nahka! N\u00e4m\u00e4 kolme muodostavat friGERA rouskuvan herkkujen sekoituksen. T\u00e4m\u00e4 tarkoittaa, ett\u00e4 koirasi saa nauttia herkuista pehme\u00e4ss\u00e4, keskikovassa ja kovassa koostumuksessa \u2013 t\u00e4ydellinen tapa tuoda vaihtelua p\u00e4ivitt\u00e4iseen ruokintaan ja pit\u00e4\u00e4 asiat mielenkiintoisina.<\/p>\n<p data-start=\"1685\" data-end=\"1981\">Lis\u00e4ksi kaikki n\u00e4m\u00e4 herkut ovat v\u00e4h\u00e4rasvaisia ja proteiinipitoisia \u2013 keuhko ja mahalaukku sis\u00e4lt\u00e4v\u00e4t my\u00f6s arvokkaita mineraaleja ja rasvahappoja! Samalla sekoitus auttaa vahvistamaan hampaita ja tukee suuhygieniaa. Jos koirasi rakastaa vaihtelua, t\u00e4m\u00e4 herkkujen sekoitus saa sen aivan innoissaan!<\/p>\n<p data-start=\"1983\" data-end=\"2012\">Koostumus: 100 % naudanliha<\/p>\n<p data-start=\"2014\" data-end=\"2200\">K\u00e4ytt\u00f6ohje: Anna v\u00e4lipalana aterioiden v\u00e4lill\u00e4 tai palkkiona osana tasapainoista ruokavaliota. Valvo koiraa herkkuja antaessasi ja tarjoa aina raikasta vett\u00e4. Ei sovellu ihmisravinnoksi.<\/p>\n<p data-start=\"2202\" data-end=\"2273\">Analyyttinen koostumus: Proteiini 74,93 %, Rasva 9,27 %, Kosteus 6,73 %<\/p>\n","protected":false},"featured_media":35836,"template":"","meta":[],"product_brand":[],"product_cat":[480,139],"product_tag":[],"class_list":{"0":"post-47970","1":"product","2":"type-product","3":"status-publish","4":"has-post-thumbnail","6":"product_cat-herkut-koirille","7":"product_cat-kaup24-fi","9":"first","10":"instock","11":"taxable","12":"shipping-taxable","13":"purchasable","14":"product-type-simple"},"yoast_head":"<!-- This site is optimized with the Yoast SEO plugin v27.4 - https:\/\/yoast.com\/product\/yoast-seo-wordpress\/ -->\n<title>Frigera luonnollisten herkkujen MIX 250 g - MiuMjau<\/title>\n<meta name=\"robots\" content=\"index, follow, max-snippet:-1, max-image-preview:large, max-video-preview:-1\" \/>\n<link rel=\"canonical\" href=\"https:\/\/miumjau.ee\/fi\/tuote\/frigera-luonnollisten-herkkujen-mix-250-g\/\" \/>\n<meta property=\"og:locale\" content=\"fi_FI\" \/>\n<meta property=\"og:type\" content=\"article\" \/>\n<meta property=\"og:title\" content=\"Frigera luonnollisten herkkujen MIX 250 g - MiuMjau\" \/>\n<meta property=\"og:description\" content=\"Tied\u00e4tk\u00f6 sen tunteen, kun seisot monen j\u00e4nnitt\u00e4v\u00e4n tuotteen edess\u00e4 etk\u00e4 osaa valita? Me tunnemme sen hyvin! Siksi loimme t\u00e4m\u00e4n rouskuvan sekoituspakkauksen! Tapaa t\u00e4htemme: naudan keuhko, mahalaukku ja p\u00e4\u00e4nahka! N\u00e4m\u00e4 kolme muodostavat friGERA rouskuvan herkkujen sekoituksen. T\u00e4m\u00e4 tarkoittaa, ett\u00e4 koirasi saa nauttia herkuista pehme\u00e4ss\u00e4, keskikovassa ja kovassa koostumuksessa \u2013 t\u00e4ydellinen tapa tuoda vaihtelua p\u00e4ivitt\u00e4iseen ruokintaan ja pit\u00e4\u00e4 asiat mielenkiintoisina. Lis\u00e4ksi kaikki n\u00e4m\u00e4 herkut ovat v\u00e4h\u00e4rasvaisia ja proteiinipitoisia \u2013 keuhko ja mahalaukku sis\u00e4lt\u00e4v\u00e4t my\u00f6s arvokkaita mineraaleja ja rasvahappoja! Samalla sekoitus auttaa vahvistamaan hampaita ja tukee suuhygieniaa. Jos koirasi rakastaa vaihtelua, t\u00e4m\u00e4 herkkujen sekoitus saa sen aivan innoissaan! Koostumus: 100 % naudanliha K\u00e4ytt\u00f6ohje: Anna v\u00e4lipalana aterioiden v\u00e4lill\u00e4 tai palkkiona osana tasapainoista ruokavaliota. Valvo koiraa herkkuja antaessasi ja tarjoa aina raikasta vett\u00e4. Ei sovellu ihmisravinnoksi. Analyyttinen koostumus: Proteiini 74,93 %, Rasva 9,27 %, Kosteus 6,73 %\" \/>\n<meta property=\"og:url\" content=\"https:\/\/miumjau.ee\/fi\/tuote\/frigera-luonnollisten-herkkujen-mix-250-g\/\" \/>\n<meta property=\"og:site_name\" content=\"MiuMjau\" \/>\n<meta property=\"article:publisher\" content=\"https:\/\/www.facebook.com\/miumjaupood\/\" \/>\n<meta property=\"article:modified_time\" content=\"2026-01-07T20:45:31+00:00\" \/>\n<meta property=\"og:image\" content=\"https:\/\/miumjau.ee\/wp-content\/uploads\/2025\/05\/frigera-maiuste-mix-250g.jpg\" \/>\n\t<meta property=\"og:image:width\" content=\"600\" \/>\n\t<meta property=\"og:image:height\" content=\"800\" \/>\n\t<meta property=\"og:image:type\" content=\"image\/jpeg\" \/>\n<meta name=\"twitter:card\" content=\"summary_large_image\" \/>\n<script type=\"application\/ld+json\" class=\"yoast-schema-graph\">{\"@context\":\"https:\\\/\\\/schema.org\",\"@graph\":[{\"@type\":\"WebPage\",\"@id\":\"https:\\\/\\\/miumjau.ee\\\/fi\\\/tuote\\\/frigera-luonnollisten-herkkujen-mix-250-g\\\/\",\"url\":\"https:\\\/\\\/miumjau.ee\\\/fi\\\/tuote\\\/frigera-luonnollisten-herkkujen-mix-250-g\\\/\",\"name\":\"Frigera luonnollisten herkkujen MIX 250 g - MiuMjau\",\"isPartOf\":{\"@id\":\"https:\\\/\\\/miumjau.ee\\\/#website\"},\"primaryImageOfPage\":{\"@id\":\"https:\\\/\\\/miumjau.ee\\\/fi\\\/tuote\\\/frigera-luonnollisten-herkkujen-mix-250-g\\\/#primaryimage\"},\"image\":{\"@id\":\"https:\\\/\\\/miumjau.ee\\\/fi\\\/tuote\\\/frigera-luonnollisten-herkkujen-mix-250-g\\\/#primaryimage\"},\"thumbnailUrl\":\"https:\\\/\\\/miumjau.ee\\\/wp-content\\\/uploads\\\/2025\\\/05\\\/frigera-maiuste-mix-250g.jpg\",\"datePublished\":\"2025-05-29T12:26:12+00:00\",\"dateModified\":\"2026-01-07T20:45:31+00:00\",\"breadcrumb\":{\"@id\":\"https:\\\/\\\/miumjau.ee\\\/fi\\\/tuote\\\/frigera-luonnollisten-herkkujen-mix-250-g\\\/#breadcrumb\"},\"inLanguage\":\"fi\",\"potentialAction\":[{\"@type\":\"ReadAction\",\"target\":[\"https:\\\/\\\/miumjau.ee\\\/fi\\\/tuote\\\/frigera-luonnollisten-herkkujen-mix-250-g\\\/\"]}]},{\"@type\":\"ImageObject\",\"inLanguage\":\"fi\",\"@id\":\"https:\\\/\\\/miumjau.ee\\\/fi\\\/tuote\\\/frigera-luonnollisten-herkkujen-mix-250-g\\\/#primaryimage\",\"url\":\"https:\\\/\\\/miumjau.ee\\\/wp-content\\\/uploads\\\/2025\\\/05\\\/frigera-maiuste-mix-250g.jpg\",\"contentUrl\":\"https:\\\/\\\/miumjau.ee\\\/wp-content\\\/uploads\\\/2025\\\/05\\\/frigera-maiuste-mix-250g.jpg\",\"width\":600,\"height\":800,\"caption\":\"Frigera naturaalsete maiustuste MIX 250g\"},{\"@type\":\"BreadcrumbList\",\"@id\":\"https:\\\/\\\/miumjau.ee\\\/fi\\\/tuote\\\/frigera-luonnollisten-herkkujen-mix-250-g\\\/#breadcrumb\",\"itemListElement\":[{\"@type\":\"ListItem\",\"position\":1,\"name\":\"Home\",\"item\":\"https:\\\/\\\/miumjau.ee\\\/fi\\\/\"},{\"@type\":\"ListItem\",\"position\":2,\"name\":\"Kauppa\",\"item\":\"https:\\\/\\\/miumjau.ee\\\/fi\\\/kauppa\\\/\"},{\"@type\":\"ListItem\",\"position\":3,\"name\":\"Frigera luonnollisten herkkujen MIX 250 g\"}]},{\"@type\":\"WebSite\",\"@id\":\"https:\\\/\\\/miumjau.ee\\\/#website\",\"url\":\"https:\\\/\\\/miumjau.ee\\\/\",\"name\":\"MiuMjau\",\"description\":\"Kraapimispuud kassidele\",\"publisher\":{\"@id\":\"https:\\\/\\\/miumjau.ee\\\/#organization\"},\"potentialAction\":[{\"@type\":\"SearchAction\",\"target\":{\"@type\":\"EntryPoint\",\"urlTemplate\":\"https:\\\/\\\/miumjau.ee\\\/?s={search_term_string}\"},\"query-input\":{\"@type\":\"PropertyValueSpecification\",\"valueRequired\":true,\"valueName\":\"search_term_string\"}}],\"inLanguage\":\"fi\"},{\"@type\":\"Organization\",\"@id\":\"https:\\\/\\\/miumjau.ee\\\/#organization\",\"name\":\"MiuMjau O\u00dc\",\"url\":\"https:\\\/\\\/miumjau.ee\\\/\",\"logo\":{\"@type\":\"ImageObject\",\"inLanguage\":\"fi\",\"@id\":\"https:\\\/\\\/miumjau.ee\\\/#\\\/schema\\\/logo\\\/image\\\/\",\"url\":\"https:\\\/\\\/miumjau.ee\\\/wp-content\\\/uploads\\\/2022\\\/04\\\/MiuMjau-logo-kollane.png\",\"contentUrl\":\"https:\\\/\\\/miumjau.ee\\\/wp-content\\\/uploads\\\/2022\\\/04\\\/MiuMjau-logo-kollane.png\",\"width\":219,\"height\":100,\"caption\":\"MiuMjau O\u00dc\"},\"image\":{\"@id\":\"https:\\\/\\\/miumjau.ee\\\/#\\\/schema\\\/logo\\\/image\\\/\"},\"sameAs\":[\"https:\\\/\\\/www.facebook.com\\\/miumjaupood\\\/\"]}]}<\/script>\n<!-- \/ Yoast SEO plugin. -->","yoast_head_json":{"title":"Frigera luonnollisten herkkujen MIX 250 g - MiuMjau","robots":{"index":"index","follow":"follow","max-snippet":"max-snippet:-1","max-image-preview":"max-image-preview:large","max-video-preview":"max-video-preview:-1"},"canonical":"https:\/\/miumjau.ee\/fi\/tuote\/frigera-luonnollisten-herkkujen-mix-250-g\/","og_locale":"fi_FI","og_type":"article","og_title":"Frigera luonnollisten herkkujen MIX 250 g - MiuMjau","og_description":"Tied\u00e4tk\u00f6 sen tunteen, kun seisot monen j\u00e4nnitt\u00e4v\u00e4n tuotteen edess\u00e4 etk\u00e4 osaa valita? Me tunnemme sen hyvin! Siksi loimme t\u00e4m\u00e4n rouskuvan sekoituspakkauksen! Tapaa t\u00e4htemme: naudan keuhko, mahalaukku ja p\u00e4\u00e4nahka! N\u00e4m\u00e4 kolme muodostavat friGERA rouskuvan herkkujen sekoituksen. T\u00e4m\u00e4 tarkoittaa, ett\u00e4 koirasi saa nauttia herkuista pehme\u00e4ss\u00e4, keskikovassa ja kovassa koostumuksessa \u2013 t\u00e4ydellinen tapa tuoda vaihtelua p\u00e4ivitt\u00e4iseen ruokintaan ja pit\u00e4\u00e4 asiat mielenkiintoisina. Lis\u00e4ksi kaikki n\u00e4m\u00e4 herkut ovat v\u00e4h\u00e4rasvaisia ja proteiinipitoisia \u2013 keuhko ja mahalaukku sis\u00e4lt\u00e4v\u00e4t my\u00f6s arvokkaita mineraaleja ja rasvahappoja! Samalla sekoitus auttaa vahvistamaan hampaita ja tukee suuhygieniaa. Jos koirasi rakastaa vaihtelua, t\u00e4m\u00e4 herkkujen sekoitus saa sen aivan innoissaan! Koostumus: 100 % naudanliha K\u00e4ytt\u00f6ohje: Anna v\u00e4lipalana aterioiden v\u00e4lill\u00e4 tai palkkiona osana tasapainoista ruokavaliota. Valvo koiraa herkkuja antaessasi ja tarjoa aina raikasta vett\u00e4. Ei sovellu ihmisravinnoksi. Analyyttinen koostumus: Proteiini 74,93 %, Rasva 9,27 %, Kosteus 6,73 %","og_url":"https:\/\/miumjau.ee\/fi\/tuote\/frigera-luonnollisten-herkkujen-mix-250-g\/","og_site_name":"MiuMjau","article_publisher":"https:\/\/www.facebook.com\/miumjaupood\/","article_modified_time":"2026-01-07T20:45:31+00:00","og_image":[{"width":600,"height":800,"url":"https:\/\/miumjau.ee\/wp-content\/uploads\/2025\/05\/frigera-maiuste-mix-250g.jpg","type":"image\/jpeg"}],"twitter_card":"summary_large_image","schema":{"@context":"https:\/\/schema.org","@graph":[{"@type":"WebPage","@id":"https:\/\/miumjau.ee\/fi\/tuote\/frigera-luonnollisten-herkkujen-mix-250-g\/","url":"https:\/\/miumjau.ee\/fi\/tuote\/frigera-luonnollisten-herkkujen-mix-250-g\/","name":"Frigera luonnollisten herkkujen MIX 250 g - MiuMjau","isPartOf":{"@id":"https:\/\/miumjau.ee\/#website"},"primaryImageOfPage":{"@id":"https:\/\/miumjau.ee\/fi\/tuote\/frigera-luonnollisten-herkkujen-mix-250-g\/#primaryimage"},"image":{"@id":"https:\/\/miumjau.ee\/fi\/tuote\/frigera-luonnollisten-herkkujen-mix-250-g\/#primaryimage"},"thumbnailUrl":"https:\/\/miumjau.ee\/wp-content\/uploads\/2025\/05\/frigera-maiuste-mix-250g.jpg","datePublished":"2025-05-29T12:26:12+00:00","dateModified":"2026-01-07T20:45:31+00:00","breadcrumb":{"@id":"https:\/\/miumjau.ee\/fi\/tuote\/frigera-luonnollisten-herkkujen-mix-250-g\/#breadcrumb"},"inLanguage":"fi","potentialAction":[{"@type":"ReadAction","target":["https:\/\/miumjau.ee\/fi\/tuote\/frigera-luonnollisten-herkkujen-mix-250-g\/"]}]},{"@type":"ImageObject","inLanguage":"fi","@id":"https:\/\/miumjau.ee\/fi\/tuote\/frigera-luonnollisten-herkkujen-mix-250-g\/#primaryimage","url":"https:\/\/miumjau.ee\/wp-content\/uploads\/2025\/05\/frigera-maiuste-mix-250g.jpg","contentUrl":"https:\/\/miumjau.ee\/wp-content\/uploads\/2025\/05\/frigera-maiuste-mix-250g.jpg","width":600,"height":800,"caption":"Frigera naturaalsete maiustuste MIX 250g"},{"@type":"BreadcrumbList","@id":"https:\/\/miumjau.ee\/fi\/tuote\/frigera-luonnollisten-herkkujen-mix-250-g\/#breadcrumb","itemListElement":[{"@type":"ListItem","position":1,"name":"Home","item":"https:\/\/miumjau.ee\/fi\/"},{"@type":"ListItem","position":2,"name":"Kauppa","item":"https:\/\/miumjau.ee\/fi\/kauppa\/"},{"@type":"ListItem","position":3,"name":"Frigera luonnollisten herkkujen MIX 250 g"}]},{"@type":"WebSite","@id":"https:\/\/miumjau.ee\/#website","url":"https:\/\/miumjau.ee\/","name":"MiuMjau","description":"Kraapimispuud kassidele","publisher":{"@id":"https:\/\/miumjau.ee\/#organization"},"potentialAction":[{"@type":"SearchAction","target":{"@type":"EntryPoint","urlTemplate":"https:\/\/miumjau.ee\/?s={search_term_string}"},"query-input":{"@type":"PropertyValueSpecification","valueRequired":true,"valueName":"search_term_string"}}],"inLanguage":"fi"},{"@type":"Organization","@id":"https:\/\/miumjau.ee\/#organization","name":"MiuMjau O\u00dc","url":"https:\/\/miumjau.ee\/","logo":{"@type":"ImageObject","inLanguage":"fi","@id":"https:\/\/miumjau.ee\/#\/schema\/logo\/image\/","url":"https:\/\/miumjau.ee\/wp-content\/uploads\/2022\/04\/MiuMjau-logo-kollane.png","contentUrl":"https:\/\/miumjau.ee\/wp-content\/uploads\/2022\/04\/MiuMjau-logo-kollane.png","width":219,"height":100,"caption":"MiuMjau O\u00dc"},"image":{"@id":"https:\/\/miumjau.ee\/#\/schema\/logo\/image\/"},"sameAs":["https:\/\/www.facebook.com\/miumjaupood\/"]}]}},"_links":{"self":[{"href":"https:\/\/miumjau.ee\/fi\/wp-json\/wp\/v2\/product\/47970","targetHints":{"allow":["GET"]}}],"collection":[{"href":"https:\/\/miumjau.ee\/fi\/wp-json\/wp\/v2\/product"}],"about":[{"href":"https:\/\/miumjau.ee\/fi\/wp-json\/wp\/v2\/types\/product"}],"wp:featuredmedia":[{"embeddable":true,"href":"https:\/\/miumjau.ee\/fi\/wp-json\/wp\/v2\/media\/35836"}],"wp:attachment":[{"href":"https:\/\/miumjau.ee\/fi\/wp-json\/wp\/v2\/media?parent=47970"}],"wp:term":[{"taxonomy":"product_brand","embeddable":true,"href":"https:\/\/miumjau.ee\/fi\/wp-json\/wp\/v2\/product_brand?post=47970"},{"taxonomy":"product_cat","embeddable":true,"href":"https:\/\/miumjau.ee\/fi\/wp-json\/wp\/v2\/product_cat?post=47970"},{"taxonomy":"product_tag","embeddable":true,"href":"https:\/\/miumjau.ee\/fi\/wp-json\/wp\/v2\/product_tag?post=47970"}],"curies":[{"name":"wp","href":"https:\/\/api.w.org\/{rel}","templated":true}]}}