{"id":47953,"date":"2025-05-29T16:01:54","date_gmt":"2025-05-29T13:01:54","guid":{"rendered":"https:\/\/miumjau.ee\/toode\/luonnollinen-100-lihasta-valmistettu-herkku-frigera-peuran-kuutiot-250-g\/"},"modified":"2026-01-07T22:45:31","modified_gmt":"2026-01-07T20:45:31","slug":"luonnollinen-100-lihasta-valmistettu-herkku-frigera-peuran-kuutiot-250-g","status":"publish","type":"product","link":"https:\/\/miumjau.ee\/fi\/tuote\/luonnollinen-100-lihasta-valmistettu-herkku-frigera-peuran-kuutiot-250-g\/","title":{"rendered":"Luonnollinen 100 % lihasta valmistettu herkku, Frigera peuran kuutiot 250 g"},"content":{"rendered":"","protected":false},"excerpt":{"rendered":"<p data-start=\"1067\" data-end=\"1344\">friGERA-peurakuutiot ovat herkullisia, gluteenittomia ja viljattomia paloja, joissa on korkea lihapitoisuus eik\u00e4 lainkaan keinotekoisia maku-, v\u00e4ri- tai s\u00e4il\u00f6nt\u00e4aineita. T\u00e4rkeint\u00e4 on, ett\u00e4 ne ovat proteiinipitoisia ja antavat koiralle arvokasta energiaa seuraavaan seikkailuun!<\/p>\n<p data-start=\"1346\" data-end=\"1580\">Koska kuutiot ovat annospaloina, pienen kokoisia ja helposti sulavia, ne sopivat erinomaisesti my\u00f6s pienille, nuorille tai ylipainoisille koirille. Todella maistuva herkku lemmikillesi ja ehdoton hankinta jokaiselle koiranomistajalle!<\/p>\n<p data-start=\"1582\" data-end=\"1604\">Koostumus: 100 % peura<\/p>\n<p data-start=\"1606\" data-end=\"1792\">K\u00e4ytt\u00f6ohje: Anna v\u00e4lipalana aterioiden v\u00e4lill\u00e4 tai palkkiona osana tasapainoista ruokavaliota. Valvo koiraa herkkuja antaessasi ja tarjoa aina raikasta vett\u00e4. Ei sovellu ihmisravinnoksi.<\/p>\n<p data-start=\"1794\" data-end=\"1863\">Analyyttinen koostumus: Proteiini 43,4 %, Rasva 23,4 %, Kosteus 7,1 %<\/p>\n","protected":false},"featured_media":40824,"template":"","meta":[],"product_brand":[],"product_cat":[480,139],"product_tag":[],"class_list":{"0":"post-47953","1":"product","2":"type-product","3":"status-publish","4":"has-post-thumbnail","6":"product_cat-herkut-koirille","7":"product_cat-kaup24-fi","9":"first","10":"instock","11":"taxable","12":"shipping-taxable","13":"purchasable","14":"product-type-simple"},"yoast_head":"<!-- This site is optimized with the Yoast SEO plugin v27.4 - https:\/\/yoast.com\/product\/yoast-seo-wordpress\/ -->\n<title>Luonnollinen 100 % lihasta valmistettu herkku, Frigera peuran kuutiot 250 g - MiuMjau<\/title>\n<meta name=\"robots\" content=\"index, follow, max-snippet:-1, max-image-preview:large, max-video-preview:-1\" \/>\n<link rel=\"canonical\" href=\"https:\/\/miumjau.ee\/fi\/tuote\/luonnollinen-100-lihasta-valmistettu-herkku-frigera-peuran-kuutiot-250-g\/\" \/>\n<meta property=\"og:locale\" content=\"fi_FI\" \/>\n<meta property=\"og:type\" content=\"article\" \/>\n<meta property=\"og:title\" content=\"Luonnollinen 100 % lihasta valmistettu herkku, Frigera peuran kuutiot 250 g - MiuMjau\" \/>\n<meta property=\"og:description\" content=\"friGERA-peurakuutiot ovat herkullisia, gluteenittomia ja viljattomia paloja, joissa on korkea lihapitoisuus eik\u00e4 lainkaan keinotekoisia maku-, v\u00e4ri- tai s\u00e4il\u00f6nt\u00e4aineita. T\u00e4rkeint\u00e4 on, ett\u00e4 ne ovat proteiinipitoisia ja antavat koiralle arvokasta energiaa seuraavaan seikkailuun! Koska kuutiot ovat annospaloina, pienen kokoisia ja helposti sulavia, ne sopivat erinomaisesti my\u00f6s pienille, nuorille tai ylipainoisille koirille. Todella maistuva herkku lemmikillesi ja ehdoton hankinta jokaiselle koiranomistajalle! Koostumus: 100 % peura K\u00e4ytt\u00f6ohje: Anna v\u00e4lipalana aterioiden v\u00e4lill\u00e4 tai palkkiona osana tasapainoista ruokavaliota. Valvo koiraa herkkuja antaessasi ja tarjoa aina raikasta vett\u00e4. Ei sovellu ihmisravinnoksi. Analyyttinen koostumus: Proteiini 43,4 %, Rasva 23,4 %, Kosteus 7,1 %\" \/>\n<meta property=\"og:url\" content=\"https:\/\/miumjau.ee\/fi\/tuote\/luonnollinen-100-lihasta-valmistettu-herkku-frigera-peuran-kuutiot-250-g\/\" \/>\n<meta property=\"og:site_name\" content=\"MiuMjau\" \/>\n<meta property=\"article:publisher\" content=\"https:\/\/www.facebook.com\/miumjaupood\/\" \/>\n<meta property=\"article:modified_time\" content=\"2026-01-07T20:45:31+00:00\" \/>\n<meta property=\"og:image\" content=\"https:\/\/miumjau.ee\/wp-content\/uploads\/2025\/05\/frigera-koerte-maius-hirveliha-kuubikud-250-g-1-Photoroom.jpg\" \/>\n\t<meta property=\"og:image:width\" content=\"600\" \/>\n\t<meta property=\"og:image:height\" content=\"800\" \/>\n\t<meta property=\"og:image:type\" content=\"image\/jpeg\" \/>\n<meta name=\"twitter:card\" content=\"summary_large_image\" \/>\n<script type=\"application\/ld+json\" class=\"yoast-schema-graph\">{\"@context\":\"https:\\\/\\\/schema.org\",\"@graph\":[{\"@type\":\"WebPage\",\"@id\":\"https:\\\/\\\/miumjau.ee\\\/fi\\\/tuote\\\/luonnollinen-100-lihasta-valmistettu-herkku-frigera-peuran-kuutiot-250-g\\\/\",\"url\":\"https:\\\/\\\/miumjau.ee\\\/fi\\\/tuote\\\/luonnollinen-100-lihasta-valmistettu-herkku-frigera-peuran-kuutiot-250-g\\\/\",\"name\":\"Luonnollinen 100 % lihasta valmistettu herkku, Frigera peuran kuutiot 250 g - MiuMjau\",\"isPartOf\":{\"@id\":\"https:\\\/\\\/miumjau.ee\\\/#website\"},\"primaryImageOfPage\":{\"@id\":\"https:\\\/\\\/miumjau.ee\\\/fi\\\/tuote\\\/luonnollinen-100-lihasta-valmistettu-herkku-frigera-peuran-kuutiot-250-g\\\/#primaryimage\"},\"image\":{\"@id\":\"https:\\\/\\\/miumjau.ee\\\/fi\\\/tuote\\\/luonnollinen-100-lihasta-valmistettu-herkku-frigera-peuran-kuutiot-250-g\\\/#primaryimage\"},\"thumbnailUrl\":\"https:\\\/\\\/miumjau.ee\\\/wp-content\\\/uploads\\\/2025\\\/05\\\/frigera-koerte-maius-hirveliha-kuubikud-250-g-1-Photoroom.jpg\",\"datePublished\":\"2025-05-29T13:01:54+00:00\",\"dateModified\":\"2026-01-07T20:45:31+00:00\",\"breadcrumb\":{\"@id\":\"https:\\\/\\\/miumjau.ee\\\/fi\\\/tuote\\\/luonnollinen-100-lihasta-valmistettu-herkku-frigera-peuran-kuutiot-250-g\\\/#breadcrumb\"},\"inLanguage\":\"fi\",\"potentialAction\":[{\"@type\":\"ReadAction\",\"target\":[\"https:\\\/\\\/miumjau.ee\\\/fi\\\/tuote\\\/luonnollinen-100-lihasta-valmistettu-herkku-frigera-peuran-kuutiot-250-g\\\/\"]}]},{\"@type\":\"ImageObject\",\"inLanguage\":\"fi\",\"@id\":\"https:\\\/\\\/miumjau.ee\\\/fi\\\/tuote\\\/luonnollinen-100-lihasta-valmistettu-herkku-frigera-peuran-kuutiot-250-g\\\/#primaryimage\",\"url\":\"https:\\\/\\\/miumjau.ee\\\/wp-content\\\/uploads\\\/2025\\\/05\\\/frigera-koerte-maius-hirveliha-kuubikud-250-g-1-Photoroom.jpg\",\"contentUrl\":\"https:\\\/\\\/miumjau.ee\\\/wp-content\\\/uploads\\\/2025\\\/05\\\/frigera-koerte-maius-hirveliha-kuubikud-250-g-1-Photoroom.jpg\",\"width\":600,\"height\":800,\"caption\":\"Frigera hirvekuubikud koertele\"},{\"@type\":\"BreadcrumbList\",\"@id\":\"https:\\\/\\\/miumjau.ee\\\/fi\\\/tuote\\\/luonnollinen-100-lihasta-valmistettu-herkku-frigera-peuran-kuutiot-250-g\\\/#breadcrumb\",\"itemListElement\":[{\"@type\":\"ListItem\",\"position\":1,\"name\":\"Home\",\"item\":\"https:\\\/\\\/miumjau.ee\\\/fi\\\/\"},{\"@type\":\"ListItem\",\"position\":2,\"name\":\"Kauppa\",\"item\":\"https:\\\/\\\/miumjau.ee\\\/fi\\\/kauppa\\\/\"},{\"@type\":\"ListItem\",\"position\":3,\"name\":\"Luonnollinen 100 % lihasta valmistettu herkku, Frigera peuran kuutiot 250 g\"}]},{\"@type\":\"WebSite\",\"@id\":\"https:\\\/\\\/miumjau.ee\\\/#website\",\"url\":\"https:\\\/\\\/miumjau.ee\\\/\",\"name\":\"MiuMjau\",\"description\":\"Kraapimispuud kassidele\",\"publisher\":{\"@id\":\"https:\\\/\\\/miumjau.ee\\\/#organization\"},\"potentialAction\":[{\"@type\":\"SearchAction\",\"target\":{\"@type\":\"EntryPoint\",\"urlTemplate\":\"https:\\\/\\\/miumjau.ee\\\/?s={search_term_string}\"},\"query-input\":{\"@type\":\"PropertyValueSpecification\",\"valueRequired\":true,\"valueName\":\"search_term_string\"}}],\"inLanguage\":\"fi\"},{\"@type\":\"Organization\",\"@id\":\"https:\\\/\\\/miumjau.ee\\\/#organization\",\"name\":\"MiuMjau O\u00dc\",\"url\":\"https:\\\/\\\/miumjau.ee\\\/\",\"logo\":{\"@type\":\"ImageObject\",\"inLanguage\":\"fi\",\"@id\":\"https:\\\/\\\/miumjau.ee\\\/#\\\/schema\\\/logo\\\/image\\\/\",\"url\":\"https:\\\/\\\/miumjau.ee\\\/wp-content\\\/uploads\\\/2022\\\/04\\\/MiuMjau-logo-kollane.png\",\"contentUrl\":\"https:\\\/\\\/miumjau.ee\\\/wp-content\\\/uploads\\\/2022\\\/04\\\/MiuMjau-logo-kollane.png\",\"width\":219,\"height\":100,\"caption\":\"MiuMjau O\u00dc\"},\"image\":{\"@id\":\"https:\\\/\\\/miumjau.ee\\\/#\\\/schema\\\/logo\\\/image\\\/\"},\"sameAs\":[\"https:\\\/\\\/www.facebook.com\\\/miumjaupood\\\/\"]}]}<\/script>\n<!-- \/ Yoast SEO plugin. -->","yoast_head_json":{"title":"Luonnollinen 100 % lihasta valmistettu herkku, Frigera peuran kuutiot 250 g - MiuMjau","robots":{"index":"index","follow":"follow","max-snippet":"max-snippet:-1","max-image-preview":"max-image-preview:large","max-video-preview":"max-video-preview:-1"},"canonical":"https:\/\/miumjau.ee\/fi\/tuote\/luonnollinen-100-lihasta-valmistettu-herkku-frigera-peuran-kuutiot-250-g\/","og_locale":"fi_FI","og_type":"article","og_title":"Luonnollinen 100 % lihasta valmistettu herkku, Frigera peuran kuutiot 250 g - MiuMjau","og_description":"friGERA-peurakuutiot ovat herkullisia, gluteenittomia ja viljattomia paloja, joissa on korkea lihapitoisuus eik\u00e4 lainkaan keinotekoisia maku-, v\u00e4ri- tai s\u00e4il\u00f6nt\u00e4aineita. T\u00e4rkeint\u00e4 on, ett\u00e4 ne ovat proteiinipitoisia ja antavat koiralle arvokasta energiaa seuraavaan seikkailuun! Koska kuutiot ovat annospaloina, pienen kokoisia ja helposti sulavia, ne sopivat erinomaisesti my\u00f6s pienille, nuorille tai ylipainoisille koirille. Todella maistuva herkku lemmikillesi ja ehdoton hankinta jokaiselle koiranomistajalle! Koostumus: 100 % peura K\u00e4ytt\u00f6ohje: Anna v\u00e4lipalana aterioiden v\u00e4lill\u00e4 tai palkkiona osana tasapainoista ruokavaliota. Valvo koiraa herkkuja antaessasi ja tarjoa aina raikasta vett\u00e4. Ei sovellu ihmisravinnoksi. Analyyttinen koostumus: Proteiini 43,4 %, Rasva 23,4 %, Kosteus 7,1 %","og_url":"https:\/\/miumjau.ee\/fi\/tuote\/luonnollinen-100-lihasta-valmistettu-herkku-frigera-peuran-kuutiot-250-g\/","og_site_name":"MiuMjau","article_publisher":"https:\/\/www.facebook.com\/miumjaupood\/","article_modified_time":"2026-01-07T20:45:31+00:00","og_image":[{"width":600,"height":800,"url":"https:\/\/miumjau.ee\/wp-content\/uploads\/2025\/05\/frigera-koerte-maius-hirveliha-kuubikud-250-g-1-Photoroom.jpg","type":"image\/jpeg"}],"twitter_card":"summary_large_image","schema":{"@context":"https:\/\/schema.org","@graph":[{"@type":"WebPage","@id":"https:\/\/miumjau.ee\/fi\/tuote\/luonnollinen-100-lihasta-valmistettu-herkku-frigera-peuran-kuutiot-250-g\/","url":"https:\/\/miumjau.ee\/fi\/tuote\/luonnollinen-100-lihasta-valmistettu-herkku-frigera-peuran-kuutiot-250-g\/","name":"Luonnollinen 100 % lihasta valmistettu herkku, Frigera peuran kuutiot 250 g - MiuMjau","isPartOf":{"@id":"https:\/\/miumjau.ee\/#website"},"primaryImageOfPage":{"@id":"https:\/\/miumjau.ee\/fi\/tuote\/luonnollinen-100-lihasta-valmistettu-herkku-frigera-peuran-kuutiot-250-g\/#primaryimage"},"image":{"@id":"https:\/\/miumjau.ee\/fi\/tuote\/luonnollinen-100-lihasta-valmistettu-herkku-frigera-peuran-kuutiot-250-g\/#primaryimage"},"thumbnailUrl":"https:\/\/miumjau.ee\/wp-content\/uploads\/2025\/05\/frigera-koerte-maius-hirveliha-kuubikud-250-g-1-Photoroom.jpg","datePublished":"2025-05-29T13:01:54+00:00","dateModified":"2026-01-07T20:45:31+00:00","breadcrumb":{"@id":"https:\/\/miumjau.ee\/fi\/tuote\/luonnollinen-100-lihasta-valmistettu-herkku-frigera-peuran-kuutiot-250-g\/#breadcrumb"},"inLanguage":"fi","potentialAction":[{"@type":"ReadAction","target":["https:\/\/miumjau.ee\/fi\/tuote\/luonnollinen-100-lihasta-valmistettu-herkku-frigera-peuran-kuutiot-250-g\/"]}]},{"@type":"ImageObject","inLanguage":"fi","@id":"https:\/\/miumjau.ee\/fi\/tuote\/luonnollinen-100-lihasta-valmistettu-herkku-frigera-peuran-kuutiot-250-g\/#primaryimage","url":"https:\/\/miumjau.ee\/wp-content\/uploads\/2025\/05\/frigera-koerte-maius-hirveliha-kuubikud-250-g-1-Photoroom.jpg","contentUrl":"https:\/\/miumjau.ee\/wp-content\/uploads\/2025\/05\/frigera-koerte-maius-hirveliha-kuubikud-250-g-1-Photoroom.jpg","width":600,"height":800,"caption":"Frigera hirvekuubikud koertele"},{"@type":"BreadcrumbList","@id":"https:\/\/miumjau.ee\/fi\/tuote\/luonnollinen-100-lihasta-valmistettu-herkku-frigera-peuran-kuutiot-250-g\/#breadcrumb","itemListElement":[{"@type":"ListItem","position":1,"name":"Home","item":"https:\/\/miumjau.ee\/fi\/"},{"@type":"ListItem","position":2,"name":"Kauppa","item":"https:\/\/miumjau.ee\/fi\/kauppa\/"},{"@type":"ListItem","position":3,"name":"Luonnollinen 100 % lihasta valmistettu herkku, Frigera peuran kuutiot 250 g"}]},{"@type":"WebSite","@id":"https:\/\/miumjau.ee\/#website","url":"https:\/\/miumjau.ee\/","name":"MiuMjau","description":"Kraapimispuud kassidele","publisher":{"@id":"https:\/\/miumjau.ee\/#organization"},"potentialAction":[{"@type":"SearchAction","target":{"@type":"EntryPoint","urlTemplate":"https:\/\/miumjau.ee\/?s={search_term_string}"},"query-input":{"@type":"PropertyValueSpecification","valueRequired":true,"valueName":"search_term_string"}}],"inLanguage":"fi"},{"@type":"Organization","@id":"https:\/\/miumjau.ee\/#organization","name":"MiuMjau O\u00dc","url":"https:\/\/miumjau.ee\/","logo":{"@type":"ImageObject","inLanguage":"fi","@id":"https:\/\/miumjau.ee\/#\/schema\/logo\/image\/","url":"https:\/\/miumjau.ee\/wp-content\/uploads\/2022\/04\/MiuMjau-logo-kollane.png","contentUrl":"https:\/\/miumjau.ee\/wp-content\/uploads\/2022\/04\/MiuMjau-logo-kollane.png","width":219,"height":100,"caption":"MiuMjau O\u00dc"},"image":{"@id":"https:\/\/miumjau.ee\/#\/schema\/logo\/image\/"},"sameAs":["https:\/\/www.facebook.com\/miumjaupood\/"]}]}},"_links":{"self":[{"href":"https:\/\/miumjau.ee\/fi\/wp-json\/wp\/v2\/product\/47953","targetHints":{"allow":["GET"]}}],"collection":[{"href":"https:\/\/miumjau.ee\/fi\/wp-json\/wp\/v2\/product"}],"about":[{"href":"https:\/\/miumjau.ee\/fi\/wp-json\/wp\/v2\/types\/product"}],"wp:featuredmedia":[{"embeddable":true,"href":"https:\/\/miumjau.ee\/fi\/wp-json\/wp\/v2\/media\/40824"}],"wp:attachment":[{"href":"https:\/\/miumjau.ee\/fi\/wp-json\/wp\/v2\/media?parent=47953"}],"wp:term":[{"taxonomy":"product_brand","embeddable":true,"href":"https:\/\/miumjau.ee\/fi\/wp-json\/wp\/v2\/product_brand?post=47953"},{"taxonomy":"product_cat","embeddable":true,"href":"https:\/\/miumjau.ee\/fi\/wp-json\/wp\/v2\/product_cat?post=47953"},{"taxonomy":"product_tag","embeddable":true,"href":"https:\/\/miumjau.ee\/fi\/wp-json\/wp\/v2\/product_tag?post=47953"}],"curies":[{"name":"wp","href":"https:\/\/api.w.org\/{rel}","templated":true}]}}