{"id":47947,"date":"2025-05-29T21:04:42","date_gmt":"2025-05-29T18:04:42","guid":{"rendered":"https:\/\/miumjau.ee\/toode\/luonnolliset-kuivatut-naudan-fileepalat-frigera-100-g\/"},"modified":"2026-01-07T22:45:31","modified_gmt":"2026-01-07T20:45:31","slug":"luonnolliset-kuivatut-naudan-fileepalat-frigera-100-g","status":"publish","type":"product","link":"https:\/\/miumjau.ee\/fi\/tuote\/luonnolliset-kuivatut-naudan-fileepalat-frigera-100-g\/","title":{"rendered":"Luonnolliset kuivatut naudan fileepalat Frigera 100 g"},"content":{"rendered":"","protected":false},"excerpt":{"rendered":"<p data-start=\"1263\" data-end=\"1386\">Haluatko todella hemmotella karvaista yst\u00e4v\u00e4\u00e4si? Esittelemme friGERA-naudanlihaleikkeet \u2013 t\u00e4ydellinen tapa palkita koirasi!<\/p>\n<p data-start=\"1388\" data-end=\"1722\">Naudanlihaleikkeemme ovat herkullisia v\u00e4lipaloja, jotka on valmistettu laadukkaimmasta lihasta. Ne on hell\u00e4varaisesti ilmakuivattu pehme\u00e4n mutta hieman rouskuvan rakenteen saavuttamiseksi. T\u00e4ydellinen pitk\u00e4kestoiseen nautiskeluun \u2013 esimerkiksi silloin, kun l\u00e4hdet t\u00f6ihin. Ja mik\u00e4 parasta \u2013 t\u00e4t\u00e4 luonnollisemmaksi herkku ei en\u00e4\u00e4 muutu!<\/p>\n<p data-start=\"1724\" data-end=\"2052\">Leikkeet ovat runsasproteiinisia ja sis\u00e4lt\u00e4v\u00e4t runsaasti rautaa, sinkki\u00e4, magnesiumia ja B12-vitamiinia, jotka tukevat lihasten terveytt\u00e4 ja tarjoavat koiralle t\u00e4rkeit\u00e4 ravintoaineita. Koska palat on leikattu k\u00e4tev\u00e4sti ja ne on helppo annostella, ne sopivat kaikenkokoisille koirille \u2013 jopa pennut nauttivat t\u00e4st\u00e4 herkkupalasta!<\/p>\n<p data-start=\"2054\" data-end=\"2083\">Koostumus: 100 % naudanliha<\/p>\n<p data-start=\"2085\" data-end=\"2268\">K\u00e4ytt\u00f6ohje: Anna v\u00e4lipalana tai palkkiona aterioiden v\u00e4lill\u00e4 osana tasapainoista ruokavaliota. Valvo koiraa ruokinnan aikana ja tarjoa aina raikasta vett\u00e4. Ei sovellu ihmisravinnoksi.<\/p>\n<p data-start=\"2270\" data-end=\"2361\">Analyyttinen koostumus: Proteiini 65 %, Rasva 4,6 %, Tuhka 3,2 %, Kuitu 1,8 %, Kosteus 13 %<\/p>\n","protected":false},"featured_media":34322,"template":"","meta":[],"product_brand":[],"product_cat":[480],"product_tag":[],"class_list":{"0":"post-47947","1":"product","2":"type-product","3":"status-publish","4":"has-post-thumbnail","6":"product_cat-herkut-koirille","8":"first","9":"instock","10":"taxable","11":"shipping-taxable","12":"purchasable","13":"product-type-simple"},"yoast_head":"<!-- This site is optimized with the Yoast SEO plugin v27.2 - https:\/\/yoast.com\/product\/yoast-seo-wordpress\/ -->\n<title>Luonnolliset kuivatut naudan fileepalat Frigera 100 g - MiuMjau<\/title>\n<meta name=\"robots\" content=\"index, follow, max-snippet:-1, max-image-preview:large, max-video-preview:-1\" \/>\n<link rel=\"canonical\" href=\"https:\/\/miumjau.ee\/fi\/tuote\/luonnolliset-kuivatut-naudan-fileepalat-frigera-100-g\/\" \/>\n<meta property=\"og:locale\" content=\"fi_FI\" \/>\n<meta property=\"og:type\" content=\"article\" \/>\n<meta property=\"og:title\" content=\"Luonnolliset kuivatut naudan fileepalat Frigera 100 g - MiuMjau\" \/>\n<meta property=\"og:description\" content=\"Haluatko todella hemmotella karvaista yst\u00e4v\u00e4\u00e4si? Esittelemme friGERA-naudanlihaleikkeet \u2013 t\u00e4ydellinen tapa palkita koirasi! Naudanlihaleikkeemme ovat herkullisia v\u00e4lipaloja, jotka on valmistettu laadukkaimmasta lihasta. Ne on hell\u00e4varaisesti ilmakuivattu pehme\u00e4n mutta hieman rouskuvan rakenteen saavuttamiseksi. T\u00e4ydellinen pitk\u00e4kestoiseen nautiskeluun \u2013 esimerkiksi silloin, kun l\u00e4hdet t\u00f6ihin. Ja mik\u00e4 parasta \u2013 t\u00e4t\u00e4 luonnollisemmaksi herkku ei en\u00e4\u00e4 muutu! Leikkeet ovat runsasproteiinisia ja sis\u00e4lt\u00e4v\u00e4t runsaasti rautaa, sinkki\u00e4, magnesiumia ja B12-vitamiinia, jotka tukevat lihasten terveytt\u00e4 ja tarjoavat koiralle t\u00e4rkeit\u00e4 ravintoaineita. Koska palat on leikattu k\u00e4tev\u00e4sti ja ne on helppo annostella, ne sopivat kaikenkokoisille koirille \u2013 jopa pennut nauttivat t\u00e4st\u00e4 herkkupalasta! Koostumus: 100 % naudanliha K\u00e4ytt\u00f6ohje: Anna v\u00e4lipalana tai palkkiona aterioiden v\u00e4lill\u00e4 osana tasapainoista ruokavaliota. Valvo koiraa ruokinnan aikana ja tarjoa aina raikasta vett\u00e4. Ei sovellu ihmisravinnoksi. Analyyttinen koostumus: Proteiini 65 %, Rasva 4,6 %, Tuhka 3,2 %, Kuitu 1,8 %, Kosteus 13 %\" \/>\n<meta property=\"og:url\" content=\"https:\/\/miumjau.ee\/fi\/tuote\/luonnolliset-kuivatut-naudan-fileepalat-frigera-100-g\/\" \/>\n<meta property=\"og:site_name\" content=\"MiuMjau\" \/>\n<meta property=\"article:publisher\" content=\"https:\/\/www.facebook.com\/miumjaupood\/\" \/>\n<meta property=\"article:modified_time\" content=\"2026-01-07T20:45:31+00:00\" \/>\n<meta property=\"og:image\" content=\"https:\/\/miumjau.ee\/wp-content\/uploads\/2025\/05\/frigera-koerte-maius-naturaalsed-veiselihaloigud-100-g-1-Photoroom.webp\" \/>\n\t<meta property=\"og:image:width\" content=\"600\" \/>\n\t<meta property=\"og:image:height\" content=\"800\" \/>\n\t<meta property=\"og:image:type\" content=\"image\/webp\" \/>\n<meta name=\"twitter:card\" content=\"summary_large_image\" \/>\n<script type=\"application\/ld+json\" class=\"yoast-schema-graph\">{\"@context\":\"https:\/\/schema.org\",\"@graph\":[{\"@type\":\"WebPage\",\"@id\":\"https:\/\/miumjau.ee\/fi\/tuote\/luonnolliset-kuivatut-naudan-fileepalat-frigera-100-g\/\",\"url\":\"https:\/\/miumjau.ee\/fi\/tuote\/luonnolliset-kuivatut-naudan-fileepalat-frigera-100-g\/\",\"name\":\"Luonnolliset kuivatut naudan fileepalat Frigera 100 g - MiuMjau\",\"isPartOf\":{\"@id\":\"https:\/\/miumjau.ee\/#website\"},\"primaryImageOfPage\":{\"@id\":\"https:\/\/miumjau.ee\/fi\/tuote\/luonnolliset-kuivatut-naudan-fileepalat-frigera-100-g\/#primaryimage\"},\"image\":{\"@id\":\"https:\/\/miumjau.ee\/fi\/tuote\/luonnolliset-kuivatut-naudan-fileepalat-frigera-100-g\/#primaryimage\"},\"thumbnailUrl\":\"https:\/\/miumjau.ee\/wp-content\/uploads\/2025\/05\/frigera-koerte-maius-naturaalsed-veiselihaloigud-100-g-1-Photoroom.webp\",\"datePublished\":\"2025-05-29T18:04:42+00:00\",\"dateModified\":\"2026-01-07T20:45:31+00:00\",\"breadcrumb\":{\"@id\":\"https:\/\/miumjau.ee\/fi\/tuote\/luonnolliset-kuivatut-naudan-fileepalat-frigera-100-g\/#breadcrumb\"},\"inLanguage\":\"fi\",\"potentialAction\":[{\"@type\":\"ReadAction\",\"target\":[\"https:\/\/miumjau.ee\/fi\/tuote\/luonnolliset-kuivatut-naudan-fileepalat-frigera-100-g\/\"]}]},{\"@type\":\"ImageObject\",\"inLanguage\":\"fi\",\"@id\":\"https:\/\/miumjau.ee\/fi\/tuote\/luonnolliset-kuivatut-naudan-fileepalat-frigera-100-g\/#primaryimage\",\"url\":\"https:\/\/miumjau.ee\/wp-content\/uploads\/2025\/05\/frigera-koerte-maius-naturaalsed-veiselihaloigud-100-g-1-Photoroom.webp\",\"contentUrl\":\"https:\/\/miumjau.ee\/wp-content\/uploads\/2025\/05\/frigera-koerte-maius-naturaalsed-veiselihaloigud-100-g-1-Photoroom.webp\",\"width\":600,\"height\":800,\"caption\":\"Kuivatatud veise filee l\u00f5igud frigera\"},{\"@type\":\"BreadcrumbList\",\"@id\":\"https:\/\/miumjau.ee\/fi\/tuote\/luonnolliset-kuivatut-naudan-fileepalat-frigera-100-g\/#breadcrumb\",\"itemListElement\":[{\"@type\":\"ListItem\",\"position\":1,\"name\":\"Home\",\"item\":\"https:\/\/miumjau.ee\/fi\/\"},{\"@type\":\"ListItem\",\"position\":2,\"name\":\"Kauppa\",\"item\":\"https:\/\/miumjau.ee\/fi\/kauppa\/\"},{\"@type\":\"ListItem\",\"position\":3,\"name\":\"Luonnolliset kuivatut naudan fileepalat Frigera 100 g\"}]},{\"@type\":\"WebSite\",\"@id\":\"https:\/\/miumjau.ee\/#website\",\"url\":\"https:\/\/miumjau.ee\/\",\"name\":\"MiuMjau\",\"description\":\"Kraapimispuud kassidele\",\"publisher\":{\"@id\":\"https:\/\/miumjau.ee\/#organization\"},\"potentialAction\":[{\"@type\":\"SearchAction\",\"target\":{\"@type\":\"EntryPoint\",\"urlTemplate\":\"https:\/\/miumjau.ee\/?s={search_term_string}\"},\"query-input\":{\"@type\":\"PropertyValueSpecification\",\"valueRequired\":true,\"valueName\":\"search_term_string\"}}],\"inLanguage\":\"fi\"},{\"@type\":\"Organization\",\"@id\":\"https:\/\/miumjau.ee\/#organization\",\"name\":\"MiuMjau O\u00dc\",\"url\":\"https:\/\/miumjau.ee\/\",\"logo\":{\"@type\":\"ImageObject\",\"inLanguage\":\"fi\",\"@id\":\"https:\/\/miumjau.ee\/#\/schema\/logo\/image\/\",\"url\":\"https:\/\/miumjau.ee\/wp-content\/uploads\/2022\/04\/MiuMjau-logo-kollane.png\",\"contentUrl\":\"https:\/\/miumjau.ee\/wp-content\/uploads\/2022\/04\/MiuMjau-logo-kollane.png\",\"width\":219,\"height\":100,\"caption\":\"MiuMjau O\u00dc\"},\"image\":{\"@id\":\"https:\/\/miumjau.ee\/#\/schema\/logo\/image\/\"},\"sameAs\":[\"https:\/\/www.facebook.com\/miumjaupood\/\"]}]}<\/script>\n<!-- \/ Yoast SEO plugin. -->","yoast_head_json":{"title":"Luonnolliset kuivatut naudan fileepalat Frigera 100 g - MiuMjau","robots":{"index":"index","follow":"follow","max-snippet":"max-snippet:-1","max-image-preview":"max-image-preview:large","max-video-preview":"max-video-preview:-1"},"canonical":"https:\/\/miumjau.ee\/fi\/tuote\/luonnolliset-kuivatut-naudan-fileepalat-frigera-100-g\/","og_locale":"fi_FI","og_type":"article","og_title":"Luonnolliset kuivatut naudan fileepalat Frigera 100 g - MiuMjau","og_description":"Haluatko todella hemmotella karvaista yst\u00e4v\u00e4\u00e4si? Esittelemme friGERA-naudanlihaleikkeet \u2013 t\u00e4ydellinen tapa palkita koirasi! Naudanlihaleikkeemme ovat herkullisia v\u00e4lipaloja, jotka on valmistettu laadukkaimmasta lihasta. Ne on hell\u00e4varaisesti ilmakuivattu pehme\u00e4n mutta hieman rouskuvan rakenteen saavuttamiseksi. T\u00e4ydellinen pitk\u00e4kestoiseen nautiskeluun \u2013 esimerkiksi silloin, kun l\u00e4hdet t\u00f6ihin. Ja mik\u00e4 parasta \u2013 t\u00e4t\u00e4 luonnollisemmaksi herkku ei en\u00e4\u00e4 muutu! Leikkeet ovat runsasproteiinisia ja sis\u00e4lt\u00e4v\u00e4t runsaasti rautaa, sinkki\u00e4, magnesiumia ja B12-vitamiinia, jotka tukevat lihasten terveytt\u00e4 ja tarjoavat koiralle t\u00e4rkeit\u00e4 ravintoaineita. Koska palat on leikattu k\u00e4tev\u00e4sti ja ne on helppo annostella, ne sopivat kaikenkokoisille koirille \u2013 jopa pennut nauttivat t\u00e4st\u00e4 herkkupalasta! Koostumus: 100 % naudanliha K\u00e4ytt\u00f6ohje: Anna v\u00e4lipalana tai palkkiona aterioiden v\u00e4lill\u00e4 osana tasapainoista ruokavaliota. Valvo koiraa ruokinnan aikana ja tarjoa aina raikasta vett\u00e4. Ei sovellu ihmisravinnoksi. Analyyttinen koostumus: Proteiini 65 %, Rasva 4,6 %, Tuhka 3,2 %, Kuitu 1,8 %, Kosteus 13 %","og_url":"https:\/\/miumjau.ee\/fi\/tuote\/luonnolliset-kuivatut-naudan-fileepalat-frigera-100-g\/","og_site_name":"MiuMjau","article_publisher":"https:\/\/www.facebook.com\/miumjaupood\/","article_modified_time":"2026-01-07T20:45:31+00:00","og_image":[{"width":600,"height":800,"url":"https:\/\/miumjau.ee\/wp-content\/uploads\/2025\/05\/frigera-koerte-maius-naturaalsed-veiselihaloigud-100-g-1-Photoroom.webp","type":"image\/webp"}],"twitter_card":"summary_large_image","schema":{"@context":"https:\/\/schema.org","@graph":[{"@type":"WebPage","@id":"https:\/\/miumjau.ee\/fi\/tuote\/luonnolliset-kuivatut-naudan-fileepalat-frigera-100-g\/","url":"https:\/\/miumjau.ee\/fi\/tuote\/luonnolliset-kuivatut-naudan-fileepalat-frigera-100-g\/","name":"Luonnolliset kuivatut naudan fileepalat Frigera 100 g - MiuMjau","isPartOf":{"@id":"https:\/\/miumjau.ee\/#website"},"primaryImageOfPage":{"@id":"https:\/\/miumjau.ee\/fi\/tuote\/luonnolliset-kuivatut-naudan-fileepalat-frigera-100-g\/#primaryimage"},"image":{"@id":"https:\/\/miumjau.ee\/fi\/tuote\/luonnolliset-kuivatut-naudan-fileepalat-frigera-100-g\/#primaryimage"},"thumbnailUrl":"https:\/\/miumjau.ee\/wp-content\/uploads\/2025\/05\/frigera-koerte-maius-naturaalsed-veiselihaloigud-100-g-1-Photoroom.webp","datePublished":"2025-05-29T18:04:42+00:00","dateModified":"2026-01-07T20:45:31+00:00","breadcrumb":{"@id":"https:\/\/miumjau.ee\/fi\/tuote\/luonnolliset-kuivatut-naudan-fileepalat-frigera-100-g\/#breadcrumb"},"inLanguage":"fi","potentialAction":[{"@type":"ReadAction","target":["https:\/\/miumjau.ee\/fi\/tuote\/luonnolliset-kuivatut-naudan-fileepalat-frigera-100-g\/"]}]},{"@type":"ImageObject","inLanguage":"fi","@id":"https:\/\/miumjau.ee\/fi\/tuote\/luonnolliset-kuivatut-naudan-fileepalat-frigera-100-g\/#primaryimage","url":"https:\/\/miumjau.ee\/wp-content\/uploads\/2025\/05\/frigera-koerte-maius-naturaalsed-veiselihaloigud-100-g-1-Photoroom.webp","contentUrl":"https:\/\/miumjau.ee\/wp-content\/uploads\/2025\/05\/frigera-koerte-maius-naturaalsed-veiselihaloigud-100-g-1-Photoroom.webp","width":600,"height":800,"caption":"Kuivatatud veise filee l\u00f5igud frigera"},{"@type":"BreadcrumbList","@id":"https:\/\/miumjau.ee\/fi\/tuote\/luonnolliset-kuivatut-naudan-fileepalat-frigera-100-g\/#breadcrumb","itemListElement":[{"@type":"ListItem","position":1,"name":"Home","item":"https:\/\/miumjau.ee\/fi\/"},{"@type":"ListItem","position":2,"name":"Kauppa","item":"https:\/\/miumjau.ee\/fi\/kauppa\/"},{"@type":"ListItem","position":3,"name":"Luonnolliset kuivatut naudan fileepalat Frigera 100 g"}]},{"@type":"WebSite","@id":"https:\/\/miumjau.ee\/#website","url":"https:\/\/miumjau.ee\/","name":"MiuMjau","description":"Kraapimispuud kassidele","publisher":{"@id":"https:\/\/miumjau.ee\/#organization"},"potentialAction":[{"@type":"SearchAction","target":{"@type":"EntryPoint","urlTemplate":"https:\/\/miumjau.ee\/?s={search_term_string}"},"query-input":{"@type":"PropertyValueSpecification","valueRequired":true,"valueName":"search_term_string"}}],"inLanguage":"fi"},{"@type":"Organization","@id":"https:\/\/miumjau.ee\/#organization","name":"MiuMjau O\u00dc","url":"https:\/\/miumjau.ee\/","logo":{"@type":"ImageObject","inLanguage":"fi","@id":"https:\/\/miumjau.ee\/#\/schema\/logo\/image\/","url":"https:\/\/miumjau.ee\/wp-content\/uploads\/2022\/04\/MiuMjau-logo-kollane.png","contentUrl":"https:\/\/miumjau.ee\/wp-content\/uploads\/2022\/04\/MiuMjau-logo-kollane.png","width":219,"height":100,"caption":"MiuMjau O\u00dc"},"image":{"@id":"https:\/\/miumjau.ee\/#\/schema\/logo\/image\/"},"sameAs":["https:\/\/www.facebook.com\/miumjaupood\/"]}]}},"_links":{"self":[{"href":"https:\/\/miumjau.ee\/fi\/wp-json\/wp\/v2\/product\/47947","targetHints":{"allow":["GET"]}}],"collection":[{"href":"https:\/\/miumjau.ee\/fi\/wp-json\/wp\/v2\/product"}],"about":[{"href":"https:\/\/miumjau.ee\/fi\/wp-json\/wp\/v2\/types\/product"}],"wp:featuredmedia":[{"embeddable":true,"href":"https:\/\/miumjau.ee\/fi\/wp-json\/wp\/v2\/media\/34322"}],"wp:attachment":[{"href":"https:\/\/miumjau.ee\/fi\/wp-json\/wp\/v2\/media?parent=47947"}],"wp:term":[{"taxonomy":"product_brand","embeddable":true,"href":"https:\/\/miumjau.ee\/fi\/wp-json\/wp\/v2\/product_brand?post=47947"},{"taxonomy":"product_cat","embeddable":true,"href":"https:\/\/miumjau.ee\/fi\/wp-json\/wp\/v2\/product_cat?post=47947"},{"taxonomy":"product_tag","embeddable":true,"href":"https:\/\/miumjau.ee\/fi\/wp-json\/wp\/v2\/product_tag?post=47947"}],"curies":[{"name":"wp","href":"https:\/\/api.w.org\/{rel}","templated":true}]}}