{"id":47942,"date":"2025-05-29T21:16:49","date_gmt":"2025-05-29T18:16:49","guid":{"rendered":"https:\/\/miumjau.ee\/toode\/vasikan-sorkat-luonnollinen-herkku-frigera-10-kpl\/"},"modified":"2026-01-07T22:45:31","modified_gmt":"2026-01-07T20:45:31","slug":"vasikan-sorkat-luonnollinen-herkku-frigera-10-kpl","status":"publish","type":"product","link":"https:\/\/miumjau.ee\/fi\/tuote\/vasikan-sorkat-luonnollinen-herkku-frigera-10-kpl\/","title":{"rendered":"Vasikan sorkat, luonnollinen herkku Frigera 10 kpl"},"content":{"rendered":"","protected":false},"excerpt":{"rendered":"<p data-start=\"1536\" data-end=\"1709\">Miksi kuluttaa rahaa kalliisiin synteettisiin puruleluihin, kun luonto tarjoaa paremman ja terveellisemm\u00e4n vaihtoehdon? Juuri niin \u2013 voittajaksi valikoituvat vasikan sorkat!<\/p>\n<p data-start=\"1711\" data-end=\"2057\">friGERA-vasikansorkat ovat erinomaisia herkkuja nuorille koirille, joilla on voimakas purutarve \u2013 ne tukevat hammashygieniaa ja auttavat pentuja hampaiden vaihtumisen aikana. Lis\u00e4ksi sorkissa on runsaasti keratiinia (proteiinityyppi), mutta hyvin v\u00e4h\u00e4n rasvaa, joten ne tukevat terveiden lihasten ja turkin kehityst\u00e4 ilman ylim\u00e4\u00e4r\u00e4isi\u00e4 kaloreita.<\/p>\n<p data-start=\"2059\" data-end=\"2375\">Sorkat ovat helposti sulavia ja miedon hajuisia, joten ne sopivat hyvin my\u00f6s sis\u00e4tiloihin tai kaupunkiymp\u00e4rist\u00f6\u00f6n! Vinkki: t\u00e4yt\u00e4 sorkat jollakin, mist\u00e4 koirasi pit\u00e4\u00e4 \u2013 maukas tahna, lihasose, m\u00e4rk\u00e4ruoka jne. Mahdollisuudet ovat loputtomat! T\u00e4m\u00e4 on edullinen ja tehokas tapa opettaa koiralle hyv\u00e4\u00e4 puruk\u00e4ytt\u00e4ytymist\u00e4.<\/p>\n<p data-start=\"2377\" data-end=\"2596\">Toisin kuin tavalliset lelut, joista ei t\u00e4ytteen j\u00e4lkeen ole ravintoarvoa, j\u00e4ljelle j\u00e4\u00e4 viel\u00e4 itse sorkka \u2013 lis\u00e4bonus palkkaukseen ja leikkiin! Kaipaatko t\u00e4yteideoita? Verkosta l\u00f6ytyy suuri yhteis\u00f6 t\u00e4ynn\u00e4 inspiraatiota!<\/p>\n<p data-start=\"2598\" data-end=\"2627\">Koostumus: 100 % naudanliha<\/p>\n<p data-start=\"2629\" data-end=\"2808\">K\u00e4ytt\u00f6ohje: Anna v\u00e4lipalana tai palkkiona aterioiden v\u00e4lill\u00e4 osana tasapainoista ruokavaliota. Valvo koiraa sen sy\u00f6dess\u00e4 ja tarjoa aina raikasta vett\u00e4. Ei sovellu ihmisravinnoksi.<\/p>\n<p data-start=\"2810\" data-end=\"2880\">Analyyttinen koostumus: Proteiini 86,44 %, Rasva 3,07 %, Kosteus 7,4 %<\/p>\n","protected":false},"featured_media":34526,"template":"","meta":[],"product_brand":[],"product_cat":[480],"product_tag":[],"class_list":{"0":"post-47942","1":"product","2":"type-product","3":"status-publish","4":"has-post-thumbnail","6":"product_cat-herkut-koirille","8":"first","9":"instock","10":"sale","11":"taxable","12":"shipping-taxable","13":"purchasable","14":"product-type-simple"},"yoast_head":"<!-- This site is optimized with the Yoast SEO plugin v27.4 - https:\/\/yoast.com\/product\/yoast-seo-wordpress\/ -->\n<title>Vasikan sorkat, luonnollinen herkku Frigera 10 kpl - MiuMjau<\/title>\n<meta name=\"robots\" content=\"index, follow, max-snippet:-1, max-image-preview:large, max-video-preview:-1\" \/>\n<link rel=\"canonical\" href=\"https:\/\/miumjau.ee\/fi\/tuote\/vasikan-sorkat-luonnollinen-herkku-frigera-10-kpl\/\" \/>\n<meta property=\"og:locale\" content=\"fi_FI\" \/>\n<meta property=\"og:type\" content=\"article\" \/>\n<meta property=\"og:title\" content=\"Vasikan sorkat, luonnollinen herkku Frigera 10 kpl - MiuMjau\" \/>\n<meta property=\"og:description\" content=\"Miksi kuluttaa rahaa kalliisiin synteettisiin puruleluihin, kun luonto tarjoaa paremman ja terveellisemm\u00e4n vaihtoehdon? Juuri niin \u2013 voittajaksi valikoituvat vasikan sorkat! friGERA-vasikansorkat ovat erinomaisia herkkuja nuorille koirille, joilla on voimakas purutarve \u2013 ne tukevat hammashygieniaa ja auttavat pentuja hampaiden vaihtumisen aikana. Lis\u00e4ksi sorkissa on runsaasti keratiinia (proteiinityyppi), mutta hyvin v\u00e4h\u00e4n rasvaa, joten ne tukevat terveiden lihasten ja turkin kehityst\u00e4 ilman ylim\u00e4\u00e4r\u00e4isi\u00e4 kaloreita. Sorkat ovat helposti sulavia ja miedon hajuisia, joten ne sopivat hyvin my\u00f6s sis\u00e4tiloihin tai kaupunkiymp\u00e4rist\u00f6\u00f6n! Vinkki: t\u00e4yt\u00e4 sorkat jollakin, mist\u00e4 koirasi pit\u00e4\u00e4 \u2013 maukas tahna, lihasose, m\u00e4rk\u00e4ruoka jne. Mahdollisuudet ovat loputtomat! T\u00e4m\u00e4 on edullinen ja tehokas tapa opettaa koiralle hyv\u00e4\u00e4 puruk\u00e4ytt\u00e4ytymist\u00e4. Toisin kuin tavalliset lelut, joista ei t\u00e4ytteen j\u00e4lkeen ole ravintoarvoa, j\u00e4ljelle j\u00e4\u00e4 viel\u00e4 itse sorkka \u2013 lis\u00e4bonus palkkaukseen ja leikkiin! Kaipaatko t\u00e4yteideoita? Verkosta l\u00f6ytyy suuri yhteis\u00f6 t\u00e4ynn\u00e4 inspiraatiota! Koostumus: 100 % naudanliha K\u00e4ytt\u00f6ohje: Anna v\u00e4lipalana tai palkkiona aterioiden v\u00e4lill\u00e4 osana tasapainoista ruokavaliota. Valvo koiraa sen sy\u00f6dess\u00e4 ja tarjoa aina raikasta vett\u00e4. Ei sovellu ihmisravinnoksi. Analyyttinen koostumus: Proteiini 86,44 %, Rasva 3,07 %, Kosteus 7,4 %\" \/>\n<meta property=\"og:url\" content=\"https:\/\/miumjau.ee\/fi\/tuote\/vasikan-sorkat-luonnollinen-herkku-frigera-10-kpl\/\" \/>\n<meta property=\"og:site_name\" content=\"MiuMjau\" \/>\n<meta property=\"article:publisher\" content=\"https:\/\/www.facebook.com\/miumjaupood\/\" \/>\n<meta property=\"article:modified_time\" content=\"2026-01-07T20:45:31+00:00\" \/>\n<meta property=\"og:image\" content=\"https:\/\/miumjau.ee\/wp-content\/uploads\/2025\/05\/frigera-koerte-maius-vasikakabjad-10tk-1-Photoroom.webp\" \/>\n\t<meta property=\"og:image:width\" content=\"600\" \/>\n\t<meta property=\"og:image:height\" content=\"800\" \/>\n\t<meta property=\"og:image:type\" content=\"image\/webp\" \/>\n<meta name=\"twitter:card\" content=\"summary_large_image\" \/>\n<script type=\"application\/ld+json\" class=\"yoast-schema-graph\">{\"@context\":\"https:\\\/\\\/schema.org\",\"@graph\":[{\"@type\":\"WebPage\",\"@id\":\"https:\\\/\\\/miumjau.ee\\\/fi\\\/tuote\\\/vasikan-sorkat-luonnollinen-herkku-frigera-10-kpl\\\/\",\"url\":\"https:\\\/\\\/miumjau.ee\\\/fi\\\/tuote\\\/vasikan-sorkat-luonnollinen-herkku-frigera-10-kpl\\\/\",\"name\":\"Vasikan sorkat, luonnollinen herkku Frigera 10 kpl - MiuMjau\",\"isPartOf\":{\"@id\":\"https:\\\/\\\/miumjau.ee\\\/#website\"},\"primaryImageOfPage\":{\"@id\":\"https:\\\/\\\/miumjau.ee\\\/fi\\\/tuote\\\/vasikan-sorkat-luonnollinen-herkku-frigera-10-kpl\\\/#primaryimage\"},\"image\":{\"@id\":\"https:\\\/\\\/miumjau.ee\\\/fi\\\/tuote\\\/vasikan-sorkat-luonnollinen-herkku-frigera-10-kpl\\\/#primaryimage\"},\"thumbnailUrl\":\"https:\\\/\\\/miumjau.ee\\\/wp-content\\\/uploads\\\/2025\\\/05\\\/frigera-koerte-maius-vasikakabjad-10tk-1-Photoroom.webp\",\"datePublished\":\"2025-05-29T18:16:49+00:00\",\"dateModified\":\"2026-01-07T20:45:31+00:00\",\"breadcrumb\":{\"@id\":\"https:\\\/\\\/miumjau.ee\\\/fi\\\/tuote\\\/vasikan-sorkat-luonnollinen-herkku-frigera-10-kpl\\\/#breadcrumb\"},\"inLanguage\":\"fi\",\"potentialAction\":[{\"@type\":\"ReadAction\",\"target\":[\"https:\\\/\\\/miumjau.ee\\\/fi\\\/tuote\\\/vasikan-sorkat-luonnollinen-herkku-frigera-10-kpl\\\/\"]}]},{\"@type\":\"ImageObject\",\"inLanguage\":\"fi\",\"@id\":\"https:\\\/\\\/miumjau.ee\\\/fi\\\/tuote\\\/vasikan-sorkat-luonnollinen-herkku-frigera-10-kpl\\\/#primaryimage\",\"url\":\"https:\\\/\\\/miumjau.ee\\\/wp-content\\\/uploads\\\/2025\\\/05\\\/frigera-koerte-maius-vasikakabjad-10tk-1-Photoroom.webp\",\"contentUrl\":\"https:\\\/\\\/miumjau.ee\\\/wp-content\\\/uploads\\\/2025\\\/05\\\/frigera-koerte-maius-vasikakabjad-10tk-1-Photoroom.webp\",\"width\":600,\"height\":800,\"caption\":\"Vasika s\u00f5rad, naturaalne maius koertele 10 tk\"},{\"@type\":\"BreadcrumbList\",\"@id\":\"https:\\\/\\\/miumjau.ee\\\/fi\\\/tuote\\\/vasikan-sorkat-luonnollinen-herkku-frigera-10-kpl\\\/#breadcrumb\",\"itemListElement\":[{\"@type\":\"ListItem\",\"position\":1,\"name\":\"Home\",\"item\":\"https:\\\/\\\/miumjau.ee\\\/fi\\\/\"},{\"@type\":\"ListItem\",\"position\":2,\"name\":\"Kauppa\",\"item\":\"https:\\\/\\\/miumjau.ee\\\/fi\\\/kauppa\\\/\"},{\"@type\":\"ListItem\",\"position\":3,\"name\":\"Vasikan sorkat, luonnollinen herkku Frigera 10 kpl\"}]},{\"@type\":\"WebSite\",\"@id\":\"https:\\\/\\\/miumjau.ee\\\/#website\",\"url\":\"https:\\\/\\\/miumjau.ee\\\/\",\"name\":\"MiuMjau\",\"description\":\"Kraapimispuud kassidele\",\"publisher\":{\"@id\":\"https:\\\/\\\/miumjau.ee\\\/#organization\"},\"potentialAction\":[{\"@type\":\"SearchAction\",\"target\":{\"@type\":\"EntryPoint\",\"urlTemplate\":\"https:\\\/\\\/miumjau.ee\\\/?s={search_term_string}\"},\"query-input\":{\"@type\":\"PropertyValueSpecification\",\"valueRequired\":true,\"valueName\":\"search_term_string\"}}],\"inLanguage\":\"fi\"},{\"@type\":\"Organization\",\"@id\":\"https:\\\/\\\/miumjau.ee\\\/#organization\",\"name\":\"MiuMjau O\u00dc\",\"url\":\"https:\\\/\\\/miumjau.ee\\\/\",\"logo\":{\"@type\":\"ImageObject\",\"inLanguage\":\"fi\",\"@id\":\"https:\\\/\\\/miumjau.ee\\\/#\\\/schema\\\/logo\\\/image\\\/\",\"url\":\"https:\\\/\\\/miumjau.ee\\\/wp-content\\\/uploads\\\/2022\\\/04\\\/MiuMjau-logo-kollane.png\",\"contentUrl\":\"https:\\\/\\\/miumjau.ee\\\/wp-content\\\/uploads\\\/2022\\\/04\\\/MiuMjau-logo-kollane.png\",\"width\":219,\"height\":100,\"caption\":\"MiuMjau O\u00dc\"},\"image\":{\"@id\":\"https:\\\/\\\/miumjau.ee\\\/#\\\/schema\\\/logo\\\/image\\\/\"},\"sameAs\":[\"https:\\\/\\\/www.facebook.com\\\/miumjaupood\\\/\"]}]}<\/script>\n<!-- \/ Yoast SEO plugin. -->","yoast_head_json":{"title":"Vasikan sorkat, luonnollinen herkku Frigera 10 kpl - MiuMjau","robots":{"index":"index","follow":"follow","max-snippet":"max-snippet:-1","max-image-preview":"max-image-preview:large","max-video-preview":"max-video-preview:-1"},"canonical":"https:\/\/miumjau.ee\/fi\/tuote\/vasikan-sorkat-luonnollinen-herkku-frigera-10-kpl\/","og_locale":"fi_FI","og_type":"article","og_title":"Vasikan sorkat, luonnollinen herkku Frigera 10 kpl - MiuMjau","og_description":"Miksi kuluttaa rahaa kalliisiin synteettisiin puruleluihin, kun luonto tarjoaa paremman ja terveellisemm\u00e4n vaihtoehdon? Juuri niin \u2013 voittajaksi valikoituvat vasikan sorkat! friGERA-vasikansorkat ovat erinomaisia herkkuja nuorille koirille, joilla on voimakas purutarve \u2013 ne tukevat hammashygieniaa ja auttavat pentuja hampaiden vaihtumisen aikana. Lis\u00e4ksi sorkissa on runsaasti keratiinia (proteiinityyppi), mutta hyvin v\u00e4h\u00e4n rasvaa, joten ne tukevat terveiden lihasten ja turkin kehityst\u00e4 ilman ylim\u00e4\u00e4r\u00e4isi\u00e4 kaloreita. Sorkat ovat helposti sulavia ja miedon hajuisia, joten ne sopivat hyvin my\u00f6s sis\u00e4tiloihin tai kaupunkiymp\u00e4rist\u00f6\u00f6n! Vinkki: t\u00e4yt\u00e4 sorkat jollakin, mist\u00e4 koirasi pit\u00e4\u00e4 \u2013 maukas tahna, lihasose, m\u00e4rk\u00e4ruoka jne. Mahdollisuudet ovat loputtomat! T\u00e4m\u00e4 on edullinen ja tehokas tapa opettaa koiralle hyv\u00e4\u00e4 puruk\u00e4ytt\u00e4ytymist\u00e4. Toisin kuin tavalliset lelut, joista ei t\u00e4ytteen j\u00e4lkeen ole ravintoarvoa, j\u00e4ljelle j\u00e4\u00e4 viel\u00e4 itse sorkka \u2013 lis\u00e4bonus palkkaukseen ja leikkiin! Kaipaatko t\u00e4yteideoita? Verkosta l\u00f6ytyy suuri yhteis\u00f6 t\u00e4ynn\u00e4 inspiraatiota! Koostumus: 100 % naudanliha K\u00e4ytt\u00f6ohje: Anna v\u00e4lipalana tai palkkiona aterioiden v\u00e4lill\u00e4 osana tasapainoista ruokavaliota. Valvo koiraa sen sy\u00f6dess\u00e4 ja tarjoa aina raikasta vett\u00e4. Ei sovellu ihmisravinnoksi. Analyyttinen koostumus: Proteiini 86,44 %, Rasva 3,07 %, Kosteus 7,4 %","og_url":"https:\/\/miumjau.ee\/fi\/tuote\/vasikan-sorkat-luonnollinen-herkku-frigera-10-kpl\/","og_site_name":"MiuMjau","article_publisher":"https:\/\/www.facebook.com\/miumjaupood\/","article_modified_time":"2026-01-07T20:45:31+00:00","og_image":[{"width":600,"height":800,"url":"https:\/\/miumjau.ee\/wp-content\/uploads\/2025\/05\/frigera-koerte-maius-vasikakabjad-10tk-1-Photoroom.webp","type":"image\/webp"}],"twitter_card":"summary_large_image","schema":{"@context":"https:\/\/schema.org","@graph":[{"@type":"WebPage","@id":"https:\/\/miumjau.ee\/fi\/tuote\/vasikan-sorkat-luonnollinen-herkku-frigera-10-kpl\/","url":"https:\/\/miumjau.ee\/fi\/tuote\/vasikan-sorkat-luonnollinen-herkku-frigera-10-kpl\/","name":"Vasikan sorkat, luonnollinen herkku Frigera 10 kpl - MiuMjau","isPartOf":{"@id":"https:\/\/miumjau.ee\/#website"},"primaryImageOfPage":{"@id":"https:\/\/miumjau.ee\/fi\/tuote\/vasikan-sorkat-luonnollinen-herkku-frigera-10-kpl\/#primaryimage"},"image":{"@id":"https:\/\/miumjau.ee\/fi\/tuote\/vasikan-sorkat-luonnollinen-herkku-frigera-10-kpl\/#primaryimage"},"thumbnailUrl":"https:\/\/miumjau.ee\/wp-content\/uploads\/2025\/05\/frigera-koerte-maius-vasikakabjad-10tk-1-Photoroom.webp","datePublished":"2025-05-29T18:16:49+00:00","dateModified":"2026-01-07T20:45:31+00:00","breadcrumb":{"@id":"https:\/\/miumjau.ee\/fi\/tuote\/vasikan-sorkat-luonnollinen-herkku-frigera-10-kpl\/#breadcrumb"},"inLanguage":"fi","potentialAction":[{"@type":"ReadAction","target":["https:\/\/miumjau.ee\/fi\/tuote\/vasikan-sorkat-luonnollinen-herkku-frigera-10-kpl\/"]}]},{"@type":"ImageObject","inLanguage":"fi","@id":"https:\/\/miumjau.ee\/fi\/tuote\/vasikan-sorkat-luonnollinen-herkku-frigera-10-kpl\/#primaryimage","url":"https:\/\/miumjau.ee\/wp-content\/uploads\/2025\/05\/frigera-koerte-maius-vasikakabjad-10tk-1-Photoroom.webp","contentUrl":"https:\/\/miumjau.ee\/wp-content\/uploads\/2025\/05\/frigera-koerte-maius-vasikakabjad-10tk-1-Photoroom.webp","width":600,"height":800,"caption":"Vasika s\u00f5rad, naturaalne maius koertele 10 tk"},{"@type":"BreadcrumbList","@id":"https:\/\/miumjau.ee\/fi\/tuote\/vasikan-sorkat-luonnollinen-herkku-frigera-10-kpl\/#breadcrumb","itemListElement":[{"@type":"ListItem","position":1,"name":"Home","item":"https:\/\/miumjau.ee\/fi\/"},{"@type":"ListItem","position":2,"name":"Kauppa","item":"https:\/\/miumjau.ee\/fi\/kauppa\/"},{"@type":"ListItem","position":3,"name":"Vasikan sorkat, luonnollinen herkku Frigera 10 kpl"}]},{"@type":"WebSite","@id":"https:\/\/miumjau.ee\/#website","url":"https:\/\/miumjau.ee\/","name":"MiuMjau","description":"Kraapimispuud kassidele","publisher":{"@id":"https:\/\/miumjau.ee\/#organization"},"potentialAction":[{"@type":"SearchAction","target":{"@type":"EntryPoint","urlTemplate":"https:\/\/miumjau.ee\/?s={search_term_string}"},"query-input":{"@type":"PropertyValueSpecification","valueRequired":true,"valueName":"search_term_string"}}],"inLanguage":"fi"},{"@type":"Organization","@id":"https:\/\/miumjau.ee\/#organization","name":"MiuMjau O\u00dc","url":"https:\/\/miumjau.ee\/","logo":{"@type":"ImageObject","inLanguage":"fi","@id":"https:\/\/miumjau.ee\/#\/schema\/logo\/image\/","url":"https:\/\/miumjau.ee\/wp-content\/uploads\/2022\/04\/MiuMjau-logo-kollane.png","contentUrl":"https:\/\/miumjau.ee\/wp-content\/uploads\/2022\/04\/MiuMjau-logo-kollane.png","width":219,"height":100,"caption":"MiuMjau O\u00dc"},"image":{"@id":"https:\/\/miumjau.ee\/#\/schema\/logo\/image\/"},"sameAs":["https:\/\/www.facebook.com\/miumjaupood\/"]}]}},"_links":{"self":[{"href":"https:\/\/miumjau.ee\/fi\/wp-json\/wp\/v2\/product\/47942","targetHints":{"allow":["GET"]}}],"collection":[{"href":"https:\/\/miumjau.ee\/fi\/wp-json\/wp\/v2\/product"}],"about":[{"href":"https:\/\/miumjau.ee\/fi\/wp-json\/wp\/v2\/types\/product"}],"wp:featuredmedia":[{"embeddable":true,"href":"https:\/\/miumjau.ee\/fi\/wp-json\/wp\/v2\/media\/34526"}],"wp:attachment":[{"href":"https:\/\/miumjau.ee\/fi\/wp-json\/wp\/v2\/media?parent=47942"}],"wp:term":[{"taxonomy":"product_brand","embeddable":true,"href":"https:\/\/miumjau.ee\/fi\/wp-json\/wp\/v2\/product_brand?post=47942"},{"taxonomy":"product_cat","embeddable":true,"href":"https:\/\/miumjau.ee\/fi\/wp-json\/wp\/v2\/product_cat?post=47942"},{"taxonomy":"product_tag","embeddable":true,"href":"https:\/\/miumjau.ee\/fi\/wp-json\/wp\/v2\/product_tag?post=47942"}],"curies":[{"name":"wp","href":"https:\/\/api.w.org\/{rel}","templated":true}]}}