{"id":47937,"date":"2025-05-29T21:34:42","date_gmt":"2025-05-29T18:34:42","guid":{"rendered":"https:\/\/miumjau.ee\/toode\/vahva-puruherkku-naudan-hanta-frigera-250-g\/"},"modified":"2026-01-07T22:45:31","modified_gmt":"2026-01-07T20:45:31","slug":"vahva-puruherkku-naudan-hanta-frigera-250-g","status":"publish","type":"product","link":"https:\/\/miumjau.ee\/fi\/tuote\/vahva-puruherkku-naudan-hanta-frigera-250-g\/","title":{"rendered":"Vahva puruherkku, naudan h\u00e4nt\u00e4 Frigera 250 g"},"content":{"rendered":"","protected":false},"excerpt":{"rendered":"<p data-start=\"1293\" data-end=\"1669\">friGERA naudan h\u00e4nn\u00e4t \u2013 t\u00e4ydelliset vahvat ja pitk\u00e4kestoiset puruherkut kaiken kokoisille koirille! Naudan h\u00e4nt\u00e4 on herkullinen v\u00e4lipala, joka on valmistettu puhtaasta, hell\u00e4varaisesti kuivatusta, vapaasti kasvatettujen nautojen h\u00e4nn\u00e4st\u00e4, joita k\u00e4ytet\u00e4\u00e4n my\u00f6s ihmisravinnoksi. El\u00e4imi\u00e4 kasvatetaan ilman antibiootteja, steroideja tai hormoneja \u2013 luonnollisuutta parhaimmillaan!<\/p>\n<p data-start=\"1671\" data-end=\"1985\">T\u00e4m\u00e4 herkku koostuu p\u00e4\u00e4osin luusta, rustosta, sidekudoksesta ja nahasta, joten se on runsasproteiininen, v\u00e4h\u00e4rasvainen ja sis\u00e4lt\u00e4\u00e4 A-vitamiinia, seleeni\u00e4, sinkki\u00e4, rautaa, kalsiumia, koliinia ja glukosamiinia \u2013 kaikki koiran nivelten terveytt\u00e4 tukevat ravintoaineet. Lis\u00e4ksi pureskelu auttaa puhdistamaan hampaita!<\/p>\n<p data-start=\"1987\" data-end=\"2107\">Jos etsit vaihtoehtoa raakanahalle tai muille klassisille puruherkuille, t\u00e4m\u00e4 voi olla juuri se, mit\u00e4 koirasi tarvitsee!<\/p>\n<p data-start=\"2109\" data-end=\"2138\">Koostumus: 100 % naudanliha<\/p>\n<p data-start=\"2140\" data-end=\"2323\">K\u00e4ytt\u00f6ohje: Anna palkkiona tai v\u00e4lipalana aterioiden v\u00e4lill\u00e4 osana tasapainoista ruokavaliota. Valvo koiraa ruokinnan aikana ja tarjoa aina raikasta vett\u00e4. Ei sovellu ihmisravinnoksi.<\/p>\n<p data-start=\"2325\" data-end=\"2396\">Analyyttinen koostumus: Proteiini 49,84 %, Rasva 15,3 %, Kosteus 7,65 %<\/p>\n","protected":false},"featured_media":40819,"template":"","meta":[],"product_brand":[],"product_cat":[480,139],"product_tag":[],"class_list":{"0":"post-47937","1":"product","2":"type-product","3":"status-publish","4":"has-post-thumbnail","6":"product_cat-herkut-koirille","7":"product_cat-kaup24-fi","9":"first","10":"instock","11":"taxable","12":"shipping-taxable","13":"purchasable","14":"product-type-simple"},"yoast_head":"<!-- This site is optimized with the Yoast SEO plugin v27.4 - https:\/\/yoast.com\/product\/yoast-seo-wordpress\/ -->\n<title>Vahva puruherkku, naudan h\u00e4nt\u00e4 Frigera 250 g - MiuMjau<\/title>\n<meta name=\"robots\" content=\"index, follow, max-snippet:-1, max-image-preview:large, max-video-preview:-1\" \/>\n<link rel=\"canonical\" href=\"https:\/\/miumjau.ee\/fi\/tuote\/vahva-puruherkku-naudan-hanta-frigera-250-g\/\" \/>\n<meta property=\"og:locale\" content=\"fi_FI\" \/>\n<meta property=\"og:type\" content=\"article\" \/>\n<meta property=\"og:title\" content=\"Vahva puruherkku, naudan h\u00e4nt\u00e4 Frigera 250 g - MiuMjau\" \/>\n<meta property=\"og:description\" content=\"friGERA naudan h\u00e4nn\u00e4t \u2013 t\u00e4ydelliset vahvat ja pitk\u00e4kestoiset puruherkut kaiken kokoisille koirille! Naudan h\u00e4nt\u00e4 on herkullinen v\u00e4lipala, joka on valmistettu puhtaasta, hell\u00e4varaisesti kuivatusta, vapaasti kasvatettujen nautojen h\u00e4nn\u00e4st\u00e4, joita k\u00e4ytet\u00e4\u00e4n my\u00f6s ihmisravinnoksi. El\u00e4imi\u00e4 kasvatetaan ilman antibiootteja, steroideja tai hormoneja \u2013 luonnollisuutta parhaimmillaan! T\u00e4m\u00e4 herkku koostuu p\u00e4\u00e4osin luusta, rustosta, sidekudoksesta ja nahasta, joten se on runsasproteiininen, v\u00e4h\u00e4rasvainen ja sis\u00e4lt\u00e4\u00e4 A-vitamiinia, seleeni\u00e4, sinkki\u00e4, rautaa, kalsiumia, koliinia ja glukosamiinia \u2013 kaikki koiran nivelten terveytt\u00e4 tukevat ravintoaineet. Lis\u00e4ksi pureskelu auttaa puhdistamaan hampaita! Jos etsit vaihtoehtoa raakanahalle tai muille klassisille puruherkuille, t\u00e4m\u00e4 voi olla juuri se, mit\u00e4 koirasi tarvitsee! Koostumus: 100 % naudanliha K\u00e4ytt\u00f6ohje: Anna palkkiona tai v\u00e4lipalana aterioiden v\u00e4lill\u00e4 osana tasapainoista ruokavaliota. Valvo koiraa ruokinnan aikana ja tarjoa aina raikasta vett\u00e4. Ei sovellu ihmisravinnoksi. Analyyttinen koostumus: Proteiini 49,84 %, Rasva 15,3 %, Kosteus 7,65 %\" \/>\n<meta property=\"og:url\" content=\"https:\/\/miumjau.ee\/fi\/tuote\/vahva-puruherkku-naudan-hanta-frigera-250-g\/\" \/>\n<meta property=\"og:site_name\" content=\"MiuMjau\" \/>\n<meta property=\"article:publisher\" content=\"https:\/\/www.facebook.com\/miumjaupood\/\" \/>\n<meta property=\"article:modified_time\" content=\"2026-01-07T20:45:31+00:00\" \/>\n<meta property=\"og:image\" content=\"https:\/\/miumjau.ee\/wp-content\/uploads\/2025\/05\/frigera-koerte-maius-harjasaba-250g-1-Photoroom.jpg\" \/>\n\t<meta property=\"og:image:width\" content=\"600\" \/>\n\t<meta property=\"og:image:height\" content=\"800\" \/>\n\t<meta property=\"og:image:type\" content=\"image\/jpeg\" \/>\n<meta name=\"twitter:card\" content=\"summary_large_image\" \/>\n<script type=\"application\/ld+json\" class=\"yoast-schema-graph\">{\"@context\":\"https:\\\/\\\/schema.org\",\"@graph\":[{\"@type\":\"WebPage\",\"@id\":\"https:\\\/\\\/miumjau.ee\\\/fi\\\/tuote\\\/vahva-puruherkku-naudan-hanta-frigera-250-g\\\/\",\"url\":\"https:\\\/\\\/miumjau.ee\\\/fi\\\/tuote\\\/vahva-puruherkku-naudan-hanta-frigera-250-g\\\/\",\"name\":\"Vahva puruherkku, naudan h\u00e4nt\u00e4 Frigera 250 g - MiuMjau\",\"isPartOf\":{\"@id\":\"https:\\\/\\\/miumjau.ee\\\/#website\"},\"primaryImageOfPage\":{\"@id\":\"https:\\\/\\\/miumjau.ee\\\/fi\\\/tuote\\\/vahva-puruherkku-naudan-hanta-frigera-250-g\\\/#primaryimage\"},\"image\":{\"@id\":\"https:\\\/\\\/miumjau.ee\\\/fi\\\/tuote\\\/vahva-puruherkku-naudan-hanta-frigera-250-g\\\/#primaryimage\"},\"thumbnailUrl\":\"https:\\\/\\\/miumjau.ee\\\/wp-content\\\/uploads\\\/2025\\\/05\\\/frigera-koerte-maius-harjasaba-250g-1-Photoroom.jpg\",\"datePublished\":\"2025-05-29T18:34:42+00:00\",\"dateModified\":\"2026-01-07T20:45:31+00:00\",\"breadcrumb\":{\"@id\":\"https:\\\/\\\/miumjau.ee\\\/fi\\\/tuote\\\/vahva-puruherkku-naudan-hanta-frigera-250-g\\\/#breadcrumb\"},\"inLanguage\":\"fi\",\"potentialAction\":[{\"@type\":\"ReadAction\",\"target\":[\"https:\\\/\\\/miumjau.ee\\\/fi\\\/tuote\\\/vahva-puruherkku-naudan-hanta-frigera-250-g\\\/\"]}]},{\"@type\":\"ImageObject\",\"inLanguage\":\"fi\",\"@id\":\"https:\\\/\\\/miumjau.ee\\\/fi\\\/tuote\\\/vahva-puruherkku-naudan-hanta-frigera-250-g\\\/#primaryimage\",\"url\":\"https:\\\/\\\/miumjau.ee\\\/wp-content\\\/uploads\\\/2025\\\/05\\\/frigera-koerte-maius-harjasaba-250g-1-Photoroom.jpg\",\"contentUrl\":\"https:\\\/\\\/miumjau.ee\\\/wp-content\\\/uploads\\\/2025\\\/05\\\/frigera-koerte-maius-harjasaba-250g-1-Photoroom.jpg\",\"width\":600,\"height\":800,\"caption\":\"H\u00e4rja saba Frigera 250g\"},{\"@type\":\"BreadcrumbList\",\"@id\":\"https:\\\/\\\/miumjau.ee\\\/fi\\\/tuote\\\/vahva-puruherkku-naudan-hanta-frigera-250-g\\\/#breadcrumb\",\"itemListElement\":[{\"@type\":\"ListItem\",\"position\":1,\"name\":\"Home\",\"item\":\"https:\\\/\\\/miumjau.ee\\\/fi\\\/\"},{\"@type\":\"ListItem\",\"position\":2,\"name\":\"Kauppa\",\"item\":\"https:\\\/\\\/miumjau.ee\\\/fi\\\/kauppa\\\/\"},{\"@type\":\"ListItem\",\"position\":3,\"name\":\"Vahva puruherkku, naudan h\u00e4nt\u00e4 Frigera 250 g\"}]},{\"@type\":\"WebSite\",\"@id\":\"https:\\\/\\\/miumjau.ee\\\/#website\",\"url\":\"https:\\\/\\\/miumjau.ee\\\/\",\"name\":\"MiuMjau\",\"description\":\"Kraapimispuud kassidele\",\"publisher\":{\"@id\":\"https:\\\/\\\/miumjau.ee\\\/#organization\"},\"potentialAction\":[{\"@type\":\"SearchAction\",\"target\":{\"@type\":\"EntryPoint\",\"urlTemplate\":\"https:\\\/\\\/miumjau.ee\\\/?s={search_term_string}\"},\"query-input\":{\"@type\":\"PropertyValueSpecification\",\"valueRequired\":true,\"valueName\":\"search_term_string\"}}],\"inLanguage\":\"fi\"},{\"@type\":\"Organization\",\"@id\":\"https:\\\/\\\/miumjau.ee\\\/#organization\",\"name\":\"MiuMjau O\u00dc\",\"url\":\"https:\\\/\\\/miumjau.ee\\\/\",\"logo\":{\"@type\":\"ImageObject\",\"inLanguage\":\"fi\",\"@id\":\"https:\\\/\\\/miumjau.ee\\\/#\\\/schema\\\/logo\\\/image\\\/\",\"url\":\"https:\\\/\\\/miumjau.ee\\\/wp-content\\\/uploads\\\/2022\\\/04\\\/MiuMjau-logo-kollane.png\",\"contentUrl\":\"https:\\\/\\\/miumjau.ee\\\/wp-content\\\/uploads\\\/2022\\\/04\\\/MiuMjau-logo-kollane.png\",\"width\":219,\"height\":100,\"caption\":\"MiuMjau O\u00dc\"},\"image\":{\"@id\":\"https:\\\/\\\/miumjau.ee\\\/#\\\/schema\\\/logo\\\/image\\\/\"},\"sameAs\":[\"https:\\\/\\\/www.facebook.com\\\/miumjaupood\\\/\"]}]}<\/script>\n<!-- \/ Yoast SEO plugin. -->","yoast_head_json":{"title":"Vahva puruherkku, naudan h\u00e4nt\u00e4 Frigera 250 g - MiuMjau","robots":{"index":"index","follow":"follow","max-snippet":"max-snippet:-1","max-image-preview":"max-image-preview:large","max-video-preview":"max-video-preview:-1"},"canonical":"https:\/\/miumjau.ee\/fi\/tuote\/vahva-puruherkku-naudan-hanta-frigera-250-g\/","og_locale":"fi_FI","og_type":"article","og_title":"Vahva puruherkku, naudan h\u00e4nt\u00e4 Frigera 250 g - MiuMjau","og_description":"friGERA naudan h\u00e4nn\u00e4t \u2013 t\u00e4ydelliset vahvat ja pitk\u00e4kestoiset puruherkut kaiken kokoisille koirille! Naudan h\u00e4nt\u00e4 on herkullinen v\u00e4lipala, joka on valmistettu puhtaasta, hell\u00e4varaisesti kuivatusta, vapaasti kasvatettujen nautojen h\u00e4nn\u00e4st\u00e4, joita k\u00e4ytet\u00e4\u00e4n my\u00f6s ihmisravinnoksi. El\u00e4imi\u00e4 kasvatetaan ilman antibiootteja, steroideja tai hormoneja \u2013 luonnollisuutta parhaimmillaan! T\u00e4m\u00e4 herkku koostuu p\u00e4\u00e4osin luusta, rustosta, sidekudoksesta ja nahasta, joten se on runsasproteiininen, v\u00e4h\u00e4rasvainen ja sis\u00e4lt\u00e4\u00e4 A-vitamiinia, seleeni\u00e4, sinkki\u00e4, rautaa, kalsiumia, koliinia ja glukosamiinia \u2013 kaikki koiran nivelten terveytt\u00e4 tukevat ravintoaineet. Lis\u00e4ksi pureskelu auttaa puhdistamaan hampaita! Jos etsit vaihtoehtoa raakanahalle tai muille klassisille puruherkuille, t\u00e4m\u00e4 voi olla juuri se, mit\u00e4 koirasi tarvitsee! Koostumus: 100 % naudanliha K\u00e4ytt\u00f6ohje: Anna palkkiona tai v\u00e4lipalana aterioiden v\u00e4lill\u00e4 osana tasapainoista ruokavaliota. Valvo koiraa ruokinnan aikana ja tarjoa aina raikasta vett\u00e4. Ei sovellu ihmisravinnoksi. Analyyttinen koostumus: Proteiini 49,84 %, Rasva 15,3 %, Kosteus 7,65 %","og_url":"https:\/\/miumjau.ee\/fi\/tuote\/vahva-puruherkku-naudan-hanta-frigera-250-g\/","og_site_name":"MiuMjau","article_publisher":"https:\/\/www.facebook.com\/miumjaupood\/","article_modified_time":"2026-01-07T20:45:31+00:00","og_image":[{"width":600,"height":800,"url":"https:\/\/miumjau.ee\/wp-content\/uploads\/2025\/05\/frigera-koerte-maius-harjasaba-250g-1-Photoroom.jpg","type":"image\/jpeg"}],"twitter_card":"summary_large_image","schema":{"@context":"https:\/\/schema.org","@graph":[{"@type":"WebPage","@id":"https:\/\/miumjau.ee\/fi\/tuote\/vahva-puruherkku-naudan-hanta-frigera-250-g\/","url":"https:\/\/miumjau.ee\/fi\/tuote\/vahva-puruherkku-naudan-hanta-frigera-250-g\/","name":"Vahva puruherkku, naudan h\u00e4nt\u00e4 Frigera 250 g - MiuMjau","isPartOf":{"@id":"https:\/\/miumjau.ee\/#website"},"primaryImageOfPage":{"@id":"https:\/\/miumjau.ee\/fi\/tuote\/vahva-puruherkku-naudan-hanta-frigera-250-g\/#primaryimage"},"image":{"@id":"https:\/\/miumjau.ee\/fi\/tuote\/vahva-puruherkku-naudan-hanta-frigera-250-g\/#primaryimage"},"thumbnailUrl":"https:\/\/miumjau.ee\/wp-content\/uploads\/2025\/05\/frigera-koerte-maius-harjasaba-250g-1-Photoroom.jpg","datePublished":"2025-05-29T18:34:42+00:00","dateModified":"2026-01-07T20:45:31+00:00","breadcrumb":{"@id":"https:\/\/miumjau.ee\/fi\/tuote\/vahva-puruherkku-naudan-hanta-frigera-250-g\/#breadcrumb"},"inLanguage":"fi","potentialAction":[{"@type":"ReadAction","target":["https:\/\/miumjau.ee\/fi\/tuote\/vahva-puruherkku-naudan-hanta-frigera-250-g\/"]}]},{"@type":"ImageObject","inLanguage":"fi","@id":"https:\/\/miumjau.ee\/fi\/tuote\/vahva-puruherkku-naudan-hanta-frigera-250-g\/#primaryimage","url":"https:\/\/miumjau.ee\/wp-content\/uploads\/2025\/05\/frigera-koerte-maius-harjasaba-250g-1-Photoroom.jpg","contentUrl":"https:\/\/miumjau.ee\/wp-content\/uploads\/2025\/05\/frigera-koerte-maius-harjasaba-250g-1-Photoroom.jpg","width":600,"height":800,"caption":"H\u00e4rja saba Frigera 250g"},{"@type":"BreadcrumbList","@id":"https:\/\/miumjau.ee\/fi\/tuote\/vahva-puruherkku-naudan-hanta-frigera-250-g\/#breadcrumb","itemListElement":[{"@type":"ListItem","position":1,"name":"Home","item":"https:\/\/miumjau.ee\/fi\/"},{"@type":"ListItem","position":2,"name":"Kauppa","item":"https:\/\/miumjau.ee\/fi\/kauppa\/"},{"@type":"ListItem","position":3,"name":"Vahva puruherkku, naudan h\u00e4nt\u00e4 Frigera 250 g"}]},{"@type":"WebSite","@id":"https:\/\/miumjau.ee\/#website","url":"https:\/\/miumjau.ee\/","name":"MiuMjau","description":"Kraapimispuud kassidele","publisher":{"@id":"https:\/\/miumjau.ee\/#organization"},"potentialAction":[{"@type":"SearchAction","target":{"@type":"EntryPoint","urlTemplate":"https:\/\/miumjau.ee\/?s={search_term_string}"},"query-input":{"@type":"PropertyValueSpecification","valueRequired":true,"valueName":"search_term_string"}}],"inLanguage":"fi"},{"@type":"Organization","@id":"https:\/\/miumjau.ee\/#organization","name":"MiuMjau O\u00dc","url":"https:\/\/miumjau.ee\/","logo":{"@type":"ImageObject","inLanguage":"fi","@id":"https:\/\/miumjau.ee\/#\/schema\/logo\/image\/","url":"https:\/\/miumjau.ee\/wp-content\/uploads\/2022\/04\/MiuMjau-logo-kollane.png","contentUrl":"https:\/\/miumjau.ee\/wp-content\/uploads\/2022\/04\/MiuMjau-logo-kollane.png","width":219,"height":100,"caption":"MiuMjau O\u00dc"},"image":{"@id":"https:\/\/miumjau.ee\/#\/schema\/logo\/image\/"},"sameAs":["https:\/\/www.facebook.com\/miumjaupood\/"]}]}},"_links":{"self":[{"href":"https:\/\/miumjau.ee\/fi\/wp-json\/wp\/v2\/product\/47937","targetHints":{"allow":["GET"]}}],"collection":[{"href":"https:\/\/miumjau.ee\/fi\/wp-json\/wp\/v2\/product"}],"about":[{"href":"https:\/\/miumjau.ee\/fi\/wp-json\/wp\/v2\/types\/product"}],"wp:featuredmedia":[{"embeddable":true,"href":"https:\/\/miumjau.ee\/fi\/wp-json\/wp\/v2\/media\/40819"}],"wp:attachment":[{"href":"https:\/\/miumjau.ee\/fi\/wp-json\/wp\/v2\/media?parent=47937"}],"wp:term":[{"taxonomy":"product_brand","embeddable":true,"href":"https:\/\/miumjau.ee\/fi\/wp-json\/wp\/v2\/product_brand?post=47937"},{"taxonomy":"product_cat","embeddable":true,"href":"https:\/\/miumjau.ee\/fi\/wp-json\/wp\/v2\/product_cat?post=47937"},{"taxonomy":"product_tag","embeddable":true,"href":"https:\/\/miumjau.ee\/fi\/wp-json\/wp\/v2\/product_tag?post=47937"}],"curies":[{"name":"wp","href":"https:\/\/api.w.org\/{rel}","templated":true}]}}