{"id":47930,"date":"2025-05-29T21:41:17","date_gmt":"2025-05-29T18:41:17","guid":{"rendered":"https:\/\/miumjau.ee\/toode\/luonnolliset-purutikut-pennuille-frigera-60-g\/"},"modified":"2026-01-07T22:45:31","modified_gmt":"2026-01-07T20:45:31","slug":"luonnolliset-purutikut-pennuille-frigera-60-g","status":"publish","type":"product","link":"https:\/\/miumjau.ee\/fi\/tuote\/luonnolliset-purutikut-pennuille-frigera-60-g\/","title":{"rendered":"Luonnolliset purutikut pennuille, Frigera 60 g"},"content":{"rendered":"","protected":false},"excerpt":{"rendered":"<p data-start=\"1320\" data-end=\"1614\">Etk\u00f6 pysty vastustamaan pienen pennun suloisia, anovia silmi\u00e4, kun se odottaa jotakin erityisen herkullista? Meill\u00e4 on juuri sit\u00e4, mit\u00e4 tarvitset: friGERA-pennuherkut! Hell\u00e4varaisesti kuivatut purutikut on valmistettu 100 % luonnollisesta naudan utareesta ilman v\u00e4riaineita tai s\u00e4il\u00f6nt\u00e4aineita.<\/p>\n<p data-start=\"1616\" data-end=\"1953\">Korkean kalsium-, proteiini- ja maitohappopitoisuuden ansiosta n\u00e4m\u00e4 herkut ovat eritt\u00e4in ravitsevia pienelle karvaiselle yst\u00e4v\u00e4llesi. Lis\u00e4ksi utare sis\u00e4lt\u00e4\u00e4 useita mineraaleja ja vitamiineja, kuten seleeni\u00e4, B12-vitamiinia, sinkki\u00e4 ja rautaa. Utare on hyv\u00e4 vaihtoehto muille puruherkuille ja tukee samalla ikenien ja hampaiden terveytt\u00e4.<\/p>\n<p data-start=\"1955\" data-end=\"2127\">N\u00e4m\u00e4 pienet herkut ovat luonnollinen palkinto nelijalkaiselle perheenj\u00e4senellesi ja herkullinen delikatessi, jota voi antaa kokonaisena tai pienemmiksi paloiksi leikattuna.<\/p>\n<p data-start=\"2129\" data-end=\"2158\">Koostumus: 100 % naudanliha<\/p>\n<p data-start=\"2160\" data-end=\"2343\">K\u00e4ytt\u00f6ohje: Anna v\u00e4lipalana tai palkkiona aterioiden v\u00e4lill\u00e4 osana tasapainoista ruokavaliota. Valvo koiraa ruokinnan aikana ja tarjoa aina raikasta vett\u00e4. Ei sovellu ihmisravinnoksi.<\/p>\n<p data-start=\"2345\" data-end=\"2417\">Analyyttinen koostumus: Proteiini 58,54 %, Rasva 25,53 %, Kosteus 8,76 %<\/p>\n","protected":false},"featured_media":34406,"template":"","meta":[],"product_brand":[],"product_cat":[480],"product_tag":[],"class_list":{"0":"post-47930","1":"product","2":"type-product","3":"status-publish","4":"has-post-thumbnail","6":"product_cat-herkut-koirille","8":"first","9":"instock","10":"sale","11":"taxable","12":"shipping-taxable","13":"purchasable","14":"product-type-simple"},"yoast_head":"<!-- This site is optimized with the Yoast SEO plugin v27.4 - https:\/\/yoast.com\/product\/yoast-seo-wordpress\/ -->\n<title>Luonnolliset purutikut pennuille, Frigera 60 g - MiuMjau<\/title>\n<meta name=\"robots\" content=\"index, follow, max-snippet:-1, max-image-preview:large, max-video-preview:-1\" \/>\n<link rel=\"canonical\" href=\"https:\/\/miumjau.ee\/fi\/tuote\/luonnolliset-purutikut-pennuille-frigera-60-g\/\" \/>\n<meta property=\"og:locale\" content=\"fi_FI\" \/>\n<meta property=\"og:type\" content=\"article\" \/>\n<meta property=\"og:title\" content=\"Luonnolliset purutikut pennuille, Frigera 60 g - MiuMjau\" \/>\n<meta property=\"og:description\" content=\"Etk\u00f6 pysty vastustamaan pienen pennun suloisia, anovia silmi\u00e4, kun se odottaa jotakin erityisen herkullista? Meill\u00e4 on juuri sit\u00e4, mit\u00e4 tarvitset: friGERA-pennuherkut! Hell\u00e4varaisesti kuivatut purutikut on valmistettu 100 % luonnollisesta naudan utareesta ilman v\u00e4riaineita tai s\u00e4il\u00f6nt\u00e4aineita. Korkean kalsium-, proteiini- ja maitohappopitoisuuden ansiosta n\u00e4m\u00e4 herkut ovat eritt\u00e4in ravitsevia pienelle karvaiselle yst\u00e4v\u00e4llesi. Lis\u00e4ksi utare sis\u00e4lt\u00e4\u00e4 useita mineraaleja ja vitamiineja, kuten seleeni\u00e4, B12-vitamiinia, sinkki\u00e4 ja rautaa. Utare on hyv\u00e4 vaihtoehto muille puruherkuille ja tukee samalla ikenien ja hampaiden terveytt\u00e4. N\u00e4m\u00e4 pienet herkut ovat luonnollinen palkinto nelijalkaiselle perheenj\u00e4senellesi ja herkullinen delikatessi, jota voi antaa kokonaisena tai pienemmiksi paloiksi leikattuna. Koostumus: 100 % naudanliha K\u00e4ytt\u00f6ohje: Anna v\u00e4lipalana tai palkkiona aterioiden v\u00e4lill\u00e4 osana tasapainoista ruokavaliota. Valvo koiraa ruokinnan aikana ja tarjoa aina raikasta vett\u00e4. Ei sovellu ihmisravinnoksi. Analyyttinen koostumus: Proteiini 58,54 %, Rasva 25,53 %, Kosteus 8,76 %\" \/>\n<meta property=\"og:url\" content=\"https:\/\/miumjau.ee\/fi\/tuote\/luonnolliset-purutikut-pennuille-frigera-60-g\/\" \/>\n<meta property=\"og:site_name\" content=\"MiuMjau\" \/>\n<meta property=\"article:publisher\" content=\"https:\/\/www.facebook.com\/miumjaupood\/\" \/>\n<meta property=\"article:modified_time\" content=\"2026-01-07T20:45:31+00:00\" \/>\n<meta property=\"og:image\" content=\"https:\/\/miumjau.ee\/wp-content\/uploads\/2025\/05\/frigera-koerte-maius-pulgad-kutsikatele-60g-1-Photoroom.webp\" \/>\n\t<meta property=\"og:image:width\" content=\"600\" \/>\n\t<meta property=\"og:image:height\" content=\"800\" \/>\n\t<meta property=\"og:image:type\" content=\"image\/webp\" \/>\n<meta name=\"twitter:card\" content=\"summary_large_image\" \/>\n<script type=\"application\/ld+json\" class=\"yoast-schema-graph\">{\"@context\":\"https:\\\/\\\/schema.org\",\"@graph\":[{\"@type\":\"WebPage\",\"@id\":\"https:\\\/\\\/miumjau.ee\\\/fi\\\/tuote\\\/luonnolliset-purutikut-pennuille-frigera-60-g\\\/\",\"url\":\"https:\\\/\\\/miumjau.ee\\\/fi\\\/tuote\\\/luonnolliset-purutikut-pennuille-frigera-60-g\\\/\",\"name\":\"Luonnolliset purutikut pennuille, Frigera 60 g - MiuMjau\",\"isPartOf\":{\"@id\":\"https:\\\/\\\/miumjau.ee\\\/#website\"},\"primaryImageOfPage\":{\"@id\":\"https:\\\/\\\/miumjau.ee\\\/fi\\\/tuote\\\/luonnolliset-purutikut-pennuille-frigera-60-g\\\/#primaryimage\"},\"image\":{\"@id\":\"https:\\\/\\\/miumjau.ee\\\/fi\\\/tuote\\\/luonnolliset-purutikut-pennuille-frigera-60-g\\\/#primaryimage\"},\"thumbnailUrl\":\"https:\\\/\\\/miumjau.ee\\\/wp-content\\\/uploads\\\/2025\\\/05\\\/frigera-koerte-maius-pulgad-kutsikatele-60g-1-Photoroom.webp\",\"datePublished\":\"2025-05-29T18:41:17+00:00\",\"dateModified\":\"2026-01-07T20:45:31+00:00\",\"breadcrumb\":{\"@id\":\"https:\\\/\\\/miumjau.ee\\\/fi\\\/tuote\\\/luonnolliset-purutikut-pennuille-frigera-60-g\\\/#breadcrumb\"},\"inLanguage\":\"fi\",\"potentialAction\":[{\"@type\":\"ReadAction\",\"target\":[\"https:\\\/\\\/miumjau.ee\\\/fi\\\/tuote\\\/luonnolliset-purutikut-pennuille-frigera-60-g\\\/\"]}]},{\"@type\":\"ImageObject\",\"inLanguage\":\"fi\",\"@id\":\"https:\\\/\\\/miumjau.ee\\\/fi\\\/tuote\\\/luonnolliset-purutikut-pennuille-frigera-60-g\\\/#primaryimage\",\"url\":\"https:\\\/\\\/miumjau.ee\\\/wp-content\\\/uploads\\\/2025\\\/05\\\/frigera-koerte-maius-pulgad-kutsikatele-60g-1-Photoroom.webp\",\"contentUrl\":\"https:\\\/\\\/miumjau.ee\\\/wp-content\\\/uploads\\\/2025\\\/05\\\/frigera-koerte-maius-pulgad-kutsikatele-60g-1-Photoroom.webp\",\"width\":600,\"height\":800,\"caption\":\"Naturaalsed n\u00e4rimispulgad kutsikatele Frigera 60g\"},{\"@type\":\"BreadcrumbList\",\"@id\":\"https:\\\/\\\/miumjau.ee\\\/fi\\\/tuote\\\/luonnolliset-purutikut-pennuille-frigera-60-g\\\/#breadcrumb\",\"itemListElement\":[{\"@type\":\"ListItem\",\"position\":1,\"name\":\"Home\",\"item\":\"https:\\\/\\\/miumjau.ee\\\/fi\\\/\"},{\"@type\":\"ListItem\",\"position\":2,\"name\":\"Kauppa\",\"item\":\"https:\\\/\\\/miumjau.ee\\\/fi\\\/kauppa\\\/\"},{\"@type\":\"ListItem\",\"position\":3,\"name\":\"Luonnolliset purutikut pennuille, Frigera 60 g\"}]},{\"@type\":\"WebSite\",\"@id\":\"https:\\\/\\\/miumjau.ee\\\/#website\",\"url\":\"https:\\\/\\\/miumjau.ee\\\/\",\"name\":\"MiuMjau\",\"description\":\"Kraapimispuud kassidele\",\"publisher\":{\"@id\":\"https:\\\/\\\/miumjau.ee\\\/#organization\"},\"potentialAction\":[{\"@type\":\"SearchAction\",\"target\":{\"@type\":\"EntryPoint\",\"urlTemplate\":\"https:\\\/\\\/miumjau.ee\\\/?s={search_term_string}\"},\"query-input\":{\"@type\":\"PropertyValueSpecification\",\"valueRequired\":true,\"valueName\":\"search_term_string\"}}],\"inLanguage\":\"fi\"},{\"@type\":\"Organization\",\"@id\":\"https:\\\/\\\/miumjau.ee\\\/#organization\",\"name\":\"MiuMjau O\u00dc\",\"url\":\"https:\\\/\\\/miumjau.ee\\\/\",\"logo\":{\"@type\":\"ImageObject\",\"inLanguage\":\"fi\",\"@id\":\"https:\\\/\\\/miumjau.ee\\\/#\\\/schema\\\/logo\\\/image\\\/\",\"url\":\"https:\\\/\\\/miumjau.ee\\\/wp-content\\\/uploads\\\/2022\\\/04\\\/MiuMjau-logo-kollane.png\",\"contentUrl\":\"https:\\\/\\\/miumjau.ee\\\/wp-content\\\/uploads\\\/2022\\\/04\\\/MiuMjau-logo-kollane.png\",\"width\":219,\"height\":100,\"caption\":\"MiuMjau O\u00dc\"},\"image\":{\"@id\":\"https:\\\/\\\/miumjau.ee\\\/#\\\/schema\\\/logo\\\/image\\\/\"},\"sameAs\":[\"https:\\\/\\\/www.facebook.com\\\/miumjaupood\\\/\"]}]}<\/script>\n<!-- \/ Yoast SEO plugin. -->","yoast_head_json":{"title":"Luonnolliset purutikut pennuille, Frigera 60 g - MiuMjau","robots":{"index":"index","follow":"follow","max-snippet":"max-snippet:-1","max-image-preview":"max-image-preview:large","max-video-preview":"max-video-preview:-1"},"canonical":"https:\/\/miumjau.ee\/fi\/tuote\/luonnolliset-purutikut-pennuille-frigera-60-g\/","og_locale":"fi_FI","og_type":"article","og_title":"Luonnolliset purutikut pennuille, Frigera 60 g - MiuMjau","og_description":"Etk\u00f6 pysty vastustamaan pienen pennun suloisia, anovia silmi\u00e4, kun se odottaa jotakin erityisen herkullista? Meill\u00e4 on juuri sit\u00e4, mit\u00e4 tarvitset: friGERA-pennuherkut! Hell\u00e4varaisesti kuivatut purutikut on valmistettu 100 % luonnollisesta naudan utareesta ilman v\u00e4riaineita tai s\u00e4il\u00f6nt\u00e4aineita. Korkean kalsium-, proteiini- ja maitohappopitoisuuden ansiosta n\u00e4m\u00e4 herkut ovat eritt\u00e4in ravitsevia pienelle karvaiselle yst\u00e4v\u00e4llesi. Lis\u00e4ksi utare sis\u00e4lt\u00e4\u00e4 useita mineraaleja ja vitamiineja, kuten seleeni\u00e4, B12-vitamiinia, sinkki\u00e4 ja rautaa. Utare on hyv\u00e4 vaihtoehto muille puruherkuille ja tukee samalla ikenien ja hampaiden terveytt\u00e4. N\u00e4m\u00e4 pienet herkut ovat luonnollinen palkinto nelijalkaiselle perheenj\u00e4senellesi ja herkullinen delikatessi, jota voi antaa kokonaisena tai pienemmiksi paloiksi leikattuna. Koostumus: 100 % naudanliha K\u00e4ytt\u00f6ohje: Anna v\u00e4lipalana tai palkkiona aterioiden v\u00e4lill\u00e4 osana tasapainoista ruokavaliota. Valvo koiraa ruokinnan aikana ja tarjoa aina raikasta vett\u00e4. Ei sovellu ihmisravinnoksi. Analyyttinen koostumus: Proteiini 58,54 %, Rasva 25,53 %, Kosteus 8,76 %","og_url":"https:\/\/miumjau.ee\/fi\/tuote\/luonnolliset-purutikut-pennuille-frigera-60-g\/","og_site_name":"MiuMjau","article_publisher":"https:\/\/www.facebook.com\/miumjaupood\/","article_modified_time":"2026-01-07T20:45:31+00:00","og_image":[{"width":600,"height":800,"url":"https:\/\/miumjau.ee\/wp-content\/uploads\/2025\/05\/frigera-koerte-maius-pulgad-kutsikatele-60g-1-Photoroom.webp","type":"image\/webp"}],"twitter_card":"summary_large_image","schema":{"@context":"https:\/\/schema.org","@graph":[{"@type":"WebPage","@id":"https:\/\/miumjau.ee\/fi\/tuote\/luonnolliset-purutikut-pennuille-frigera-60-g\/","url":"https:\/\/miumjau.ee\/fi\/tuote\/luonnolliset-purutikut-pennuille-frigera-60-g\/","name":"Luonnolliset purutikut pennuille, Frigera 60 g - MiuMjau","isPartOf":{"@id":"https:\/\/miumjau.ee\/#website"},"primaryImageOfPage":{"@id":"https:\/\/miumjau.ee\/fi\/tuote\/luonnolliset-purutikut-pennuille-frigera-60-g\/#primaryimage"},"image":{"@id":"https:\/\/miumjau.ee\/fi\/tuote\/luonnolliset-purutikut-pennuille-frigera-60-g\/#primaryimage"},"thumbnailUrl":"https:\/\/miumjau.ee\/wp-content\/uploads\/2025\/05\/frigera-koerte-maius-pulgad-kutsikatele-60g-1-Photoroom.webp","datePublished":"2025-05-29T18:41:17+00:00","dateModified":"2026-01-07T20:45:31+00:00","breadcrumb":{"@id":"https:\/\/miumjau.ee\/fi\/tuote\/luonnolliset-purutikut-pennuille-frigera-60-g\/#breadcrumb"},"inLanguage":"fi","potentialAction":[{"@type":"ReadAction","target":["https:\/\/miumjau.ee\/fi\/tuote\/luonnolliset-purutikut-pennuille-frigera-60-g\/"]}]},{"@type":"ImageObject","inLanguage":"fi","@id":"https:\/\/miumjau.ee\/fi\/tuote\/luonnolliset-purutikut-pennuille-frigera-60-g\/#primaryimage","url":"https:\/\/miumjau.ee\/wp-content\/uploads\/2025\/05\/frigera-koerte-maius-pulgad-kutsikatele-60g-1-Photoroom.webp","contentUrl":"https:\/\/miumjau.ee\/wp-content\/uploads\/2025\/05\/frigera-koerte-maius-pulgad-kutsikatele-60g-1-Photoroom.webp","width":600,"height":800,"caption":"Naturaalsed n\u00e4rimispulgad kutsikatele Frigera 60g"},{"@type":"BreadcrumbList","@id":"https:\/\/miumjau.ee\/fi\/tuote\/luonnolliset-purutikut-pennuille-frigera-60-g\/#breadcrumb","itemListElement":[{"@type":"ListItem","position":1,"name":"Home","item":"https:\/\/miumjau.ee\/fi\/"},{"@type":"ListItem","position":2,"name":"Kauppa","item":"https:\/\/miumjau.ee\/fi\/kauppa\/"},{"@type":"ListItem","position":3,"name":"Luonnolliset purutikut pennuille, Frigera 60 g"}]},{"@type":"WebSite","@id":"https:\/\/miumjau.ee\/#website","url":"https:\/\/miumjau.ee\/","name":"MiuMjau","description":"Kraapimispuud kassidele","publisher":{"@id":"https:\/\/miumjau.ee\/#organization"},"potentialAction":[{"@type":"SearchAction","target":{"@type":"EntryPoint","urlTemplate":"https:\/\/miumjau.ee\/?s={search_term_string}"},"query-input":{"@type":"PropertyValueSpecification","valueRequired":true,"valueName":"search_term_string"}}],"inLanguage":"fi"},{"@type":"Organization","@id":"https:\/\/miumjau.ee\/#organization","name":"MiuMjau O\u00dc","url":"https:\/\/miumjau.ee\/","logo":{"@type":"ImageObject","inLanguage":"fi","@id":"https:\/\/miumjau.ee\/#\/schema\/logo\/image\/","url":"https:\/\/miumjau.ee\/wp-content\/uploads\/2022\/04\/MiuMjau-logo-kollane.png","contentUrl":"https:\/\/miumjau.ee\/wp-content\/uploads\/2022\/04\/MiuMjau-logo-kollane.png","width":219,"height":100,"caption":"MiuMjau O\u00dc"},"image":{"@id":"https:\/\/miumjau.ee\/#\/schema\/logo\/image\/"},"sameAs":["https:\/\/www.facebook.com\/miumjaupood\/"]}]}},"_links":{"self":[{"href":"https:\/\/miumjau.ee\/fi\/wp-json\/wp\/v2\/product\/47930","targetHints":{"allow":["GET"]}}],"collection":[{"href":"https:\/\/miumjau.ee\/fi\/wp-json\/wp\/v2\/product"}],"about":[{"href":"https:\/\/miumjau.ee\/fi\/wp-json\/wp\/v2\/types\/product"}],"wp:featuredmedia":[{"embeddable":true,"href":"https:\/\/miumjau.ee\/fi\/wp-json\/wp\/v2\/media\/34406"}],"wp:attachment":[{"href":"https:\/\/miumjau.ee\/fi\/wp-json\/wp\/v2\/media?parent=47930"}],"wp:term":[{"taxonomy":"product_brand","embeddable":true,"href":"https:\/\/miumjau.ee\/fi\/wp-json\/wp\/v2\/product_brand?post=47930"},{"taxonomy":"product_cat","embeddable":true,"href":"https:\/\/miumjau.ee\/fi\/wp-json\/wp\/v2\/product_cat?post=47930"},{"taxonomy":"product_tag","embeddable":true,"href":"https:\/\/miumjau.ee\/fi\/wp-json\/wp\/v2\/product_tag?post=47930"}],"curies":[{"name":"wp","href":"https:\/\/api.w.org\/{rel}","templated":true}]}}