{"id":47926,"date":"2025-05-29T21:46:24","date_gmt":"2025-05-29T18:46:24","guid":{"rendered":"https:\/\/miumjau.ee\/toode\/kuivattu-naudansydan-paloina-frigera-herkku-koirille-250-g\/"},"modified":"2026-01-07T22:45:38","modified_gmt":"2026-01-07T20:45:38","slug":"kuivattu-naudansydan-paloina-frigera-herkku-koirille-250-g","status":"publish","type":"product","link":"https:\/\/miumjau.ee\/fi\/tuote\/kuivattu-naudansydan-paloina-frigera-herkku-koirille-250-g\/","title":{"rendered":"Kuivattu naudansyd\u00e4n paloina, Frigera-herkku koirille 250 g"},"content":{"rendered":"","protected":false},"excerpt":{"rendered":"<p data-start=\"1188\" data-end=\"1661\">Mik\u00e4 tuoksuu niin hyv\u00e4lt\u00e4? Tietysti friGERA-naudansyd\u00e4n! T\u00e4m\u00e4 herkku saa varmasti nelijalkaisesi yst\u00e4v\u00e4n kuolaamaan. Naudansyd\u00e4men palamme on hell\u00e4varaisesti kuumailmakuivattu, jolloin niiss\u00e4 s\u00e4ilyy voimakas, aromaattinen ja lihainen maku. Ne eiv\u00e4t ole vain herkullisia, vaan my\u00f6s terveellisi\u00e4 \u2013 valmistettu puhtaasta lihaskudoksesta ja t\u00e4ynn\u00e4 proteiinia, raakavasvaa sek\u00e4 mineraaleja ja vitamiineja, kuten sinkki\u00e4, seleeni\u00e4 ja fosforia, jotka tukevat koirasi hyvinvointia.<\/p>\n<p data-start=\"1663\" data-end=\"1871\">Pienemmille koirille syd\u00e4npalat sopivat erinomaisesti pureskeltaviksi, suuremmat koirat nauttivat niist\u00e4 \u201ckorkean arvon palkintona\u201d aterioiden v\u00e4lill\u00e4. Lemmikkisi kiitt\u00e4\u00e4 sinua t\u00e4st\u00e4 herkullisesta palkkiosta!<\/p>\n<p data-start=\"1873\" data-end=\"1902\">Koostumus: 100 % naudanliha<\/p>\n<p data-start=\"1904\" data-end=\"2092\">K\u00e4ytt\u00f6ohje: Anna v\u00e4lipalana tai palkkiona aterioiden v\u00e4lill\u00e4 osana tasapainoista ruokavaliota. Valvo koiraa ruokinnan aikana ja tarjoa aina raikasta juomavett\u00e4. Ei sovellu ihmisravinnoksi.<\/p>\n<p data-start=\"2094\" data-end=\"2167\">Analyyttinen koostumus: Proteiini 69,33 %, Rasva 19,15 %, Kosteus 13,18 %<\/p>\n","protected":false},"featured_media":35875,"template":"","meta":[],"product_brand":[],"product_cat":[480,139],"product_tag":[],"class_list":{"0":"post-47926","1":"product","2":"type-product","3":"status-publish","4":"has-post-thumbnail","6":"product_cat-herkut-koirille","7":"product_cat-kaup24-fi","9":"first","10":"instock","11":"taxable","12":"shipping-taxable","13":"purchasable","14":"product-type-simple"},"yoast_head":"<!-- This site is optimized with the Yoast SEO plugin v27.4 - https:\/\/yoast.com\/product\/yoast-seo-wordpress\/ -->\n<title>Kuivattu naudansyd\u00e4n paloina, Frigera-herkku koirille 250 g - MiuMjau<\/title>\n<meta name=\"robots\" content=\"index, follow, max-snippet:-1, max-image-preview:large, max-video-preview:-1\" \/>\n<link rel=\"canonical\" href=\"https:\/\/miumjau.ee\/fi\/tuote\/kuivattu-naudansydan-paloina-frigera-herkku-koirille-250-g\/\" \/>\n<meta property=\"og:locale\" content=\"fi_FI\" \/>\n<meta property=\"og:type\" content=\"article\" \/>\n<meta property=\"og:title\" content=\"Kuivattu naudansyd\u00e4n paloina, Frigera-herkku koirille 250 g - MiuMjau\" \/>\n<meta property=\"og:description\" content=\"Mik\u00e4 tuoksuu niin hyv\u00e4lt\u00e4? Tietysti friGERA-naudansyd\u00e4n! T\u00e4m\u00e4 herkku saa varmasti nelijalkaisesi yst\u00e4v\u00e4n kuolaamaan. Naudansyd\u00e4men palamme on hell\u00e4varaisesti kuumailmakuivattu, jolloin niiss\u00e4 s\u00e4ilyy voimakas, aromaattinen ja lihainen maku. Ne eiv\u00e4t ole vain herkullisia, vaan my\u00f6s terveellisi\u00e4 \u2013 valmistettu puhtaasta lihaskudoksesta ja t\u00e4ynn\u00e4 proteiinia, raakavasvaa sek\u00e4 mineraaleja ja vitamiineja, kuten sinkki\u00e4, seleeni\u00e4 ja fosforia, jotka tukevat koirasi hyvinvointia. Pienemmille koirille syd\u00e4npalat sopivat erinomaisesti pureskeltaviksi, suuremmat koirat nauttivat niist\u00e4 \u201ckorkean arvon palkintona\u201d aterioiden v\u00e4lill\u00e4. Lemmikkisi kiitt\u00e4\u00e4 sinua t\u00e4st\u00e4 herkullisesta palkkiosta! Koostumus: 100 % naudanliha K\u00e4ytt\u00f6ohje: Anna v\u00e4lipalana tai palkkiona aterioiden v\u00e4lill\u00e4 osana tasapainoista ruokavaliota. Valvo koiraa ruokinnan aikana ja tarjoa aina raikasta juomavett\u00e4. Ei sovellu ihmisravinnoksi. Analyyttinen koostumus: Proteiini 69,33 %, Rasva 19,15 %, Kosteus 13,18 %\" \/>\n<meta property=\"og:url\" content=\"https:\/\/miumjau.ee\/fi\/tuote\/kuivattu-naudansydan-paloina-frigera-herkku-koirille-250-g\/\" \/>\n<meta property=\"og:site_name\" content=\"MiuMjau\" \/>\n<meta property=\"article:publisher\" content=\"https:\/\/www.facebook.com\/miumjaupood\/\" \/>\n<meta property=\"article:modified_time\" content=\"2026-01-07T20:45:38+00:00\" \/>\n<meta property=\"og:image\" content=\"https:\/\/miumjau.ee\/wp-content\/uploads\/2025\/05\/veise-suda-250g-frigera.jpg\" \/>\n\t<meta property=\"og:image:width\" content=\"600\" \/>\n\t<meta property=\"og:image:height\" content=\"800\" \/>\n\t<meta property=\"og:image:type\" content=\"image\/jpeg\" \/>\n<meta name=\"twitter:card\" content=\"summary_large_image\" \/>\n<script type=\"application\/ld+json\" class=\"yoast-schema-graph\">{\"@context\":\"https:\\\/\\\/schema.org\",\"@graph\":[{\"@type\":\"WebPage\",\"@id\":\"https:\\\/\\\/miumjau.ee\\\/fi\\\/tuote\\\/kuivattu-naudansydan-paloina-frigera-herkku-koirille-250-g\\\/\",\"url\":\"https:\\\/\\\/miumjau.ee\\\/fi\\\/tuote\\\/kuivattu-naudansydan-paloina-frigera-herkku-koirille-250-g\\\/\",\"name\":\"Kuivattu naudansyd\u00e4n paloina, Frigera-herkku koirille 250 g - MiuMjau\",\"isPartOf\":{\"@id\":\"https:\\\/\\\/miumjau.ee\\\/#website\"},\"primaryImageOfPage\":{\"@id\":\"https:\\\/\\\/miumjau.ee\\\/fi\\\/tuote\\\/kuivattu-naudansydan-paloina-frigera-herkku-koirille-250-g\\\/#primaryimage\"},\"image\":{\"@id\":\"https:\\\/\\\/miumjau.ee\\\/fi\\\/tuote\\\/kuivattu-naudansydan-paloina-frigera-herkku-koirille-250-g\\\/#primaryimage\"},\"thumbnailUrl\":\"https:\\\/\\\/miumjau.ee\\\/wp-content\\\/uploads\\\/2025\\\/05\\\/veise-suda-250g-frigera.jpg\",\"datePublished\":\"2025-05-29T18:46:24+00:00\",\"dateModified\":\"2026-01-07T20:45:38+00:00\",\"breadcrumb\":{\"@id\":\"https:\\\/\\\/miumjau.ee\\\/fi\\\/tuote\\\/kuivattu-naudansydan-paloina-frigera-herkku-koirille-250-g\\\/#breadcrumb\"},\"inLanguage\":\"fi\",\"potentialAction\":[{\"@type\":\"ReadAction\",\"target\":[\"https:\\\/\\\/miumjau.ee\\\/fi\\\/tuote\\\/kuivattu-naudansydan-paloina-frigera-herkku-koirille-250-g\\\/\"]}]},{\"@type\":\"ImageObject\",\"inLanguage\":\"fi\",\"@id\":\"https:\\\/\\\/miumjau.ee\\\/fi\\\/tuote\\\/kuivattu-naudansydan-paloina-frigera-herkku-koirille-250-g\\\/#primaryimage\",\"url\":\"https:\\\/\\\/miumjau.ee\\\/wp-content\\\/uploads\\\/2025\\\/05\\\/veise-suda-250g-frigera.jpg\",\"contentUrl\":\"https:\\\/\\\/miumjau.ee\\\/wp-content\\\/uploads\\\/2025\\\/05\\\/veise-suda-250g-frigera.jpg\",\"width\":600,\"height\":800,\"caption\":\"Veise s\u00fcda frigera 250g\"},{\"@type\":\"BreadcrumbList\",\"@id\":\"https:\\\/\\\/miumjau.ee\\\/fi\\\/tuote\\\/kuivattu-naudansydan-paloina-frigera-herkku-koirille-250-g\\\/#breadcrumb\",\"itemListElement\":[{\"@type\":\"ListItem\",\"position\":1,\"name\":\"Home\",\"item\":\"https:\\\/\\\/miumjau.ee\\\/fi\\\/\"},{\"@type\":\"ListItem\",\"position\":2,\"name\":\"Kauppa\",\"item\":\"https:\\\/\\\/miumjau.ee\\\/fi\\\/kauppa\\\/\"},{\"@type\":\"ListItem\",\"position\":3,\"name\":\"Kuivattu naudansyd\u00e4n paloina, Frigera-herkku koirille 250 g\"}]},{\"@type\":\"WebSite\",\"@id\":\"https:\\\/\\\/miumjau.ee\\\/#website\",\"url\":\"https:\\\/\\\/miumjau.ee\\\/\",\"name\":\"MiuMjau\",\"description\":\"Kraapimispuud kassidele\",\"publisher\":{\"@id\":\"https:\\\/\\\/miumjau.ee\\\/#organization\"},\"potentialAction\":[{\"@type\":\"SearchAction\",\"target\":{\"@type\":\"EntryPoint\",\"urlTemplate\":\"https:\\\/\\\/miumjau.ee\\\/?s={search_term_string}\"},\"query-input\":{\"@type\":\"PropertyValueSpecification\",\"valueRequired\":true,\"valueName\":\"search_term_string\"}}],\"inLanguage\":\"fi\"},{\"@type\":\"Organization\",\"@id\":\"https:\\\/\\\/miumjau.ee\\\/#organization\",\"name\":\"MiuMjau O\u00dc\",\"url\":\"https:\\\/\\\/miumjau.ee\\\/\",\"logo\":{\"@type\":\"ImageObject\",\"inLanguage\":\"fi\",\"@id\":\"https:\\\/\\\/miumjau.ee\\\/#\\\/schema\\\/logo\\\/image\\\/\",\"url\":\"https:\\\/\\\/miumjau.ee\\\/wp-content\\\/uploads\\\/2022\\\/04\\\/MiuMjau-logo-kollane.png\",\"contentUrl\":\"https:\\\/\\\/miumjau.ee\\\/wp-content\\\/uploads\\\/2022\\\/04\\\/MiuMjau-logo-kollane.png\",\"width\":219,\"height\":100,\"caption\":\"MiuMjau O\u00dc\"},\"image\":{\"@id\":\"https:\\\/\\\/miumjau.ee\\\/#\\\/schema\\\/logo\\\/image\\\/\"},\"sameAs\":[\"https:\\\/\\\/www.facebook.com\\\/miumjaupood\\\/\"]}]}<\/script>\n<!-- \/ Yoast SEO plugin. -->","yoast_head_json":{"title":"Kuivattu naudansyd\u00e4n paloina, Frigera-herkku koirille 250 g - MiuMjau","robots":{"index":"index","follow":"follow","max-snippet":"max-snippet:-1","max-image-preview":"max-image-preview:large","max-video-preview":"max-video-preview:-1"},"canonical":"https:\/\/miumjau.ee\/fi\/tuote\/kuivattu-naudansydan-paloina-frigera-herkku-koirille-250-g\/","og_locale":"fi_FI","og_type":"article","og_title":"Kuivattu naudansyd\u00e4n paloina, Frigera-herkku koirille 250 g - MiuMjau","og_description":"Mik\u00e4 tuoksuu niin hyv\u00e4lt\u00e4? Tietysti friGERA-naudansyd\u00e4n! T\u00e4m\u00e4 herkku saa varmasti nelijalkaisesi yst\u00e4v\u00e4n kuolaamaan. Naudansyd\u00e4men palamme on hell\u00e4varaisesti kuumailmakuivattu, jolloin niiss\u00e4 s\u00e4ilyy voimakas, aromaattinen ja lihainen maku. Ne eiv\u00e4t ole vain herkullisia, vaan my\u00f6s terveellisi\u00e4 \u2013 valmistettu puhtaasta lihaskudoksesta ja t\u00e4ynn\u00e4 proteiinia, raakavasvaa sek\u00e4 mineraaleja ja vitamiineja, kuten sinkki\u00e4, seleeni\u00e4 ja fosforia, jotka tukevat koirasi hyvinvointia. Pienemmille koirille syd\u00e4npalat sopivat erinomaisesti pureskeltaviksi, suuremmat koirat nauttivat niist\u00e4 \u201ckorkean arvon palkintona\u201d aterioiden v\u00e4lill\u00e4. Lemmikkisi kiitt\u00e4\u00e4 sinua t\u00e4st\u00e4 herkullisesta palkkiosta! Koostumus: 100 % naudanliha K\u00e4ytt\u00f6ohje: Anna v\u00e4lipalana tai palkkiona aterioiden v\u00e4lill\u00e4 osana tasapainoista ruokavaliota. Valvo koiraa ruokinnan aikana ja tarjoa aina raikasta juomavett\u00e4. Ei sovellu ihmisravinnoksi. Analyyttinen koostumus: Proteiini 69,33 %, Rasva 19,15 %, Kosteus 13,18 %","og_url":"https:\/\/miumjau.ee\/fi\/tuote\/kuivattu-naudansydan-paloina-frigera-herkku-koirille-250-g\/","og_site_name":"MiuMjau","article_publisher":"https:\/\/www.facebook.com\/miumjaupood\/","article_modified_time":"2026-01-07T20:45:38+00:00","og_image":[{"width":600,"height":800,"url":"https:\/\/miumjau.ee\/wp-content\/uploads\/2025\/05\/veise-suda-250g-frigera.jpg","type":"image\/jpeg"}],"twitter_card":"summary_large_image","schema":{"@context":"https:\/\/schema.org","@graph":[{"@type":"WebPage","@id":"https:\/\/miumjau.ee\/fi\/tuote\/kuivattu-naudansydan-paloina-frigera-herkku-koirille-250-g\/","url":"https:\/\/miumjau.ee\/fi\/tuote\/kuivattu-naudansydan-paloina-frigera-herkku-koirille-250-g\/","name":"Kuivattu naudansyd\u00e4n paloina, Frigera-herkku koirille 250 g - MiuMjau","isPartOf":{"@id":"https:\/\/miumjau.ee\/#website"},"primaryImageOfPage":{"@id":"https:\/\/miumjau.ee\/fi\/tuote\/kuivattu-naudansydan-paloina-frigera-herkku-koirille-250-g\/#primaryimage"},"image":{"@id":"https:\/\/miumjau.ee\/fi\/tuote\/kuivattu-naudansydan-paloina-frigera-herkku-koirille-250-g\/#primaryimage"},"thumbnailUrl":"https:\/\/miumjau.ee\/wp-content\/uploads\/2025\/05\/veise-suda-250g-frigera.jpg","datePublished":"2025-05-29T18:46:24+00:00","dateModified":"2026-01-07T20:45:38+00:00","breadcrumb":{"@id":"https:\/\/miumjau.ee\/fi\/tuote\/kuivattu-naudansydan-paloina-frigera-herkku-koirille-250-g\/#breadcrumb"},"inLanguage":"fi","potentialAction":[{"@type":"ReadAction","target":["https:\/\/miumjau.ee\/fi\/tuote\/kuivattu-naudansydan-paloina-frigera-herkku-koirille-250-g\/"]}]},{"@type":"ImageObject","inLanguage":"fi","@id":"https:\/\/miumjau.ee\/fi\/tuote\/kuivattu-naudansydan-paloina-frigera-herkku-koirille-250-g\/#primaryimage","url":"https:\/\/miumjau.ee\/wp-content\/uploads\/2025\/05\/veise-suda-250g-frigera.jpg","contentUrl":"https:\/\/miumjau.ee\/wp-content\/uploads\/2025\/05\/veise-suda-250g-frigera.jpg","width":600,"height":800,"caption":"Veise s\u00fcda frigera 250g"},{"@type":"BreadcrumbList","@id":"https:\/\/miumjau.ee\/fi\/tuote\/kuivattu-naudansydan-paloina-frigera-herkku-koirille-250-g\/#breadcrumb","itemListElement":[{"@type":"ListItem","position":1,"name":"Home","item":"https:\/\/miumjau.ee\/fi\/"},{"@type":"ListItem","position":2,"name":"Kauppa","item":"https:\/\/miumjau.ee\/fi\/kauppa\/"},{"@type":"ListItem","position":3,"name":"Kuivattu naudansyd\u00e4n paloina, Frigera-herkku koirille 250 g"}]},{"@type":"WebSite","@id":"https:\/\/miumjau.ee\/#website","url":"https:\/\/miumjau.ee\/","name":"MiuMjau","description":"Kraapimispuud kassidele","publisher":{"@id":"https:\/\/miumjau.ee\/#organization"},"potentialAction":[{"@type":"SearchAction","target":{"@type":"EntryPoint","urlTemplate":"https:\/\/miumjau.ee\/?s={search_term_string}"},"query-input":{"@type":"PropertyValueSpecification","valueRequired":true,"valueName":"search_term_string"}}],"inLanguage":"fi"},{"@type":"Organization","@id":"https:\/\/miumjau.ee\/#organization","name":"MiuMjau O\u00dc","url":"https:\/\/miumjau.ee\/","logo":{"@type":"ImageObject","inLanguage":"fi","@id":"https:\/\/miumjau.ee\/#\/schema\/logo\/image\/","url":"https:\/\/miumjau.ee\/wp-content\/uploads\/2022\/04\/MiuMjau-logo-kollane.png","contentUrl":"https:\/\/miumjau.ee\/wp-content\/uploads\/2022\/04\/MiuMjau-logo-kollane.png","width":219,"height":100,"caption":"MiuMjau O\u00dc"},"image":{"@id":"https:\/\/miumjau.ee\/#\/schema\/logo\/image\/"},"sameAs":["https:\/\/www.facebook.com\/miumjaupood\/"]}]}},"_links":{"self":[{"href":"https:\/\/miumjau.ee\/fi\/wp-json\/wp\/v2\/product\/47926","targetHints":{"allow":["GET"]}}],"collection":[{"href":"https:\/\/miumjau.ee\/fi\/wp-json\/wp\/v2\/product"}],"about":[{"href":"https:\/\/miumjau.ee\/fi\/wp-json\/wp\/v2\/types\/product"}],"wp:featuredmedia":[{"embeddable":true,"href":"https:\/\/miumjau.ee\/fi\/wp-json\/wp\/v2\/media\/35875"}],"wp:attachment":[{"href":"https:\/\/miumjau.ee\/fi\/wp-json\/wp\/v2\/media?parent=47926"}],"wp:term":[{"taxonomy":"product_brand","embeddable":true,"href":"https:\/\/miumjau.ee\/fi\/wp-json\/wp\/v2\/product_brand?post=47926"},{"taxonomy":"product_cat","embeddable":true,"href":"https:\/\/miumjau.ee\/fi\/wp-json\/wp\/v2\/product_cat?post=47926"},{"taxonomy":"product_tag","embeddable":true,"href":"https:\/\/miumjau.ee\/fi\/wp-json\/wp\/v2\/product_tag?post=47926"}],"curies":[{"name":"wp","href":"https:\/\/api.w.org\/{rel}","templated":true}]}}