{"id":47922,"date":"2025-05-29T21:52:37","date_gmt":"2025-05-29T18:52:37","guid":{"rendered":"https:\/\/miumjau.ee\/toode\/haransiittimen-paatypalat-frigera-puruherkku-500-g\/"},"modified":"2026-01-07T22:45:38","modified_gmt":"2026-01-07T20:45:38","slug":"haransiittimen-paatypalat-frigera-puruherkku-500-g","status":"publish","type":"product","link":"https:\/\/miumjau.ee\/fi\/tuote\/haransiittimen-paatypalat-frigera-puruherkku-500-g\/","title":{"rendered":"H\u00e4r\u00e4nsiittimen p\u00e4\u00e4typalat Frigera, puruherkku 500 g"},"content":{"rendered":"","protected":false},"excerpt":{"rendered":"<p data-start=\"1205\" data-end=\"1782\">Luonnolliset minikokoiset purutikut h\u00e4r\u00e4nsiittimest\u00e4? Juuri niin! N\u00e4m\u00e4 pienet, houkuttelevan tuoksuiset herkut eiv\u00e4t pet\u00e4 koiraasi. Ne sopivat t\u00e4ydellisesti, jos kokonainen purutikku on koirallesi liian suuri tai jos etsit edullisemat vaihtoehtoa! friGERA-purutikut valmistetaan korkealaatuisista, vapaasti kasvatetuista h\u00e4rist\u00e4. N\u00e4m\u00e4 luonnolliset palat ovat erinomainen omega-3:n, proteiinin ja v\u00e4ltt\u00e4m\u00e4tt\u00f6mien aminohappojen l\u00e4hde, ja niiss\u00e4 on v\u00e4hemm\u00e4n tyydyttyneit\u00e4 rasvoja kuin useimmissa muissa luonnollisissa herkuissa. \u201cNopea palkinto\u201d h\u00e4nt\u00e4\u00e4ns\u00e4 heiluttavalle yst\u00e4v\u00e4lle!<\/p>\n<p data-start=\"1784\" data-end=\"1833\">Nettom\u00e4\u00e4r\u00e4: 500 g<br data-start=\"1801\" data-end=\"1804\" \/>Koostumus: 100 % naudanliha<\/p>\n<p data-start=\"1835\" data-end=\"2099\">K\u00e4ytt\u00f6ohje: Anna v\u00e4lipalana tai palkkiona aterioiden v\u00e4liss\u00e4 osana tasapainoista ruokavaliota. Valvo koiraa ruokinnan aikana ja tarjoa aina raikasta vett\u00e4. Ei sovellu ihmisravinnoksi. Ole varovainen, jos koira \u201cahmii\u201d eik\u00e4 pure kunnolla. Sopii aikuisille koirille.<\/p>\n<p data-start=\"2101\" data-end=\"2173\">Analyyttinen koostumus: Proteiini 81,96 %, Rasva 4,51 %, Kosteus 12,48 %<\/p>\n","protected":false},"featured_media":40815,"template":"","meta":[],"product_brand":[],"product_cat":[480,139],"product_tag":[],"class_list":{"0":"post-47922","1":"product","2":"type-product","3":"status-publish","4":"has-post-thumbnail","6":"product_cat-herkut-koirille","7":"product_cat-kaup24-fi","9":"first","10":"instock","11":"taxable","12":"shipping-taxable","13":"purchasable","14":"product-type-simple"},"yoast_head":"<!-- This site is optimized with the Yoast SEO plugin v27.4 - https:\/\/yoast.com\/product\/yoast-seo-wordpress\/ -->\n<title>H\u00e4r\u00e4nsiittimen p\u00e4\u00e4typalat Frigera, puruherkku 500 g - MiuMjau<\/title>\n<meta name=\"robots\" content=\"index, follow, max-snippet:-1, max-image-preview:large, max-video-preview:-1\" \/>\n<link rel=\"canonical\" href=\"https:\/\/miumjau.ee\/fi\/tuote\/haransiittimen-paatypalat-frigera-puruherkku-500-g\/\" \/>\n<meta property=\"og:locale\" content=\"fi_FI\" \/>\n<meta property=\"og:type\" content=\"article\" \/>\n<meta property=\"og:title\" content=\"H\u00e4r\u00e4nsiittimen p\u00e4\u00e4typalat Frigera, puruherkku 500 g - MiuMjau\" \/>\n<meta property=\"og:description\" content=\"Luonnolliset minikokoiset purutikut h\u00e4r\u00e4nsiittimest\u00e4? Juuri niin! N\u00e4m\u00e4 pienet, houkuttelevan tuoksuiset herkut eiv\u00e4t pet\u00e4 koiraasi. Ne sopivat t\u00e4ydellisesti, jos kokonainen purutikku on koirallesi liian suuri tai jos etsit edullisemat vaihtoehtoa! friGERA-purutikut valmistetaan korkealaatuisista, vapaasti kasvatetuista h\u00e4rist\u00e4. N\u00e4m\u00e4 luonnolliset palat ovat erinomainen omega-3:n, proteiinin ja v\u00e4ltt\u00e4m\u00e4tt\u00f6mien aminohappojen l\u00e4hde, ja niiss\u00e4 on v\u00e4hemm\u00e4n tyydyttyneit\u00e4 rasvoja kuin useimmissa muissa luonnollisissa herkuissa. \u201cNopea palkinto\u201d h\u00e4nt\u00e4\u00e4ns\u00e4 heiluttavalle yst\u00e4v\u00e4lle! Nettom\u00e4\u00e4r\u00e4: 500 gKoostumus: 100 % naudanliha K\u00e4ytt\u00f6ohje: Anna v\u00e4lipalana tai palkkiona aterioiden v\u00e4liss\u00e4 osana tasapainoista ruokavaliota. Valvo koiraa ruokinnan aikana ja tarjoa aina raikasta vett\u00e4. Ei sovellu ihmisravinnoksi. Ole varovainen, jos koira \u201cahmii\u201d eik\u00e4 pure kunnolla. Sopii aikuisille koirille. Analyyttinen koostumus: Proteiini 81,96 %, Rasva 4,51 %, Kosteus 12,48 %\" \/>\n<meta property=\"og:url\" content=\"https:\/\/miumjau.ee\/fi\/tuote\/haransiittimen-paatypalat-frigera-puruherkku-500-g\/\" \/>\n<meta property=\"og:site_name\" content=\"MiuMjau\" \/>\n<meta property=\"article:publisher\" content=\"https:\/\/www.facebook.com\/miumjaupood\/\" \/>\n<meta property=\"article:modified_time\" content=\"2026-01-07T20:45:38+00:00\" \/>\n<meta property=\"og:image\" content=\"https:\/\/miumjau.ee\/wp-content\/uploads\/2025\/05\/frigera-koerte-maius-pullipeenise-lopposad-500g-1-Photoroom.jpg\" \/>\n\t<meta property=\"og:image:width\" content=\"600\" \/>\n\t<meta property=\"og:image:height\" content=\"800\" \/>\n\t<meta property=\"og:image:type\" content=\"image\/jpeg\" \/>\n<meta name=\"twitter:card\" content=\"summary_large_image\" \/>\n<script type=\"application\/ld+json\" class=\"yoast-schema-graph\">{\"@context\":\"https:\\\/\\\/schema.org\",\"@graph\":[{\"@type\":\"WebPage\",\"@id\":\"https:\\\/\\\/miumjau.ee\\\/fi\\\/tuote\\\/haransiittimen-paatypalat-frigera-puruherkku-500-g\\\/\",\"url\":\"https:\\\/\\\/miumjau.ee\\\/fi\\\/tuote\\\/haransiittimen-paatypalat-frigera-puruherkku-500-g\\\/\",\"name\":\"H\u00e4r\u00e4nsiittimen p\u00e4\u00e4typalat Frigera, puruherkku 500 g - MiuMjau\",\"isPartOf\":{\"@id\":\"https:\\\/\\\/miumjau.ee\\\/#website\"},\"primaryImageOfPage\":{\"@id\":\"https:\\\/\\\/miumjau.ee\\\/fi\\\/tuote\\\/haransiittimen-paatypalat-frigera-puruherkku-500-g\\\/#primaryimage\"},\"image\":{\"@id\":\"https:\\\/\\\/miumjau.ee\\\/fi\\\/tuote\\\/haransiittimen-paatypalat-frigera-puruherkku-500-g\\\/#primaryimage\"},\"thumbnailUrl\":\"https:\\\/\\\/miumjau.ee\\\/wp-content\\\/uploads\\\/2025\\\/05\\\/frigera-koerte-maius-pullipeenise-lopposad-500g-1-Photoroom.jpg\",\"datePublished\":\"2025-05-29T18:52:37+00:00\",\"dateModified\":\"2026-01-07T20:45:38+00:00\",\"breadcrumb\":{\"@id\":\"https:\\\/\\\/miumjau.ee\\\/fi\\\/tuote\\\/haransiittimen-paatypalat-frigera-puruherkku-500-g\\\/#breadcrumb\"},\"inLanguage\":\"fi\",\"potentialAction\":[{\"@type\":\"ReadAction\",\"target\":[\"https:\\\/\\\/miumjau.ee\\\/fi\\\/tuote\\\/haransiittimen-paatypalat-frigera-puruherkku-500-g\\\/\"]}]},{\"@type\":\"ImageObject\",\"inLanguage\":\"fi\",\"@id\":\"https:\\\/\\\/miumjau.ee\\\/fi\\\/tuote\\\/haransiittimen-paatypalat-frigera-puruherkku-500-g\\\/#primaryimage\",\"url\":\"https:\\\/\\\/miumjau.ee\\\/wp-content\\\/uploads\\\/2025\\\/05\\\/frigera-koerte-maius-pullipeenise-lopposad-500g-1-Photoroom.jpg\",\"contentUrl\":\"https:\\\/\\\/miumjau.ee\\\/wp-content\\\/uploads\\\/2025\\\/05\\\/frigera-koerte-maius-pullipeenise-lopposad-500g-1-Photoroom.jpg\",\"width\":600,\"height\":800,\"caption\":\"Frigera pullipeenise t\u00fckid\"},{\"@type\":\"BreadcrumbList\",\"@id\":\"https:\\\/\\\/miumjau.ee\\\/fi\\\/tuote\\\/haransiittimen-paatypalat-frigera-puruherkku-500-g\\\/#breadcrumb\",\"itemListElement\":[{\"@type\":\"ListItem\",\"position\":1,\"name\":\"Home\",\"item\":\"https:\\\/\\\/miumjau.ee\\\/fi\\\/\"},{\"@type\":\"ListItem\",\"position\":2,\"name\":\"Kauppa\",\"item\":\"https:\\\/\\\/miumjau.ee\\\/fi\\\/kauppa\\\/\"},{\"@type\":\"ListItem\",\"position\":3,\"name\":\"H\u00e4r\u00e4nsiittimen p\u00e4\u00e4typalat Frigera, puruherkku 500 g\"}]},{\"@type\":\"WebSite\",\"@id\":\"https:\\\/\\\/miumjau.ee\\\/#website\",\"url\":\"https:\\\/\\\/miumjau.ee\\\/\",\"name\":\"MiuMjau\",\"description\":\"Kraapimispuud kassidele\",\"publisher\":{\"@id\":\"https:\\\/\\\/miumjau.ee\\\/#organization\"},\"potentialAction\":[{\"@type\":\"SearchAction\",\"target\":{\"@type\":\"EntryPoint\",\"urlTemplate\":\"https:\\\/\\\/miumjau.ee\\\/?s={search_term_string}\"},\"query-input\":{\"@type\":\"PropertyValueSpecification\",\"valueRequired\":true,\"valueName\":\"search_term_string\"}}],\"inLanguage\":\"fi\"},{\"@type\":\"Organization\",\"@id\":\"https:\\\/\\\/miumjau.ee\\\/#organization\",\"name\":\"MiuMjau O\u00dc\",\"url\":\"https:\\\/\\\/miumjau.ee\\\/\",\"logo\":{\"@type\":\"ImageObject\",\"inLanguage\":\"fi\",\"@id\":\"https:\\\/\\\/miumjau.ee\\\/#\\\/schema\\\/logo\\\/image\\\/\",\"url\":\"https:\\\/\\\/miumjau.ee\\\/wp-content\\\/uploads\\\/2022\\\/04\\\/MiuMjau-logo-kollane.png\",\"contentUrl\":\"https:\\\/\\\/miumjau.ee\\\/wp-content\\\/uploads\\\/2022\\\/04\\\/MiuMjau-logo-kollane.png\",\"width\":219,\"height\":100,\"caption\":\"MiuMjau O\u00dc\"},\"image\":{\"@id\":\"https:\\\/\\\/miumjau.ee\\\/#\\\/schema\\\/logo\\\/image\\\/\"},\"sameAs\":[\"https:\\\/\\\/www.facebook.com\\\/miumjaupood\\\/\"]}]}<\/script>\n<!-- \/ Yoast SEO plugin. -->","yoast_head_json":{"title":"H\u00e4r\u00e4nsiittimen p\u00e4\u00e4typalat Frigera, puruherkku 500 g - MiuMjau","robots":{"index":"index","follow":"follow","max-snippet":"max-snippet:-1","max-image-preview":"max-image-preview:large","max-video-preview":"max-video-preview:-1"},"canonical":"https:\/\/miumjau.ee\/fi\/tuote\/haransiittimen-paatypalat-frigera-puruherkku-500-g\/","og_locale":"fi_FI","og_type":"article","og_title":"H\u00e4r\u00e4nsiittimen p\u00e4\u00e4typalat Frigera, puruherkku 500 g - MiuMjau","og_description":"Luonnolliset minikokoiset purutikut h\u00e4r\u00e4nsiittimest\u00e4? Juuri niin! N\u00e4m\u00e4 pienet, houkuttelevan tuoksuiset herkut eiv\u00e4t pet\u00e4 koiraasi. Ne sopivat t\u00e4ydellisesti, jos kokonainen purutikku on koirallesi liian suuri tai jos etsit edullisemat vaihtoehtoa! friGERA-purutikut valmistetaan korkealaatuisista, vapaasti kasvatetuista h\u00e4rist\u00e4. N\u00e4m\u00e4 luonnolliset palat ovat erinomainen omega-3:n, proteiinin ja v\u00e4ltt\u00e4m\u00e4tt\u00f6mien aminohappojen l\u00e4hde, ja niiss\u00e4 on v\u00e4hemm\u00e4n tyydyttyneit\u00e4 rasvoja kuin useimmissa muissa luonnollisissa herkuissa. \u201cNopea palkinto\u201d h\u00e4nt\u00e4\u00e4ns\u00e4 heiluttavalle yst\u00e4v\u00e4lle! Nettom\u00e4\u00e4r\u00e4: 500 gKoostumus: 100 % naudanliha K\u00e4ytt\u00f6ohje: Anna v\u00e4lipalana tai palkkiona aterioiden v\u00e4liss\u00e4 osana tasapainoista ruokavaliota. Valvo koiraa ruokinnan aikana ja tarjoa aina raikasta vett\u00e4. Ei sovellu ihmisravinnoksi. Ole varovainen, jos koira \u201cahmii\u201d eik\u00e4 pure kunnolla. Sopii aikuisille koirille. Analyyttinen koostumus: Proteiini 81,96 %, Rasva 4,51 %, Kosteus 12,48 %","og_url":"https:\/\/miumjau.ee\/fi\/tuote\/haransiittimen-paatypalat-frigera-puruherkku-500-g\/","og_site_name":"MiuMjau","article_publisher":"https:\/\/www.facebook.com\/miumjaupood\/","article_modified_time":"2026-01-07T20:45:38+00:00","og_image":[{"width":600,"height":800,"url":"https:\/\/miumjau.ee\/wp-content\/uploads\/2025\/05\/frigera-koerte-maius-pullipeenise-lopposad-500g-1-Photoroom.jpg","type":"image\/jpeg"}],"twitter_card":"summary_large_image","schema":{"@context":"https:\/\/schema.org","@graph":[{"@type":"WebPage","@id":"https:\/\/miumjau.ee\/fi\/tuote\/haransiittimen-paatypalat-frigera-puruherkku-500-g\/","url":"https:\/\/miumjau.ee\/fi\/tuote\/haransiittimen-paatypalat-frigera-puruherkku-500-g\/","name":"H\u00e4r\u00e4nsiittimen p\u00e4\u00e4typalat Frigera, puruherkku 500 g - MiuMjau","isPartOf":{"@id":"https:\/\/miumjau.ee\/#website"},"primaryImageOfPage":{"@id":"https:\/\/miumjau.ee\/fi\/tuote\/haransiittimen-paatypalat-frigera-puruherkku-500-g\/#primaryimage"},"image":{"@id":"https:\/\/miumjau.ee\/fi\/tuote\/haransiittimen-paatypalat-frigera-puruherkku-500-g\/#primaryimage"},"thumbnailUrl":"https:\/\/miumjau.ee\/wp-content\/uploads\/2025\/05\/frigera-koerte-maius-pullipeenise-lopposad-500g-1-Photoroom.jpg","datePublished":"2025-05-29T18:52:37+00:00","dateModified":"2026-01-07T20:45:38+00:00","breadcrumb":{"@id":"https:\/\/miumjau.ee\/fi\/tuote\/haransiittimen-paatypalat-frigera-puruherkku-500-g\/#breadcrumb"},"inLanguage":"fi","potentialAction":[{"@type":"ReadAction","target":["https:\/\/miumjau.ee\/fi\/tuote\/haransiittimen-paatypalat-frigera-puruherkku-500-g\/"]}]},{"@type":"ImageObject","inLanguage":"fi","@id":"https:\/\/miumjau.ee\/fi\/tuote\/haransiittimen-paatypalat-frigera-puruherkku-500-g\/#primaryimage","url":"https:\/\/miumjau.ee\/wp-content\/uploads\/2025\/05\/frigera-koerte-maius-pullipeenise-lopposad-500g-1-Photoroom.jpg","contentUrl":"https:\/\/miumjau.ee\/wp-content\/uploads\/2025\/05\/frigera-koerte-maius-pullipeenise-lopposad-500g-1-Photoroom.jpg","width":600,"height":800,"caption":"Frigera pullipeenise t\u00fckid"},{"@type":"BreadcrumbList","@id":"https:\/\/miumjau.ee\/fi\/tuote\/haransiittimen-paatypalat-frigera-puruherkku-500-g\/#breadcrumb","itemListElement":[{"@type":"ListItem","position":1,"name":"Home","item":"https:\/\/miumjau.ee\/fi\/"},{"@type":"ListItem","position":2,"name":"Kauppa","item":"https:\/\/miumjau.ee\/fi\/kauppa\/"},{"@type":"ListItem","position":3,"name":"H\u00e4r\u00e4nsiittimen p\u00e4\u00e4typalat Frigera, puruherkku 500 g"}]},{"@type":"WebSite","@id":"https:\/\/miumjau.ee\/#website","url":"https:\/\/miumjau.ee\/","name":"MiuMjau","description":"Kraapimispuud kassidele","publisher":{"@id":"https:\/\/miumjau.ee\/#organization"},"potentialAction":[{"@type":"SearchAction","target":{"@type":"EntryPoint","urlTemplate":"https:\/\/miumjau.ee\/?s={search_term_string}"},"query-input":{"@type":"PropertyValueSpecification","valueRequired":true,"valueName":"search_term_string"}}],"inLanguage":"fi"},{"@type":"Organization","@id":"https:\/\/miumjau.ee\/#organization","name":"MiuMjau O\u00dc","url":"https:\/\/miumjau.ee\/","logo":{"@type":"ImageObject","inLanguage":"fi","@id":"https:\/\/miumjau.ee\/#\/schema\/logo\/image\/","url":"https:\/\/miumjau.ee\/wp-content\/uploads\/2022\/04\/MiuMjau-logo-kollane.png","contentUrl":"https:\/\/miumjau.ee\/wp-content\/uploads\/2022\/04\/MiuMjau-logo-kollane.png","width":219,"height":100,"caption":"MiuMjau O\u00dc"},"image":{"@id":"https:\/\/miumjau.ee\/#\/schema\/logo\/image\/"},"sameAs":["https:\/\/www.facebook.com\/miumjaupood\/"]}]}},"_links":{"self":[{"href":"https:\/\/miumjau.ee\/fi\/wp-json\/wp\/v2\/product\/47922","targetHints":{"allow":["GET"]}}],"collection":[{"href":"https:\/\/miumjau.ee\/fi\/wp-json\/wp\/v2\/product"}],"about":[{"href":"https:\/\/miumjau.ee\/fi\/wp-json\/wp\/v2\/types\/product"}],"wp:featuredmedia":[{"embeddable":true,"href":"https:\/\/miumjau.ee\/fi\/wp-json\/wp\/v2\/media\/40815"}],"wp:attachment":[{"href":"https:\/\/miumjau.ee\/fi\/wp-json\/wp\/v2\/media?parent=47922"}],"wp:term":[{"taxonomy":"product_brand","embeddable":true,"href":"https:\/\/miumjau.ee\/fi\/wp-json\/wp\/v2\/product_brand?post=47922"},{"taxonomy":"product_cat","embeddable":true,"href":"https:\/\/miumjau.ee\/fi\/wp-json\/wp\/v2\/product_cat?post=47922"},{"taxonomy":"product_tag","embeddable":true,"href":"https:\/\/miumjau.ee\/fi\/wp-json\/wp\/v2\/product_tag?post=47922"}],"curies":[{"name":"wp","href":"https:\/\/api.w.org\/{rel}","templated":true}]}}