{"id":47914,"date":"2025-05-29T22:09:07","date_gmt":"2025-05-29T19:09:07","guid":{"rendered":"https:\/\/miumjau.ee\/toode\/puruluuherkku-koirille-frigera-haransiitin-12-cm-100-g\/"},"modified":"2026-01-07T22:45:38","modified_gmt":"2026-01-07T20:45:38","slug":"puruluuherkku-koirille-frigera-haransiitin-12-cm-100-g","status":"publish","type":"product","link":"https:\/\/miumjau.ee\/fi\/tuote\/puruluuherkku-koirille-frigera-haransiitin-12-cm-100-g\/","title":{"rendered":"Puruluuherkku koirille Frigera, h\u00e4r\u00e4nsiitin 12 cm, 100 g"},"content":{"rendered":"","protected":false},"excerpt":{"rendered":"<p data-start=\"1257\" data-end=\"1882\">T\u00e4ysin luonnolliset purutikut koirille? Juuri niin! N\u00e4m\u00e4 herkullisen tuoksuiset palkinnot eiv\u00e4t pet\u00e4 koiraasi! friGERA-purutikut valmistetaan korkealaatuisista, vapaasti kasvatetuista h\u00e4rist\u00e4. T\u00e4m\u00e4 luonnollinen lihaskudos on erinomainen omega-3:n, tauriinin, proteiinin, v\u00e4ltt\u00e4m\u00e4tt\u00f6mien aminohappojen ja mineraalien l\u00e4hde, ja siin\u00e4 on v\u00e4hemm\u00e4n tyydyttyneit\u00e4 rasvoja ja kolesterolia kuin useimmissa muissa luonnollisissa herkuissa. Pureskelu tukee hampaanhoitoa ja henkist\u00e4 hyvinvointia sek\u00e4 leuan ja lihaksiston kehityst\u00e4. Herkkumme tarjoavat todellista purunautintoa h\u00e4nt\u00e4\u00e4ns\u00e4 heiluttavalle yst\u00e4v\u00e4llesi \u2013 koosta riippumatta!<\/p>\n<p data-start=\"1884\" data-end=\"1908\">Koostumus: 100 % nauta<\/p>\n<p data-start=\"1910\" data-end=\"2174\">K\u00e4ytt\u00f6ohje: Anna v\u00e4lipalana tai palkkiona aterioiden v\u00e4lill\u00e4 osana tasapainoista ruokavaliota. Valvo koiraa ruokinnan aikana ja tarjoa aina raikasta vett\u00e4. Ei sovellu ihmisravinnoksi. Ole varovainen, jos koirasi ahmii eik\u00e4 pure kunnolla. Sopii aikuisille koirille.<\/p>\n<p data-start=\"2176\" data-end=\"2238\">Analyyttinen koostumus: Proteiini 81 %, Rasva 3 %, Kosteus 9 %<\/p>\n","protected":false},"featured_media":34414,"template":"","meta":[],"product_brand":[],"product_cat":[480],"product_tag":[],"class_list":{"0":"post-47914","1":"product","2":"type-product","3":"status-publish","4":"has-post-thumbnail","6":"product_cat-herkut-koirille","8":"first","9":"instock","10":"taxable","11":"shipping-taxable","12":"purchasable","13":"product-type-simple"},"yoast_head":"<!-- This site is optimized with the Yoast SEO plugin v27.2 - https:\/\/yoast.com\/product\/yoast-seo-wordpress\/ -->\n<title>Puruluuherkku koirille Frigera, h\u00e4r\u00e4nsiitin 12 cm, 100 g - MiuMjau<\/title>\n<meta name=\"robots\" content=\"index, follow, max-snippet:-1, max-image-preview:large, max-video-preview:-1\" \/>\n<link rel=\"canonical\" href=\"https:\/\/miumjau.ee\/fi\/tuote\/puruluuherkku-koirille-frigera-haransiitin-12-cm-100-g\/\" \/>\n<meta property=\"og:locale\" content=\"fi_FI\" \/>\n<meta property=\"og:type\" content=\"article\" \/>\n<meta property=\"og:title\" content=\"Puruluuherkku koirille Frigera, h\u00e4r\u00e4nsiitin 12 cm, 100 g - MiuMjau\" \/>\n<meta property=\"og:description\" content=\"T\u00e4ysin luonnolliset purutikut koirille? Juuri niin! N\u00e4m\u00e4 herkullisen tuoksuiset palkinnot eiv\u00e4t pet\u00e4 koiraasi! friGERA-purutikut valmistetaan korkealaatuisista, vapaasti kasvatetuista h\u00e4rist\u00e4. T\u00e4m\u00e4 luonnollinen lihaskudos on erinomainen omega-3:n, tauriinin, proteiinin, v\u00e4ltt\u00e4m\u00e4tt\u00f6mien aminohappojen ja mineraalien l\u00e4hde, ja siin\u00e4 on v\u00e4hemm\u00e4n tyydyttyneit\u00e4 rasvoja ja kolesterolia kuin useimmissa muissa luonnollisissa herkuissa. Pureskelu tukee hampaanhoitoa ja henkist\u00e4 hyvinvointia sek\u00e4 leuan ja lihaksiston kehityst\u00e4. Herkkumme tarjoavat todellista purunautintoa h\u00e4nt\u00e4\u00e4ns\u00e4 heiluttavalle yst\u00e4v\u00e4llesi \u2013 koosta riippumatta! Koostumus: 100 % nauta K\u00e4ytt\u00f6ohje: Anna v\u00e4lipalana tai palkkiona aterioiden v\u00e4lill\u00e4 osana tasapainoista ruokavaliota. Valvo koiraa ruokinnan aikana ja tarjoa aina raikasta vett\u00e4. Ei sovellu ihmisravinnoksi. Ole varovainen, jos koirasi ahmii eik\u00e4 pure kunnolla. Sopii aikuisille koirille. Analyyttinen koostumus: Proteiini 81 %, Rasva 3 %, Kosteus 9 %\" \/>\n<meta property=\"og:url\" content=\"https:\/\/miumjau.ee\/fi\/tuote\/puruluuherkku-koirille-frigera-haransiitin-12-cm-100-g\/\" \/>\n<meta property=\"og:site_name\" content=\"MiuMjau\" \/>\n<meta property=\"article:publisher\" content=\"https:\/\/www.facebook.com\/miumjaupood\/\" \/>\n<meta property=\"article:modified_time\" content=\"2026-01-07T20:45:38+00:00\" \/>\n<meta property=\"og:image\" content=\"https:\/\/miumjau.ee\/wp-content\/uploads\/2025\/05\/frigera-koerte-maius-pullipeenis-12cm-100g-1-Photoroom.webp\" \/>\n\t<meta property=\"og:image:width\" content=\"600\" \/>\n\t<meta property=\"og:image:height\" content=\"800\" \/>\n\t<meta property=\"og:image:type\" content=\"image\/webp\" \/>\n<meta name=\"twitter:card\" content=\"summary_large_image\" \/>\n<script type=\"application\/ld+json\" class=\"yoast-schema-graph\">{\"@context\":\"https:\/\/schema.org\",\"@graph\":[{\"@type\":\"WebPage\",\"@id\":\"https:\/\/miumjau.ee\/fi\/tuote\/puruluuherkku-koirille-frigera-haransiitin-12-cm-100-g\/\",\"url\":\"https:\/\/miumjau.ee\/fi\/tuote\/puruluuherkku-koirille-frigera-haransiitin-12-cm-100-g\/\",\"name\":\"Puruluuherkku koirille Frigera, h\u00e4r\u00e4nsiitin 12 cm, 100 g - MiuMjau\",\"isPartOf\":{\"@id\":\"https:\/\/miumjau.ee\/#website\"},\"primaryImageOfPage\":{\"@id\":\"https:\/\/miumjau.ee\/fi\/tuote\/puruluuherkku-koirille-frigera-haransiitin-12-cm-100-g\/#primaryimage\"},\"image\":{\"@id\":\"https:\/\/miumjau.ee\/fi\/tuote\/puruluuherkku-koirille-frigera-haransiitin-12-cm-100-g\/#primaryimage\"},\"thumbnailUrl\":\"https:\/\/miumjau.ee\/wp-content\/uploads\/2025\/05\/frigera-koerte-maius-pullipeenis-12cm-100g-1-Photoroom.webp\",\"datePublished\":\"2025-05-29T19:09:07+00:00\",\"dateModified\":\"2026-01-07T20:45:38+00:00\",\"breadcrumb\":{\"@id\":\"https:\/\/miumjau.ee\/fi\/tuote\/puruluuherkku-koirille-frigera-haransiitin-12-cm-100-g\/#breadcrumb\"},\"inLanguage\":\"fi\",\"potentialAction\":[{\"@type\":\"ReadAction\",\"target\":[\"https:\/\/miumjau.ee\/fi\/tuote\/puruluuherkku-koirille-frigera-haransiitin-12-cm-100-g\/\"]}]},{\"@type\":\"ImageObject\",\"inLanguage\":\"fi\",\"@id\":\"https:\/\/miumjau.ee\/fi\/tuote\/puruluuherkku-koirille-frigera-haransiitin-12-cm-100-g\/#primaryimage\",\"url\":\"https:\/\/miumjau.ee\/wp-content\/uploads\/2025\/05\/frigera-koerte-maius-pullipeenis-12cm-100g-1-Photoroom.webp\",\"contentUrl\":\"https:\/\/miumjau.ee\/wp-content\/uploads\/2025\/05\/frigera-koerte-maius-pullipeenis-12cm-100g-1-Photoroom.webp\",\"width\":600,\"height\":800,\"caption\":\"Naturaalne n\u00e4rimismaius koertele - pullipeenis 12cm, 100g\"},{\"@type\":\"BreadcrumbList\",\"@id\":\"https:\/\/miumjau.ee\/fi\/tuote\/puruluuherkku-koirille-frigera-haransiitin-12-cm-100-g\/#breadcrumb\",\"itemListElement\":[{\"@type\":\"ListItem\",\"position\":1,\"name\":\"Home\",\"item\":\"https:\/\/miumjau.ee\/fi\/\"},{\"@type\":\"ListItem\",\"position\":2,\"name\":\"Kauppa\",\"item\":\"https:\/\/miumjau.ee\/fi\/kauppa\/\"},{\"@type\":\"ListItem\",\"position\":3,\"name\":\"Puruluuherkku koirille Frigera, h\u00e4r\u00e4nsiitin 12 cm, 100 g\"}]},{\"@type\":\"WebSite\",\"@id\":\"https:\/\/miumjau.ee\/#website\",\"url\":\"https:\/\/miumjau.ee\/\",\"name\":\"MiuMjau\",\"description\":\"Kraapimispuud kassidele\",\"publisher\":{\"@id\":\"https:\/\/miumjau.ee\/#organization\"},\"potentialAction\":[{\"@type\":\"SearchAction\",\"target\":{\"@type\":\"EntryPoint\",\"urlTemplate\":\"https:\/\/miumjau.ee\/?s={search_term_string}\"},\"query-input\":{\"@type\":\"PropertyValueSpecification\",\"valueRequired\":true,\"valueName\":\"search_term_string\"}}],\"inLanguage\":\"fi\"},{\"@type\":\"Organization\",\"@id\":\"https:\/\/miumjau.ee\/#organization\",\"name\":\"MiuMjau O\u00dc\",\"url\":\"https:\/\/miumjau.ee\/\",\"logo\":{\"@type\":\"ImageObject\",\"inLanguage\":\"fi\",\"@id\":\"https:\/\/miumjau.ee\/#\/schema\/logo\/image\/\",\"url\":\"https:\/\/miumjau.ee\/wp-content\/uploads\/2022\/04\/MiuMjau-logo-kollane.png\",\"contentUrl\":\"https:\/\/miumjau.ee\/wp-content\/uploads\/2022\/04\/MiuMjau-logo-kollane.png\",\"width\":219,\"height\":100,\"caption\":\"MiuMjau O\u00dc\"},\"image\":{\"@id\":\"https:\/\/miumjau.ee\/#\/schema\/logo\/image\/\"},\"sameAs\":[\"https:\/\/www.facebook.com\/miumjaupood\/\"]}]}<\/script>\n<!-- \/ Yoast SEO plugin. -->","yoast_head_json":{"title":"Puruluuherkku koirille Frigera, h\u00e4r\u00e4nsiitin 12 cm, 100 g - MiuMjau","robots":{"index":"index","follow":"follow","max-snippet":"max-snippet:-1","max-image-preview":"max-image-preview:large","max-video-preview":"max-video-preview:-1"},"canonical":"https:\/\/miumjau.ee\/fi\/tuote\/puruluuherkku-koirille-frigera-haransiitin-12-cm-100-g\/","og_locale":"fi_FI","og_type":"article","og_title":"Puruluuherkku koirille Frigera, h\u00e4r\u00e4nsiitin 12 cm, 100 g - MiuMjau","og_description":"T\u00e4ysin luonnolliset purutikut koirille? Juuri niin! N\u00e4m\u00e4 herkullisen tuoksuiset palkinnot eiv\u00e4t pet\u00e4 koiraasi! friGERA-purutikut valmistetaan korkealaatuisista, vapaasti kasvatetuista h\u00e4rist\u00e4. T\u00e4m\u00e4 luonnollinen lihaskudos on erinomainen omega-3:n, tauriinin, proteiinin, v\u00e4ltt\u00e4m\u00e4tt\u00f6mien aminohappojen ja mineraalien l\u00e4hde, ja siin\u00e4 on v\u00e4hemm\u00e4n tyydyttyneit\u00e4 rasvoja ja kolesterolia kuin useimmissa muissa luonnollisissa herkuissa. Pureskelu tukee hampaanhoitoa ja henkist\u00e4 hyvinvointia sek\u00e4 leuan ja lihaksiston kehityst\u00e4. Herkkumme tarjoavat todellista purunautintoa h\u00e4nt\u00e4\u00e4ns\u00e4 heiluttavalle yst\u00e4v\u00e4llesi \u2013 koosta riippumatta! Koostumus: 100 % nauta K\u00e4ytt\u00f6ohje: Anna v\u00e4lipalana tai palkkiona aterioiden v\u00e4lill\u00e4 osana tasapainoista ruokavaliota. Valvo koiraa ruokinnan aikana ja tarjoa aina raikasta vett\u00e4. Ei sovellu ihmisravinnoksi. Ole varovainen, jos koirasi ahmii eik\u00e4 pure kunnolla. Sopii aikuisille koirille. Analyyttinen koostumus: Proteiini 81 %, Rasva 3 %, Kosteus 9 %","og_url":"https:\/\/miumjau.ee\/fi\/tuote\/puruluuherkku-koirille-frigera-haransiitin-12-cm-100-g\/","og_site_name":"MiuMjau","article_publisher":"https:\/\/www.facebook.com\/miumjaupood\/","article_modified_time":"2026-01-07T20:45:38+00:00","og_image":[{"width":600,"height":800,"url":"https:\/\/miumjau.ee\/wp-content\/uploads\/2025\/05\/frigera-koerte-maius-pullipeenis-12cm-100g-1-Photoroom.webp","type":"image\/webp"}],"twitter_card":"summary_large_image","schema":{"@context":"https:\/\/schema.org","@graph":[{"@type":"WebPage","@id":"https:\/\/miumjau.ee\/fi\/tuote\/puruluuherkku-koirille-frigera-haransiitin-12-cm-100-g\/","url":"https:\/\/miumjau.ee\/fi\/tuote\/puruluuherkku-koirille-frigera-haransiitin-12-cm-100-g\/","name":"Puruluuherkku koirille Frigera, h\u00e4r\u00e4nsiitin 12 cm, 100 g - MiuMjau","isPartOf":{"@id":"https:\/\/miumjau.ee\/#website"},"primaryImageOfPage":{"@id":"https:\/\/miumjau.ee\/fi\/tuote\/puruluuherkku-koirille-frigera-haransiitin-12-cm-100-g\/#primaryimage"},"image":{"@id":"https:\/\/miumjau.ee\/fi\/tuote\/puruluuherkku-koirille-frigera-haransiitin-12-cm-100-g\/#primaryimage"},"thumbnailUrl":"https:\/\/miumjau.ee\/wp-content\/uploads\/2025\/05\/frigera-koerte-maius-pullipeenis-12cm-100g-1-Photoroom.webp","datePublished":"2025-05-29T19:09:07+00:00","dateModified":"2026-01-07T20:45:38+00:00","breadcrumb":{"@id":"https:\/\/miumjau.ee\/fi\/tuote\/puruluuherkku-koirille-frigera-haransiitin-12-cm-100-g\/#breadcrumb"},"inLanguage":"fi","potentialAction":[{"@type":"ReadAction","target":["https:\/\/miumjau.ee\/fi\/tuote\/puruluuherkku-koirille-frigera-haransiitin-12-cm-100-g\/"]}]},{"@type":"ImageObject","inLanguage":"fi","@id":"https:\/\/miumjau.ee\/fi\/tuote\/puruluuherkku-koirille-frigera-haransiitin-12-cm-100-g\/#primaryimage","url":"https:\/\/miumjau.ee\/wp-content\/uploads\/2025\/05\/frigera-koerte-maius-pullipeenis-12cm-100g-1-Photoroom.webp","contentUrl":"https:\/\/miumjau.ee\/wp-content\/uploads\/2025\/05\/frigera-koerte-maius-pullipeenis-12cm-100g-1-Photoroom.webp","width":600,"height":800,"caption":"Naturaalne n\u00e4rimismaius koertele - pullipeenis 12cm, 100g"},{"@type":"BreadcrumbList","@id":"https:\/\/miumjau.ee\/fi\/tuote\/puruluuherkku-koirille-frigera-haransiitin-12-cm-100-g\/#breadcrumb","itemListElement":[{"@type":"ListItem","position":1,"name":"Home","item":"https:\/\/miumjau.ee\/fi\/"},{"@type":"ListItem","position":2,"name":"Kauppa","item":"https:\/\/miumjau.ee\/fi\/kauppa\/"},{"@type":"ListItem","position":3,"name":"Puruluuherkku koirille Frigera, h\u00e4r\u00e4nsiitin 12 cm, 100 g"}]},{"@type":"WebSite","@id":"https:\/\/miumjau.ee\/#website","url":"https:\/\/miumjau.ee\/","name":"MiuMjau","description":"Kraapimispuud kassidele","publisher":{"@id":"https:\/\/miumjau.ee\/#organization"},"potentialAction":[{"@type":"SearchAction","target":{"@type":"EntryPoint","urlTemplate":"https:\/\/miumjau.ee\/?s={search_term_string}"},"query-input":{"@type":"PropertyValueSpecification","valueRequired":true,"valueName":"search_term_string"}}],"inLanguage":"fi"},{"@type":"Organization","@id":"https:\/\/miumjau.ee\/#organization","name":"MiuMjau O\u00dc","url":"https:\/\/miumjau.ee\/","logo":{"@type":"ImageObject","inLanguage":"fi","@id":"https:\/\/miumjau.ee\/#\/schema\/logo\/image\/","url":"https:\/\/miumjau.ee\/wp-content\/uploads\/2022\/04\/MiuMjau-logo-kollane.png","contentUrl":"https:\/\/miumjau.ee\/wp-content\/uploads\/2022\/04\/MiuMjau-logo-kollane.png","width":219,"height":100,"caption":"MiuMjau O\u00dc"},"image":{"@id":"https:\/\/miumjau.ee\/#\/schema\/logo\/image\/"},"sameAs":["https:\/\/www.facebook.com\/miumjaupood\/"]}]}},"_links":{"self":[{"href":"https:\/\/miumjau.ee\/fi\/wp-json\/wp\/v2\/product\/47914","targetHints":{"allow":["GET"]}}],"collection":[{"href":"https:\/\/miumjau.ee\/fi\/wp-json\/wp\/v2\/product"}],"about":[{"href":"https:\/\/miumjau.ee\/fi\/wp-json\/wp\/v2\/types\/product"}],"wp:featuredmedia":[{"embeddable":true,"href":"https:\/\/miumjau.ee\/fi\/wp-json\/wp\/v2\/media\/34414"}],"wp:attachment":[{"href":"https:\/\/miumjau.ee\/fi\/wp-json\/wp\/v2\/media?parent=47914"}],"wp:term":[{"taxonomy":"product_brand","embeddable":true,"href":"https:\/\/miumjau.ee\/fi\/wp-json\/wp\/v2\/product_brand?post=47914"},{"taxonomy":"product_cat","embeddable":true,"href":"https:\/\/miumjau.ee\/fi\/wp-json\/wp\/v2\/product_cat?post=47914"},{"taxonomy":"product_tag","embeddable":true,"href":"https:\/\/miumjau.ee\/fi\/wp-json\/wp\/v2\/product_tag?post=47914"}],"curies":[{"name":"wp","href":"https:\/\/api.w.org\/{rel}","templated":true}]}}