{"id":47910,"date":"2025-06-19T09:38:23","date_gmt":"2025-06-19T06:38:23","guid":{"rendered":"https:\/\/miumjau.ee\/toode\/luonnollinen-koiranherkku-frigera-kananjalat-250-g\/"},"modified":"2026-01-07T22:45:38","modified_gmt":"2026-01-07T20:45:38","slug":"luonnollinen-koiranherkku-frigera-kananjalat-250-g","status":"publish","type":"product","link":"https:\/\/miumjau.ee\/fi\/tuote\/luonnollinen-koiranherkku-frigera-kananjalat-250-g\/","title":{"rendered":"Luonnollinen koiranherkku Frigera, kananjalat 250 g"},"content":{"rendered":"","protected":false},"excerpt":{"rendered":"<p data-start=\"1171\" data-end=\"1372\">Etsitk\u00f6 luonnollista vaihtoehtoa nivelten hyvinvointia tukeville ravintolisille? Silloin kannattaa kokeilla friGERA-kananjalkoja \u2013 eritt\u00e4in suosittua, luonnollista ja rapeaa v\u00e4lipalaherkkua koirallesi!<\/p>\n<p data-start=\"1374\" data-end=\"1515\">100 % luonnolliset, ilmakuivatut kanan jalkamme koostuvat p\u00e4\u00e4asiassa nahasta, j\u00e4nteist\u00e4, rustosta ja pienist\u00e4 luista. T\u00e4m\u00e4n ansiosta ne ovat:<\/p>\n<ul data-start=\"1517\" data-end=\"1775\">\n<li data-start=\"1517\" data-end=\"1537\">\n<p data-start=\"1519\" data-end=\"1537\">Helposti sulavia<\/p>\n<\/li>\n<li data-start=\"1538\" data-end=\"1642\">\n<p data-start=\"1540\" data-end=\"1642\">Rikkaita kalsiumin, glukosamiinin ja kondroitiinin l\u00e4hteit\u00e4 \u2013 vahvistavat luita, hampaita ja niveli\u00e4<\/p>\n<\/li>\n<li data-start=\"1643\" data-end=\"1702\">\n<p data-start=\"1645\" data-end=\"1702\">Rapeita \u2013 auttavat puhdistamaan hampaita luonnollisesti<\/p>\n<\/li>\n<li data-start=\"1703\" data-end=\"1775\">\n<p data-start=\"1705\" data-end=\"1775\">Helppoja jakaa annoksiin, sopivat my\u00f6s pienille ja nuorille koirille<\/p>\n<\/li>\n<\/ul>\n<p data-start=\"1777\" data-end=\"1858\">\ud83d\udca1 Hauska fakta: kananjalat ovat monissa maailman paikoissa my\u00f6s ihmisten herkku!<\/p>\n<p data-start=\"1860\" data-end=\"1883\">Koostumus: 100 % kana<\/p>\n<p data-start=\"1885\" data-end=\"2070\">Ruokintaohje: Anna palkkiona tai v\u00e4lipalana aterioiden v\u00e4lill\u00e4 osana tasapainoista ruokavaliota. Valvo koiraa ruokinnan aikana ja tarjoa aina raikasta vett\u00e4. Ei sovellu ihmisravinnoksi.<\/p>\n<p data-start=\"2072\" data-end=\"2141\">Analyyttinen koostumus: Proteiini 48,2 %, Rasva 34,3 %, Kosteus 6,3 %<\/p>\n","protected":false},"featured_media":36759,"template":"","meta":[],"product_brand":[],"product_cat":[480],"product_tag":[],"class_list":{"0":"post-47910","1":"product","2":"type-product","3":"status-publish","4":"has-post-thumbnail","6":"product_cat-herkut-koirille","8":"first","9":"instock","10":"sale","11":"taxable","12":"shipping-taxable","13":"purchasable","14":"product-type-simple"},"yoast_head":"<!-- This site is optimized with the Yoast SEO plugin v27.4 - https:\/\/yoast.com\/product\/yoast-seo-wordpress\/ -->\n<title>Luonnollinen koiranherkku Frigera, kananjalat 250 g - MiuMjau<\/title>\n<meta name=\"robots\" content=\"index, follow, max-snippet:-1, max-image-preview:large, max-video-preview:-1\" \/>\n<link rel=\"canonical\" href=\"https:\/\/miumjau.ee\/fi\/tuote\/luonnollinen-koiranherkku-frigera-kananjalat-250-g\/\" \/>\n<meta property=\"og:locale\" content=\"fi_FI\" \/>\n<meta property=\"og:type\" content=\"article\" \/>\n<meta property=\"og:title\" content=\"Luonnollinen koiranherkku Frigera, kananjalat 250 g - MiuMjau\" \/>\n<meta property=\"og:description\" content=\"Etsitk\u00f6 luonnollista vaihtoehtoa nivelten hyvinvointia tukeville ravintolisille? Silloin kannattaa kokeilla friGERA-kananjalkoja \u2013 eritt\u00e4in suosittua, luonnollista ja rapeaa v\u00e4lipalaherkkua koirallesi! 100 % luonnolliset, ilmakuivatut kanan jalkamme koostuvat p\u00e4\u00e4asiassa nahasta, j\u00e4nteist\u00e4, rustosta ja pienist\u00e4 luista. T\u00e4m\u00e4n ansiosta ne ovat:     Helposti sulavia    Rikkaita kalsiumin, glukosamiinin ja kondroitiinin l\u00e4hteit\u00e4 \u2013 vahvistavat luita, hampaita ja niveli\u00e4    Rapeita \u2013 auttavat puhdistamaan hampaita luonnollisesti    Helppoja jakaa annoksiin, sopivat my\u00f6s pienille ja nuorille koirille   \ud83d\udca1 Hauska fakta: kananjalat ovat monissa maailman paikoissa my\u00f6s ihmisten herkku! Koostumus: 100 % kana Ruokintaohje: Anna palkkiona tai v\u00e4lipalana aterioiden v\u00e4lill\u00e4 osana tasapainoista ruokavaliota. Valvo koiraa ruokinnan aikana ja tarjoa aina raikasta vett\u00e4. Ei sovellu ihmisravinnoksi. Analyyttinen koostumus: Proteiini 48,2 %, Rasva 34,3 %, Kosteus 6,3 %\" \/>\n<meta property=\"og:url\" content=\"https:\/\/miumjau.ee\/fi\/tuote\/luonnollinen-koiranherkku-frigera-kananjalat-250-g\/\" \/>\n<meta property=\"og:site_name\" content=\"MiuMjau\" \/>\n<meta property=\"article:publisher\" content=\"https:\/\/www.facebook.com\/miumjaupood\/\" \/>\n<meta property=\"article:modified_time\" content=\"2026-01-07T20:45:38+00:00\" \/>\n<meta property=\"og:image\" content=\"https:\/\/miumjau.ee\/wp-content\/uploads\/2025\/06\/frigera-kuivatataud-kanajalad-250g-classic1.jpg\" \/>\n\t<meta property=\"og:image:width\" content=\"600\" \/>\n\t<meta property=\"og:image:height\" content=\"800\" \/>\n\t<meta property=\"og:image:type\" content=\"image\/jpeg\" \/>\n<meta name=\"twitter:card\" content=\"summary_large_image\" \/>\n<script type=\"application\/ld+json\" class=\"yoast-schema-graph\">{\"@context\":\"https:\\\/\\\/schema.org\",\"@graph\":[{\"@type\":\"WebPage\",\"@id\":\"https:\\\/\\\/miumjau.ee\\\/fi\\\/tuote\\\/luonnollinen-koiranherkku-frigera-kananjalat-250-g\\\/\",\"url\":\"https:\\\/\\\/miumjau.ee\\\/fi\\\/tuote\\\/luonnollinen-koiranherkku-frigera-kananjalat-250-g\\\/\",\"name\":\"Luonnollinen koiranherkku Frigera, kananjalat 250 g - MiuMjau\",\"isPartOf\":{\"@id\":\"https:\\\/\\\/miumjau.ee\\\/#website\"},\"primaryImageOfPage\":{\"@id\":\"https:\\\/\\\/miumjau.ee\\\/fi\\\/tuote\\\/luonnollinen-koiranherkku-frigera-kananjalat-250-g\\\/#primaryimage\"},\"image\":{\"@id\":\"https:\\\/\\\/miumjau.ee\\\/fi\\\/tuote\\\/luonnollinen-koiranherkku-frigera-kananjalat-250-g\\\/#primaryimage\"},\"thumbnailUrl\":\"https:\\\/\\\/miumjau.ee\\\/wp-content\\\/uploads\\\/2025\\\/06\\\/frigera-kuivatataud-kanajalad-250g-classic1.jpg\",\"datePublished\":\"2025-06-19T06:38:23+00:00\",\"dateModified\":\"2026-01-07T20:45:38+00:00\",\"breadcrumb\":{\"@id\":\"https:\\\/\\\/miumjau.ee\\\/fi\\\/tuote\\\/luonnollinen-koiranherkku-frigera-kananjalat-250-g\\\/#breadcrumb\"},\"inLanguage\":\"fi\",\"potentialAction\":[{\"@type\":\"ReadAction\",\"target\":[\"https:\\\/\\\/miumjau.ee\\\/fi\\\/tuote\\\/luonnollinen-koiranherkku-frigera-kananjalat-250-g\\\/\"]}]},{\"@type\":\"ImageObject\",\"inLanguage\":\"fi\",\"@id\":\"https:\\\/\\\/miumjau.ee\\\/fi\\\/tuote\\\/luonnollinen-koiranherkku-frigera-kananjalat-250-g\\\/#primaryimage\",\"url\":\"https:\\\/\\\/miumjau.ee\\\/wp-content\\\/uploads\\\/2025\\\/06\\\/frigera-kuivatataud-kanajalad-250g-classic1.jpg\",\"contentUrl\":\"https:\\\/\\\/miumjau.ee\\\/wp-content\\\/uploads\\\/2025\\\/06\\\/frigera-kuivatataud-kanajalad-250g-classic1.jpg\",\"width\":600,\"height\":800,\"caption\":\"Koeramaius Frigera 100% lambakuubikud 250g\"},{\"@type\":\"BreadcrumbList\",\"@id\":\"https:\\\/\\\/miumjau.ee\\\/fi\\\/tuote\\\/luonnollinen-koiranherkku-frigera-kananjalat-250-g\\\/#breadcrumb\",\"itemListElement\":[{\"@type\":\"ListItem\",\"position\":1,\"name\":\"Home\",\"item\":\"https:\\\/\\\/miumjau.ee\\\/fi\\\/\"},{\"@type\":\"ListItem\",\"position\":2,\"name\":\"Kauppa\",\"item\":\"https:\\\/\\\/miumjau.ee\\\/fi\\\/kauppa\\\/\"},{\"@type\":\"ListItem\",\"position\":3,\"name\":\"Luonnollinen koiranherkku Frigera, kananjalat 250 g\"}]},{\"@type\":\"WebSite\",\"@id\":\"https:\\\/\\\/miumjau.ee\\\/#website\",\"url\":\"https:\\\/\\\/miumjau.ee\\\/\",\"name\":\"MiuMjau\",\"description\":\"Kraapimispuud kassidele\",\"publisher\":{\"@id\":\"https:\\\/\\\/miumjau.ee\\\/#organization\"},\"potentialAction\":[{\"@type\":\"SearchAction\",\"target\":{\"@type\":\"EntryPoint\",\"urlTemplate\":\"https:\\\/\\\/miumjau.ee\\\/?s={search_term_string}\"},\"query-input\":{\"@type\":\"PropertyValueSpecification\",\"valueRequired\":true,\"valueName\":\"search_term_string\"}}],\"inLanguage\":\"fi\"},{\"@type\":\"Organization\",\"@id\":\"https:\\\/\\\/miumjau.ee\\\/#organization\",\"name\":\"MiuMjau O\u00dc\",\"url\":\"https:\\\/\\\/miumjau.ee\\\/\",\"logo\":{\"@type\":\"ImageObject\",\"inLanguage\":\"fi\",\"@id\":\"https:\\\/\\\/miumjau.ee\\\/#\\\/schema\\\/logo\\\/image\\\/\",\"url\":\"https:\\\/\\\/miumjau.ee\\\/wp-content\\\/uploads\\\/2022\\\/04\\\/MiuMjau-logo-kollane.png\",\"contentUrl\":\"https:\\\/\\\/miumjau.ee\\\/wp-content\\\/uploads\\\/2022\\\/04\\\/MiuMjau-logo-kollane.png\",\"width\":219,\"height\":100,\"caption\":\"MiuMjau O\u00dc\"},\"image\":{\"@id\":\"https:\\\/\\\/miumjau.ee\\\/#\\\/schema\\\/logo\\\/image\\\/\"},\"sameAs\":[\"https:\\\/\\\/www.facebook.com\\\/miumjaupood\\\/\"]}]}<\/script>\n<!-- \/ Yoast SEO plugin. -->","yoast_head_json":{"title":"Luonnollinen koiranherkku Frigera, kananjalat 250 g - MiuMjau","robots":{"index":"index","follow":"follow","max-snippet":"max-snippet:-1","max-image-preview":"max-image-preview:large","max-video-preview":"max-video-preview:-1"},"canonical":"https:\/\/miumjau.ee\/fi\/tuote\/luonnollinen-koiranherkku-frigera-kananjalat-250-g\/","og_locale":"fi_FI","og_type":"article","og_title":"Luonnollinen koiranherkku Frigera, kananjalat 250 g - MiuMjau","og_description":"Etsitk\u00f6 luonnollista vaihtoehtoa nivelten hyvinvointia tukeville ravintolisille? Silloin kannattaa kokeilla friGERA-kananjalkoja \u2013 eritt\u00e4in suosittua, luonnollista ja rapeaa v\u00e4lipalaherkkua koirallesi! 100 % luonnolliset, ilmakuivatut kanan jalkamme koostuvat p\u00e4\u00e4asiassa nahasta, j\u00e4nteist\u00e4, rustosta ja pienist\u00e4 luista. T\u00e4m\u00e4n ansiosta ne ovat:     Helposti sulavia    Rikkaita kalsiumin, glukosamiinin ja kondroitiinin l\u00e4hteit\u00e4 \u2013 vahvistavat luita, hampaita ja niveli\u00e4    Rapeita \u2013 auttavat puhdistamaan hampaita luonnollisesti    Helppoja jakaa annoksiin, sopivat my\u00f6s pienille ja nuorille koirille   \ud83d\udca1 Hauska fakta: kananjalat ovat monissa maailman paikoissa my\u00f6s ihmisten herkku! Koostumus: 100 % kana Ruokintaohje: Anna palkkiona tai v\u00e4lipalana aterioiden v\u00e4lill\u00e4 osana tasapainoista ruokavaliota. Valvo koiraa ruokinnan aikana ja tarjoa aina raikasta vett\u00e4. Ei sovellu ihmisravinnoksi. Analyyttinen koostumus: Proteiini 48,2 %, Rasva 34,3 %, Kosteus 6,3 %","og_url":"https:\/\/miumjau.ee\/fi\/tuote\/luonnollinen-koiranherkku-frigera-kananjalat-250-g\/","og_site_name":"MiuMjau","article_publisher":"https:\/\/www.facebook.com\/miumjaupood\/","article_modified_time":"2026-01-07T20:45:38+00:00","og_image":[{"width":600,"height":800,"url":"https:\/\/miumjau.ee\/wp-content\/uploads\/2025\/06\/frigera-kuivatataud-kanajalad-250g-classic1.jpg","type":"image\/jpeg"}],"twitter_card":"summary_large_image","schema":{"@context":"https:\/\/schema.org","@graph":[{"@type":"WebPage","@id":"https:\/\/miumjau.ee\/fi\/tuote\/luonnollinen-koiranherkku-frigera-kananjalat-250-g\/","url":"https:\/\/miumjau.ee\/fi\/tuote\/luonnollinen-koiranherkku-frigera-kananjalat-250-g\/","name":"Luonnollinen koiranherkku Frigera, kananjalat 250 g - MiuMjau","isPartOf":{"@id":"https:\/\/miumjau.ee\/#website"},"primaryImageOfPage":{"@id":"https:\/\/miumjau.ee\/fi\/tuote\/luonnollinen-koiranherkku-frigera-kananjalat-250-g\/#primaryimage"},"image":{"@id":"https:\/\/miumjau.ee\/fi\/tuote\/luonnollinen-koiranherkku-frigera-kananjalat-250-g\/#primaryimage"},"thumbnailUrl":"https:\/\/miumjau.ee\/wp-content\/uploads\/2025\/06\/frigera-kuivatataud-kanajalad-250g-classic1.jpg","datePublished":"2025-06-19T06:38:23+00:00","dateModified":"2026-01-07T20:45:38+00:00","breadcrumb":{"@id":"https:\/\/miumjau.ee\/fi\/tuote\/luonnollinen-koiranherkku-frigera-kananjalat-250-g\/#breadcrumb"},"inLanguage":"fi","potentialAction":[{"@type":"ReadAction","target":["https:\/\/miumjau.ee\/fi\/tuote\/luonnollinen-koiranherkku-frigera-kananjalat-250-g\/"]}]},{"@type":"ImageObject","inLanguage":"fi","@id":"https:\/\/miumjau.ee\/fi\/tuote\/luonnollinen-koiranherkku-frigera-kananjalat-250-g\/#primaryimage","url":"https:\/\/miumjau.ee\/wp-content\/uploads\/2025\/06\/frigera-kuivatataud-kanajalad-250g-classic1.jpg","contentUrl":"https:\/\/miumjau.ee\/wp-content\/uploads\/2025\/06\/frigera-kuivatataud-kanajalad-250g-classic1.jpg","width":600,"height":800,"caption":"Koeramaius Frigera 100% lambakuubikud 250g"},{"@type":"BreadcrumbList","@id":"https:\/\/miumjau.ee\/fi\/tuote\/luonnollinen-koiranherkku-frigera-kananjalat-250-g\/#breadcrumb","itemListElement":[{"@type":"ListItem","position":1,"name":"Home","item":"https:\/\/miumjau.ee\/fi\/"},{"@type":"ListItem","position":2,"name":"Kauppa","item":"https:\/\/miumjau.ee\/fi\/kauppa\/"},{"@type":"ListItem","position":3,"name":"Luonnollinen koiranherkku Frigera, kananjalat 250 g"}]},{"@type":"WebSite","@id":"https:\/\/miumjau.ee\/#website","url":"https:\/\/miumjau.ee\/","name":"MiuMjau","description":"Kraapimispuud kassidele","publisher":{"@id":"https:\/\/miumjau.ee\/#organization"},"potentialAction":[{"@type":"SearchAction","target":{"@type":"EntryPoint","urlTemplate":"https:\/\/miumjau.ee\/?s={search_term_string}"},"query-input":{"@type":"PropertyValueSpecification","valueRequired":true,"valueName":"search_term_string"}}],"inLanguage":"fi"},{"@type":"Organization","@id":"https:\/\/miumjau.ee\/#organization","name":"MiuMjau O\u00dc","url":"https:\/\/miumjau.ee\/","logo":{"@type":"ImageObject","inLanguage":"fi","@id":"https:\/\/miumjau.ee\/#\/schema\/logo\/image\/","url":"https:\/\/miumjau.ee\/wp-content\/uploads\/2022\/04\/MiuMjau-logo-kollane.png","contentUrl":"https:\/\/miumjau.ee\/wp-content\/uploads\/2022\/04\/MiuMjau-logo-kollane.png","width":219,"height":100,"caption":"MiuMjau O\u00dc"},"image":{"@id":"https:\/\/miumjau.ee\/#\/schema\/logo\/image\/"},"sameAs":["https:\/\/www.facebook.com\/miumjaupood\/"]}]}},"_links":{"self":[{"href":"https:\/\/miumjau.ee\/fi\/wp-json\/wp\/v2\/product\/47910","targetHints":{"allow":["GET"]}}],"collection":[{"href":"https:\/\/miumjau.ee\/fi\/wp-json\/wp\/v2\/product"}],"about":[{"href":"https:\/\/miumjau.ee\/fi\/wp-json\/wp\/v2\/types\/product"}],"wp:featuredmedia":[{"embeddable":true,"href":"https:\/\/miumjau.ee\/fi\/wp-json\/wp\/v2\/media\/36759"}],"wp:attachment":[{"href":"https:\/\/miumjau.ee\/fi\/wp-json\/wp\/v2\/media?parent=47910"}],"wp:term":[{"taxonomy":"product_brand","embeddable":true,"href":"https:\/\/miumjau.ee\/fi\/wp-json\/wp\/v2\/product_brand?post=47910"},{"taxonomy":"product_cat","embeddable":true,"href":"https:\/\/miumjau.ee\/fi\/wp-json\/wp\/v2\/product_cat?post=47910"},{"taxonomy":"product_tag","embeddable":true,"href":"https:\/\/miumjau.ee\/fi\/wp-json\/wp\/v2\/product_tag?post=47910"}],"curies":[{"name":"wp","href":"https:\/\/api.w.org\/{rel}","templated":true}]}}