{"id":47854,"date":"2025-08-26T13:17:40","date_gmt":"2025-08-26T10:17:40","guid":{"rendered":"https:\/\/miumjau.ee\/toode\/brit-premium-by-nature-kitten-kanalla-8-kg\/"},"modified":"2026-01-07T22:45:38","modified_gmt":"2026-01-07T20:45:38","slug":"brit-premium-by-nature-kitten-kanalla-8-kg","status":"publish","type":"product","link":"https:\/\/miumjau.ee\/fi\/tuote\/brit-premium-by-nature-kitten-kanalla-8-kg\/","title":{"rendered":"Brit Premium by Nature Kitten kanalla, 8 kg"},"content":{"rendered":"","protected":false},"excerpt":{"rendered":"<p data-start=\"136\" data-end=\"282\">Brit Premium Kitten Chicken on luonnollisista ainesosista valmistettu premium-t\u00e4ysravinto kissanpennuille sek\u00e4 tiineille ja imett\u00e4ville kissoille.<\/p>\n<ul data-start=\"284\" data-end=\"812\">\n<li data-start=\"284\" data-end=\"359\">\n<p data-start=\"286\" data-end=\"359\">Tarvittavat vitamiinit ja kivenn\u00e4isaineet oikean kehityksen tukemiseen.<\/p>\n<\/li>\n<li data-start=\"360\" data-end=\"441\">\n<p data-start=\"362\" data-end=\"441\">Prebiootteja suoliston terveyden ja vahvan immuunij\u00e4rjestelm\u00e4n edist\u00e4miseksi.<\/p>\n<\/li>\n<li data-start=\"442\" data-end=\"508\">\n<p data-start=\"444\" data-end=\"508\">Omega-3-rasvahapot tukevat kiilt\u00e4v\u00e4\u00e4 turkkia ja tervett\u00e4 ihoa.<\/p>\n<\/li>\n<li data-start=\"509\" data-end=\"577\">\n<p data-start=\"511\" data-end=\"577\">Tauriini varmistaa syd\u00e4men, silmien ja aivojen oikean toiminnan.<\/p>\n<\/li>\n<li data-start=\"578\" data-end=\"673\">\n<p data-start=\"580\" data-end=\"673\">Sis\u00e4lt\u00e4\u00e4 luonnollisia antioksidantteja: rosmariinia, neilikkaa, kurkumaa ja sitrushedelmi\u00e4.<\/p>\n<\/li>\n<li data-start=\"674\" data-end=\"770\">\n<p data-start=\"676\" data-end=\"770\">Valmistuksen viimeisess\u00e4 vaiheessa lis\u00e4tty kananmaksakastiketta herkullisuuden lis\u00e4\u00e4miseksi.<\/p>\n<\/li>\n<li data-start=\"771\" data-end=\"812\">\n<p data-start=\"773\" data-end=\"812\">Ei sis\u00e4ll\u00e4 vehn\u00e4\u00e4, soijaa eik\u00e4 maissia.<\/p>\n<\/li>\n<\/ul>\n<p data-start=\"814\" data-end=\"1201\"><strong data-start=\"814\" data-end=\"828\">Koostumus:<\/strong><br data-start=\"828\" data-end=\"831\" \/>Dehydroitu kana 40%, riisi, kananrasva, herneet, dehydroitu lohi 4%, kuivattu omenamassa, hydrolysoitu kananmaks a 2%, lohi\u00f6ljy 2%, kuivattu pinaatti 0,5%, mannanoligosakkaridit (150 mg\/kg), fruktooligosakkaridit (120 mg\/kg), yucca (80 mg\/kg), kuivattu rosmariini (12 mg\/kg), kuivattu neilikka (12 mg\/kg), kuivatut sitrushedelm\u00e4t (12 mg\/kg), kuivattu kurkuma (12 mg\/kg).<\/p>\n<p data-start=\"1203\" data-end=\"1394\"><strong data-start=\"1203\" data-end=\"1216\">Analyysi:<\/strong><br data-start=\"1216\" data-end=\"1219\" \/>Raakaproteiini 40,0%, raakarasva 18,0%, raakakuitu 2,8%, raakatuhka 8,0%, kosteus 10,0%, kalsium 1,4%, fosfori 1,0%, natrium 0,5%, magnesium 0,1%, omega-3 0,54%, omega-6 2,4%.<\/p>\n<p data-start=\"1396\" data-end=\"1645\"><strong data-start=\"1396\" data-end=\"1414\">Lis\u00e4aineet\/kg:<\/strong><br data-start=\"1414\" data-end=\"1417\" \/>A-vitamiini 22 000 IU, D3-vitamiini 900 IU, E-vitamiini 700 mg, C-vitamiini 300 mg, tauriini 2300 mg, biotiini 1,8 mg, sinkki 150 mg, mangaani 55 mg, rauta 45 mg, kupari 11 mg, jodi 3,7 mg, seleeni 0,17 mg, L-metioniini 4000 mg.<\/p>\n<p data-start=\"1647\" data-end=\"1684\"><strong data-start=\"1647\" data-end=\"1671\">Metabolinen energia:<\/strong> 3930 kcal\/kg<\/p>\n","protected":false},"featured_media":38823,"template":"","meta":[],"product_brand":[],"product_cat":[255],"product_tag":[],"class_list":{"0":"post-47854","1":"product","2":"type-product","3":"status-publish","4":"has-post-thumbnail","6":"product_cat-kuiva-ruoka","8":"first","9":"instock","10":"sale","11":"taxable","12":"shipping-taxable","13":"purchasable","14":"product-type-simple"},"yoast_head":"<!-- This site is optimized with the Yoast SEO plugin v27.4 - https:\/\/yoast.com\/product\/yoast-seo-wordpress\/ -->\n<title>Brit Premium by Nature Kitten kanalla, 8 kg - MiuMjau<\/title>\n<meta name=\"robots\" content=\"index, follow, max-snippet:-1, max-image-preview:large, max-video-preview:-1\" \/>\n<link rel=\"canonical\" href=\"https:\/\/miumjau.ee\/fi\/tuote\/brit-premium-by-nature-kitten-kanalla-8-kg\/\" \/>\n<meta property=\"og:locale\" content=\"fi_FI\" \/>\n<meta property=\"og:type\" content=\"article\" \/>\n<meta property=\"og:title\" content=\"Brit Premium by Nature Kitten kanalla, 8 kg - MiuMjau\" \/>\n<meta property=\"og:description\" content=\"Brit Premium Kitten Chicken on luonnollisista ainesosista valmistettu premium-t\u00e4ysravinto kissanpennuille sek\u00e4 tiineille ja imett\u00e4ville kissoille.     Tarvittavat vitamiinit ja kivenn\u00e4isaineet oikean kehityksen tukemiseen.    Prebiootteja suoliston terveyden ja vahvan immuunij\u00e4rjestelm\u00e4n edist\u00e4miseksi.    Omega-3-rasvahapot tukevat kiilt\u00e4v\u00e4\u00e4 turkkia ja tervett\u00e4 ihoa.    Tauriini varmistaa syd\u00e4men, silmien ja aivojen oikean toiminnan.    Sis\u00e4lt\u00e4\u00e4 luonnollisia antioksidantteja: rosmariinia, neilikkaa, kurkumaa ja sitrushedelmi\u00e4.    Valmistuksen viimeisess\u00e4 vaiheessa lis\u00e4tty kananmaksakastiketta herkullisuuden lis\u00e4\u00e4miseksi.    Ei sis\u00e4ll\u00e4 vehn\u00e4\u00e4, soijaa eik\u00e4 maissia.   Koostumus:Dehydroitu kana 40%, riisi, kananrasva, herneet, dehydroitu lohi 4%, kuivattu omenamassa, hydrolysoitu kananmaks a 2%, lohi\u00f6ljy 2%, kuivattu pinaatti 0,5%, mannanoligosakkaridit (150 mg\/kg), fruktooligosakkaridit (120 mg\/kg), yucca (80 mg\/kg), kuivattu rosmariini (12 mg\/kg), kuivattu neilikka (12 mg\/kg), kuivatut sitrushedelm\u00e4t (12 mg\/kg), kuivattu kurkuma (12 mg\/kg). Analyysi:Raakaproteiini 40,0%, raakarasva 18,0%, raakakuitu 2,8%, raakatuhka 8,0%, kosteus 10,0%, kalsium 1,4%, fosfori 1,0%, natrium 0,5%, magnesium 0,1%, omega-3 0,54%, omega-6 2,4%. Lis\u00e4aineet\/kg:A-vitamiini 22 000 IU, D3-vitamiini 900 IU, E-vitamiini 700 mg, C-vitamiini 300 mg, tauriini 2300 mg, biotiini 1,8 mg, sinkki 150 mg, mangaani 55 mg, rauta 45 mg, kupari 11 mg, jodi 3,7 mg, seleeni 0,17 mg, L-metioniini 4000 mg. Metabolinen energia: 3930 kcal\/kg\" \/>\n<meta property=\"og:url\" content=\"https:\/\/miumjau.ee\/fi\/tuote\/brit-premium-by-nature-kitten-kanalla-8-kg\/\" \/>\n<meta property=\"og:site_name\" content=\"MiuMjau\" \/>\n<meta property=\"article:publisher\" content=\"https:\/\/www.facebook.com\/miumjaupood\/\" \/>\n<meta property=\"article:modified_time\" content=\"2026-01-07T20:45:38+00:00\" \/>\n<meta property=\"og:image\" content=\"https:\/\/miumjau.ee\/wp-content\/uploads\/2025\/08\/brit-premium-kassi-toit1.jpg\" \/>\n\t<meta property=\"og:image:width\" content=\"600\" \/>\n\t<meta property=\"og:image:height\" content=\"800\" \/>\n\t<meta property=\"og:image:type\" content=\"image\/jpeg\" \/>\n<meta name=\"twitter:card\" content=\"summary_large_image\" \/>\n<script type=\"application\/ld+json\" class=\"yoast-schema-graph\">{\"@context\":\"https:\\\/\\\/schema.org\",\"@graph\":[{\"@type\":\"WebPage\",\"@id\":\"https:\\\/\\\/miumjau.ee\\\/fi\\\/tuote\\\/brit-premium-by-nature-kitten-kanalla-8-kg\\\/\",\"url\":\"https:\\\/\\\/miumjau.ee\\\/fi\\\/tuote\\\/brit-premium-by-nature-kitten-kanalla-8-kg\\\/\",\"name\":\"Brit Premium by Nature Kitten kanalla, 8 kg - MiuMjau\",\"isPartOf\":{\"@id\":\"https:\\\/\\\/miumjau.ee\\\/#website\"},\"primaryImageOfPage\":{\"@id\":\"https:\\\/\\\/miumjau.ee\\\/fi\\\/tuote\\\/brit-premium-by-nature-kitten-kanalla-8-kg\\\/#primaryimage\"},\"image\":{\"@id\":\"https:\\\/\\\/miumjau.ee\\\/fi\\\/tuote\\\/brit-premium-by-nature-kitten-kanalla-8-kg\\\/#primaryimage\"},\"thumbnailUrl\":\"https:\\\/\\\/miumjau.ee\\\/wp-content\\\/uploads\\\/2025\\\/08\\\/brit-premium-kassi-toit1.jpg\",\"datePublished\":\"2025-08-26T10:17:40+00:00\",\"dateModified\":\"2026-01-07T20:45:38+00:00\",\"breadcrumb\":{\"@id\":\"https:\\\/\\\/miumjau.ee\\\/fi\\\/tuote\\\/brit-premium-by-nature-kitten-kanalla-8-kg\\\/#breadcrumb\"},\"inLanguage\":\"fi\",\"potentialAction\":[{\"@type\":\"ReadAction\",\"target\":[\"https:\\\/\\\/miumjau.ee\\\/fi\\\/tuote\\\/brit-premium-by-nature-kitten-kanalla-8-kg\\\/\"]}]},{\"@type\":\"ImageObject\",\"inLanguage\":\"fi\",\"@id\":\"https:\\\/\\\/miumjau.ee\\\/fi\\\/tuote\\\/brit-premium-by-nature-kitten-kanalla-8-kg\\\/#primaryimage\",\"url\":\"https:\\\/\\\/miumjau.ee\\\/wp-content\\\/uploads\\\/2025\\\/08\\\/brit-premium-kassi-toit1.jpg\",\"contentUrl\":\"https:\\\/\\\/miumjau.ee\\\/wp-content\\\/uploads\\\/2025\\\/08\\\/brit-premium-kassi-toit1.jpg\",\"width\":600,\"height\":800,\"caption\":\"Brit Premium by Nature Kitten kanaga, 8kg\"},{\"@type\":\"BreadcrumbList\",\"@id\":\"https:\\\/\\\/miumjau.ee\\\/fi\\\/tuote\\\/brit-premium-by-nature-kitten-kanalla-8-kg\\\/#breadcrumb\",\"itemListElement\":[{\"@type\":\"ListItem\",\"position\":1,\"name\":\"Home\",\"item\":\"https:\\\/\\\/miumjau.ee\\\/fi\\\/\"},{\"@type\":\"ListItem\",\"position\":2,\"name\":\"Kauppa\",\"item\":\"https:\\\/\\\/miumjau.ee\\\/fi\\\/kauppa\\\/\"},{\"@type\":\"ListItem\",\"position\":3,\"name\":\"Brit Premium by Nature Kitten kanalla, 8 kg\"}]},{\"@type\":\"WebSite\",\"@id\":\"https:\\\/\\\/miumjau.ee\\\/#website\",\"url\":\"https:\\\/\\\/miumjau.ee\\\/\",\"name\":\"MiuMjau\",\"description\":\"Kraapimispuud kassidele\",\"publisher\":{\"@id\":\"https:\\\/\\\/miumjau.ee\\\/#organization\"},\"potentialAction\":[{\"@type\":\"SearchAction\",\"target\":{\"@type\":\"EntryPoint\",\"urlTemplate\":\"https:\\\/\\\/miumjau.ee\\\/?s={search_term_string}\"},\"query-input\":{\"@type\":\"PropertyValueSpecification\",\"valueRequired\":true,\"valueName\":\"search_term_string\"}}],\"inLanguage\":\"fi\"},{\"@type\":\"Organization\",\"@id\":\"https:\\\/\\\/miumjau.ee\\\/#organization\",\"name\":\"MiuMjau O\u00dc\",\"url\":\"https:\\\/\\\/miumjau.ee\\\/\",\"logo\":{\"@type\":\"ImageObject\",\"inLanguage\":\"fi\",\"@id\":\"https:\\\/\\\/miumjau.ee\\\/#\\\/schema\\\/logo\\\/image\\\/\",\"url\":\"https:\\\/\\\/miumjau.ee\\\/wp-content\\\/uploads\\\/2022\\\/04\\\/MiuMjau-logo-kollane.png\",\"contentUrl\":\"https:\\\/\\\/miumjau.ee\\\/wp-content\\\/uploads\\\/2022\\\/04\\\/MiuMjau-logo-kollane.png\",\"width\":219,\"height\":100,\"caption\":\"MiuMjau O\u00dc\"},\"image\":{\"@id\":\"https:\\\/\\\/miumjau.ee\\\/#\\\/schema\\\/logo\\\/image\\\/\"},\"sameAs\":[\"https:\\\/\\\/www.facebook.com\\\/miumjaupood\\\/\"]}]}<\/script>\n<!-- \/ Yoast SEO plugin. -->","yoast_head_json":{"title":"Brit Premium by Nature Kitten kanalla, 8 kg - MiuMjau","robots":{"index":"index","follow":"follow","max-snippet":"max-snippet:-1","max-image-preview":"max-image-preview:large","max-video-preview":"max-video-preview:-1"},"canonical":"https:\/\/miumjau.ee\/fi\/tuote\/brit-premium-by-nature-kitten-kanalla-8-kg\/","og_locale":"fi_FI","og_type":"article","og_title":"Brit Premium by Nature Kitten kanalla, 8 kg - MiuMjau","og_description":"Brit Premium Kitten Chicken on luonnollisista ainesosista valmistettu premium-t\u00e4ysravinto kissanpennuille sek\u00e4 tiineille ja imett\u00e4ville kissoille.     Tarvittavat vitamiinit ja kivenn\u00e4isaineet oikean kehityksen tukemiseen.    Prebiootteja suoliston terveyden ja vahvan immuunij\u00e4rjestelm\u00e4n edist\u00e4miseksi.    Omega-3-rasvahapot tukevat kiilt\u00e4v\u00e4\u00e4 turkkia ja tervett\u00e4 ihoa.    Tauriini varmistaa syd\u00e4men, silmien ja aivojen oikean toiminnan.    Sis\u00e4lt\u00e4\u00e4 luonnollisia antioksidantteja: rosmariinia, neilikkaa, kurkumaa ja sitrushedelmi\u00e4.    Valmistuksen viimeisess\u00e4 vaiheessa lis\u00e4tty kananmaksakastiketta herkullisuuden lis\u00e4\u00e4miseksi.    Ei sis\u00e4ll\u00e4 vehn\u00e4\u00e4, soijaa eik\u00e4 maissia.   Koostumus:Dehydroitu kana 40%, riisi, kananrasva, herneet, dehydroitu lohi 4%, kuivattu omenamassa, hydrolysoitu kananmaks a 2%, lohi\u00f6ljy 2%, kuivattu pinaatti 0,5%, mannanoligosakkaridit (150 mg\/kg), fruktooligosakkaridit (120 mg\/kg), yucca (80 mg\/kg), kuivattu rosmariini (12 mg\/kg), kuivattu neilikka (12 mg\/kg), kuivatut sitrushedelm\u00e4t (12 mg\/kg), kuivattu kurkuma (12 mg\/kg). Analyysi:Raakaproteiini 40,0%, raakarasva 18,0%, raakakuitu 2,8%, raakatuhka 8,0%, kosteus 10,0%, kalsium 1,4%, fosfori 1,0%, natrium 0,5%, magnesium 0,1%, omega-3 0,54%, omega-6 2,4%. Lis\u00e4aineet\/kg:A-vitamiini 22 000 IU, D3-vitamiini 900 IU, E-vitamiini 700 mg, C-vitamiini 300 mg, tauriini 2300 mg, biotiini 1,8 mg, sinkki 150 mg, mangaani 55 mg, rauta 45 mg, kupari 11 mg, jodi 3,7 mg, seleeni 0,17 mg, L-metioniini 4000 mg. Metabolinen energia: 3930 kcal\/kg","og_url":"https:\/\/miumjau.ee\/fi\/tuote\/brit-premium-by-nature-kitten-kanalla-8-kg\/","og_site_name":"MiuMjau","article_publisher":"https:\/\/www.facebook.com\/miumjaupood\/","article_modified_time":"2026-01-07T20:45:38+00:00","og_image":[{"width":600,"height":800,"url":"https:\/\/miumjau.ee\/wp-content\/uploads\/2025\/08\/brit-premium-kassi-toit1.jpg","type":"image\/jpeg"}],"twitter_card":"summary_large_image","schema":{"@context":"https:\/\/schema.org","@graph":[{"@type":"WebPage","@id":"https:\/\/miumjau.ee\/fi\/tuote\/brit-premium-by-nature-kitten-kanalla-8-kg\/","url":"https:\/\/miumjau.ee\/fi\/tuote\/brit-premium-by-nature-kitten-kanalla-8-kg\/","name":"Brit Premium by Nature Kitten kanalla, 8 kg - MiuMjau","isPartOf":{"@id":"https:\/\/miumjau.ee\/#website"},"primaryImageOfPage":{"@id":"https:\/\/miumjau.ee\/fi\/tuote\/brit-premium-by-nature-kitten-kanalla-8-kg\/#primaryimage"},"image":{"@id":"https:\/\/miumjau.ee\/fi\/tuote\/brit-premium-by-nature-kitten-kanalla-8-kg\/#primaryimage"},"thumbnailUrl":"https:\/\/miumjau.ee\/wp-content\/uploads\/2025\/08\/brit-premium-kassi-toit1.jpg","datePublished":"2025-08-26T10:17:40+00:00","dateModified":"2026-01-07T20:45:38+00:00","breadcrumb":{"@id":"https:\/\/miumjau.ee\/fi\/tuote\/brit-premium-by-nature-kitten-kanalla-8-kg\/#breadcrumb"},"inLanguage":"fi","potentialAction":[{"@type":"ReadAction","target":["https:\/\/miumjau.ee\/fi\/tuote\/brit-premium-by-nature-kitten-kanalla-8-kg\/"]}]},{"@type":"ImageObject","inLanguage":"fi","@id":"https:\/\/miumjau.ee\/fi\/tuote\/brit-premium-by-nature-kitten-kanalla-8-kg\/#primaryimage","url":"https:\/\/miumjau.ee\/wp-content\/uploads\/2025\/08\/brit-premium-kassi-toit1.jpg","contentUrl":"https:\/\/miumjau.ee\/wp-content\/uploads\/2025\/08\/brit-premium-kassi-toit1.jpg","width":600,"height":800,"caption":"Brit Premium by Nature Kitten kanaga, 8kg"},{"@type":"BreadcrumbList","@id":"https:\/\/miumjau.ee\/fi\/tuote\/brit-premium-by-nature-kitten-kanalla-8-kg\/#breadcrumb","itemListElement":[{"@type":"ListItem","position":1,"name":"Home","item":"https:\/\/miumjau.ee\/fi\/"},{"@type":"ListItem","position":2,"name":"Kauppa","item":"https:\/\/miumjau.ee\/fi\/kauppa\/"},{"@type":"ListItem","position":3,"name":"Brit Premium by Nature Kitten kanalla, 8 kg"}]},{"@type":"WebSite","@id":"https:\/\/miumjau.ee\/#website","url":"https:\/\/miumjau.ee\/","name":"MiuMjau","description":"Kraapimispuud kassidele","publisher":{"@id":"https:\/\/miumjau.ee\/#organization"},"potentialAction":[{"@type":"SearchAction","target":{"@type":"EntryPoint","urlTemplate":"https:\/\/miumjau.ee\/?s={search_term_string}"},"query-input":{"@type":"PropertyValueSpecification","valueRequired":true,"valueName":"search_term_string"}}],"inLanguage":"fi"},{"@type":"Organization","@id":"https:\/\/miumjau.ee\/#organization","name":"MiuMjau O\u00dc","url":"https:\/\/miumjau.ee\/","logo":{"@type":"ImageObject","inLanguage":"fi","@id":"https:\/\/miumjau.ee\/#\/schema\/logo\/image\/","url":"https:\/\/miumjau.ee\/wp-content\/uploads\/2022\/04\/MiuMjau-logo-kollane.png","contentUrl":"https:\/\/miumjau.ee\/wp-content\/uploads\/2022\/04\/MiuMjau-logo-kollane.png","width":219,"height":100,"caption":"MiuMjau O\u00dc"},"image":{"@id":"https:\/\/miumjau.ee\/#\/schema\/logo\/image\/"},"sameAs":["https:\/\/www.facebook.com\/miumjaupood\/"]}]}},"_links":{"self":[{"href":"https:\/\/miumjau.ee\/fi\/wp-json\/wp\/v2\/product\/47854","targetHints":{"allow":["GET"]}}],"collection":[{"href":"https:\/\/miumjau.ee\/fi\/wp-json\/wp\/v2\/product"}],"about":[{"href":"https:\/\/miumjau.ee\/fi\/wp-json\/wp\/v2\/types\/product"}],"wp:featuredmedia":[{"embeddable":true,"href":"https:\/\/miumjau.ee\/fi\/wp-json\/wp\/v2\/media\/38823"}],"wp:attachment":[{"href":"https:\/\/miumjau.ee\/fi\/wp-json\/wp\/v2\/media?parent=47854"}],"wp:term":[{"taxonomy":"product_brand","embeddable":true,"href":"https:\/\/miumjau.ee\/fi\/wp-json\/wp\/v2\/product_brand?post=47854"},{"taxonomy":"product_cat","embeddable":true,"href":"https:\/\/miumjau.ee\/fi\/wp-json\/wp\/v2\/product_cat?post=47854"},{"taxonomy":"product_tag","embeddable":true,"href":"https:\/\/miumjau.ee\/fi\/wp-json\/wp\/v2\/product_tag?post=47854"}],"curies":[{"name":"wp","href":"https:\/\/api.w.org\/{rel}","templated":true}]}}