{"id":47846,"date":"2025-08-26T13:17:36","date_gmt":"2025-08-26T10:17:36","guid":{"rendered":"https:\/\/miumjau.ee\/toode\/brit-premium-by-nature-cat-adult-lohella-8-kg\/"},"modified":"2026-01-07T22:45:38","modified_gmt":"2026-01-07T20:45:38","slug":"brit-premium-by-nature-cat-adult-lohella-8-kg","status":"publish","type":"product","link":"https:\/\/miumjau.ee\/fi\/tuote\/brit-premium-by-nature-cat-adult-lohella-8-kg\/","title":{"rendered":"Brit Premium by Nature Cat Adult lohella, 8 kg"},"content":{"rendered":"","protected":false},"excerpt":{"rendered":"<p data-start=\"136\" data-end=\"256\">Brit Premium Adult Salmon on luonnollisista ainesosista valmistettu premium-t\u00e4ysravinto aikuisille kissoille lohen kera.<\/p>\n<ul data-start=\"258\" data-end=\"853\">\n<li data-start=\"258\" data-end=\"351\">\n<p data-start=\"260\" data-end=\"351\">Tarvittavat vitamiinit ja kivenn\u00e4isaineet vahvojen ja terveiden hampaiden yll\u00e4pit\u00e4miseen.<\/p>\n<\/li>\n<li data-start=\"352\" data-end=\"418\">\n<p data-start=\"354\" data-end=\"418\">Omega-3-rasvahapot tukevat kiilt\u00e4v\u00e4\u00e4 turkkia ja tervett\u00e4 ihoa.<\/p>\n<\/li>\n<li data-start=\"419\" data-end=\"494\">\n<p data-start=\"421\" data-end=\"494\">Tauriinia syd\u00e4men, silmien ja aivojen oikean toiminnan varmistamiseksi.<\/p>\n<\/li>\n<li data-start=\"495\" data-end=\"596\">\n<p data-start=\"497\" data-end=\"596\">Sis\u00e4lt\u00e4\u00e4 luonnollisia antioksidantteja, kuten rosmariinia, neilikkaa, kurkumaa ja sitrushedelmi\u00e4.<\/p>\n<\/li>\n<li data-start=\"597\" data-end=\"685\">\n<p data-start=\"599\" data-end=\"685\">Sis\u00e4lt\u00e4\u00e4 prebiootteja suoliston terveyden ja vahvan immuunij\u00e4rjestelm\u00e4n tukemiseksi.<\/p>\n<\/li>\n<li data-start=\"686\" data-end=\"811\">\n<p data-start=\"688\" data-end=\"811\">Valmistuksen viimeisess\u00e4 vaiheessa lis\u00e4tty kananmaksakastiketta, jotta ruoka olisi viel\u00e4 houkuttelevampaa ja maukkaampaa.<\/p>\n<\/li>\n<li data-start=\"812\" data-end=\"853\">\n<p data-start=\"814\" data-end=\"853\">Ei sis\u00e4ll\u00e4 vehn\u00e4\u00e4, soijaa eik\u00e4 maissia.<\/p>\n<\/li>\n<\/ul>\n<p data-start=\"855\" data-end=\"1254\"><strong data-start=\"855\" data-end=\"869\">Koostumus:<\/strong><br data-start=\"869\" data-end=\"872\" \/>Dehydroitu lohi 35%, riisi, kananrasva, herneet, kuivattu omenamasssa, dehydroitu kana 4%, lohi\u00f6ljy 3%, hydrolysoitu kananmaks a 2%, oluthiiva, kuivattu pinaatti 0,5%, mannanoligosakkaridit (150 mg\/kg), fruktooligosakkaridit (120 mg\/kg), yucca (80 mg\/kg), kuivattu rosmariini (11 mg\/kg), kuivattu neilikka (11 mg\/kg), kuivatut sitrushedelm\u00e4t (11 mg\/kg), kuivattu kurkuma (11 mg\/kg).<\/p>\n<p data-start=\"1256\" data-end=\"1449\"><strong data-start=\"1256\" data-end=\"1269\">Analyysi:<\/strong><br data-start=\"1269\" data-end=\"1272\" \/>Raakaproteiini 35,0%, raakarasva 16,0%, raakapuitu 1,9%, raakatuhka 8,1%, kosteus 10,0%, kalsium 1,2%, fosfori 1,0%, natrium 0,9%, magnesium 0,06%, omega-3 0,20%, omega-6 2,25%.<\/p>\n<p data-start=\"1451\" data-end=\"1700\"><strong data-start=\"1451\" data-end=\"1469\">Lis\u00e4aineet\/kg:<\/strong><br data-start=\"1469\" data-end=\"1472\" \/>A-vitamiini 20 000 IU, D3-vitamiini 850 IU, E-vitamiini 600 mg, C-vitamiini 250 mg, tauriini 2150 mg, biotiini 1,7 mg, sinkki 140 mg, mangaani 50 mg, rauta 50 mg, kupari 10 mg, jodi 3,5 mg, seleeni 0,16 mg, L-metioniini 4000 mg.<\/p>\n<p data-start=\"1702\" data-end=\"1739\"><strong data-start=\"1702\" data-end=\"1726\">Metabolinen energia:<\/strong> 3840 kcal\/kg<\/p>\n","protected":false},"featured_media":38827,"template":"","meta":[],"product_brand":[],"product_cat":[255],"product_tag":[],"class_list":{"0":"post-47846","1":"product","2":"type-product","3":"status-publish","4":"has-post-thumbnail","6":"product_cat-kuiva-ruoka","8":"first","9":"outofstock","10":"taxable","11":"shipping-taxable","12":"purchasable","13":"product-type-simple"},"yoast_head":"<!-- This site is optimized with the Yoast SEO plugin v27.4 - https:\/\/yoast.com\/product\/yoast-seo-wordpress\/ -->\n<title>Brit Premium by Nature Cat Adult lohella, 8 kg - MiuMjau<\/title>\n<meta name=\"robots\" content=\"index, follow, max-snippet:-1, max-image-preview:large, max-video-preview:-1\" \/>\n<link rel=\"canonical\" href=\"https:\/\/miumjau.ee\/fi\/tuote\/brit-premium-by-nature-cat-adult-lohella-8-kg\/\" \/>\n<meta property=\"og:locale\" content=\"fi_FI\" \/>\n<meta property=\"og:type\" content=\"article\" \/>\n<meta property=\"og:title\" content=\"Brit Premium by Nature Cat Adult lohella, 8 kg - MiuMjau\" \/>\n<meta property=\"og:description\" content=\"Brit Premium Adult Salmon on luonnollisista ainesosista valmistettu premium-t\u00e4ysravinto aikuisille kissoille lohen kera.     Tarvittavat vitamiinit ja kivenn\u00e4isaineet vahvojen ja terveiden hampaiden yll\u00e4pit\u00e4miseen.    Omega-3-rasvahapot tukevat kiilt\u00e4v\u00e4\u00e4 turkkia ja tervett\u00e4 ihoa.    Tauriinia syd\u00e4men, silmien ja aivojen oikean toiminnan varmistamiseksi.    Sis\u00e4lt\u00e4\u00e4 luonnollisia antioksidantteja, kuten rosmariinia, neilikkaa, kurkumaa ja sitrushedelmi\u00e4.    Sis\u00e4lt\u00e4\u00e4 prebiootteja suoliston terveyden ja vahvan immuunij\u00e4rjestelm\u00e4n tukemiseksi.    Valmistuksen viimeisess\u00e4 vaiheessa lis\u00e4tty kananmaksakastiketta, jotta ruoka olisi viel\u00e4 houkuttelevampaa ja maukkaampaa.    Ei sis\u00e4ll\u00e4 vehn\u00e4\u00e4, soijaa eik\u00e4 maissia.   Koostumus:Dehydroitu lohi 35%, riisi, kananrasva, herneet, kuivattu omenamasssa, dehydroitu kana 4%, lohi\u00f6ljy 3%, hydrolysoitu kananmaks a 2%, oluthiiva, kuivattu pinaatti 0,5%, mannanoligosakkaridit (150 mg\/kg), fruktooligosakkaridit (120 mg\/kg), yucca (80 mg\/kg), kuivattu rosmariini (11 mg\/kg), kuivattu neilikka (11 mg\/kg), kuivatut sitrushedelm\u00e4t (11 mg\/kg), kuivattu kurkuma (11 mg\/kg). Analyysi:Raakaproteiini 35,0%, raakarasva 16,0%, raakapuitu 1,9%, raakatuhka 8,1%, kosteus 10,0%, kalsium 1,2%, fosfori 1,0%, natrium 0,9%, magnesium 0,06%, omega-3 0,20%, omega-6 2,25%. Lis\u00e4aineet\/kg:A-vitamiini 20 000 IU, D3-vitamiini 850 IU, E-vitamiini 600 mg, C-vitamiini 250 mg, tauriini 2150 mg, biotiini 1,7 mg, sinkki 140 mg, mangaani 50 mg, rauta 50 mg, kupari 10 mg, jodi 3,5 mg, seleeni 0,16 mg, L-metioniini 4000 mg. Metabolinen energia: 3840 kcal\/kg\" \/>\n<meta property=\"og:url\" content=\"https:\/\/miumjau.ee\/fi\/tuote\/brit-premium-by-nature-cat-adult-lohella-8-kg\/\" \/>\n<meta property=\"og:site_name\" content=\"MiuMjau\" \/>\n<meta property=\"article:publisher\" content=\"https:\/\/www.facebook.com\/miumjaupood\/\" \/>\n<meta property=\"article:modified_time\" content=\"2026-01-07T20:45:38+00:00\" \/>\n<meta property=\"og:image\" content=\"https:\/\/miumjau.ee\/wp-content\/uploads\/2025\/08\/brit-premium-kassi-toit2.jpg\" \/>\n\t<meta property=\"og:image:width\" content=\"600\" \/>\n\t<meta property=\"og:image:height\" content=\"800\" \/>\n\t<meta property=\"og:image:type\" content=\"image\/jpeg\" \/>\n<meta name=\"twitter:card\" content=\"summary_large_image\" \/>\n<script type=\"application\/ld+json\" class=\"yoast-schema-graph\">{\"@context\":\"https:\\\/\\\/schema.org\",\"@graph\":[{\"@type\":\"WebPage\",\"@id\":\"https:\\\/\\\/miumjau.ee\\\/fi\\\/tuote\\\/brit-premium-by-nature-cat-adult-lohella-8-kg\\\/\",\"url\":\"https:\\\/\\\/miumjau.ee\\\/fi\\\/tuote\\\/brit-premium-by-nature-cat-adult-lohella-8-kg\\\/\",\"name\":\"Brit Premium by Nature Cat Adult lohella, 8 kg - MiuMjau\",\"isPartOf\":{\"@id\":\"https:\\\/\\\/miumjau.ee\\\/#website\"},\"primaryImageOfPage\":{\"@id\":\"https:\\\/\\\/miumjau.ee\\\/fi\\\/tuote\\\/brit-premium-by-nature-cat-adult-lohella-8-kg\\\/#primaryimage\"},\"image\":{\"@id\":\"https:\\\/\\\/miumjau.ee\\\/fi\\\/tuote\\\/brit-premium-by-nature-cat-adult-lohella-8-kg\\\/#primaryimage\"},\"thumbnailUrl\":\"https:\\\/\\\/miumjau.ee\\\/wp-content\\\/uploads\\\/2025\\\/08\\\/brit-premium-kassi-toit2.jpg\",\"datePublished\":\"2025-08-26T10:17:36+00:00\",\"dateModified\":\"2026-01-07T20:45:38+00:00\",\"breadcrumb\":{\"@id\":\"https:\\\/\\\/miumjau.ee\\\/fi\\\/tuote\\\/brit-premium-by-nature-cat-adult-lohella-8-kg\\\/#breadcrumb\"},\"inLanguage\":\"fi\",\"potentialAction\":[{\"@type\":\"ReadAction\",\"target\":[\"https:\\\/\\\/miumjau.ee\\\/fi\\\/tuote\\\/brit-premium-by-nature-cat-adult-lohella-8-kg\\\/\"]}]},{\"@type\":\"ImageObject\",\"inLanguage\":\"fi\",\"@id\":\"https:\\\/\\\/miumjau.ee\\\/fi\\\/tuote\\\/brit-premium-by-nature-cat-adult-lohella-8-kg\\\/#primaryimage\",\"url\":\"https:\\\/\\\/miumjau.ee\\\/wp-content\\\/uploads\\\/2025\\\/08\\\/brit-premium-kassi-toit2.jpg\",\"contentUrl\":\"https:\\\/\\\/miumjau.ee\\\/wp-content\\\/uploads\\\/2025\\\/08\\\/brit-premium-kassi-toit2.jpg\",\"width\":600,\"height\":800,\"caption\":\"Brit Premium by Nature Cat Adult l\u00f5hega, 8 kg\"},{\"@type\":\"BreadcrumbList\",\"@id\":\"https:\\\/\\\/miumjau.ee\\\/fi\\\/tuote\\\/brit-premium-by-nature-cat-adult-lohella-8-kg\\\/#breadcrumb\",\"itemListElement\":[{\"@type\":\"ListItem\",\"position\":1,\"name\":\"Home\",\"item\":\"https:\\\/\\\/miumjau.ee\\\/fi\\\/\"},{\"@type\":\"ListItem\",\"position\":2,\"name\":\"Kauppa\",\"item\":\"https:\\\/\\\/miumjau.ee\\\/fi\\\/kauppa\\\/\"},{\"@type\":\"ListItem\",\"position\":3,\"name\":\"Brit Premium by Nature Cat Adult lohella, 8 kg\"}]},{\"@type\":\"WebSite\",\"@id\":\"https:\\\/\\\/miumjau.ee\\\/#website\",\"url\":\"https:\\\/\\\/miumjau.ee\\\/\",\"name\":\"MiuMjau\",\"description\":\"Kraapimispuud kassidele\",\"publisher\":{\"@id\":\"https:\\\/\\\/miumjau.ee\\\/#organization\"},\"potentialAction\":[{\"@type\":\"SearchAction\",\"target\":{\"@type\":\"EntryPoint\",\"urlTemplate\":\"https:\\\/\\\/miumjau.ee\\\/?s={search_term_string}\"},\"query-input\":{\"@type\":\"PropertyValueSpecification\",\"valueRequired\":true,\"valueName\":\"search_term_string\"}}],\"inLanguage\":\"fi\"},{\"@type\":\"Organization\",\"@id\":\"https:\\\/\\\/miumjau.ee\\\/#organization\",\"name\":\"MiuMjau O\u00dc\",\"url\":\"https:\\\/\\\/miumjau.ee\\\/\",\"logo\":{\"@type\":\"ImageObject\",\"inLanguage\":\"fi\",\"@id\":\"https:\\\/\\\/miumjau.ee\\\/#\\\/schema\\\/logo\\\/image\\\/\",\"url\":\"https:\\\/\\\/miumjau.ee\\\/wp-content\\\/uploads\\\/2022\\\/04\\\/MiuMjau-logo-kollane.png\",\"contentUrl\":\"https:\\\/\\\/miumjau.ee\\\/wp-content\\\/uploads\\\/2022\\\/04\\\/MiuMjau-logo-kollane.png\",\"width\":219,\"height\":100,\"caption\":\"MiuMjau O\u00dc\"},\"image\":{\"@id\":\"https:\\\/\\\/miumjau.ee\\\/#\\\/schema\\\/logo\\\/image\\\/\"},\"sameAs\":[\"https:\\\/\\\/www.facebook.com\\\/miumjaupood\\\/\"]}]}<\/script>\n<!-- \/ Yoast SEO plugin. -->","yoast_head_json":{"title":"Brit Premium by Nature Cat Adult lohella, 8 kg - MiuMjau","robots":{"index":"index","follow":"follow","max-snippet":"max-snippet:-1","max-image-preview":"max-image-preview:large","max-video-preview":"max-video-preview:-1"},"canonical":"https:\/\/miumjau.ee\/fi\/tuote\/brit-premium-by-nature-cat-adult-lohella-8-kg\/","og_locale":"fi_FI","og_type":"article","og_title":"Brit Premium by Nature Cat Adult lohella, 8 kg - MiuMjau","og_description":"Brit Premium Adult Salmon on luonnollisista ainesosista valmistettu premium-t\u00e4ysravinto aikuisille kissoille lohen kera.     Tarvittavat vitamiinit ja kivenn\u00e4isaineet vahvojen ja terveiden hampaiden yll\u00e4pit\u00e4miseen.    Omega-3-rasvahapot tukevat kiilt\u00e4v\u00e4\u00e4 turkkia ja tervett\u00e4 ihoa.    Tauriinia syd\u00e4men, silmien ja aivojen oikean toiminnan varmistamiseksi.    Sis\u00e4lt\u00e4\u00e4 luonnollisia antioksidantteja, kuten rosmariinia, neilikkaa, kurkumaa ja sitrushedelmi\u00e4.    Sis\u00e4lt\u00e4\u00e4 prebiootteja suoliston terveyden ja vahvan immuunij\u00e4rjestelm\u00e4n tukemiseksi.    Valmistuksen viimeisess\u00e4 vaiheessa lis\u00e4tty kananmaksakastiketta, jotta ruoka olisi viel\u00e4 houkuttelevampaa ja maukkaampaa.    Ei sis\u00e4ll\u00e4 vehn\u00e4\u00e4, soijaa eik\u00e4 maissia.   Koostumus:Dehydroitu lohi 35%, riisi, kananrasva, herneet, kuivattu omenamasssa, dehydroitu kana 4%, lohi\u00f6ljy 3%, hydrolysoitu kananmaks a 2%, oluthiiva, kuivattu pinaatti 0,5%, mannanoligosakkaridit (150 mg\/kg), fruktooligosakkaridit (120 mg\/kg), yucca (80 mg\/kg), kuivattu rosmariini (11 mg\/kg), kuivattu neilikka (11 mg\/kg), kuivatut sitrushedelm\u00e4t (11 mg\/kg), kuivattu kurkuma (11 mg\/kg). Analyysi:Raakaproteiini 35,0%, raakarasva 16,0%, raakapuitu 1,9%, raakatuhka 8,1%, kosteus 10,0%, kalsium 1,2%, fosfori 1,0%, natrium 0,9%, magnesium 0,06%, omega-3 0,20%, omega-6 2,25%. Lis\u00e4aineet\/kg:A-vitamiini 20 000 IU, D3-vitamiini 850 IU, E-vitamiini 600 mg, C-vitamiini 250 mg, tauriini 2150 mg, biotiini 1,7 mg, sinkki 140 mg, mangaani 50 mg, rauta 50 mg, kupari 10 mg, jodi 3,5 mg, seleeni 0,16 mg, L-metioniini 4000 mg. Metabolinen energia: 3840 kcal\/kg","og_url":"https:\/\/miumjau.ee\/fi\/tuote\/brit-premium-by-nature-cat-adult-lohella-8-kg\/","og_site_name":"MiuMjau","article_publisher":"https:\/\/www.facebook.com\/miumjaupood\/","article_modified_time":"2026-01-07T20:45:38+00:00","og_image":[{"width":600,"height":800,"url":"https:\/\/miumjau.ee\/wp-content\/uploads\/2025\/08\/brit-premium-kassi-toit2.jpg","type":"image\/jpeg"}],"twitter_card":"summary_large_image","schema":{"@context":"https:\/\/schema.org","@graph":[{"@type":"WebPage","@id":"https:\/\/miumjau.ee\/fi\/tuote\/brit-premium-by-nature-cat-adult-lohella-8-kg\/","url":"https:\/\/miumjau.ee\/fi\/tuote\/brit-premium-by-nature-cat-adult-lohella-8-kg\/","name":"Brit Premium by Nature Cat Adult lohella, 8 kg - MiuMjau","isPartOf":{"@id":"https:\/\/miumjau.ee\/#website"},"primaryImageOfPage":{"@id":"https:\/\/miumjau.ee\/fi\/tuote\/brit-premium-by-nature-cat-adult-lohella-8-kg\/#primaryimage"},"image":{"@id":"https:\/\/miumjau.ee\/fi\/tuote\/brit-premium-by-nature-cat-adult-lohella-8-kg\/#primaryimage"},"thumbnailUrl":"https:\/\/miumjau.ee\/wp-content\/uploads\/2025\/08\/brit-premium-kassi-toit2.jpg","datePublished":"2025-08-26T10:17:36+00:00","dateModified":"2026-01-07T20:45:38+00:00","breadcrumb":{"@id":"https:\/\/miumjau.ee\/fi\/tuote\/brit-premium-by-nature-cat-adult-lohella-8-kg\/#breadcrumb"},"inLanguage":"fi","potentialAction":[{"@type":"ReadAction","target":["https:\/\/miumjau.ee\/fi\/tuote\/brit-premium-by-nature-cat-adult-lohella-8-kg\/"]}]},{"@type":"ImageObject","inLanguage":"fi","@id":"https:\/\/miumjau.ee\/fi\/tuote\/brit-premium-by-nature-cat-adult-lohella-8-kg\/#primaryimage","url":"https:\/\/miumjau.ee\/wp-content\/uploads\/2025\/08\/brit-premium-kassi-toit2.jpg","contentUrl":"https:\/\/miumjau.ee\/wp-content\/uploads\/2025\/08\/brit-premium-kassi-toit2.jpg","width":600,"height":800,"caption":"Brit Premium by Nature Cat Adult l\u00f5hega, 8 kg"},{"@type":"BreadcrumbList","@id":"https:\/\/miumjau.ee\/fi\/tuote\/brit-premium-by-nature-cat-adult-lohella-8-kg\/#breadcrumb","itemListElement":[{"@type":"ListItem","position":1,"name":"Home","item":"https:\/\/miumjau.ee\/fi\/"},{"@type":"ListItem","position":2,"name":"Kauppa","item":"https:\/\/miumjau.ee\/fi\/kauppa\/"},{"@type":"ListItem","position":3,"name":"Brit Premium by Nature Cat Adult lohella, 8 kg"}]},{"@type":"WebSite","@id":"https:\/\/miumjau.ee\/#website","url":"https:\/\/miumjau.ee\/","name":"MiuMjau","description":"Kraapimispuud kassidele","publisher":{"@id":"https:\/\/miumjau.ee\/#organization"},"potentialAction":[{"@type":"SearchAction","target":{"@type":"EntryPoint","urlTemplate":"https:\/\/miumjau.ee\/?s={search_term_string}"},"query-input":{"@type":"PropertyValueSpecification","valueRequired":true,"valueName":"search_term_string"}}],"inLanguage":"fi"},{"@type":"Organization","@id":"https:\/\/miumjau.ee\/#organization","name":"MiuMjau O\u00dc","url":"https:\/\/miumjau.ee\/","logo":{"@type":"ImageObject","inLanguage":"fi","@id":"https:\/\/miumjau.ee\/#\/schema\/logo\/image\/","url":"https:\/\/miumjau.ee\/wp-content\/uploads\/2022\/04\/MiuMjau-logo-kollane.png","contentUrl":"https:\/\/miumjau.ee\/wp-content\/uploads\/2022\/04\/MiuMjau-logo-kollane.png","width":219,"height":100,"caption":"MiuMjau O\u00dc"},"image":{"@id":"https:\/\/miumjau.ee\/#\/schema\/logo\/image\/"},"sameAs":["https:\/\/www.facebook.com\/miumjaupood\/"]}]}},"_links":{"self":[{"href":"https:\/\/miumjau.ee\/fi\/wp-json\/wp\/v2\/product\/47846","targetHints":{"allow":["GET"]}}],"collection":[{"href":"https:\/\/miumjau.ee\/fi\/wp-json\/wp\/v2\/product"}],"about":[{"href":"https:\/\/miumjau.ee\/fi\/wp-json\/wp\/v2\/types\/product"}],"wp:featuredmedia":[{"embeddable":true,"href":"https:\/\/miumjau.ee\/fi\/wp-json\/wp\/v2\/media\/38827"}],"wp:attachment":[{"href":"https:\/\/miumjau.ee\/fi\/wp-json\/wp\/v2\/media?parent=47846"}],"wp:term":[{"taxonomy":"product_brand","embeddable":true,"href":"https:\/\/miumjau.ee\/fi\/wp-json\/wp\/v2\/product_brand?post=47846"},{"taxonomy":"product_cat","embeddable":true,"href":"https:\/\/miumjau.ee\/fi\/wp-json\/wp\/v2\/product_cat?post=47846"},{"taxonomy":"product_tag","embeddable":true,"href":"https:\/\/miumjau.ee\/fi\/wp-json\/wp\/v2\/product_tag?post=47846"}],"curies":[{"name":"wp","href":"https:\/\/api.w.org\/{rel}","templated":true}]}}