{"id":47845,"date":"2025-08-26T13:23:41","date_gmt":"2025-08-26T10:23:41","guid":{"rendered":"https:\/\/miumjau.ee\/toode\/beaphar-vit-bits-vitamiinipastalla-herkku-35-g\/"},"modified":"2026-01-07T22:45:38","modified_gmt":"2026-01-07T20:45:38","slug":"beaphar-vit-bits-vitamiinipastalla-herkku-35-g","status":"publish","type":"product","link":"https:\/\/miumjau.ee\/fi\/tuote\/beaphar-vit-bits-vitamiinipastalla-herkku-35-g\/","title":{"rendered":"Beaphar Vit-Bits vitamiinipastalla herkku 35 g"},"content":{"rendered":"","protected":false},"excerpt":{"rendered":"<p data-start=\"90\" data-end=\"461\">Beaphar Vit Bits on ravintolis\u00e4 kissoille. Rapeat Vit-Bits-tyynyt ovat t\u00e4ytetty monivitamiinipastalla ja ne toimivat kissoille tarkoitettuna ravintolis\u00e4n\u00e4. Eritt\u00e4in hy\u00f6dyllisi\u00e4 ja maukkaita \u2013 ne sis\u00e4lt\u00e4v\u00e4t p\u00e4ivitt\u00e4in tarvittavien vitamiinien lis\u00e4ksi my\u00f6s tauriinia, joka tukee kissojen n\u00e4k\u00f6kyky\u00e4 ja syd\u00e4men terveytt\u00e4, sek\u00e4 B-vitamiineja turkin hyvinvoinnin edist\u00e4miseksi.<\/p>\n<p data-start=\"463\" data-end=\"579\"><strong data-start=\"463\" data-end=\"477\">Koostumus:<\/strong> viljat, maito ja maitotuotteet, liha ja el\u00e4inper\u00e4iset sivutuotteet, \u00f6ljyt ja rasvat, kivenn\u00e4isaineet.<\/p>\n<p data-start=\"581\" data-end=\"775\"><strong data-start=\"581\" data-end=\"603\">Analyysikoostumus:<\/strong> raakaproteiini 31 %; raakakuitu 2,8 %; raakarasva 10 %; raakatuhka 2,4 %; kosteus 8,9 %; kalsium 0,15 %; fosfori 0,62 %; natrium 0,17 %; kalium 0,54 %; magnesium 0,13 %.<\/p>\n<p data-start=\"777\" data-end=\"1038\">Lis\u00e4tty\/kg: <strong data-start=\"789\" data-end=\"806\">Ravintolis\u00e4t:<\/strong> A-vitamiini 4580 IU; B1-vitamiini 58 mg; B2-vitamiini 17 mg\/kg; pantoteenihappo 2,8 mg\/kg; nikotiiniamidi 160 mg\/kg; biotiini 62 mg\/kg; tauriini 660 mg\/kg; C-vitamiini 870 mg; E-vitamiini 100 IU; tauriini 1000 mg. Antioksidantteja.<\/p>\n","protected":false},"featured_media":38819,"template":"","meta":[],"product_brand":[],"product_cat":[266,876],"product_tag":[],"class_list":{"0":"post-47845","1":"product","2":"type-product","3":"status-publish","4":"has-post-thumbnail","6":"product_cat-makeiset","7":"product_cat-vitamiinit-ja-lisaravinteet-kissalle","9":"first","10":"instock","11":"taxable","12":"shipping-taxable","13":"purchasable","14":"product-type-simple"},"yoast_head":"<!-- This site is optimized with the Yoast SEO plugin v27.2 - https:\/\/yoast.com\/product\/yoast-seo-wordpress\/ -->\n<title>Beaphar Vit-Bits vitamiinipastalla herkku 35 g - MiuMjau<\/title>\n<meta name=\"robots\" content=\"index, follow, max-snippet:-1, max-image-preview:large, max-video-preview:-1\" \/>\n<link rel=\"canonical\" href=\"https:\/\/miumjau.ee\/fi\/tuote\/beaphar-vit-bits-vitamiinipastalla-herkku-35-g\/\" \/>\n<meta property=\"og:locale\" content=\"fi_FI\" \/>\n<meta property=\"og:type\" content=\"article\" \/>\n<meta property=\"og:title\" content=\"Beaphar Vit-Bits vitamiinipastalla herkku 35 g - MiuMjau\" \/>\n<meta property=\"og:description\" content=\"Beaphar Vit Bits on ravintolis\u00e4 kissoille. Rapeat Vit-Bits-tyynyt ovat t\u00e4ytetty monivitamiinipastalla ja ne toimivat kissoille tarkoitettuna ravintolis\u00e4n\u00e4. Eritt\u00e4in hy\u00f6dyllisi\u00e4 ja maukkaita \u2013 ne sis\u00e4lt\u00e4v\u00e4t p\u00e4ivitt\u00e4in tarvittavien vitamiinien lis\u00e4ksi my\u00f6s tauriinia, joka tukee kissojen n\u00e4k\u00f6kyky\u00e4 ja syd\u00e4men terveytt\u00e4, sek\u00e4 B-vitamiineja turkin hyvinvoinnin edist\u00e4miseksi. Koostumus: viljat, maito ja maitotuotteet, liha ja el\u00e4inper\u00e4iset sivutuotteet, \u00f6ljyt ja rasvat, kivenn\u00e4isaineet. Analyysikoostumus: raakaproteiini 31 %; raakakuitu 2,8 %; raakarasva 10 %; raakatuhka 2,4 %; kosteus 8,9 %; kalsium 0,15 %; fosfori 0,62 %; natrium 0,17 %; kalium 0,54 %; magnesium 0,13 %. Lis\u00e4tty\/kg: Ravintolis\u00e4t: A-vitamiini 4580 IU; B1-vitamiini 58 mg; B2-vitamiini 17 mg\/kg; pantoteenihappo 2,8 mg\/kg; nikotiiniamidi 160 mg\/kg; biotiini 62 mg\/kg; tauriini 660 mg\/kg; C-vitamiini 870 mg; E-vitamiini 100 IU; tauriini 1000 mg. Antioksidantteja.\" \/>\n<meta property=\"og:url\" content=\"https:\/\/miumjau.ee\/fi\/tuote\/beaphar-vit-bits-vitamiinipastalla-herkku-35-g\/\" \/>\n<meta property=\"og:site_name\" content=\"MiuMjau\" \/>\n<meta property=\"article:publisher\" content=\"https:\/\/www.facebook.com\/miumjaupood\/\" \/>\n<meta property=\"article:modified_time\" content=\"2026-01-07T20:45:38+00:00\" \/>\n<meta property=\"og:image\" content=\"https:\/\/miumjau.ee\/wp-content\/uploads\/2025\/08\/beaphar-vit-bits-vitamiini-maius.jpg\" \/>\n\t<meta property=\"og:image:width\" content=\"600\" \/>\n\t<meta property=\"og:image:height\" content=\"800\" \/>\n\t<meta property=\"og:image:type\" content=\"image\/jpeg\" \/>\n<meta name=\"twitter:card\" content=\"summary_large_image\" \/>\n<script type=\"application\/ld+json\" class=\"yoast-schema-graph\">{\"@context\":\"https:\/\/schema.org\",\"@graph\":[{\"@type\":\"WebPage\",\"@id\":\"https:\/\/miumjau.ee\/fi\/tuote\/beaphar-vit-bits-vitamiinipastalla-herkku-35-g\/\",\"url\":\"https:\/\/miumjau.ee\/fi\/tuote\/beaphar-vit-bits-vitamiinipastalla-herkku-35-g\/\",\"name\":\"Beaphar Vit-Bits vitamiinipastalla herkku 35 g - MiuMjau\",\"isPartOf\":{\"@id\":\"https:\/\/miumjau.ee\/#website\"},\"primaryImageOfPage\":{\"@id\":\"https:\/\/miumjau.ee\/fi\/tuote\/beaphar-vit-bits-vitamiinipastalla-herkku-35-g\/#primaryimage\"},\"image\":{\"@id\":\"https:\/\/miumjau.ee\/fi\/tuote\/beaphar-vit-bits-vitamiinipastalla-herkku-35-g\/#primaryimage\"},\"thumbnailUrl\":\"https:\/\/miumjau.ee\/wp-content\/uploads\/2025\/08\/beaphar-vit-bits-vitamiini-maius.jpg\",\"datePublished\":\"2025-08-26T10:23:41+00:00\",\"dateModified\":\"2026-01-07T20:45:38+00:00\",\"breadcrumb\":{\"@id\":\"https:\/\/miumjau.ee\/fi\/tuote\/beaphar-vit-bits-vitamiinipastalla-herkku-35-g\/#breadcrumb\"},\"inLanguage\":\"fi\",\"potentialAction\":[{\"@type\":\"ReadAction\",\"target\":[\"https:\/\/miumjau.ee\/fi\/tuote\/beaphar-vit-bits-vitamiinipastalla-herkku-35-g\/\"]}]},{\"@type\":\"ImageObject\",\"inLanguage\":\"fi\",\"@id\":\"https:\/\/miumjau.ee\/fi\/tuote\/beaphar-vit-bits-vitamiinipastalla-herkku-35-g\/#primaryimage\",\"url\":\"https:\/\/miumjau.ee\/wp-content\/uploads\/2025\/08\/beaphar-vit-bits-vitamiini-maius.jpg\",\"contentUrl\":\"https:\/\/miumjau.ee\/wp-content\/uploads\/2025\/08\/beaphar-vit-bits-vitamiini-maius.jpg\",\"width\":600,\"height\":800,\"caption\":\"Beaphar Vit-Bits vitamiinipastaga kassimaius 35g\"},{\"@type\":\"BreadcrumbList\",\"@id\":\"https:\/\/miumjau.ee\/fi\/tuote\/beaphar-vit-bits-vitamiinipastalla-herkku-35-g\/#breadcrumb\",\"itemListElement\":[{\"@type\":\"ListItem\",\"position\":1,\"name\":\"Home\",\"item\":\"https:\/\/miumjau.ee\/fi\/\"},{\"@type\":\"ListItem\",\"position\":2,\"name\":\"Kauppa\",\"item\":\"https:\/\/miumjau.ee\/fi\/kauppa\/\"},{\"@type\":\"ListItem\",\"position\":3,\"name\":\"Beaphar Vit-Bits vitamiinipastalla herkku 35 g\"}]},{\"@type\":\"WebSite\",\"@id\":\"https:\/\/miumjau.ee\/#website\",\"url\":\"https:\/\/miumjau.ee\/\",\"name\":\"MiuMjau\",\"description\":\"Kraapimispuud kassidele\",\"publisher\":{\"@id\":\"https:\/\/miumjau.ee\/#organization\"},\"potentialAction\":[{\"@type\":\"SearchAction\",\"target\":{\"@type\":\"EntryPoint\",\"urlTemplate\":\"https:\/\/miumjau.ee\/?s={search_term_string}\"},\"query-input\":{\"@type\":\"PropertyValueSpecification\",\"valueRequired\":true,\"valueName\":\"search_term_string\"}}],\"inLanguage\":\"fi\"},{\"@type\":\"Organization\",\"@id\":\"https:\/\/miumjau.ee\/#organization\",\"name\":\"MiuMjau O\u00dc\",\"url\":\"https:\/\/miumjau.ee\/\",\"logo\":{\"@type\":\"ImageObject\",\"inLanguage\":\"fi\",\"@id\":\"https:\/\/miumjau.ee\/#\/schema\/logo\/image\/\",\"url\":\"https:\/\/miumjau.ee\/wp-content\/uploads\/2022\/04\/MiuMjau-logo-kollane.png\",\"contentUrl\":\"https:\/\/miumjau.ee\/wp-content\/uploads\/2022\/04\/MiuMjau-logo-kollane.png\",\"width\":219,\"height\":100,\"caption\":\"MiuMjau O\u00dc\"},\"image\":{\"@id\":\"https:\/\/miumjau.ee\/#\/schema\/logo\/image\/\"},\"sameAs\":[\"https:\/\/www.facebook.com\/miumjaupood\/\"]}]}<\/script>\n<!-- \/ Yoast SEO plugin. -->","yoast_head_json":{"title":"Beaphar Vit-Bits vitamiinipastalla herkku 35 g - MiuMjau","robots":{"index":"index","follow":"follow","max-snippet":"max-snippet:-1","max-image-preview":"max-image-preview:large","max-video-preview":"max-video-preview:-1"},"canonical":"https:\/\/miumjau.ee\/fi\/tuote\/beaphar-vit-bits-vitamiinipastalla-herkku-35-g\/","og_locale":"fi_FI","og_type":"article","og_title":"Beaphar Vit-Bits vitamiinipastalla herkku 35 g - MiuMjau","og_description":"Beaphar Vit Bits on ravintolis\u00e4 kissoille. Rapeat Vit-Bits-tyynyt ovat t\u00e4ytetty monivitamiinipastalla ja ne toimivat kissoille tarkoitettuna ravintolis\u00e4n\u00e4. Eritt\u00e4in hy\u00f6dyllisi\u00e4 ja maukkaita \u2013 ne sis\u00e4lt\u00e4v\u00e4t p\u00e4ivitt\u00e4in tarvittavien vitamiinien lis\u00e4ksi my\u00f6s tauriinia, joka tukee kissojen n\u00e4k\u00f6kyky\u00e4 ja syd\u00e4men terveytt\u00e4, sek\u00e4 B-vitamiineja turkin hyvinvoinnin edist\u00e4miseksi. Koostumus: viljat, maito ja maitotuotteet, liha ja el\u00e4inper\u00e4iset sivutuotteet, \u00f6ljyt ja rasvat, kivenn\u00e4isaineet. Analyysikoostumus: raakaproteiini 31 %; raakakuitu 2,8 %; raakarasva 10 %; raakatuhka 2,4 %; kosteus 8,9 %; kalsium 0,15 %; fosfori 0,62 %; natrium 0,17 %; kalium 0,54 %; magnesium 0,13 %. Lis\u00e4tty\/kg: Ravintolis\u00e4t: A-vitamiini 4580 IU; B1-vitamiini 58 mg; B2-vitamiini 17 mg\/kg; pantoteenihappo 2,8 mg\/kg; nikotiiniamidi 160 mg\/kg; biotiini 62 mg\/kg; tauriini 660 mg\/kg; C-vitamiini 870 mg; E-vitamiini 100 IU; tauriini 1000 mg. Antioksidantteja.","og_url":"https:\/\/miumjau.ee\/fi\/tuote\/beaphar-vit-bits-vitamiinipastalla-herkku-35-g\/","og_site_name":"MiuMjau","article_publisher":"https:\/\/www.facebook.com\/miumjaupood\/","article_modified_time":"2026-01-07T20:45:38+00:00","og_image":[{"width":600,"height":800,"url":"https:\/\/miumjau.ee\/wp-content\/uploads\/2025\/08\/beaphar-vit-bits-vitamiini-maius.jpg","type":"image\/jpeg"}],"twitter_card":"summary_large_image","schema":{"@context":"https:\/\/schema.org","@graph":[{"@type":"WebPage","@id":"https:\/\/miumjau.ee\/fi\/tuote\/beaphar-vit-bits-vitamiinipastalla-herkku-35-g\/","url":"https:\/\/miumjau.ee\/fi\/tuote\/beaphar-vit-bits-vitamiinipastalla-herkku-35-g\/","name":"Beaphar Vit-Bits vitamiinipastalla herkku 35 g - MiuMjau","isPartOf":{"@id":"https:\/\/miumjau.ee\/#website"},"primaryImageOfPage":{"@id":"https:\/\/miumjau.ee\/fi\/tuote\/beaphar-vit-bits-vitamiinipastalla-herkku-35-g\/#primaryimage"},"image":{"@id":"https:\/\/miumjau.ee\/fi\/tuote\/beaphar-vit-bits-vitamiinipastalla-herkku-35-g\/#primaryimage"},"thumbnailUrl":"https:\/\/miumjau.ee\/wp-content\/uploads\/2025\/08\/beaphar-vit-bits-vitamiini-maius.jpg","datePublished":"2025-08-26T10:23:41+00:00","dateModified":"2026-01-07T20:45:38+00:00","breadcrumb":{"@id":"https:\/\/miumjau.ee\/fi\/tuote\/beaphar-vit-bits-vitamiinipastalla-herkku-35-g\/#breadcrumb"},"inLanguage":"fi","potentialAction":[{"@type":"ReadAction","target":["https:\/\/miumjau.ee\/fi\/tuote\/beaphar-vit-bits-vitamiinipastalla-herkku-35-g\/"]}]},{"@type":"ImageObject","inLanguage":"fi","@id":"https:\/\/miumjau.ee\/fi\/tuote\/beaphar-vit-bits-vitamiinipastalla-herkku-35-g\/#primaryimage","url":"https:\/\/miumjau.ee\/wp-content\/uploads\/2025\/08\/beaphar-vit-bits-vitamiini-maius.jpg","contentUrl":"https:\/\/miumjau.ee\/wp-content\/uploads\/2025\/08\/beaphar-vit-bits-vitamiini-maius.jpg","width":600,"height":800,"caption":"Beaphar Vit-Bits vitamiinipastaga kassimaius 35g"},{"@type":"BreadcrumbList","@id":"https:\/\/miumjau.ee\/fi\/tuote\/beaphar-vit-bits-vitamiinipastalla-herkku-35-g\/#breadcrumb","itemListElement":[{"@type":"ListItem","position":1,"name":"Home","item":"https:\/\/miumjau.ee\/fi\/"},{"@type":"ListItem","position":2,"name":"Kauppa","item":"https:\/\/miumjau.ee\/fi\/kauppa\/"},{"@type":"ListItem","position":3,"name":"Beaphar Vit-Bits vitamiinipastalla herkku 35 g"}]},{"@type":"WebSite","@id":"https:\/\/miumjau.ee\/#website","url":"https:\/\/miumjau.ee\/","name":"MiuMjau","description":"Kraapimispuud kassidele","publisher":{"@id":"https:\/\/miumjau.ee\/#organization"},"potentialAction":[{"@type":"SearchAction","target":{"@type":"EntryPoint","urlTemplate":"https:\/\/miumjau.ee\/?s={search_term_string}"},"query-input":{"@type":"PropertyValueSpecification","valueRequired":true,"valueName":"search_term_string"}}],"inLanguage":"fi"},{"@type":"Organization","@id":"https:\/\/miumjau.ee\/#organization","name":"MiuMjau O\u00dc","url":"https:\/\/miumjau.ee\/","logo":{"@type":"ImageObject","inLanguage":"fi","@id":"https:\/\/miumjau.ee\/#\/schema\/logo\/image\/","url":"https:\/\/miumjau.ee\/wp-content\/uploads\/2022\/04\/MiuMjau-logo-kollane.png","contentUrl":"https:\/\/miumjau.ee\/wp-content\/uploads\/2022\/04\/MiuMjau-logo-kollane.png","width":219,"height":100,"caption":"MiuMjau O\u00dc"},"image":{"@id":"https:\/\/miumjau.ee\/#\/schema\/logo\/image\/"},"sameAs":["https:\/\/www.facebook.com\/miumjaupood\/"]}]}},"_links":{"self":[{"href":"https:\/\/miumjau.ee\/fi\/wp-json\/wp\/v2\/product\/47845","targetHints":{"allow":["GET"]}}],"collection":[{"href":"https:\/\/miumjau.ee\/fi\/wp-json\/wp\/v2\/product"}],"about":[{"href":"https:\/\/miumjau.ee\/fi\/wp-json\/wp\/v2\/types\/product"}],"wp:featuredmedia":[{"embeddable":true,"href":"https:\/\/miumjau.ee\/fi\/wp-json\/wp\/v2\/media\/38819"}],"wp:attachment":[{"href":"https:\/\/miumjau.ee\/fi\/wp-json\/wp\/v2\/media?parent=47845"}],"wp:term":[{"taxonomy":"product_brand","embeddable":true,"href":"https:\/\/miumjau.ee\/fi\/wp-json\/wp\/v2\/product_brand?post=47845"},{"taxonomy":"product_cat","embeddable":true,"href":"https:\/\/miumjau.ee\/fi\/wp-json\/wp\/v2\/product_cat?post=47845"},{"taxonomy":"product_tag","embeddable":true,"href":"https:\/\/miumjau.ee\/fi\/wp-json\/wp\/v2\/product_tag?post=47845"}],"curies":[{"name":"wp","href":"https:\/\/api.w.org\/{rel}","templated":true}]}}