{"id":47840,"date":"2025-08-26T13:30:57","date_gmt":"2025-08-26T10:30:57","guid":{"rendered":"https:\/\/miumjau.ee\/toode\/beaphar-maltotahna-karvapalloja-vastaan-100-g\/"},"modified":"2026-01-07T22:45:45","modified_gmt":"2026-01-07T20:45:45","slug":"beaphar-maltotahna-karvapalloja-vastaan-100-g","status":"publish","type":"product","link":"https:\/\/miumjau.ee\/fi\/tuote\/beaphar-maltotahna-karvapalloja-vastaan-100-g\/","title":{"rendered":"Beaphar maltotahna karvapalloja vastaan 100 g"},"content":{"rendered":"","protected":false},"excerpt":{"rendered":"<p data-start=\"143\" data-end=\"482\">Beaphar-maltostahna on erityinen herkku p\u00e4ivitt\u00e4iseen palkitsemiseen. Maltastahna helpottaa karvapallojen kulkua ruoansulatuskanavassa. Arvokkaat \u00f6ljyt ja rasvat ovat t\u00e4rkeit\u00e4 kissan energiantarpeen t\u00e4ytt\u00e4miseksi. MOS (mannan-oligosakkaridi) tukee tervett\u00e4 suolistobakteeritasapainoa ja kalsium on t\u00e4rke\u00e4 hampaiden ja luuston kehitykselle.<\/p>\n<p data-start=\"484\" data-end=\"501\"><strong data-start=\"484\" data-end=\"501\">Ruokintaohje:<\/strong><\/p>\n<p data-start=\"503\" data-end=\"594\">Pitk\u00e4karvaiset kissat: anna p\u00e4ivitt\u00e4in 6 cm tahnaa, joko ruoan p\u00e4\u00e4lle tai suoraan tuubista.<\/p>\n<p data-start=\"596\" data-end=\"784\">Lyhytkarvaiset kissat: anna p\u00e4ivitt\u00e4in 4 cm tahnaa, joko ruoan p\u00e4\u00e4lle tai suoraan tuubista. Tarvittaessa m\u00e4\u00e4r\u00e4 voidaan kaksinkertaistaa. S\u00e4ilyt\u00e4 viile\u00e4ss\u00e4. Tarjoa aina raikasta juomavett\u00e4.<\/p>\n<p data-start=\"786\" data-end=\"925\"><strong data-start=\"786\" data-end=\"800\">Koostumus:<\/strong> \u00f6ljyt ja rasvat, maito ja maitotuotteet, kasvipohjaiset ainesosat, hiiva, kivenn\u00e4isaineet.<br data-start=\"891\" data-end=\"894\" \/><strong data-start=\"894\" data-end=\"909\">Lis\u00e4aineet:<\/strong> antioksidantit.<\/p>\n<p data-start=\"927\" data-end=\"1246\"><strong data-start=\"927\" data-end=\"954\">Analyyttinen koostumus:<\/strong> raakaproteiini 12 %, raakakuitu 0,24 %, raakarasva 52 %, raakatuhka 3,2 %, kosteus 3,7 %, energiasis\u00e4lt\u00f6 5800 kcal\/kg, kalsium 0,4 %, fosfori 0,33 %, natrium 0,35 %, magnesium 0,033 %, kalium 0,5 %, laktoosi 16 %, vapaat sokerit 5,3 %, omega-6-rasvahapot 23,82 %, omega-3-rasvahapot 3,087 %.<\/p>\n","protected":false},"featured_media":38807,"template":"","meta":[],"product_brand":[],"product_cat":[876],"product_tag":[],"class_list":{"0":"post-47840","1":"product","2":"type-product","3":"status-publish","4":"has-post-thumbnail","6":"product_cat-vitamiinit-ja-lisaravinteet-kissalle","8":"first","9":"instock","10":"taxable","11":"shipping-taxable","12":"purchasable","13":"product-type-simple"},"yoast_head":"<!-- This site is optimized with the Yoast SEO plugin v27.2 - https:\/\/yoast.com\/product\/yoast-seo-wordpress\/ -->\n<title>Beaphar maltotahna karvapalloja vastaan 100 g - MiuMjau<\/title>\n<meta name=\"robots\" content=\"index, follow, max-snippet:-1, max-image-preview:large, max-video-preview:-1\" \/>\n<link rel=\"canonical\" href=\"https:\/\/miumjau.ee\/fi\/tuote\/beaphar-maltotahna-karvapalloja-vastaan-100-g\/\" \/>\n<meta property=\"og:locale\" content=\"fi_FI\" \/>\n<meta property=\"og:type\" content=\"article\" \/>\n<meta property=\"og:title\" content=\"Beaphar maltotahna karvapalloja vastaan 100 g - MiuMjau\" \/>\n<meta property=\"og:description\" content=\"Beaphar-maltostahna on erityinen herkku p\u00e4ivitt\u00e4iseen palkitsemiseen. Maltastahna helpottaa karvapallojen kulkua ruoansulatuskanavassa. Arvokkaat \u00f6ljyt ja rasvat ovat t\u00e4rkeit\u00e4 kissan energiantarpeen t\u00e4ytt\u00e4miseksi. MOS (mannan-oligosakkaridi) tukee tervett\u00e4 suolistobakteeritasapainoa ja kalsium on t\u00e4rke\u00e4 hampaiden ja luuston kehitykselle. Ruokintaohje: Pitk\u00e4karvaiset kissat: anna p\u00e4ivitt\u00e4in 6 cm tahnaa, joko ruoan p\u00e4\u00e4lle tai suoraan tuubista. Lyhytkarvaiset kissat: anna p\u00e4ivitt\u00e4in 4 cm tahnaa, joko ruoan p\u00e4\u00e4lle tai suoraan tuubista. Tarvittaessa m\u00e4\u00e4r\u00e4 voidaan kaksinkertaistaa. S\u00e4ilyt\u00e4 viile\u00e4ss\u00e4. Tarjoa aina raikasta juomavett\u00e4. Koostumus: \u00f6ljyt ja rasvat, maito ja maitotuotteet, kasvipohjaiset ainesosat, hiiva, kivenn\u00e4isaineet.Lis\u00e4aineet: antioksidantit. Analyyttinen koostumus: raakaproteiini 12 %, raakakuitu 0,24 %, raakarasva 52 %, raakatuhka 3,2 %, kosteus 3,7 %, energiasis\u00e4lt\u00f6 5800 kcal\/kg, kalsium 0,4 %, fosfori 0,33 %, natrium 0,35 %, magnesium 0,033 %, kalium 0,5 %, laktoosi 16 %, vapaat sokerit 5,3 %, omega-6-rasvahapot 23,82 %, omega-3-rasvahapot 3,087 %.\" \/>\n<meta property=\"og:url\" content=\"https:\/\/miumjau.ee\/fi\/tuote\/beaphar-maltotahna-karvapalloja-vastaan-100-g\/\" \/>\n<meta property=\"og:site_name\" content=\"MiuMjau\" \/>\n<meta property=\"article:publisher\" content=\"https:\/\/www.facebook.com\/miumjaupood\/\" \/>\n<meta property=\"article:modified_time\" content=\"2026-01-07T20:45:45+00:00\" \/>\n<meta property=\"og:image\" content=\"https:\/\/miumjau.ee\/wp-content\/uploads\/2025\/08\/beaphar-maltoosi-pasta-100g.jpg\" \/>\n\t<meta property=\"og:image:width\" content=\"1200\" \/>\n\t<meta property=\"og:image:height\" content=\"1600\" \/>\n\t<meta property=\"og:image:type\" content=\"image\/jpeg\" \/>\n<meta name=\"twitter:card\" content=\"summary_large_image\" \/>\n<script type=\"application\/ld+json\" class=\"yoast-schema-graph\">{\"@context\":\"https:\/\/schema.org\",\"@graph\":[{\"@type\":\"WebPage\",\"@id\":\"https:\/\/miumjau.ee\/fi\/tuote\/beaphar-maltotahna-karvapalloja-vastaan-100-g\/\",\"url\":\"https:\/\/miumjau.ee\/fi\/tuote\/beaphar-maltotahna-karvapalloja-vastaan-100-g\/\",\"name\":\"Beaphar maltotahna karvapalloja vastaan 100 g - MiuMjau\",\"isPartOf\":{\"@id\":\"https:\/\/miumjau.ee\/#website\"},\"primaryImageOfPage\":{\"@id\":\"https:\/\/miumjau.ee\/fi\/tuote\/beaphar-maltotahna-karvapalloja-vastaan-100-g\/#primaryimage\"},\"image\":{\"@id\":\"https:\/\/miumjau.ee\/fi\/tuote\/beaphar-maltotahna-karvapalloja-vastaan-100-g\/#primaryimage\"},\"thumbnailUrl\":\"https:\/\/miumjau.ee\/wp-content\/uploads\/2025\/08\/beaphar-maltoosi-pasta-100g.jpg\",\"datePublished\":\"2025-08-26T10:30:57+00:00\",\"dateModified\":\"2026-01-07T20:45:45+00:00\",\"breadcrumb\":{\"@id\":\"https:\/\/miumjau.ee\/fi\/tuote\/beaphar-maltotahna-karvapalloja-vastaan-100-g\/#breadcrumb\"},\"inLanguage\":\"fi\",\"potentialAction\":[{\"@type\":\"ReadAction\",\"target\":[\"https:\/\/miumjau.ee\/fi\/tuote\/beaphar-maltotahna-karvapalloja-vastaan-100-g\/\"]}]},{\"@type\":\"ImageObject\",\"inLanguage\":\"fi\",\"@id\":\"https:\/\/miumjau.ee\/fi\/tuote\/beaphar-maltotahna-karvapalloja-vastaan-100-g\/#primaryimage\",\"url\":\"https:\/\/miumjau.ee\/wp-content\/uploads\/2025\/08\/beaphar-maltoosi-pasta-100g.jpg\",\"contentUrl\":\"https:\/\/miumjau.ee\/wp-content\/uploads\/2025\/08\/beaphar-maltoosi-pasta-100g.jpg\",\"width\":1200,\"height\":1600,\"caption\":\"Beaphar maltoosipasta karvapallide vastu 100g\"},{\"@type\":\"BreadcrumbList\",\"@id\":\"https:\/\/miumjau.ee\/fi\/tuote\/beaphar-maltotahna-karvapalloja-vastaan-100-g\/#breadcrumb\",\"itemListElement\":[{\"@type\":\"ListItem\",\"position\":1,\"name\":\"Home\",\"item\":\"https:\/\/miumjau.ee\/fi\/\"},{\"@type\":\"ListItem\",\"position\":2,\"name\":\"Kauppa\",\"item\":\"https:\/\/miumjau.ee\/fi\/kauppa\/\"},{\"@type\":\"ListItem\",\"position\":3,\"name\":\"Beaphar maltotahna karvapalloja vastaan 100 g\"}]},{\"@type\":\"WebSite\",\"@id\":\"https:\/\/miumjau.ee\/#website\",\"url\":\"https:\/\/miumjau.ee\/\",\"name\":\"MiuMjau\",\"description\":\"Kraapimispuud kassidele\",\"publisher\":{\"@id\":\"https:\/\/miumjau.ee\/#organization\"},\"potentialAction\":[{\"@type\":\"SearchAction\",\"target\":{\"@type\":\"EntryPoint\",\"urlTemplate\":\"https:\/\/miumjau.ee\/?s={search_term_string}\"},\"query-input\":{\"@type\":\"PropertyValueSpecification\",\"valueRequired\":true,\"valueName\":\"search_term_string\"}}],\"inLanguage\":\"fi\"},{\"@type\":\"Organization\",\"@id\":\"https:\/\/miumjau.ee\/#organization\",\"name\":\"MiuMjau O\u00dc\",\"url\":\"https:\/\/miumjau.ee\/\",\"logo\":{\"@type\":\"ImageObject\",\"inLanguage\":\"fi\",\"@id\":\"https:\/\/miumjau.ee\/#\/schema\/logo\/image\/\",\"url\":\"https:\/\/miumjau.ee\/wp-content\/uploads\/2022\/04\/MiuMjau-logo-kollane.png\",\"contentUrl\":\"https:\/\/miumjau.ee\/wp-content\/uploads\/2022\/04\/MiuMjau-logo-kollane.png\",\"width\":219,\"height\":100,\"caption\":\"MiuMjau O\u00dc\"},\"image\":{\"@id\":\"https:\/\/miumjau.ee\/#\/schema\/logo\/image\/\"},\"sameAs\":[\"https:\/\/www.facebook.com\/miumjaupood\/\"]}]}<\/script>\n<!-- \/ Yoast SEO plugin. -->","yoast_head_json":{"title":"Beaphar maltotahna karvapalloja vastaan 100 g - MiuMjau","robots":{"index":"index","follow":"follow","max-snippet":"max-snippet:-1","max-image-preview":"max-image-preview:large","max-video-preview":"max-video-preview:-1"},"canonical":"https:\/\/miumjau.ee\/fi\/tuote\/beaphar-maltotahna-karvapalloja-vastaan-100-g\/","og_locale":"fi_FI","og_type":"article","og_title":"Beaphar maltotahna karvapalloja vastaan 100 g - MiuMjau","og_description":"Beaphar-maltostahna on erityinen herkku p\u00e4ivitt\u00e4iseen palkitsemiseen. Maltastahna helpottaa karvapallojen kulkua ruoansulatuskanavassa. Arvokkaat \u00f6ljyt ja rasvat ovat t\u00e4rkeit\u00e4 kissan energiantarpeen t\u00e4ytt\u00e4miseksi. MOS (mannan-oligosakkaridi) tukee tervett\u00e4 suolistobakteeritasapainoa ja kalsium on t\u00e4rke\u00e4 hampaiden ja luuston kehitykselle. Ruokintaohje: Pitk\u00e4karvaiset kissat: anna p\u00e4ivitt\u00e4in 6 cm tahnaa, joko ruoan p\u00e4\u00e4lle tai suoraan tuubista. Lyhytkarvaiset kissat: anna p\u00e4ivitt\u00e4in 4 cm tahnaa, joko ruoan p\u00e4\u00e4lle tai suoraan tuubista. Tarvittaessa m\u00e4\u00e4r\u00e4 voidaan kaksinkertaistaa. S\u00e4ilyt\u00e4 viile\u00e4ss\u00e4. Tarjoa aina raikasta juomavett\u00e4. Koostumus: \u00f6ljyt ja rasvat, maito ja maitotuotteet, kasvipohjaiset ainesosat, hiiva, kivenn\u00e4isaineet.Lis\u00e4aineet: antioksidantit. Analyyttinen koostumus: raakaproteiini 12 %, raakakuitu 0,24 %, raakarasva 52 %, raakatuhka 3,2 %, kosteus 3,7 %, energiasis\u00e4lt\u00f6 5800 kcal\/kg, kalsium 0,4 %, fosfori 0,33 %, natrium 0,35 %, magnesium 0,033 %, kalium 0,5 %, laktoosi 16 %, vapaat sokerit 5,3 %, omega-6-rasvahapot 23,82 %, omega-3-rasvahapot 3,087 %.","og_url":"https:\/\/miumjau.ee\/fi\/tuote\/beaphar-maltotahna-karvapalloja-vastaan-100-g\/","og_site_name":"MiuMjau","article_publisher":"https:\/\/www.facebook.com\/miumjaupood\/","article_modified_time":"2026-01-07T20:45:45+00:00","og_image":[{"width":1200,"height":1600,"url":"https:\/\/miumjau.ee\/wp-content\/uploads\/2025\/08\/beaphar-maltoosi-pasta-100g.jpg","type":"image\/jpeg"}],"twitter_card":"summary_large_image","schema":{"@context":"https:\/\/schema.org","@graph":[{"@type":"WebPage","@id":"https:\/\/miumjau.ee\/fi\/tuote\/beaphar-maltotahna-karvapalloja-vastaan-100-g\/","url":"https:\/\/miumjau.ee\/fi\/tuote\/beaphar-maltotahna-karvapalloja-vastaan-100-g\/","name":"Beaphar maltotahna karvapalloja vastaan 100 g - MiuMjau","isPartOf":{"@id":"https:\/\/miumjau.ee\/#website"},"primaryImageOfPage":{"@id":"https:\/\/miumjau.ee\/fi\/tuote\/beaphar-maltotahna-karvapalloja-vastaan-100-g\/#primaryimage"},"image":{"@id":"https:\/\/miumjau.ee\/fi\/tuote\/beaphar-maltotahna-karvapalloja-vastaan-100-g\/#primaryimage"},"thumbnailUrl":"https:\/\/miumjau.ee\/wp-content\/uploads\/2025\/08\/beaphar-maltoosi-pasta-100g.jpg","datePublished":"2025-08-26T10:30:57+00:00","dateModified":"2026-01-07T20:45:45+00:00","breadcrumb":{"@id":"https:\/\/miumjau.ee\/fi\/tuote\/beaphar-maltotahna-karvapalloja-vastaan-100-g\/#breadcrumb"},"inLanguage":"fi","potentialAction":[{"@type":"ReadAction","target":["https:\/\/miumjau.ee\/fi\/tuote\/beaphar-maltotahna-karvapalloja-vastaan-100-g\/"]}]},{"@type":"ImageObject","inLanguage":"fi","@id":"https:\/\/miumjau.ee\/fi\/tuote\/beaphar-maltotahna-karvapalloja-vastaan-100-g\/#primaryimage","url":"https:\/\/miumjau.ee\/wp-content\/uploads\/2025\/08\/beaphar-maltoosi-pasta-100g.jpg","contentUrl":"https:\/\/miumjau.ee\/wp-content\/uploads\/2025\/08\/beaphar-maltoosi-pasta-100g.jpg","width":1200,"height":1600,"caption":"Beaphar maltoosipasta karvapallide vastu 100g"},{"@type":"BreadcrumbList","@id":"https:\/\/miumjau.ee\/fi\/tuote\/beaphar-maltotahna-karvapalloja-vastaan-100-g\/#breadcrumb","itemListElement":[{"@type":"ListItem","position":1,"name":"Home","item":"https:\/\/miumjau.ee\/fi\/"},{"@type":"ListItem","position":2,"name":"Kauppa","item":"https:\/\/miumjau.ee\/fi\/kauppa\/"},{"@type":"ListItem","position":3,"name":"Beaphar maltotahna karvapalloja vastaan 100 g"}]},{"@type":"WebSite","@id":"https:\/\/miumjau.ee\/#website","url":"https:\/\/miumjau.ee\/","name":"MiuMjau","description":"Kraapimispuud kassidele","publisher":{"@id":"https:\/\/miumjau.ee\/#organization"},"potentialAction":[{"@type":"SearchAction","target":{"@type":"EntryPoint","urlTemplate":"https:\/\/miumjau.ee\/?s={search_term_string}"},"query-input":{"@type":"PropertyValueSpecification","valueRequired":true,"valueName":"search_term_string"}}],"inLanguage":"fi"},{"@type":"Organization","@id":"https:\/\/miumjau.ee\/#organization","name":"MiuMjau O\u00dc","url":"https:\/\/miumjau.ee\/","logo":{"@type":"ImageObject","inLanguage":"fi","@id":"https:\/\/miumjau.ee\/#\/schema\/logo\/image\/","url":"https:\/\/miumjau.ee\/wp-content\/uploads\/2022\/04\/MiuMjau-logo-kollane.png","contentUrl":"https:\/\/miumjau.ee\/wp-content\/uploads\/2022\/04\/MiuMjau-logo-kollane.png","width":219,"height":100,"caption":"MiuMjau O\u00dc"},"image":{"@id":"https:\/\/miumjau.ee\/#\/schema\/logo\/image\/"},"sameAs":["https:\/\/www.facebook.com\/miumjaupood\/"]}]}},"_links":{"self":[{"href":"https:\/\/miumjau.ee\/fi\/wp-json\/wp\/v2\/product\/47840","targetHints":{"allow":["GET"]}}],"collection":[{"href":"https:\/\/miumjau.ee\/fi\/wp-json\/wp\/v2\/product"}],"about":[{"href":"https:\/\/miumjau.ee\/fi\/wp-json\/wp\/v2\/types\/product"}],"wp:featuredmedia":[{"embeddable":true,"href":"https:\/\/miumjau.ee\/fi\/wp-json\/wp\/v2\/media\/38807"}],"wp:attachment":[{"href":"https:\/\/miumjau.ee\/fi\/wp-json\/wp\/v2\/media?parent=47840"}],"wp:term":[{"taxonomy":"product_brand","embeddable":true,"href":"https:\/\/miumjau.ee\/fi\/wp-json\/wp\/v2\/product_brand?post=47840"},{"taxonomy":"product_cat","embeddable":true,"href":"https:\/\/miumjau.ee\/fi\/wp-json\/wp\/v2\/product_cat?post=47840"},{"taxonomy":"product_tag","embeddable":true,"href":"https:\/\/miumjau.ee\/fi\/wp-json\/wp\/v2\/product_tag?post=47840"}],"curies":[{"name":"wp","href":"https:\/\/api.w.org\/{rel}","templated":true}]}}