{"id":47601,"date":"2025-10-27T23:23:20","date_gmt":"2025-10-27T21:23:20","guid":{"rendered":"https:\/\/miumjau.ee\/toode\/leikkikalupallo-villalla-afp-catnip\/"},"modified":"2026-01-07T22:45:45","modified_gmt":"2026-01-07T20:45:45","slug":"leikkikalupallo-villalla-afp-catnip","status":"publish","type":"product","link":"https:\/\/miumjau.ee\/fi\/tuote\/leikkikalupallo-villalla-afp-catnip\/","title":{"rendered":"Leikkikalupallo villalla AFP, Catnip"},"content":{"rendered":"","protected":false},"excerpt":{"rendered":"<p data-start=\"585\" data-end=\"804\">T\u00e4m\u00e4 villa-lelu stimuloi kissan saalistusvietti\u00e4 ja kutsuu leikkim\u00e4\u00e4n! Siihen on kiinnitetty sulkia, ja jokainen liike tuottaa linnun \u00e4\u00e4nen. Lis\u00e4ksi lelu on t\u00e4ytetty catnipill\u00e4 \u2013 mik\u00e4 tekee leikeist\u00e4 erityisen villi\u00e4!<\/p>\n<p data-start=\"806\" data-end=\"876\">Pallot ovat eri v\u00e4rivaihtoehdoissa, ja ostaja saa satunnaisen v\u00e4rin.<\/p>\n<p data-start=\"878\" data-end=\"919\">Lelun likim\u00e4\u00e4r\u00e4iset mitat: 5 x 5 x 3 cm<\/p>\n<p data-start=\"921\" data-end=\"939\">Saatavilla heti!<\/p>\n","protected":false},"featured_media":47235,"template":"","meta":[],"product_brand":[],"product_cat":[258,261],"product_tag":[],"class_list":{"0":"post-47601","1":"product","2":"type-product","3":"status-publish","4":"has-post-thumbnail","6":"product_cat-lelut-muut","7":"product_cat-lelut","9":"first","10":"instock","11":"purchasable","12":"product-type-simple"},"yoast_head":"<!-- This site is optimized with the Yoast SEO plugin v27.2 - https:\/\/yoast.com\/product\/yoast-seo-wordpress\/ -->\n<title>Leikkikalupallo villalla AFP, Catnip - MiuMjau<\/title>\n<meta name=\"robots\" content=\"index, follow, max-snippet:-1, max-image-preview:large, max-video-preview:-1\" \/>\n<link rel=\"canonical\" href=\"https:\/\/miumjau.ee\/fi\/tuote\/leikkikalupallo-villalla-afp-catnip\/\" \/>\n<meta property=\"og:locale\" content=\"fi_FI\" \/>\n<meta property=\"og:type\" content=\"article\" \/>\n<meta property=\"og:title\" content=\"Leikkikalupallo villalla AFP, Catnip - MiuMjau\" \/>\n<meta property=\"og:description\" content=\"T\u00e4m\u00e4 villa-lelu stimuloi kissan saalistusvietti\u00e4 ja kutsuu leikkim\u00e4\u00e4n! Siihen on kiinnitetty sulkia, ja jokainen liike tuottaa linnun \u00e4\u00e4nen. Lis\u00e4ksi lelu on t\u00e4ytetty catnipill\u00e4 \u2013 mik\u00e4 tekee leikeist\u00e4 erityisen villi\u00e4! Pallot ovat eri v\u00e4rivaihtoehdoissa, ja ostaja saa satunnaisen v\u00e4rin. Lelun likim\u00e4\u00e4r\u00e4iset mitat: 5 x 5 x 3 cm Saatavilla heti!\" \/>\n<meta property=\"og:url\" content=\"https:\/\/miumjau.ee\/fi\/tuote\/leikkikalupallo-villalla-afp-catnip\/\" \/>\n<meta property=\"og:site_name\" content=\"MiuMjau\" \/>\n<meta property=\"article:publisher\" content=\"https:\/\/www.facebook.com\/miumjaupood\/\" \/>\n<meta property=\"article:modified_time\" content=\"2026-01-07T20:45:45+00:00\" \/>\n<meta property=\"og:image\" content=\"https:\/\/miumjau.ee\/wp-content\/uploads\/2025\/10\/manguasi-kassile-afp-pall3.jpg\" \/>\n\t<meta property=\"og:image:width\" content=\"600\" \/>\n\t<meta property=\"og:image:height\" content=\"800\" \/>\n\t<meta property=\"og:image:type\" content=\"image\/jpeg\" \/>\n<meta name=\"twitter:card\" content=\"summary_large_image\" \/>\n<script type=\"application\/ld+json\" class=\"yoast-schema-graph\">{\"@context\":\"https:\/\/schema.org\",\"@graph\":[{\"@type\":\"WebPage\",\"@id\":\"https:\/\/miumjau.ee\/fi\/tuote\/leikkikalupallo-villalla-afp-catnip\/\",\"url\":\"https:\/\/miumjau.ee\/fi\/tuote\/leikkikalupallo-villalla-afp-catnip\/\",\"name\":\"Leikkikalupallo villalla AFP, Catnip - MiuMjau\",\"isPartOf\":{\"@id\":\"https:\/\/miumjau.ee\/#website\"},\"primaryImageOfPage\":{\"@id\":\"https:\/\/miumjau.ee\/fi\/tuote\/leikkikalupallo-villalla-afp-catnip\/#primaryimage\"},\"image\":{\"@id\":\"https:\/\/miumjau.ee\/fi\/tuote\/leikkikalupallo-villalla-afp-catnip\/#primaryimage\"},\"thumbnailUrl\":\"https:\/\/miumjau.ee\/wp-content\/uploads\/2025\/10\/manguasi-kassile-afp-pall3.jpg\",\"datePublished\":\"2025-10-27T21:23:20+00:00\",\"dateModified\":\"2026-01-07T20:45:45+00:00\",\"breadcrumb\":{\"@id\":\"https:\/\/miumjau.ee\/fi\/tuote\/leikkikalupallo-villalla-afp-catnip\/#breadcrumb\"},\"inLanguage\":\"fi\",\"potentialAction\":[{\"@type\":\"ReadAction\",\"target\":[\"https:\/\/miumjau.ee\/fi\/tuote\/leikkikalupallo-villalla-afp-catnip\/\"]}]},{\"@type\":\"ImageObject\",\"inLanguage\":\"fi\",\"@id\":\"https:\/\/miumjau.ee\/fi\/tuote\/leikkikalupallo-villalla-afp-catnip\/#primaryimage\",\"url\":\"https:\/\/miumjau.ee\/wp-content\/uploads\/2025\/10\/manguasi-kassile-afp-pall3.jpg\",\"contentUrl\":\"https:\/\/miumjau.ee\/wp-content\/uploads\/2025\/10\/manguasi-kassile-afp-pall3.jpg\",\"width\":600,\"height\":800,\"caption\":\"AFP m\u00e4nguasi pallike catnipiga\"},{\"@type\":\"BreadcrumbList\",\"@id\":\"https:\/\/miumjau.ee\/fi\/tuote\/leikkikalupallo-villalla-afp-catnip\/#breadcrumb\",\"itemListElement\":[{\"@type\":\"ListItem\",\"position\":1,\"name\":\"Home\",\"item\":\"https:\/\/miumjau.ee\/fi\/\"},{\"@type\":\"ListItem\",\"position\":2,\"name\":\"Kauppa\",\"item\":\"https:\/\/miumjau.ee\/fi\/kauppa\/\"},{\"@type\":\"ListItem\",\"position\":3,\"name\":\"Leikkikalupallo villalla AFP, Catnip\"}]},{\"@type\":\"WebSite\",\"@id\":\"https:\/\/miumjau.ee\/#website\",\"url\":\"https:\/\/miumjau.ee\/\",\"name\":\"MiuMjau\",\"description\":\"Kraapimispuud kassidele\",\"publisher\":{\"@id\":\"https:\/\/miumjau.ee\/#organization\"},\"potentialAction\":[{\"@type\":\"SearchAction\",\"target\":{\"@type\":\"EntryPoint\",\"urlTemplate\":\"https:\/\/miumjau.ee\/?s={search_term_string}\"},\"query-input\":{\"@type\":\"PropertyValueSpecification\",\"valueRequired\":true,\"valueName\":\"search_term_string\"}}],\"inLanguage\":\"fi\"},{\"@type\":\"Organization\",\"@id\":\"https:\/\/miumjau.ee\/#organization\",\"name\":\"MiuMjau O\u00dc\",\"url\":\"https:\/\/miumjau.ee\/\",\"logo\":{\"@type\":\"ImageObject\",\"inLanguage\":\"fi\",\"@id\":\"https:\/\/miumjau.ee\/#\/schema\/logo\/image\/\",\"url\":\"https:\/\/miumjau.ee\/wp-content\/uploads\/2022\/04\/MiuMjau-logo-kollane.png\",\"contentUrl\":\"https:\/\/miumjau.ee\/wp-content\/uploads\/2022\/04\/MiuMjau-logo-kollane.png\",\"width\":219,\"height\":100,\"caption\":\"MiuMjau O\u00dc\"},\"image\":{\"@id\":\"https:\/\/miumjau.ee\/#\/schema\/logo\/image\/\"},\"sameAs\":[\"https:\/\/www.facebook.com\/miumjaupood\/\"]}]}<\/script>\n<!-- \/ Yoast SEO plugin. -->","yoast_head_json":{"title":"Leikkikalupallo villalla AFP, Catnip - MiuMjau","robots":{"index":"index","follow":"follow","max-snippet":"max-snippet:-1","max-image-preview":"max-image-preview:large","max-video-preview":"max-video-preview:-1"},"canonical":"https:\/\/miumjau.ee\/fi\/tuote\/leikkikalupallo-villalla-afp-catnip\/","og_locale":"fi_FI","og_type":"article","og_title":"Leikkikalupallo villalla AFP, Catnip - MiuMjau","og_description":"T\u00e4m\u00e4 villa-lelu stimuloi kissan saalistusvietti\u00e4 ja kutsuu leikkim\u00e4\u00e4n! Siihen on kiinnitetty sulkia, ja jokainen liike tuottaa linnun \u00e4\u00e4nen. Lis\u00e4ksi lelu on t\u00e4ytetty catnipill\u00e4 \u2013 mik\u00e4 tekee leikeist\u00e4 erityisen villi\u00e4! Pallot ovat eri v\u00e4rivaihtoehdoissa, ja ostaja saa satunnaisen v\u00e4rin. Lelun likim\u00e4\u00e4r\u00e4iset mitat: 5 x 5 x 3 cm Saatavilla heti!","og_url":"https:\/\/miumjau.ee\/fi\/tuote\/leikkikalupallo-villalla-afp-catnip\/","og_site_name":"MiuMjau","article_publisher":"https:\/\/www.facebook.com\/miumjaupood\/","article_modified_time":"2026-01-07T20:45:45+00:00","og_image":[{"width":600,"height":800,"url":"https:\/\/miumjau.ee\/wp-content\/uploads\/2025\/10\/manguasi-kassile-afp-pall3.jpg","type":"image\/jpeg"}],"twitter_card":"summary_large_image","schema":{"@context":"https:\/\/schema.org","@graph":[{"@type":"WebPage","@id":"https:\/\/miumjau.ee\/fi\/tuote\/leikkikalupallo-villalla-afp-catnip\/","url":"https:\/\/miumjau.ee\/fi\/tuote\/leikkikalupallo-villalla-afp-catnip\/","name":"Leikkikalupallo villalla AFP, Catnip - MiuMjau","isPartOf":{"@id":"https:\/\/miumjau.ee\/#website"},"primaryImageOfPage":{"@id":"https:\/\/miumjau.ee\/fi\/tuote\/leikkikalupallo-villalla-afp-catnip\/#primaryimage"},"image":{"@id":"https:\/\/miumjau.ee\/fi\/tuote\/leikkikalupallo-villalla-afp-catnip\/#primaryimage"},"thumbnailUrl":"https:\/\/miumjau.ee\/wp-content\/uploads\/2025\/10\/manguasi-kassile-afp-pall3.jpg","datePublished":"2025-10-27T21:23:20+00:00","dateModified":"2026-01-07T20:45:45+00:00","breadcrumb":{"@id":"https:\/\/miumjau.ee\/fi\/tuote\/leikkikalupallo-villalla-afp-catnip\/#breadcrumb"},"inLanguage":"fi","potentialAction":[{"@type":"ReadAction","target":["https:\/\/miumjau.ee\/fi\/tuote\/leikkikalupallo-villalla-afp-catnip\/"]}]},{"@type":"ImageObject","inLanguage":"fi","@id":"https:\/\/miumjau.ee\/fi\/tuote\/leikkikalupallo-villalla-afp-catnip\/#primaryimage","url":"https:\/\/miumjau.ee\/wp-content\/uploads\/2025\/10\/manguasi-kassile-afp-pall3.jpg","contentUrl":"https:\/\/miumjau.ee\/wp-content\/uploads\/2025\/10\/manguasi-kassile-afp-pall3.jpg","width":600,"height":800,"caption":"AFP m\u00e4nguasi pallike catnipiga"},{"@type":"BreadcrumbList","@id":"https:\/\/miumjau.ee\/fi\/tuote\/leikkikalupallo-villalla-afp-catnip\/#breadcrumb","itemListElement":[{"@type":"ListItem","position":1,"name":"Home","item":"https:\/\/miumjau.ee\/fi\/"},{"@type":"ListItem","position":2,"name":"Kauppa","item":"https:\/\/miumjau.ee\/fi\/kauppa\/"},{"@type":"ListItem","position":3,"name":"Leikkikalupallo villalla AFP, Catnip"}]},{"@type":"WebSite","@id":"https:\/\/miumjau.ee\/#website","url":"https:\/\/miumjau.ee\/","name":"MiuMjau","description":"Kraapimispuud kassidele","publisher":{"@id":"https:\/\/miumjau.ee\/#organization"},"potentialAction":[{"@type":"SearchAction","target":{"@type":"EntryPoint","urlTemplate":"https:\/\/miumjau.ee\/?s={search_term_string}"},"query-input":{"@type":"PropertyValueSpecification","valueRequired":true,"valueName":"search_term_string"}}],"inLanguage":"fi"},{"@type":"Organization","@id":"https:\/\/miumjau.ee\/#organization","name":"MiuMjau O\u00dc","url":"https:\/\/miumjau.ee\/","logo":{"@type":"ImageObject","inLanguage":"fi","@id":"https:\/\/miumjau.ee\/#\/schema\/logo\/image\/","url":"https:\/\/miumjau.ee\/wp-content\/uploads\/2022\/04\/MiuMjau-logo-kollane.png","contentUrl":"https:\/\/miumjau.ee\/wp-content\/uploads\/2022\/04\/MiuMjau-logo-kollane.png","width":219,"height":100,"caption":"MiuMjau O\u00dc"},"image":{"@id":"https:\/\/miumjau.ee\/#\/schema\/logo\/image\/"},"sameAs":["https:\/\/www.facebook.com\/miumjaupood\/"]}]}},"_links":{"self":[{"href":"https:\/\/miumjau.ee\/fi\/wp-json\/wp\/v2\/product\/47601","targetHints":{"allow":["GET"]}}],"collection":[{"href":"https:\/\/miumjau.ee\/fi\/wp-json\/wp\/v2\/product"}],"about":[{"href":"https:\/\/miumjau.ee\/fi\/wp-json\/wp\/v2\/types\/product"}],"wp:featuredmedia":[{"embeddable":true,"href":"https:\/\/miumjau.ee\/fi\/wp-json\/wp\/v2\/media\/47235"}],"wp:attachment":[{"href":"https:\/\/miumjau.ee\/fi\/wp-json\/wp\/v2\/media?parent=47601"}],"wp:term":[{"taxonomy":"product_brand","embeddable":true,"href":"https:\/\/miumjau.ee\/fi\/wp-json\/wp\/v2\/product_brand?post=47601"},{"taxonomy":"product_cat","embeddable":true,"href":"https:\/\/miumjau.ee\/fi\/wp-json\/wp\/v2\/product_cat?post=47601"},{"taxonomy":"product_tag","embeddable":true,"href":"https:\/\/miumjau.ee\/fi\/wp-json\/wp\/v2\/product_tag?post=47601"}],"curies":[{"name":"wp","href":"https:\/\/api.w.org\/{rel}","templated":true}]}}