{"id":47588,"date":"2025-11-10T20:40:46","date_gmt":"2025-11-10T18:40:46","guid":{"rendered":"https:\/\/miumjau.ee\/toode\/beaphar-flexifit-herkut-nivelten-hyvinvointiin-150-g\/"},"modified":"2026-01-07T22:45:45","modified_gmt":"2026-01-07T20:45:45","slug":"beaphar-flexifit-herkut-nivelten-hyvinvointiin-150-g","status":"publish","type":"product","link":"https:\/\/miumjau.ee\/fi\/tuote\/beaphar-flexifit-herkut-nivelten-hyvinvointiin-150-g\/","title":{"rendered":"Beaphar Flexifit herkut nivelten hyvinvointiin 150 g"},"content":{"rendered":"","protected":false},"excerpt":{"rendered":"<p data-start=\"1495\" data-end=\"1711\">Maukas herkku koirille, joiden nivelten liikkuvuus on normaali, mutta joita halutaan pit\u00e4\u00e4 aktiivisina ja ketterin\u00e4. Tuote tukee joustavien nivelten ja vahvojen luiden s\u00e4ilymist\u00e4 ja auttaa koiria liikkumaan vapaasti.<\/p>\n<p data-start=\"1713\" data-end=\"1740\"><strong data-start=\"1713\" data-end=\"1740\">Keskeiset ominaisuudet:<\/strong><\/p>\n<ul data-start=\"1742\" data-end=\"1939\">\n<li data-start=\"1742\" data-end=\"1787\">\n<p data-start=\"1744\" data-end=\"1787\">Tukee joustavia niveli\u00e4 ja vahvoja luita.<\/p>\n<\/li>\n<li data-start=\"1788\" data-end=\"1850\">\n<p data-start=\"1790\" data-end=\"1850\">Auttaa koiria pysym\u00e4\u00e4n aktiivisina ja liikkumaan vapaasti.<\/p>\n<\/li>\n<li data-start=\"1851\" data-end=\"1939\">\n<p data-start=\"1853\" data-end=\"1939\">Monivaikutteinen koostumus, sis\u00e4lt\u00e4\u00e4 omega-3-rasvahappoja, glukosamiinia ja kalsiumia.<\/p>\n<\/li>\n<\/ul>\n<p data-start=\"1941\" data-end=\"1956\"><strong data-start=\"1941\" data-end=\"1956\">K\u00e4ytt\u00f6ohje:<\/strong><\/p>\n<ul data-start=\"1958\" data-end=\"2087\">\n<li data-start=\"1958\" data-end=\"2002\">\n<p data-start=\"1960\" data-end=\"2002\">Koirat alle 15 kg: 2\u20134 herkkua p\u00e4iv\u00e4ss\u00e4.<\/p>\n<\/li>\n<li data-start=\"2003\" data-end=\"2045\">\n<p data-start=\"2005\" data-end=\"2045\">Koirat 15\u201330 kg: 4\u20138 herkkua p\u00e4iv\u00e4ss\u00e4.<\/p>\n<\/li>\n<li data-start=\"2046\" data-end=\"2087\">\n<p data-start=\"2048\" data-end=\"2087\">Koirat yli 30 kg: 8 herkkua p\u00e4iv\u00e4ss\u00e4.<\/p>\n<\/li>\n<\/ul>\n<p data-start=\"2089\" data-end=\"2181\">Koiralla tulee aina olla puhdasta juomavett\u00e4 saatavilla. Ei sovi alle 1-vuotiaille koirille.<\/p>\n<p data-start=\"2183\" data-end=\"2413\"><strong data-start=\"2183\" data-end=\"2197\">Ainesosat:<\/strong> viljat; kasvisper\u00e4iset tuotteet; liha- ja el\u00e4inper\u00e4iset tuotteet (kana 5,52 %); mineraalit (trikalsiumfosfaatti 4,02 %); nilvi\u00e4iset ja \u00e4yri\u00e4iset (D-glukosamiinihydrokloridi 4,02 %); \u00f6ljyt ja rasvat (lohi\u00f6ljy 1,5 %).<\/p>\n<p data-start=\"2415\" data-end=\"2503\"><strong data-start=\"2415\" data-end=\"2433\">Analyysiarvot:<\/strong> proteiini 9 %, rasva 5,5 %, kuitu 0,2 %, tuhka 1,7 %, kosteus 22,5 %.<\/p>\n<p data-start=\"2505\" data-end=\"2655\"><strong data-start=\"2505\" data-end=\"2518\">S\u00e4ilytys:<\/strong> S\u00e4ilyt\u00e4 viile\u00e4ss\u00e4, kuivassa ja valolta suojattuna. Alkuper\u00e4ispakkauksessa, tiiviisti suljettuna. K\u00e4yt\u00e4 3 kuukauden kuluessa avaamisesta.<\/p>\n<p data-start=\"2657\" data-end=\"2846\"><strong data-start=\"2657\" data-end=\"2673\">Soveltuvuus:<\/strong> Sopii aikuisille koirille (yli 1-vuotiaille), joiden nivelten liikkuvuutta halutaan tukea ennaltaehk\u00e4isev\u00e4sti tai yll\u00e4pit\u00e4v\u00e4sti. Ei korvaa el\u00e4inl\u00e4\u00e4k\u00e4rin neuvoja tai hoitoa.<\/p>\n","protected":false},"featured_media":44250,"template":"","meta":[],"product_brand":[],"product_cat":[480,869],"product_tag":[],"class_list":{"0":"post-47588","1":"product","2":"type-product","3":"status-publish","4":"has-post-thumbnail","6":"product_cat-herkut-koirille","7":"product_cat-ravintolisat-koirille","9":"first","10":"instock","11":"sale","12":"taxable","13":"shipping-taxable","14":"purchasable","15":"product-type-simple"},"yoast_head":"<!-- This site is optimized with the Yoast SEO plugin v27.4 - https:\/\/yoast.com\/product\/yoast-seo-wordpress\/ -->\n<title>Beaphar Flexifit herkut nivelten hyvinvointiin 150 g - MiuMjau<\/title>\n<meta name=\"robots\" content=\"index, follow, max-snippet:-1, max-image-preview:large, max-video-preview:-1\" \/>\n<link rel=\"canonical\" href=\"https:\/\/miumjau.ee\/fi\/tuote\/beaphar-flexifit-herkut-nivelten-hyvinvointiin-150-g\/\" \/>\n<meta property=\"og:locale\" content=\"fi_FI\" \/>\n<meta property=\"og:type\" content=\"article\" \/>\n<meta property=\"og:title\" content=\"Beaphar Flexifit herkut nivelten hyvinvointiin 150 g - MiuMjau\" \/>\n<meta property=\"og:description\" content=\"Maukas herkku koirille, joiden nivelten liikkuvuus on normaali, mutta joita halutaan pit\u00e4\u00e4 aktiivisina ja ketterin\u00e4. Tuote tukee joustavien nivelten ja vahvojen luiden s\u00e4ilymist\u00e4 ja auttaa koiria liikkumaan vapaasti. Keskeiset ominaisuudet:     Tukee joustavia niveli\u00e4 ja vahvoja luita.    Auttaa koiria pysym\u00e4\u00e4n aktiivisina ja liikkumaan vapaasti.    Monivaikutteinen koostumus, sis\u00e4lt\u00e4\u00e4 omega-3-rasvahappoja, glukosamiinia ja kalsiumia.   K\u00e4ytt\u00f6ohje:     Koirat alle 15 kg: 2\u20134 herkkua p\u00e4iv\u00e4ss\u00e4.    Koirat 15\u201330 kg: 4\u20138 herkkua p\u00e4iv\u00e4ss\u00e4.    Koirat yli 30 kg: 8 herkkua p\u00e4iv\u00e4ss\u00e4.   Koiralla tulee aina olla puhdasta juomavett\u00e4 saatavilla. Ei sovi alle 1-vuotiaille koirille. Ainesosat: viljat; kasvisper\u00e4iset tuotteet; liha- ja el\u00e4inper\u00e4iset tuotteet (kana 5,52 %); mineraalit (trikalsiumfosfaatti 4,02 %); nilvi\u00e4iset ja \u00e4yri\u00e4iset (D-glukosamiinihydrokloridi 4,02 %); \u00f6ljyt ja rasvat (lohi\u00f6ljy 1,5 %). Analyysiarvot: proteiini 9 %, rasva 5,5 %, kuitu 0,2 %, tuhka 1,7 %, kosteus 22,5 %. S\u00e4ilytys: S\u00e4ilyt\u00e4 viile\u00e4ss\u00e4, kuivassa ja valolta suojattuna. Alkuper\u00e4ispakkauksessa, tiiviisti suljettuna. K\u00e4yt\u00e4 3 kuukauden kuluessa avaamisesta. Soveltuvuus: Sopii aikuisille koirille (yli 1-vuotiaille), joiden nivelten liikkuvuutta halutaan tukea ennaltaehk\u00e4isev\u00e4sti tai yll\u00e4pit\u00e4v\u00e4sti. Ei korvaa el\u00e4inl\u00e4\u00e4k\u00e4rin neuvoja tai hoitoa.\" \/>\n<meta property=\"og:url\" content=\"https:\/\/miumjau.ee\/fi\/tuote\/beaphar-flexifit-herkut-nivelten-hyvinvointiin-150-g\/\" \/>\n<meta property=\"og:site_name\" content=\"MiuMjau\" \/>\n<meta property=\"article:publisher\" content=\"https:\/\/www.facebook.com\/miumjaupood\/\" \/>\n<meta property=\"article:modified_time\" content=\"2026-01-07T20:45:45+00:00\" \/>\n<meta property=\"og:image\" content=\"https:\/\/miumjau.ee\/wp-content\/uploads\/2025\/11\/beaphar-flexifit-treats3-Photoroom.jpg\" \/>\n\t<meta property=\"og:image:width\" content=\"600\" \/>\n\t<meta property=\"og:image:height\" content=\"800\" \/>\n\t<meta property=\"og:image:type\" content=\"image\/jpeg\" \/>\n<meta name=\"twitter:card\" content=\"summary_large_image\" \/>\n<script type=\"application\/ld+json\" class=\"yoast-schema-graph\">{\"@context\":\"https:\\\/\\\/schema.org\",\"@graph\":[{\"@type\":\"WebPage\",\"@id\":\"https:\\\/\\\/miumjau.ee\\\/fi\\\/tuote\\\/beaphar-flexifit-herkut-nivelten-hyvinvointiin-150-g\\\/\",\"url\":\"https:\\\/\\\/miumjau.ee\\\/fi\\\/tuote\\\/beaphar-flexifit-herkut-nivelten-hyvinvointiin-150-g\\\/\",\"name\":\"Beaphar Flexifit herkut nivelten hyvinvointiin 150 g - MiuMjau\",\"isPartOf\":{\"@id\":\"https:\\\/\\\/miumjau.ee\\\/#website\"},\"primaryImageOfPage\":{\"@id\":\"https:\\\/\\\/miumjau.ee\\\/fi\\\/tuote\\\/beaphar-flexifit-herkut-nivelten-hyvinvointiin-150-g\\\/#primaryimage\"},\"image\":{\"@id\":\"https:\\\/\\\/miumjau.ee\\\/fi\\\/tuote\\\/beaphar-flexifit-herkut-nivelten-hyvinvointiin-150-g\\\/#primaryimage\"},\"thumbnailUrl\":\"https:\\\/\\\/miumjau.ee\\\/wp-content\\\/uploads\\\/2025\\\/11\\\/beaphar-flexifit-treats3-Photoroom.jpg\",\"datePublished\":\"2025-11-10T18:40:46+00:00\",\"dateModified\":\"2026-01-07T20:45:45+00:00\",\"breadcrumb\":{\"@id\":\"https:\\\/\\\/miumjau.ee\\\/fi\\\/tuote\\\/beaphar-flexifit-herkut-nivelten-hyvinvointiin-150-g\\\/#breadcrumb\"},\"inLanguage\":\"fi\",\"potentialAction\":[{\"@type\":\"ReadAction\",\"target\":[\"https:\\\/\\\/miumjau.ee\\\/fi\\\/tuote\\\/beaphar-flexifit-herkut-nivelten-hyvinvointiin-150-g\\\/\"]}]},{\"@type\":\"ImageObject\",\"inLanguage\":\"fi\",\"@id\":\"https:\\\/\\\/miumjau.ee\\\/fi\\\/tuote\\\/beaphar-flexifit-herkut-nivelten-hyvinvointiin-150-g\\\/#primaryimage\",\"url\":\"https:\\\/\\\/miumjau.ee\\\/wp-content\\\/uploads\\\/2025\\\/11\\\/beaphar-flexifit-treats3-Photoroom.jpg\",\"contentUrl\":\"https:\\\/\\\/miumjau.ee\\\/wp-content\\\/uploads\\\/2025\\\/11\\\/beaphar-flexifit-treats3-Photoroom.jpg\",\"width\":600,\"height\":800,\"caption\":\"Beaphar Flexifit toidulisand koertele\"},{\"@type\":\"BreadcrumbList\",\"@id\":\"https:\\\/\\\/miumjau.ee\\\/fi\\\/tuote\\\/beaphar-flexifit-herkut-nivelten-hyvinvointiin-150-g\\\/#breadcrumb\",\"itemListElement\":[{\"@type\":\"ListItem\",\"position\":1,\"name\":\"Home\",\"item\":\"https:\\\/\\\/miumjau.ee\\\/fi\\\/\"},{\"@type\":\"ListItem\",\"position\":2,\"name\":\"Kauppa\",\"item\":\"https:\\\/\\\/miumjau.ee\\\/fi\\\/kauppa\\\/\"},{\"@type\":\"ListItem\",\"position\":3,\"name\":\"Beaphar Flexifit herkut nivelten hyvinvointiin 150 g\"}]},{\"@type\":\"WebSite\",\"@id\":\"https:\\\/\\\/miumjau.ee\\\/#website\",\"url\":\"https:\\\/\\\/miumjau.ee\\\/\",\"name\":\"MiuMjau\",\"description\":\"Kraapimispuud kassidele\",\"publisher\":{\"@id\":\"https:\\\/\\\/miumjau.ee\\\/#organization\"},\"potentialAction\":[{\"@type\":\"SearchAction\",\"target\":{\"@type\":\"EntryPoint\",\"urlTemplate\":\"https:\\\/\\\/miumjau.ee\\\/?s={search_term_string}\"},\"query-input\":{\"@type\":\"PropertyValueSpecification\",\"valueRequired\":true,\"valueName\":\"search_term_string\"}}],\"inLanguage\":\"fi\"},{\"@type\":\"Organization\",\"@id\":\"https:\\\/\\\/miumjau.ee\\\/#organization\",\"name\":\"MiuMjau O\u00dc\",\"url\":\"https:\\\/\\\/miumjau.ee\\\/\",\"logo\":{\"@type\":\"ImageObject\",\"inLanguage\":\"fi\",\"@id\":\"https:\\\/\\\/miumjau.ee\\\/#\\\/schema\\\/logo\\\/image\\\/\",\"url\":\"https:\\\/\\\/miumjau.ee\\\/wp-content\\\/uploads\\\/2022\\\/04\\\/MiuMjau-logo-kollane.png\",\"contentUrl\":\"https:\\\/\\\/miumjau.ee\\\/wp-content\\\/uploads\\\/2022\\\/04\\\/MiuMjau-logo-kollane.png\",\"width\":219,\"height\":100,\"caption\":\"MiuMjau O\u00dc\"},\"image\":{\"@id\":\"https:\\\/\\\/miumjau.ee\\\/#\\\/schema\\\/logo\\\/image\\\/\"},\"sameAs\":[\"https:\\\/\\\/www.facebook.com\\\/miumjaupood\\\/\"]}]}<\/script>\n<!-- \/ Yoast SEO plugin. -->","yoast_head_json":{"title":"Beaphar Flexifit herkut nivelten hyvinvointiin 150 g - MiuMjau","robots":{"index":"index","follow":"follow","max-snippet":"max-snippet:-1","max-image-preview":"max-image-preview:large","max-video-preview":"max-video-preview:-1"},"canonical":"https:\/\/miumjau.ee\/fi\/tuote\/beaphar-flexifit-herkut-nivelten-hyvinvointiin-150-g\/","og_locale":"fi_FI","og_type":"article","og_title":"Beaphar Flexifit herkut nivelten hyvinvointiin 150 g - MiuMjau","og_description":"Maukas herkku koirille, joiden nivelten liikkuvuus on normaali, mutta joita halutaan pit\u00e4\u00e4 aktiivisina ja ketterin\u00e4. Tuote tukee joustavien nivelten ja vahvojen luiden s\u00e4ilymist\u00e4 ja auttaa koiria liikkumaan vapaasti. Keskeiset ominaisuudet:     Tukee joustavia niveli\u00e4 ja vahvoja luita.    Auttaa koiria pysym\u00e4\u00e4n aktiivisina ja liikkumaan vapaasti.    Monivaikutteinen koostumus, sis\u00e4lt\u00e4\u00e4 omega-3-rasvahappoja, glukosamiinia ja kalsiumia.   K\u00e4ytt\u00f6ohje:     Koirat alle 15 kg: 2\u20134 herkkua p\u00e4iv\u00e4ss\u00e4.    Koirat 15\u201330 kg: 4\u20138 herkkua p\u00e4iv\u00e4ss\u00e4.    Koirat yli 30 kg: 8 herkkua p\u00e4iv\u00e4ss\u00e4.   Koiralla tulee aina olla puhdasta juomavett\u00e4 saatavilla. Ei sovi alle 1-vuotiaille koirille. Ainesosat: viljat; kasvisper\u00e4iset tuotteet; liha- ja el\u00e4inper\u00e4iset tuotteet (kana 5,52 %); mineraalit (trikalsiumfosfaatti 4,02 %); nilvi\u00e4iset ja \u00e4yri\u00e4iset (D-glukosamiinihydrokloridi 4,02 %); \u00f6ljyt ja rasvat (lohi\u00f6ljy 1,5 %). Analyysiarvot: proteiini 9 %, rasva 5,5 %, kuitu 0,2 %, tuhka 1,7 %, kosteus 22,5 %. S\u00e4ilytys: S\u00e4ilyt\u00e4 viile\u00e4ss\u00e4, kuivassa ja valolta suojattuna. Alkuper\u00e4ispakkauksessa, tiiviisti suljettuna. K\u00e4yt\u00e4 3 kuukauden kuluessa avaamisesta. Soveltuvuus: Sopii aikuisille koirille (yli 1-vuotiaille), joiden nivelten liikkuvuutta halutaan tukea ennaltaehk\u00e4isev\u00e4sti tai yll\u00e4pit\u00e4v\u00e4sti. Ei korvaa el\u00e4inl\u00e4\u00e4k\u00e4rin neuvoja tai hoitoa.","og_url":"https:\/\/miumjau.ee\/fi\/tuote\/beaphar-flexifit-herkut-nivelten-hyvinvointiin-150-g\/","og_site_name":"MiuMjau","article_publisher":"https:\/\/www.facebook.com\/miumjaupood\/","article_modified_time":"2026-01-07T20:45:45+00:00","og_image":[{"width":600,"height":800,"url":"https:\/\/miumjau.ee\/wp-content\/uploads\/2025\/11\/beaphar-flexifit-treats3-Photoroom.jpg","type":"image\/jpeg"}],"twitter_card":"summary_large_image","schema":{"@context":"https:\/\/schema.org","@graph":[{"@type":"WebPage","@id":"https:\/\/miumjau.ee\/fi\/tuote\/beaphar-flexifit-herkut-nivelten-hyvinvointiin-150-g\/","url":"https:\/\/miumjau.ee\/fi\/tuote\/beaphar-flexifit-herkut-nivelten-hyvinvointiin-150-g\/","name":"Beaphar Flexifit herkut nivelten hyvinvointiin 150 g - MiuMjau","isPartOf":{"@id":"https:\/\/miumjau.ee\/#website"},"primaryImageOfPage":{"@id":"https:\/\/miumjau.ee\/fi\/tuote\/beaphar-flexifit-herkut-nivelten-hyvinvointiin-150-g\/#primaryimage"},"image":{"@id":"https:\/\/miumjau.ee\/fi\/tuote\/beaphar-flexifit-herkut-nivelten-hyvinvointiin-150-g\/#primaryimage"},"thumbnailUrl":"https:\/\/miumjau.ee\/wp-content\/uploads\/2025\/11\/beaphar-flexifit-treats3-Photoroom.jpg","datePublished":"2025-11-10T18:40:46+00:00","dateModified":"2026-01-07T20:45:45+00:00","breadcrumb":{"@id":"https:\/\/miumjau.ee\/fi\/tuote\/beaphar-flexifit-herkut-nivelten-hyvinvointiin-150-g\/#breadcrumb"},"inLanguage":"fi","potentialAction":[{"@type":"ReadAction","target":["https:\/\/miumjau.ee\/fi\/tuote\/beaphar-flexifit-herkut-nivelten-hyvinvointiin-150-g\/"]}]},{"@type":"ImageObject","inLanguage":"fi","@id":"https:\/\/miumjau.ee\/fi\/tuote\/beaphar-flexifit-herkut-nivelten-hyvinvointiin-150-g\/#primaryimage","url":"https:\/\/miumjau.ee\/wp-content\/uploads\/2025\/11\/beaphar-flexifit-treats3-Photoroom.jpg","contentUrl":"https:\/\/miumjau.ee\/wp-content\/uploads\/2025\/11\/beaphar-flexifit-treats3-Photoroom.jpg","width":600,"height":800,"caption":"Beaphar Flexifit toidulisand koertele"},{"@type":"BreadcrumbList","@id":"https:\/\/miumjau.ee\/fi\/tuote\/beaphar-flexifit-herkut-nivelten-hyvinvointiin-150-g\/#breadcrumb","itemListElement":[{"@type":"ListItem","position":1,"name":"Home","item":"https:\/\/miumjau.ee\/fi\/"},{"@type":"ListItem","position":2,"name":"Kauppa","item":"https:\/\/miumjau.ee\/fi\/kauppa\/"},{"@type":"ListItem","position":3,"name":"Beaphar Flexifit herkut nivelten hyvinvointiin 150 g"}]},{"@type":"WebSite","@id":"https:\/\/miumjau.ee\/#website","url":"https:\/\/miumjau.ee\/","name":"MiuMjau","description":"Kraapimispuud kassidele","publisher":{"@id":"https:\/\/miumjau.ee\/#organization"},"potentialAction":[{"@type":"SearchAction","target":{"@type":"EntryPoint","urlTemplate":"https:\/\/miumjau.ee\/?s={search_term_string}"},"query-input":{"@type":"PropertyValueSpecification","valueRequired":true,"valueName":"search_term_string"}}],"inLanguage":"fi"},{"@type":"Organization","@id":"https:\/\/miumjau.ee\/#organization","name":"MiuMjau O\u00dc","url":"https:\/\/miumjau.ee\/","logo":{"@type":"ImageObject","inLanguage":"fi","@id":"https:\/\/miumjau.ee\/#\/schema\/logo\/image\/","url":"https:\/\/miumjau.ee\/wp-content\/uploads\/2022\/04\/MiuMjau-logo-kollane.png","contentUrl":"https:\/\/miumjau.ee\/wp-content\/uploads\/2022\/04\/MiuMjau-logo-kollane.png","width":219,"height":100,"caption":"MiuMjau O\u00dc"},"image":{"@id":"https:\/\/miumjau.ee\/#\/schema\/logo\/image\/"},"sameAs":["https:\/\/www.facebook.com\/miumjaupood\/"]}]}},"_links":{"self":[{"href":"https:\/\/miumjau.ee\/fi\/wp-json\/wp\/v2\/product\/47588","targetHints":{"allow":["GET"]}}],"collection":[{"href":"https:\/\/miumjau.ee\/fi\/wp-json\/wp\/v2\/product"}],"about":[{"href":"https:\/\/miumjau.ee\/fi\/wp-json\/wp\/v2\/types\/product"}],"wp:featuredmedia":[{"embeddable":true,"href":"https:\/\/miumjau.ee\/fi\/wp-json\/wp\/v2\/media\/44250"}],"wp:attachment":[{"href":"https:\/\/miumjau.ee\/fi\/wp-json\/wp\/v2\/media?parent=47588"}],"wp:term":[{"taxonomy":"product_brand","embeddable":true,"href":"https:\/\/miumjau.ee\/fi\/wp-json\/wp\/v2\/product_brand?post=47588"},{"taxonomy":"product_cat","embeddable":true,"href":"https:\/\/miumjau.ee\/fi\/wp-json\/wp\/v2\/product_cat?post=47588"},{"taxonomy":"product_tag","embeddable":true,"href":"https:\/\/miumjau.ee\/fi\/wp-json\/wp\/v2\/product_tag?post=47588"}],"curies":[{"name":"wp","href":"https:\/\/api.w.org\/{rel}","templated":true}]}}