{"id":47557,"date":"2025-12-11T09:47:21","date_gmt":"2025-12-11T07:47:21","guid":{"rendered":"https:\/\/miumjau.ee\/toode\/ibero-grainfree-adult-kissoille-kalkkunalla-10-kg\/"},"modified":"2026-01-07T22:45:45","modified_gmt":"2026-01-07T20:45:45","slug":"ibero-grainfree-adult-kissoille-kalkkunalla-10-kg","status":"publish","type":"product","link":"https:\/\/miumjau.ee\/fi\/tuote\/ibero-grainfree-adult-kissoille-kalkkunalla-10-kg\/","title":{"rendered":"Ibero Grainfree Adult kissoille kalkkunalla, 10 kg"},"content":{"rendered":"","protected":false},"excerpt":{"rendered":"<p data-start=\"1974\" data-end=\"2384\">Ibero Grain-free Adult Turkey on t\u00e4ysravinto kaikille aikuisille kissoille, kaikista roduista. Se on t\u00e4ydellinen valinta, kun haluat tarjota kissallesi luonnollista, maukasta ja korkealaatuista ravintoa \u2014 juuri sit\u00e4, mit\u00e4 sen keho ja energia tarvitsevat joka p\u00e4iv\u00e4. Puhdas koostumus ja korkea kalkkunanlihankuus tukevat kissasi terveytt\u00e4 luonnollisella tavalla ja tekev\u00e4t jokaisesta ateriahetkest\u00e4 nautittavan.<\/p>\n<p data-start=\"2386\" data-end=\"2667\"><strong data-start=\"2386\" data-end=\"2400\">KOOSTUMUS:<\/strong> Kuivattu kalkkunanliha 40 %, bataatti, kuivatut perunat, kalkkunanrasva 13 %, kananmaksa 5 %, kuivattu kurpitsa, kuivattu kananmaksa 2 %, kuivattu porkkana 1,2 %, pellavansiemenet, sikuriuute, psyllium, beetaglukaanit, tauriini, vitamiini- ja kivenn\u00e4isainekoostumus.<\/p>\n<p data-start=\"2669\" data-end=\"2830\"><strong data-start=\"2669\" data-end=\"2695\">ANALYYTTISET AINEOSAT:<\/strong> Raakaproteiini 34 %, raakarasva 15 %, raakakuitu 3,2 %, raakatuhka 8,5 %, kalsium 1,1 %, fosfori 0,85 %, natrium 0,15 %, kosteus 10 %.<\/p>\n<p data-start=\"2832\" data-end=\"3282\"><strong data-start=\"2832\" data-end=\"2856\">LIS\u00c4AINEET (per kg):<\/strong> A-vitamiini 20 000 IU, D3-vitamiini 2 000 IU, E-vitamiini 200 mg, B1-vitamiini 6 mg, B2-vitamiini 10 mg, B6-vitamiini 8 mg, B12-vitamiini 0,08 mg, C-vitamiini 200 mg, niasiini 50 mg, pantoteenihappo 20 mg, foolihappo 0,8 mg, biotiini 0,5 mg, jodi 5 mg, seleeni 0,44 mg, rauta 120 mg, kupari 15 mg, sinkki 150 mg, mangaani 15 mg, tauriini 5 000 mg, koliinikloridi 2 160 mg. Antioksidantit: tokoferolipitoiset kasvi\u00f6ljyuutteet.<\/p>\n<p data-start=\"3284\" data-end=\"3323\"><strong data-start=\"3284\" data-end=\"3308\">Metabolinen energia:<\/strong> 3 820 kcal\/kg.<\/p>\n<p data-start=\"3325\" data-end=\"3741\"><strong data-start=\"3325\" data-end=\"3340\">K\u00c4YTT\u00d6OHJE:<\/strong> Tarjoile kuivana. Siirtym\u00e4vaiheen aikana (muutaman p\u00e4iv\u00e4n ajan) anna noin 80 % suositellusta p\u00e4iv\u00e4annoksesta. T\u00e4m\u00e4n j\u00e4lkeen s\u00e4\u00e4d\u00e4 annosta kissan painon mukaan pakkauksen ruokintataulukon perusteella. Suositusannos on ohjeellinen; todellinen tarve riippuu kissan i\u00e4st\u00e4, aktiivisuudesta ja ymp\u00e4rist\u00f6st\u00e4. Huolehdi aina raikkaan juomaveden saatavuudesta. S\u00e4ilyt\u00e4 viile\u00e4ss\u00e4, kuivassa ja pime\u00e4ss\u00e4 paikassa.<\/p>\n","protected":false},"featured_media":49904,"template":"","meta":[],"product_brand":[],"product_cat":[255],"product_tag":[],"class_list":{"0":"post-47557","1":"product","2":"type-product","3":"status-publish","4":"has-post-thumbnail","6":"product_cat-kuiva-ruoka","8":"first","9":"instock","10":"sale","11":"taxable","12":"shipping-taxable","13":"purchasable","14":"product-type-simple"},"yoast_head":"<!-- This site is optimized with the Yoast SEO plugin v27.4 - https:\/\/yoast.com\/product\/yoast-seo-wordpress\/ -->\n<title>Ibero Grainfree Adult kissoille kalkkunalla, 10 kg - MiuMjau<\/title>\n<meta name=\"robots\" content=\"index, follow, max-snippet:-1, max-image-preview:large, max-video-preview:-1\" \/>\n<link rel=\"canonical\" href=\"https:\/\/miumjau.ee\/fi\/tuote\/ibero-grainfree-adult-kissoille-kalkkunalla-10-kg\/\" \/>\n<meta property=\"og:locale\" content=\"fi_FI\" \/>\n<meta property=\"og:type\" content=\"article\" \/>\n<meta property=\"og:title\" content=\"Ibero Grainfree Adult kissoille kalkkunalla, 10 kg - MiuMjau\" \/>\n<meta property=\"og:description\" content=\"Ibero Grain-free Adult Turkey on t\u00e4ysravinto kaikille aikuisille kissoille, kaikista roduista. Se on t\u00e4ydellinen valinta, kun haluat tarjota kissallesi luonnollista, maukasta ja korkealaatuista ravintoa \u2014 juuri sit\u00e4, mit\u00e4 sen keho ja energia tarvitsevat joka p\u00e4iv\u00e4. Puhdas koostumus ja korkea kalkkunanlihankuus tukevat kissasi terveytt\u00e4 luonnollisella tavalla ja tekev\u00e4t jokaisesta ateriahetkest\u00e4 nautittavan. KOOSTUMUS: Kuivattu kalkkunanliha 40 %, bataatti, kuivatut perunat, kalkkunanrasva 13 %, kananmaksa 5 %, kuivattu kurpitsa, kuivattu kananmaksa 2 %, kuivattu porkkana 1,2 %, pellavansiemenet, sikuriuute, psyllium, beetaglukaanit, tauriini, vitamiini- ja kivenn\u00e4isainekoostumus. ANALYYTTISET AINEOSAT: Raakaproteiini 34 %, raakarasva 15 %, raakakuitu 3,2 %, raakatuhka 8,5 %, kalsium 1,1 %, fosfori 0,85 %, natrium 0,15 %, kosteus 10 %. LIS\u00c4AINEET (per kg): A-vitamiini 20 000 IU, D3-vitamiini 2 000 IU, E-vitamiini 200 mg, B1-vitamiini 6 mg, B2-vitamiini 10 mg, B6-vitamiini 8 mg, B12-vitamiini 0,08 mg, C-vitamiini 200 mg, niasiini 50 mg, pantoteenihappo 20 mg, foolihappo 0,8 mg, biotiini 0,5 mg, jodi 5 mg, seleeni 0,44 mg, rauta 120 mg, kupari 15 mg, sinkki 150 mg, mangaani 15 mg, tauriini 5 000 mg, koliinikloridi 2 160 mg. Antioksidantit: tokoferolipitoiset kasvi\u00f6ljyuutteet. Metabolinen energia: 3 820 kcal\/kg. K\u00c4YTT\u00d6OHJE: Tarjoile kuivana. Siirtym\u00e4vaiheen aikana (muutaman p\u00e4iv\u00e4n ajan) anna noin 80 % suositellusta p\u00e4iv\u00e4annoksesta. T\u00e4m\u00e4n j\u00e4lkeen s\u00e4\u00e4d\u00e4 annosta kissan painon mukaan pakkauksen ruokintataulukon perusteella. Suositusannos on ohjeellinen; todellinen tarve riippuu kissan i\u00e4st\u00e4, aktiivisuudesta ja ymp\u00e4rist\u00f6st\u00e4. Huolehdi aina raikkaan juomaveden saatavuudesta. S\u00e4ilyt\u00e4 viile\u00e4ss\u00e4, kuivassa ja pime\u00e4ss\u00e4 paikassa.\" \/>\n<meta property=\"og:url\" content=\"https:\/\/miumjau.ee\/fi\/tuote\/ibero-grainfree-adult-kissoille-kalkkunalla-10-kg\/\" \/>\n<meta property=\"og:site_name\" content=\"MiuMjau\" \/>\n<meta property=\"article:publisher\" content=\"https:\/\/www.facebook.com\/miumjaupood\/\" \/>\n<meta property=\"article:modified_time\" content=\"2026-01-07T20:45:45+00:00\" \/>\n<meta name=\"twitter:card\" content=\"summary_large_image\" \/>\n<script type=\"application\/ld+json\" class=\"yoast-schema-graph\">{\"@context\":\"https:\\\/\\\/schema.org\",\"@graph\":[{\"@type\":\"WebPage\",\"@id\":\"https:\\\/\\\/miumjau.ee\\\/fi\\\/tuote\\\/ibero-grainfree-adult-kissoille-kalkkunalla-10-kg\\\/\",\"url\":\"https:\\\/\\\/miumjau.ee\\\/fi\\\/tuote\\\/ibero-grainfree-adult-kissoille-kalkkunalla-10-kg\\\/\",\"name\":\"Ibero Grainfree Adult kissoille kalkkunalla, 10 kg - MiuMjau\",\"isPartOf\":{\"@id\":\"https:\\\/\\\/miumjau.ee\\\/#website\"},\"primaryImageOfPage\":{\"@id\":\"https:\\\/\\\/miumjau.ee\\\/fi\\\/tuote\\\/ibero-grainfree-adult-kissoille-kalkkunalla-10-kg\\\/#primaryimage\"},\"image\":{\"@id\":\"https:\\\/\\\/miumjau.ee\\\/fi\\\/tuote\\\/ibero-grainfree-adult-kissoille-kalkkunalla-10-kg\\\/#primaryimage\"},\"thumbnailUrl\":\"https:\\\/\\\/miumjau.ee\\\/wp-content\\\/uploads\\\/2025\\\/12\\\/Ibero_GF_cat_TURKEY_10kg.jpg\",\"datePublished\":\"2025-12-11T07:47:21+00:00\",\"dateModified\":\"2026-01-07T20:45:45+00:00\",\"breadcrumb\":{\"@id\":\"https:\\\/\\\/miumjau.ee\\\/fi\\\/tuote\\\/ibero-grainfree-adult-kissoille-kalkkunalla-10-kg\\\/#breadcrumb\"},\"inLanguage\":\"fi\",\"potentialAction\":[{\"@type\":\"ReadAction\",\"target\":[\"https:\\\/\\\/miumjau.ee\\\/fi\\\/tuote\\\/ibero-grainfree-adult-kissoille-kalkkunalla-10-kg\\\/\"]}]},{\"@type\":\"ImageObject\",\"inLanguage\":\"fi\",\"@id\":\"https:\\\/\\\/miumjau.ee\\\/fi\\\/tuote\\\/ibero-grainfree-adult-kissoille-kalkkunalla-10-kg\\\/#primaryimage\",\"url\":\"https:\\\/\\\/miumjau.ee\\\/wp-content\\\/uploads\\\/2025\\\/12\\\/Ibero_GF_cat_TURKEY_10kg.jpg\",\"contentUrl\":\"https:\\\/\\\/miumjau.ee\\\/wp-content\\\/uploads\\\/2025\\\/12\\\/Ibero_GF_cat_TURKEY_10kg.jpg\",\"width\":600,\"height\":800,\"caption\":\"Ibero Grainfree Adult kassidele kalkuniga, 10kg\"},{\"@type\":\"BreadcrumbList\",\"@id\":\"https:\\\/\\\/miumjau.ee\\\/fi\\\/tuote\\\/ibero-grainfree-adult-kissoille-kalkkunalla-10-kg\\\/#breadcrumb\",\"itemListElement\":[{\"@type\":\"ListItem\",\"position\":1,\"name\":\"Home\",\"item\":\"https:\\\/\\\/miumjau.ee\\\/fi\\\/\"},{\"@type\":\"ListItem\",\"position\":2,\"name\":\"Kauppa\",\"item\":\"https:\\\/\\\/miumjau.ee\\\/fi\\\/kauppa\\\/\"},{\"@type\":\"ListItem\",\"position\":3,\"name\":\"Ibero Grainfree Adult kissoille kalkkunalla, 10 kg\"}]},{\"@type\":\"WebSite\",\"@id\":\"https:\\\/\\\/miumjau.ee\\\/#website\",\"url\":\"https:\\\/\\\/miumjau.ee\\\/\",\"name\":\"MiuMjau\",\"description\":\"Kraapimispuud kassidele\",\"publisher\":{\"@id\":\"https:\\\/\\\/miumjau.ee\\\/#organization\"},\"potentialAction\":[{\"@type\":\"SearchAction\",\"target\":{\"@type\":\"EntryPoint\",\"urlTemplate\":\"https:\\\/\\\/miumjau.ee\\\/?s={search_term_string}\"},\"query-input\":{\"@type\":\"PropertyValueSpecification\",\"valueRequired\":true,\"valueName\":\"search_term_string\"}}],\"inLanguage\":\"fi\"},{\"@type\":\"Organization\",\"@id\":\"https:\\\/\\\/miumjau.ee\\\/#organization\",\"name\":\"MiuMjau O\u00dc\",\"url\":\"https:\\\/\\\/miumjau.ee\\\/\",\"logo\":{\"@type\":\"ImageObject\",\"inLanguage\":\"fi\",\"@id\":\"https:\\\/\\\/miumjau.ee\\\/#\\\/schema\\\/logo\\\/image\\\/\",\"url\":\"https:\\\/\\\/miumjau.ee\\\/wp-content\\\/uploads\\\/2022\\\/04\\\/MiuMjau-logo-kollane.png\",\"contentUrl\":\"https:\\\/\\\/miumjau.ee\\\/wp-content\\\/uploads\\\/2022\\\/04\\\/MiuMjau-logo-kollane.png\",\"width\":219,\"height\":100,\"caption\":\"MiuMjau O\u00dc\"},\"image\":{\"@id\":\"https:\\\/\\\/miumjau.ee\\\/#\\\/schema\\\/logo\\\/image\\\/\"},\"sameAs\":[\"https:\\\/\\\/www.facebook.com\\\/miumjaupood\\\/\"]}]}<\/script>\n<!-- \/ Yoast SEO plugin. -->","yoast_head_json":{"title":"Ibero Grainfree Adult kissoille kalkkunalla, 10 kg - MiuMjau","robots":{"index":"index","follow":"follow","max-snippet":"max-snippet:-1","max-image-preview":"max-image-preview:large","max-video-preview":"max-video-preview:-1"},"canonical":"https:\/\/miumjau.ee\/fi\/tuote\/ibero-grainfree-adult-kissoille-kalkkunalla-10-kg\/","og_locale":"fi_FI","og_type":"article","og_title":"Ibero Grainfree Adult kissoille kalkkunalla, 10 kg - MiuMjau","og_description":"Ibero Grain-free Adult Turkey on t\u00e4ysravinto kaikille aikuisille kissoille, kaikista roduista. Se on t\u00e4ydellinen valinta, kun haluat tarjota kissallesi luonnollista, maukasta ja korkealaatuista ravintoa \u2014 juuri sit\u00e4, mit\u00e4 sen keho ja energia tarvitsevat joka p\u00e4iv\u00e4. Puhdas koostumus ja korkea kalkkunanlihankuus tukevat kissasi terveytt\u00e4 luonnollisella tavalla ja tekev\u00e4t jokaisesta ateriahetkest\u00e4 nautittavan. KOOSTUMUS: Kuivattu kalkkunanliha 40 %, bataatti, kuivatut perunat, kalkkunanrasva 13 %, kananmaksa 5 %, kuivattu kurpitsa, kuivattu kananmaksa 2 %, kuivattu porkkana 1,2 %, pellavansiemenet, sikuriuute, psyllium, beetaglukaanit, tauriini, vitamiini- ja kivenn\u00e4isainekoostumus. ANALYYTTISET AINEOSAT: Raakaproteiini 34 %, raakarasva 15 %, raakakuitu 3,2 %, raakatuhka 8,5 %, kalsium 1,1 %, fosfori 0,85 %, natrium 0,15 %, kosteus 10 %. LIS\u00c4AINEET (per kg): A-vitamiini 20 000 IU, D3-vitamiini 2 000 IU, E-vitamiini 200 mg, B1-vitamiini 6 mg, B2-vitamiini 10 mg, B6-vitamiini 8 mg, B12-vitamiini 0,08 mg, C-vitamiini 200 mg, niasiini 50 mg, pantoteenihappo 20 mg, foolihappo 0,8 mg, biotiini 0,5 mg, jodi 5 mg, seleeni 0,44 mg, rauta 120 mg, kupari 15 mg, sinkki 150 mg, mangaani 15 mg, tauriini 5 000 mg, koliinikloridi 2 160 mg. Antioksidantit: tokoferolipitoiset kasvi\u00f6ljyuutteet. Metabolinen energia: 3 820 kcal\/kg. K\u00c4YTT\u00d6OHJE: Tarjoile kuivana. Siirtym\u00e4vaiheen aikana (muutaman p\u00e4iv\u00e4n ajan) anna noin 80 % suositellusta p\u00e4iv\u00e4annoksesta. T\u00e4m\u00e4n j\u00e4lkeen s\u00e4\u00e4d\u00e4 annosta kissan painon mukaan pakkauksen ruokintataulukon perusteella. Suositusannos on ohjeellinen; todellinen tarve riippuu kissan i\u00e4st\u00e4, aktiivisuudesta ja ymp\u00e4rist\u00f6st\u00e4. Huolehdi aina raikkaan juomaveden saatavuudesta. S\u00e4ilyt\u00e4 viile\u00e4ss\u00e4, kuivassa ja pime\u00e4ss\u00e4 paikassa.","og_url":"https:\/\/miumjau.ee\/fi\/tuote\/ibero-grainfree-adult-kissoille-kalkkunalla-10-kg\/","og_site_name":"MiuMjau","article_publisher":"https:\/\/www.facebook.com\/miumjaupood\/","article_modified_time":"2026-01-07T20:45:45+00:00","twitter_card":"summary_large_image","schema":{"@context":"https:\/\/schema.org","@graph":[{"@type":"WebPage","@id":"https:\/\/miumjau.ee\/fi\/tuote\/ibero-grainfree-adult-kissoille-kalkkunalla-10-kg\/","url":"https:\/\/miumjau.ee\/fi\/tuote\/ibero-grainfree-adult-kissoille-kalkkunalla-10-kg\/","name":"Ibero Grainfree Adult kissoille kalkkunalla, 10 kg - MiuMjau","isPartOf":{"@id":"https:\/\/miumjau.ee\/#website"},"primaryImageOfPage":{"@id":"https:\/\/miumjau.ee\/fi\/tuote\/ibero-grainfree-adult-kissoille-kalkkunalla-10-kg\/#primaryimage"},"image":{"@id":"https:\/\/miumjau.ee\/fi\/tuote\/ibero-grainfree-adult-kissoille-kalkkunalla-10-kg\/#primaryimage"},"thumbnailUrl":"https:\/\/miumjau.ee\/wp-content\/uploads\/2025\/12\/Ibero_GF_cat_TURKEY_10kg.jpg","datePublished":"2025-12-11T07:47:21+00:00","dateModified":"2026-01-07T20:45:45+00:00","breadcrumb":{"@id":"https:\/\/miumjau.ee\/fi\/tuote\/ibero-grainfree-adult-kissoille-kalkkunalla-10-kg\/#breadcrumb"},"inLanguage":"fi","potentialAction":[{"@type":"ReadAction","target":["https:\/\/miumjau.ee\/fi\/tuote\/ibero-grainfree-adult-kissoille-kalkkunalla-10-kg\/"]}]},{"@type":"ImageObject","inLanguage":"fi","@id":"https:\/\/miumjau.ee\/fi\/tuote\/ibero-grainfree-adult-kissoille-kalkkunalla-10-kg\/#primaryimage","url":"https:\/\/miumjau.ee\/wp-content\/uploads\/2025\/12\/Ibero_GF_cat_TURKEY_10kg.jpg","contentUrl":"https:\/\/miumjau.ee\/wp-content\/uploads\/2025\/12\/Ibero_GF_cat_TURKEY_10kg.jpg","width":600,"height":800,"caption":"Ibero Grainfree Adult kassidele kalkuniga, 10kg"},{"@type":"BreadcrumbList","@id":"https:\/\/miumjau.ee\/fi\/tuote\/ibero-grainfree-adult-kissoille-kalkkunalla-10-kg\/#breadcrumb","itemListElement":[{"@type":"ListItem","position":1,"name":"Home","item":"https:\/\/miumjau.ee\/fi\/"},{"@type":"ListItem","position":2,"name":"Kauppa","item":"https:\/\/miumjau.ee\/fi\/kauppa\/"},{"@type":"ListItem","position":3,"name":"Ibero Grainfree Adult kissoille kalkkunalla, 10 kg"}]},{"@type":"WebSite","@id":"https:\/\/miumjau.ee\/#website","url":"https:\/\/miumjau.ee\/","name":"MiuMjau","description":"Kraapimispuud kassidele","publisher":{"@id":"https:\/\/miumjau.ee\/#organization"},"potentialAction":[{"@type":"SearchAction","target":{"@type":"EntryPoint","urlTemplate":"https:\/\/miumjau.ee\/?s={search_term_string}"},"query-input":{"@type":"PropertyValueSpecification","valueRequired":true,"valueName":"search_term_string"}}],"inLanguage":"fi"},{"@type":"Organization","@id":"https:\/\/miumjau.ee\/#organization","name":"MiuMjau O\u00dc","url":"https:\/\/miumjau.ee\/","logo":{"@type":"ImageObject","inLanguage":"fi","@id":"https:\/\/miumjau.ee\/#\/schema\/logo\/image\/","url":"https:\/\/miumjau.ee\/wp-content\/uploads\/2022\/04\/MiuMjau-logo-kollane.png","contentUrl":"https:\/\/miumjau.ee\/wp-content\/uploads\/2022\/04\/MiuMjau-logo-kollane.png","width":219,"height":100,"caption":"MiuMjau O\u00dc"},"image":{"@id":"https:\/\/miumjau.ee\/#\/schema\/logo\/image\/"},"sameAs":["https:\/\/www.facebook.com\/miumjaupood\/"]}]}},"_links":{"self":[{"href":"https:\/\/miumjau.ee\/fi\/wp-json\/wp\/v2\/product\/47557","targetHints":{"allow":["GET"]}}],"collection":[{"href":"https:\/\/miumjau.ee\/fi\/wp-json\/wp\/v2\/product"}],"about":[{"href":"https:\/\/miumjau.ee\/fi\/wp-json\/wp\/v2\/types\/product"}],"wp:featuredmedia":[{"embeddable":true,"href":"https:\/\/miumjau.ee\/fi\/wp-json\/wp\/v2\/media\/49904"}],"wp:attachment":[{"href":"https:\/\/miumjau.ee\/fi\/wp-json\/wp\/v2\/media?parent=47557"}],"wp:term":[{"taxonomy":"product_brand","embeddable":true,"href":"https:\/\/miumjau.ee\/fi\/wp-json\/wp\/v2\/product_brand?post=47557"},{"taxonomy":"product_cat","embeddable":true,"href":"https:\/\/miumjau.ee\/fi\/wp-json\/wp\/v2\/product_cat?post=47557"},{"taxonomy":"product_tag","embeddable":true,"href":"https:\/\/miumjau.ee\/fi\/wp-json\/wp\/v2\/product_tag?post=47557"}],"curies":[{"name":"wp","href":"https:\/\/api.w.org\/{rel}","templated":true}]}}