{"id":47141,"date":"2025-12-02T13:10:46","date_gmt":"2025-12-02T11:10:46","guid":{"rendered":"https:\/\/miumjau.ee\/toode\/eat-slow-live-longer-kulho-punainen-s\/"},"modified":"2026-01-07T22:45:53","modified_gmt":"2026-01-07T20:45:53","slug":"eat-slow-live-longer-kulho-punainen-s","status":"publish","type":"product","link":"https:\/\/miumjau.ee\/fi\/tuote\/eat-slow-live-longer-kulho-punainen-s\/","title":{"rendered":"Eat Slow Live Longer -kulho, punainen S"},"content":{"rendered":"","protected":false},"excerpt":{"rendered":"<p data-start=\"1161\" data-end=\"1453\">Eat Slow Live Longer Original -hidastava ruokakuppi tekee ahmimisesta menneisyytt\u00e4! Kuvioitu kulho tekee kuivaruoan saamisesta vaikeampaa, joten koira tai kissa ottaa pienempi\u00e4 suupaloja, sy\u00f6 hitaammin ja pureskelee paremmin. Kulhossa on liukumattomat jalat ja se on astianpesukoneen kest\u00e4v\u00e4.<\/p>\n<p data-start=\"1455\" data-end=\"1740\"><strong data-start=\"1455\" data-end=\"1493\">Miksi hitaampi sy\u00f6minen on t\u00e4rke\u00e4\u00e4<\/strong><br data-start=\"1493\" data-end=\"1496\" \/>Liian nopea sy\u00f6minen tai ahmiminen voi aiheuttaa useita ongelmia, kuten lihavuutta (ruoka ei sula kunnolla), vatsan kiertymist\u00e4 ja ilmavaivoja (el\u00e4in nielee enemm\u00e4n ilmaa). Hidastava ruokakuppi auttaa v\u00e4hent\u00e4m\u00e4\u00e4n tai ehk\u00e4isem\u00e4\u00e4n n\u00e4it\u00e4 ongelmia.<\/p>\n<p data-start=\"1742\" data-end=\"1856\"><strong data-start=\"1742\" data-end=\"1757\">Materiaali:<\/strong> Eat Slow Live Longer -kulho on valmistettu turvallisesta muovista. Liukumattomat jalat ovat kumia.<\/p>\n<p data-start=\"1858\" data-end=\"2078\"><strong data-start=\"1858\" data-end=\"1869\">K\u00e4ytt\u00f6:<\/strong> K\u00e4yt\u00e4 kuppia kuivaruokien p\u00e4ivitt\u00e4iseen tarjoiluun. Levit\u00e4 kuivaruoat tasaisesti kulhon pohjalle. Kuppia voi k\u00e4ytt\u00e4\u00e4 my\u00f6s herkkupaloihin, jolloin koiran tai kissan t\u00e4ytyy tehd\u00e4 hieman t\u00f6it\u00e4 herkun saamiseksi.<\/p>\n<p data-start=\"2080\" data-end=\"2122\"><strong data-start=\"2080\" data-end=\"2090\">Mitat:<\/strong><br data-start=\"2090\" data-end=\"2093\" \/>S: 20,5 x 5 cm<br data-start=\"2107\" data-end=\"2110\" \/>L: 30 x 7 cm<\/p>\n","protected":false},"featured_media":46550,"template":"","meta":[],"product_brand":[],"product_cat":[481],"product_tag":[],"class_list":{"0":"post-47141","1":"product","2":"type-product","3":"status-publish","4":"has-post-thumbnail","6":"product_cat-ruoka-ja-juomakupit","8":"first","9":"instock","10":"taxable","11":"shipping-taxable","12":"purchasable","13":"product-type-simple"},"yoast_head":"<!-- This site is optimized with the Yoast SEO plugin v27.2 - https:\/\/yoast.com\/product\/yoast-seo-wordpress\/ -->\n<title>Eat Slow Live Longer -kulho, punainen S - MiuMjau<\/title>\n<meta name=\"robots\" content=\"index, follow, max-snippet:-1, max-image-preview:large, max-video-preview:-1\" \/>\n<link rel=\"canonical\" href=\"https:\/\/miumjau.ee\/fi\/tuote\/eat-slow-live-longer-kulho-punainen-s\/\" \/>\n<meta property=\"og:locale\" content=\"fi_FI\" \/>\n<meta property=\"og:type\" content=\"article\" \/>\n<meta property=\"og:title\" content=\"Eat Slow Live Longer -kulho, punainen S - MiuMjau\" \/>\n<meta property=\"og:description\" content=\"Eat Slow Live Longer Original -hidastava ruokakuppi tekee ahmimisesta menneisyytt\u00e4! Kuvioitu kulho tekee kuivaruoan saamisesta vaikeampaa, joten koira tai kissa ottaa pienempi\u00e4 suupaloja, sy\u00f6 hitaammin ja pureskelee paremmin. Kulhossa on liukumattomat jalat ja se on astianpesukoneen kest\u00e4v\u00e4. Miksi hitaampi sy\u00f6minen on t\u00e4rke\u00e4\u00e4Liian nopea sy\u00f6minen tai ahmiminen voi aiheuttaa useita ongelmia, kuten lihavuutta (ruoka ei sula kunnolla), vatsan kiertymist\u00e4 ja ilmavaivoja (el\u00e4in nielee enemm\u00e4n ilmaa). Hidastava ruokakuppi auttaa v\u00e4hent\u00e4m\u00e4\u00e4n tai ehk\u00e4isem\u00e4\u00e4n n\u00e4it\u00e4 ongelmia. Materiaali: Eat Slow Live Longer -kulho on valmistettu turvallisesta muovista. Liukumattomat jalat ovat kumia. K\u00e4ytt\u00f6: K\u00e4yt\u00e4 kuppia kuivaruokien p\u00e4ivitt\u00e4iseen tarjoiluun. Levit\u00e4 kuivaruoat tasaisesti kulhon pohjalle. Kuppia voi k\u00e4ytt\u00e4\u00e4 my\u00f6s herkkupaloihin, jolloin koiran tai kissan t\u00e4ytyy tehd\u00e4 hieman t\u00f6it\u00e4 herkun saamiseksi. Mitat:S: 20,5 x 5 cmL: 30 x 7 cm\" \/>\n<meta property=\"og:url\" content=\"https:\/\/miumjau.ee\/fi\/tuote\/eat-slow-live-longer-kulho-punainen-s\/\" \/>\n<meta property=\"og:site_name\" content=\"MiuMjau\" \/>\n<meta property=\"article:publisher\" content=\"https:\/\/www.facebook.com\/miumjaupood\/\" \/>\n<meta property=\"article:modified_time\" content=\"2026-01-07T20:45:53+00:00\" \/>\n<meta property=\"og:image\" content=\"https:\/\/miumjau.ee\/wp-content\/uploads\/2025\/12\/eat-slow-live-longer-kauss2.jpg\" \/>\n\t<meta property=\"og:image:width\" content=\"600\" \/>\n\t<meta property=\"og:image:height\" content=\"800\" \/>\n\t<meta property=\"og:image:type\" content=\"image\/jpeg\" \/>\n<meta name=\"twitter:card\" content=\"summary_large_image\" \/>\n<script type=\"application\/ld+json\" class=\"yoast-schema-graph\">{\"@context\":\"https:\/\/schema.org\",\"@graph\":[{\"@type\":\"WebPage\",\"@id\":\"https:\/\/miumjau.ee\/fi\/tuote\/eat-slow-live-longer-kulho-punainen-s\/\",\"url\":\"https:\/\/miumjau.ee\/fi\/tuote\/eat-slow-live-longer-kulho-punainen-s\/\",\"name\":\"Eat Slow Live Longer -kulho, punainen S - MiuMjau\",\"isPartOf\":{\"@id\":\"https:\/\/miumjau.ee\/#website\"},\"primaryImageOfPage\":{\"@id\":\"https:\/\/miumjau.ee\/fi\/tuote\/eat-slow-live-longer-kulho-punainen-s\/#primaryimage\"},\"image\":{\"@id\":\"https:\/\/miumjau.ee\/fi\/tuote\/eat-slow-live-longer-kulho-punainen-s\/#primaryimage\"},\"thumbnailUrl\":\"https:\/\/miumjau.ee\/wp-content\/uploads\/2025\/12\/eat-slow-live-longer-kauss2.jpg\",\"datePublished\":\"2025-12-02T11:10:46+00:00\",\"dateModified\":\"2026-01-07T20:45:53+00:00\",\"breadcrumb\":{\"@id\":\"https:\/\/miumjau.ee\/fi\/tuote\/eat-slow-live-longer-kulho-punainen-s\/#breadcrumb\"},\"inLanguage\":\"fi\",\"potentialAction\":[{\"@type\":\"ReadAction\",\"target\":[\"https:\/\/miumjau.ee\/fi\/tuote\/eat-slow-live-longer-kulho-punainen-s\/\"]}]},{\"@type\":\"ImageObject\",\"inLanguage\":\"fi\",\"@id\":\"https:\/\/miumjau.ee\/fi\/tuote\/eat-slow-live-longer-kulho-punainen-s\/#primaryimage\",\"url\":\"https:\/\/miumjau.ee\/wp-content\/uploads\/2025\/12\/eat-slow-live-longer-kauss2.jpg\",\"contentUrl\":\"https:\/\/miumjau.ee\/wp-content\/uploads\/2025\/12\/eat-slow-live-longer-kauss2.jpg\",\"width\":600,\"height\":800,\"caption\":\"Eat slow live longer kauss, punane S\"},{\"@type\":\"BreadcrumbList\",\"@id\":\"https:\/\/miumjau.ee\/fi\/tuote\/eat-slow-live-longer-kulho-punainen-s\/#breadcrumb\",\"itemListElement\":[{\"@type\":\"ListItem\",\"position\":1,\"name\":\"Home\",\"item\":\"https:\/\/miumjau.ee\/fi\/\"},{\"@type\":\"ListItem\",\"position\":2,\"name\":\"Kauppa\",\"item\":\"https:\/\/miumjau.ee\/fi\/kauppa\/\"},{\"@type\":\"ListItem\",\"position\":3,\"name\":\"Eat Slow Live Longer -kulho, punainen S\"}]},{\"@type\":\"WebSite\",\"@id\":\"https:\/\/miumjau.ee\/#website\",\"url\":\"https:\/\/miumjau.ee\/\",\"name\":\"MiuMjau\",\"description\":\"Kraapimispuud kassidele\",\"publisher\":{\"@id\":\"https:\/\/miumjau.ee\/#organization\"},\"potentialAction\":[{\"@type\":\"SearchAction\",\"target\":{\"@type\":\"EntryPoint\",\"urlTemplate\":\"https:\/\/miumjau.ee\/?s={search_term_string}\"},\"query-input\":{\"@type\":\"PropertyValueSpecification\",\"valueRequired\":true,\"valueName\":\"search_term_string\"}}],\"inLanguage\":\"fi\"},{\"@type\":\"Organization\",\"@id\":\"https:\/\/miumjau.ee\/#organization\",\"name\":\"MiuMjau O\u00dc\",\"url\":\"https:\/\/miumjau.ee\/\",\"logo\":{\"@type\":\"ImageObject\",\"inLanguage\":\"fi\",\"@id\":\"https:\/\/miumjau.ee\/#\/schema\/logo\/image\/\",\"url\":\"https:\/\/miumjau.ee\/wp-content\/uploads\/2022\/04\/MiuMjau-logo-kollane.png\",\"contentUrl\":\"https:\/\/miumjau.ee\/wp-content\/uploads\/2022\/04\/MiuMjau-logo-kollane.png\",\"width\":219,\"height\":100,\"caption\":\"MiuMjau O\u00dc\"},\"image\":{\"@id\":\"https:\/\/miumjau.ee\/#\/schema\/logo\/image\/\"},\"sameAs\":[\"https:\/\/www.facebook.com\/miumjaupood\/\"]}]}<\/script>\n<!-- \/ Yoast SEO plugin. -->","yoast_head_json":{"title":"Eat Slow Live Longer -kulho, punainen S - MiuMjau","robots":{"index":"index","follow":"follow","max-snippet":"max-snippet:-1","max-image-preview":"max-image-preview:large","max-video-preview":"max-video-preview:-1"},"canonical":"https:\/\/miumjau.ee\/fi\/tuote\/eat-slow-live-longer-kulho-punainen-s\/","og_locale":"fi_FI","og_type":"article","og_title":"Eat Slow Live Longer -kulho, punainen S - MiuMjau","og_description":"Eat Slow Live Longer Original -hidastava ruokakuppi tekee ahmimisesta menneisyytt\u00e4! Kuvioitu kulho tekee kuivaruoan saamisesta vaikeampaa, joten koira tai kissa ottaa pienempi\u00e4 suupaloja, sy\u00f6 hitaammin ja pureskelee paremmin. Kulhossa on liukumattomat jalat ja se on astianpesukoneen kest\u00e4v\u00e4. Miksi hitaampi sy\u00f6minen on t\u00e4rke\u00e4\u00e4Liian nopea sy\u00f6minen tai ahmiminen voi aiheuttaa useita ongelmia, kuten lihavuutta (ruoka ei sula kunnolla), vatsan kiertymist\u00e4 ja ilmavaivoja (el\u00e4in nielee enemm\u00e4n ilmaa). Hidastava ruokakuppi auttaa v\u00e4hent\u00e4m\u00e4\u00e4n tai ehk\u00e4isem\u00e4\u00e4n n\u00e4it\u00e4 ongelmia. Materiaali: Eat Slow Live Longer -kulho on valmistettu turvallisesta muovista. Liukumattomat jalat ovat kumia. K\u00e4ytt\u00f6: K\u00e4yt\u00e4 kuppia kuivaruokien p\u00e4ivitt\u00e4iseen tarjoiluun. Levit\u00e4 kuivaruoat tasaisesti kulhon pohjalle. Kuppia voi k\u00e4ytt\u00e4\u00e4 my\u00f6s herkkupaloihin, jolloin koiran tai kissan t\u00e4ytyy tehd\u00e4 hieman t\u00f6it\u00e4 herkun saamiseksi. Mitat:S: 20,5 x 5 cmL: 30 x 7 cm","og_url":"https:\/\/miumjau.ee\/fi\/tuote\/eat-slow-live-longer-kulho-punainen-s\/","og_site_name":"MiuMjau","article_publisher":"https:\/\/www.facebook.com\/miumjaupood\/","article_modified_time":"2026-01-07T20:45:53+00:00","og_image":[{"width":600,"height":800,"url":"https:\/\/miumjau.ee\/wp-content\/uploads\/2025\/12\/eat-slow-live-longer-kauss2.jpg","type":"image\/jpeg"}],"twitter_card":"summary_large_image","schema":{"@context":"https:\/\/schema.org","@graph":[{"@type":"WebPage","@id":"https:\/\/miumjau.ee\/fi\/tuote\/eat-slow-live-longer-kulho-punainen-s\/","url":"https:\/\/miumjau.ee\/fi\/tuote\/eat-slow-live-longer-kulho-punainen-s\/","name":"Eat Slow Live Longer -kulho, punainen S - MiuMjau","isPartOf":{"@id":"https:\/\/miumjau.ee\/#website"},"primaryImageOfPage":{"@id":"https:\/\/miumjau.ee\/fi\/tuote\/eat-slow-live-longer-kulho-punainen-s\/#primaryimage"},"image":{"@id":"https:\/\/miumjau.ee\/fi\/tuote\/eat-slow-live-longer-kulho-punainen-s\/#primaryimage"},"thumbnailUrl":"https:\/\/miumjau.ee\/wp-content\/uploads\/2025\/12\/eat-slow-live-longer-kauss2.jpg","datePublished":"2025-12-02T11:10:46+00:00","dateModified":"2026-01-07T20:45:53+00:00","breadcrumb":{"@id":"https:\/\/miumjau.ee\/fi\/tuote\/eat-slow-live-longer-kulho-punainen-s\/#breadcrumb"},"inLanguage":"fi","potentialAction":[{"@type":"ReadAction","target":["https:\/\/miumjau.ee\/fi\/tuote\/eat-slow-live-longer-kulho-punainen-s\/"]}]},{"@type":"ImageObject","inLanguage":"fi","@id":"https:\/\/miumjau.ee\/fi\/tuote\/eat-slow-live-longer-kulho-punainen-s\/#primaryimage","url":"https:\/\/miumjau.ee\/wp-content\/uploads\/2025\/12\/eat-slow-live-longer-kauss2.jpg","contentUrl":"https:\/\/miumjau.ee\/wp-content\/uploads\/2025\/12\/eat-slow-live-longer-kauss2.jpg","width":600,"height":800,"caption":"Eat slow live longer kauss, punane S"},{"@type":"BreadcrumbList","@id":"https:\/\/miumjau.ee\/fi\/tuote\/eat-slow-live-longer-kulho-punainen-s\/#breadcrumb","itemListElement":[{"@type":"ListItem","position":1,"name":"Home","item":"https:\/\/miumjau.ee\/fi\/"},{"@type":"ListItem","position":2,"name":"Kauppa","item":"https:\/\/miumjau.ee\/fi\/kauppa\/"},{"@type":"ListItem","position":3,"name":"Eat Slow Live Longer -kulho, punainen S"}]},{"@type":"WebSite","@id":"https:\/\/miumjau.ee\/#website","url":"https:\/\/miumjau.ee\/","name":"MiuMjau","description":"Kraapimispuud kassidele","publisher":{"@id":"https:\/\/miumjau.ee\/#organization"},"potentialAction":[{"@type":"SearchAction","target":{"@type":"EntryPoint","urlTemplate":"https:\/\/miumjau.ee\/?s={search_term_string}"},"query-input":{"@type":"PropertyValueSpecification","valueRequired":true,"valueName":"search_term_string"}}],"inLanguage":"fi"},{"@type":"Organization","@id":"https:\/\/miumjau.ee\/#organization","name":"MiuMjau O\u00dc","url":"https:\/\/miumjau.ee\/","logo":{"@type":"ImageObject","inLanguage":"fi","@id":"https:\/\/miumjau.ee\/#\/schema\/logo\/image\/","url":"https:\/\/miumjau.ee\/wp-content\/uploads\/2022\/04\/MiuMjau-logo-kollane.png","contentUrl":"https:\/\/miumjau.ee\/wp-content\/uploads\/2022\/04\/MiuMjau-logo-kollane.png","width":219,"height":100,"caption":"MiuMjau O\u00dc"},"image":{"@id":"https:\/\/miumjau.ee\/#\/schema\/logo\/image\/"},"sameAs":["https:\/\/www.facebook.com\/miumjaupood\/"]}]}},"_links":{"self":[{"href":"https:\/\/miumjau.ee\/fi\/wp-json\/wp\/v2\/product\/47141","targetHints":{"allow":["GET"]}}],"collection":[{"href":"https:\/\/miumjau.ee\/fi\/wp-json\/wp\/v2\/product"}],"about":[{"href":"https:\/\/miumjau.ee\/fi\/wp-json\/wp\/v2\/types\/product"}],"wp:featuredmedia":[{"embeddable":true,"href":"https:\/\/miumjau.ee\/fi\/wp-json\/wp\/v2\/media\/46550"}],"wp:attachment":[{"href":"https:\/\/miumjau.ee\/fi\/wp-json\/wp\/v2\/media?parent=47141"}],"wp:term":[{"taxonomy":"product_brand","embeddable":true,"href":"https:\/\/miumjau.ee\/fi\/wp-json\/wp\/v2\/product_brand?post=47141"},{"taxonomy":"product_cat","embeddable":true,"href":"https:\/\/miumjau.ee\/fi\/wp-json\/wp\/v2\/product_cat?post=47141"},{"taxonomy":"product_tag","embeddable":true,"href":"https:\/\/miumjau.ee\/fi\/wp-json\/wp\/v2\/product_tag?post=47141"}],"curies":[{"name":"wp","href":"https:\/\/api.w.org\/{rel}","templated":true}]}}