{"id":47117,"date":"2025-12-02T12:53:42","date_gmt":"2025-12-02T10:53:42","guid":{"rendered":"https:\/\/miumjau.ee\/toode\/koiran-peti-bodyguard-sofa-bed-harmaa-s\/"},"modified":"2026-01-07T22:46:00","modified_gmt":"2026-01-07T20:46:00","slug":"koiran-peti-bodyguard-sofa-bed-harmaa-s","status":"publish","type":"product","link":"https:\/\/miumjau.ee\/fi\/tuote\/koiran-peti-bodyguard-sofa-bed-harmaa-s\/","title":{"rendered":"Koiran peti Bodyguard Sofa Bed Harmaa S"},"content":{"rendered":"","protected":false},"excerpt":{"rendered":"<p data-start=\"1342\" data-end=\"1751\">T\u00e4m\u00e4 erinomainen koiranpeti on varustettu erityisen vahvalla t\u00e4ytteell\u00e4, joka takaa optimaalisen mukavuuden ja t\u00e4ydellisen y\u00f6unen. Petin yl\u00e4osa suojaa koiraasi erityisesti k\u00e4sitellyn INSECT BODYGUARD -suojan ansiosta, ja alaosa on p\u00e4\u00e4llystetty ainutlaatuisella liukumattomalla materiaalilla. Kun koira makaa pedill\u00e4, punkit, kirput, p\u00f6lypunkit, hyttyset ja muut hy\u00f6nteiset joutuvat kosketuksiin ja tuhoutuvat.<\/p>\n<p data-start=\"1753\" data-end=\"2055\"><strong data-start=\"1753\" data-end=\"1774\">Toimintaperiaate:<\/strong> INSECT BODYGUARD Sofa on k\u00e4sitelty biotsidilla Permithin, joka sis\u00e4lt\u00e4\u00e4 aktiivisen uutteet, perustuen luonnolliseen krysanteemin eritteeseen. T\u00e4m\u00e4 aine on vaaraton ihmisille ja el\u00e4imille, mutta tappava hy\u00f6nteisille. Aktiivinen aine ei vuoda ulos pedist\u00e4, tarjoten jatkuvaa suojaa.<\/p>\n<p data-start=\"2057\" data-end=\"2226\"><strong data-start=\"2057\" data-end=\"2067\">Kesto:<\/strong> INSECT BODYGUARD vaikutus kest\u00e4\u00e4 jopa 75 pesua. Optimaalisen suojan takaamiseksi suosittelemme pedin s\u00e4\u00e4nn\u00f6llist\u00e4 pesua p\u00f6lyn, lian ja karvojen poistamiseksi.<\/p>\n<p data-start=\"2228\" data-end=\"2369\"><strong data-start=\"2228\" data-end=\"2244\">Materiaalit:<\/strong><br data-start=\"2244\" data-end=\"2247\" \/>P\u00e4\u00e4llinen: 65 % polyesteri\u00e4, 35 % puuvillaa<br data-start=\"2290\" data-end=\"2293\" \/>Alapuoli: liukumaton, 100 % polyesteri\u00e4<br data-start=\"2332\" data-end=\"2335\" \/>T\u00e4yte: 100 % polyesteri (silikoni)<\/p>\n<p data-start=\"2371\" data-end=\"2395\"><strong data-start=\"2371\" data-end=\"2380\">Koko:<\/strong> S \u2013 65 x 55 cm<\/p>\n","protected":false},"featured_media":46532,"template":"","meta":[],"product_brand":[],"product_cat":[858],"product_tag":[],"class_list":{"0":"post-47117","1":"product","2":"type-product","3":"status-publish","4":"has-post-thumbnail","6":"product_cat-pedot-matot-vuoteet","8":"first","9":"instock","10":"taxable","11":"shipping-taxable","12":"purchasable","13":"product-type-simple"},"yoast_head":"<!-- This site is optimized with the Yoast SEO plugin v27.2 - https:\/\/yoast.com\/product\/yoast-seo-wordpress\/ -->\n<title>Koiran peti Bodyguard Sofa Bed Harmaa S - MiuMjau<\/title>\n<meta name=\"robots\" content=\"index, follow, max-snippet:-1, max-image-preview:large, max-video-preview:-1\" \/>\n<link rel=\"canonical\" href=\"https:\/\/miumjau.ee\/fi\/tuote\/koiran-peti-bodyguard-sofa-bed-harmaa-s\/\" \/>\n<meta property=\"og:locale\" content=\"fi_FI\" \/>\n<meta property=\"og:type\" content=\"article\" \/>\n<meta property=\"og:title\" content=\"Koiran peti Bodyguard Sofa Bed Harmaa S - MiuMjau\" \/>\n<meta property=\"og:description\" content=\"T\u00e4m\u00e4 erinomainen koiranpeti on varustettu erityisen vahvalla t\u00e4ytteell\u00e4, joka takaa optimaalisen mukavuuden ja t\u00e4ydellisen y\u00f6unen. Petin yl\u00e4osa suojaa koiraasi erityisesti k\u00e4sitellyn INSECT BODYGUARD -suojan ansiosta, ja alaosa on p\u00e4\u00e4llystetty ainutlaatuisella liukumattomalla materiaalilla. Kun koira makaa pedill\u00e4, punkit, kirput, p\u00f6lypunkit, hyttyset ja muut hy\u00f6nteiset joutuvat kosketuksiin ja tuhoutuvat. Toimintaperiaate: INSECT BODYGUARD Sofa on k\u00e4sitelty biotsidilla Permithin, joka sis\u00e4lt\u00e4\u00e4 aktiivisen uutteet, perustuen luonnolliseen krysanteemin eritteeseen. T\u00e4m\u00e4 aine on vaaraton ihmisille ja el\u00e4imille, mutta tappava hy\u00f6nteisille. Aktiivinen aine ei vuoda ulos pedist\u00e4, tarjoten jatkuvaa suojaa. Kesto: INSECT BODYGUARD vaikutus kest\u00e4\u00e4 jopa 75 pesua. Optimaalisen suojan takaamiseksi suosittelemme pedin s\u00e4\u00e4nn\u00f6llist\u00e4 pesua p\u00f6lyn, lian ja karvojen poistamiseksi. Materiaalit:P\u00e4\u00e4llinen: 65 % polyesteri\u00e4, 35 % puuvillaaAlapuoli: liukumaton, 100 % polyesteri\u00e4T\u00e4yte: 100 % polyesteri (silikoni) Koko: S \u2013 65 x 55 cm\" \/>\n<meta property=\"og:url\" content=\"https:\/\/miumjau.ee\/fi\/tuote\/koiran-peti-bodyguard-sofa-bed-harmaa-s\/\" \/>\n<meta property=\"og:site_name\" content=\"MiuMjau\" \/>\n<meta property=\"article:publisher\" content=\"https:\/\/www.facebook.com\/miumjaupood\/\" \/>\n<meta property=\"article:modified_time\" content=\"2026-01-07T20:46:00+00:00\" \/>\n<meta property=\"og:image\" content=\"https:\/\/miumjau.ee\/wp-content\/uploads\/2025\/12\/bodyguard-sofa-bed-s-hall.jpg\" \/>\n\t<meta property=\"og:image:width\" content=\"600\" \/>\n\t<meta property=\"og:image:height\" content=\"800\" \/>\n\t<meta property=\"og:image:type\" content=\"image\/jpeg\" \/>\n<meta name=\"twitter:card\" content=\"summary_large_image\" \/>\n<script type=\"application\/ld+json\" class=\"yoast-schema-graph\">{\"@context\":\"https:\/\/schema.org\",\"@graph\":[{\"@type\":\"WebPage\",\"@id\":\"https:\/\/miumjau.ee\/fi\/tuote\/koiran-peti-bodyguard-sofa-bed-harmaa-s\/\",\"url\":\"https:\/\/miumjau.ee\/fi\/tuote\/koiran-peti-bodyguard-sofa-bed-harmaa-s\/\",\"name\":\"Koiran peti Bodyguard Sofa Bed Harmaa S - MiuMjau\",\"isPartOf\":{\"@id\":\"https:\/\/miumjau.ee\/#website\"},\"primaryImageOfPage\":{\"@id\":\"https:\/\/miumjau.ee\/fi\/tuote\/koiran-peti-bodyguard-sofa-bed-harmaa-s\/#primaryimage\"},\"image\":{\"@id\":\"https:\/\/miumjau.ee\/fi\/tuote\/koiran-peti-bodyguard-sofa-bed-harmaa-s\/#primaryimage\"},\"thumbnailUrl\":\"https:\/\/miumjau.ee\/wp-content\/uploads\/2025\/12\/bodyguard-sofa-bed-s-hall.jpg\",\"datePublished\":\"2025-12-02T10:53:42+00:00\",\"dateModified\":\"2026-01-07T20:46:00+00:00\",\"breadcrumb\":{\"@id\":\"https:\/\/miumjau.ee\/fi\/tuote\/koiran-peti-bodyguard-sofa-bed-harmaa-s\/#breadcrumb\"},\"inLanguage\":\"fi\",\"potentialAction\":[{\"@type\":\"ReadAction\",\"target\":[\"https:\/\/miumjau.ee\/fi\/tuote\/koiran-peti-bodyguard-sofa-bed-harmaa-s\/\"]}]},{\"@type\":\"ImageObject\",\"inLanguage\":\"fi\",\"@id\":\"https:\/\/miumjau.ee\/fi\/tuote\/koiran-peti-bodyguard-sofa-bed-harmaa-s\/#primaryimage\",\"url\":\"https:\/\/miumjau.ee\/wp-content\/uploads\/2025\/12\/bodyguard-sofa-bed-s-hall.jpg\",\"contentUrl\":\"https:\/\/miumjau.ee\/wp-content\/uploads\/2025\/12\/bodyguard-sofa-bed-s-hall.jpg\",\"width\":600,\"height\":800,\"caption\":\"Pesa koerale Bodyguard Sofa Bed Grey S\"},{\"@type\":\"BreadcrumbList\",\"@id\":\"https:\/\/miumjau.ee\/fi\/tuote\/koiran-peti-bodyguard-sofa-bed-harmaa-s\/#breadcrumb\",\"itemListElement\":[{\"@type\":\"ListItem\",\"position\":1,\"name\":\"Home\",\"item\":\"https:\/\/miumjau.ee\/fi\/\"},{\"@type\":\"ListItem\",\"position\":2,\"name\":\"Kauppa\",\"item\":\"https:\/\/miumjau.ee\/fi\/kauppa\/\"},{\"@type\":\"ListItem\",\"position\":3,\"name\":\"Koiran peti Bodyguard Sofa Bed Harmaa S\"}]},{\"@type\":\"WebSite\",\"@id\":\"https:\/\/miumjau.ee\/#website\",\"url\":\"https:\/\/miumjau.ee\/\",\"name\":\"MiuMjau\",\"description\":\"Kraapimispuud kassidele\",\"publisher\":{\"@id\":\"https:\/\/miumjau.ee\/#organization\"},\"potentialAction\":[{\"@type\":\"SearchAction\",\"target\":{\"@type\":\"EntryPoint\",\"urlTemplate\":\"https:\/\/miumjau.ee\/?s={search_term_string}\"},\"query-input\":{\"@type\":\"PropertyValueSpecification\",\"valueRequired\":true,\"valueName\":\"search_term_string\"}}],\"inLanguage\":\"fi\"},{\"@type\":\"Organization\",\"@id\":\"https:\/\/miumjau.ee\/#organization\",\"name\":\"MiuMjau O\u00dc\",\"url\":\"https:\/\/miumjau.ee\/\",\"logo\":{\"@type\":\"ImageObject\",\"inLanguage\":\"fi\",\"@id\":\"https:\/\/miumjau.ee\/#\/schema\/logo\/image\/\",\"url\":\"https:\/\/miumjau.ee\/wp-content\/uploads\/2022\/04\/MiuMjau-logo-kollane.png\",\"contentUrl\":\"https:\/\/miumjau.ee\/wp-content\/uploads\/2022\/04\/MiuMjau-logo-kollane.png\",\"width\":219,\"height\":100,\"caption\":\"MiuMjau O\u00dc\"},\"image\":{\"@id\":\"https:\/\/miumjau.ee\/#\/schema\/logo\/image\/\"},\"sameAs\":[\"https:\/\/www.facebook.com\/miumjaupood\/\"]}]}<\/script>\n<!-- \/ Yoast SEO plugin. -->","yoast_head_json":{"title":"Koiran peti Bodyguard Sofa Bed Harmaa S - MiuMjau","robots":{"index":"index","follow":"follow","max-snippet":"max-snippet:-1","max-image-preview":"max-image-preview:large","max-video-preview":"max-video-preview:-1"},"canonical":"https:\/\/miumjau.ee\/fi\/tuote\/koiran-peti-bodyguard-sofa-bed-harmaa-s\/","og_locale":"fi_FI","og_type":"article","og_title":"Koiran peti Bodyguard Sofa Bed Harmaa S - MiuMjau","og_description":"T\u00e4m\u00e4 erinomainen koiranpeti on varustettu erityisen vahvalla t\u00e4ytteell\u00e4, joka takaa optimaalisen mukavuuden ja t\u00e4ydellisen y\u00f6unen. Petin yl\u00e4osa suojaa koiraasi erityisesti k\u00e4sitellyn INSECT BODYGUARD -suojan ansiosta, ja alaosa on p\u00e4\u00e4llystetty ainutlaatuisella liukumattomalla materiaalilla. Kun koira makaa pedill\u00e4, punkit, kirput, p\u00f6lypunkit, hyttyset ja muut hy\u00f6nteiset joutuvat kosketuksiin ja tuhoutuvat. Toimintaperiaate: INSECT BODYGUARD Sofa on k\u00e4sitelty biotsidilla Permithin, joka sis\u00e4lt\u00e4\u00e4 aktiivisen uutteet, perustuen luonnolliseen krysanteemin eritteeseen. T\u00e4m\u00e4 aine on vaaraton ihmisille ja el\u00e4imille, mutta tappava hy\u00f6nteisille. Aktiivinen aine ei vuoda ulos pedist\u00e4, tarjoten jatkuvaa suojaa. Kesto: INSECT BODYGUARD vaikutus kest\u00e4\u00e4 jopa 75 pesua. Optimaalisen suojan takaamiseksi suosittelemme pedin s\u00e4\u00e4nn\u00f6llist\u00e4 pesua p\u00f6lyn, lian ja karvojen poistamiseksi. Materiaalit:P\u00e4\u00e4llinen: 65 % polyesteri\u00e4, 35 % puuvillaaAlapuoli: liukumaton, 100 % polyesteri\u00e4T\u00e4yte: 100 % polyesteri (silikoni) Koko: S \u2013 65 x 55 cm","og_url":"https:\/\/miumjau.ee\/fi\/tuote\/koiran-peti-bodyguard-sofa-bed-harmaa-s\/","og_site_name":"MiuMjau","article_publisher":"https:\/\/www.facebook.com\/miumjaupood\/","article_modified_time":"2026-01-07T20:46:00+00:00","og_image":[{"width":600,"height":800,"url":"https:\/\/miumjau.ee\/wp-content\/uploads\/2025\/12\/bodyguard-sofa-bed-s-hall.jpg","type":"image\/jpeg"}],"twitter_card":"summary_large_image","schema":{"@context":"https:\/\/schema.org","@graph":[{"@type":"WebPage","@id":"https:\/\/miumjau.ee\/fi\/tuote\/koiran-peti-bodyguard-sofa-bed-harmaa-s\/","url":"https:\/\/miumjau.ee\/fi\/tuote\/koiran-peti-bodyguard-sofa-bed-harmaa-s\/","name":"Koiran peti Bodyguard Sofa Bed Harmaa S - MiuMjau","isPartOf":{"@id":"https:\/\/miumjau.ee\/#website"},"primaryImageOfPage":{"@id":"https:\/\/miumjau.ee\/fi\/tuote\/koiran-peti-bodyguard-sofa-bed-harmaa-s\/#primaryimage"},"image":{"@id":"https:\/\/miumjau.ee\/fi\/tuote\/koiran-peti-bodyguard-sofa-bed-harmaa-s\/#primaryimage"},"thumbnailUrl":"https:\/\/miumjau.ee\/wp-content\/uploads\/2025\/12\/bodyguard-sofa-bed-s-hall.jpg","datePublished":"2025-12-02T10:53:42+00:00","dateModified":"2026-01-07T20:46:00+00:00","breadcrumb":{"@id":"https:\/\/miumjau.ee\/fi\/tuote\/koiran-peti-bodyguard-sofa-bed-harmaa-s\/#breadcrumb"},"inLanguage":"fi","potentialAction":[{"@type":"ReadAction","target":["https:\/\/miumjau.ee\/fi\/tuote\/koiran-peti-bodyguard-sofa-bed-harmaa-s\/"]}]},{"@type":"ImageObject","inLanguage":"fi","@id":"https:\/\/miumjau.ee\/fi\/tuote\/koiran-peti-bodyguard-sofa-bed-harmaa-s\/#primaryimage","url":"https:\/\/miumjau.ee\/wp-content\/uploads\/2025\/12\/bodyguard-sofa-bed-s-hall.jpg","contentUrl":"https:\/\/miumjau.ee\/wp-content\/uploads\/2025\/12\/bodyguard-sofa-bed-s-hall.jpg","width":600,"height":800,"caption":"Pesa koerale Bodyguard Sofa Bed Grey S"},{"@type":"BreadcrumbList","@id":"https:\/\/miumjau.ee\/fi\/tuote\/koiran-peti-bodyguard-sofa-bed-harmaa-s\/#breadcrumb","itemListElement":[{"@type":"ListItem","position":1,"name":"Home","item":"https:\/\/miumjau.ee\/fi\/"},{"@type":"ListItem","position":2,"name":"Kauppa","item":"https:\/\/miumjau.ee\/fi\/kauppa\/"},{"@type":"ListItem","position":3,"name":"Koiran peti Bodyguard Sofa Bed Harmaa S"}]},{"@type":"WebSite","@id":"https:\/\/miumjau.ee\/#website","url":"https:\/\/miumjau.ee\/","name":"MiuMjau","description":"Kraapimispuud kassidele","publisher":{"@id":"https:\/\/miumjau.ee\/#organization"},"potentialAction":[{"@type":"SearchAction","target":{"@type":"EntryPoint","urlTemplate":"https:\/\/miumjau.ee\/?s={search_term_string}"},"query-input":{"@type":"PropertyValueSpecification","valueRequired":true,"valueName":"search_term_string"}}],"inLanguage":"fi"},{"@type":"Organization","@id":"https:\/\/miumjau.ee\/#organization","name":"MiuMjau O\u00dc","url":"https:\/\/miumjau.ee\/","logo":{"@type":"ImageObject","inLanguage":"fi","@id":"https:\/\/miumjau.ee\/#\/schema\/logo\/image\/","url":"https:\/\/miumjau.ee\/wp-content\/uploads\/2022\/04\/MiuMjau-logo-kollane.png","contentUrl":"https:\/\/miumjau.ee\/wp-content\/uploads\/2022\/04\/MiuMjau-logo-kollane.png","width":219,"height":100,"caption":"MiuMjau O\u00dc"},"image":{"@id":"https:\/\/miumjau.ee\/#\/schema\/logo\/image\/"},"sameAs":["https:\/\/www.facebook.com\/miumjaupood\/"]}]}},"_links":{"self":[{"href":"https:\/\/miumjau.ee\/fi\/wp-json\/wp\/v2\/product\/47117","targetHints":{"allow":["GET"]}}],"collection":[{"href":"https:\/\/miumjau.ee\/fi\/wp-json\/wp\/v2\/product"}],"about":[{"href":"https:\/\/miumjau.ee\/fi\/wp-json\/wp\/v2\/types\/product"}],"wp:featuredmedia":[{"embeddable":true,"href":"https:\/\/miumjau.ee\/fi\/wp-json\/wp\/v2\/media\/46532"}],"wp:attachment":[{"href":"https:\/\/miumjau.ee\/fi\/wp-json\/wp\/v2\/media?parent=47117"}],"wp:term":[{"taxonomy":"product_brand","embeddable":true,"href":"https:\/\/miumjau.ee\/fi\/wp-json\/wp\/v2\/product_brand?post=47117"},{"taxonomy":"product_cat","embeddable":true,"href":"https:\/\/miumjau.ee\/fi\/wp-json\/wp\/v2\/product_cat?post=47117"},{"taxonomy":"product_tag","embeddable":true,"href":"https:\/\/miumjau.ee\/fi\/wp-json\/wp\/v2\/product_tag?post=47117"}],"curies":[{"name":"wp","href":"https:\/\/api.w.org\/{rel}","templated":true}]}}