{"id":47102,"date":"2025-12-02T11:17:51","date_gmt":"2025-12-02T09:17:51","guid":{"rendered":"https:\/\/miumjau.ee\/toode\/nightwalk-valo-kaulapannalle-oranssi\/"},"modified":"2026-01-07T22:46:00","modified_gmt":"2026-01-07T20:46:00","slug":"nightwalk-valo-kaulapannalle-oranssi","status":"publish","type":"product","link":"https:\/\/miumjau.ee\/fi\/tuote\/nightwalk-valo-kaulapannalle-oranssi\/","title":{"rendered":"Nightwalk-valo kaulapannalle, oranssi"},"content":{"rendered":"","protected":false},"excerpt":{"rendered":"<p data-start=\"260\" data-end=\"345\">Pid\u00e4 koira turvassa my\u00f6s pime\u00e4ss\u00e4! Valo on tarkoitettu kiinnitett\u00e4v\u00e4ksi kaulapantaan.<\/p>\n<p data-start=\"347\" data-end=\"514\">Voit valita kahden tilan v\u00e4lill\u00e4: jatkuva valo tai vilkkuva valo. Paristot sis\u00e4ltyv\u00e4t pakkaukseen ja kest\u00e4v\u00e4t jopa 100 tuntia. Valo n\u00e4kyy jopa 200 metrin et\u00e4isyydelt\u00e4.<\/p>\n<p data-start=\"516\" data-end=\"646\">Varmista, ett\u00e4 koira on hyvin n\u00e4kyviss\u00e4 pime\u00e4\u00e4n aikaan tai harmaana talvip\u00e4iv\u00e4n\u00e4. N\u00e4in voit ulkoilla turvallisesti my\u00f6s h\u00e4m\u00e4r\u00e4ss\u00e4!<\/p>\n","protected":false},"featured_media":46461,"template":"","meta":[],"product_brand":[],"product_cat":[483],"product_tag":[],"class_list":{"0":"post-47102","1":"product","2":"type-product","3":"status-publish","4":"has-post-thumbnail","6":"product_cat-hoitotuotteet-koirille","8":"first","9":"instock","10":"taxable","11":"shipping-taxable","12":"purchasable","13":"product-type-simple"},"yoast_head":"<!-- This site is optimized with the Yoast SEO plugin v27.2 - https:\/\/yoast.com\/product\/yoast-seo-wordpress\/ -->\n<title>Nightwalk-valo kaulapannalle, oranssi - MiuMjau<\/title>\n<meta name=\"robots\" content=\"index, follow, max-snippet:-1, max-image-preview:large, max-video-preview:-1\" \/>\n<link rel=\"canonical\" href=\"https:\/\/miumjau.ee\/fi\/tuote\/nightwalk-valo-kaulapannalle-oranssi\/\" \/>\n<meta property=\"og:locale\" content=\"fi_FI\" \/>\n<meta property=\"og:type\" content=\"article\" \/>\n<meta property=\"og:title\" content=\"Nightwalk-valo kaulapannalle, oranssi - MiuMjau\" \/>\n<meta property=\"og:description\" content=\"Pid\u00e4 koira turvassa my\u00f6s pime\u00e4ss\u00e4! Valo on tarkoitettu kiinnitett\u00e4v\u00e4ksi kaulapantaan. Voit valita kahden tilan v\u00e4lill\u00e4: jatkuva valo tai vilkkuva valo. Paristot sis\u00e4ltyv\u00e4t pakkaukseen ja kest\u00e4v\u00e4t jopa 100 tuntia. Valo n\u00e4kyy jopa 200 metrin et\u00e4isyydelt\u00e4. Varmista, ett\u00e4 koira on hyvin n\u00e4kyviss\u00e4 pime\u00e4\u00e4n aikaan tai harmaana talvip\u00e4iv\u00e4n\u00e4. N\u00e4in voit ulkoilla turvallisesti my\u00f6s h\u00e4m\u00e4r\u00e4ss\u00e4!\" \/>\n<meta property=\"og:url\" content=\"https:\/\/miumjau.ee\/fi\/tuote\/nightwalk-valo-kaulapannalle-oranssi\/\" \/>\n<meta property=\"og:site_name\" content=\"MiuMjau\" \/>\n<meta property=\"article:publisher\" content=\"https:\/\/www.facebook.com\/miumjaupood\/\" \/>\n<meta property=\"article:modified_time\" content=\"2026-01-07T20:46:00+00:00\" \/>\n<meta property=\"og:image\" content=\"https:\/\/miumjau.ee\/wp-content\/uploads\/2025\/12\/nightwalk-lamp-koerale4.jpg\" \/>\n\t<meta property=\"og:image:width\" content=\"600\" \/>\n\t<meta property=\"og:image:height\" content=\"800\" \/>\n\t<meta property=\"og:image:type\" content=\"image\/jpeg\" \/>\n<meta name=\"twitter:card\" content=\"summary_large_image\" \/>\n<script type=\"application\/ld+json\" class=\"yoast-schema-graph\">{\"@context\":\"https:\/\/schema.org\",\"@graph\":[{\"@type\":\"WebPage\",\"@id\":\"https:\/\/miumjau.ee\/fi\/tuote\/nightwalk-valo-kaulapannalle-oranssi\/\",\"url\":\"https:\/\/miumjau.ee\/fi\/tuote\/nightwalk-valo-kaulapannalle-oranssi\/\",\"name\":\"Nightwalk-valo kaulapannalle, oranssi - MiuMjau\",\"isPartOf\":{\"@id\":\"https:\/\/miumjau.ee\/#website\"},\"primaryImageOfPage\":{\"@id\":\"https:\/\/miumjau.ee\/fi\/tuote\/nightwalk-valo-kaulapannalle-oranssi\/#primaryimage\"},\"image\":{\"@id\":\"https:\/\/miumjau.ee\/fi\/tuote\/nightwalk-valo-kaulapannalle-oranssi\/#primaryimage\"},\"thumbnailUrl\":\"https:\/\/miumjau.ee\/wp-content\/uploads\/2025\/12\/nightwalk-lamp-koerale4.jpg\",\"datePublished\":\"2025-12-02T09:17:51+00:00\",\"dateModified\":\"2026-01-07T20:46:00+00:00\",\"breadcrumb\":{\"@id\":\"https:\/\/miumjau.ee\/fi\/tuote\/nightwalk-valo-kaulapannalle-oranssi\/#breadcrumb\"},\"inLanguage\":\"fi\",\"potentialAction\":[{\"@type\":\"ReadAction\",\"target\":[\"https:\/\/miumjau.ee\/fi\/tuote\/nightwalk-valo-kaulapannalle-oranssi\/\"]}]},{\"@type\":\"ImageObject\",\"inLanguage\":\"fi\",\"@id\":\"https:\/\/miumjau.ee\/fi\/tuote\/nightwalk-valo-kaulapannalle-oranssi\/#primaryimage\",\"url\":\"https:\/\/miumjau.ee\/wp-content\/uploads\/2025\/12\/nightwalk-lamp-koerale4.jpg\",\"contentUrl\":\"https:\/\/miumjau.ee\/wp-content\/uploads\/2025\/12\/nightwalk-lamp-koerale4.jpg\",\"width\":600,\"height\":800,\"caption\":\"Nightwalk valgustus kaelarihmale, oranz\"},{\"@type\":\"BreadcrumbList\",\"@id\":\"https:\/\/miumjau.ee\/fi\/tuote\/nightwalk-valo-kaulapannalle-oranssi\/#breadcrumb\",\"itemListElement\":[{\"@type\":\"ListItem\",\"position\":1,\"name\":\"Home\",\"item\":\"https:\/\/miumjau.ee\/fi\/\"},{\"@type\":\"ListItem\",\"position\":2,\"name\":\"Kauppa\",\"item\":\"https:\/\/miumjau.ee\/fi\/kauppa\/\"},{\"@type\":\"ListItem\",\"position\":3,\"name\":\"Nightwalk-valo kaulapannalle, oranssi\"}]},{\"@type\":\"WebSite\",\"@id\":\"https:\/\/miumjau.ee\/#website\",\"url\":\"https:\/\/miumjau.ee\/\",\"name\":\"MiuMjau\",\"description\":\"Kraapimispuud kassidele\",\"publisher\":{\"@id\":\"https:\/\/miumjau.ee\/#organization\"},\"potentialAction\":[{\"@type\":\"SearchAction\",\"target\":{\"@type\":\"EntryPoint\",\"urlTemplate\":\"https:\/\/miumjau.ee\/?s={search_term_string}\"},\"query-input\":{\"@type\":\"PropertyValueSpecification\",\"valueRequired\":true,\"valueName\":\"search_term_string\"}}],\"inLanguage\":\"fi\"},{\"@type\":\"Organization\",\"@id\":\"https:\/\/miumjau.ee\/#organization\",\"name\":\"MiuMjau O\u00dc\",\"url\":\"https:\/\/miumjau.ee\/\",\"logo\":{\"@type\":\"ImageObject\",\"inLanguage\":\"fi\",\"@id\":\"https:\/\/miumjau.ee\/#\/schema\/logo\/image\/\",\"url\":\"https:\/\/miumjau.ee\/wp-content\/uploads\/2022\/04\/MiuMjau-logo-kollane.png\",\"contentUrl\":\"https:\/\/miumjau.ee\/wp-content\/uploads\/2022\/04\/MiuMjau-logo-kollane.png\",\"width\":219,\"height\":100,\"caption\":\"MiuMjau O\u00dc\"},\"image\":{\"@id\":\"https:\/\/miumjau.ee\/#\/schema\/logo\/image\/\"},\"sameAs\":[\"https:\/\/www.facebook.com\/miumjaupood\/\"]}]}<\/script>\n<!-- \/ Yoast SEO plugin. -->","yoast_head_json":{"title":"Nightwalk-valo kaulapannalle, oranssi - MiuMjau","robots":{"index":"index","follow":"follow","max-snippet":"max-snippet:-1","max-image-preview":"max-image-preview:large","max-video-preview":"max-video-preview:-1"},"canonical":"https:\/\/miumjau.ee\/fi\/tuote\/nightwalk-valo-kaulapannalle-oranssi\/","og_locale":"fi_FI","og_type":"article","og_title":"Nightwalk-valo kaulapannalle, oranssi - MiuMjau","og_description":"Pid\u00e4 koira turvassa my\u00f6s pime\u00e4ss\u00e4! Valo on tarkoitettu kiinnitett\u00e4v\u00e4ksi kaulapantaan. Voit valita kahden tilan v\u00e4lill\u00e4: jatkuva valo tai vilkkuva valo. Paristot sis\u00e4ltyv\u00e4t pakkaukseen ja kest\u00e4v\u00e4t jopa 100 tuntia. Valo n\u00e4kyy jopa 200 metrin et\u00e4isyydelt\u00e4. Varmista, ett\u00e4 koira on hyvin n\u00e4kyviss\u00e4 pime\u00e4\u00e4n aikaan tai harmaana talvip\u00e4iv\u00e4n\u00e4. N\u00e4in voit ulkoilla turvallisesti my\u00f6s h\u00e4m\u00e4r\u00e4ss\u00e4!","og_url":"https:\/\/miumjau.ee\/fi\/tuote\/nightwalk-valo-kaulapannalle-oranssi\/","og_site_name":"MiuMjau","article_publisher":"https:\/\/www.facebook.com\/miumjaupood\/","article_modified_time":"2026-01-07T20:46:00+00:00","og_image":[{"width":600,"height":800,"url":"https:\/\/miumjau.ee\/wp-content\/uploads\/2025\/12\/nightwalk-lamp-koerale4.jpg","type":"image\/jpeg"}],"twitter_card":"summary_large_image","schema":{"@context":"https:\/\/schema.org","@graph":[{"@type":"WebPage","@id":"https:\/\/miumjau.ee\/fi\/tuote\/nightwalk-valo-kaulapannalle-oranssi\/","url":"https:\/\/miumjau.ee\/fi\/tuote\/nightwalk-valo-kaulapannalle-oranssi\/","name":"Nightwalk-valo kaulapannalle, oranssi - MiuMjau","isPartOf":{"@id":"https:\/\/miumjau.ee\/#website"},"primaryImageOfPage":{"@id":"https:\/\/miumjau.ee\/fi\/tuote\/nightwalk-valo-kaulapannalle-oranssi\/#primaryimage"},"image":{"@id":"https:\/\/miumjau.ee\/fi\/tuote\/nightwalk-valo-kaulapannalle-oranssi\/#primaryimage"},"thumbnailUrl":"https:\/\/miumjau.ee\/wp-content\/uploads\/2025\/12\/nightwalk-lamp-koerale4.jpg","datePublished":"2025-12-02T09:17:51+00:00","dateModified":"2026-01-07T20:46:00+00:00","breadcrumb":{"@id":"https:\/\/miumjau.ee\/fi\/tuote\/nightwalk-valo-kaulapannalle-oranssi\/#breadcrumb"},"inLanguage":"fi","potentialAction":[{"@type":"ReadAction","target":["https:\/\/miumjau.ee\/fi\/tuote\/nightwalk-valo-kaulapannalle-oranssi\/"]}]},{"@type":"ImageObject","inLanguage":"fi","@id":"https:\/\/miumjau.ee\/fi\/tuote\/nightwalk-valo-kaulapannalle-oranssi\/#primaryimage","url":"https:\/\/miumjau.ee\/wp-content\/uploads\/2025\/12\/nightwalk-lamp-koerale4.jpg","contentUrl":"https:\/\/miumjau.ee\/wp-content\/uploads\/2025\/12\/nightwalk-lamp-koerale4.jpg","width":600,"height":800,"caption":"Nightwalk valgustus kaelarihmale, oranz"},{"@type":"BreadcrumbList","@id":"https:\/\/miumjau.ee\/fi\/tuote\/nightwalk-valo-kaulapannalle-oranssi\/#breadcrumb","itemListElement":[{"@type":"ListItem","position":1,"name":"Home","item":"https:\/\/miumjau.ee\/fi\/"},{"@type":"ListItem","position":2,"name":"Kauppa","item":"https:\/\/miumjau.ee\/fi\/kauppa\/"},{"@type":"ListItem","position":3,"name":"Nightwalk-valo kaulapannalle, oranssi"}]},{"@type":"WebSite","@id":"https:\/\/miumjau.ee\/#website","url":"https:\/\/miumjau.ee\/","name":"MiuMjau","description":"Kraapimispuud kassidele","publisher":{"@id":"https:\/\/miumjau.ee\/#organization"},"potentialAction":[{"@type":"SearchAction","target":{"@type":"EntryPoint","urlTemplate":"https:\/\/miumjau.ee\/?s={search_term_string}"},"query-input":{"@type":"PropertyValueSpecification","valueRequired":true,"valueName":"search_term_string"}}],"inLanguage":"fi"},{"@type":"Organization","@id":"https:\/\/miumjau.ee\/#organization","name":"MiuMjau O\u00dc","url":"https:\/\/miumjau.ee\/","logo":{"@type":"ImageObject","inLanguage":"fi","@id":"https:\/\/miumjau.ee\/#\/schema\/logo\/image\/","url":"https:\/\/miumjau.ee\/wp-content\/uploads\/2022\/04\/MiuMjau-logo-kollane.png","contentUrl":"https:\/\/miumjau.ee\/wp-content\/uploads\/2022\/04\/MiuMjau-logo-kollane.png","width":219,"height":100,"caption":"MiuMjau O\u00dc"},"image":{"@id":"https:\/\/miumjau.ee\/#\/schema\/logo\/image\/"},"sameAs":["https:\/\/www.facebook.com\/miumjaupood\/"]}]}},"_links":{"self":[{"href":"https:\/\/miumjau.ee\/fi\/wp-json\/wp\/v2\/product\/47102","targetHints":{"allow":["GET"]}}],"collection":[{"href":"https:\/\/miumjau.ee\/fi\/wp-json\/wp\/v2\/product"}],"about":[{"href":"https:\/\/miumjau.ee\/fi\/wp-json\/wp\/v2\/types\/product"}],"wp:featuredmedia":[{"embeddable":true,"href":"https:\/\/miumjau.ee\/fi\/wp-json\/wp\/v2\/media\/46461"}],"wp:attachment":[{"href":"https:\/\/miumjau.ee\/fi\/wp-json\/wp\/v2\/media?parent=47102"}],"wp:term":[{"taxonomy":"product_brand","embeddable":true,"href":"https:\/\/miumjau.ee\/fi\/wp-json\/wp\/v2\/product_brand?post=47102"},{"taxonomy":"product_cat","embeddable":true,"href":"https:\/\/miumjau.ee\/fi\/wp-json\/wp\/v2\/product_cat?post=47102"},{"taxonomy":"product_tag","embeddable":true,"href":"https:\/\/miumjau.ee\/fi\/wp-json\/wp\/v2\/product_tag?post=47102"}],"curies":[{"name":"wp","href":"https:\/\/api.w.org\/{rel}","templated":true}]}}