{"id":46433,"date":"2025-09-15T16:59:51","date_gmt":"2025-09-15T13:59:51","guid":{"rendered":"https:\/\/miumjau.ee\/toode\/prospera-plus-ster-1-kalkkuna-ja-lampaanlihapate-395g\/"},"modified":"2026-01-07T22:46:07","modified_gmt":"2026-01-07T20:46:07","slug":"prospera-plus-ster-1-kalkkuna-ja-lampaanlihapate-395g","status":"publish","type":"product","link":"https:\/\/miumjau.ee\/fi\/tuote\/prospera-plus-ster-1-kalkkuna-ja-lampaanlihapate-395g\/","title":{"rendered":"Prospera Plus Ster. 1+ kalkkuna- ja lampaanlihapate, 395g"},"content":{"rendered":"","protected":false},"excerpt":{"rendered":"<p data-start=\"174\" data-end=\"317\">T\u00e4ysipainoinen ja tasapainoinen m\u00e4rk\u00e4ruoka \u2013 pate kalkkunaa ja lampaanlihaa aikuisille sterilisoiduille kissoille yli 1 vuoden i\u00e4st\u00e4 l\u00e4htien.<\/p>\n<ul data-start=\"319\" data-end=\"746\">\n<li data-start=\"319\" data-end=\"386\">\n<p data-start=\"321\" data-end=\"386\">Herkullinen pate, jossa korkea lihapitoisuus ja liemen sis\u00e4lt\u00f6.<\/p>\n<\/li>\n<li data-start=\"387\" data-end=\"457\">\n<p data-start=\"389\" data-end=\"457\">Ruokavalio on suunniteltu tukemaan kissasi terveytt\u00e4 ja kauneutta.<\/p>\n<\/li>\n<li data-start=\"458\" data-end=\"518\">\n<p data-start=\"460\" data-end=\"518\">Sis\u00e4lt\u00e4\u00e4 laadukkaita ja helposti sulavia ravintoaineita.<\/p>\n<\/li>\n<li data-start=\"519\" data-end=\"624\">\n<p data-start=\"521\" data-end=\"624\">Sis\u00e4lt\u00e4\u00e4 tauriinia \u2013 v\u00e4ltt\u00e4m\u00e4t\u00f6nt\u00e4 aminohappoa, joka on t\u00e4rke\u00e4 syd\u00e4men terveydelle ja hyv\u00e4lle n\u00e4\u00f6lle.<\/p>\n<\/li>\n<li data-start=\"625\" data-end=\"697\">\n<p data-start=\"627\" data-end=\"697\">Auttaa parantamaan turkin kuntoa, tehden siit\u00e4 kiilt\u00e4v\u00e4n ja terveen.<\/p>\n<\/li>\n<li data-start=\"698\" data-end=\"746\">\n<p data-start=\"700\" data-end=\"746\">Soijaton, viljaton ja lis\u00e4tyn sokerin vapaa.<\/p>\n<\/li>\n<\/ul>\n<p data-start=\"748\" data-end=\"843\"><strong data-start=\"748\" data-end=\"762\">Ainesosat:<\/strong> kalkkunanliha 42%, liemi 43%, lampaanliha 14%, kala\u00f6ljy 0,5%, mineraalit 0,5%.<\/p>\n<p data-start=\"845\" data-end=\"958\"><strong data-start=\"845\" data-end=\"872\">Analyyttinen koostumus:<\/strong> raakavalkuainen 7,5%, raakarasva 5%, raakatuhka 2,5%, raakakuitu 0,5%, kosteus 78%.<\/p>\n","protected":false},"featured_media":39409,"template":"","meta":[],"product_brand":[],"product_cat":[264],"product_tag":[],"class_list":{"0":"post-46433","1":"product","2":"type-product","3":"status-publish","4":"has-post-thumbnail","6":"product_cat-marka-ruoka","8":"first","9":"instock","10":"taxable","11":"shipping-taxable","12":"purchasable","13":"product-type-simple"},"yoast_head":"<!-- This site is optimized with the Yoast SEO plugin v27.4 - https:\/\/yoast.com\/product\/yoast-seo-wordpress\/ -->\n<title>Prospera Plus Ster. 1+ kalkkuna- ja lampaanlihapate, 395g - MiuMjau<\/title>\n<meta name=\"robots\" content=\"index, follow, max-snippet:-1, max-image-preview:large, max-video-preview:-1\" \/>\n<link rel=\"canonical\" href=\"https:\/\/miumjau.ee\/fi\/tuote\/prospera-plus-ster-1-kalkkuna-ja-lampaanlihapate-395g\/\" \/>\n<meta property=\"og:locale\" content=\"fi_FI\" \/>\n<meta property=\"og:type\" content=\"article\" \/>\n<meta property=\"og:title\" content=\"Prospera Plus Ster. 1+ kalkkuna- ja lampaanlihapate, 395g - MiuMjau\" \/>\n<meta property=\"og:description\" content=\"T\u00e4ysipainoinen ja tasapainoinen m\u00e4rk\u00e4ruoka \u2013 pate kalkkunaa ja lampaanlihaa aikuisille sterilisoiduille kissoille yli 1 vuoden i\u00e4st\u00e4 l\u00e4htien.     Herkullinen pate, jossa korkea lihapitoisuus ja liemen sis\u00e4lt\u00f6.    Ruokavalio on suunniteltu tukemaan kissasi terveytt\u00e4 ja kauneutta.    Sis\u00e4lt\u00e4\u00e4 laadukkaita ja helposti sulavia ravintoaineita.    Sis\u00e4lt\u00e4\u00e4 tauriinia \u2013 v\u00e4ltt\u00e4m\u00e4t\u00f6nt\u00e4 aminohappoa, joka on t\u00e4rke\u00e4 syd\u00e4men terveydelle ja hyv\u00e4lle n\u00e4\u00f6lle.    Auttaa parantamaan turkin kuntoa, tehden siit\u00e4 kiilt\u00e4v\u00e4n ja terveen.    Soijaton, viljaton ja lis\u00e4tyn sokerin vapaa.   Ainesosat: kalkkunanliha 42%, liemi 43%, lampaanliha 14%, kala\u00f6ljy 0,5%, mineraalit 0,5%. Analyyttinen koostumus: raakavalkuainen 7,5%, raakarasva 5%, raakatuhka 2,5%, raakakuitu 0,5%, kosteus 78%.\" \/>\n<meta property=\"og:url\" content=\"https:\/\/miumjau.ee\/fi\/tuote\/prospera-plus-ster-1-kalkkuna-ja-lampaanlihapate-395g\/\" \/>\n<meta property=\"og:site_name\" content=\"MiuMjau\" \/>\n<meta property=\"article:publisher\" content=\"https:\/\/www.facebook.com\/miumjaupood\/\" \/>\n<meta property=\"article:modified_time\" content=\"2026-01-07T20:46:07+00:00\" \/>\n<meta property=\"og:image\" content=\"https:\/\/miumjau.ee\/wp-content\/uploads\/2025\/09\/prospera-kassi-konserv-395g6.jpg\" \/>\n\t<meta property=\"og:image:width\" content=\"600\" \/>\n\t<meta property=\"og:image:height\" content=\"800\" \/>\n\t<meta property=\"og:image:type\" content=\"image\/jpeg\" \/>\n<meta name=\"twitter:card\" content=\"summary_large_image\" \/>\n<script type=\"application\/ld+json\" class=\"yoast-schema-graph\">{\"@context\":\"https:\\\/\\\/schema.org\",\"@graph\":[{\"@type\":\"WebPage\",\"@id\":\"https:\\\/\\\/miumjau.ee\\\/fi\\\/tuote\\\/prospera-plus-ster-1-kalkkuna-ja-lampaanlihapate-395g\\\/\",\"url\":\"https:\\\/\\\/miumjau.ee\\\/fi\\\/tuote\\\/prospera-plus-ster-1-kalkkuna-ja-lampaanlihapate-395g\\\/\",\"name\":\"Prospera Plus Ster. 1+ kalkkuna- ja lampaanlihapate, 395g - MiuMjau\",\"isPartOf\":{\"@id\":\"https:\\\/\\\/miumjau.ee\\\/#website\"},\"primaryImageOfPage\":{\"@id\":\"https:\\\/\\\/miumjau.ee\\\/fi\\\/tuote\\\/prospera-plus-ster-1-kalkkuna-ja-lampaanlihapate-395g\\\/#primaryimage\"},\"image\":{\"@id\":\"https:\\\/\\\/miumjau.ee\\\/fi\\\/tuote\\\/prospera-plus-ster-1-kalkkuna-ja-lampaanlihapate-395g\\\/#primaryimage\"},\"thumbnailUrl\":\"https:\\\/\\\/miumjau.ee\\\/wp-content\\\/uploads\\\/2025\\\/09\\\/prospera-kassi-konserv-395g6.jpg\",\"datePublished\":\"2025-09-15T13:59:51+00:00\",\"dateModified\":\"2026-01-07T20:46:07+00:00\",\"breadcrumb\":{\"@id\":\"https:\\\/\\\/miumjau.ee\\\/fi\\\/tuote\\\/prospera-plus-ster-1-kalkkuna-ja-lampaanlihapate-395g\\\/#breadcrumb\"},\"inLanguage\":\"fi\",\"potentialAction\":[{\"@type\":\"ReadAction\",\"target\":[\"https:\\\/\\\/miumjau.ee\\\/fi\\\/tuote\\\/prospera-plus-ster-1-kalkkuna-ja-lampaanlihapate-395g\\\/\"]}]},{\"@type\":\"ImageObject\",\"inLanguage\":\"fi\",\"@id\":\"https:\\\/\\\/miumjau.ee\\\/fi\\\/tuote\\\/prospera-plus-ster-1-kalkkuna-ja-lampaanlihapate-395g\\\/#primaryimage\",\"url\":\"https:\\\/\\\/miumjau.ee\\\/wp-content\\\/uploads\\\/2025\\\/09\\\/prospera-kassi-konserv-395g6.jpg\",\"contentUrl\":\"https:\\\/\\\/miumjau.ee\\\/wp-content\\\/uploads\\\/2025\\\/09\\\/prospera-kassi-konserv-395g6.jpg\",\"width\":600,\"height\":800,\"caption\":\"Prospera Plus Ster. 1+ kalkuni- ja lambapasteet 395g\"},{\"@type\":\"BreadcrumbList\",\"@id\":\"https:\\\/\\\/miumjau.ee\\\/fi\\\/tuote\\\/prospera-plus-ster-1-kalkkuna-ja-lampaanlihapate-395g\\\/#breadcrumb\",\"itemListElement\":[{\"@type\":\"ListItem\",\"position\":1,\"name\":\"Home\",\"item\":\"https:\\\/\\\/miumjau.ee\\\/fi\\\/\"},{\"@type\":\"ListItem\",\"position\":2,\"name\":\"Kauppa\",\"item\":\"https:\\\/\\\/miumjau.ee\\\/fi\\\/kauppa\\\/\"},{\"@type\":\"ListItem\",\"position\":3,\"name\":\"Prospera Plus Ster. 1+ kalkkuna- ja lampaanlihapate, 395g\"}]},{\"@type\":\"WebSite\",\"@id\":\"https:\\\/\\\/miumjau.ee\\\/#website\",\"url\":\"https:\\\/\\\/miumjau.ee\\\/\",\"name\":\"MiuMjau\",\"description\":\"Kraapimispuud kassidele\",\"publisher\":{\"@id\":\"https:\\\/\\\/miumjau.ee\\\/#organization\"},\"potentialAction\":[{\"@type\":\"SearchAction\",\"target\":{\"@type\":\"EntryPoint\",\"urlTemplate\":\"https:\\\/\\\/miumjau.ee\\\/?s={search_term_string}\"},\"query-input\":{\"@type\":\"PropertyValueSpecification\",\"valueRequired\":true,\"valueName\":\"search_term_string\"}}],\"inLanguage\":\"fi\"},{\"@type\":\"Organization\",\"@id\":\"https:\\\/\\\/miumjau.ee\\\/#organization\",\"name\":\"MiuMjau O\u00dc\",\"url\":\"https:\\\/\\\/miumjau.ee\\\/\",\"logo\":{\"@type\":\"ImageObject\",\"inLanguage\":\"fi\",\"@id\":\"https:\\\/\\\/miumjau.ee\\\/#\\\/schema\\\/logo\\\/image\\\/\",\"url\":\"https:\\\/\\\/miumjau.ee\\\/wp-content\\\/uploads\\\/2022\\\/04\\\/MiuMjau-logo-kollane.png\",\"contentUrl\":\"https:\\\/\\\/miumjau.ee\\\/wp-content\\\/uploads\\\/2022\\\/04\\\/MiuMjau-logo-kollane.png\",\"width\":219,\"height\":100,\"caption\":\"MiuMjau O\u00dc\"},\"image\":{\"@id\":\"https:\\\/\\\/miumjau.ee\\\/#\\\/schema\\\/logo\\\/image\\\/\"},\"sameAs\":[\"https:\\\/\\\/www.facebook.com\\\/miumjaupood\\\/\"]}]}<\/script>\n<!-- \/ Yoast SEO plugin. -->","yoast_head_json":{"title":"Prospera Plus Ster. 1+ kalkkuna- ja lampaanlihapate, 395g - MiuMjau","robots":{"index":"index","follow":"follow","max-snippet":"max-snippet:-1","max-image-preview":"max-image-preview:large","max-video-preview":"max-video-preview:-1"},"canonical":"https:\/\/miumjau.ee\/fi\/tuote\/prospera-plus-ster-1-kalkkuna-ja-lampaanlihapate-395g\/","og_locale":"fi_FI","og_type":"article","og_title":"Prospera Plus Ster. 1+ kalkkuna- ja lampaanlihapate, 395g - MiuMjau","og_description":"T\u00e4ysipainoinen ja tasapainoinen m\u00e4rk\u00e4ruoka \u2013 pate kalkkunaa ja lampaanlihaa aikuisille sterilisoiduille kissoille yli 1 vuoden i\u00e4st\u00e4 l\u00e4htien.     Herkullinen pate, jossa korkea lihapitoisuus ja liemen sis\u00e4lt\u00f6.    Ruokavalio on suunniteltu tukemaan kissasi terveytt\u00e4 ja kauneutta.    Sis\u00e4lt\u00e4\u00e4 laadukkaita ja helposti sulavia ravintoaineita.    Sis\u00e4lt\u00e4\u00e4 tauriinia \u2013 v\u00e4ltt\u00e4m\u00e4t\u00f6nt\u00e4 aminohappoa, joka on t\u00e4rke\u00e4 syd\u00e4men terveydelle ja hyv\u00e4lle n\u00e4\u00f6lle.    Auttaa parantamaan turkin kuntoa, tehden siit\u00e4 kiilt\u00e4v\u00e4n ja terveen.    Soijaton, viljaton ja lis\u00e4tyn sokerin vapaa.   Ainesosat: kalkkunanliha 42%, liemi 43%, lampaanliha 14%, kala\u00f6ljy 0,5%, mineraalit 0,5%. Analyyttinen koostumus: raakavalkuainen 7,5%, raakarasva 5%, raakatuhka 2,5%, raakakuitu 0,5%, kosteus 78%.","og_url":"https:\/\/miumjau.ee\/fi\/tuote\/prospera-plus-ster-1-kalkkuna-ja-lampaanlihapate-395g\/","og_site_name":"MiuMjau","article_publisher":"https:\/\/www.facebook.com\/miumjaupood\/","article_modified_time":"2026-01-07T20:46:07+00:00","og_image":[{"width":600,"height":800,"url":"https:\/\/miumjau.ee\/wp-content\/uploads\/2025\/09\/prospera-kassi-konserv-395g6.jpg","type":"image\/jpeg"}],"twitter_card":"summary_large_image","schema":{"@context":"https:\/\/schema.org","@graph":[{"@type":"WebPage","@id":"https:\/\/miumjau.ee\/fi\/tuote\/prospera-plus-ster-1-kalkkuna-ja-lampaanlihapate-395g\/","url":"https:\/\/miumjau.ee\/fi\/tuote\/prospera-plus-ster-1-kalkkuna-ja-lampaanlihapate-395g\/","name":"Prospera Plus Ster. 1+ kalkkuna- ja lampaanlihapate, 395g - MiuMjau","isPartOf":{"@id":"https:\/\/miumjau.ee\/#website"},"primaryImageOfPage":{"@id":"https:\/\/miumjau.ee\/fi\/tuote\/prospera-plus-ster-1-kalkkuna-ja-lampaanlihapate-395g\/#primaryimage"},"image":{"@id":"https:\/\/miumjau.ee\/fi\/tuote\/prospera-plus-ster-1-kalkkuna-ja-lampaanlihapate-395g\/#primaryimage"},"thumbnailUrl":"https:\/\/miumjau.ee\/wp-content\/uploads\/2025\/09\/prospera-kassi-konserv-395g6.jpg","datePublished":"2025-09-15T13:59:51+00:00","dateModified":"2026-01-07T20:46:07+00:00","breadcrumb":{"@id":"https:\/\/miumjau.ee\/fi\/tuote\/prospera-plus-ster-1-kalkkuna-ja-lampaanlihapate-395g\/#breadcrumb"},"inLanguage":"fi","potentialAction":[{"@type":"ReadAction","target":["https:\/\/miumjau.ee\/fi\/tuote\/prospera-plus-ster-1-kalkkuna-ja-lampaanlihapate-395g\/"]}]},{"@type":"ImageObject","inLanguage":"fi","@id":"https:\/\/miumjau.ee\/fi\/tuote\/prospera-plus-ster-1-kalkkuna-ja-lampaanlihapate-395g\/#primaryimage","url":"https:\/\/miumjau.ee\/wp-content\/uploads\/2025\/09\/prospera-kassi-konserv-395g6.jpg","contentUrl":"https:\/\/miumjau.ee\/wp-content\/uploads\/2025\/09\/prospera-kassi-konserv-395g6.jpg","width":600,"height":800,"caption":"Prospera Plus Ster. 1+ kalkuni- ja lambapasteet 395g"},{"@type":"BreadcrumbList","@id":"https:\/\/miumjau.ee\/fi\/tuote\/prospera-plus-ster-1-kalkkuna-ja-lampaanlihapate-395g\/#breadcrumb","itemListElement":[{"@type":"ListItem","position":1,"name":"Home","item":"https:\/\/miumjau.ee\/fi\/"},{"@type":"ListItem","position":2,"name":"Kauppa","item":"https:\/\/miumjau.ee\/fi\/kauppa\/"},{"@type":"ListItem","position":3,"name":"Prospera Plus Ster. 1+ kalkkuna- ja lampaanlihapate, 395g"}]},{"@type":"WebSite","@id":"https:\/\/miumjau.ee\/#website","url":"https:\/\/miumjau.ee\/","name":"MiuMjau","description":"Kraapimispuud kassidele","publisher":{"@id":"https:\/\/miumjau.ee\/#organization"},"potentialAction":[{"@type":"SearchAction","target":{"@type":"EntryPoint","urlTemplate":"https:\/\/miumjau.ee\/?s={search_term_string}"},"query-input":{"@type":"PropertyValueSpecification","valueRequired":true,"valueName":"search_term_string"}}],"inLanguage":"fi"},{"@type":"Organization","@id":"https:\/\/miumjau.ee\/#organization","name":"MiuMjau O\u00dc","url":"https:\/\/miumjau.ee\/","logo":{"@type":"ImageObject","inLanguage":"fi","@id":"https:\/\/miumjau.ee\/#\/schema\/logo\/image\/","url":"https:\/\/miumjau.ee\/wp-content\/uploads\/2022\/04\/MiuMjau-logo-kollane.png","contentUrl":"https:\/\/miumjau.ee\/wp-content\/uploads\/2022\/04\/MiuMjau-logo-kollane.png","width":219,"height":100,"caption":"MiuMjau O\u00dc"},"image":{"@id":"https:\/\/miumjau.ee\/#\/schema\/logo\/image\/"},"sameAs":["https:\/\/www.facebook.com\/miumjaupood\/"]}]}},"_links":{"self":[{"href":"https:\/\/miumjau.ee\/fi\/wp-json\/wp\/v2\/product\/46433","targetHints":{"allow":["GET"]}}],"collection":[{"href":"https:\/\/miumjau.ee\/fi\/wp-json\/wp\/v2\/product"}],"about":[{"href":"https:\/\/miumjau.ee\/fi\/wp-json\/wp\/v2\/types\/product"}],"wp:featuredmedia":[{"embeddable":true,"href":"https:\/\/miumjau.ee\/fi\/wp-json\/wp\/v2\/media\/39409"}],"wp:attachment":[{"href":"https:\/\/miumjau.ee\/fi\/wp-json\/wp\/v2\/media?parent=46433"}],"wp:term":[{"taxonomy":"product_brand","embeddable":true,"href":"https:\/\/miumjau.ee\/fi\/wp-json\/wp\/v2\/product_brand?post=46433"},{"taxonomy":"product_cat","embeddable":true,"href":"https:\/\/miumjau.ee\/fi\/wp-json\/wp\/v2\/product_cat?post=46433"},{"taxonomy":"product_tag","embeddable":true,"href":"https:\/\/miumjau.ee\/fi\/wp-json\/wp\/v2\/product_tag?post=46433"}],"curies":[{"name":"wp","href":"https:\/\/api.w.org\/{rel}","templated":true}]}}