{"id":46430,"date":"2025-09-15T16:59:23","date_gmt":"2025-09-15T13:59:23","guid":{"rendered":"https:\/\/miumjau.ee\/toode\/prospera-plus-1-kana-ja-naudanlihapate-395g\/"},"modified":"2026-01-07T22:46:07","modified_gmt":"2026-01-07T20:46:07","slug":"prospera-plus-1-kana-ja-naudanlihapate-395g","status":"publish","type":"product","link":"https:\/\/miumjau.ee\/fi\/tuote\/prospera-plus-1-kana-ja-naudanlihapate-395g\/","title":{"rendered":"Prospera Plus 1+ kana- ja naudanlihapate, 395g"},"content":{"rendered":"","protected":false},"excerpt":{"rendered":"<p data-start=\"163\" data-end=\"277\">T\u00e4ysipainoinen ja tasapainoinen m\u00e4rk\u00e4ruoka kanaa ja naudanlihaa aikuisille kissoille yli 1 vuoden i\u00e4st\u00e4 l\u00e4htien.<\/p>\n<ul data-start=\"279\" data-end=\"677\">\n<li data-start=\"279\" data-end=\"400\">\n<p data-start=\"281\" data-end=\"400\">Herkullinen pate, jossa korkea lihapitoisuus ja liemen sis\u00e4lt\u00f6, tarjoaa kissallesi tarvittavaa terveellist\u00e4 ravintoa.<\/p>\n<\/li>\n<li data-start=\"401\" data-end=\"506\">\n<p data-start=\"403\" data-end=\"506\">Sis\u00e4lt\u00e4\u00e4 tauriinia \u2013 v\u00e4ltt\u00e4m\u00e4t\u00f6nt\u00e4 aminohappoa, joka on t\u00e4rke\u00e4 syd\u00e4men terveydelle ja hyv\u00e4lle n\u00e4\u00f6lle.<\/p>\n<\/li>\n<li data-start=\"507\" data-end=\"581\">\n<p data-start=\"509\" data-end=\"581\">Laadukkaat ja helposti sulavat ravintoaineet auttavat turkin kunnossa.<\/p>\n<\/li>\n<li data-start=\"582\" data-end=\"628\">\n<p data-start=\"584\" data-end=\"628\">Vahvistaa immuunij\u00e4rjestelm\u00e4\u00e4 ja lihaksia.<\/p>\n<\/li>\n<li data-start=\"629\" data-end=\"677\">\n<p data-start=\"631\" data-end=\"677\">Soijaton, viljaton ja lis\u00e4tyn sokerin vapaa.<\/p>\n<\/li>\n<\/ul>\n<p data-start=\"679\" data-end=\"764\"><strong data-start=\"679\" data-end=\"693\">Ainesosat:<\/strong> kana 46%, liemi 38,5%, naudanliha 14%, kala\u00f6ljy 1%, mineraalit 0,5%.<\/p>\n<p data-start=\"766\" data-end=\"877\"><strong data-start=\"766\" data-end=\"793\">Analyyttinen koostumus:<\/strong> raakavalkuainen 9%, raakarasva 6%, raakatuhka 0,5%, raakakuitu 2,5%, kosteus 80%.<\/p>\n","protected":false},"featured_media":39417,"template":"","meta":[],"product_brand":[],"product_cat":[264],"product_tag":[],"class_list":{"0":"post-46430","1":"product","2":"type-product","3":"status-publish","4":"has-post-thumbnail","6":"product_cat-marka-ruoka","8":"first","9":"instock","10":"taxable","11":"shipping-taxable","12":"purchasable","13":"product-type-simple"},"yoast_head":"<!-- This site is optimized with the Yoast SEO plugin v27.4 - https:\/\/yoast.com\/product\/yoast-seo-wordpress\/ -->\n<title>Prospera Plus 1+ kana- ja naudanlihapate, 395g - MiuMjau<\/title>\n<meta name=\"robots\" content=\"index, follow, max-snippet:-1, max-image-preview:large, max-video-preview:-1\" \/>\n<link rel=\"canonical\" href=\"https:\/\/miumjau.ee\/fi\/tuote\/prospera-plus-1-kana-ja-naudanlihapate-395g\/\" \/>\n<meta property=\"og:locale\" content=\"fi_FI\" \/>\n<meta property=\"og:type\" content=\"article\" \/>\n<meta property=\"og:title\" content=\"Prospera Plus 1+ kana- ja naudanlihapate, 395g - MiuMjau\" \/>\n<meta property=\"og:description\" content=\"T\u00e4ysipainoinen ja tasapainoinen m\u00e4rk\u00e4ruoka kanaa ja naudanlihaa aikuisille kissoille yli 1 vuoden i\u00e4st\u00e4 l\u00e4htien.     Herkullinen pate, jossa korkea lihapitoisuus ja liemen sis\u00e4lt\u00f6, tarjoaa kissallesi tarvittavaa terveellist\u00e4 ravintoa.    Sis\u00e4lt\u00e4\u00e4 tauriinia \u2013 v\u00e4ltt\u00e4m\u00e4t\u00f6nt\u00e4 aminohappoa, joka on t\u00e4rke\u00e4 syd\u00e4men terveydelle ja hyv\u00e4lle n\u00e4\u00f6lle.    Laadukkaat ja helposti sulavat ravintoaineet auttavat turkin kunnossa.    Vahvistaa immuunij\u00e4rjestelm\u00e4\u00e4 ja lihaksia.    Soijaton, viljaton ja lis\u00e4tyn sokerin vapaa.   Ainesosat: kana 46%, liemi 38,5%, naudanliha 14%, kala\u00f6ljy 1%, mineraalit 0,5%. Analyyttinen koostumus: raakavalkuainen 9%, raakarasva 6%, raakatuhka 0,5%, raakakuitu 2,5%, kosteus 80%.\" \/>\n<meta property=\"og:url\" content=\"https:\/\/miumjau.ee\/fi\/tuote\/prospera-plus-1-kana-ja-naudanlihapate-395g\/\" \/>\n<meta property=\"og:site_name\" content=\"MiuMjau\" \/>\n<meta property=\"article:publisher\" content=\"https:\/\/www.facebook.com\/miumjaupood\/\" \/>\n<meta property=\"article:modified_time\" content=\"2026-01-07T20:46:07+00:00\" \/>\n<meta property=\"og:image\" content=\"https:\/\/miumjau.ee\/wp-content\/uploads\/2025\/09\/prospera-kassi-konserv-395g8.jpg\" \/>\n\t<meta property=\"og:image:width\" content=\"600\" \/>\n\t<meta property=\"og:image:height\" content=\"800\" \/>\n\t<meta property=\"og:image:type\" content=\"image\/jpeg\" \/>\n<meta name=\"twitter:card\" content=\"summary_large_image\" \/>\n<script type=\"application\/ld+json\" class=\"yoast-schema-graph\">{\"@context\":\"https:\\\/\\\/schema.org\",\"@graph\":[{\"@type\":\"WebPage\",\"@id\":\"https:\\\/\\\/miumjau.ee\\\/fi\\\/tuote\\\/prospera-plus-1-kana-ja-naudanlihapate-395g\\\/\",\"url\":\"https:\\\/\\\/miumjau.ee\\\/fi\\\/tuote\\\/prospera-plus-1-kana-ja-naudanlihapate-395g\\\/\",\"name\":\"Prospera Plus 1+ kana- ja naudanlihapate, 395g - MiuMjau\",\"isPartOf\":{\"@id\":\"https:\\\/\\\/miumjau.ee\\\/#website\"},\"primaryImageOfPage\":{\"@id\":\"https:\\\/\\\/miumjau.ee\\\/fi\\\/tuote\\\/prospera-plus-1-kana-ja-naudanlihapate-395g\\\/#primaryimage\"},\"image\":{\"@id\":\"https:\\\/\\\/miumjau.ee\\\/fi\\\/tuote\\\/prospera-plus-1-kana-ja-naudanlihapate-395g\\\/#primaryimage\"},\"thumbnailUrl\":\"https:\\\/\\\/miumjau.ee\\\/wp-content\\\/uploads\\\/2025\\\/09\\\/prospera-kassi-konserv-395g8.jpg\",\"datePublished\":\"2025-09-15T13:59:23+00:00\",\"dateModified\":\"2026-01-07T20:46:07+00:00\",\"breadcrumb\":{\"@id\":\"https:\\\/\\\/miumjau.ee\\\/fi\\\/tuote\\\/prospera-plus-1-kana-ja-naudanlihapate-395g\\\/#breadcrumb\"},\"inLanguage\":\"fi\",\"potentialAction\":[{\"@type\":\"ReadAction\",\"target\":[\"https:\\\/\\\/miumjau.ee\\\/fi\\\/tuote\\\/prospera-plus-1-kana-ja-naudanlihapate-395g\\\/\"]}]},{\"@type\":\"ImageObject\",\"inLanguage\":\"fi\",\"@id\":\"https:\\\/\\\/miumjau.ee\\\/fi\\\/tuote\\\/prospera-plus-1-kana-ja-naudanlihapate-395g\\\/#primaryimage\",\"url\":\"https:\\\/\\\/miumjau.ee\\\/wp-content\\\/uploads\\\/2025\\\/09\\\/prospera-kassi-konserv-395g8.jpg\",\"contentUrl\":\"https:\\\/\\\/miumjau.ee\\\/wp-content\\\/uploads\\\/2025\\\/09\\\/prospera-kassi-konserv-395g8.jpg\",\"width\":600,\"height\":800,\"caption\":\"Prospera Plus 1+ kana- ja veisepasteet 395g\"},{\"@type\":\"BreadcrumbList\",\"@id\":\"https:\\\/\\\/miumjau.ee\\\/fi\\\/tuote\\\/prospera-plus-1-kana-ja-naudanlihapate-395g\\\/#breadcrumb\",\"itemListElement\":[{\"@type\":\"ListItem\",\"position\":1,\"name\":\"Home\",\"item\":\"https:\\\/\\\/miumjau.ee\\\/fi\\\/\"},{\"@type\":\"ListItem\",\"position\":2,\"name\":\"Kauppa\",\"item\":\"https:\\\/\\\/miumjau.ee\\\/fi\\\/kauppa\\\/\"},{\"@type\":\"ListItem\",\"position\":3,\"name\":\"Prospera Plus 1+ kana- ja naudanlihapate, 395g\"}]},{\"@type\":\"WebSite\",\"@id\":\"https:\\\/\\\/miumjau.ee\\\/#website\",\"url\":\"https:\\\/\\\/miumjau.ee\\\/\",\"name\":\"MiuMjau\",\"description\":\"Kraapimispuud kassidele\",\"publisher\":{\"@id\":\"https:\\\/\\\/miumjau.ee\\\/#organization\"},\"potentialAction\":[{\"@type\":\"SearchAction\",\"target\":{\"@type\":\"EntryPoint\",\"urlTemplate\":\"https:\\\/\\\/miumjau.ee\\\/?s={search_term_string}\"},\"query-input\":{\"@type\":\"PropertyValueSpecification\",\"valueRequired\":true,\"valueName\":\"search_term_string\"}}],\"inLanguage\":\"fi\"},{\"@type\":\"Organization\",\"@id\":\"https:\\\/\\\/miumjau.ee\\\/#organization\",\"name\":\"MiuMjau O\u00dc\",\"url\":\"https:\\\/\\\/miumjau.ee\\\/\",\"logo\":{\"@type\":\"ImageObject\",\"inLanguage\":\"fi\",\"@id\":\"https:\\\/\\\/miumjau.ee\\\/#\\\/schema\\\/logo\\\/image\\\/\",\"url\":\"https:\\\/\\\/miumjau.ee\\\/wp-content\\\/uploads\\\/2022\\\/04\\\/MiuMjau-logo-kollane.png\",\"contentUrl\":\"https:\\\/\\\/miumjau.ee\\\/wp-content\\\/uploads\\\/2022\\\/04\\\/MiuMjau-logo-kollane.png\",\"width\":219,\"height\":100,\"caption\":\"MiuMjau O\u00dc\"},\"image\":{\"@id\":\"https:\\\/\\\/miumjau.ee\\\/#\\\/schema\\\/logo\\\/image\\\/\"},\"sameAs\":[\"https:\\\/\\\/www.facebook.com\\\/miumjaupood\\\/\"]}]}<\/script>\n<!-- \/ Yoast SEO plugin. -->","yoast_head_json":{"title":"Prospera Plus 1+ kana- ja naudanlihapate, 395g - MiuMjau","robots":{"index":"index","follow":"follow","max-snippet":"max-snippet:-1","max-image-preview":"max-image-preview:large","max-video-preview":"max-video-preview:-1"},"canonical":"https:\/\/miumjau.ee\/fi\/tuote\/prospera-plus-1-kana-ja-naudanlihapate-395g\/","og_locale":"fi_FI","og_type":"article","og_title":"Prospera Plus 1+ kana- ja naudanlihapate, 395g - MiuMjau","og_description":"T\u00e4ysipainoinen ja tasapainoinen m\u00e4rk\u00e4ruoka kanaa ja naudanlihaa aikuisille kissoille yli 1 vuoden i\u00e4st\u00e4 l\u00e4htien.     Herkullinen pate, jossa korkea lihapitoisuus ja liemen sis\u00e4lt\u00f6, tarjoaa kissallesi tarvittavaa terveellist\u00e4 ravintoa.    Sis\u00e4lt\u00e4\u00e4 tauriinia \u2013 v\u00e4ltt\u00e4m\u00e4t\u00f6nt\u00e4 aminohappoa, joka on t\u00e4rke\u00e4 syd\u00e4men terveydelle ja hyv\u00e4lle n\u00e4\u00f6lle.    Laadukkaat ja helposti sulavat ravintoaineet auttavat turkin kunnossa.    Vahvistaa immuunij\u00e4rjestelm\u00e4\u00e4 ja lihaksia.    Soijaton, viljaton ja lis\u00e4tyn sokerin vapaa.   Ainesosat: kana 46%, liemi 38,5%, naudanliha 14%, kala\u00f6ljy 1%, mineraalit 0,5%. Analyyttinen koostumus: raakavalkuainen 9%, raakarasva 6%, raakatuhka 0,5%, raakakuitu 2,5%, kosteus 80%.","og_url":"https:\/\/miumjau.ee\/fi\/tuote\/prospera-plus-1-kana-ja-naudanlihapate-395g\/","og_site_name":"MiuMjau","article_publisher":"https:\/\/www.facebook.com\/miumjaupood\/","article_modified_time":"2026-01-07T20:46:07+00:00","og_image":[{"width":600,"height":800,"url":"https:\/\/miumjau.ee\/wp-content\/uploads\/2025\/09\/prospera-kassi-konserv-395g8.jpg","type":"image\/jpeg"}],"twitter_card":"summary_large_image","schema":{"@context":"https:\/\/schema.org","@graph":[{"@type":"WebPage","@id":"https:\/\/miumjau.ee\/fi\/tuote\/prospera-plus-1-kana-ja-naudanlihapate-395g\/","url":"https:\/\/miumjau.ee\/fi\/tuote\/prospera-plus-1-kana-ja-naudanlihapate-395g\/","name":"Prospera Plus 1+ kana- ja naudanlihapate, 395g - MiuMjau","isPartOf":{"@id":"https:\/\/miumjau.ee\/#website"},"primaryImageOfPage":{"@id":"https:\/\/miumjau.ee\/fi\/tuote\/prospera-plus-1-kana-ja-naudanlihapate-395g\/#primaryimage"},"image":{"@id":"https:\/\/miumjau.ee\/fi\/tuote\/prospera-plus-1-kana-ja-naudanlihapate-395g\/#primaryimage"},"thumbnailUrl":"https:\/\/miumjau.ee\/wp-content\/uploads\/2025\/09\/prospera-kassi-konserv-395g8.jpg","datePublished":"2025-09-15T13:59:23+00:00","dateModified":"2026-01-07T20:46:07+00:00","breadcrumb":{"@id":"https:\/\/miumjau.ee\/fi\/tuote\/prospera-plus-1-kana-ja-naudanlihapate-395g\/#breadcrumb"},"inLanguage":"fi","potentialAction":[{"@type":"ReadAction","target":["https:\/\/miumjau.ee\/fi\/tuote\/prospera-plus-1-kana-ja-naudanlihapate-395g\/"]}]},{"@type":"ImageObject","inLanguage":"fi","@id":"https:\/\/miumjau.ee\/fi\/tuote\/prospera-plus-1-kana-ja-naudanlihapate-395g\/#primaryimage","url":"https:\/\/miumjau.ee\/wp-content\/uploads\/2025\/09\/prospera-kassi-konserv-395g8.jpg","contentUrl":"https:\/\/miumjau.ee\/wp-content\/uploads\/2025\/09\/prospera-kassi-konserv-395g8.jpg","width":600,"height":800,"caption":"Prospera Plus 1+ kana- ja veisepasteet 395g"},{"@type":"BreadcrumbList","@id":"https:\/\/miumjau.ee\/fi\/tuote\/prospera-plus-1-kana-ja-naudanlihapate-395g\/#breadcrumb","itemListElement":[{"@type":"ListItem","position":1,"name":"Home","item":"https:\/\/miumjau.ee\/fi\/"},{"@type":"ListItem","position":2,"name":"Kauppa","item":"https:\/\/miumjau.ee\/fi\/kauppa\/"},{"@type":"ListItem","position":3,"name":"Prospera Plus 1+ kana- ja naudanlihapate, 395g"}]},{"@type":"WebSite","@id":"https:\/\/miumjau.ee\/#website","url":"https:\/\/miumjau.ee\/","name":"MiuMjau","description":"Kraapimispuud kassidele","publisher":{"@id":"https:\/\/miumjau.ee\/#organization"},"potentialAction":[{"@type":"SearchAction","target":{"@type":"EntryPoint","urlTemplate":"https:\/\/miumjau.ee\/?s={search_term_string}"},"query-input":{"@type":"PropertyValueSpecification","valueRequired":true,"valueName":"search_term_string"}}],"inLanguage":"fi"},{"@type":"Organization","@id":"https:\/\/miumjau.ee\/#organization","name":"MiuMjau O\u00dc","url":"https:\/\/miumjau.ee\/","logo":{"@type":"ImageObject","inLanguage":"fi","@id":"https:\/\/miumjau.ee\/#\/schema\/logo\/image\/","url":"https:\/\/miumjau.ee\/wp-content\/uploads\/2022\/04\/MiuMjau-logo-kollane.png","contentUrl":"https:\/\/miumjau.ee\/wp-content\/uploads\/2022\/04\/MiuMjau-logo-kollane.png","width":219,"height":100,"caption":"MiuMjau O\u00dc"},"image":{"@id":"https:\/\/miumjau.ee\/#\/schema\/logo\/image\/"},"sameAs":["https:\/\/www.facebook.com\/miumjaupood\/"]}]}},"_links":{"self":[{"href":"https:\/\/miumjau.ee\/fi\/wp-json\/wp\/v2\/product\/46430","targetHints":{"allow":["GET"]}}],"collection":[{"href":"https:\/\/miumjau.ee\/fi\/wp-json\/wp\/v2\/product"}],"about":[{"href":"https:\/\/miumjau.ee\/fi\/wp-json\/wp\/v2\/types\/product"}],"wp:featuredmedia":[{"embeddable":true,"href":"https:\/\/miumjau.ee\/fi\/wp-json\/wp\/v2\/media\/39417"}],"wp:attachment":[{"href":"https:\/\/miumjau.ee\/fi\/wp-json\/wp\/v2\/media?parent=46430"}],"wp:term":[{"taxonomy":"product_brand","embeddable":true,"href":"https:\/\/miumjau.ee\/fi\/wp-json\/wp\/v2\/product_brand?post=46430"},{"taxonomy":"product_cat","embeddable":true,"href":"https:\/\/miumjau.ee\/fi\/wp-json\/wp\/v2\/product_cat?post=46430"},{"taxonomy":"product_tag","embeddable":true,"href":"https:\/\/miumjau.ee\/fi\/wp-json\/wp\/v2\/product_tag?post=46430"}],"curies":[{"name":"wp","href":"https:\/\/api.w.org\/{rel}","templated":true}]}}