{"id":46412,"date":"2025-09-16T09:54:45","date_gmt":"2025-09-16T06:54:45","guid":{"rendered":"https:\/\/miumjau.ee\/toode\/prospera-plus-assortii-steriloiduille-kissoille-12x85g\/"},"modified":"2026-01-07T22:46:07","modified_gmt":"2026-01-07T20:46:07","slug":"prospera-plus-assortii-steriloiduille-kissoille-12x85g","status":"publish","type":"product","link":"https:\/\/miumjau.ee\/fi\/tuote\/prospera-plus-assortii-steriloiduille-kissoille-12x85g\/","title":{"rendered":"Prospera Plus assortii steriloiduille kissoille, 12x85g"},"content":{"rendered":"","protected":false},"excerpt":{"rendered":"<p data-start=\"172\" data-end=\"490\">T\u00e4ysipainoinen ja tasapainoinen m\u00e4rk\u00e4ruoka steriloiduille kissoille, v\u00e4hint\u00e4\u00e4n 1 vuoden ik\u00e4isille. Pakkaus sis\u00e4lt\u00e4\u00e4 3 purkkia lohta ja vihreit\u00e4 herneit\u00e4 kastikkeessa, 3 purkkia naudanlihaa ja kurpitsaa kastikkeessa, 3 purkkia kanaa ja porkkanaa kastikkeessa sek\u00e4 3 purkkia tonnikalaa ja vihreit\u00e4 papuja kastikkeessa.<\/p>\n<ul data-start=\"492\" data-end=\"911\">\n<li data-start=\"492\" data-end=\"549\">\n<p data-start=\"494\" data-end=\"549\">Tarjoaa kissallesi tarvittavan terveellisen ravinnon.<\/p>\n<\/li>\n<li data-start=\"550\" data-end=\"633\">\n<p data-start=\"552\" data-end=\"633\">Sis\u00e4lt\u00e4\u00e4 tauriinia \u2013 v\u00e4ltt\u00e4m\u00e4t\u00f6n aminohappo kissan syd\u00e4men ja n\u00e4\u00f6n terveydelle.<\/p>\n<\/li>\n<li data-start=\"634\" data-end=\"727\">\n<p data-start=\"636\" data-end=\"727\">Laadukkaat ja helposti sulavat ravintoaineet tukevat lihasten terveytt\u00e4 ja turkin kuntoa.<\/p>\n<\/li>\n<li data-start=\"728\" data-end=\"818\">\n<p data-start=\"730\" data-end=\"818\">Herkulliset liha- ja vihannespalat kastikkeessa miellytt\u00e4v\u00e4t my\u00f6s vaativimpia kissoja.<\/p>\n<\/li>\n<li data-start=\"819\" data-end=\"862\">\n<p data-start=\"821\" data-end=\"862\">Tukee tervett\u00e4 suoliston mikrobikantaa.<\/p>\n<\/li>\n<li data-start=\"863\" data-end=\"911\">\n<p data-start=\"865\" data-end=\"911\">Soijaton, viljaton ja lis\u00e4tyn sokerin vapaa.<\/p>\n<\/li>\n<\/ul>\n<p data-start=\"913\" data-end=\"929\"><strong data-start=\"913\" data-end=\"927\">Ainesosat:<\/strong><\/p>\n<p data-start=\"931\" data-end=\"1341\"><strong data-start=\"931\" data-end=\"959\">Lohi ja vihre\u00e4t herneet:<\/strong> liha ja el\u00e4inper\u00e4iset ainekset (67,7% fileet\u00e4*, sis\u00e4lt\u00e4en 28,7% kananlihaa, 27% sianlihaa, 9,7% sianlihaa, 6% naudanlihaa*), kala ja kalatuotteet (20,3% lohifileet\u00e4*), 1,7% mineraalit, kasvikunnan tuotteet (0,5% t\u00e4rkkelyst\u00e4, 0,8% kuitua, 0,4% sikuriiniinia), \u00f6ljyt ja rasvat, vihannekset (0,45% kuivattuja vihreit\u00e4 herneit\u00e4, vastaa 4% herneist\u00e4). *Filee yleens\u00e4 34,5% tuotteesta.<\/p>\n<p data-start=\"1343\" data-end=\"1704\"><strong data-start=\"1343\" data-end=\"1370\">Naudanliha ja kurpitsa:<\/strong> liha ja el\u00e4inper\u00e4iset ainekset (88% fileet\u00e4*, sis\u00e4lt\u00e4en 40,6% naudanlihaa, 27% sianmaksaa, 14,4% kananlihaa, 6% naudanlihaa*), 1,7% mineraalit, kasvikunnan tuotteet (0,5% t\u00e4rkkelyst\u00e4, 0,8% kuitua, 0,4% sikuriiniinia), \u00f6ljyt ja rasvat, vihannekset (0,45% kuivattua kurpitsaa, vastaa 4% kurpitsasta). *Filee yleens\u00e4 34,5% tuotteesta.<\/p>\n<p data-start=\"1706\" data-end=\"2054\"><strong data-start=\"1706\" data-end=\"1727\">Kana ja porkkana:<\/strong> liha ja el\u00e4inper\u00e4iset ainekset (88% fileet\u00e4*, sis\u00e4lt\u00e4en 40,6% kanaa, 27% sianlihaa, 14,4% sianlihaa, 6% naudanlihaa*), 1,7% mineraalit, kasvikunnan tuotteet (0,5% t\u00e4rkkelyst\u00e4, 0,8% kuitua, 0,4% sikuriiniinia), \u00f6ljyt ja rasvat, vihannekset (0,45% kuivattua porkkanaa, vastaa 4% porkkanoista). *Filee yleens\u00e4 34,5% tuotteesta.<\/p>\n<p data-start=\"2056\" data-end=\"2471\"><strong data-start=\"2056\" data-end=\"2087\">Tonnikala ja vihre\u00e4t pavut:<\/strong> liha ja el\u00e4inper\u00e4iset ainekset (73,5% fileet\u00e4*, sis\u00e4lt\u00e4en 27% sianmaksaa, 25% kananlihaa, 15,5% sianlihaa, 6% naudanlihaa*), kala ja kalatuotteet (14,5% tonnikalafileet\u00e4*), 1,7% mineraalit, kasvikunnan tuotteet (0,6% t\u00e4rkkelyst\u00e4, 0,8% kuitua, 0,4% sikuriiniinia), \u00f6ljyt ja rasvat, vihannekset (0,45% kuivattuja vihreit\u00e4 papuja, vastaa 4% pavuista). *Filee yleens\u00e4 34,5% tuotteesta.<\/p>\n<p data-start=\"2473\" data-end=\"2634\"><strong data-start=\"2473\" data-end=\"2500\">Analyyttinen koostumus:<\/strong> raakavalkuainen 10%, raakarasva 3%, raakatuhka 1,9%, raakakuitu 1%, omega-3-rasvahapot 0,15%, omega-6-rasvahapot 0,8%, kosteus 82%.<\/p>\n","protected":false},"featured_media":39436,"template":"","meta":[],"product_brand":[],"product_cat":[264],"product_tag":[],"class_list":{"0":"post-46412","1":"product","2":"type-product","3":"status-publish","4":"has-post-thumbnail","6":"product_cat-marka-ruoka","8":"first","9":"instock","10":"sale","11":"taxable","12":"shipping-taxable","13":"purchasable","14":"product-type-simple"},"yoast_head":"<!-- This site is optimized with the Yoast SEO plugin v27.4 - https:\/\/yoast.com\/product\/yoast-seo-wordpress\/ -->\n<title>Prospera Plus assortii steriloiduille kissoille, 12x85g - MiuMjau<\/title>\n<meta name=\"robots\" content=\"index, follow, max-snippet:-1, max-image-preview:large, max-video-preview:-1\" \/>\n<link rel=\"canonical\" href=\"https:\/\/miumjau.ee\/fi\/tuote\/prospera-plus-assortii-steriloiduille-kissoille-12x85g\/\" \/>\n<meta property=\"og:locale\" content=\"fi_FI\" \/>\n<meta property=\"og:type\" content=\"article\" \/>\n<meta property=\"og:title\" content=\"Prospera Plus assortii steriloiduille kissoille, 12x85g - MiuMjau\" \/>\n<meta property=\"og:description\" content=\"T\u00e4ysipainoinen ja tasapainoinen m\u00e4rk\u00e4ruoka steriloiduille kissoille, v\u00e4hint\u00e4\u00e4n 1 vuoden ik\u00e4isille. Pakkaus sis\u00e4lt\u00e4\u00e4 3 purkkia lohta ja vihreit\u00e4 herneit\u00e4 kastikkeessa, 3 purkkia naudanlihaa ja kurpitsaa kastikkeessa, 3 purkkia kanaa ja porkkanaa kastikkeessa sek\u00e4 3 purkkia tonnikalaa ja vihreit\u00e4 papuja kastikkeessa.     Tarjoaa kissallesi tarvittavan terveellisen ravinnon.    Sis\u00e4lt\u00e4\u00e4 tauriinia \u2013 v\u00e4ltt\u00e4m\u00e4t\u00f6n aminohappo kissan syd\u00e4men ja n\u00e4\u00f6n terveydelle.    Laadukkaat ja helposti sulavat ravintoaineet tukevat lihasten terveytt\u00e4 ja turkin kuntoa.    Herkulliset liha- ja vihannespalat kastikkeessa miellytt\u00e4v\u00e4t my\u00f6s vaativimpia kissoja.    Tukee tervett\u00e4 suoliston mikrobikantaa.    Soijaton, viljaton ja lis\u00e4tyn sokerin vapaa.   Ainesosat: Lohi ja vihre\u00e4t herneet: liha ja el\u00e4inper\u00e4iset ainekset (67,7% fileet\u00e4*, sis\u00e4lt\u00e4en 28,7% kananlihaa, 27% sianlihaa, 9,7% sianlihaa, 6% naudanlihaa*), kala ja kalatuotteet (20,3% lohifileet\u00e4*), 1,7% mineraalit, kasvikunnan tuotteet (0,5% t\u00e4rkkelyst\u00e4, 0,8% kuitua, 0,4% sikuriiniinia), \u00f6ljyt ja rasvat, vihannekset (0,45% kuivattuja vihreit\u00e4 herneit\u00e4, vastaa 4% herneist\u00e4). *Filee yleens\u00e4 34,5% tuotteesta. Naudanliha ja kurpitsa: liha ja el\u00e4inper\u00e4iset ainekset (88% fileet\u00e4*, sis\u00e4lt\u00e4en 40,6% naudanlihaa, 27% sianmaksaa, 14,4% kananlihaa, 6% naudanlihaa*), 1,7% mineraalit, kasvikunnan tuotteet (0,5% t\u00e4rkkelyst\u00e4, 0,8% kuitua, 0,4% sikuriiniinia), \u00f6ljyt ja rasvat, vihannekset (0,45% kuivattua kurpitsaa, vastaa 4% kurpitsasta). *Filee yleens\u00e4 34,5% tuotteesta. Kana ja porkkana: liha ja el\u00e4inper\u00e4iset ainekset (88% fileet\u00e4*, sis\u00e4lt\u00e4en 40,6% kanaa, 27% sianlihaa, 14,4% sianlihaa, 6% naudanlihaa*), 1,7% mineraalit, kasvikunnan tuotteet (0,5% t\u00e4rkkelyst\u00e4, 0,8% kuitua, 0,4% sikuriiniinia), \u00f6ljyt ja rasvat, vihannekset (0,45% kuivattua porkkanaa, vastaa 4% porkkanoista). *Filee yleens\u00e4 34,5% tuotteesta. Tonnikala ja vihre\u00e4t pavut: liha ja el\u00e4inper\u00e4iset ainekset (73,5% fileet\u00e4*, sis\u00e4lt\u00e4en 27% sianmaksaa, 25% kananlihaa, 15,5% sianlihaa, 6% naudanlihaa*), kala ja kalatuotteet (14,5% tonnikalafileet\u00e4*), 1,7% mineraalit, kasvikunnan tuotteet (0,6% t\u00e4rkkelyst\u00e4, 0,8% kuitua, 0,4% sikuriiniinia), \u00f6ljyt ja rasvat, vihannekset (0,45% kuivattuja vihreit\u00e4 papuja, vastaa 4% pavuista). *Filee yleens\u00e4 34,5% tuotteesta. Analyyttinen koostumus: raakavalkuainen 10%, raakarasva 3%, raakatuhka 1,9%, raakakuitu 1%, omega-3-rasvahapot 0,15%, omega-6-rasvahapot 0,8%, kosteus 82%.\" \/>\n<meta property=\"og:url\" content=\"https:\/\/miumjau.ee\/fi\/tuote\/prospera-plus-assortii-steriloiduille-kissoille-12x85g\/\" \/>\n<meta property=\"og:site_name\" content=\"MiuMjau\" \/>\n<meta property=\"article:publisher\" content=\"https:\/\/www.facebook.com\/miumjaupood\/\" \/>\n<meta property=\"article:modified_time\" content=\"2026-01-07T20:46:07+00:00\" \/>\n<meta property=\"og:image\" content=\"https:\/\/miumjau.ee\/wp-content\/uploads\/2025\/09\/prospera-plus-assortii-steriliseeritud.jpg\" \/>\n\t<meta property=\"og:image:width\" content=\"1200\" \/>\n\t<meta property=\"og:image:height\" content=\"1600\" \/>\n\t<meta property=\"og:image:type\" content=\"image\/jpeg\" \/>\n<meta name=\"twitter:card\" content=\"summary_large_image\" \/>\n<script type=\"application\/ld+json\" class=\"yoast-schema-graph\">{\"@context\":\"https:\\\/\\\/schema.org\",\"@graph\":[{\"@type\":\"WebPage\",\"@id\":\"https:\\\/\\\/miumjau.ee\\\/fi\\\/tuote\\\/prospera-plus-assortii-steriloiduille-kissoille-12x85g\\\/\",\"url\":\"https:\\\/\\\/miumjau.ee\\\/fi\\\/tuote\\\/prospera-plus-assortii-steriloiduille-kissoille-12x85g\\\/\",\"name\":\"Prospera Plus assortii steriloiduille kissoille, 12x85g - MiuMjau\",\"isPartOf\":{\"@id\":\"https:\\\/\\\/miumjau.ee\\\/#website\"},\"primaryImageOfPage\":{\"@id\":\"https:\\\/\\\/miumjau.ee\\\/fi\\\/tuote\\\/prospera-plus-assortii-steriloiduille-kissoille-12x85g\\\/#primaryimage\"},\"image\":{\"@id\":\"https:\\\/\\\/miumjau.ee\\\/fi\\\/tuote\\\/prospera-plus-assortii-steriloiduille-kissoille-12x85g\\\/#primaryimage\"},\"thumbnailUrl\":\"https:\\\/\\\/miumjau.ee\\\/wp-content\\\/uploads\\\/2025\\\/09\\\/prospera-plus-assortii-steriliseeritud.jpg\",\"datePublished\":\"2025-09-16T06:54:45+00:00\",\"dateModified\":\"2026-01-07T20:46:07+00:00\",\"breadcrumb\":{\"@id\":\"https:\\\/\\\/miumjau.ee\\\/fi\\\/tuote\\\/prospera-plus-assortii-steriloiduille-kissoille-12x85g\\\/#breadcrumb\"},\"inLanguage\":\"fi\",\"potentialAction\":[{\"@type\":\"ReadAction\",\"target\":[\"https:\\\/\\\/miumjau.ee\\\/fi\\\/tuote\\\/prospera-plus-assortii-steriloiduille-kissoille-12x85g\\\/\"]}]},{\"@type\":\"ImageObject\",\"inLanguage\":\"fi\",\"@id\":\"https:\\\/\\\/miumjau.ee\\\/fi\\\/tuote\\\/prospera-plus-assortii-steriloiduille-kissoille-12x85g\\\/#primaryimage\",\"url\":\"https:\\\/\\\/miumjau.ee\\\/wp-content\\\/uploads\\\/2025\\\/09\\\/prospera-plus-assortii-steriliseeritud.jpg\",\"contentUrl\":\"https:\\\/\\\/miumjau.ee\\\/wp-content\\\/uploads\\\/2025\\\/09\\\/prospera-plus-assortii-steriliseeritud.jpg\",\"width\":1200,\"height\":1600,\"caption\":\"Prospera Plus assortii steriliseeritud kassidele, 12x85g\"},{\"@type\":\"BreadcrumbList\",\"@id\":\"https:\\\/\\\/miumjau.ee\\\/fi\\\/tuote\\\/prospera-plus-assortii-steriloiduille-kissoille-12x85g\\\/#breadcrumb\",\"itemListElement\":[{\"@type\":\"ListItem\",\"position\":1,\"name\":\"Home\",\"item\":\"https:\\\/\\\/miumjau.ee\\\/fi\\\/\"},{\"@type\":\"ListItem\",\"position\":2,\"name\":\"Kauppa\",\"item\":\"https:\\\/\\\/miumjau.ee\\\/fi\\\/kauppa\\\/\"},{\"@type\":\"ListItem\",\"position\":3,\"name\":\"Prospera Plus assortii steriloiduille kissoille, 12x85g\"}]},{\"@type\":\"WebSite\",\"@id\":\"https:\\\/\\\/miumjau.ee\\\/#website\",\"url\":\"https:\\\/\\\/miumjau.ee\\\/\",\"name\":\"MiuMjau\",\"description\":\"Kraapimispuud kassidele\",\"publisher\":{\"@id\":\"https:\\\/\\\/miumjau.ee\\\/#organization\"},\"potentialAction\":[{\"@type\":\"SearchAction\",\"target\":{\"@type\":\"EntryPoint\",\"urlTemplate\":\"https:\\\/\\\/miumjau.ee\\\/?s={search_term_string}\"},\"query-input\":{\"@type\":\"PropertyValueSpecification\",\"valueRequired\":true,\"valueName\":\"search_term_string\"}}],\"inLanguage\":\"fi\"},{\"@type\":\"Organization\",\"@id\":\"https:\\\/\\\/miumjau.ee\\\/#organization\",\"name\":\"MiuMjau O\u00dc\",\"url\":\"https:\\\/\\\/miumjau.ee\\\/\",\"logo\":{\"@type\":\"ImageObject\",\"inLanguage\":\"fi\",\"@id\":\"https:\\\/\\\/miumjau.ee\\\/#\\\/schema\\\/logo\\\/image\\\/\",\"url\":\"https:\\\/\\\/miumjau.ee\\\/wp-content\\\/uploads\\\/2022\\\/04\\\/MiuMjau-logo-kollane.png\",\"contentUrl\":\"https:\\\/\\\/miumjau.ee\\\/wp-content\\\/uploads\\\/2022\\\/04\\\/MiuMjau-logo-kollane.png\",\"width\":219,\"height\":100,\"caption\":\"MiuMjau O\u00dc\"},\"image\":{\"@id\":\"https:\\\/\\\/miumjau.ee\\\/#\\\/schema\\\/logo\\\/image\\\/\"},\"sameAs\":[\"https:\\\/\\\/www.facebook.com\\\/miumjaupood\\\/\"]}]}<\/script>\n<!-- \/ Yoast SEO plugin. -->","yoast_head_json":{"title":"Prospera Plus assortii steriloiduille kissoille, 12x85g - MiuMjau","robots":{"index":"index","follow":"follow","max-snippet":"max-snippet:-1","max-image-preview":"max-image-preview:large","max-video-preview":"max-video-preview:-1"},"canonical":"https:\/\/miumjau.ee\/fi\/tuote\/prospera-plus-assortii-steriloiduille-kissoille-12x85g\/","og_locale":"fi_FI","og_type":"article","og_title":"Prospera Plus assortii steriloiduille kissoille, 12x85g - MiuMjau","og_description":"T\u00e4ysipainoinen ja tasapainoinen m\u00e4rk\u00e4ruoka steriloiduille kissoille, v\u00e4hint\u00e4\u00e4n 1 vuoden ik\u00e4isille. Pakkaus sis\u00e4lt\u00e4\u00e4 3 purkkia lohta ja vihreit\u00e4 herneit\u00e4 kastikkeessa, 3 purkkia naudanlihaa ja kurpitsaa kastikkeessa, 3 purkkia kanaa ja porkkanaa kastikkeessa sek\u00e4 3 purkkia tonnikalaa ja vihreit\u00e4 papuja kastikkeessa.     Tarjoaa kissallesi tarvittavan terveellisen ravinnon.    Sis\u00e4lt\u00e4\u00e4 tauriinia \u2013 v\u00e4ltt\u00e4m\u00e4t\u00f6n aminohappo kissan syd\u00e4men ja n\u00e4\u00f6n terveydelle.    Laadukkaat ja helposti sulavat ravintoaineet tukevat lihasten terveytt\u00e4 ja turkin kuntoa.    Herkulliset liha- ja vihannespalat kastikkeessa miellytt\u00e4v\u00e4t my\u00f6s vaativimpia kissoja.    Tukee tervett\u00e4 suoliston mikrobikantaa.    Soijaton, viljaton ja lis\u00e4tyn sokerin vapaa.   Ainesosat: Lohi ja vihre\u00e4t herneet: liha ja el\u00e4inper\u00e4iset ainekset (67,7% fileet\u00e4*, sis\u00e4lt\u00e4en 28,7% kananlihaa, 27% sianlihaa, 9,7% sianlihaa, 6% naudanlihaa*), kala ja kalatuotteet (20,3% lohifileet\u00e4*), 1,7% mineraalit, kasvikunnan tuotteet (0,5% t\u00e4rkkelyst\u00e4, 0,8% kuitua, 0,4% sikuriiniinia), \u00f6ljyt ja rasvat, vihannekset (0,45% kuivattuja vihreit\u00e4 herneit\u00e4, vastaa 4% herneist\u00e4). *Filee yleens\u00e4 34,5% tuotteesta. Naudanliha ja kurpitsa: liha ja el\u00e4inper\u00e4iset ainekset (88% fileet\u00e4*, sis\u00e4lt\u00e4en 40,6% naudanlihaa, 27% sianmaksaa, 14,4% kananlihaa, 6% naudanlihaa*), 1,7% mineraalit, kasvikunnan tuotteet (0,5% t\u00e4rkkelyst\u00e4, 0,8% kuitua, 0,4% sikuriiniinia), \u00f6ljyt ja rasvat, vihannekset (0,45% kuivattua kurpitsaa, vastaa 4% kurpitsasta). *Filee yleens\u00e4 34,5% tuotteesta. Kana ja porkkana: liha ja el\u00e4inper\u00e4iset ainekset (88% fileet\u00e4*, sis\u00e4lt\u00e4en 40,6% kanaa, 27% sianlihaa, 14,4% sianlihaa, 6% naudanlihaa*), 1,7% mineraalit, kasvikunnan tuotteet (0,5% t\u00e4rkkelyst\u00e4, 0,8% kuitua, 0,4% sikuriiniinia), \u00f6ljyt ja rasvat, vihannekset (0,45% kuivattua porkkanaa, vastaa 4% porkkanoista). *Filee yleens\u00e4 34,5% tuotteesta. Tonnikala ja vihre\u00e4t pavut: liha ja el\u00e4inper\u00e4iset ainekset (73,5% fileet\u00e4*, sis\u00e4lt\u00e4en 27% sianmaksaa, 25% kananlihaa, 15,5% sianlihaa, 6% naudanlihaa*), kala ja kalatuotteet (14,5% tonnikalafileet\u00e4*), 1,7% mineraalit, kasvikunnan tuotteet (0,6% t\u00e4rkkelyst\u00e4, 0,8% kuitua, 0,4% sikuriiniinia), \u00f6ljyt ja rasvat, vihannekset (0,45% kuivattuja vihreit\u00e4 papuja, vastaa 4% pavuista). *Filee yleens\u00e4 34,5% tuotteesta. Analyyttinen koostumus: raakavalkuainen 10%, raakarasva 3%, raakatuhka 1,9%, raakakuitu 1%, omega-3-rasvahapot 0,15%, omega-6-rasvahapot 0,8%, kosteus 82%.","og_url":"https:\/\/miumjau.ee\/fi\/tuote\/prospera-plus-assortii-steriloiduille-kissoille-12x85g\/","og_site_name":"MiuMjau","article_publisher":"https:\/\/www.facebook.com\/miumjaupood\/","article_modified_time":"2026-01-07T20:46:07+00:00","og_image":[{"width":1200,"height":1600,"url":"https:\/\/miumjau.ee\/wp-content\/uploads\/2025\/09\/prospera-plus-assortii-steriliseeritud.jpg","type":"image\/jpeg"}],"twitter_card":"summary_large_image","schema":{"@context":"https:\/\/schema.org","@graph":[{"@type":"WebPage","@id":"https:\/\/miumjau.ee\/fi\/tuote\/prospera-plus-assortii-steriloiduille-kissoille-12x85g\/","url":"https:\/\/miumjau.ee\/fi\/tuote\/prospera-plus-assortii-steriloiduille-kissoille-12x85g\/","name":"Prospera Plus assortii steriloiduille kissoille, 12x85g - MiuMjau","isPartOf":{"@id":"https:\/\/miumjau.ee\/#website"},"primaryImageOfPage":{"@id":"https:\/\/miumjau.ee\/fi\/tuote\/prospera-plus-assortii-steriloiduille-kissoille-12x85g\/#primaryimage"},"image":{"@id":"https:\/\/miumjau.ee\/fi\/tuote\/prospera-plus-assortii-steriloiduille-kissoille-12x85g\/#primaryimage"},"thumbnailUrl":"https:\/\/miumjau.ee\/wp-content\/uploads\/2025\/09\/prospera-plus-assortii-steriliseeritud.jpg","datePublished":"2025-09-16T06:54:45+00:00","dateModified":"2026-01-07T20:46:07+00:00","breadcrumb":{"@id":"https:\/\/miumjau.ee\/fi\/tuote\/prospera-plus-assortii-steriloiduille-kissoille-12x85g\/#breadcrumb"},"inLanguage":"fi","potentialAction":[{"@type":"ReadAction","target":["https:\/\/miumjau.ee\/fi\/tuote\/prospera-plus-assortii-steriloiduille-kissoille-12x85g\/"]}]},{"@type":"ImageObject","inLanguage":"fi","@id":"https:\/\/miumjau.ee\/fi\/tuote\/prospera-plus-assortii-steriloiduille-kissoille-12x85g\/#primaryimage","url":"https:\/\/miumjau.ee\/wp-content\/uploads\/2025\/09\/prospera-plus-assortii-steriliseeritud.jpg","contentUrl":"https:\/\/miumjau.ee\/wp-content\/uploads\/2025\/09\/prospera-plus-assortii-steriliseeritud.jpg","width":1200,"height":1600,"caption":"Prospera Plus assortii steriliseeritud kassidele, 12x85g"},{"@type":"BreadcrumbList","@id":"https:\/\/miumjau.ee\/fi\/tuote\/prospera-plus-assortii-steriloiduille-kissoille-12x85g\/#breadcrumb","itemListElement":[{"@type":"ListItem","position":1,"name":"Home","item":"https:\/\/miumjau.ee\/fi\/"},{"@type":"ListItem","position":2,"name":"Kauppa","item":"https:\/\/miumjau.ee\/fi\/kauppa\/"},{"@type":"ListItem","position":3,"name":"Prospera Plus assortii steriloiduille kissoille, 12x85g"}]},{"@type":"WebSite","@id":"https:\/\/miumjau.ee\/#website","url":"https:\/\/miumjau.ee\/","name":"MiuMjau","description":"Kraapimispuud kassidele","publisher":{"@id":"https:\/\/miumjau.ee\/#organization"},"potentialAction":[{"@type":"SearchAction","target":{"@type":"EntryPoint","urlTemplate":"https:\/\/miumjau.ee\/?s={search_term_string}"},"query-input":{"@type":"PropertyValueSpecification","valueRequired":true,"valueName":"search_term_string"}}],"inLanguage":"fi"},{"@type":"Organization","@id":"https:\/\/miumjau.ee\/#organization","name":"MiuMjau O\u00dc","url":"https:\/\/miumjau.ee\/","logo":{"@type":"ImageObject","inLanguage":"fi","@id":"https:\/\/miumjau.ee\/#\/schema\/logo\/image\/","url":"https:\/\/miumjau.ee\/wp-content\/uploads\/2022\/04\/MiuMjau-logo-kollane.png","contentUrl":"https:\/\/miumjau.ee\/wp-content\/uploads\/2022\/04\/MiuMjau-logo-kollane.png","width":219,"height":100,"caption":"MiuMjau O\u00dc"},"image":{"@id":"https:\/\/miumjau.ee\/#\/schema\/logo\/image\/"},"sameAs":["https:\/\/www.facebook.com\/miumjaupood\/"]}]}},"_links":{"self":[{"href":"https:\/\/miumjau.ee\/fi\/wp-json\/wp\/v2\/product\/46412","targetHints":{"allow":["GET"]}}],"collection":[{"href":"https:\/\/miumjau.ee\/fi\/wp-json\/wp\/v2\/product"}],"about":[{"href":"https:\/\/miumjau.ee\/fi\/wp-json\/wp\/v2\/types\/product"}],"wp:featuredmedia":[{"embeddable":true,"href":"https:\/\/miumjau.ee\/fi\/wp-json\/wp\/v2\/media\/39436"}],"wp:attachment":[{"href":"https:\/\/miumjau.ee\/fi\/wp-json\/wp\/v2\/media?parent=46412"}],"wp:term":[{"taxonomy":"product_brand","embeddable":true,"href":"https:\/\/miumjau.ee\/fi\/wp-json\/wp\/v2\/product_brand?post=46412"},{"taxonomy":"product_cat","embeddable":true,"href":"https:\/\/miumjau.ee\/fi\/wp-json\/wp\/v2\/product_cat?post=46412"},{"taxonomy":"product_tag","embeddable":true,"href":"https:\/\/miumjau.ee\/fi\/wp-json\/wp\/v2\/product_tag?post=46412"}],"curies":[{"name":"wp","href":"https:\/\/api.w.org\/{rel}","templated":true}]}}