{"id":46408,"date":"2025-09-16T09:41:39","date_gmt":"2025-09-16T06:41:39","guid":{"rendered":"https:\/\/miumjau.ee\/toode\/prospera-plus-assortii-aikuisille-kissoille-1-12x85g\/"},"modified":"2026-01-07T22:46:14","modified_gmt":"2026-01-07T20:46:14","slug":"prospera-plus-assortii-aikuisille-kissoille-1-12x85g","status":"publish","type":"product","link":"https:\/\/miumjau.ee\/fi\/tuote\/prospera-plus-assortii-aikuisille-kissoille-1-12x85g\/","title":{"rendered":"Prospera Plus Assortii aikuisille kissoille 1+, 12x85g"},"content":{"rendered":"","protected":false},"excerpt":{"rendered":"<p data-start=\"171\" data-end=\"481\">T\u00e4ysipainoinen ja tasapainoinen m\u00e4rk\u00e4ruoka kissoille, v\u00e4hint\u00e4\u00e4n 1 vuoden ik\u00e4isille. Pakkaus sis\u00e4lt\u00e4\u00e4 3 purkkia tonnikalaa ja vihreit\u00e4 herneit\u00e4 kastikkeessa, 3 purkkia kanaa ja vihreit\u00e4 papuja kastikkeessa, 3 purkkia naudanlihaa ja porkkanaa kastikkeessa sek\u00e4 3 purkkia lampaanlihaa ja kurpitsaa kastikkeessa.<\/p>\n<ul data-start=\"483\" data-end=\"902\">\n<li data-start=\"483\" data-end=\"540\">\n<p data-start=\"485\" data-end=\"540\">Tarjoaa kissallesi tarvittavan terveellisen ravinnon.<\/p>\n<\/li>\n<li data-start=\"541\" data-end=\"624\">\n<p data-start=\"543\" data-end=\"624\">Sis\u00e4lt\u00e4\u00e4 tauriinia \u2013 v\u00e4ltt\u00e4m\u00e4t\u00f6n aminohappo kissan syd\u00e4men ja n\u00e4\u00f6n terveydelle.<\/p>\n<\/li>\n<li data-start=\"625\" data-end=\"718\">\n<p data-start=\"627\" data-end=\"718\">Laadukkaat ja helposti sulavat ravintoaineet tukevat lihasten terveytt\u00e4 ja turkin kuntoa.<\/p>\n<\/li>\n<li data-start=\"719\" data-end=\"809\">\n<p data-start=\"721\" data-end=\"809\">Herkulliset liha- ja vihannespalat kastikkeessa miellytt\u00e4v\u00e4t my\u00f6s vaativimpia kissoja.<\/p>\n<\/li>\n<li data-start=\"810\" data-end=\"853\">\n<p data-start=\"812\" data-end=\"853\">Tukee tervett\u00e4 suoliston mikrobikantaa.<\/p>\n<\/li>\n<li data-start=\"854\" data-end=\"902\">\n<p data-start=\"856\" data-end=\"902\">Soijaton, viljaton ja lis\u00e4tyn sokerin vapaa.<\/p>\n<\/li>\n<\/ul>\n<p data-start=\"904\" data-end=\"920\"><strong data-start=\"904\" data-end=\"918\">Ainesosat:<\/strong><\/p>\n<p data-start=\"922\" data-end=\"1342\"><strong data-start=\"922\" data-end=\"955\">Tonnikala ja vihre\u00e4t herneet:<\/strong> liha ja el\u00e4inper\u00e4iset ainekset (73,5% fileet\u00e4*, sis\u00e4lt\u00e4en 27% sianmaksaa, 25% kananlihaa, 15,5% sianlihaa, 6% naudanlihaa*), kala ja kalatuotteet (14,5% tonnikalafileet\u00e4*), 1,5% mineraalit, kasvikunnan tuotteet (0,6% t\u00e4rkkelyst\u00e4, 0,5% kuitua, 0,4% sikuriiniinia), \u00f6ljyt ja rasvat, vihannekset (0,45% kuivattuja vihreit\u00e4 herneit\u00e4, vastaa 4% herneist\u00e4). *Filee yleens\u00e4 34,5% tuotteesta.<\/p>\n<p data-start=\"1344\" data-end=\"1717\"><strong data-start=\"1344\" data-end=\"1370\">Kana ja vihre\u00e4t pavut:<\/strong> liha ja el\u00e4inper\u00e4iset ainekset (88% fileet\u00e4*, sis\u00e4lt\u00e4en 40,6% kanaa, 27% sianlihaa, 14,4% sianlihaa, 6% naudanlihaa*), 1,5% mineraalit, kasvikunnan tuotteet (0,6% t\u00e4rkkelyst\u00e4, 0,5% kuitua, 0,4% sikuriinin inuliinia), \u00f6ljyt ja rasvat, vihannekset (0,45% kuivattuja vihreit\u00e4 papuja, vastaa 4% vihreist\u00e4 pavuista). *Filee yleens\u00e4 34,5% tuotteesta.<\/p>\n<p data-start=\"1719\" data-end=\"2081\"><strong data-start=\"1719\" data-end=\"1746\">Naudanliha ja porkkana:<\/strong> liha ja el\u00e4inper\u00e4iset ainekset (88% fileet\u00e4*, sis\u00e4lt\u00e4en 40,6% naudanlihaa, 27% sianmaksaa, 14,4% kananlihaa, 6% naudanlihaa*), 1,5% mineraalit, kasvikunnan tuotteet (0,6% t\u00e4rkkelyst\u00e4, 0,5% kuitua, 0,4% sikuriiniinia), \u00f6ljyt ja rasvat, vihannekset (0,45% kuivattua porkkanaa, vastaa 4% porkkanoista). *Filee yleens\u00e4 34,5% tuotteesta.<\/p>\n<p data-start=\"2083\" data-end=\"2470\"><strong data-start=\"2083\" data-end=\"2111\">Lampaanliha ja kurpitsa:<\/strong> liha ja el\u00e4inper\u00e4iset ainekset (88% fileet\u00e4*, sis\u00e4lt\u00e4en 40,6% lampaanlihaa, 27% sianmaksaa, 8,4% kananlihaa, 6% sianlihaa, 6% naudanlihaa*), 1,5% mineraalit, kasvikunnan sivutuotteet (0,6% t\u00e4rkkelyst\u00e4, 0,5% kuitua, 0,4% sikuriinin inuliinia), \u00f6ljyt ja rasvat, vihannekset (0,45% kuivattua kurpitsaa, vastaa 4% kurpitsasta). *Filee yleens\u00e4 34,5% tuotteesta.<\/p>\n<p data-start=\"2472\" data-end=\"2633\"><strong data-start=\"2472\" data-end=\"2499\">Analyyttinen koostumus:<\/strong> raakavalkuainen 10%, raakarasva 4%, raakatuhka 2%, raakakuitu 0,4%, omega-3-rasvahapot 0,15%, omega-6-rasvahapot 0,8%, kosteus 80%.<\/p>\n","protected":false},"featured_media":39432,"template":"","meta":[],"product_brand":[],"product_cat":[264],"product_tag":[],"class_list":{"0":"post-46408","1":"product","2":"type-product","3":"status-publish","4":"has-post-thumbnail","6":"product_cat-marka-ruoka","8":"first","9":"instock","10":"sale","11":"taxable","12":"shipping-taxable","13":"purchasable","14":"product-type-simple"},"yoast_head":"<!-- This site is optimized with the Yoast SEO plugin v27.4 - https:\/\/yoast.com\/product\/yoast-seo-wordpress\/ -->\n<title>Prospera Plus Assortii aikuisille kissoille 1+, 12x85g - MiuMjau<\/title>\n<meta name=\"robots\" content=\"index, follow, max-snippet:-1, max-image-preview:large, max-video-preview:-1\" \/>\n<link rel=\"canonical\" href=\"https:\/\/miumjau.ee\/fi\/tuote\/prospera-plus-assortii-aikuisille-kissoille-1-12x85g\/\" \/>\n<meta property=\"og:locale\" content=\"fi_FI\" \/>\n<meta property=\"og:type\" content=\"article\" \/>\n<meta property=\"og:title\" content=\"Prospera Plus Assortii aikuisille kissoille 1+, 12x85g - MiuMjau\" \/>\n<meta property=\"og:description\" content=\"T\u00e4ysipainoinen ja tasapainoinen m\u00e4rk\u00e4ruoka kissoille, v\u00e4hint\u00e4\u00e4n 1 vuoden ik\u00e4isille. Pakkaus sis\u00e4lt\u00e4\u00e4 3 purkkia tonnikalaa ja vihreit\u00e4 herneit\u00e4 kastikkeessa, 3 purkkia kanaa ja vihreit\u00e4 papuja kastikkeessa, 3 purkkia naudanlihaa ja porkkanaa kastikkeessa sek\u00e4 3 purkkia lampaanlihaa ja kurpitsaa kastikkeessa.     Tarjoaa kissallesi tarvittavan terveellisen ravinnon.    Sis\u00e4lt\u00e4\u00e4 tauriinia \u2013 v\u00e4ltt\u00e4m\u00e4t\u00f6n aminohappo kissan syd\u00e4men ja n\u00e4\u00f6n terveydelle.    Laadukkaat ja helposti sulavat ravintoaineet tukevat lihasten terveytt\u00e4 ja turkin kuntoa.    Herkulliset liha- ja vihannespalat kastikkeessa miellytt\u00e4v\u00e4t my\u00f6s vaativimpia kissoja.    Tukee tervett\u00e4 suoliston mikrobikantaa.    Soijaton, viljaton ja lis\u00e4tyn sokerin vapaa.   Ainesosat: Tonnikala ja vihre\u00e4t herneet: liha ja el\u00e4inper\u00e4iset ainekset (73,5% fileet\u00e4*, sis\u00e4lt\u00e4en 27% sianmaksaa, 25% kananlihaa, 15,5% sianlihaa, 6% naudanlihaa*), kala ja kalatuotteet (14,5% tonnikalafileet\u00e4*), 1,5% mineraalit, kasvikunnan tuotteet (0,6% t\u00e4rkkelyst\u00e4, 0,5% kuitua, 0,4% sikuriiniinia), \u00f6ljyt ja rasvat, vihannekset (0,45% kuivattuja vihreit\u00e4 herneit\u00e4, vastaa 4% herneist\u00e4). *Filee yleens\u00e4 34,5% tuotteesta. Kana ja vihre\u00e4t pavut: liha ja el\u00e4inper\u00e4iset ainekset (88% fileet\u00e4*, sis\u00e4lt\u00e4en 40,6% kanaa, 27% sianlihaa, 14,4% sianlihaa, 6% naudanlihaa*), 1,5% mineraalit, kasvikunnan tuotteet (0,6% t\u00e4rkkelyst\u00e4, 0,5% kuitua, 0,4% sikuriinin inuliinia), \u00f6ljyt ja rasvat, vihannekset (0,45% kuivattuja vihreit\u00e4 papuja, vastaa 4% vihreist\u00e4 pavuista). *Filee yleens\u00e4 34,5% tuotteesta. Naudanliha ja porkkana: liha ja el\u00e4inper\u00e4iset ainekset (88% fileet\u00e4*, sis\u00e4lt\u00e4en 40,6% naudanlihaa, 27% sianmaksaa, 14,4% kananlihaa, 6% naudanlihaa*), 1,5% mineraalit, kasvikunnan tuotteet (0,6% t\u00e4rkkelyst\u00e4, 0,5% kuitua, 0,4% sikuriiniinia), \u00f6ljyt ja rasvat, vihannekset (0,45% kuivattua porkkanaa, vastaa 4% porkkanoista). *Filee yleens\u00e4 34,5% tuotteesta. Lampaanliha ja kurpitsa: liha ja el\u00e4inper\u00e4iset ainekset (88% fileet\u00e4*, sis\u00e4lt\u00e4en 40,6% lampaanlihaa, 27% sianmaksaa, 8,4% kananlihaa, 6% sianlihaa, 6% naudanlihaa*), 1,5% mineraalit, kasvikunnan sivutuotteet (0,6% t\u00e4rkkelyst\u00e4, 0,5% kuitua, 0,4% sikuriinin inuliinia), \u00f6ljyt ja rasvat, vihannekset (0,45% kuivattua kurpitsaa, vastaa 4% kurpitsasta). *Filee yleens\u00e4 34,5% tuotteesta. Analyyttinen koostumus: raakavalkuainen 10%, raakarasva 4%, raakatuhka 2%, raakakuitu 0,4%, omega-3-rasvahapot 0,15%, omega-6-rasvahapot 0,8%, kosteus 80%.\" \/>\n<meta property=\"og:url\" content=\"https:\/\/miumjau.ee\/fi\/tuote\/prospera-plus-assortii-aikuisille-kissoille-1-12x85g\/\" \/>\n<meta property=\"og:site_name\" content=\"MiuMjau\" \/>\n<meta property=\"article:publisher\" content=\"https:\/\/www.facebook.com\/miumjaupood\/\" \/>\n<meta property=\"article:modified_time\" content=\"2026-01-07T20:46:14+00:00\" \/>\n<meta property=\"og:image\" content=\"https:\/\/miumjau.ee\/wp-content\/uploads\/2025\/09\/prospera-kassitoit-assortii3.jpg\" \/>\n\t<meta property=\"og:image:width\" content=\"600\" \/>\n\t<meta property=\"og:image:height\" content=\"800\" \/>\n\t<meta property=\"og:image:type\" content=\"image\/jpeg\" \/>\n<meta name=\"twitter:card\" content=\"summary_large_image\" \/>\n<script type=\"application\/ld+json\" class=\"yoast-schema-graph\">{\"@context\":\"https:\\\/\\\/schema.org\",\"@graph\":[{\"@type\":\"WebPage\",\"@id\":\"https:\\\/\\\/miumjau.ee\\\/fi\\\/tuote\\\/prospera-plus-assortii-aikuisille-kissoille-1-12x85g\\\/\",\"url\":\"https:\\\/\\\/miumjau.ee\\\/fi\\\/tuote\\\/prospera-plus-assortii-aikuisille-kissoille-1-12x85g\\\/\",\"name\":\"Prospera Plus Assortii aikuisille kissoille 1+, 12x85g - MiuMjau\",\"isPartOf\":{\"@id\":\"https:\\\/\\\/miumjau.ee\\\/#website\"},\"primaryImageOfPage\":{\"@id\":\"https:\\\/\\\/miumjau.ee\\\/fi\\\/tuote\\\/prospera-plus-assortii-aikuisille-kissoille-1-12x85g\\\/#primaryimage\"},\"image\":{\"@id\":\"https:\\\/\\\/miumjau.ee\\\/fi\\\/tuote\\\/prospera-plus-assortii-aikuisille-kissoille-1-12x85g\\\/#primaryimage\"},\"thumbnailUrl\":\"https:\\\/\\\/miumjau.ee\\\/wp-content\\\/uploads\\\/2025\\\/09\\\/prospera-kassitoit-assortii3.jpg\",\"datePublished\":\"2025-09-16T06:41:39+00:00\",\"dateModified\":\"2026-01-07T20:46:14+00:00\",\"breadcrumb\":{\"@id\":\"https:\\\/\\\/miumjau.ee\\\/fi\\\/tuote\\\/prospera-plus-assortii-aikuisille-kissoille-1-12x85g\\\/#breadcrumb\"},\"inLanguage\":\"fi\",\"potentialAction\":[{\"@type\":\"ReadAction\",\"target\":[\"https:\\\/\\\/miumjau.ee\\\/fi\\\/tuote\\\/prospera-plus-assortii-aikuisille-kissoille-1-12x85g\\\/\"]}]},{\"@type\":\"ImageObject\",\"inLanguage\":\"fi\",\"@id\":\"https:\\\/\\\/miumjau.ee\\\/fi\\\/tuote\\\/prospera-plus-assortii-aikuisille-kissoille-1-12x85g\\\/#primaryimage\",\"url\":\"https:\\\/\\\/miumjau.ee\\\/wp-content\\\/uploads\\\/2025\\\/09\\\/prospera-kassitoit-assortii3.jpg\",\"contentUrl\":\"https:\\\/\\\/miumjau.ee\\\/wp-content\\\/uploads\\\/2025\\\/09\\\/prospera-kassitoit-assortii3.jpg\",\"width\":600,\"height\":800,\"caption\":\"Prospera Plus assortii t\u00e4iskasvanud kassidele 1+, 12x85g\"},{\"@type\":\"BreadcrumbList\",\"@id\":\"https:\\\/\\\/miumjau.ee\\\/fi\\\/tuote\\\/prospera-plus-assortii-aikuisille-kissoille-1-12x85g\\\/#breadcrumb\",\"itemListElement\":[{\"@type\":\"ListItem\",\"position\":1,\"name\":\"Home\",\"item\":\"https:\\\/\\\/miumjau.ee\\\/fi\\\/\"},{\"@type\":\"ListItem\",\"position\":2,\"name\":\"Kauppa\",\"item\":\"https:\\\/\\\/miumjau.ee\\\/fi\\\/kauppa\\\/\"},{\"@type\":\"ListItem\",\"position\":3,\"name\":\"Prospera Plus Assortii aikuisille kissoille 1+, 12x85g\"}]},{\"@type\":\"WebSite\",\"@id\":\"https:\\\/\\\/miumjau.ee\\\/#website\",\"url\":\"https:\\\/\\\/miumjau.ee\\\/\",\"name\":\"MiuMjau\",\"description\":\"Kraapimispuud kassidele\",\"publisher\":{\"@id\":\"https:\\\/\\\/miumjau.ee\\\/#organization\"},\"potentialAction\":[{\"@type\":\"SearchAction\",\"target\":{\"@type\":\"EntryPoint\",\"urlTemplate\":\"https:\\\/\\\/miumjau.ee\\\/?s={search_term_string}\"},\"query-input\":{\"@type\":\"PropertyValueSpecification\",\"valueRequired\":true,\"valueName\":\"search_term_string\"}}],\"inLanguage\":\"fi\"},{\"@type\":\"Organization\",\"@id\":\"https:\\\/\\\/miumjau.ee\\\/#organization\",\"name\":\"MiuMjau O\u00dc\",\"url\":\"https:\\\/\\\/miumjau.ee\\\/\",\"logo\":{\"@type\":\"ImageObject\",\"inLanguage\":\"fi\",\"@id\":\"https:\\\/\\\/miumjau.ee\\\/#\\\/schema\\\/logo\\\/image\\\/\",\"url\":\"https:\\\/\\\/miumjau.ee\\\/wp-content\\\/uploads\\\/2022\\\/04\\\/MiuMjau-logo-kollane.png\",\"contentUrl\":\"https:\\\/\\\/miumjau.ee\\\/wp-content\\\/uploads\\\/2022\\\/04\\\/MiuMjau-logo-kollane.png\",\"width\":219,\"height\":100,\"caption\":\"MiuMjau O\u00dc\"},\"image\":{\"@id\":\"https:\\\/\\\/miumjau.ee\\\/#\\\/schema\\\/logo\\\/image\\\/\"},\"sameAs\":[\"https:\\\/\\\/www.facebook.com\\\/miumjaupood\\\/\"]}]}<\/script>\n<!-- \/ Yoast SEO plugin. -->","yoast_head_json":{"title":"Prospera Plus Assortii aikuisille kissoille 1+, 12x85g - MiuMjau","robots":{"index":"index","follow":"follow","max-snippet":"max-snippet:-1","max-image-preview":"max-image-preview:large","max-video-preview":"max-video-preview:-1"},"canonical":"https:\/\/miumjau.ee\/fi\/tuote\/prospera-plus-assortii-aikuisille-kissoille-1-12x85g\/","og_locale":"fi_FI","og_type":"article","og_title":"Prospera Plus Assortii aikuisille kissoille 1+, 12x85g - MiuMjau","og_description":"T\u00e4ysipainoinen ja tasapainoinen m\u00e4rk\u00e4ruoka kissoille, v\u00e4hint\u00e4\u00e4n 1 vuoden ik\u00e4isille. Pakkaus sis\u00e4lt\u00e4\u00e4 3 purkkia tonnikalaa ja vihreit\u00e4 herneit\u00e4 kastikkeessa, 3 purkkia kanaa ja vihreit\u00e4 papuja kastikkeessa, 3 purkkia naudanlihaa ja porkkanaa kastikkeessa sek\u00e4 3 purkkia lampaanlihaa ja kurpitsaa kastikkeessa.     Tarjoaa kissallesi tarvittavan terveellisen ravinnon.    Sis\u00e4lt\u00e4\u00e4 tauriinia \u2013 v\u00e4ltt\u00e4m\u00e4t\u00f6n aminohappo kissan syd\u00e4men ja n\u00e4\u00f6n terveydelle.    Laadukkaat ja helposti sulavat ravintoaineet tukevat lihasten terveytt\u00e4 ja turkin kuntoa.    Herkulliset liha- ja vihannespalat kastikkeessa miellytt\u00e4v\u00e4t my\u00f6s vaativimpia kissoja.    Tukee tervett\u00e4 suoliston mikrobikantaa.    Soijaton, viljaton ja lis\u00e4tyn sokerin vapaa.   Ainesosat: Tonnikala ja vihre\u00e4t herneet: liha ja el\u00e4inper\u00e4iset ainekset (73,5% fileet\u00e4*, sis\u00e4lt\u00e4en 27% sianmaksaa, 25% kananlihaa, 15,5% sianlihaa, 6% naudanlihaa*), kala ja kalatuotteet (14,5% tonnikalafileet\u00e4*), 1,5% mineraalit, kasvikunnan tuotteet (0,6% t\u00e4rkkelyst\u00e4, 0,5% kuitua, 0,4% sikuriiniinia), \u00f6ljyt ja rasvat, vihannekset (0,45% kuivattuja vihreit\u00e4 herneit\u00e4, vastaa 4% herneist\u00e4). *Filee yleens\u00e4 34,5% tuotteesta. Kana ja vihre\u00e4t pavut: liha ja el\u00e4inper\u00e4iset ainekset (88% fileet\u00e4*, sis\u00e4lt\u00e4en 40,6% kanaa, 27% sianlihaa, 14,4% sianlihaa, 6% naudanlihaa*), 1,5% mineraalit, kasvikunnan tuotteet (0,6% t\u00e4rkkelyst\u00e4, 0,5% kuitua, 0,4% sikuriinin inuliinia), \u00f6ljyt ja rasvat, vihannekset (0,45% kuivattuja vihreit\u00e4 papuja, vastaa 4% vihreist\u00e4 pavuista). *Filee yleens\u00e4 34,5% tuotteesta. Naudanliha ja porkkana: liha ja el\u00e4inper\u00e4iset ainekset (88% fileet\u00e4*, sis\u00e4lt\u00e4en 40,6% naudanlihaa, 27% sianmaksaa, 14,4% kananlihaa, 6% naudanlihaa*), 1,5% mineraalit, kasvikunnan tuotteet (0,6% t\u00e4rkkelyst\u00e4, 0,5% kuitua, 0,4% sikuriiniinia), \u00f6ljyt ja rasvat, vihannekset (0,45% kuivattua porkkanaa, vastaa 4% porkkanoista). *Filee yleens\u00e4 34,5% tuotteesta. Lampaanliha ja kurpitsa: liha ja el\u00e4inper\u00e4iset ainekset (88% fileet\u00e4*, sis\u00e4lt\u00e4en 40,6% lampaanlihaa, 27% sianmaksaa, 8,4% kananlihaa, 6% sianlihaa, 6% naudanlihaa*), 1,5% mineraalit, kasvikunnan sivutuotteet (0,6% t\u00e4rkkelyst\u00e4, 0,5% kuitua, 0,4% sikuriinin inuliinia), \u00f6ljyt ja rasvat, vihannekset (0,45% kuivattua kurpitsaa, vastaa 4% kurpitsasta). *Filee yleens\u00e4 34,5% tuotteesta. Analyyttinen koostumus: raakavalkuainen 10%, raakarasva 4%, raakatuhka 2%, raakakuitu 0,4%, omega-3-rasvahapot 0,15%, omega-6-rasvahapot 0,8%, kosteus 80%.","og_url":"https:\/\/miumjau.ee\/fi\/tuote\/prospera-plus-assortii-aikuisille-kissoille-1-12x85g\/","og_site_name":"MiuMjau","article_publisher":"https:\/\/www.facebook.com\/miumjaupood\/","article_modified_time":"2026-01-07T20:46:14+00:00","og_image":[{"width":600,"height":800,"url":"https:\/\/miumjau.ee\/wp-content\/uploads\/2025\/09\/prospera-kassitoit-assortii3.jpg","type":"image\/jpeg"}],"twitter_card":"summary_large_image","schema":{"@context":"https:\/\/schema.org","@graph":[{"@type":"WebPage","@id":"https:\/\/miumjau.ee\/fi\/tuote\/prospera-plus-assortii-aikuisille-kissoille-1-12x85g\/","url":"https:\/\/miumjau.ee\/fi\/tuote\/prospera-plus-assortii-aikuisille-kissoille-1-12x85g\/","name":"Prospera Plus Assortii aikuisille kissoille 1+, 12x85g - MiuMjau","isPartOf":{"@id":"https:\/\/miumjau.ee\/#website"},"primaryImageOfPage":{"@id":"https:\/\/miumjau.ee\/fi\/tuote\/prospera-plus-assortii-aikuisille-kissoille-1-12x85g\/#primaryimage"},"image":{"@id":"https:\/\/miumjau.ee\/fi\/tuote\/prospera-plus-assortii-aikuisille-kissoille-1-12x85g\/#primaryimage"},"thumbnailUrl":"https:\/\/miumjau.ee\/wp-content\/uploads\/2025\/09\/prospera-kassitoit-assortii3.jpg","datePublished":"2025-09-16T06:41:39+00:00","dateModified":"2026-01-07T20:46:14+00:00","breadcrumb":{"@id":"https:\/\/miumjau.ee\/fi\/tuote\/prospera-plus-assortii-aikuisille-kissoille-1-12x85g\/#breadcrumb"},"inLanguage":"fi","potentialAction":[{"@type":"ReadAction","target":["https:\/\/miumjau.ee\/fi\/tuote\/prospera-plus-assortii-aikuisille-kissoille-1-12x85g\/"]}]},{"@type":"ImageObject","inLanguage":"fi","@id":"https:\/\/miumjau.ee\/fi\/tuote\/prospera-plus-assortii-aikuisille-kissoille-1-12x85g\/#primaryimage","url":"https:\/\/miumjau.ee\/wp-content\/uploads\/2025\/09\/prospera-kassitoit-assortii3.jpg","contentUrl":"https:\/\/miumjau.ee\/wp-content\/uploads\/2025\/09\/prospera-kassitoit-assortii3.jpg","width":600,"height":800,"caption":"Prospera Plus assortii t\u00e4iskasvanud kassidele 1+, 12x85g"},{"@type":"BreadcrumbList","@id":"https:\/\/miumjau.ee\/fi\/tuote\/prospera-plus-assortii-aikuisille-kissoille-1-12x85g\/#breadcrumb","itemListElement":[{"@type":"ListItem","position":1,"name":"Home","item":"https:\/\/miumjau.ee\/fi\/"},{"@type":"ListItem","position":2,"name":"Kauppa","item":"https:\/\/miumjau.ee\/fi\/kauppa\/"},{"@type":"ListItem","position":3,"name":"Prospera Plus Assortii aikuisille kissoille 1+, 12x85g"}]},{"@type":"WebSite","@id":"https:\/\/miumjau.ee\/#website","url":"https:\/\/miumjau.ee\/","name":"MiuMjau","description":"Kraapimispuud kassidele","publisher":{"@id":"https:\/\/miumjau.ee\/#organization"},"potentialAction":[{"@type":"SearchAction","target":{"@type":"EntryPoint","urlTemplate":"https:\/\/miumjau.ee\/?s={search_term_string}"},"query-input":{"@type":"PropertyValueSpecification","valueRequired":true,"valueName":"search_term_string"}}],"inLanguage":"fi"},{"@type":"Organization","@id":"https:\/\/miumjau.ee\/#organization","name":"MiuMjau O\u00dc","url":"https:\/\/miumjau.ee\/","logo":{"@type":"ImageObject","inLanguage":"fi","@id":"https:\/\/miumjau.ee\/#\/schema\/logo\/image\/","url":"https:\/\/miumjau.ee\/wp-content\/uploads\/2022\/04\/MiuMjau-logo-kollane.png","contentUrl":"https:\/\/miumjau.ee\/wp-content\/uploads\/2022\/04\/MiuMjau-logo-kollane.png","width":219,"height":100,"caption":"MiuMjau O\u00dc"},"image":{"@id":"https:\/\/miumjau.ee\/#\/schema\/logo\/image\/"},"sameAs":["https:\/\/www.facebook.com\/miumjaupood\/"]}]}},"_links":{"self":[{"href":"https:\/\/miumjau.ee\/fi\/wp-json\/wp\/v2\/product\/46408","targetHints":{"allow":["GET"]}}],"collection":[{"href":"https:\/\/miumjau.ee\/fi\/wp-json\/wp\/v2\/product"}],"about":[{"href":"https:\/\/miumjau.ee\/fi\/wp-json\/wp\/v2\/types\/product"}],"wp:featuredmedia":[{"embeddable":true,"href":"https:\/\/miumjau.ee\/fi\/wp-json\/wp\/v2\/media\/39432"}],"wp:attachment":[{"href":"https:\/\/miumjau.ee\/fi\/wp-json\/wp\/v2\/media?parent=46408"}],"wp:term":[{"taxonomy":"product_brand","embeddable":true,"href":"https:\/\/miumjau.ee\/fi\/wp-json\/wp\/v2\/product_brand?post=46408"},{"taxonomy":"product_cat","embeddable":true,"href":"https:\/\/miumjau.ee\/fi\/wp-json\/wp\/v2\/product_cat?post=46408"},{"taxonomy":"product_tag","embeddable":true,"href":"https:\/\/miumjau.ee\/fi\/wp-json\/wp\/v2\/product_tag?post=46408"}],"curies":[{"name":"wp","href":"https:\/\/api.w.org\/{rel}","templated":true}]}}