{"id":46229,"date":"2025-12-01T15:51:41","date_gmt":"2025-12-01T13:51:41","guid":{"rendered":"https:\/\/miumjau.ee\/?post_type=product&#038;p=46229"},"modified":"2026-01-07T22:46:14","modified_gmt":"2026-01-07T20:46:14","slug":"prospera-plus-ster-1-lohella-ja-vihreilla-herneilla-85-g-kopeeri","status":"publish","type":"product","link":"https:\/\/miumjau.ee\/fi\/tuote\/prospera-plus-ster-1-lohella-ja-vihreilla-herneilla-85-g-kopeeri\/","title":{"rendered":"Prospera Plus ster. 1+, lohella ja vihreill\u00e4 herneill\u00e4, 24x 85g"},"content":{"rendered":"","protected":false},"excerpt":{"rendered":"<p data-start=\"159\" data-end=\"313\">T\u00e4ysipainoinen ja tasapainoinen s\u00e4ilykeruoka lohen ja vihreiden herneiden kastikkeessa steriloiduille ja steriloimattomille kissoille 1-vuotiaasta alkaen.<\/p>\n<p data-start=\"315\" data-end=\"781\">Tarjoaa kissallesi tarvittavan terveellisen ravinnon.<br data-start=\"368\" data-end=\"371\" \/>Sis\u00e4lt\u00e4\u00e4 tauriinia \u2013 v\u00e4ltt\u00e4m\u00e4t\u00f6nt\u00e4 aminohappoa, joka on t\u00e4rke\u00e4 kissan syd\u00e4men ja n\u00e4\u00f6n terveydelle.<br data-start=\"469\" data-end=\"472\" \/>Laadukkaat ja helposti sulavat ravintoaineet auttavat tukemaan lihasten terveytt\u00e4 ja turkin kuntoa.<br data-start=\"571\" data-end=\"574\" \/>Maukkaat liha- ja vihannespalat kastikkeessa maistuvat jopa kaikkein nirsoimmalle lemmikille.<br data-start=\"667\" data-end=\"670\" \/>Auttaa yll\u00e4pit\u00e4m\u00e4\u00e4n terveellist\u00e4 suoliston mikroflooraa.<br data-start=\"726\" data-end=\"729\" \/>Soijaton, viljaton ja lis\u00e4tty\u00e4 sokeria sis\u00e4lt\u00e4m\u00e4t\u00f6n.<\/p>\n<p data-start=\"783\" data-end=\"1258\"><strong data-start=\"783\" data-end=\"797\">Koostumus:<\/strong> lihaa ja el\u00e4inper\u00e4isi\u00e4 tuotteita (67,7 % fileet\u00e4*, josta 28,7 % kananlihaa, 27 % sianmaksaa, 9,7 % sianlihaa, 6 % naudanlihaa*), kalaa ja kalatuotteita (20,3 % lohifileet\u00e4*), 1,7 % kivenn\u00e4isaineita, kasvipohjaisia tuotteita (0,5 % t\u00e4rkkelyst\u00e4, 0,8 % kuituja, 0,4 % sikurista per\u00e4isin olevaa inuliinia), \u00f6ljyj\u00e4 ja rasvoja, vihanneksia (0,45 % kuivattuja vihreit\u00e4 herneit\u00e4, mik\u00e4 vastaa 4 % tuoreita vihreit\u00e4 herneit\u00e4). *Fileen osuus tuotteesta on yleens\u00e4 34,5 %.<\/p>\n<p data-start=\"1260\" data-end=\"1434\"><strong data-start=\"1260\" data-end=\"1287\">Analyyttinen koostumus:<\/strong> raakaproteiini 10 %, raakarasva 3 %, raakatuhka 1,9 %, raakakuitu 1 %, omega-3-rasvahapot 0,15 %, omega-6-rasvahapot 0,8 %, kosteuspitoisuus 82 %.<\/p>\n","protected":false},"featured_media":46259,"template":"","meta":[],"product_brand":[],"product_cat":[264],"product_tag":[],"class_list":{"0":"post-46229","1":"product","2":"type-product","3":"status-publish","4":"has-post-thumbnail","6":"product_cat-marka-ruoka","8":"first","9":"instock","10":"sale","11":"taxable","12":"shipping-taxable","13":"purchasable","14":"product-type-simple"},"yoast_head":"<!-- This site is optimized with the Yoast SEO plugin v27.4 - https:\/\/yoast.com\/product\/yoast-seo-wordpress\/ -->\n<title>Prospera Plus ster. 1+, lohella ja vihreill\u00e4 herneill\u00e4, 24x 85g - MiuMjau<\/title>\n<meta name=\"robots\" content=\"index, follow, max-snippet:-1, max-image-preview:large, max-video-preview:-1\" \/>\n<link rel=\"canonical\" href=\"https:\/\/miumjau.ee\/fi\/tuote\/prospera-plus-ster-1-lohella-ja-vihreilla-herneilla-85-g-kopeeri\/\" \/>\n<meta property=\"og:locale\" content=\"fi_FI\" \/>\n<meta property=\"og:type\" content=\"article\" \/>\n<meta property=\"og:title\" content=\"Prospera Plus ster. 1+, lohella ja vihreill\u00e4 herneill\u00e4, 24x 85g - MiuMjau\" \/>\n<meta property=\"og:description\" content=\"T\u00e4ysipainoinen ja tasapainoinen s\u00e4ilykeruoka lohen ja vihreiden herneiden kastikkeessa steriloiduille ja steriloimattomille kissoille 1-vuotiaasta alkaen. Tarjoaa kissallesi tarvittavan terveellisen ravinnon.Sis\u00e4lt\u00e4\u00e4 tauriinia \u2013 v\u00e4ltt\u00e4m\u00e4t\u00f6nt\u00e4 aminohappoa, joka on t\u00e4rke\u00e4 kissan syd\u00e4men ja n\u00e4\u00f6n terveydelle.Laadukkaat ja helposti sulavat ravintoaineet auttavat tukemaan lihasten terveytt\u00e4 ja turkin kuntoa.Maukkaat liha- ja vihannespalat kastikkeessa maistuvat jopa kaikkein nirsoimmalle lemmikille.Auttaa yll\u00e4pit\u00e4m\u00e4\u00e4n terveellist\u00e4 suoliston mikroflooraa.Soijaton, viljaton ja lis\u00e4tty\u00e4 sokeria sis\u00e4lt\u00e4m\u00e4t\u00f6n. Koostumus: lihaa ja el\u00e4inper\u00e4isi\u00e4 tuotteita (67,7 % fileet\u00e4*, josta 28,7 % kananlihaa, 27 % sianmaksaa, 9,7 % sianlihaa, 6 % naudanlihaa*), kalaa ja kalatuotteita (20,3 % lohifileet\u00e4*), 1,7 % kivenn\u00e4isaineita, kasvipohjaisia tuotteita (0,5 % t\u00e4rkkelyst\u00e4, 0,8 % kuituja, 0,4 % sikurista per\u00e4isin olevaa inuliinia), \u00f6ljyj\u00e4 ja rasvoja, vihanneksia (0,45 % kuivattuja vihreit\u00e4 herneit\u00e4, mik\u00e4 vastaa 4 % tuoreita vihreit\u00e4 herneit\u00e4). *Fileen osuus tuotteesta on yleens\u00e4 34,5 %. Analyyttinen koostumus: raakaproteiini 10 %, raakarasva 3 %, raakatuhka 1,9 %, raakakuitu 1 %, omega-3-rasvahapot 0,15 %, omega-6-rasvahapot 0,8 %, kosteuspitoisuus 82 %.\" \/>\n<meta property=\"og:url\" content=\"https:\/\/miumjau.ee\/fi\/tuote\/prospera-plus-ster-1-lohella-ja-vihreilla-herneilla-85-g-kopeeri\/\" \/>\n<meta property=\"og:site_name\" content=\"MiuMjau\" \/>\n<meta property=\"article:publisher\" content=\"https:\/\/www.facebook.com\/miumjaupood\/\" \/>\n<meta property=\"article:modified_time\" content=\"2026-01-07T20:46:14+00:00\" \/>\n<meta property=\"og:image\" content=\"https:\/\/miumjau.ee\/wp-content\/uploads\/2025\/12\/prospera-plus-kassitoit-multipakk17.png\" \/>\n\t<meta property=\"og:image:width\" content=\"600\" \/>\n\t<meta property=\"og:image:height\" content=\"800\" \/>\n\t<meta property=\"og:image:type\" content=\"image\/png\" \/>\n<meta name=\"twitter:card\" content=\"summary_large_image\" \/>\n<script type=\"application\/ld+json\" class=\"yoast-schema-graph\">{\"@context\":\"https:\\\/\\\/schema.org\",\"@graph\":[{\"@type\":\"WebPage\",\"@id\":\"https:\\\/\\\/miumjau.ee\\\/fi\\\/tuote\\\/prospera-plus-ster-1-lohella-ja-vihreilla-herneilla-85-g-kopeeri\\\/\",\"url\":\"https:\\\/\\\/miumjau.ee\\\/fi\\\/tuote\\\/prospera-plus-ster-1-lohella-ja-vihreilla-herneilla-85-g-kopeeri\\\/\",\"name\":\"Prospera Plus ster. 1+, lohella ja vihreill\u00e4 herneill\u00e4, 24x 85g - MiuMjau\",\"isPartOf\":{\"@id\":\"https:\\\/\\\/miumjau.ee\\\/#website\"},\"primaryImageOfPage\":{\"@id\":\"https:\\\/\\\/miumjau.ee\\\/fi\\\/tuote\\\/prospera-plus-ster-1-lohella-ja-vihreilla-herneilla-85-g-kopeeri\\\/#primaryimage\"},\"image\":{\"@id\":\"https:\\\/\\\/miumjau.ee\\\/fi\\\/tuote\\\/prospera-plus-ster-1-lohella-ja-vihreilla-herneilla-85-g-kopeeri\\\/#primaryimage\"},\"thumbnailUrl\":\"https:\\\/\\\/miumjau.ee\\\/wp-content\\\/uploads\\\/2025\\\/12\\\/prospera-plus-kassitoit-multipakk17.png\",\"datePublished\":\"2025-12-01T13:51:41+00:00\",\"dateModified\":\"2026-01-07T20:46:14+00:00\",\"breadcrumb\":{\"@id\":\"https:\\\/\\\/miumjau.ee\\\/fi\\\/tuote\\\/prospera-plus-ster-1-lohella-ja-vihreilla-herneilla-85-g-kopeeri\\\/#breadcrumb\"},\"inLanguage\":\"fi\",\"potentialAction\":[{\"@type\":\"ReadAction\",\"target\":[\"https:\\\/\\\/miumjau.ee\\\/fi\\\/tuote\\\/prospera-plus-ster-1-lohella-ja-vihreilla-herneilla-85-g-kopeeri\\\/\"]}]},{\"@type\":\"ImageObject\",\"inLanguage\":\"fi\",\"@id\":\"https:\\\/\\\/miumjau.ee\\\/fi\\\/tuote\\\/prospera-plus-ster-1-lohella-ja-vihreilla-herneilla-85-g-kopeeri\\\/#primaryimage\",\"url\":\"https:\\\/\\\/miumjau.ee\\\/wp-content\\\/uploads\\\/2025\\\/12\\\/prospera-plus-kassitoit-multipakk17.png\",\"contentUrl\":\"https:\\\/\\\/miumjau.ee\\\/wp-content\\\/uploads\\\/2025\\\/12\\\/prospera-plus-kassitoit-multipakk17.png\",\"width\":600,\"height\":800,\"caption\":\"Prospera Plus ster. 1+, l\u00f5he ja hernestega, 24x85g\"},{\"@type\":\"BreadcrumbList\",\"@id\":\"https:\\\/\\\/miumjau.ee\\\/fi\\\/tuote\\\/prospera-plus-ster-1-lohella-ja-vihreilla-herneilla-85-g-kopeeri\\\/#breadcrumb\",\"itemListElement\":[{\"@type\":\"ListItem\",\"position\":1,\"name\":\"Home\",\"item\":\"https:\\\/\\\/miumjau.ee\\\/fi\\\/\"},{\"@type\":\"ListItem\",\"position\":2,\"name\":\"Kauppa\",\"item\":\"https:\\\/\\\/miumjau.ee\\\/fi\\\/kauppa\\\/\"},{\"@type\":\"ListItem\",\"position\":3,\"name\":\"Prospera Plus ster. 1+, lohella ja vihreill\u00e4 herneill\u00e4, 24x 85g\"}]},{\"@type\":\"WebSite\",\"@id\":\"https:\\\/\\\/miumjau.ee\\\/#website\",\"url\":\"https:\\\/\\\/miumjau.ee\\\/\",\"name\":\"MiuMjau\",\"description\":\"Kraapimispuud kassidele\",\"publisher\":{\"@id\":\"https:\\\/\\\/miumjau.ee\\\/#organization\"},\"potentialAction\":[{\"@type\":\"SearchAction\",\"target\":{\"@type\":\"EntryPoint\",\"urlTemplate\":\"https:\\\/\\\/miumjau.ee\\\/?s={search_term_string}\"},\"query-input\":{\"@type\":\"PropertyValueSpecification\",\"valueRequired\":true,\"valueName\":\"search_term_string\"}}],\"inLanguage\":\"fi\"},{\"@type\":\"Organization\",\"@id\":\"https:\\\/\\\/miumjau.ee\\\/#organization\",\"name\":\"MiuMjau O\u00dc\",\"url\":\"https:\\\/\\\/miumjau.ee\\\/\",\"logo\":{\"@type\":\"ImageObject\",\"inLanguage\":\"fi\",\"@id\":\"https:\\\/\\\/miumjau.ee\\\/#\\\/schema\\\/logo\\\/image\\\/\",\"url\":\"https:\\\/\\\/miumjau.ee\\\/wp-content\\\/uploads\\\/2022\\\/04\\\/MiuMjau-logo-kollane.png\",\"contentUrl\":\"https:\\\/\\\/miumjau.ee\\\/wp-content\\\/uploads\\\/2022\\\/04\\\/MiuMjau-logo-kollane.png\",\"width\":219,\"height\":100,\"caption\":\"MiuMjau O\u00dc\"},\"image\":{\"@id\":\"https:\\\/\\\/miumjau.ee\\\/#\\\/schema\\\/logo\\\/image\\\/\"},\"sameAs\":[\"https:\\\/\\\/www.facebook.com\\\/miumjaupood\\\/\"]}]}<\/script>\n<!-- \/ Yoast SEO plugin. -->","yoast_head_json":{"title":"Prospera Plus ster. 1+, lohella ja vihreill\u00e4 herneill\u00e4, 24x 85g - MiuMjau","robots":{"index":"index","follow":"follow","max-snippet":"max-snippet:-1","max-image-preview":"max-image-preview:large","max-video-preview":"max-video-preview:-1"},"canonical":"https:\/\/miumjau.ee\/fi\/tuote\/prospera-plus-ster-1-lohella-ja-vihreilla-herneilla-85-g-kopeeri\/","og_locale":"fi_FI","og_type":"article","og_title":"Prospera Plus ster. 1+, lohella ja vihreill\u00e4 herneill\u00e4, 24x 85g - MiuMjau","og_description":"T\u00e4ysipainoinen ja tasapainoinen s\u00e4ilykeruoka lohen ja vihreiden herneiden kastikkeessa steriloiduille ja steriloimattomille kissoille 1-vuotiaasta alkaen. Tarjoaa kissallesi tarvittavan terveellisen ravinnon.Sis\u00e4lt\u00e4\u00e4 tauriinia \u2013 v\u00e4ltt\u00e4m\u00e4t\u00f6nt\u00e4 aminohappoa, joka on t\u00e4rke\u00e4 kissan syd\u00e4men ja n\u00e4\u00f6n terveydelle.Laadukkaat ja helposti sulavat ravintoaineet auttavat tukemaan lihasten terveytt\u00e4 ja turkin kuntoa.Maukkaat liha- ja vihannespalat kastikkeessa maistuvat jopa kaikkein nirsoimmalle lemmikille.Auttaa yll\u00e4pit\u00e4m\u00e4\u00e4n terveellist\u00e4 suoliston mikroflooraa.Soijaton, viljaton ja lis\u00e4tty\u00e4 sokeria sis\u00e4lt\u00e4m\u00e4t\u00f6n. Koostumus: lihaa ja el\u00e4inper\u00e4isi\u00e4 tuotteita (67,7 % fileet\u00e4*, josta 28,7 % kananlihaa, 27 % sianmaksaa, 9,7 % sianlihaa, 6 % naudanlihaa*), kalaa ja kalatuotteita (20,3 % lohifileet\u00e4*), 1,7 % kivenn\u00e4isaineita, kasvipohjaisia tuotteita (0,5 % t\u00e4rkkelyst\u00e4, 0,8 % kuituja, 0,4 % sikurista per\u00e4isin olevaa inuliinia), \u00f6ljyj\u00e4 ja rasvoja, vihanneksia (0,45 % kuivattuja vihreit\u00e4 herneit\u00e4, mik\u00e4 vastaa 4 % tuoreita vihreit\u00e4 herneit\u00e4). *Fileen osuus tuotteesta on yleens\u00e4 34,5 %. Analyyttinen koostumus: raakaproteiini 10 %, raakarasva 3 %, raakatuhka 1,9 %, raakakuitu 1 %, omega-3-rasvahapot 0,15 %, omega-6-rasvahapot 0,8 %, kosteuspitoisuus 82 %.","og_url":"https:\/\/miumjau.ee\/fi\/tuote\/prospera-plus-ster-1-lohella-ja-vihreilla-herneilla-85-g-kopeeri\/","og_site_name":"MiuMjau","article_publisher":"https:\/\/www.facebook.com\/miumjaupood\/","article_modified_time":"2026-01-07T20:46:14+00:00","og_image":[{"width":600,"height":800,"url":"https:\/\/miumjau.ee\/wp-content\/uploads\/2025\/12\/prospera-plus-kassitoit-multipakk17.png","type":"image\/png"}],"twitter_card":"summary_large_image","schema":{"@context":"https:\/\/schema.org","@graph":[{"@type":"WebPage","@id":"https:\/\/miumjau.ee\/fi\/tuote\/prospera-plus-ster-1-lohella-ja-vihreilla-herneilla-85-g-kopeeri\/","url":"https:\/\/miumjau.ee\/fi\/tuote\/prospera-plus-ster-1-lohella-ja-vihreilla-herneilla-85-g-kopeeri\/","name":"Prospera Plus ster. 1+, lohella ja vihreill\u00e4 herneill\u00e4, 24x 85g - MiuMjau","isPartOf":{"@id":"https:\/\/miumjau.ee\/#website"},"primaryImageOfPage":{"@id":"https:\/\/miumjau.ee\/fi\/tuote\/prospera-plus-ster-1-lohella-ja-vihreilla-herneilla-85-g-kopeeri\/#primaryimage"},"image":{"@id":"https:\/\/miumjau.ee\/fi\/tuote\/prospera-plus-ster-1-lohella-ja-vihreilla-herneilla-85-g-kopeeri\/#primaryimage"},"thumbnailUrl":"https:\/\/miumjau.ee\/wp-content\/uploads\/2025\/12\/prospera-plus-kassitoit-multipakk17.png","datePublished":"2025-12-01T13:51:41+00:00","dateModified":"2026-01-07T20:46:14+00:00","breadcrumb":{"@id":"https:\/\/miumjau.ee\/fi\/tuote\/prospera-plus-ster-1-lohella-ja-vihreilla-herneilla-85-g-kopeeri\/#breadcrumb"},"inLanguage":"fi","potentialAction":[{"@type":"ReadAction","target":["https:\/\/miumjau.ee\/fi\/tuote\/prospera-plus-ster-1-lohella-ja-vihreilla-herneilla-85-g-kopeeri\/"]}]},{"@type":"ImageObject","inLanguage":"fi","@id":"https:\/\/miumjau.ee\/fi\/tuote\/prospera-plus-ster-1-lohella-ja-vihreilla-herneilla-85-g-kopeeri\/#primaryimage","url":"https:\/\/miumjau.ee\/wp-content\/uploads\/2025\/12\/prospera-plus-kassitoit-multipakk17.png","contentUrl":"https:\/\/miumjau.ee\/wp-content\/uploads\/2025\/12\/prospera-plus-kassitoit-multipakk17.png","width":600,"height":800,"caption":"Prospera Plus ster. 1+, l\u00f5he ja hernestega, 24x85g"},{"@type":"BreadcrumbList","@id":"https:\/\/miumjau.ee\/fi\/tuote\/prospera-plus-ster-1-lohella-ja-vihreilla-herneilla-85-g-kopeeri\/#breadcrumb","itemListElement":[{"@type":"ListItem","position":1,"name":"Home","item":"https:\/\/miumjau.ee\/fi\/"},{"@type":"ListItem","position":2,"name":"Kauppa","item":"https:\/\/miumjau.ee\/fi\/kauppa\/"},{"@type":"ListItem","position":3,"name":"Prospera Plus ster. 1+, lohella ja vihreill\u00e4 herneill\u00e4, 24x 85g"}]},{"@type":"WebSite","@id":"https:\/\/miumjau.ee\/#website","url":"https:\/\/miumjau.ee\/","name":"MiuMjau","description":"Kraapimispuud kassidele","publisher":{"@id":"https:\/\/miumjau.ee\/#organization"},"potentialAction":[{"@type":"SearchAction","target":{"@type":"EntryPoint","urlTemplate":"https:\/\/miumjau.ee\/?s={search_term_string}"},"query-input":{"@type":"PropertyValueSpecification","valueRequired":true,"valueName":"search_term_string"}}],"inLanguage":"fi"},{"@type":"Organization","@id":"https:\/\/miumjau.ee\/#organization","name":"MiuMjau O\u00dc","url":"https:\/\/miumjau.ee\/","logo":{"@type":"ImageObject","inLanguage":"fi","@id":"https:\/\/miumjau.ee\/#\/schema\/logo\/image\/","url":"https:\/\/miumjau.ee\/wp-content\/uploads\/2022\/04\/MiuMjau-logo-kollane.png","contentUrl":"https:\/\/miumjau.ee\/wp-content\/uploads\/2022\/04\/MiuMjau-logo-kollane.png","width":219,"height":100,"caption":"MiuMjau O\u00dc"},"image":{"@id":"https:\/\/miumjau.ee\/#\/schema\/logo\/image\/"},"sameAs":["https:\/\/www.facebook.com\/miumjaupood\/"]}]}},"_links":{"self":[{"href":"https:\/\/miumjau.ee\/fi\/wp-json\/wp\/v2\/product\/46229","targetHints":{"allow":["GET"]}}],"collection":[{"href":"https:\/\/miumjau.ee\/fi\/wp-json\/wp\/v2\/product"}],"about":[{"href":"https:\/\/miumjau.ee\/fi\/wp-json\/wp\/v2\/types\/product"}],"wp:featuredmedia":[{"embeddable":true,"href":"https:\/\/miumjau.ee\/fi\/wp-json\/wp\/v2\/media\/46259"}],"wp:attachment":[{"href":"https:\/\/miumjau.ee\/fi\/wp-json\/wp\/v2\/media?parent=46229"}],"wp:term":[{"taxonomy":"product_brand","embeddable":true,"href":"https:\/\/miumjau.ee\/fi\/wp-json\/wp\/v2\/product_brand?post=46229"},{"taxonomy":"product_cat","embeddable":true,"href":"https:\/\/miumjau.ee\/fi\/wp-json\/wp\/v2\/product_cat?post=46229"},{"taxonomy":"product_tag","embeddable":true,"href":"https:\/\/miumjau.ee\/fi\/wp-json\/wp\/v2\/product_tag?post=46229"}],"curies":[{"name":"wp","href":"https:\/\/api.w.org\/{rel}","templated":true}]}}