{"id":46217,"date":"2025-12-01T15:51:37","date_gmt":"2025-12-01T13:51:37","guid":{"rendered":"https:\/\/miumjau.ee\/?post_type=product&#038;p=46217"},"modified":"2026-01-07T22:46:14","modified_gmt":"2026-01-07T20:46:14","slug":"prospera-plus-kitten-ankka-ja-vihreat-pavut-85-g-kopeeri","status":"publish","type":"product","link":"https:\/\/miumjau.ee\/fi\/tuote\/prospera-plus-kitten-ankka-ja-vihreat-pavut-85-g-kopeeri\/","title":{"rendered":"Prospera Plus Kitten, ankka ja vihre\u00e4t pavut, 24x 85g"},"content":{"rendered":"","protected":false},"excerpt":{"rendered":"<p data-start=\"139\" data-end=\"258\">T\u00e4ysravinto ja tasapainoinen m\u00e4rk\u00e4ruoka ankalla ja vihreill\u00e4 pavuilla kissanpennuille 4 viikon \u2013 1 vuoden ik\u00e4\u00e4n asti.<\/p>\n<p data-start=\"260\" data-end=\"680\">Terveellinen ruoka, joka tukee kissanpentusi kasvua ja kehityst\u00e4.<br data-start=\"325\" data-end=\"328\" \/>Sis\u00e4lt\u00e4\u00e4 tauriinia \u2013 v\u00e4ltt\u00e4m\u00e4t\u00f6nt\u00e4 aminohappoa, joka on t\u00e4rke\u00e4 syd\u00e4men ja n\u00e4\u00f6n terveydelle.<br data-start=\"419\" data-end=\"422\" \/>Laadukkaat ja helposti sulavat ravintoaineet auttavat pentua saamaan riitt\u00e4v\u00e4sti energiaa ja tukevat turkin kuntoa.<br data-start=\"537\" data-end=\"540\" \/>Ei sis\u00e4ll\u00e4 soijaa, viljaa eik\u00e4 lis\u00e4tty\u00e4 sokeria.<br data-start=\"588\" data-end=\"591\" \/>Herkulliset liha- ja vihannespalat kastikkeessa maistuvat jopa nirsoimmalle lemmikille.<\/p>\n<p data-start=\"682\" data-end=\"1106\"><strong data-start=\"682\" data-end=\"696\">Koostumus:<\/strong> liha ja el\u00e4inper\u00e4iset tuotteet (88 % fileet\u00e4*, josta 40,6 % ankkaa, 25 % sianmaksaa, 10,4 % kanaa, 6 % sianlihaa, 6 % naudanlihaa*), 1,5 % kivenn\u00e4isaineita, kasviper\u00e4iset tuotteet (0,6 % t\u00e4rkkelyst\u00e4, 0,5 % kuitua, 0,4 % sikurin inuliinia), \u00f6ljyt ja rasvat (0,5 % lohi\u00f6ljy\u00e4), vihannekset (0,45 % kuivattuja vihreit\u00e4 papuja, vastaa 4 % tuoreita vihreit\u00e4 papuja).<br data-start=\"1057\" data-end=\"1060\" \/><em data-start=\"1060\" data-end=\"1104\">Filee muodostaa yleens\u00e4 34,5 % tuotteesta.<\/em><\/p>\n<p data-start=\"1108\" data-end=\"1304\"><strong data-start=\"1108\" data-end=\"1133\">Analysoitu koostumus:<\/strong> raakaproteiini 10 %, raakarasva 5 %, raakatuhka 2 %, raakakuitu 0,3 %, kalsium 0,3 %, fosfori 0,25 %, omega-3-rasvahapot 0,15 %, omega-6-rasvahapot 0,8 %, kosteus 78 %.<\/p>\n","protected":false},"featured_media":46283,"template":"","meta":[],"product_brand":[],"product_cat":[264],"product_tag":[],"class_list":{"0":"post-46217","1":"product","2":"type-product","3":"status-publish","4":"has-post-thumbnail","6":"product_cat-marka-ruoka","8":"first","9":"instock","10":"sale","11":"taxable","12":"shipping-taxable","13":"purchasable","14":"product-type-simple"},"yoast_head":"<!-- This site is optimized with the Yoast SEO plugin v27.2 - https:\/\/yoast.com\/product\/yoast-seo-wordpress\/ -->\n<title>Prospera Plus Kitten, ankka ja vihre\u00e4t pavut, 24x 85g - MiuMjau<\/title>\n<meta name=\"robots\" content=\"index, follow, max-snippet:-1, max-image-preview:large, max-video-preview:-1\" \/>\n<link rel=\"canonical\" href=\"https:\/\/miumjau.ee\/fi\/tuote\/prospera-plus-kitten-ankka-ja-vihreat-pavut-85-g-kopeeri\/\" \/>\n<meta property=\"og:locale\" content=\"fi_FI\" \/>\n<meta property=\"og:type\" content=\"article\" \/>\n<meta property=\"og:title\" content=\"Prospera Plus Kitten, ankka ja vihre\u00e4t pavut, 24x 85g - MiuMjau\" \/>\n<meta property=\"og:description\" content=\"T\u00e4ysravinto ja tasapainoinen m\u00e4rk\u00e4ruoka ankalla ja vihreill\u00e4 pavuilla kissanpennuille 4 viikon \u2013 1 vuoden ik\u00e4\u00e4n asti. Terveellinen ruoka, joka tukee kissanpentusi kasvua ja kehityst\u00e4.Sis\u00e4lt\u00e4\u00e4 tauriinia \u2013 v\u00e4ltt\u00e4m\u00e4t\u00f6nt\u00e4 aminohappoa, joka on t\u00e4rke\u00e4 syd\u00e4men ja n\u00e4\u00f6n terveydelle.Laadukkaat ja helposti sulavat ravintoaineet auttavat pentua saamaan riitt\u00e4v\u00e4sti energiaa ja tukevat turkin kuntoa.Ei sis\u00e4ll\u00e4 soijaa, viljaa eik\u00e4 lis\u00e4tty\u00e4 sokeria.Herkulliset liha- ja vihannespalat kastikkeessa maistuvat jopa nirsoimmalle lemmikille. Koostumus: liha ja el\u00e4inper\u00e4iset tuotteet (88 % fileet\u00e4*, josta 40,6 % ankkaa, 25 % sianmaksaa, 10,4 % kanaa, 6 % sianlihaa, 6 % naudanlihaa*), 1,5 % kivenn\u00e4isaineita, kasviper\u00e4iset tuotteet (0,6 % t\u00e4rkkelyst\u00e4, 0,5 % kuitua, 0,4 % sikurin inuliinia), \u00f6ljyt ja rasvat (0,5 % lohi\u00f6ljy\u00e4), vihannekset (0,45 % kuivattuja vihreit\u00e4 papuja, vastaa 4 % tuoreita vihreit\u00e4 papuja).Filee muodostaa yleens\u00e4 34,5 % tuotteesta. Analysoitu koostumus: raakaproteiini 10 %, raakarasva 5 %, raakatuhka 2 %, raakakuitu 0,3 %, kalsium 0,3 %, fosfori 0,25 %, omega-3-rasvahapot 0,15 %, omega-6-rasvahapot 0,8 %, kosteus 78 %.\" \/>\n<meta property=\"og:url\" content=\"https:\/\/miumjau.ee\/fi\/tuote\/prospera-plus-kitten-ankka-ja-vihreat-pavut-85-g-kopeeri\/\" \/>\n<meta property=\"og:site_name\" content=\"MiuMjau\" \/>\n<meta property=\"article:publisher\" content=\"https:\/\/www.facebook.com\/miumjaupood\/\" \/>\n<meta property=\"article:modified_time\" content=\"2026-01-07T20:46:14+00:00\" \/>\n<meta property=\"og:image\" content=\"https:\/\/miumjau.ee\/wp-content\/uploads\/2025\/12\/prospera-plus-kassitoit-multipakk11.png\" \/>\n\t<meta property=\"og:image:width\" content=\"600\" \/>\n\t<meta property=\"og:image:height\" content=\"800\" \/>\n\t<meta property=\"og:image:type\" content=\"image\/png\" \/>\n<meta name=\"twitter:card\" content=\"summary_large_image\" \/>\n<script type=\"application\/ld+json\" class=\"yoast-schema-graph\">{\"@context\":\"https:\/\/schema.org\",\"@graph\":[{\"@type\":\"WebPage\",\"@id\":\"https:\/\/miumjau.ee\/fi\/tuote\/prospera-plus-kitten-ankka-ja-vihreat-pavut-85-g-kopeeri\/\",\"url\":\"https:\/\/miumjau.ee\/fi\/tuote\/prospera-plus-kitten-ankka-ja-vihreat-pavut-85-g-kopeeri\/\",\"name\":\"Prospera Plus Kitten, ankka ja vihre\u00e4t pavut, 24x 85g - MiuMjau\",\"isPartOf\":{\"@id\":\"https:\/\/miumjau.ee\/#website\"},\"primaryImageOfPage\":{\"@id\":\"https:\/\/miumjau.ee\/fi\/tuote\/prospera-plus-kitten-ankka-ja-vihreat-pavut-85-g-kopeeri\/#primaryimage\"},\"image\":{\"@id\":\"https:\/\/miumjau.ee\/fi\/tuote\/prospera-plus-kitten-ankka-ja-vihreat-pavut-85-g-kopeeri\/#primaryimage\"},\"thumbnailUrl\":\"https:\/\/miumjau.ee\/wp-content\/uploads\/2025\/12\/prospera-plus-kassitoit-multipakk11.png\",\"datePublished\":\"2025-12-01T13:51:37+00:00\",\"dateModified\":\"2026-01-07T20:46:14+00:00\",\"breadcrumb\":{\"@id\":\"https:\/\/miumjau.ee\/fi\/tuote\/prospera-plus-kitten-ankka-ja-vihreat-pavut-85-g-kopeeri\/#breadcrumb\"},\"inLanguage\":\"fi\",\"potentialAction\":[{\"@type\":\"ReadAction\",\"target\":[\"https:\/\/miumjau.ee\/fi\/tuote\/prospera-plus-kitten-ankka-ja-vihreat-pavut-85-g-kopeeri\/\"]}]},{\"@type\":\"ImageObject\",\"inLanguage\":\"fi\",\"@id\":\"https:\/\/miumjau.ee\/fi\/tuote\/prospera-plus-kitten-ankka-ja-vihreat-pavut-85-g-kopeeri\/#primaryimage\",\"url\":\"https:\/\/miumjau.ee\/wp-content\/uploads\/2025\/12\/prospera-plus-kassitoit-multipakk11.png\",\"contentUrl\":\"https:\/\/miumjau.ee\/wp-content\/uploads\/2025\/12\/prospera-plus-kassitoit-multipakk11.png\",\"width\":600,\"height\":800,\"caption\":\"Prospera Plus Kitten, pardi ja roheliste ubadega, 24x85g\"},{\"@type\":\"BreadcrumbList\",\"@id\":\"https:\/\/miumjau.ee\/fi\/tuote\/prospera-plus-kitten-ankka-ja-vihreat-pavut-85-g-kopeeri\/#breadcrumb\",\"itemListElement\":[{\"@type\":\"ListItem\",\"position\":1,\"name\":\"Home\",\"item\":\"https:\/\/miumjau.ee\/fi\/\"},{\"@type\":\"ListItem\",\"position\":2,\"name\":\"Kauppa\",\"item\":\"https:\/\/miumjau.ee\/fi\/kauppa\/\"},{\"@type\":\"ListItem\",\"position\":3,\"name\":\"Prospera Plus Kitten, ankka ja vihre\u00e4t pavut, 24x 85g\"}]},{\"@type\":\"WebSite\",\"@id\":\"https:\/\/miumjau.ee\/#website\",\"url\":\"https:\/\/miumjau.ee\/\",\"name\":\"MiuMjau\",\"description\":\"Kraapimispuud kassidele\",\"publisher\":{\"@id\":\"https:\/\/miumjau.ee\/#organization\"},\"potentialAction\":[{\"@type\":\"SearchAction\",\"target\":{\"@type\":\"EntryPoint\",\"urlTemplate\":\"https:\/\/miumjau.ee\/?s={search_term_string}\"},\"query-input\":{\"@type\":\"PropertyValueSpecification\",\"valueRequired\":true,\"valueName\":\"search_term_string\"}}],\"inLanguage\":\"fi\"},{\"@type\":\"Organization\",\"@id\":\"https:\/\/miumjau.ee\/#organization\",\"name\":\"MiuMjau O\u00dc\",\"url\":\"https:\/\/miumjau.ee\/\",\"logo\":{\"@type\":\"ImageObject\",\"inLanguage\":\"fi\",\"@id\":\"https:\/\/miumjau.ee\/#\/schema\/logo\/image\/\",\"url\":\"https:\/\/miumjau.ee\/wp-content\/uploads\/2022\/04\/MiuMjau-logo-kollane.png\",\"contentUrl\":\"https:\/\/miumjau.ee\/wp-content\/uploads\/2022\/04\/MiuMjau-logo-kollane.png\",\"width\":219,\"height\":100,\"caption\":\"MiuMjau O\u00dc\"},\"image\":{\"@id\":\"https:\/\/miumjau.ee\/#\/schema\/logo\/image\/\"},\"sameAs\":[\"https:\/\/www.facebook.com\/miumjaupood\/\"]}]}<\/script>\n<!-- \/ Yoast SEO plugin. -->","yoast_head_json":{"title":"Prospera Plus Kitten, ankka ja vihre\u00e4t pavut, 24x 85g - MiuMjau","robots":{"index":"index","follow":"follow","max-snippet":"max-snippet:-1","max-image-preview":"max-image-preview:large","max-video-preview":"max-video-preview:-1"},"canonical":"https:\/\/miumjau.ee\/fi\/tuote\/prospera-plus-kitten-ankka-ja-vihreat-pavut-85-g-kopeeri\/","og_locale":"fi_FI","og_type":"article","og_title":"Prospera Plus Kitten, ankka ja vihre\u00e4t pavut, 24x 85g - MiuMjau","og_description":"T\u00e4ysravinto ja tasapainoinen m\u00e4rk\u00e4ruoka ankalla ja vihreill\u00e4 pavuilla kissanpennuille 4 viikon \u2013 1 vuoden ik\u00e4\u00e4n asti. Terveellinen ruoka, joka tukee kissanpentusi kasvua ja kehityst\u00e4.Sis\u00e4lt\u00e4\u00e4 tauriinia \u2013 v\u00e4ltt\u00e4m\u00e4t\u00f6nt\u00e4 aminohappoa, joka on t\u00e4rke\u00e4 syd\u00e4men ja n\u00e4\u00f6n terveydelle.Laadukkaat ja helposti sulavat ravintoaineet auttavat pentua saamaan riitt\u00e4v\u00e4sti energiaa ja tukevat turkin kuntoa.Ei sis\u00e4ll\u00e4 soijaa, viljaa eik\u00e4 lis\u00e4tty\u00e4 sokeria.Herkulliset liha- ja vihannespalat kastikkeessa maistuvat jopa nirsoimmalle lemmikille. Koostumus: liha ja el\u00e4inper\u00e4iset tuotteet (88 % fileet\u00e4*, josta 40,6 % ankkaa, 25 % sianmaksaa, 10,4 % kanaa, 6 % sianlihaa, 6 % naudanlihaa*), 1,5 % kivenn\u00e4isaineita, kasviper\u00e4iset tuotteet (0,6 % t\u00e4rkkelyst\u00e4, 0,5 % kuitua, 0,4 % sikurin inuliinia), \u00f6ljyt ja rasvat (0,5 % lohi\u00f6ljy\u00e4), vihannekset (0,45 % kuivattuja vihreit\u00e4 papuja, vastaa 4 % tuoreita vihreit\u00e4 papuja).Filee muodostaa yleens\u00e4 34,5 % tuotteesta. Analysoitu koostumus: raakaproteiini 10 %, raakarasva 5 %, raakatuhka 2 %, raakakuitu 0,3 %, kalsium 0,3 %, fosfori 0,25 %, omega-3-rasvahapot 0,15 %, omega-6-rasvahapot 0,8 %, kosteus 78 %.","og_url":"https:\/\/miumjau.ee\/fi\/tuote\/prospera-plus-kitten-ankka-ja-vihreat-pavut-85-g-kopeeri\/","og_site_name":"MiuMjau","article_publisher":"https:\/\/www.facebook.com\/miumjaupood\/","article_modified_time":"2026-01-07T20:46:14+00:00","og_image":[{"width":600,"height":800,"url":"https:\/\/miumjau.ee\/wp-content\/uploads\/2025\/12\/prospera-plus-kassitoit-multipakk11.png","type":"image\/png"}],"twitter_card":"summary_large_image","schema":{"@context":"https:\/\/schema.org","@graph":[{"@type":"WebPage","@id":"https:\/\/miumjau.ee\/fi\/tuote\/prospera-plus-kitten-ankka-ja-vihreat-pavut-85-g-kopeeri\/","url":"https:\/\/miumjau.ee\/fi\/tuote\/prospera-plus-kitten-ankka-ja-vihreat-pavut-85-g-kopeeri\/","name":"Prospera Plus Kitten, ankka ja vihre\u00e4t pavut, 24x 85g - MiuMjau","isPartOf":{"@id":"https:\/\/miumjau.ee\/#website"},"primaryImageOfPage":{"@id":"https:\/\/miumjau.ee\/fi\/tuote\/prospera-plus-kitten-ankka-ja-vihreat-pavut-85-g-kopeeri\/#primaryimage"},"image":{"@id":"https:\/\/miumjau.ee\/fi\/tuote\/prospera-plus-kitten-ankka-ja-vihreat-pavut-85-g-kopeeri\/#primaryimage"},"thumbnailUrl":"https:\/\/miumjau.ee\/wp-content\/uploads\/2025\/12\/prospera-plus-kassitoit-multipakk11.png","datePublished":"2025-12-01T13:51:37+00:00","dateModified":"2026-01-07T20:46:14+00:00","breadcrumb":{"@id":"https:\/\/miumjau.ee\/fi\/tuote\/prospera-plus-kitten-ankka-ja-vihreat-pavut-85-g-kopeeri\/#breadcrumb"},"inLanguage":"fi","potentialAction":[{"@type":"ReadAction","target":["https:\/\/miumjau.ee\/fi\/tuote\/prospera-plus-kitten-ankka-ja-vihreat-pavut-85-g-kopeeri\/"]}]},{"@type":"ImageObject","inLanguage":"fi","@id":"https:\/\/miumjau.ee\/fi\/tuote\/prospera-plus-kitten-ankka-ja-vihreat-pavut-85-g-kopeeri\/#primaryimage","url":"https:\/\/miumjau.ee\/wp-content\/uploads\/2025\/12\/prospera-plus-kassitoit-multipakk11.png","contentUrl":"https:\/\/miumjau.ee\/wp-content\/uploads\/2025\/12\/prospera-plus-kassitoit-multipakk11.png","width":600,"height":800,"caption":"Prospera Plus Kitten, pardi ja roheliste ubadega, 24x85g"},{"@type":"BreadcrumbList","@id":"https:\/\/miumjau.ee\/fi\/tuote\/prospera-plus-kitten-ankka-ja-vihreat-pavut-85-g-kopeeri\/#breadcrumb","itemListElement":[{"@type":"ListItem","position":1,"name":"Home","item":"https:\/\/miumjau.ee\/fi\/"},{"@type":"ListItem","position":2,"name":"Kauppa","item":"https:\/\/miumjau.ee\/fi\/kauppa\/"},{"@type":"ListItem","position":3,"name":"Prospera Plus Kitten, ankka ja vihre\u00e4t pavut, 24x 85g"}]},{"@type":"WebSite","@id":"https:\/\/miumjau.ee\/#website","url":"https:\/\/miumjau.ee\/","name":"MiuMjau","description":"Kraapimispuud kassidele","publisher":{"@id":"https:\/\/miumjau.ee\/#organization"},"potentialAction":[{"@type":"SearchAction","target":{"@type":"EntryPoint","urlTemplate":"https:\/\/miumjau.ee\/?s={search_term_string}"},"query-input":{"@type":"PropertyValueSpecification","valueRequired":true,"valueName":"search_term_string"}}],"inLanguage":"fi"},{"@type":"Organization","@id":"https:\/\/miumjau.ee\/#organization","name":"MiuMjau O\u00dc","url":"https:\/\/miumjau.ee\/","logo":{"@type":"ImageObject","inLanguage":"fi","@id":"https:\/\/miumjau.ee\/#\/schema\/logo\/image\/","url":"https:\/\/miumjau.ee\/wp-content\/uploads\/2022\/04\/MiuMjau-logo-kollane.png","contentUrl":"https:\/\/miumjau.ee\/wp-content\/uploads\/2022\/04\/MiuMjau-logo-kollane.png","width":219,"height":100,"caption":"MiuMjau O\u00dc"},"image":{"@id":"https:\/\/miumjau.ee\/#\/schema\/logo\/image\/"},"sameAs":["https:\/\/www.facebook.com\/miumjaupood\/"]}]}},"_links":{"self":[{"href":"https:\/\/miumjau.ee\/fi\/wp-json\/wp\/v2\/product\/46217","targetHints":{"allow":["GET"]}}],"collection":[{"href":"https:\/\/miumjau.ee\/fi\/wp-json\/wp\/v2\/product"}],"about":[{"href":"https:\/\/miumjau.ee\/fi\/wp-json\/wp\/v2\/types\/product"}],"wp:featuredmedia":[{"embeddable":true,"href":"https:\/\/miumjau.ee\/fi\/wp-json\/wp\/v2\/media\/46283"}],"wp:attachment":[{"href":"https:\/\/miumjau.ee\/fi\/wp-json\/wp\/v2\/media?parent=46217"}],"wp:term":[{"taxonomy":"product_brand","embeddable":true,"href":"https:\/\/miumjau.ee\/fi\/wp-json\/wp\/v2\/product_brand?post=46217"},{"taxonomy":"product_cat","embeddable":true,"href":"https:\/\/miumjau.ee\/fi\/wp-json\/wp\/v2\/product_cat?post=46217"},{"taxonomy":"product_tag","embeddable":true,"href":"https:\/\/miumjau.ee\/fi\/wp-json\/wp\/v2\/product_tag?post=46217"}],"curies":[{"name":"wp","href":"https:\/\/api.w.org\/{rel}","templated":true}]}}