{"id":46193,"date":"2025-12-01T15:51:26","date_gmt":"2025-12-01T13:51:26","guid":{"rendered":"https:\/\/miumjau.ee\/?post_type=product&#038;p=46193"},"modified":"2026-01-07T22:46:21","modified_gmt":"2026-01-07T20:46:21","slug":"prospera-plus-1-adult-lammas-ja-kurpitsa-85-g-kopeeri","status":"publish","type":"product","link":"https:\/\/miumjau.ee\/fi\/tuote\/prospera-plus-1-adult-lammas-ja-kurpitsa-85-g-kopeeri\/","title":{"rendered":"Prospera Plus 1+ Adult, lammas ja kurpitsa, 24x 85g"},"content":{"rendered":"","protected":false},"excerpt":{"rendered":"<p data-start=\"239\" data-end=\"362\">T\u00e4ysravinto ja tasapainoinen m\u00e4rk\u00e4ruoka kastikkeessa lampaalla ja kurpitsalla aikuisille kissoille 1 vuoden i\u00e4st\u00e4 alkaen.<\/p>\n<p data-start=\"364\" data-end=\"820\">Tarjoaa kissallesi kaikki tarvittavat ravintoaineet terveelliseen ruokavalioon.<br data-start=\"443\" data-end=\"446\" \/>Sis\u00e4lt\u00e4\u00e4 tauriinia \u2013 v\u00e4ltt\u00e4m\u00e4t\u00f6nt\u00e4 aminohappoa, joka on t\u00e4rke\u00e4 syd\u00e4men ja n\u00e4\u00f6n terveydelle.<br data-start=\"537\" data-end=\"540\" \/>Laadukkaat ja helposti sulavat ravintoaineet tukevat lihasten terveytt\u00e4 ja turkin kuntoa.<br data-start=\"629\" data-end=\"632\" \/>Herkulliset liha- ja vihannespalat kastikkeessa maistuvat jopa nirsoimmalle lemmikille.<br data-start=\"719\" data-end=\"722\" \/>Auttaa yll\u00e4pit\u00e4m\u00e4\u00e4n tervett\u00e4 suolistoflooraa.<br data-start=\"767\" data-end=\"770\" \/>Ei sis\u00e4ll\u00e4 soijaa, viljaa eik\u00e4 lis\u00e4tty\u00e4 sokeria.<\/p>\n<p data-start=\"822\" data-end=\"1220\"><strong data-start=\"822\" data-end=\"836\">Koostumus:<\/strong> liha ja el\u00e4inper\u00e4iset tuotteet (88 % fileet\u00e4*, josta 40,6 % lampaanlihaa, 27 % sianmaksaa, 8,4 % kanaa, 6 % sianlihaa, 6 % naudanlihaa*), 1,5 % kivenn\u00e4isaineita, kasviper\u00e4iset tuotteet (0,6 % t\u00e4rkkelyst\u00e4, 0,5 % kuitua, 0,4 % sikurin inuliinia), \u00f6ljyt ja rasvat, vihannekset (0,45 % kuivattua kurpitsaa, vastaa 4 % tuoretta kurpitsaa).<br data-start=\"1171\" data-end=\"1174\" \/><em data-start=\"1174\" data-end=\"1218\">Filee muodostaa yleens\u00e4 34,5 % tuotteesta.<\/em><\/p>\n<p data-start=\"1222\" data-end=\"1387\"><strong data-start=\"1222\" data-end=\"1247\">Analysoitu koostumus:<\/strong> raakaproteiini 10 %, raakarasva 4 %, raakatuhka 2 %, raakakuitu 0,4 %, omega-3-rasvahapot 0,15 %, omega-6-rasvahapot 0,8 %, kosteus 80 %.<\/p>\n","protected":false},"featured_media":46320,"template":"","meta":[],"product_brand":[],"product_cat":[264],"product_tag":[],"class_list":{"0":"post-46193","1":"product","2":"type-product","3":"status-publish","4":"has-post-thumbnail","6":"product_cat-marka-ruoka","8":"first","9":"instock","10":"sale","11":"taxable","12":"shipping-taxable","13":"purchasable","14":"product-type-simple"},"yoast_head":"<!-- This site is optimized with the Yoast SEO plugin v27.4 - https:\/\/yoast.com\/product\/yoast-seo-wordpress\/ -->\n<title>Prospera Plus 1+ Adult, lammas ja kurpitsa, 24x 85g - MiuMjau<\/title>\n<meta name=\"robots\" content=\"index, follow, max-snippet:-1, max-image-preview:large, max-video-preview:-1\" \/>\n<link rel=\"canonical\" href=\"https:\/\/miumjau.ee\/fi\/tuote\/prospera-plus-1-adult-lammas-ja-kurpitsa-85-g-kopeeri\/\" \/>\n<meta property=\"og:locale\" content=\"fi_FI\" \/>\n<meta property=\"og:type\" content=\"article\" \/>\n<meta property=\"og:title\" content=\"Prospera Plus 1+ Adult, lammas ja kurpitsa, 24x 85g - MiuMjau\" \/>\n<meta property=\"og:description\" content=\"T\u00e4ysravinto ja tasapainoinen m\u00e4rk\u00e4ruoka kastikkeessa lampaalla ja kurpitsalla aikuisille kissoille 1 vuoden i\u00e4st\u00e4 alkaen. Tarjoaa kissallesi kaikki tarvittavat ravintoaineet terveelliseen ruokavalioon.Sis\u00e4lt\u00e4\u00e4 tauriinia \u2013 v\u00e4ltt\u00e4m\u00e4t\u00f6nt\u00e4 aminohappoa, joka on t\u00e4rke\u00e4 syd\u00e4men ja n\u00e4\u00f6n terveydelle.Laadukkaat ja helposti sulavat ravintoaineet tukevat lihasten terveytt\u00e4 ja turkin kuntoa.Herkulliset liha- ja vihannespalat kastikkeessa maistuvat jopa nirsoimmalle lemmikille.Auttaa yll\u00e4pit\u00e4m\u00e4\u00e4n tervett\u00e4 suolistoflooraa.Ei sis\u00e4ll\u00e4 soijaa, viljaa eik\u00e4 lis\u00e4tty\u00e4 sokeria. Koostumus: liha ja el\u00e4inper\u00e4iset tuotteet (88 % fileet\u00e4*, josta 40,6 % lampaanlihaa, 27 % sianmaksaa, 8,4 % kanaa, 6 % sianlihaa, 6 % naudanlihaa*), 1,5 % kivenn\u00e4isaineita, kasviper\u00e4iset tuotteet (0,6 % t\u00e4rkkelyst\u00e4, 0,5 % kuitua, 0,4 % sikurin inuliinia), \u00f6ljyt ja rasvat, vihannekset (0,45 % kuivattua kurpitsaa, vastaa 4 % tuoretta kurpitsaa).Filee muodostaa yleens\u00e4 34,5 % tuotteesta. Analysoitu koostumus: raakaproteiini 10 %, raakarasva 4 %, raakatuhka 2 %, raakakuitu 0,4 %, omega-3-rasvahapot 0,15 %, omega-6-rasvahapot 0,8 %, kosteus 80 %.\" \/>\n<meta property=\"og:url\" content=\"https:\/\/miumjau.ee\/fi\/tuote\/prospera-plus-1-adult-lammas-ja-kurpitsa-85-g-kopeeri\/\" \/>\n<meta property=\"og:site_name\" content=\"MiuMjau\" \/>\n<meta property=\"article:publisher\" content=\"https:\/\/www.facebook.com\/miumjaupood\/\" \/>\n<meta property=\"article:modified_time\" content=\"2026-01-07T20:46:21+00:00\" \/>\n<meta property=\"og:image\" content=\"https:\/\/miumjau.ee\/wp-content\/uploads\/2025\/12\/prospera-plus-margtoit-kassidele2-1.png\" \/>\n\t<meta property=\"og:image:width\" content=\"600\" \/>\n\t<meta property=\"og:image:height\" content=\"800\" \/>\n\t<meta property=\"og:image:type\" content=\"image\/png\" \/>\n<meta name=\"twitter:card\" content=\"summary_large_image\" \/>\n<script type=\"application\/ld+json\" class=\"yoast-schema-graph\">{\"@context\":\"https:\\\/\\\/schema.org\",\"@graph\":[{\"@type\":\"WebPage\",\"@id\":\"https:\\\/\\\/miumjau.ee\\\/fi\\\/tuote\\\/prospera-plus-1-adult-lammas-ja-kurpitsa-85-g-kopeeri\\\/\",\"url\":\"https:\\\/\\\/miumjau.ee\\\/fi\\\/tuote\\\/prospera-plus-1-adult-lammas-ja-kurpitsa-85-g-kopeeri\\\/\",\"name\":\"Prospera Plus 1+ Adult, lammas ja kurpitsa, 24x 85g - MiuMjau\",\"isPartOf\":{\"@id\":\"https:\\\/\\\/miumjau.ee\\\/#website\"},\"primaryImageOfPage\":{\"@id\":\"https:\\\/\\\/miumjau.ee\\\/fi\\\/tuote\\\/prospera-plus-1-adult-lammas-ja-kurpitsa-85-g-kopeeri\\\/#primaryimage\"},\"image\":{\"@id\":\"https:\\\/\\\/miumjau.ee\\\/fi\\\/tuote\\\/prospera-plus-1-adult-lammas-ja-kurpitsa-85-g-kopeeri\\\/#primaryimage\"},\"thumbnailUrl\":\"https:\\\/\\\/miumjau.ee\\\/wp-content\\\/uploads\\\/2025\\\/12\\\/prospera-plus-margtoit-kassidele2-1.png\",\"datePublished\":\"2025-12-01T13:51:26+00:00\",\"dateModified\":\"2026-01-07T20:46:21+00:00\",\"breadcrumb\":{\"@id\":\"https:\\\/\\\/miumjau.ee\\\/fi\\\/tuote\\\/prospera-plus-1-adult-lammas-ja-kurpitsa-85-g-kopeeri\\\/#breadcrumb\"},\"inLanguage\":\"fi\",\"potentialAction\":[{\"@type\":\"ReadAction\",\"target\":[\"https:\\\/\\\/miumjau.ee\\\/fi\\\/tuote\\\/prospera-plus-1-adult-lammas-ja-kurpitsa-85-g-kopeeri\\\/\"]}]},{\"@type\":\"ImageObject\",\"inLanguage\":\"fi\",\"@id\":\"https:\\\/\\\/miumjau.ee\\\/fi\\\/tuote\\\/prospera-plus-1-adult-lammas-ja-kurpitsa-85-g-kopeeri\\\/#primaryimage\",\"url\":\"https:\\\/\\\/miumjau.ee\\\/wp-content\\\/uploads\\\/2025\\\/12\\\/prospera-plus-margtoit-kassidele2-1.png\",\"contentUrl\":\"https:\\\/\\\/miumjau.ee\\\/wp-content\\\/uploads\\\/2025\\\/12\\\/prospera-plus-margtoit-kassidele2-1.png\",\"width\":600,\"height\":800,\"caption\":\"Prospera Plus 1+ t\u00e4iskasvanule lamba ja k\u00f5rvitsaga, 24x 85g\"},{\"@type\":\"BreadcrumbList\",\"@id\":\"https:\\\/\\\/miumjau.ee\\\/fi\\\/tuote\\\/prospera-plus-1-adult-lammas-ja-kurpitsa-85-g-kopeeri\\\/#breadcrumb\",\"itemListElement\":[{\"@type\":\"ListItem\",\"position\":1,\"name\":\"Home\",\"item\":\"https:\\\/\\\/miumjau.ee\\\/fi\\\/\"},{\"@type\":\"ListItem\",\"position\":2,\"name\":\"Kauppa\",\"item\":\"https:\\\/\\\/miumjau.ee\\\/fi\\\/kauppa\\\/\"},{\"@type\":\"ListItem\",\"position\":3,\"name\":\"Prospera Plus 1+ Adult, lammas ja kurpitsa, 24x 85g\"}]},{\"@type\":\"WebSite\",\"@id\":\"https:\\\/\\\/miumjau.ee\\\/#website\",\"url\":\"https:\\\/\\\/miumjau.ee\\\/\",\"name\":\"MiuMjau\",\"description\":\"Kraapimispuud kassidele\",\"publisher\":{\"@id\":\"https:\\\/\\\/miumjau.ee\\\/#organization\"},\"potentialAction\":[{\"@type\":\"SearchAction\",\"target\":{\"@type\":\"EntryPoint\",\"urlTemplate\":\"https:\\\/\\\/miumjau.ee\\\/?s={search_term_string}\"},\"query-input\":{\"@type\":\"PropertyValueSpecification\",\"valueRequired\":true,\"valueName\":\"search_term_string\"}}],\"inLanguage\":\"fi\"},{\"@type\":\"Organization\",\"@id\":\"https:\\\/\\\/miumjau.ee\\\/#organization\",\"name\":\"MiuMjau O\u00dc\",\"url\":\"https:\\\/\\\/miumjau.ee\\\/\",\"logo\":{\"@type\":\"ImageObject\",\"inLanguage\":\"fi\",\"@id\":\"https:\\\/\\\/miumjau.ee\\\/#\\\/schema\\\/logo\\\/image\\\/\",\"url\":\"https:\\\/\\\/miumjau.ee\\\/wp-content\\\/uploads\\\/2022\\\/04\\\/MiuMjau-logo-kollane.png\",\"contentUrl\":\"https:\\\/\\\/miumjau.ee\\\/wp-content\\\/uploads\\\/2022\\\/04\\\/MiuMjau-logo-kollane.png\",\"width\":219,\"height\":100,\"caption\":\"MiuMjau O\u00dc\"},\"image\":{\"@id\":\"https:\\\/\\\/miumjau.ee\\\/#\\\/schema\\\/logo\\\/image\\\/\"},\"sameAs\":[\"https:\\\/\\\/www.facebook.com\\\/miumjaupood\\\/\"]}]}<\/script>\n<!-- \/ Yoast SEO plugin. -->","yoast_head_json":{"title":"Prospera Plus 1+ Adult, lammas ja kurpitsa, 24x 85g - MiuMjau","robots":{"index":"index","follow":"follow","max-snippet":"max-snippet:-1","max-image-preview":"max-image-preview:large","max-video-preview":"max-video-preview:-1"},"canonical":"https:\/\/miumjau.ee\/fi\/tuote\/prospera-plus-1-adult-lammas-ja-kurpitsa-85-g-kopeeri\/","og_locale":"fi_FI","og_type":"article","og_title":"Prospera Plus 1+ Adult, lammas ja kurpitsa, 24x 85g - MiuMjau","og_description":"T\u00e4ysravinto ja tasapainoinen m\u00e4rk\u00e4ruoka kastikkeessa lampaalla ja kurpitsalla aikuisille kissoille 1 vuoden i\u00e4st\u00e4 alkaen. Tarjoaa kissallesi kaikki tarvittavat ravintoaineet terveelliseen ruokavalioon.Sis\u00e4lt\u00e4\u00e4 tauriinia \u2013 v\u00e4ltt\u00e4m\u00e4t\u00f6nt\u00e4 aminohappoa, joka on t\u00e4rke\u00e4 syd\u00e4men ja n\u00e4\u00f6n terveydelle.Laadukkaat ja helposti sulavat ravintoaineet tukevat lihasten terveytt\u00e4 ja turkin kuntoa.Herkulliset liha- ja vihannespalat kastikkeessa maistuvat jopa nirsoimmalle lemmikille.Auttaa yll\u00e4pit\u00e4m\u00e4\u00e4n tervett\u00e4 suolistoflooraa.Ei sis\u00e4ll\u00e4 soijaa, viljaa eik\u00e4 lis\u00e4tty\u00e4 sokeria. Koostumus: liha ja el\u00e4inper\u00e4iset tuotteet (88 % fileet\u00e4*, josta 40,6 % lampaanlihaa, 27 % sianmaksaa, 8,4 % kanaa, 6 % sianlihaa, 6 % naudanlihaa*), 1,5 % kivenn\u00e4isaineita, kasviper\u00e4iset tuotteet (0,6 % t\u00e4rkkelyst\u00e4, 0,5 % kuitua, 0,4 % sikurin inuliinia), \u00f6ljyt ja rasvat, vihannekset (0,45 % kuivattua kurpitsaa, vastaa 4 % tuoretta kurpitsaa).Filee muodostaa yleens\u00e4 34,5 % tuotteesta. Analysoitu koostumus: raakaproteiini 10 %, raakarasva 4 %, raakatuhka 2 %, raakakuitu 0,4 %, omega-3-rasvahapot 0,15 %, omega-6-rasvahapot 0,8 %, kosteus 80 %.","og_url":"https:\/\/miumjau.ee\/fi\/tuote\/prospera-plus-1-adult-lammas-ja-kurpitsa-85-g-kopeeri\/","og_site_name":"MiuMjau","article_publisher":"https:\/\/www.facebook.com\/miumjaupood\/","article_modified_time":"2026-01-07T20:46:21+00:00","og_image":[{"width":600,"height":800,"url":"https:\/\/miumjau.ee\/wp-content\/uploads\/2025\/12\/prospera-plus-margtoit-kassidele2-1.png","type":"image\/png"}],"twitter_card":"summary_large_image","schema":{"@context":"https:\/\/schema.org","@graph":[{"@type":"WebPage","@id":"https:\/\/miumjau.ee\/fi\/tuote\/prospera-plus-1-adult-lammas-ja-kurpitsa-85-g-kopeeri\/","url":"https:\/\/miumjau.ee\/fi\/tuote\/prospera-plus-1-adult-lammas-ja-kurpitsa-85-g-kopeeri\/","name":"Prospera Plus 1+ Adult, lammas ja kurpitsa, 24x 85g - MiuMjau","isPartOf":{"@id":"https:\/\/miumjau.ee\/#website"},"primaryImageOfPage":{"@id":"https:\/\/miumjau.ee\/fi\/tuote\/prospera-plus-1-adult-lammas-ja-kurpitsa-85-g-kopeeri\/#primaryimage"},"image":{"@id":"https:\/\/miumjau.ee\/fi\/tuote\/prospera-plus-1-adult-lammas-ja-kurpitsa-85-g-kopeeri\/#primaryimage"},"thumbnailUrl":"https:\/\/miumjau.ee\/wp-content\/uploads\/2025\/12\/prospera-plus-margtoit-kassidele2-1.png","datePublished":"2025-12-01T13:51:26+00:00","dateModified":"2026-01-07T20:46:21+00:00","breadcrumb":{"@id":"https:\/\/miumjau.ee\/fi\/tuote\/prospera-plus-1-adult-lammas-ja-kurpitsa-85-g-kopeeri\/#breadcrumb"},"inLanguage":"fi","potentialAction":[{"@type":"ReadAction","target":["https:\/\/miumjau.ee\/fi\/tuote\/prospera-plus-1-adult-lammas-ja-kurpitsa-85-g-kopeeri\/"]}]},{"@type":"ImageObject","inLanguage":"fi","@id":"https:\/\/miumjau.ee\/fi\/tuote\/prospera-plus-1-adult-lammas-ja-kurpitsa-85-g-kopeeri\/#primaryimage","url":"https:\/\/miumjau.ee\/wp-content\/uploads\/2025\/12\/prospera-plus-margtoit-kassidele2-1.png","contentUrl":"https:\/\/miumjau.ee\/wp-content\/uploads\/2025\/12\/prospera-plus-margtoit-kassidele2-1.png","width":600,"height":800,"caption":"Prospera Plus 1+ t\u00e4iskasvanule lamba ja k\u00f5rvitsaga, 24x 85g"},{"@type":"BreadcrumbList","@id":"https:\/\/miumjau.ee\/fi\/tuote\/prospera-plus-1-adult-lammas-ja-kurpitsa-85-g-kopeeri\/#breadcrumb","itemListElement":[{"@type":"ListItem","position":1,"name":"Home","item":"https:\/\/miumjau.ee\/fi\/"},{"@type":"ListItem","position":2,"name":"Kauppa","item":"https:\/\/miumjau.ee\/fi\/kauppa\/"},{"@type":"ListItem","position":3,"name":"Prospera Plus 1+ Adult, lammas ja kurpitsa, 24x 85g"}]},{"@type":"WebSite","@id":"https:\/\/miumjau.ee\/#website","url":"https:\/\/miumjau.ee\/","name":"MiuMjau","description":"Kraapimispuud kassidele","publisher":{"@id":"https:\/\/miumjau.ee\/#organization"},"potentialAction":[{"@type":"SearchAction","target":{"@type":"EntryPoint","urlTemplate":"https:\/\/miumjau.ee\/?s={search_term_string}"},"query-input":{"@type":"PropertyValueSpecification","valueRequired":true,"valueName":"search_term_string"}}],"inLanguage":"fi"},{"@type":"Organization","@id":"https:\/\/miumjau.ee\/#organization","name":"MiuMjau O\u00dc","url":"https:\/\/miumjau.ee\/","logo":{"@type":"ImageObject","inLanguage":"fi","@id":"https:\/\/miumjau.ee\/#\/schema\/logo\/image\/","url":"https:\/\/miumjau.ee\/wp-content\/uploads\/2022\/04\/MiuMjau-logo-kollane.png","contentUrl":"https:\/\/miumjau.ee\/wp-content\/uploads\/2022\/04\/MiuMjau-logo-kollane.png","width":219,"height":100,"caption":"MiuMjau O\u00dc"},"image":{"@id":"https:\/\/miumjau.ee\/#\/schema\/logo\/image\/"},"sameAs":["https:\/\/www.facebook.com\/miumjaupood\/"]}]}},"_links":{"self":[{"href":"https:\/\/miumjau.ee\/fi\/wp-json\/wp\/v2\/product\/46193","targetHints":{"allow":["GET"]}}],"collection":[{"href":"https:\/\/miumjau.ee\/fi\/wp-json\/wp\/v2\/product"}],"about":[{"href":"https:\/\/miumjau.ee\/fi\/wp-json\/wp\/v2\/types\/product"}],"wp:featuredmedia":[{"embeddable":true,"href":"https:\/\/miumjau.ee\/fi\/wp-json\/wp\/v2\/media\/46320"}],"wp:attachment":[{"href":"https:\/\/miumjau.ee\/fi\/wp-json\/wp\/v2\/media?parent=46193"}],"wp:term":[{"taxonomy":"product_brand","embeddable":true,"href":"https:\/\/miumjau.ee\/fi\/wp-json\/wp\/v2\/product_brand?post=46193"},{"taxonomy":"product_cat","embeddable":true,"href":"https:\/\/miumjau.ee\/fi\/wp-json\/wp\/v2\/product_cat?post=46193"},{"taxonomy":"product_tag","embeddable":true,"href":"https:\/\/miumjau.ee\/fi\/wp-json\/wp\/v2\/product_tag?post=46193"}],"curies":[{"name":"wp","href":"https:\/\/api.w.org\/{rel}","templated":true}]}}