{"id":46155,"date":"2025-09-16T10:57:12","date_gmt":"2025-09-16T07:57:12","guid":{"rendered":"https:\/\/miumjau.ee\/toode\/prospera-plus-ster-1-kanalla-ja-porkkanalla-85-g\/"},"modified":"2026-01-07T22:46:21","modified_gmt":"2026-01-07T20:46:21","slug":"prospera-plus-ster-1-kanalla-ja-porkkanalla-85-g","status":"publish","type":"product","link":"https:\/\/miumjau.ee\/fi\/tuote\/prospera-plus-ster-1-kanalla-ja-porkkanalla-85-g\/","title":{"rendered":"Prospera Plus ster. 1+, kanalla ja porkkanalla, 85 g"},"content":{"rendered":"","protected":false},"excerpt":{"rendered":"<p data-start=\"151\" data-end=\"295\">T\u00e4ysipainoinen ja tasapainoinen s\u00e4ilykeruoka kanan ja porkkanan kastikkeessa steriloiduille ja steriloimattomille kissoille 1-vuotiaasta alkaen.<\/p>\n<p data-start=\"297\" data-end=\"763\">Tarjoaa kissallesi tarvittavan terveellisen ravinnon.<br data-start=\"350\" data-end=\"353\" \/>Sis\u00e4lt\u00e4\u00e4 tauriinia \u2013 v\u00e4ltt\u00e4m\u00e4t\u00f6nt\u00e4 aminohappoa, joka on t\u00e4rke\u00e4 kissan syd\u00e4men ja n\u00e4\u00f6n terveydelle.<br data-start=\"451\" data-end=\"454\" \/>Laadukkaat ja helposti sulavat ravintoaineet auttavat tukemaan lihasten terveytt\u00e4 ja turkin kuntoa.<br data-start=\"553\" data-end=\"556\" \/>Maukkaat liha- ja vihannespalat kastikkeessa maistuvat jopa kaikkein nirsoimmalle lemmikille.<br data-start=\"649\" data-end=\"652\" \/>Auttaa yll\u00e4pit\u00e4m\u00e4\u00e4n terveellist\u00e4 suoliston mikroflooraa.<br data-start=\"708\" data-end=\"711\" \/>Soijaton, viljaton ja lis\u00e4tty\u00e4 sokeria sis\u00e4lt\u00e4m\u00e4t\u00f6n.<\/p>\n<p data-start=\"765\" data-end=\"1176\"><strong data-start=\"765\" data-end=\"779\">Koostumus:<\/strong> lihaa ja el\u00e4inper\u00e4isi\u00e4 tuotteita (88 % fileet\u00e4*, josta 40,6 % kananlihaa, 27 % sianmaksaa, 14,4 % sianlihaa, 6 % naudanlihaa*), 1,7 % kivenn\u00e4isaineita, kasvipohjaisia tuotteita (0,5 % t\u00e4rkkelyst\u00e4, 0,8 % kuituja, 0,4 % sikurista per\u00e4isin olevaa inuliinia), \u00f6ljyj\u00e4 ja rasvoja, vihanneksia (0,45 % kuivattua porkkanaa, mik\u00e4 vastaa 4 % tuoretta porkkanaa). *Fileen osuus tuotteesta on yleens\u00e4 34,5 %.<\/p>\n<p data-start=\"1178\" data-end=\"1352\"><strong data-start=\"1178\" data-end=\"1205\">Analyyttinen koostumus:<\/strong> raakaproteiini 10 %, raakarasva 3 %, raakatuhka 1,9 %, raakakuitu 1 %, omega-3-rasvahapot 0,15 %, omega-6-rasvahapot 0,8 %, kosteuspitoisuus 82 %.<\/p>\n","protected":false},"featured_media":39486,"template":"","meta":[],"product_brand":[],"product_cat":[264],"product_tag":[],"class_list":{"0":"post-46155","1":"product","2":"type-product","3":"status-publish","4":"has-post-thumbnail","6":"product_cat-marka-ruoka","8":"first","9":"instock","10":"taxable","11":"shipping-taxable","12":"purchasable","13":"product-type-simple"},"yoast_head":"<!-- This site is optimized with the Yoast SEO plugin v27.4 - https:\/\/yoast.com\/product\/yoast-seo-wordpress\/ -->\n<title>Prospera Plus ster. 1+, kanalla ja porkkanalla, 85 g - MiuMjau<\/title>\n<meta name=\"robots\" content=\"index, follow, max-snippet:-1, max-image-preview:large, max-video-preview:-1\" \/>\n<link rel=\"canonical\" href=\"https:\/\/miumjau.ee\/fi\/tuote\/prospera-plus-ster-1-kanalla-ja-porkkanalla-85-g\/\" \/>\n<meta property=\"og:locale\" content=\"fi_FI\" \/>\n<meta property=\"og:type\" content=\"article\" \/>\n<meta property=\"og:title\" content=\"Prospera Plus ster. 1+, kanalla ja porkkanalla, 85 g - MiuMjau\" \/>\n<meta property=\"og:description\" content=\"T\u00e4ysipainoinen ja tasapainoinen s\u00e4ilykeruoka kanan ja porkkanan kastikkeessa steriloiduille ja steriloimattomille kissoille 1-vuotiaasta alkaen. Tarjoaa kissallesi tarvittavan terveellisen ravinnon.Sis\u00e4lt\u00e4\u00e4 tauriinia \u2013 v\u00e4ltt\u00e4m\u00e4t\u00f6nt\u00e4 aminohappoa, joka on t\u00e4rke\u00e4 kissan syd\u00e4men ja n\u00e4\u00f6n terveydelle.Laadukkaat ja helposti sulavat ravintoaineet auttavat tukemaan lihasten terveytt\u00e4 ja turkin kuntoa.Maukkaat liha- ja vihannespalat kastikkeessa maistuvat jopa kaikkein nirsoimmalle lemmikille.Auttaa yll\u00e4pit\u00e4m\u00e4\u00e4n terveellist\u00e4 suoliston mikroflooraa.Soijaton, viljaton ja lis\u00e4tty\u00e4 sokeria sis\u00e4lt\u00e4m\u00e4t\u00f6n. Koostumus: lihaa ja el\u00e4inper\u00e4isi\u00e4 tuotteita (88 % fileet\u00e4*, josta 40,6 % kananlihaa, 27 % sianmaksaa, 14,4 % sianlihaa, 6 % naudanlihaa*), 1,7 % kivenn\u00e4isaineita, kasvipohjaisia tuotteita (0,5 % t\u00e4rkkelyst\u00e4, 0,8 % kuituja, 0,4 % sikurista per\u00e4isin olevaa inuliinia), \u00f6ljyj\u00e4 ja rasvoja, vihanneksia (0,45 % kuivattua porkkanaa, mik\u00e4 vastaa 4 % tuoretta porkkanaa). *Fileen osuus tuotteesta on yleens\u00e4 34,5 %. Analyyttinen koostumus: raakaproteiini 10 %, raakarasva 3 %, raakatuhka 1,9 %, raakakuitu 1 %, omega-3-rasvahapot 0,15 %, omega-6-rasvahapot 0,8 %, kosteuspitoisuus 82 %.\" \/>\n<meta property=\"og:url\" content=\"https:\/\/miumjau.ee\/fi\/tuote\/prospera-plus-ster-1-kanalla-ja-porkkanalla-85-g\/\" \/>\n<meta property=\"og:site_name\" content=\"MiuMjau\" \/>\n<meta property=\"article:publisher\" content=\"https:\/\/www.facebook.com\/miumjaupood\/\" \/>\n<meta property=\"article:modified_time\" content=\"2026-01-07T20:46:21+00:00\" \/>\n<meta property=\"og:image\" content=\"https:\/\/miumjau.ee\/wp-content\/uploads\/2025\/09\/prospera-konservid-kassidele-85g-7.jpg\" \/>\n\t<meta property=\"og:image:width\" content=\"459\" \/>\n\t<meta property=\"og:image:height\" content=\"650\" \/>\n\t<meta property=\"og:image:type\" content=\"image\/jpeg\" \/>\n<meta name=\"twitter:card\" content=\"summary_large_image\" \/>\n<script type=\"application\/ld+json\" class=\"yoast-schema-graph\">{\"@context\":\"https:\\\/\\\/schema.org\",\"@graph\":[{\"@type\":\"WebPage\",\"@id\":\"https:\\\/\\\/miumjau.ee\\\/fi\\\/tuote\\\/prospera-plus-ster-1-kanalla-ja-porkkanalla-85-g\\\/\",\"url\":\"https:\\\/\\\/miumjau.ee\\\/fi\\\/tuote\\\/prospera-plus-ster-1-kanalla-ja-porkkanalla-85-g\\\/\",\"name\":\"Prospera Plus ster. 1+, kanalla ja porkkanalla, 85 g - MiuMjau\",\"isPartOf\":{\"@id\":\"https:\\\/\\\/miumjau.ee\\\/#website\"},\"primaryImageOfPage\":{\"@id\":\"https:\\\/\\\/miumjau.ee\\\/fi\\\/tuote\\\/prospera-plus-ster-1-kanalla-ja-porkkanalla-85-g\\\/#primaryimage\"},\"image\":{\"@id\":\"https:\\\/\\\/miumjau.ee\\\/fi\\\/tuote\\\/prospera-plus-ster-1-kanalla-ja-porkkanalla-85-g\\\/#primaryimage\"},\"thumbnailUrl\":\"https:\\\/\\\/miumjau.ee\\\/wp-content\\\/uploads\\\/2025\\\/09\\\/prospera-konservid-kassidele-85g-7.jpg\",\"datePublished\":\"2025-09-16T07:57:12+00:00\",\"dateModified\":\"2026-01-07T20:46:21+00:00\",\"breadcrumb\":{\"@id\":\"https:\\\/\\\/miumjau.ee\\\/fi\\\/tuote\\\/prospera-plus-ster-1-kanalla-ja-porkkanalla-85-g\\\/#breadcrumb\"},\"inLanguage\":\"fi\",\"potentialAction\":[{\"@type\":\"ReadAction\",\"target\":[\"https:\\\/\\\/miumjau.ee\\\/fi\\\/tuote\\\/prospera-plus-ster-1-kanalla-ja-porkkanalla-85-g\\\/\"]}]},{\"@type\":\"ImageObject\",\"inLanguage\":\"fi\",\"@id\":\"https:\\\/\\\/miumjau.ee\\\/fi\\\/tuote\\\/prospera-plus-ster-1-kanalla-ja-porkkanalla-85-g\\\/#primaryimage\",\"url\":\"https:\\\/\\\/miumjau.ee\\\/wp-content\\\/uploads\\\/2025\\\/09\\\/prospera-konservid-kassidele-85g-7.jpg\",\"contentUrl\":\"https:\\\/\\\/miumjau.ee\\\/wp-content\\\/uploads\\\/2025\\\/09\\\/prospera-konservid-kassidele-85g-7.jpg\",\"width\":459,\"height\":650,\"caption\":\"Prospera Plus ster. 1+, kana ja porgandiga, 85g\"},{\"@type\":\"BreadcrumbList\",\"@id\":\"https:\\\/\\\/miumjau.ee\\\/fi\\\/tuote\\\/prospera-plus-ster-1-kanalla-ja-porkkanalla-85-g\\\/#breadcrumb\",\"itemListElement\":[{\"@type\":\"ListItem\",\"position\":1,\"name\":\"Home\",\"item\":\"https:\\\/\\\/miumjau.ee\\\/fi\\\/\"},{\"@type\":\"ListItem\",\"position\":2,\"name\":\"Kauppa\",\"item\":\"https:\\\/\\\/miumjau.ee\\\/fi\\\/kauppa\\\/\"},{\"@type\":\"ListItem\",\"position\":3,\"name\":\"Prospera Plus ster. 1+, kanalla ja porkkanalla, 85 g\"}]},{\"@type\":\"WebSite\",\"@id\":\"https:\\\/\\\/miumjau.ee\\\/#website\",\"url\":\"https:\\\/\\\/miumjau.ee\\\/\",\"name\":\"MiuMjau\",\"description\":\"Kraapimispuud kassidele\",\"publisher\":{\"@id\":\"https:\\\/\\\/miumjau.ee\\\/#organization\"},\"potentialAction\":[{\"@type\":\"SearchAction\",\"target\":{\"@type\":\"EntryPoint\",\"urlTemplate\":\"https:\\\/\\\/miumjau.ee\\\/?s={search_term_string}\"},\"query-input\":{\"@type\":\"PropertyValueSpecification\",\"valueRequired\":true,\"valueName\":\"search_term_string\"}}],\"inLanguage\":\"fi\"},{\"@type\":\"Organization\",\"@id\":\"https:\\\/\\\/miumjau.ee\\\/#organization\",\"name\":\"MiuMjau O\u00dc\",\"url\":\"https:\\\/\\\/miumjau.ee\\\/\",\"logo\":{\"@type\":\"ImageObject\",\"inLanguage\":\"fi\",\"@id\":\"https:\\\/\\\/miumjau.ee\\\/#\\\/schema\\\/logo\\\/image\\\/\",\"url\":\"https:\\\/\\\/miumjau.ee\\\/wp-content\\\/uploads\\\/2022\\\/04\\\/MiuMjau-logo-kollane.png\",\"contentUrl\":\"https:\\\/\\\/miumjau.ee\\\/wp-content\\\/uploads\\\/2022\\\/04\\\/MiuMjau-logo-kollane.png\",\"width\":219,\"height\":100,\"caption\":\"MiuMjau O\u00dc\"},\"image\":{\"@id\":\"https:\\\/\\\/miumjau.ee\\\/#\\\/schema\\\/logo\\\/image\\\/\"},\"sameAs\":[\"https:\\\/\\\/www.facebook.com\\\/miumjaupood\\\/\"]}]}<\/script>\n<!-- \/ Yoast SEO plugin. -->","yoast_head_json":{"title":"Prospera Plus ster. 1+, kanalla ja porkkanalla, 85 g - MiuMjau","robots":{"index":"index","follow":"follow","max-snippet":"max-snippet:-1","max-image-preview":"max-image-preview:large","max-video-preview":"max-video-preview:-1"},"canonical":"https:\/\/miumjau.ee\/fi\/tuote\/prospera-plus-ster-1-kanalla-ja-porkkanalla-85-g\/","og_locale":"fi_FI","og_type":"article","og_title":"Prospera Plus ster. 1+, kanalla ja porkkanalla, 85 g - MiuMjau","og_description":"T\u00e4ysipainoinen ja tasapainoinen s\u00e4ilykeruoka kanan ja porkkanan kastikkeessa steriloiduille ja steriloimattomille kissoille 1-vuotiaasta alkaen. Tarjoaa kissallesi tarvittavan terveellisen ravinnon.Sis\u00e4lt\u00e4\u00e4 tauriinia \u2013 v\u00e4ltt\u00e4m\u00e4t\u00f6nt\u00e4 aminohappoa, joka on t\u00e4rke\u00e4 kissan syd\u00e4men ja n\u00e4\u00f6n terveydelle.Laadukkaat ja helposti sulavat ravintoaineet auttavat tukemaan lihasten terveytt\u00e4 ja turkin kuntoa.Maukkaat liha- ja vihannespalat kastikkeessa maistuvat jopa kaikkein nirsoimmalle lemmikille.Auttaa yll\u00e4pit\u00e4m\u00e4\u00e4n terveellist\u00e4 suoliston mikroflooraa.Soijaton, viljaton ja lis\u00e4tty\u00e4 sokeria sis\u00e4lt\u00e4m\u00e4t\u00f6n. Koostumus: lihaa ja el\u00e4inper\u00e4isi\u00e4 tuotteita (88 % fileet\u00e4*, josta 40,6 % kananlihaa, 27 % sianmaksaa, 14,4 % sianlihaa, 6 % naudanlihaa*), 1,7 % kivenn\u00e4isaineita, kasvipohjaisia tuotteita (0,5 % t\u00e4rkkelyst\u00e4, 0,8 % kuituja, 0,4 % sikurista per\u00e4isin olevaa inuliinia), \u00f6ljyj\u00e4 ja rasvoja, vihanneksia (0,45 % kuivattua porkkanaa, mik\u00e4 vastaa 4 % tuoretta porkkanaa). *Fileen osuus tuotteesta on yleens\u00e4 34,5 %. Analyyttinen koostumus: raakaproteiini 10 %, raakarasva 3 %, raakatuhka 1,9 %, raakakuitu 1 %, omega-3-rasvahapot 0,15 %, omega-6-rasvahapot 0,8 %, kosteuspitoisuus 82 %.","og_url":"https:\/\/miumjau.ee\/fi\/tuote\/prospera-plus-ster-1-kanalla-ja-porkkanalla-85-g\/","og_site_name":"MiuMjau","article_publisher":"https:\/\/www.facebook.com\/miumjaupood\/","article_modified_time":"2026-01-07T20:46:21+00:00","og_image":[{"width":459,"height":650,"url":"https:\/\/miumjau.ee\/wp-content\/uploads\/2025\/09\/prospera-konservid-kassidele-85g-7.jpg","type":"image\/jpeg"}],"twitter_card":"summary_large_image","schema":{"@context":"https:\/\/schema.org","@graph":[{"@type":"WebPage","@id":"https:\/\/miumjau.ee\/fi\/tuote\/prospera-plus-ster-1-kanalla-ja-porkkanalla-85-g\/","url":"https:\/\/miumjau.ee\/fi\/tuote\/prospera-plus-ster-1-kanalla-ja-porkkanalla-85-g\/","name":"Prospera Plus ster. 1+, kanalla ja porkkanalla, 85 g - MiuMjau","isPartOf":{"@id":"https:\/\/miumjau.ee\/#website"},"primaryImageOfPage":{"@id":"https:\/\/miumjau.ee\/fi\/tuote\/prospera-plus-ster-1-kanalla-ja-porkkanalla-85-g\/#primaryimage"},"image":{"@id":"https:\/\/miumjau.ee\/fi\/tuote\/prospera-plus-ster-1-kanalla-ja-porkkanalla-85-g\/#primaryimage"},"thumbnailUrl":"https:\/\/miumjau.ee\/wp-content\/uploads\/2025\/09\/prospera-konservid-kassidele-85g-7.jpg","datePublished":"2025-09-16T07:57:12+00:00","dateModified":"2026-01-07T20:46:21+00:00","breadcrumb":{"@id":"https:\/\/miumjau.ee\/fi\/tuote\/prospera-plus-ster-1-kanalla-ja-porkkanalla-85-g\/#breadcrumb"},"inLanguage":"fi","potentialAction":[{"@type":"ReadAction","target":["https:\/\/miumjau.ee\/fi\/tuote\/prospera-plus-ster-1-kanalla-ja-porkkanalla-85-g\/"]}]},{"@type":"ImageObject","inLanguage":"fi","@id":"https:\/\/miumjau.ee\/fi\/tuote\/prospera-plus-ster-1-kanalla-ja-porkkanalla-85-g\/#primaryimage","url":"https:\/\/miumjau.ee\/wp-content\/uploads\/2025\/09\/prospera-konservid-kassidele-85g-7.jpg","contentUrl":"https:\/\/miumjau.ee\/wp-content\/uploads\/2025\/09\/prospera-konservid-kassidele-85g-7.jpg","width":459,"height":650,"caption":"Prospera Plus ster. 1+, kana ja porgandiga, 85g"},{"@type":"BreadcrumbList","@id":"https:\/\/miumjau.ee\/fi\/tuote\/prospera-plus-ster-1-kanalla-ja-porkkanalla-85-g\/#breadcrumb","itemListElement":[{"@type":"ListItem","position":1,"name":"Home","item":"https:\/\/miumjau.ee\/fi\/"},{"@type":"ListItem","position":2,"name":"Kauppa","item":"https:\/\/miumjau.ee\/fi\/kauppa\/"},{"@type":"ListItem","position":3,"name":"Prospera Plus ster. 1+, kanalla ja porkkanalla, 85 g"}]},{"@type":"WebSite","@id":"https:\/\/miumjau.ee\/#website","url":"https:\/\/miumjau.ee\/","name":"MiuMjau","description":"Kraapimispuud kassidele","publisher":{"@id":"https:\/\/miumjau.ee\/#organization"},"potentialAction":[{"@type":"SearchAction","target":{"@type":"EntryPoint","urlTemplate":"https:\/\/miumjau.ee\/?s={search_term_string}"},"query-input":{"@type":"PropertyValueSpecification","valueRequired":true,"valueName":"search_term_string"}}],"inLanguage":"fi"},{"@type":"Organization","@id":"https:\/\/miumjau.ee\/#organization","name":"MiuMjau O\u00dc","url":"https:\/\/miumjau.ee\/","logo":{"@type":"ImageObject","inLanguage":"fi","@id":"https:\/\/miumjau.ee\/#\/schema\/logo\/image\/","url":"https:\/\/miumjau.ee\/wp-content\/uploads\/2022\/04\/MiuMjau-logo-kollane.png","contentUrl":"https:\/\/miumjau.ee\/wp-content\/uploads\/2022\/04\/MiuMjau-logo-kollane.png","width":219,"height":100,"caption":"MiuMjau O\u00dc"},"image":{"@id":"https:\/\/miumjau.ee\/#\/schema\/logo\/image\/"},"sameAs":["https:\/\/www.facebook.com\/miumjaupood\/"]}]}},"_links":{"self":[{"href":"https:\/\/miumjau.ee\/fi\/wp-json\/wp\/v2\/product\/46155","targetHints":{"allow":["GET"]}}],"collection":[{"href":"https:\/\/miumjau.ee\/fi\/wp-json\/wp\/v2\/product"}],"about":[{"href":"https:\/\/miumjau.ee\/fi\/wp-json\/wp\/v2\/types\/product"}],"wp:featuredmedia":[{"embeddable":true,"href":"https:\/\/miumjau.ee\/fi\/wp-json\/wp\/v2\/media\/39486"}],"wp:attachment":[{"href":"https:\/\/miumjau.ee\/fi\/wp-json\/wp\/v2\/media?parent=46155"}],"wp:term":[{"taxonomy":"product_brand","embeddable":true,"href":"https:\/\/miumjau.ee\/fi\/wp-json\/wp\/v2\/product_brand?post=46155"},{"taxonomy":"product_cat","embeddable":true,"href":"https:\/\/miumjau.ee\/fi\/wp-json\/wp\/v2\/product_cat?post=46155"},{"taxonomy":"product_tag","embeddable":true,"href":"https:\/\/miumjau.ee\/fi\/wp-json\/wp\/v2\/product_tag?post=46155"}],"curies":[{"name":"wp","href":"https:\/\/api.w.org\/{rel}","templated":true}]}}