{"id":45944,"date":"2025-04-30T13:41:16","date_gmt":"2025-04-30T10:41:16","guid":{"rendered":"https:\/\/miumjau.ee\/toode\/ontario-pate-koirille-lammas-tyrni-400-g\/"},"modified":"2026-01-07T22:46:35","modified_gmt":"2026-01-07T20:46:35","slug":"ontario-pate-koirille-lammas-tyrni-400-g","status":"publish","type":"product","link":"https:\/\/miumjau.ee\/fi\/tuote\/ontario-pate-koirille-lammas-tyrni-400-g\/","title":{"rendered":"Ontario pate koirille \u2013 lammas &#038; tyrni 400 g"},"content":{"rendered":"","protected":false},"excerpt":{"rendered":"<p data-start=\"1128\" data-end=\"1205\">T\u00e4ysravinto aikuisille koirille kaikille roduille (v\u00e4hint\u00e4\u00e4n 1-vuotiaille).<\/p>\n<p data-start=\"1207\" data-end=\"1487\">Sis\u00e4lt\u00e4\u00e4 tyrni\u00e4, luonnollinen antioksidanttien l\u00e4hde, joka tukee immuunij\u00e4rjestelm\u00e4\u00e4. Sis\u00e4lt\u00e4\u00e4 vitamiineja ja mineraaleja, jotka auttavat pit\u00e4m\u00e4\u00e4n koirasi hyv\u00e4ss\u00e4 kunnossa. D3-vitamiini tukee terveit\u00e4 luita ja hampaita, E-vitamiini tukee immuunij\u00e4rjestelm\u00e4n normaalia toimintaa.<\/p>\n<p data-start=\"1489\" data-end=\"1685\"><strong data-start=\"1489\" data-end=\"1503\">Koostumus:<\/strong> liemi 27,2 %, sianliha 18 %, kana 16 %, lampaanliha 15 %, kalkkuna 14 %, naudanliha 7 %, auringonkukka\u00f6ljy 1,6 %, mineraalit 0,7 %, inuliini 0,4 %, tyrni 0,025 %, lohi\u00f6ljy 0,025 %<\/p>\n<p data-start=\"1687\" data-end=\"1795\"><strong data-start=\"1687\" data-end=\"1709\">Analyysikoostumus:<\/strong> raakavalku 11 %, raakarasva 6,5 %, raakatuhka 2,5 %, raakakuitu 0,6 %, kosteus 77 %<\/p>\n<p data-start=\"1797\" data-end=\"2032\"><strong data-start=\"1797\" data-end=\"1819\">Lis\u00e4aineet per kg:<\/strong> D3-vitamiini 160 IU, E-vitamiini 100 mg, sinkki (sinkkisulfaatimonohydraatti) 10 mg, mangaani (mangaanioksidi) 2 mg, kupari (kuparisulfaattipentahydraatti) 1,2 mg, jodi (kalsiumjodaatti) 0,2 mg, biotiini 100 \u00b5g<\/p>\n","protected":false},"featured_media":33606,"template":"","meta":[],"product_brand":[],"product_cat":[479],"product_tag":[],"class_list":{"0":"post-45944","1":"product","2":"type-product","3":"status-publish","4":"has-post-thumbnail","6":"product_cat-markaruoka-koirille","8":"first","9":"instock","10":"taxable","11":"shipping-taxable","12":"purchasable","13":"product-type-simple"},"yoast_head":"<!-- This site is optimized with the Yoast SEO plugin v27.2 - https:\/\/yoast.com\/product\/yoast-seo-wordpress\/ -->\n<title>Ontario pate koirille \u2013 lammas &amp; tyrni 400 g - MiuMjau<\/title>\n<meta name=\"robots\" content=\"index, follow, max-snippet:-1, max-image-preview:large, max-video-preview:-1\" \/>\n<link rel=\"canonical\" href=\"https:\/\/miumjau.ee\/fi\/tuote\/ontario-pate-koirille-lammas-tyrni-400-g\/\" \/>\n<meta property=\"og:locale\" content=\"fi_FI\" \/>\n<meta property=\"og:type\" content=\"article\" \/>\n<meta property=\"og:title\" content=\"Ontario pate koirille \u2013 lammas &amp; tyrni 400 g - MiuMjau\" \/>\n<meta property=\"og:description\" content=\"T\u00e4ysravinto aikuisille koirille kaikille roduille (v\u00e4hint\u00e4\u00e4n 1-vuotiaille). Sis\u00e4lt\u00e4\u00e4 tyrni\u00e4, luonnollinen antioksidanttien l\u00e4hde, joka tukee immuunij\u00e4rjestelm\u00e4\u00e4. Sis\u00e4lt\u00e4\u00e4 vitamiineja ja mineraaleja, jotka auttavat pit\u00e4m\u00e4\u00e4n koirasi hyv\u00e4ss\u00e4 kunnossa. D3-vitamiini tukee terveit\u00e4 luita ja hampaita, E-vitamiini tukee immuunij\u00e4rjestelm\u00e4n normaalia toimintaa. Koostumus: liemi 27,2 %, sianliha 18 %, kana 16 %, lampaanliha 15 %, kalkkuna 14 %, naudanliha 7 %, auringonkukka\u00f6ljy 1,6 %, mineraalit 0,7 %, inuliini 0,4 %, tyrni 0,025 %, lohi\u00f6ljy 0,025 % Analyysikoostumus: raakavalku 11 %, raakarasva 6,5 %, raakatuhka 2,5 %, raakakuitu 0,6 %, kosteus 77 % Lis\u00e4aineet per kg: D3-vitamiini 160 IU, E-vitamiini 100 mg, sinkki (sinkkisulfaatimonohydraatti) 10 mg, mangaani (mangaanioksidi) 2 mg, kupari (kuparisulfaattipentahydraatti) 1,2 mg, jodi (kalsiumjodaatti) 0,2 mg, biotiini 100 \u00b5g\" \/>\n<meta property=\"og:url\" content=\"https:\/\/miumjau.ee\/fi\/tuote\/ontario-pate-koirille-lammas-tyrni-400-g\/\" \/>\n<meta property=\"og:site_name\" content=\"MiuMjau\" \/>\n<meta property=\"article:publisher\" content=\"https:\/\/www.facebook.com\/miumjaupood\/\" \/>\n<meta property=\"article:modified_time\" content=\"2026-01-07T20:46:35+00:00\" \/>\n<meta property=\"og:image\" content=\"https:\/\/miumjau.ee\/wp-content\/uploads\/2025\/04\/ontario-pasteet-koertele-400g3.webp\" \/>\n\t<meta property=\"og:image:width\" content=\"1200\" \/>\n\t<meta property=\"og:image:height\" content=\"1600\" \/>\n\t<meta property=\"og:image:type\" content=\"image\/webp\" \/>\n<meta name=\"twitter:card\" content=\"summary_large_image\" \/>\n<script type=\"application\/ld+json\" class=\"yoast-schema-graph\">{\"@context\":\"https:\/\/schema.org\",\"@graph\":[{\"@type\":\"WebPage\",\"@id\":\"https:\/\/miumjau.ee\/fi\/tuote\/ontario-pate-koirille-lammas-tyrni-400-g\/\",\"url\":\"https:\/\/miumjau.ee\/fi\/tuote\/ontario-pate-koirille-lammas-tyrni-400-g\/\",\"name\":\"Ontario pate koirille \u2013 lammas & tyrni 400 g - MiuMjau\",\"isPartOf\":{\"@id\":\"https:\/\/miumjau.ee\/#website\"},\"primaryImageOfPage\":{\"@id\":\"https:\/\/miumjau.ee\/fi\/tuote\/ontario-pate-koirille-lammas-tyrni-400-g\/#primaryimage\"},\"image\":{\"@id\":\"https:\/\/miumjau.ee\/fi\/tuote\/ontario-pate-koirille-lammas-tyrni-400-g\/#primaryimage\"},\"thumbnailUrl\":\"https:\/\/miumjau.ee\/wp-content\/uploads\/2025\/04\/ontario-pasteet-koertele-400g3.webp\",\"datePublished\":\"2025-04-30T10:41:16+00:00\",\"dateModified\":\"2026-01-07T20:46:35+00:00\",\"breadcrumb\":{\"@id\":\"https:\/\/miumjau.ee\/fi\/tuote\/ontario-pate-koirille-lammas-tyrni-400-g\/#breadcrumb\"},\"inLanguage\":\"fi\",\"potentialAction\":[{\"@type\":\"ReadAction\",\"target\":[\"https:\/\/miumjau.ee\/fi\/tuote\/ontario-pate-koirille-lammas-tyrni-400-g\/\"]}]},{\"@type\":\"ImageObject\",\"inLanguage\":\"fi\",\"@id\":\"https:\/\/miumjau.ee\/fi\/tuote\/ontario-pate-koirille-lammas-tyrni-400-g\/#primaryimage\",\"url\":\"https:\/\/miumjau.ee\/wp-content\/uploads\/2025\/04\/ontario-pasteet-koertele-400g3.webp\",\"contentUrl\":\"https:\/\/miumjau.ee\/wp-content\/uploads\/2025\/04\/ontario-pasteet-koertele-400g3.webp\",\"width\":1200,\"height\":1600,\"caption\":\"Ontario pasteet koertele lamba ja astelpajuga 400g\"},{\"@type\":\"BreadcrumbList\",\"@id\":\"https:\/\/miumjau.ee\/fi\/tuote\/ontario-pate-koirille-lammas-tyrni-400-g\/#breadcrumb\",\"itemListElement\":[{\"@type\":\"ListItem\",\"position\":1,\"name\":\"Home\",\"item\":\"https:\/\/miumjau.ee\/fi\/\"},{\"@type\":\"ListItem\",\"position\":2,\"name\":\"Kauppa\",\"item\":\"https:\/\/miumjau.ee\/fi\/kauppa\/\"},{\"@type\":\"ListItem\",\"position\":3,\"name\":\"Ontario pate koirille \u2013 lammas &#038; tyrni 400 g\"}]},{\"@type\":\"WebSite\",\"@id\":\"https:\/\/miumjau.ee\/#website\",\"url\":\"https:\/\/miumjau.ee\/\",\"name\":\"MiuMjau\",\"description\":\"Kraapimispuud kassidele\",\"publisher\":{\"@id\":\"https:\/\/miumjau.ee\/#organization\"},\"potentialAction\":[{\"@type\":\"SearchAction\",\"target\":{\"@type\":\"EntryPoint\",\"urlTemplate\":\"https:\/\/miumjau.ee\/?s={search_term_string}\"},\"query-input\":{\"@type\":\"PropertyValueSpecification\",\"valueRequired\":true,\"valueName\":\"search_term_string\"}}],\"inLanguage\":\"fi\"},{\"@type\":\"Organization\",\"@id\":\"https:\/\/miumjau.ee\/#organization\",\"name\":\"MiuMjau O\u00dc\",\"url\":\"https:\/\/miumjau.ee\/\",\"logo\":{\"@type\":\"ImageObject\",\"inLanguage\":\"fi\",\"@id\":\"https:\/\/miumjau.ee\/#\/schema\/logo\/image\/\",\"url\":\"https:\/\/miumjau.ee\/wp-content\/uploads\/2022\/04\/MiuMjau-logo-kollane.png\",\"contentUrl\":\"https:\/\/miumjau.ee\/wp-content\/uploads\/2022\/04\/MiuMjau-logo-kollane.png\",\"width\":219,\"height\":100,\"caption\":\"MiuMjau O\u00dc\"},\"image\":{\"@id\":\"https:\/\/miumjau.ee\/#\/schema\/logo\/image\/\"},\"sameAs\":[\"https:\/\/www.facebook.com\/miumjaupood\/\"]}]}<\/script>\n<!-- \/ Yoast SEO plugin. -->","yoast_head_json":{"title":"Ontario pate koirille \u2013 lammas & tyrni 400 g - MiuMjau","robots":{"index":"index","follow":"follow","max-snippet":"max-snippet:-1","max-image-preview":"max-image-preview:large","max-video-preview":"max-video-preview:-1"},"canonical":"https:\/\/miumjau.ee\/fi\/tuote\/ontario-pate-koirille-lammas-tyrni-400-g\/","og_locale":"fi_FI","og_type":"article","og_title":"Ontario pate koirille \u2013 lammas & tyrni 400 g - MiuMjau","og_description":"T\u00e4ysravinto aikuisille koirille kaikille roduille (v\u00e4hint\u00e4\u00e4n 1-vuotiaille). Sis\u00e4lt\u00e4\u00e4 tyrni\u00e4, luonnollinen antioksidanttien l\u00e4hde, joka tukee immuunij\u00e4rjestelm\u00e4\u00e4. Sis\u00e4lt\u00e4\u00e4 vitamiineja ja mineraaleja, jotka auttavat pit\u00e4m\u00e4\u00e4n koirasi hyv\u00e4ss\u00e4 kunnossa. D3-vitamiini tukee terveit\u00e4 luita ja hampaita, E-vitamiini tukee immuunij\u00e4rjestelm\u00e4n normaalia toimintaa. Koostumus: liemi 27,2 %, sianliha 18 %, kana 16 %, lampaanliha 15 %, kalkkuna 14 %, naudanliha 7 %, auringonkukka\u00f6ljy 1,6 %, mineraalit 0,7 %, inuliini 0,4 %, tyrni 0,025 %, lohi\u00f6ljy 0,025 % Analyysikoostumus: raakavalku 11 %, raakarasva 6,5 %, raakatuhka 2,5 %, raakakuitu 0,6 %, kosteus 77 % Lis\u00e4aineet per kg: D3-vitamiini 160 IU, E-vitamiini 100 mg, sinkki (sinkkisulfaatimonohydraatti) 10 mg, mangaani (mangaanioksidi) 2 mg, kupari (kuparisulfaattipentahydraatti) 1,2 mg, jodi (kalsiumjodaatti) 0,2 mg, biotiini 100 \u00b5g","og_url":"https:\/\/miumjau.ee\/fi\/tuote\/ontario-pate-koirille-lammas-tyrni-400-g\/","og_site_name":"MiuMjau","article_publisher":"https:\/\/www.facebook.com\/miumjaupood\/","article_modified_time":"2026-01-07T20:46:35+00:00","og_image":[{"width":1200,"height":1600,"url":"https:\/\/miumjau.ee\/wp-content\/uploads\/2025\/04\/ontario-pasteet-koertele-400g3.webp","type":"image\/webp"}],"twitter_card":"summary_large_image","schema":{"@context":"https:\/\/schema.org","@graph":[{"@type":"WebPage","@id":"https:\/\/miumjau.ee\/fi\/tuote\/ontario-pate-koirille-lammas-tyrni-400-g\/","url":"https:\/\/miumjau.ee\/fi\/tuote\/ontario-pate-koirille-lammas-tyrni-400-g\/","name":"Ontario pate koirille \u2013 lammas & tyrni 400 g - MiuMjau","isPartOf":{"@id":"https:\/\/miumjau.ee\/#website"},"primaryImageOfPage":{"@id":"https:\/\/miumjau.ee\/fi\/tuote\/ontario-pate-koirille-lammas-tyrni-400-g\/#primaryimage"},"image":{"@id":"https:\/\/miumjau.ee\/fi\/tuote\/ontario-pate-koirille-lammas-tyrni-400-g\/#primaryimage"},"thumbnailUrl":"https:\/\/miumjau.ee\/wp-content\/uploads\/2025\/04\/ontario-pasteet-koertele-400g3.webp","datePublished":"2025-04-30T10:41:16+00:00","dateModified":"2026-01-07T20:46:35+00:00","breadcrumb":{"@id":"https:\/\/miumjau.ee\/fi\/tuote\/ontario-pate-koirille-lammas-tyrni-400-g\/#breadcrumb"},"inLanguage":"fi","potentialAction":[{"@type":"ReadAction","target":["https:\/\/miumjau.ee\/fi\/tuote\/ontario-pate-koirille-lammas-tyrni-400-g\/"]}]},{"@type":"ImageObject","inLanguage":"fi","@id":"https:\/\/miumjau.ee\/fi\/tuote\/ontario-pate-koirille-lammas-tyrni-400-g\/#primaryimage","url":"https:\/\/miumjau.ee\/wp-content\/uploads\/2025\/04\/ontario-pasteet-koertele-400g3.webp","contentUrl":"https:\/\/miumjau.ee\/wp-content\/uploads\/2025\/04\/ontario-pasteet-koertele-400g3.webp","width":1200,"height":1600,"caption":"Ontario pasteet koertele lamba ja astelpajuga 400g"},{"@type":"BreadcrumbList","@id":"https:\/\/miumjau.ee\/fi\/tuote\/ontario-pate-koirille-lammas-tyrni-400-g\/#breadcrumb","itemListElement":[{"@type":"ListItem","position":1,"name":"Home","item":"https:\/\/miumjau.ee\/fi\/"},{"@type":"ListItem","position":2,"name":"Kauppa","item":"https:\/\/miumjau.ee\/fi\/kauppa\/"},{"@type":"ListItem","position":3,"name":"Ontario pate koirille \u2013 lammas &#038; tyrni 400 g"}]},{"@type":"WebSite","@id":"https:\/\/miumjau.ee\/#website","url":"https:\/\/miumjau.ee\/","name":"MiuMjau","description":"Kraapimispuud kassidele","publisher":{"@id":"https:\/\/miumjau.ee\/#organization"},"potentialAction":[{"@type":"SearchAction","target":{"@type":"EntryPoint","urlTemplate":"https:\/\/miumjau.ee\/?s={search_term_string}"},"query-input":{"@type":"PropertyValueSpecification","valueRequired":true,"valueName":"search_term_string"}}],"inLanguage":"fi"},{"@type":"Organization","@id":"https:\/\/miumjau.ee\/#organization","name":"MiuMjau O\u00dc","url":"https:\/\/miumjau.ee\/","logo":{"@type":"ImageObject","inLanguage":"fi","@id":"https:\/\/miumjau.ee\/#\/schema\/logo\/image\/","url":"https:\/\/miumjau.ee\/wp-content\/uploads\/2022\/04\/MiuMjau-logo-kollane.png","contentUrl":"https:\/\/miumjau.ee\/wp-content\/uploads\/2022\/04\/MiuMjau-logo-kollane.png","width":219,"height":100,"caption":"MiuMjau O\u00dc"},"image":{"@id":"https:\/\/miumjau.ee\/#\/schema\/logo\/image\/"},"sameAs":["https:\/\/www.facebook.com\/miumjaupood\/"]}]}},"_links":{"self":[{"href":"https:\/\/miumjau.ee\/fi\/wp-json\/wp\/v2\/product\/45944","targetHints":{"allow":["GET"]}}],"collection":[{"href":"https:\/\/miumjau.ee\/fi\/wp-json\/wp\/v2\/product"}],"about":[{"href":"https:\/\/miumjau.ee\/fi\/wp-json\/wp\/v2\/types\/product"}],"wp:featuredmedia":[{"embeddable":true,"href":"https:\/\/miumjau.ee\/fi\/wp-json\/wp\/v2\/media\/33606"}],"wp:attachment":[{"href":"https:\/\/miumjau.ee\/fi\/wp-json\/wp\/v2\/media?parent=45944"}],"wp:term":[{"taxonomy":"product_brand","embeddable":true,"href":"https:\/\/miumjau.ee\/fi\/wp-json\/wp\/v2\/product_brand?post=45944"},{"taxonomy":"product_cat","embeddable":true,"href":"https:\/\/miumjau.ee\/fi\/wp-json\/wp\/v2\/product_cat?post=45944"},{"taxonomy":"product_tag","embeddable":true,"href":"https:\/\/miumjau.ee\/fi\/wp-json\/wp\/v2\/product_tag?post=45944"}],"curies":[{"name":"wp","href":"https:\/\/api.w.org\/{rel}","templated":true}]}}