{"id":45936,"date":"2025-04-30T15:09:36","date_gmt":"2025-04-30T12:09:36","guid":{"rendered":"https:\/\/miumjau.ee\/toode\/ontario-pussi-koirille-kalkkuna-kana-ja-vihannekset-liemessa-300-g\/"},"modified":"2026-01-07T22:46:35","modified_gmt":"2026-01-07T20:46:35","slug":"ontario-pussi-koirille-kalkkuna-kana-ja-vihannekset-liemessa-300-g","status":"publish","type":"product","link":"https:\/\/miumjau.ee\/fi\/tuote\/ontario-pussi-koirille-kalkkuna-kana-ja-vihannekset-liemessa-300-g\/","title":{"rendered":"Ontario pussi koirille \u2013 kalkkuna, kana ja vihannekset liemess\u00e4 300 g"},"content":{"rendered":"","protected":false},"excerpt":{"rendered":"<p data-start=\"1382\" data-end=\"1517\">Kalkkuna ja kana vihannesten kanssa liemess\u00e4. BARF-inspiroitu t\u00e4ysravinto kaikenik\u00e4isille koirille (v\u00e4hint\u00e4\u00e4n 2 kuukauden ik\u00e4isille).<\/p>\n<p data-start=\"1519\" data-end=\"1949\">Hienoksi jauhettu kalkkuna ja kana aromikkaassa liemess\u00e4 isompien puhtaiden lihapalasien, perunoiden, herneiden ja porkkanoiden kanssa.<br data-start=\"1654\" data-end=\"1657\" \/>Resepti sis\u00e4lt\u00e4\u00e4 pehmeit\u00e4 ja jauhettuja kanan luita, jotka ovat t\u00e4rkeit\u00e4 fosforin ja kalsiumin saannille.<br data-start=\"1762\" data-end=\"1765\" \/>Liha on ihmisten ravinnoksi sopivaa laatua.<br data-start=\"1808\" data-end=\"1811\" \/>Pussit ovat kuumasteriloituja, eik\u00e4 niiss\u00e4 ole s\u00e4il\u00f6nt\u00e4aineita.<br data-start=\"1874\" data-end=\"1877\" \/>Luonnollinen ulkon\u00e4k\u00f6 ja tuoksu ilman lis\u00e4ttyj\u00e4 maku- tai v\u00e4riaineita.<\/p>\n<p data-start=\"1951\" data-end=\"2069\"><strong data-start=\"1951\" data-end=\"1965\">Koostumus:<\/strong> kalkkuna 40 %, kana 30 %, liemi 18 %, perunat 4 %, herneet 3 %, porkkanat 3 %, pehme\u00e4t kanan luut 2 %<\/p>\n<p data-start=\"2071\" data-end=\"2173\"><strong data-start=\"2071\" data-end=\"2093\">Analyysikoostumus:<\/strong> raakavalku 11 %, raakarasva 9 %, raakakuitu 2 %, raakatuhka 1 %, kosteus 84 %<\/p>\n<p data-start=\"2175\" data-end=\"2509\"><strong data-start=\"2175\" data-end=\"2192\">Ruokintaohje:<\/strong> Anna 1\u20132 kertaa p\u00e4iv\u00e4ss\u00e4, enint\u00e4\u00e4n 200 g \/ 5 kg koiran painoa kohti. S\u00e4ilyt\u00e4 avaamattomana kuivassa paikassa 5\u201320 \u00b0C:ssa, suoralta auringonvalolta suojassa. Tarjoile huoneenl\u00e4mp\u00f6isen\u00e4. K\u00e4yt\u00e4 heti avaamisen j\u00e4lkeen. Ei tarkoitettu ihmisten ravinnoksi. Varmista aina, ett\u00e4 koiralla on saatavilla tuoretta juomavett\u00e4.<\/p>\n","protected":false},"featured_media":33626,"template":"","meta":[],"product_brand":[],"product_cat":[479],"product_tag":[],"class_list":{"0":"post-45936","1":"product","2":"type-product","3":"status-publish","4":"has-post-thumbnail","6":"product_cat-markaruoka-koirille","8":"first","9":"instock","10":"taxable","11":"shipping-taxable","12":"purchasable","13":"product-type-simple"},"yoast_head":"<!-- This site is optimized with the Yoast SEO plugin v27.2 - https:\/\/yoast.com\/product\/yoast-seo-wordpress\/ -->\n<title>Ontario pussi koirille \u2013 kalkkuna, kana ja vihannekset liemess\u00e4 300 g - MiuMjau<\/title>\n<meta name=\"robots\" content=\"index, follow, max-snippet:-1, max-image-preview:large, max-video-preview:-1\" \/>\n<link rel=\"canonical\" href=\"https:\/\/miumjau.ee\/fi\/tuote\/ontario-pussi-koirille-kalkkuna-kana-ja-vihannekset-liemessa-300-g\/\" \/>\n<meta property=\"og:locale\" content=\"fi_FI\" \/>\n<meta property=\"og:type\" content=\"article\" \/>\n<meta property=\"og:title\" content=\"Ontario pussi koirille \u2013 kalkkuna, kana ja vihannekset liemess\u00e4 300 g - MiuMjau\" \/>\n<meta property=\"og:description\" content=\"Kalkkuna ja kana vihannesten kanssa liemess\u00e4. BARF-inspiroitu t\u00e4ysravinto kaikenik\u00e4isille koirille (v\u00e4hint\u00e4\u00e4n 2 kuukauden ik\u00e4isille). Hienoksi jauhettu kalkkuna ja kana aromikkaassa liemess\u00e4 isompien puhtaiden lihapalasien, perunoiden, herneiden ja porkkanoiden kanssa.Resepti sis\u00e4lt\u00e4\u00e4 pehmeit\u00e4 ja jauhettuja kanan luita, jotka ovat t\u00e4rkeit\u00e4 fosforin ja kalsiumin saannille.Liha on ihmisten ravinnoksi sopivaa laatua.Pussit ovat kuumasteriloituja, eik\u00e4 niiss\u00e4 ole s\u00e4il\u00f6nt\u00e4aineita.Luonnollinen ulkon\u00e4k\u00f6 ja tuoksu ilman lis\u00e4ttyj\u00e4 maku- tai v\u00e4riaineita. Koostumus: kalkkuna 40 %, kana 30 %, liemi 18 %, perunat 4 %, herneet 3 %, porkkanat 3 %, pehme\u00e4t kanan luut 2 % Analyysikoostumus: raakavalku 11 %, raakarasva 9 %, raakakuitu 2 %, raakatuhka 1 %, kosteus 84 % Ruokintaohje: Anna 1\u20132 kertaa p\u00e4iv\u00e4ss\u00e4, enint\u00e4\u00e4n 200 g \/ 5 kg koiran painoa kohti. S\u00e4ilyt\u00e4 avaamattomana kuivassa paikassa 5\u201320 \u00b0C:ssa, suoralta auringonvalolta suojassa. Tarjoile huoneenl\u00e4mp\u00f6isen\u00e4. K\u00e4yt\u00e4 heti avaamisen j\u00e4lkeen. Ei tarkoitettu ihmisten ravinnoksi. Varmista aina, ett\u00e4 koiralla on saatavilla tuoretta juomavett\u00e4.\" \/>\n<meta property=\"og:url\" content=\"https:\/\/miumjau.ee\/fi\/tuote\/ontario-pussi-koirille-kalkkuna-kana-ja-vihannekset-liemessa-300-g\/\" \/>\n<meta property=\"og:site_name\" content=\"MiuMjau\" \/>\n<meta property=\"article:publisher\" content=\"https:\/\/www.facebook.com\/miumjaupood\/\" \/>\n<meta property=\"article:modified_time\" content=\"2026-01-07T20:46:35+00:00\" \/>\n<meta property=\"og:image\" content=\"https:\/\/miumjau.ee\/wp-content\/uploads\/2025\/04\/ontario-einekotike-koerale-300g8.webp\" \/>\n\t<meta property=\"og:image:width\" content=\"1200\" \/>\n\t<meta property=\"og:image:height\" content=\"1600\" \/>\n\t<meta property=\"og:image:type\" content=\"image\/webp\" \/>\n<meta name=\"twitter:card\" content=\"summary_large_image\" \/>\n<script type=\"application\/ld+json\" class=\"yoast-schema-graph\">{\"@context\":\"https:\/\/schema.org\",\"@graph\":[{\"@type\":\"WebPage\",\"@id\":\"https:\/\/miumjau.ee\/fi\/tuote\/ontario-pussi-koirille-kalkkuna-kana-ja-vihannekset-liemessa-300-g\/\",\"url\":\"https:\/\/miumjau.ee\/fi\/tuote\/ontario-pussi-koirille-kalkkuna-kana-ja-vihannekset-liemessa-300-g\/\",\"name\":\"Ontario pussi koirille \u2013 kalkkuna, kana ja vihannekset liemess\u00e4 300 g - MiuMjau\",\"isPartOf\":{\"@id\":\"https:\/\/miumjau.ee\/#website\"},\"primaryImageOfPage\":{\"@id\":\"https:\/\/miumjau.ee\/fi\/tuote\/ontario-pussi-koirille-kalkkuna-kana-ja-vihannekset-liemessa-300-g\/#primaryimage\"},\"image\":{\"@id\":\"https:\/\/miumjau.ee\/fi\/tuote\/ontario-pussi-koirille-kalkkuna-kana-ja-vihannekset-liemessa-300-g\/#primaryimage\"},\"thumbnailUrl\":\"https:\/\/miumjau.ee\/wp-content\/uploads\/2025\/04\/ontario-einekotike-koerale-300g8.webp\",\"datePublished\":\"2025-04-30T12:09:36+00:00\",\"dateModified\":\"2026-01-07T20:46:35+00:00\",\"breadcrumb\":{\"@id\":\"https:\/\/miumjau.ee\/fi\/tuote\/ontario-pussi-koirille-kalkkuna-kana-ja-vihannekset-liemessa-300-g\/#breadcrumb\"},\"inLanguage\":\"fi\",\"potentialAction\":[{\"@type\":\"ReadAction\",\"target\":[\"https:\/\/miumjau.ee\/fi\/tuote\/ontario-pussi-koirille-kalkkuna-kana-ja-vihannekset-liemessa-300-g\/\"]}]},{\"@type\":\"ImageObject\",\"inLanguage\":\"fi\",\"@id\":\"https:\/\/miumjau.ee\/fi\/tuote\/ontario-pussi-koirille-kalkkuna-kana-ja-vihannekset-liemessa-300-g\/#primaryimage\",\"url\":\"https:\/\/miumjau.ee\/wp-content\/uploads\/2025\/04\/ontario-einekotike-koerale-300g8.webp\",\"contentUrl\":\"https:\/\/miumjau.ee\/wp-content\/uploads\/2025\/04\/ontario-einekotike-koerale-300g8.webp\",\"width\":1200,\"height\":1600,\"caption\":\"Ontario einekotike koertele 300g\"},{\"@type\":\"BreadcrumbList\",\"@id\":\"https:\/\/miumjau.ee\/fi\/tuote\/ontario-pussi-koirille-kalkkuna-kana-ja-vihannekset-liemessa-300-g\/#breadcrumb\",\"itemListElement\":[{\"@type\":\"ListItem\",\"position\":1,\"name\":\"Home\",\"item\":\"https:\/\/miumjau.ee\/fi\/\"},{\"@type\":\"ListItem\",\"position\":2,\"name\":\"Kauppa\",\"item\":\"https:\/\/miumjau.ee\/fi\/kauppa\/\"},{\"@type\":\"ListItem\",\"position\":3,\"name\":\"Ontario pussi koirille \u2013 kalkkuna, kana ja vihannekset liemess\u00e4 300 g\"}]},{\"@type\":\"WebSite\",\"@id\":\"https:\/\/miumjau.ee\/#website\",\"url\":\"https:\/\/miumjau.ee\/\",\"name\":\"MiuMjau\",\"description\":\"Kraapimispuud kassidele\",\"publisher\":{\"@id\":\"https:\/\/miumjau.ee\/#organization\"},\"potentialAction\":[{\"@type\":\"SearchAction\",\"target\":{\"@type\":\"EntryPoint\",\"urlTemplate\":\"https:\/\/miumjau.ee\/?s={search_term_string}\"},\"query-input\":{\"@type\":\"PropertyValueSpecification\",\"valueRequired\":true,\"valueName\":\"search_term_string\"}}],\"inLanguage\":\"fi\"},{\"@type\":\"Organization\",\"@id\":\"https:\/\/miumjau.ee\/#organization\",\"name\":\"MiuMjau O\u00dc\",\"url\":\"https:\/\/miumjau.ee\/\",\"logo\":{\"@type\":\"ImageObject\",\"inLanguage\":\"fi\",\"@id\":\"https:\/\/miumjau.ee\/#\/schema\/logo\/image\/\",\"url\":\"https:\/\/miumjau.ee\/wp-content\/uploads\/2022\/04\/MiuMjau-logo-kollane.png\",\"contentUrl\":\"https:\/\/miumjau.ee\/wp-content\/uploads\/2022\/04\/MiuMjau-logo-kollane.png\",\"width\":219,\"height\":100,\"caption\":\"MiuMjau O\u00dc\"},\"image\":{\"@id\":\"https:\/\/miumjau.ee\/#\/schema\/logo\/image\/\"},\"sameAs\":[\"https:\/\/www.facebook.com\/miumjaupood\/\"]}]}<\/script>\n<!-- \/ Yoast SEO plugin. -->","yoast_head_json":{"title":"Ontario pussi koirille \u2013 kalkkuna, kana ja vihannekset liemess\u00e4 300 g - MiuMjau","robots":{"index":"index","follow":"follow","max-snippet":"max-snippet:-1","max-image-preview":"max-image-preview:large","max-video-preview":"max-video-preview:-1"},"canonical":"https:\/\/miumjau.ee\/fi\/tuote\/ontario-pussi-koirille-kalkkuna-kana-ja-vihannekset-liemessa-300-g\/","og_locale":"fi_FI","og_type":"article","og_title":"Ontario pussi koirille \u2013 kalkkuna, kana ja vihannekset liemess\u00e4 300 g - MiuMjau","og_description":"Kalkkuna ja kana vihannesten kanssa liemess\u00e4. BARF-inspiroitu t\u00e4ysravinto kaikenik\u00e4isille koirille (v\u00e4hint\u00e4\u00e4n 2 kuukauden ik\u00e4isille). Hienoksi jauhettu kalkkuna ja kana aromikkaassa liemess\u00e4 isompien puhtaiden lihapalasien, perunoiden, herneiden ja porkkanoiden kanssa.Resepti sis\u00e4lt\u00e4\u00e4 pehmeit\u00e4 ja jauhettuja kanan luita, jotka ovat t\u00e4rkeit\u00e4 fosforin ja kalsiumin saannille.Liha on ihmisten ravinnoksi sopivaa laatua.Pussit ovat kuumasteriloituja, eik\u00e4 niiss\u00e4 ole s\u00e4il\u00f6nt\u00e4aineita.Luonnollinen ulkon\u00e4k\u00f6 ja tuoksu ilman lis\u00e4ttyj\u00e4 maku- tai v\u00e4riaineita. Koostumus: kalkkuna 40 %, kana 30 %, liemi 18 %, perunat 4 %, herneet 3 %, porkkanat 3 %, pehme\u00e4t kanan luut 2 % Analyysikoostumus: raakavalku 11 %, raakarasva 9 %, raakakuitu 2 %, raakatuhka 1 %, kosteus 84 % Ruokintaohje: Anna 1\u20132 kertaa p\u00e4iv\u00e4ss\u00e4, enint\u00e4\u00e4n 200 g \/ 5 kg koiran painoa kohti. S\u00e4ilyt\u00e4 avaamattomana kuivassa paikassa 5\u201320 \u00b0C:ssa, suoralta auringonvalolta suojassa. Tarjoile huoneenl\u00e4mp\u00f6isen\u00e4. K\u00e4yt\u00e4 heti avaamisen j\u00e4lkeen. Ei tarkoitettu ihmisten ravinnoksi. Varmista aina, ett\u00e4 koiralla on saatavilla tuoretta juomavett\u00e4.","og_url":"https:\/\/miumjau.ee\/fi\/tuote\/ontario-pussi-koirille-kalkkuna-kana-ja-vihannekset-liemessa-300-g\/","og_site_name":"MiuMjau","article_publisher":"https:\/\/www.facebook.com\/miumjaupood\/","article_modified_time":"2026-01-07T20:46:35+00:00","og_image":[{"width":1200,"height":1600,"url":"https:\/\/miumjau.ee\/wp-content\/uploads\/2025\/04\/ontario-einekotike-koerale-300g8.webp","type":"image\/webp"}],"twitter_card":"summary_large_image","schema":{"@context":"https:\/\/schema.org","@graph":[{"@type":"WebPage","@id":"https:\/\/miumjau.ee\/fi\/tuote\/ontario-pussi-koirille-kalkkuna-kana-ja-vihannekset-liemessa-300-g\/","url":"https:\/\/miumjau.ee\/fi\/tuote\/ontario-pussi-koirille-kalkkuna-kana-ja-vihannekset-liemessa-300-g\/","name":"Ontario pussi koirille \u2013 kalkkuna, kana ja vihannekset liemess\u00e4 300 g - MiuMjau","isPartOf":{"@id":"https:\/\/miumjau.ee\/#website"},"primaryImageOfPage":{"@id":"https:\/\/miumjau.ee\/fi\/tuote\/ontario-pussi-koirille-kalkkuna-kana-ja-vihannekset-liemessa-300-g\/#primaryimage"},"image":{"@id":"https:\/\/miumjau.ee\/fi\/tuote\/ontario-pussi-koirille-kalkkuna-kana-ja-vihannekset-liemessa-300-g\/#primaryimage"},"thumbnailUrl":"https:\/\/miumjau.ee\/wp-content\/uploads\/2025\/04\/ontario-einekotike-koerale-300g8.webp","datePublished":"2025-04-30T12:09:36+00:00","dateModified":"2026-01-07T20:46:35+00:00","breadcrumb":{"@id":"https:\/\/miumjau.ee\/fi\/tuote\/ontario-pussi-koirille-kalkkuna-kana-ja-vihannekset-liemessa-300-g\/#breadcrumb"},"inLanguage":"fi","potentialAction":[{"@type":"ReadAction","target":["https:\/\/miumjau.ee\/fi\/tuote\/ontario-pussi-koirille-kalkkuna-kana-ja-vihannekset-liemessa-300-g\/"]}]},{"@type":"ImageObject","inLanguage":"fi","@id":"https:\/\/miumjau.ee\/fi\/tuote\/ontario-pussi-koirille-kalkkuna-kana-ja-vihannekset-liemessa-300-g\/#primaryimage","url":"https:\/\/miumjau.ee\/wp-content\/uploads\/2025\/04\/ontario-einekotike-koerale-300g8.webp","contentUrl":"https:\/\/miumjau.ee\/wp-content\/uploads\/2025\/04\/ontario-einekotike-koerale-300g8.webp","width":1200,"height":1600,"caption":"Ontario einekotike koertele 300g"},{"@type":"BreadcrumbList","@id":"https:\/\/miumjau.ee\/fi\/tuote\/ontario-pussi-koirille-kalkkuna-kana-ja-vihannekset-liemessa-300-g\/#breadcrumb","itemListElement":[{"@type":"ListItem","position":1,"name":"Home","item":"https:\/\/miumjau.ee\/fi\/"},{"@type":"ListItem","position":2,"name":"Kauppa","item":"https:\/\/miumjau.ee\/fi\/kauppa\/"},{"@type":"ListItem","position":3,"name":"Ontario pussi koirille \u2013 kalkkuna, kana ja vihannekset liemess\u00e4 300 g"}]},{"@type":"WebSite","@id":"https:\/\/miumjau.ee\/#website","url":"https:\/\/miumjau.ee\/","name":"MiuMjau","description":"Kraapimispuud kassidele","publisher":{"@id":"https:\/\/miumjau.ee\/#organization"},"potentialAction":[{"@type":"SearchAction","target":{"@type":"EntryPoint","urlTemplate":"https:\/\/miumjau.ee\/?s={search_term_string}"},"query-input":{"@type":"PropertyValueSpecification","valueRequired":true,"valueName":"search_term_string"}}],"inLanguage":"fi"},{"@type":"Organization","@id":"https:\/\/miumjau.ee\/#organization","name":"MiuMjau O\u00dc","url":"https:\/\/miumjau.ee\/","logo":{"@type":"ImageObject","inLanguage":"fi","@id":"https:\/\/miumjau.ee\/#\/schema\/logo\/image\/","url":"https:\/\/miumjau.ee\/wp-content\/uploads\/2022\/04\/MiuMjau-logo-kollane.png","contentUrl":"https:\/\/miumjau.ee\/wp-content\/uploads\/2022\/04\/MiuMjau-logo-kollane.png","width":219,"height":100,"caption":"MiuMjau O\u00dc"},"image":{"@id":"https:\/\/miumjau.ee\/#\/schema\/logo\/image\/"},"sameAs":["https:\/\/www.facebook.com\/miumjaupood\/"]}]}},"_links":{"self":[{"href":"https:\/\/miumjau.ee\/fi\/wp-json\/wp\/v2\/product\/45936","targetHints":{"allow":["GET"]}}],"collection":[{"href":"https:\/\/miumjau.ee\/fi\/wp-json\/wp\/v2\/product"}],"about":[{"href":"https:\/\/miumjau.ee\/fi\/wp-json\/wp\/v2\/types\/product"}],"wp:featuredmedia":[{"embeddable":true,"href":"https:\/\/miumjau.ee\/fi\/wp-json\/wp\/v2\/media\/33626"}],"wp:attachment":[{"href":"https:\/\/miumjau.ee\/fi\/wp-json\/wp\/v2\/media?parent=45936"}],"wp:term":[{"taxonomy":"product_brand","embeddable":true,"href":"https:\/\/miumjau.ee\/fi\/wp-json\/wp\/v2\/product_brand?post=45936"},{"taxonomy":"product_cat","embeddable":true,"href":"https:\/\/miumjau.ee\/fi\/wp-json\/wp\/v2\/product_cat?post=45936"},{"taxonomy":"product_tag","embeddable":true,"href":"https:\/\/miumjau.ee\/fi\/wp-json\/wp\/v2\/product_tag?post=45936"}],"curies":[{"name":"wp","href":"https:\/\/api.w.org\/{rel}","templated":true}]}}