{"id":45877,"date":"2025-03-31T14:54:59","date_gmt":"2025-03-31T11:54:59","guid":{"rendered":"https:\/\/miumjau.ee\/toode\/brit-premium-by-nature-koiran-sailyke-lammas-ja-tattari-800-g\/"},"modified":"2026-01-07T22:46:42","modified_gmt":"2026-01-07T20:46:42","slug":"brit-premium-by-nature-koiran-sailyke-lammas-ja-tattari-800-g","status":"publish","type":"product","link":"https:\/\/miumjau.ee\/fi\/tuote\/brit-premium-by-nature-koiran-sailyke-lammas-ja-tattari-800-g\/","title":{"rendered":"Brit Premium by Nature koiran s\u00e4ilyke \u2013 lammas ja tattari 800 g"},"content":{"rendered":"","protected":false},"excerpt":{"rendered":"<p data-start=\"1418\" data-end=\"1474\">Brit Premium \u2013 t\u00e4ydellinen ja maukas ruoka koirallesi!<\/p>\n<p data-start=\"1476\" data-end=\"1725\">Ihanteellinen lis\u00e4 kuivaruualle. Sopii t\u00e4ysravinnoksi, v\u00e4lipalaksi tai maun lis\u00e4\u00e4miseksi kuivaruualle kaikille aikuisille koirille. Parantaa ruokahalua ja nesteytyst\u00e4. Sis\u00e4lt\u00e4\u00e4 kollageenia terveiden nivelten tueksi, lohi\u00f6ljy\u00e4, hedelmi\u00e4 ja yrttej\u00e4.<\/p>\n<p data-start=\"1727\" data-end=\"1770\">T\u00e4ysravinto kaikille aikuisille koirille.<\/p>\n<p data-start=\"1772\" data-end=\"1936\"><strong data-start=\"1772\" data-end=\"1810\">Erinomainen sulavuus ja hieno maku<\/strong><br data-start=\"1810\" data-end=\"1813\" \/><strong data-start=\"1813\" data-end=\"1886\">Tasapainoinen ravinteiden, vitamiinien ja kivenn\u00e4isaineiden koostumus<\/strong><br data-start=\"1886\" data-end=\"1889\" \/><strong data-start=\"1889\" data-end=\"1934\">Viljaton \u2013 ei lis\u00e4tty\u00e4 suolaa \u2013 GMO-vapaa<\/strong><\/p>\n<p data-start=\"1938\" data-end=\"2057\"><strong data-start=\"1938\" data-end=\"1952\">Ainesosat:<\/strong> lammas (36 %), kana (22 %), tattari (4 %), omena (1 %), hernejauho, lignoselluloosa, lohi\u00f6ljy (0,5 %).<\/p>\n<p data-start=\"2059\" data-end=\"2221\"><strong data-start=\"2059\" data-end=\"2081\">Analyysikoostumus:<\/strong> raakavalkuainen 8,0 %, raakarasva 5,0 %, raakakuitu 0,3 %, raakatuhka 2,7 %, kosteus 78,0 %, kalsium 0,3 %, fosfori 0,3 %, natrium 0,5 %.<\/p>\n<p data-start=\"2223\" data-end=\"2459\"><strong data-start=\"2223\" data-end=\"2240\">Ravintolis\u00e4t:<\/strong> A-vitamiini (3a672a) 800 IU, D3-vitamiini (E671) 200 IU, E-vitamiini (3a700) 100 mg, B1-vitamiini (3a821) 1,3 mg, biotiini (3a880) 0,5 mg, sinkki (3b606) 10 mg, rauta 6 mg, mangaani (3b504) 2 mg, jodi (3b201) 0,5 mg.<\/p>\n<p data-start=\"2461\" data-end=\"2501\"><strong data-start=\"2461\" data-end=\"2485\">Metabolinen energia:<\/strong> 1 000 kcal\/kg<\/p>\n<p data-start=\"2503\" data-end=\"2606\"><strong data-start=\"2503\" data-end=\"2516\">S\u00e4ilytys:<\/strong> S\u00e4ilyt\u00e4 viile\u00e4ss\u00e4 ja kuivassa paikassa. Avattu purkki s\u00e4ilyy j\u00e4\u00e4kaapissa 3 p\u00e4iv\u00e4n ajan.<\/p>\n","protected":false},"featured_media":31414,"template":"","meta":[],"product_brand":[],"product_cat":[479],"product_tag":[],"class_list":{"0":"post-45877","1":"product","2":"type-product","3":"status-publish","4":"has-post-thumbnail","6":"product_cat-markaruoka-koirille","8":"first","9":"instock","10":"taxable","11":"shipping-taxable","12":"purchasable","13":"product-type-simple"},"yoast_head":"<!-- This site is optimized with the Yoast SEO plugin v27.2 - https:\/\/yoast.com\/product\/yoast-seo-wordpress\/ -->\n<title>Brit Premium by Nature koiran s\u00e4ilyke \u2013 lammas ja tattari 800 g - MiuMjau<\/title>\n<meta name=\"robots\" content=\"index, follow, max-snippet:-1, max-image-preview:large, max-video-preview:-1\" \/>\n<link rel=\"canonical\" href=\"https:\/\/miumjau.ee\/fi\/tuote\/brit-premium-by-nature-koiran-sailyke-lammas-ja-tattari-800-g\/\" \/>\n<meta property=\"og:locale\" content=\"fi_FI\" \/>\n<meta property=\"og:type\" content=\"article\" \/>\n<meta property=\"og:title\" content=\"Brit Premium by Nature koiran s\u00e4ilyke \u2013 lammas ja tattari 800 g - MiuMjau\" \/>\n<meta property=\"og:description\" content=\"Brit Premium \u2013 t\u00e4ydellinen ja maukas ruoka koirallesi! Ihanteellinen lis\u00e4 kuivaruualle. Sopii t\u00e4ysravinnoksi, v\u00e4lipalaksi tai maun lis\u00e4\u00e4miseksi kuivaruualle kaikille aikuisille koirille. Parantaa ruokahalua ja nesteytyst\u00e4. Sis\u00e4lt\u00e4\u00e4 kollageenia terveiden nivelten tueksi, lohi\u00f6ljy\u00e4, hedelmi\u00e4 ja yrttej\u00e4. T\u00e4ysravinto kaikille aikuisille koirille. Erinomainen sulavuus ja hieno makuTasapainoinen ravinteiden, vitamiinien ja kivenn\u00e4isaineiden koostumusViljaton \u2013 ei lis\u00e4tty\u00e4 suolaa \u2013 GMO-vapaa Ainesosat: lammas (36 %), kana (22 %), tattari (4 %), omena (1 %), hernejauho, lignoselluloosa, lohi\u00f6ljy (0,5 %). Analyysikoostumus: raakavalkuainen 8,0 %, raakarasva 5,0 %, raakakuitu 0,3 %, raakatuhka 2,7 %, kosteus 78,0 %, kalsium 0,3 %, fosfori 0,3 %, natrium 0,5 %. Ravintolis\u00e4t: A-vitamiini (3a672a) 800 IU, D3-vitamiini (E671) 200 IU, E-vitamiini (3a700) 100 mg, B1-vitamiini (3a821) 1,3 mg, biotiini (3a880) 0,5 mg, sinkki (3b606) 10 mg, rauta 6 mg, mangaani (3b504) 2 mg, jodi (3b201) 0,5 mg. Metabolinen energia: 1 000 kcal\/kg S\u00e4ilytys: S\u00e4ilyt\u00e4 viile\u00e4ss\u00e4 ja kuivassa paikassa. Avattu purkki s\u00e4ilyy j\u00e4\u00e4kaapissa 3 p\u00e4iv\u00e4n ajan.\" \/>\n<meta property=\"og:url\" content=\"https:\/\/miumjau.ee\/fi\/tuote\/brit-premium-by-nature-koiran-sailyke-lammas-ja-tattari-800-g\/\" \/>\n<meta property=\"og:site_name\" content=\"MiuMjau\" \/>\n<meta property=\"article:publisher\" content=\"https:\/\/www.facebook.com\/miumjaupood\/\" \/>\n<meta property=\"article:modified_time\" content=\"2026-01-07T20:46:42+00:00\" \/>\n<meta property=\"og:image\" content=\"https:\/\/miumjau.ee\/wp-content\/uploads\/2025\/03\/brit-premium-lammas-tatar2-Photoroom.webp\" \/>\n\t<meta property=\"og:image:width\" content=\"600\" \/>\n\t<meta property=\"og:image:height\" content=\"800\" \/>\n\t<meta property=\"og:image:type\" content=\"image\/webp\" \/>\n<meta name=\"twitter:card\" content=\"summary_large_image\" \/>\n<script type=\"application\/ld+json\" class=\"yoast-schema-graph\">{\"@context\":\"https:\/\/schema.org\",\"@graph\":[{\"@type\":\"WebPage\",\"@id\":\"https:\/\/miumjau.ee\/fi\/tuote\/brit-premium-by-nature-koiran-sailyke-lammas-ja-tattari-800-g\/\",\"url\":\"https:\/\/miumjau.ee\/fi\/tuote\/brit-premium-by-nature-koiran-sailyke-lammas-ja-tattari-800-g\/\",\"name\":\"Brit Premium by Nature koiran s\u00e4ilyke \u2013 lammas ja tattari 800 g - MiuMjau\",\"isPartOf\":{\"@id\":\"https:\/\/miumjau.ee\/#website\"},\"primaryImageOfPage\":{\"@id\":\"https:\/\/miumjau.ee\/fi\/tuote\/brit-premium-by-nature-koiran-sailyke-lammas-ja-tattari-800-g\/#primaryimage\"},\"image\":{\"@id\":\"https:\/\/miumjau.ee\/fi\/tuote\/brit-premium-by-nature-koiran-sailyke-lammas-ja-tattari-800-g\/#primaryimage\"},\"thumbnailUrl\":\"https:\/\/miumjau.ee\/wp-content\/uploads\/2025\/03\/brit-premium-lammas-tatar2-Photoroom.webp\",\"datePublished\":\"2025-03-31T11:54:59+00:00\",\"dateModified\":\"2026-01-07T20:46:42+00:00\",\"breadcrumb\":{\"@id\":\"https:\/\/miumjau.ee\/fi\/tuote\/brit-premium-by-nature-koiran-sailyke-lammas-ja-tattari-800-g\/#breadcrumb\"},\"inLanguage\":\"fi\",\"potentialAction\":[{\"@type\":\"ReadAction\",\"target\":[\"https:\/\/miumjau.ee\/fi\/tuote\/brit-premium-by-nature-koiran-sailyke-lammas-ja-tattari-800-g\/\"]}]},{\"@type\":\"ImageObject\",\"inLanguage\":\"fi\",\"@id\":\"https:\/\/miumjau.ee\/fi\/tuote\/brit-premium-by-nature-koiran-sailyke-lammas-ja-tattari-800-g\/#primaryimage\",\"url\":\"https:\/\/miumjau.ee\/wp-content\/uploads\/2025\/03\/brit-premium-lammas-tatar2-Photoroom.webp\",\"contentUrl\":\"https:\/\/miumjau.ee\/wp-content\/uploads\/2025\/03\/brit-premium-lammas-tatar2-Photoroom.webp\",\"width\":600,\"height\":800,\"caption\":\"Brit Premium konserv koerale\"},{\"@type\":\"BreadcrumbList\",\"@id\":\"https:\/\/miumjau.ee\/fi\/tuote\/brit-premium-by-nature-koiran-sailyke-lammas-ja-tattari-800-g\/#breadcrumb\",\"itemListElement\":[{\"@type\":\"ListItem\",\"position\":1,\"name\":\"Home\",\"item\":\"https:\/\/miumjau.ee\/fi\/\"},{\"@type\":\"ListItem\",\"position\":2,\"name\":\"Kauppa\",\"item\":\"https:\/\/miumjau.ee\/fi\/kauppa\/\"},{\"@type\":\"ListItem\",\"position\":3,\"name\":\"Brit Premium by Nature koiran s\u00e4ilyke \u2013 lammas ja tattari 800 g\"}]},{\"@type\":\"WebSite\",\"@id\":\"https:\/\/miumjau.ee\/#website\",\"url\":\"https:\/\/miumjau.ee\/\",\"name\":\"MiuMjau\",\"description\":\"Kraapimispuud kassidele\",\"publisher\":{\"@id\":\"https:\/\/miumjau.ee\/#organization\"},\"potentialAction\":[{\"@type\":\"SearchAction\",\"target\":{\"@type\":\"EntryPoint\",\"urlTemplate\":\"https:\/\/miumjau.ee\/?s={search_term_string}\"},\"query-input\":{\"@type\":\"PropertyValueSpecification\",\"valueRequired\":true,\"valueName\":\"search_term_string\"}}],\"inLanguage\":\"fi\"},{\"@type\":\"Organization\",\"@id\":\"https:\/\/miumjau.ee\/#organization\",\"name\":\"MiuMjau O\u00dc\",\"url\":\"https:\/\/miumjau.ee\/\",\"logo\":{\"@type\":\"ImageObject\",\"inLanguage\":\"fi\",\"@id\":\"https:\/\/miumjau.ee\/#\/schema\/logo\/image\/\",\"url\":\"https:\/\/miumjau.ee\/wp-content\/uploads\/2022\/04\/MiuMjau-logo-kollane.png\",\"contentUrl\":\"https:\/\/miumjau.ee\/wp-content\/uploads\/2022\/04\/MiuMjau-logo-kollane.png\",\"width\":219,\"height\":100,\"caption\":\"MiuMjau O\u00dc\"},\"image\":{\"@id\":\"https:\/\/miumjau.ee\/#\/schema\/logo\/image\/\"},\"sameAs\":[\"https:\/\/www.facebook.com\/miumjaupood\/\"]}]}<\/script>\n<!-- \/ Yoast SEO plugin. -->","yoast_head_json":{"title":"Brit Premium by Nature koiran s\u00e4ilyke \u2013 lammas ja tattari 800 g - MiuMjau","robots":{"index":"index","follow":"follow","max-snippet":"max-snippet:-1","max-image-preview":"max-image-preview:large","max-video-preview":"max-video-preview:-1"},"canonical":"https:\/\/miumjau.ee\/fi\/tuote\/brit-premium-by-nature-koiran-sailyke-lammas-ja-tattari-800-g\/","og_locale":"fi_FI","og_type":"article","og_title":"Brit Premium by Nature koiran s\u00e4ilyke \u2013 lammas ja tattari 800 g - MiuMjau","og_description":"Brit Premium \u2013 t\u00e4ydellinen ja maukas ruoka koirallesi! Ihanteellinen lis\u00e4 kuivaruualle. Sopii t\u00e4ysravinnoksi, v\u00e4lipalaksi tai maun lis\u00e4\u00e4miseksi kuivaruualle kaikille aikuisille koirille. Parantaa ruokahalua ja nesteytyst\u00e4. Sis\u00e4lt\u00e4\u00e4 kollageenia terveiden nivelten tueksi, lohi\u00f6ljy\u00e4, hedelmi\u00e4 ja yrttej\u00e4. T\u00e4ysravinto kaikille aikuisille koirille. Erinomainen sulavuus ja hieno makuTasapainoinen ravinteiden, vitamiinien ja kivenn\u00e4isaineiden koostumusViljaton \u2013 ei lis\u00e4tty\u00e4 suolaa \u2013 GMO-vapaa Ainesosat: lammas (36 %), kana (22 %), tattari (4 %), omena (1 %), hernejauho, lignoselluloosa, lohi\u00f6ljy (0,5 %). Analyysikoostumus: raakavalkuainen 8,0 %, raakarasva 5,0 %, raakakuitu 0,3 %, raakatuhka 2,7 %, kosteus 78,0 %, kalsium 0,3 %, fosfori 0,3 %, natrium 0,5 %. Ravintolis\u00e4t: A-vitamiini (3a672a) 800 IU, D3-vitamiini (E671) 200 IU, E-vitamiini (3a700) 100 mg, B1-vitamiini (3a821) 1,3 mg, biotiini (3a880) 0,5 mg, sinkki (3b606) 10 mg, rauta 6 mg, mangaani (3b504) 2 mg, jodi (3b201) 0,5 mg. Metabolinen energia: 1 000 kcal\/kg S\u00e4ilytys: S\u00e4ilyt\u00e4 viile\u00e4ss\u00e4 ja kuivassa paikassa. Avattu purkki s\u00e4ilyy j\u00e4\u00e4kaapissa 3 p\u00e4iv\u00e4n ajan.","og_url":"https:\/\/miumjau.ee\/fi\/tuote\/brit-premium-by-nature-koiran-sailyke-lammas-ja-tattari-800-g\/","og_site_name":"MiuMjau","article_publisher":"https:\/\/www.facebook.com\/miumjaupood\/","article_modified_time":"2026-01-07T20:46:42+00:00","og_image":[{"width":600,"height":800,"url":"https:\/\/miumjau.ee\/wp-content\/uploads\/2025\/03\/brit-premium-lammas-tatar2-Photoroom.webp","type":"image\/webp"}],"twitter_card":"summary_large_image","schema":{"@context":"https:\/\/schema.org","@graph":[{"@type":"WebPage","@id":"https:\/\/miumjau.ee\/fi\/tuote\/brit-premium-by-nature-koiran-sailyke-lammas-ja-tattari-800-g\/","url":"https:\/\/miumjau.ee\/fi\/tuote\/brit-premium-by-nature-koiran-sailyke-lammas-ja-tattari-800-g\/","name":"Brit Premium by Nature koiran s\u00e4ilyke \u2013 lammas ja tattari 800 g - MiuMjau","isPartOf":{"@id":"https:\/\/miumjau.ee\/#website"},"primaryImageOfPage":{"@id":"https:\/\/miumjau.ee\/fi\/tuote\/brit-premium-by-nature-koiran-sailyke-lammas-ja-tattari-800-g\/#primaryimage"},"image":{"@id":"https:\/\/miumjau.ee\/fi\/tuote\/brit-premium-by-nature-koiran-sailyke-lammas-ja-tattari-800-g\/#primaryimage"},"thumbnailUrl":"https:\/\/miumjau.ee\/wp-content\/uploads\/2025\/03\/brit-premium-lammas-tatar2-Photoroom.webp","datePublished":"2025-03-31T11:54:59+00:00","dateModified":"2026-01-07T20:46:42+00:00","breadcrumb":{"@id":"https:\/\/miumjau.ee\/fi\/tuote\/brit-premium-by-nature-koiran-sailyke-lammas-ja-tattari-800-g\/#breadcrumb"},"inLanguage":"fi","potentialAction":[{"@type":"ReadAction","target":["https:\/\/miumjau.ee\/fi\/tuote\/brit-premium-by-nature-koiran-sailyke-lammas-ja-tattari-800-g\/"]}]},{"@type":"ImageObject","inLanguage":"fi","@id":"https:\/\/miumjau.ee\/fi\/tuote\/brit-premium-by-nature-koiran-sailyke-lammas-ja-tattari-800-g\/#primaryimage","url":"https:\/\/miumjau.ee\/wp-content\/uploads\/2025\/03\/brit-premium-lammas-tatar2-Photoroom.webp","contentUrl":"https:\/\/miumjau.ee\/wp-content\/uploads\/2025\/03\/brit-premium-lammas-tatar2-Photoroom.webp","width":600,"height":800,"caption":"Brit Premium konserv koerale"},{"@type":"BreadcrumbList","@id":"https:\/\/miumjau.ee\/fi\/tuote\/brit-premium-by-nature-koiran-sailyke-lammas-ja-tattari-800-g\/#breadcrumb","itemListElement":[{"@type":"ListItem","position":1,"name":"Home","item":"https:\/\/miumjau.ee\/fi\/"},{"@type":"ListItem","position":2,"name":"Kauppa","item":"https:\/\/miumjau.ee\/fi\/kauppa\/"},{"@type":"ListItem","position":3,"name":"Brit Premium by Nature koiran s\u00e4ilyke \u2013 lammas ja tattari 800 g"}]},{"@type":"WebSite","@id":"https:\/\/miumjau.ee\/#website","url":"https:\/\/miumjau.ee\/","name":"MiuMjau","description":"Kraapimispuud kassidele","publisher":{"@id":"https:\/\/miumjau.ee\/#organization"},"potentialAction":[{"@type":"SearchAction","target":{"@type":"EntryPoint","urlTemplate":"https:\/\/miumjau.ee\/?s={search_term_string}"},"query-input":{"@type":"PropertyValueSpecification","valueRequired":true,"valueName":"search_term_string"}}],"inLanguage":"fi"},{"@type":"Organization","@id":"https:\/\/miumjau.ee\/#organization","name":"MiuMjau O\u00dc","url":"https:\/\/miumjau.ee\/","logo":{"@type":"ImageObject","inLanguage":"fi","@id":"https:\/\/miumjau.ee\/#\/schema\/logo\/image\/","url":"https:\/\/miumjau.ee\/wp-content\/uploads\/2022\/04\/MiuMjau-logo-kollane.png","contentUrl":"https:\/\/miumjau.ee\/wp-content\/uploads\/2022\/04\/MiuMjau-logo-kollane.png","width":219,"height":100,"caption":"MiuMjau O\u00dc"},"image":{"@id":"https:\/\/miumjau.ee\/#\/schema\/logo\/image\/"},"sameAs":["https:\/\/www.facebook.com\/miumjaupood\/"]}]}},"_links":{"self":[{"href":"https:\/\/miumjau.ee\/fi\/wp-json\/wp\/v2\/product\/45877","targetHints":{"allow":["GET"]}}],"collection":[{"href":"https:\/\/miumjau.ee\/fi\/wp-json\/wp\/v2\/product"}],"about":[{"href":"https:\/\/miumjau.ee\/fi\/wp-json\/wp\/v2\/types\/product"}],"wp:featuredmedia":[{"embeddable":true,"href":"https:\/\/miumjau.ee\/fi\/wp-json\/wp\/v2\/media\/31414"}],"wp:attachment":[{"href":"https:\/\/miumjau.ee\/fi\/wp-json\/wp\/v2\/media?parent=45877"}],"wp:term":[{"taxonomy":"product_brand","embeddable":true,"href":"https:\/\/miumjau.ee\/fi\/wp-json\/wp\/v2\/product_brand?post=45877"},{"taxonomy":"product_cat","embeddable":true,"href":"https:\/\/miumjau.ee\/fi\/wp-json\/wp\/v2\/product_cat?post=45877"},{"taxonomy":"product_tag","embeddable":true,"href":"https:\/\/miumjau.ee\/fi\/wp-json\/wp\/v2\/product_tag?post=45877"}],"curies":[{"name":"wp","href":"https:\/\/api.w.org\/{rel}","templated":true}]}}