{"id":45836,"date":"2025-03-31T15:10:34","date_gmt":"2025-03-31T12:10:34","guid":{"rendered":"https:\/\/miumjau.ee\/toode\/brit-premium-by-nature-koiran-sailykeruoka-kana-ja-sydamet-800-g\/"},"modified":"2026-01-07T22:46:49","modified_gmt":"2026-01-07T20:46:49","slug":"brit-premium-by-nature-koiran-sailykeruoka-kana-ja-sydamet-800-g","status":"publish","type":"product","link":"https:\/\/miumjau.ee\/fi\/tuote\/brit-premium-by-nature-koiran-sailykeruoka-kana-ja-sydamet-800-g\/","title":{"rendered":"Brit Premium by Nature koiran s\u00e4ilykeruoka \u2013 kana ja syd\u00e4met 800 g"},"content":{"rendered":"","protected":false},"excerpt":{"rendered":"<p data-start=\"1273\" data-end=\"1526\">Ihanteellinen lis\u00e4 kuivaruualle. Voidaan k\u00e4ytt\u00e4\u00e4 t\u00e4ysravintona, v\u00e4lipalana tai makulis\u00e4n\u00e4 aikuisille koirille kaikista roduista. Parantaa ruoan maittavuutta ja nesteytyst\u00e4. Sis\u00e4lt\u00e4\u00e4 immuunij\u00e4rjestelm\u00e4\u00e4 tukevia mustikoita, lohi\u00f6ljy\u00e4, hedelmi\u00e4 ja yrttej\u00e4.<\/p>\n<p data-start=\"1528\" data-end=\"1607\">T\u00e4ysravinto aikuisille koirille kaikista roduista. Lihaisa pateekanansyd\u00e4mill\u00e4.<\/p>\n<p data-start=\"1609\" data-end=\"1771\"><strong data-start=\"1609\" data-end=\"1647\">Erinomainen sulavuus ja hieno maku<\/strong><br data-start=\"1647\" data-end=\"1650\" \/><strong data-start=\"1650\" data-end=\"1723\">Tasapainoinen ravinteiden, vitamiinien ja kivenn\u00e4isaineiden koostumus<\/strong><br data-start=\"1723\" data-end=\"1726\" \/><strong data-start=\"1726\" data-end=\"1771\">Viljaton \u2013 ei lis\u00e4tty\u00e4 suolaa \u2013 GMO-vapaa<\/strong><\/p>\n<p data-start=\"1773\" data-end=\"1892\"><strong data-start=\"1773\" data-end=\"1787\">Ainesosat:<\/strong> kana (58 %), kanansyd\u00e4met (4 %), kuivatut mustikat (1 %), hernejauho, lignoselluloosa, lohi\u00f6ljy (0,5 %).<\/p>\n<p data-start=\"1894\" data-end=\"2054\"><strong data-start=\"1894\" data-end=\"1916\">Analyysikoostumus:<\/strong> raakavalkuainen 8,0 %, raakarasva 6,0 %, raakakuitu 0,4 %, raakatuhka 2,9 %, kosteus 78,0 %, kalsium 0,3 %, fosfori 0,3 %, natrium 0,5 %.<\/p>\n<p data-start=\"2056\" data-end=\"2288\"><strong data-start=\"2056\" data-end=\"2073\">Ravintolis\u00e4t:<\/strong> A-vitamiini (3a672a) 800 IU, D3-vitamiini (E671) 200 IU, E-vitamiini (3a700) 100 mg, B1-vitamiini (3a821) 1,3 mg, biotiini (3a880) 0,5 mg, sinkki (3b606) 10 mg, rauta 6 mg, kupari (3b502) 2 mg, jodi (3b201) 0,5 mg.<\/p>\n<p data-start=\"2290\" data-end=\"2328\"><strong data-start=\"2290\" data-end=\"2314\">Metabolinen energia:<\/strong> 1030 kcal\/kg.<\/p>\n","protected":false},"featured_media":31386,"template":"","meta":[],"product_brand":[],"product_cat":[479],"product_tag":[],"class_list":{"0":"post-45836","1":"product","2":"type-product","3":"status-publish","4":"has-post-thumbnail","6":"product_cat-markaruoka-koirille","8":"first","9":"instock","10":"taxable","11":"shipping-taxable","12":"purchasable","13":"product-type-simple"},"yoast_head":"<!-- This site is optimized with the Yoast SEO plugin v27.2 - https:\/\/yoast.com\/product\/yoast-seo-wordpress\/ -->\n<title>Brit Premium by Nature koiran s\u00e4ilykeruoka \u2013 kana ja syd\u00e4met 800 g - MiuMjau<\/title>\n<meta name=\"robots\" content=\"index, follow, max-snippet:-1, max-image-preview:large, max-video-preview:-1\" \/>\n<link rel=\"canonical\" href=\"https:\/\/miumjau.ee\/fi\/tuote\/brit-premium-by-nature-koiran-sailykeruoka-kana-ja-sydamet-800-g\/\" \/>\n<meta property=\"og:locale\" content=\"fi_FI\" \/>\n<meta property=\"og:type\" content=\"article\" \/>\n<meta property=\"og:title\" content=\"Brit Premium by Nature koiran s\u00e4ilykeruoka \u2013 kana ja syd\u00e4met 800 g - MiuMjau\" \/>\n<meta property=\"og:description\" content=\"Ihanteellinen lis\u00e4 kuivaruualle. Voidaan k\u00e4ytt\u00e4\u00e4 t\u00e4ysravintona, v\u00e4lipalana tai makulis\u00e4n\u00e4 aikuisille koirille kaikista roduista. Parantaa ruoan maittavuutta ja nesteytyst\u00e4. Sis\u00e4lt\u00e4\u00e4 immuunij\u00e4rjestelm\u00e4\u00e4 tukevia mustikoita, lohi\u00f6ljy\u00e4, hedelmi\u00e4 ja yrttej\u00e4. T\u00e4ysravinto aikuisille koirille kaikista roduista. Lihaisa pateekanansyd\u00e4mill\u00e4. Erinomainen sulavuus ja hieno makuTasapainoinen ravinteiden, vitamiinien ja kivenn\u00e4isaineiden koostumusViljaton \u2013 ei lis\u00e4tty\u00e4 suolaa \u2013 GMO-vapaa Ainesosat: kana (58 %), kanansyd\u00e4met (4 %), kuivatut mustikat (1 %), hernejauho, lignoselluloosa, lohi\u00f6ljy (0,5 %). Analyysikoostumus: raakavalkuainen 8,0 %, raakarasva 6,0 %, raakakuitu 0,4 %, raakatuhka 2,9 %, kosteus 78,0 %, kalsium 0,3 %, fosfori 0,3 %, natrium 0,5 %. Ravintolis\u00e4t: A-vitamiini (3a672a) 800 IU, D3-vitamiini (E671) 200 IU, E-vitamiini (3a700) 100 mg, B1-vitamiini (3a821) 1,3 mg, biotiini (3a880) 0,5 mg, sinkki (3b606) 10 mg, rauta 6 mg, kupari (3b502) 2 mg, jodi (3b201) 0,5 mg. Metabolinen energia: 1030 kcal\/kg.\" \/>\n<meta property=\"og:url\" content=\"https:\/\/miumjau.ee\/fi\/tuote\/brit-premium-by-nature-koiran-sailykeruoka-kana-ja-sydamet-800-g\/\" \/>\n<meta property=\"og:site_name\" content=\"MiuMjau\" \/>\n<meta property=\"article:publisher\" content=\"https:\/\/www.facebook.com\/miumjaupood\/\" \/>\n<meta property=\"article:modified_time\" content=\"2026-01-07T20:46:49+00:00\" \/>\n<meta property=\"og:image\" content=\"https:\/\/miumjau.ee\/wp-content\/uploads\/2025\/03\/brit-premium-koeratoit-kana-suda2-Photoroom.webp\" \/>\n\t<meta property=\"og:image:width\" content=\"600\" \/>\n\t<meta property=\"og:image:height\" content=\"800\" \/>\n\t<meta property=\"og:image:type\" content=\"image\/webp\" \/>\n<meta name=\"twitter:card\" content=\"summary_large_image\" \/>\n<script type=\"application\/ld+json\" class=\"yoast-schema-graph\">{\"@context\":\"https:\/\/schema.org\",\"@graph\":[{\"@type\":\"WebPage\",\"@id\":\"https:\/\/miumjau.ee\/fi\/tuote\/brit-premium-by-nature-koiran-sailykeruoka-kana-ja-sydamet-800-g\/\",\"url\":\"https:\/\/miumjau.ee\/fi\/tuote\/brit-premium-by-nature-koiran-sailykeruoka-kana-ja-sydamet-800-g\/\",\"name\":\"Brit Premium by Nature koiran s\u00e4ilykeruoka \u2013 kana ja syd\u00e4met 800 g - MiuMjau\",\"isPartOf\":{\"@id\":\"https:\/\/miumjau.ee\/#website\"},\"primaryImageOfPage\":{\"@id\":\"https:\/\/miumjau.ee\/fi\/tuote\/brit-premium-by-nature-koiran-sailykeruoka-kana-ja-sydamet-800-g\/#primaryimage\"},\"image\":{\"@id\":\"https:\/\/miumjau.ee\/fi\/tuote\/brit-premium-by-nature-koiran-sailykeruoka-kana-ja-sydamet-800-g\/#primaryimage\"},\"thumbnailUrl\":\"https:\/\/miumjau.ee\/wp-content\/uploads\/2025\/03\/brit-premium-koeratoit-kana-suda2-Photoroom.webp\",\"datePublished\":\"2025-03-31T12:10:34+00:00\",\"dateModified\":\"2026-01-07T20:46:49+00:00\",\"breadcrumb\":{\"@id\":\"https:\/\/miumjau.ee\/fi\/tuote\/brit-premium-by-nature-koiran-sailykeruoka-kana-ja-sydamet-800-g\/#breadcrumb\"},\"inLanguage\":\"fi\",\"potentialAction\":[{\"@type\":\"ReadAction\",\"target\":[\"https:\/\/miumjau.ee\/fi\/tuote\/brit-premium-by-nature-koiran-sailykeruoka-kana-ja-sydamet-800-g\/\"]}]},{\"@type\":\"ImageObject\",\"inLanguage\":\"fi\",\"@id\":\"https:\/\/miumjau.ee\/fi\/tuote\/brit-premium-by-nature-koiran-sailykeruoka-kana-ja-sydamet-800-g\/#primaryimage\",\"url\":\"https:\/\/miumjau.ee\/wp-content\/uploads\/2025\/03\/brit-premium-koeratoit-kana-suda2-Photoroom.webp\",\"contentUrl\":\"https:\/\/miumjau.ee\/wp-content\/uploads\/2025\/03\/brit-premium-koeratoit-kana-suda2-Photoroom.webp\",\"width\":600,\"height\":800,\"caption\":\"Brit Premium koeratoit - konserv\"},{\"@type\":\"BreadcrumbList\",\"@id\":\"https:\/\/miumjau.ee\/fi\/tuote\/brit-premium-by-nature-koiran-sailykeruoka-kana-ja-sydamet-800-g\/#breadcrumb\",\"itemListElement\":[{\"@type\":\"ListItem\",\"position\":1,\"name\":\"Home\",\"item\":\"https:\/\/miumjau.ee\/fi\/\"},{\"@type\":\"ListItem\",\"position\":2,\"name\":\"Kauppa\",\"item\":\"https:\/\/miumjau.ee\/fi\/kauppa\/\"},{\"@type\":\"ListItem\",\"position\":3,\"name\":\"Brit Premium by Nature koiran s\u00e4ilykeruoka \u2013 kana ja syd\u00e4met 800 g\"}]},{\"@type\":\"WebSite\",\"@id\":\"https:\/\/miumjau.ee\/#website\",\"url\":\"https:\/\/miumjau.ee\/\",\"name\":\"MiuMjau\",\"description\":\"Kraapimispuud kassidele\",\"publisher\":{\"@id\":\"https:\/\/miumjau.ee\/#organization\"},\"potentialAction\":[{\"@type\":\"SearchAction\",\"target\":{\"@type\":\"EntryPoint\",\"urlTemplate\":\"https:\/\/miumjau.ee\/?s={search_term_string}\"},\"query-input\":{\"@type\":\"PropertyValueSpecification\",\"valueRequired\":true,\"valueName\":\"search_term_string\"}}],\"inLanguage\":\"fi\"},{\"@type\":\"Organization\",\"@id\":\"https:\/\/miumjau.ee\/#organization\",\"name\":\"MiuMjau O\u00dc\",\"url\":\"https:\/\/miumjau.ee\/\",\"logo\":{\"@type\":\"ImageObject\",\"inLanguage\":\"fi\",\"@id\":\"https:\/\/miumjau.ee\/#\/schema\/logo\/image\/\",\"url\":\"https:\/\/miumjau.ee\/wp-content\/uploads\/2022\/04\/MiuMjau-logo-kollane.png\",\"contentUrl\":\"https:\/\/miumjau.ee\/wp-content\/uploads\/2022\/04\/MiuMjau-logo-kollane.png\",\"width\":219,\"height\":100,\"caption\":\"MiuMjau O\u00dc\"},\"image\":{\"@id\":\"https:\/\/miumjau.ee\/#\/schema\/logo\/image\/\"},\"sameAs\":[\"https:\/\/www.facebook.com\/miumjaupood\/\"]}]}<\/script>\n<!-- \/ Yoast SEO plugin. -->","yoast_head_json":{"title":"Brit Premium by Nature koiran s\u00e4ilykeruoka \u2013 kana ja syd\u00e4met 800 g - MiuMjau","robots":{"index":"index","follow":"follow","max-snippet":"max-snippet:-1","max-image-preview":"max-image-preview:large","max-video-preview":"max-video-preview:-1"},"canonical":"https:\/\/miumjau.ee\/fi\/tuote\/brit-premium-by-nature-koiran-sailykeruoka-kana-ja-sydamet-800-g\/","og_locale":"fi_FI","og_type":"article","og_title":"Brit Premium by Nature koiran s\u00e4ilykeruoka \u2013 kana ja syd\u00e4met 800 g - MiuMjau","og_description":"Ihanteellinen lis\u00e4 kuivaruualle. Voidaan k\u00e4ytt\u00e4\u00e4 t\u00e4ysravintona, v\u00e4lipalana tai makulis\u00e4n\u00e4 aikuisille koirille kaikista roduista. Parantaa ruoan maittavuutta ja nesteytyst\u00e4. Sis\u00e4lt\u00e4\u00e4 immuunij\u00e4rjestelm\u00e4\u00e4 tukevia mustikoita, lohi\u00f6ljy\u00e4, hedelmi\u00e4 ja yrttej\u00e4. T\u00e4ysravinto aikuisille koirille kaikista roduista. Lihaisa pateekanansyd\u00e4mill\u00e4. Erinomainen sulavuus ja hieno makuTasapainoinen ravinteiden, vitamiinien ja kivenn\u00e4isaineiden koostumusViljaton \u2013 ei lis\u00e4tty\u00e4 suolaa \u2013 GMO-vapaa Ainesosat: kana (58 %), kanansyd\u00e4met (4 %), kuivatut mustikat (1 %), hernejauho, lignoselluloosa, lohi\u00f6ljy (0,5 %). Analyysikoostumus: raakavalkuainen 8,0 %, raakarasva 6,0 %, raakakuitu 0,4 %, raakatuhka 2,9 %, kosteus 78,0 %, kalsium 0,3 %, fosfori 0,3 %, natrium 0,5 %. Ravintolis\u00e4t: A-vitamiini (3a672a) 800 IU, D3-vitamiini (E671) 200 IU, E-vitamiini (3a700) 100 mg, B1-vitamiini (3a821) 1,3 mg, biotiini (3a880) 0,5 mg, sinkki (3b606) 10 mg, rauta 6 mg, kupari (3b502) 2 mg, jodi (3b201) 0,5 mg. Metabolinen energia: 1030 kcal\/kg.","og_url":"https:\/\/miumjau.ee\/fi\/tuote\/brit-premium-by-nature-koiran-sailykeruoka-kana-ja-sydamet-800-g\/","og_site_name":"MiuMjau","article_publisher":"https:\/\/www.facebook.com\/miumjaupood\/","article_modified_time":"2026-01-07T20:46:49+00:00","og_image":[{"width":600,"height":800,"url":"https:\/\/miumjau.ee\/wp-content\/uploads\/2025\/03\/brit-premium-koeratoit-kana-suda2-Photoroom.webp","type":"image\/webp"}],"twitter_card":"summary_large_image","schema":{"@context":"https:\/\/schema.org","@graph":[{"@type":"WebPage","@id":"https:\/\/miumjau.ee\/fi\/tuote\/brit-premium-by-nature-koiran-sailykeruoka-kana-ja-sydamet-800-g\/","url":"https:\/\/miumjau.ee\/fi\/tuote\/brit-premium-by-nature-koiran-sailykeruoka-kana-ja-sydamet-800-g\/","name":"Brit Premium by Nature koiran s\u00e4ilykeruoka \u2013 kana ja syd\u00e4met 800 g - MiuMjau","isPartOf":{"@id":"https:\/\/miumjau.ee\/#website"},"primaryImageOfPage":{"@id":"https:\/\/miumjau.ee\/fi\/tuote\/brit-premium-by-nature-koiran-sailykeruoka-kana-ja-sydamet-800-g\/#primaryimage"},"image":{"@id":"https:\/\/miumjau.ee\/fi\/tuote\/brit-premium-by-nature-koiran-sailykeruoka-kana-ja-sydamet-800-g\/#primaryimage"},"thumbnailUrl":"https:\/\/miumjau.ee\/wp-content\/uploads\/2025\/03\/brit-premium-koeratoit-kana-suda2-Photoroom.webp","datePublished":"2025-03-31T12:10:34+00:00","dateModified":"2026-01-07T20:46:49+00:00","breadcrumb":{"@id":"https:\/\/miumjau.ee\/fi\/tuote\/brit-premium-by-nature-koiran-sailykeruoka-kana-ja-sydamet-800-g\/#breadcrumb"},"inLanguage":"fi","potentialAction":[{"@type":"ReadAction","target":["https:\/\/miumjau.ee\/fi\/tuote\/brit-premium-by-nature-koiran-sailykeruoka-kana-ja-sydamet-800-g\/"]}]},{"@type":"ImageObject","inLanguage":"fi","@id":"https:\/\/miumjau.ee\/fi\/tuote\/brit-premium-by-nature-koiran-sailykeruoka-kana-ja-sydamet-800-g\/#primaryimage","url":"https:\/\/miumjau.ee\/wp-content\/uploads\/2025\/03\/brit-premium-koeratoit-kana-suda2-Photoroom.webp","contentUrl":"https:\/\/miumjau.ee\/wp-content\/uploads\/2025\/03\/brit-premium-koeratoit-kana-suda2-Photoroom.webp","width":600,"height":800,"caption":"Brit Premium koeratoit - konserv"},{"@type":"BreadcrumbList","@id":"https:\/\/miumjau.ee\/fi\/tuote\/brit-premium-by-nature-koiran-sailykeruoka-kana-ja-sydamet-800-g\/#breadcrumb","itemListElement":[{"@type":"ListItem","position":1,"name":"Home","item":"https:\/\/miumjau.ee\/fi\/"},{"@type":"ListItem","position":2,"name":"Kauppa","item":"https:\/\/miumjau.ee\/fi\/kauppa\/"},{"@type":"ListItem","position":3,"name":"Brit Premium by Nature koiran s\u00e4ilykeruoka \u2013 kana ja syd\u00e4met 800 g"}]},{"@type":"WebSite","@id":"https:\/\/miumjau.ee\/#website","url":"https:\/\/miumjau.ee\/","name":"MiuMjau","description":"Kraapimispuud kassidele","publisher":{"@id":"https:\/\/miumjau.ee\/#organization"},"potentialAction":[{"@type":"SearchAction","target":{"@type":"EntryPoint","urlTemplate":"https:\/\/miumjau.ee\/?s={search_term_string}"},"query-input":{"@type":"PropertyValueSpecification","valueRequired":true,"valueName":"search_term_string"}}],"inLanguage":"fi"},{"@type":"Organization","@id":"https:\/\/miumjau.ee\/#organization","name":"MiuMjau O\u00dc","url":"https:\/\/miumjau.ee\/","logo":{"@type":"ImageObject","inLanguage":"fi","@id":"https:\/\/miumjau.ee\/#\/schema\/logo\/image\/","url":"https:\/\/miumjau.ee\/wp-content\/uploads\/2022\/04\/MiuMjau-logo-kollane.png","contentUrl":"https:\/\/miumjau.ee\/wp-content\/uploads\/2022\/04\/MiuMjau-logo-kollane.png","width":219,"height":100,"caption":"MiuMjau O\u00dc"},"image":{"@id":"https:\/\/miumjau.ee\/#\/schema\/logo\/image\/"},"sameAs":["https:\/\/www.facebook.com\/miumjaupood\/"]}]}},"_links":{"self":[{"href":"https:\/\/miumjau.ee\/fi\/wp-json\/wp\/v2\/product\/45836","targetHints":{"allow":["GET"]}}],"collection":[{"href":"https:\/\/miumjau.ee\/fi\/wp-json\/wp\/v2\/product"}],"about":[{"href":"https:\/\/miumjau.ee\/fi\/wp-json\/wp\/v2\/types\/product"}],"wp:featuredmedia":[{"embeddable":true,"href":"https:\/\/miumjau.ee\/fi\/wp-json\/wp\/v2\/media\/31386"}],"wp:attachment":[{"href":"https:\/\/miumjau.ee\/fi\/wp-json\/wp\/v2\/media?parent=45836"}],"wp:term":[{"taxonomy":"product_brand","embeddable":true,"href":"https:\/\/miumjau.ee\/fi\/wp-json\/wp\/v2\/product_brand?post=45836"},{"taxonomy":"product_cat","embeddable":true,"href":"https:\/\/miumjau.ee\/fi\/wp-json\/wp\/v2\/product_cat?post=45836"},{"taxonomy":"product_tag","embeddable":true,"href":"https:\/\/miumjau.ee\/fi\/wp-json\/wp\/v2\/product_tag?post=45836"}],"curies":[{"name":"wp","href":"https:\/\/api.w.org\/{rel}","templated":true}]}}