{"id":45830,"date":"2025-04-28T12:20:30","date_gmt":"2025-04-28T09:20:30","guid":{"rendered":"https:\/\/miumjau.ee\/toode\/kennels-favourite-koiran-sailykeruoka-naudasta-1240-g\/"},"modified":"2026-01-07T22:46:49","modified_gmt":"2026-01-07T20:46:49","slug":"kennels-favourite-koiran-sailykeruoka-naudasta-1240-g","status":"publish","type":"product","link":"https:\/\/miumjau.ee\/fi\/tuote\/kennels-favourite-koiran-sailykeruoka-naudasta-1240-g\/","title":{"rendered":"Kennels Favourite koiran s\u00e4ilykeruoka naudasta 1240 g"},"content":{"rendered":"","protected":false},"excerpt":{"rendered":"<p data-start=\"1569\" data-end=\"1876\">Kennels Favourite -s\u00e4ilykeruoat ovat vitamiineilla rikastettuja ja viljattomia. T\u00e4m\u00e4 t\u00e4ysravintona toimiva mehukas s\u00e4ilyke t\u00e4ydent\u00e4\u00e4 koirasi ruokavaliota erinomaisesti. Sopii hyvin kuivaruoan vaihteluksi tai lisukkeeksi. Ruoassa on 93 kcal \/ 100 g. Ei lis\u00e4ttyj\u00e4 s\u00e4il\u00f6nt\u00e4aineita, v\u00e4riaineita tai makuaineita.<\/p>\n<p data-start=\"1878\" data-end=\"2006\"><strong data-start=\"1878\" data-end=\"1892\">Ainesosat:<\/strong> liha ja el\u00e4inper\u00e4iset tuotteet (v\u00e4hint\u00e4\u00e4n 4 % nautaa), kasviper\u00e4iset johdannaiset, vitamiinit ja kivenn\u00e4isaineet.<\/p>\n<p data-start=\"2008\" data-end=\"2357\"><strong data-start=\"2008\" data-end=\"2055\">Lis\u00e4aineet (ravitsemukselliset lis\u00e4aineet):<\/strong> A-vitamiini 2250 IU\/kg, D3-vitamiini 328 IU\/kg, E-vitamiini 26 mg\/kg, sinkkisulfaattimonohydraatti 24,0 mg\/kg, rautasulfaattimonohydraatti 12,5 mg\/kg, kuparisulfaattipentahydraatti 2,50 mg\/kg, mangaanisulfaattimonohydraatti 2,00 mg\/kg, natriumseleniitti 0,04 mg\/kg, kalsiumjodaatti vedet\u00f6n 0,45 mg\/kg.<\/p>\n<p data-start=\"2359\" data-end=\"2473\"><strong data-start=\"2359\" data-end=\"2381\">Analyysikoostumus:<\/strong> raakavalkuainen 10,0 %, raakarasva 6,0 %, raakatuhka 3,0 %, raakakuitu 0,4 %, kosteus 80 %.<\/p>\n<p data-start=\"2475\" data-end=\"2740\"><strong data-start=\"2475\" data-end=\"2492\">Ruokintaohje:<\/strong> Keskikokoinen pentu tarvitsee p\u00e4ivitt\u00e4in \u00be\u2013\u00bd purkkia, jaettuna v\u00e4hint\u00e4\u00e4n kahteen ateriaan. Suuren rodun pentu tarvitsee 1\u20131\u2153 purkkia p\u00e4iv\u00e4ss\u00e4. Eritt\u00e4in suuren rodun pentu tarvitsee 1\u00bd\u20132\u00bc purkkia p\u00e4iv\u00e4ss\u00e4. Raikasta vett\u00e4 tulee aina olla saatavilla.<\/p>\n<p data-start=\"2742\" data-end=\"2948\"><strong data-start=\"2742\" data-end=\"2755\">S\u00e4ilytys:<\/strong> S\u00e4ilyt\u00e4 viile\u00e4ss\u00e4 ja kuivassa paikassa. Avattuna s\u00e4ilyt\u00e4 sis\u00e4lt\u00f6\u00e4 kannellisessa astiassa j\u00e4\u00e4kaapissa ja k\u00e4yt\u00e4 48 tunnin kuluessa. Paras tarjoilla huoneenl\u00e4mp\u00f6isen\u00e4. Tarjoile puhtaasta kupista.<\/p>\n","protected":false},"featured_media":33303,"template":"","meta":[],"product_brand":[],"product_cat":[479],"product_tag":[],"class_list":{"0":"post-45830","1":"product","2":"type-product","3":"status-publish","4":"has-post-thumbnail","6":"product_cat-markaruoka-koirille","8":"first","9":"instock","10":"sale","11":"taxable","12":"shipping-taxable","13":"purchasable","14":"product-type-simple"},"yoast_head":"<!-- This site is optimized with the Yoast SEO plugin v27.2 - https:\/\/yoast.com\/product\/yoast-seo-wordpress\/ -->\n<title>Kennels Favourite koiran s\u00e4ilykeruoka naudasta 1240 g - MiuMjau<\/title>\n<meta name=\"robots\" content=\"index, follow, max-snippet:-1, max-image-preview:large, max-video-preview:-1\" \/>\n<link rel=\"canonical\" href=\"https:\/\/miumjau.ee\/fi\/tuote\/kennels-favourite-koiran-sailykeruoka-naudasta-1240-g\/\" \/>\n<meta property=\"og:locale\" content=\"fi_FI\" \/>\n<meta property=\"og:type\" content=\"article\" \/>\n<meta property=\"og:title\" content=\"Kennels Favourite koiran s\u00e4ilykeruoka naudasta 1240 g - MiuMjau\" \/>\n<meta property=\"og:description\" content=\"Kennels Favourite -s\u00e4ilykeruoat ovat vitamiineilla rikastettuja ja viljattomia. T\u00e4m\u00e4 t\u00e4ysravintona toimiva mehukas s\u00e4ilyke t\u00e4ydent\u00e4\u00e4 koirasi ruokavaliota erinomaisesti. Sopii hyvin kuivaruoan vaihteluksi tai lisukkeeksi. Ruoassa on 93 kcal \/ 100 g. Ei lis\u00e4ttyj\u00e4 s\u00e4il\u00f6nt\u00e4aineita, v\u00e4riaineita tai makuaineita. Ainesosat: liha ja el\u00e4inper\u00e4iset tuotteet (v\u00e4hint\u00e4\u00e4n 4 % nautaa), kasviper\u00e4iset johdannaiset, vitamiinit ja kivenn\u00e4isaineet. Lis\u00e4aineet (ravitsemukselliset lis\u00e4aineet): A-vitamiini 2250 IU\/kg, D3-vitamiini 328 IU\/kg, E-vitamiini 26 mg\/kg, sinkkisulfaattimonohydraatti 24,0 mg\/kg, rautasulfaattimonohydraatti 12,5 mg\/kg, kuparisulfaattipentahydraatti 2,50 mg\/kg, mangaanisulfaattimonohydraatti 2,00 mg\/kg, natriumseleniitti 0,04 mg\/kg, kalsiumjodaatti vedet\u00f6n 0,45 mg\/kg. Analyysikoostumus: raakavalkuainen 10,0 %, raakarasva 6,0 %, raakatuhka 3,0 %, raakakuitu 0,4 %, kosteus 80 %. Ruokintaohje: Keskikokoinen pentu tarvitsee p\u00e4ivitt\u00e4in \u00be\u2013\u00bd purkkia, jaettuna v\u00e4hint\u00e4\u00e4n kahteen ateriaan. Suuren rodun pentu tarvitsee 1\u20131\u2153 purkkia p\u00e4iv\u00e4ss\u00e4. Eritt\u00e4in suuren rodun pentu tarvitsee 1\u00bd\u20132\u00bc purkkia p\u00e4iv\u00e4ss\u00e4. Raikasta vett\u00e4 tulee aina olla saatavilla. S\u00e4ilytys: S\u00e4ilyt\u00e4 viile\u00e4ss\u00e4 ja kuivassa paikassa. Avattuna s\u00e4ilyt\u00e4 sis\u00e4lt\u00f6\u00e4 kannellisessa astiassa j\u00e4\u00e4kaapissa ja k\u00e4yt\u00e4 48 tunnin kuluessa. Paras tarjoilla huoneenl\u00e4mp\u00f6isen\u00e4. Tarjoile puhtaasta kupista.\" \/>\n<meta property=\"og:url\" content=\"https:\/\/miumjau.ee\/fi\/tuote\/kennels-favourite-koiran-sailykeruoka-naudasta-1240-g\/\" \/>\n<meta property=\"og:site_name\" content=\"MiuMjau\" \/>\n<meta property=\"article:publisher\" content=\"https:\/\/www.facebook.com\/miumjaupood\/\" \/>\n<meta property=\"article:modified_time\" content=\"2026-01-07T20:46:49+00:00\" \/>\n<meta property=\"og:image\" content=\"https:\/\/miumjau.ee\/wp-content\/uploads\/2025\/04\/kennels-favourite-konserv-koerale7-Photoroom.webp\" \/>\n\t<meta property=\"og:image:width\" content=\"600\" \/>\n\t<meta property=\"og:image:height\" content=\"800\" \/>\n\t<meta property=\"og:image:type\" content=\"image\/webp\" \/>\n<meta name=\"twitter:card\" content=\"summary_large_image\" \/>\n<script type=\"application\/ld+json\" class=\"yoast-schema-graph\">{\"@context\":\"https:\/\/schema.org\",\"@graph\":[{\"@type\":\"WebPage\",\"@id\":\"https:\/\/miumjau.ee\/fi\/tuote\/kennels-favourite-koiran-sailykeruoka-naudasta-1240-g\/\",\"url\":\"https:\/\/miumjau.ee\/fi\/tuote\/kennels-favourite-koiran-sailykeruoka-naudasta-1240-g\/\",\"name\":\"Kennels Favourite koiran s\u00e4ilykeruoka naudasta 1240 g - MiuMjau\",\"isPartOf\":{\"@id\":\"https:\/\/miumjau.ee\/#website\"},\"primaryImageOfPage\":{\"@id\":\"https:\/\/miumjau.ee\/fi\/tuote\/kennels-favourite-koiran-sailykeruoka-naudasta-1240-g\/#primaryimage\"},\"image\":{\"@id\":\"https:\/\/miumjau.ee\/fi\/tuote\/kennels-favourite-koiran-sailykeruoka-naudasta-1240-g\/#primaryimage\"},\"thumbnailUrl\":\"https:\/\/miumjau.ee\/wp-content\/uploads\/2025\/04\/kennels-favourite-konserv-koerale7-Photoroom.webp\",\"datePublished\":\"2025-04-28T09:20:30+00:00\",\"dateModified\":\"2026-01-07T20:46:49+00:00\",\"breadcrumb\":{\"@id\":\"https:\/\/miumjau.ee\/fi\/tuote\/kennels-favourite-koiran-sailykeruoka-naudasta-1240-g\/#breadcrumb\"},\"inLanguage\":\"fi\",\"potentialAction\":[{\"@type\":\"ReadAction\",\"target\":[\"https:\/\/miumjau.ee\/fi\/tuote\/kennels-favourite-koiran-sailykeruoka-naudasta-1240-g\/\"]}]},{\"@type\":\"ImageObject\",\"inLanguage\":\"fi\",\"@id\":\"https:\/\/miumjau.ee\/fi\/tuote\/kennels-favourite-koiran-sailykeruoka-naudasta-1240-g\/#primaryimage\",\"url\":\"https:\/\/miumjau.ee\/wp-content\/uploads\/2025\/04\/kennels-favourite-konserv-koerale7-Photoroom.webp\",\"contentUrl\":\"https:\/\/miumjau.ee\/wp-content\/uploads\/2025\/04\/kennels-favourite-konserv-koerale7-Photoroom.webp\",\"width\":600,\"height\":800,\"caption\":\"Kennels Favourite konserv koertele veiselihaga 410g\"},{\"@type\":\"BreadcrumbList\",\"@id\":\"https:\/\/miumjau.ee\/fi\/tuote\/kennels-favourite-koiran-sailykeruoka-naudasta-1240-g\/#breadcrumb\",\"itemListElement\":[{\"@type\":\"ListItem\",\"position\":1,\"name\":\"Home\",\"item\":\"https:\/\/miumjau.ee\/fi\/\"},{\"@type\":\"ListItem\",\"position\":2,\"name\":\"Kauppa\",\"item\":\"https:\/\/miumjau.ee\/fi\/kauppa\/\"},{\"@type\":\"ListItem\",\"position\":3,\"name\":\"Kennels Favourite koiran s\u00e4ilykeruoka naudasta 1240 g\"}]},{\"@type\":\"WebSite\",\"@id\":\"https:\/\/miumjau.ee\/#website\",\"url\":\"https:\/\/miumjau.ee\/\",\"name\":\"MiuMjau\",\"description\":\"Kraapimispuud kassidele\",\"publisher\":{\"@id\":\"https:\/\/miumjau.ee\/#organization\"},\"potentialAction\":[{\"@type\":\"SearchAction\",\"target\":{\"@type\":\"EntryPoint\",\"urlTemplate\":\"https:\/\/miumjau.ee\/?s={search_term_string}\"},\"query-input\":{\"@type\":\"PropertyValueSpecification\",\"valueRequired\":true,\"valueName\":\"search_term_string\"}}],\"inLanguage\":\"fi\"},{\"@type\":\"Organization\",\"@id\":\"https:\/\/miumjau.ee\/#organization\",\"name\":\"MiuMjau O\u00dc\",\"url\":\"https:\/\/miumjau.ee\/\",\"logo\":{\"@type\":\"ImageObject\",\"inLanguage\":\"fi\",\"@id\":\"https:\/\/miumjau.ee\/#\/schema\/logo\/image\/\",\"url\":\"https:\/\/miumjau.ee\/wp-content\/uploads\/2022\/04\/MiuMjau-logo-kollane.png\",\"contentUrl\":\"https:\/\/miumjau.ee\/wp-content\/uploads\/2022\/04\/MiuMjau-logo-kollane.png\",\"width\":219,\"height\":100,\"caption\":\"MiuMjau O\u00dc\"},\"image\":{\"@id\":\"https:\/\/miumjau.ee\/#\/schema\/logo\/image\/\"},\"sameAs\":[\"https:\/\/www.facebook.com\/miumjaupood\/\"]}]}<\/script>\n<!-- \/ Yoast SEO plugin. -->","yoast_head_json":{"title":"Kennels Favourite koiran s\u00e4ilykeruoka naudasta 1240 g - MiuMjau","robots":{"index":"index","follow":"follow","max-snippet":"max-snippet:-1","max-image-preview":"max-image-preview:large","max-video-preview":"max-video-preview:-1"},"canonical":"https:\/\/miumjau.ee\/fi\/tuote\/kennels-favourite-koiran-sailykeruoka-naudasta-1240-g\/","og_locale":"fi_FI","og_type":"article","og_title":"Kennels Favourite koiran s\u00e4ilykeruoka naudasta 1240 g - MiuMjau","og_description":"Kennels Favourite -s\u00e4ilykeruoat ovat vitamiineilla rikastettuja ja viljattomia. T\u00e4m\u00e4 t\u00e4ysravintona toimiva mehukas s\u00e4ilyke t\u00e4ydent\u00e4\u00e4 koirasi ruokavaliota erinomaisesti. Sopii hyvin kuivaruoan vaihteluksi tai lisukkeeksi. Ruoassa on 93 kcal \/ 100 g. Ei lis\u00e4ttyj\u00e4 s\u00e4il\u00f6nt\u00e4aineita, v\u00e4riaineita tai makuaineita. Ainesosat: liha ja el\u00e4inper\u00e4iset tuotteet (v\u00e4hint\u00e4\u00e4n 4 % nautaa), kasviper\u00e4iset johdannaiset, vitamiinit ja kivenn\u00e4isaineet. Lis\u00e4aineet (ravitsemukselliset lis\u00e4aineet): A-vitamiini 2250 IU\/kg, D3-vitamiini 328 IU\/kg, E-vitamiini 26 mg\/kg, sinkkisulfaattimonohydraatti 24,0 mg\/kg, rautasulfaattimonohydraatti 12,5 mg\/kg, kuparisulfaattipentahydraatti 2,50 mg\/kg, mangaanisulfaattimonohydraatti 2,00 mg\/kg, natriumseleniitti 0,04 mg\/kg, kalsiumjodaatti vedet\u00f6n 0,45 mg\/kg. Analyysikoostumus: raakavalkuainen 10,0 %, raakarasva 6,0 %, raakatuhka 3,0 %, raakakuitu 0,4 %, kosteus 80 %. Ruokintaohje: Keskikokoinen pentu tarvitsee p\u00e4ivitt\u00e4in \u00be\u2013\u00bd purkkia, jaettuna v\u00e4hint\u00e4\u00e4n kahteen ateriaan. Suuren rodun pentu tarvitsee 1\u20131\u2153 purkkia p\u00e4iv\u00e4ss\u00e4. Eritt\u00e4in suuren rodun pentu tarvitsee 1\u00bd\u20132\u00bc purkkia p\u00e4iv\u00e4ss\u00e4. Raikasta vett\u00e4 tulee aina olla saatavilla. S\u00e4ilytys: S\u00e4ilyt\u00e4 viile\u00e4ss\u00e4 ja kuivassa paikassa. Avattuna s\u00e4ilyt\u00e4 sis\u00e4lt\u00f6\u00e4 kannellisessa astiassa j\u00e4\u00e4kaapissa ja k\u00e4yt\u00e4 48 tunnin kuluessa. Paras tarjoilla huoneenl\u00e4mp\u00f6isen\u00e4. Tarjoile puhtaasta kupista.","og_url":"https:\/\/miumjau.ee\/fi\/tuote\/kennels-favourite-koiran-sailykeruoka-naudasta-1240-g\/","og_site_name":"MiuMjau","article_publisher":"https:\/\/www.facebook.com\/miumjaupood\/","article_modified_time":"2026-01-07T20:46:49+00:00","og_image":[{"width":600,"height":800,"url":"https:\/\/miumjau.ee\/wp-content\/uploads\/2025\/04\/kennels-favourite-konserv-koerale7-Photoroom.webp","type":"image\/webp"}],"twitter_card":"summary_large_image","schema":{"@context":"https:\/\/schema.org","@graph":[{"@type":"WebPage","@id":"https:\/\/miumjau.ee\/fi\/tuote\/kennels-favourite-koiran-sailykeruoka-naudasta-1240-g\/","url":"https:\/\/miumjau.ee\/fi\/tuote\/kennels-favourite-koiran-sailykeruoka-naudasta-1240-g\/","name":"Kennels Favourite koiran s\u00e4ilykeruoka naudasta 1240 g - MiuMjau","isPartOf":{"@id":"https:\/\/miumjau.ee\/#website"},"primaryImageOfPage":{"@id":"https:\/\/miumjau.ee\/fi\/tuote\/kennels-favourite-koiran-sailykeruoka-naudasta-1240-g\/#primaryimage"},"image":{"@id":"https:\/\/miumjau.ee\/fi\/tuote\/kennels-favourite-koiran-sailykeruoka-naudasta-1240-g\/#primaryimage"},"thumbnailUrl":"https:\/\/miumjau.ee\/wp-content\/uploads\/2025\/04\/kennels-favourite-konserv-koerale7-Photoroom.webp","datePublished":"2025-04-28T09:20:30+00:00","dateModified":"2026-01-07T20:46:49+00:00","breadcrumb":{"@id":"https:\/\/miumjau.ee\/fi\/tuote\/kennels-favourite-koiran-sailykeruoka-naudasta-1240-g\/#breadcrumb"},"inLanguage":"fi","potentialAction":[{"@type":"ReadAction","target":["https:\/\/miumjau.ee\/fi\/tuote\/kennels-favourite-koiran-sailykeruoka-naudasta-1240-g\/"]}]},{"@type":"ImageObject","inLanguage":"fi","@id":"https:\/\/miumjau.ee\/fi\/tuote\/kennels-favourite-koiran-sailykeruoka-naudasta-1240-g\/#primaryimage","url":"https:\/\/miumjau.ee\/wp-content\/uploads\/2025\/04\/kennels-favourite-konserv-koerale7-Photoroom.webp","contentUrl":"https:\/\/miumjau.ee\/wp-content\/uploads\/2025\/04\/kennels-favourite-konserv-koerale7-Photoroom.webp","width":600,"height":800,"caption":"Kennels Favourite konserv koertele veiselihaga 410g"},{"@type":"BreadcrumbList","@id":"https:\/\/miumjau.ee\/fi\/tuote\/kennels-favourite-koiran-sailykeruoka-naudasta-1240-g\/#breadcrumb","itemListElement":[{"@type":"ListItem","position":1,"name":"Home","item":"https:\/\/miumjau.ee\/fi\/"},{"@type":"ListItem","position":2,"name":"Kauppa","item":"https:\/\/miumjau.ee\/fi\/kauppa\/"},{"@type":"ListItem","position":3,"name":"Kennels Favourite koiran s\u00e4ilykeruoka naudasta 1240 g"}]},{"@type":"WebSite","@id":"https:\/\/miumjau.ee\/#website","url":"https:\/\/miumjau.ee\/","name":"MiuMjau","description":"Kraapimispuud kassidele","publisher":{"@id":"https:\/\/miumjau.ee\/#organization"},"potentialAction":[{"@type":"SearchAction","target":{"@type":"EntryPoint","urlTemplate":"https:\/\/miumjau.ee\/?s={search_term_string}"},"query-input":{"@type":"PropertyValueSpecification","valueRequired":true,"valueName":"search_term_string"}}],"inLanguage":"fi"},{"@type":"Organization","@id":"https:\/\/miumjau.ee\/#organization","name":"MiuMjau O\u00dc","url":"https:\/\/miumjau.ee\/","logo":{"@type":"ImageObject","inLanguage":"fi","@id":"https:\/\/miumjau.ee\/#\/schema\/logo\/image\/","url":"https:\/\/miumjau.ee\/wp-content\/uploads\/2022\/04\/MiuMjau-logo-kollane.png","contentUrl":"https:\/\/miumjau.ee\/wp-content\/uploads\/2022\/04\/MiuMjau-logo-kollane.png","width":219,"height":100,"caption":"MiuMjau O\u00dc"},"image":{"@id":"https:\/\/miumjau.ee\/#\/schema\/logo\/image\/"},"sameAs":["https:\/\/www.facebook.com\/miumjaupood\/"]}]}},"_links":{"self":[{"href":"https:\/\/miumjau.ee\/fi\/wp-json\/wp\/v2\/product\/45830","targetHints":{"allow":["GET"]}}],"collection":[{"href":"https:\/\/miumjau.ee\/fi\/wp-json\/wp\/v2\/product"}],"about":[{"href":"https:\/\/miumjau.ee\/fi\/wp-json\/wp\/v2\/types\/product"}],"wp:featuredmedia":[{"embeddable":true,"href":"https:\/\/miumjau.ee\/fi\/wp-json\/wp\/v2\/media\/33303"}],"wp:attachment":[{"href":"https:\/\/miumjau.ee\/fi\/wp-json\/wp\/v2\/media?parent=45830"}],"wp:term":[{"taxonomy":"product_brand","embeddable":true,"href":"https:\/\/miumjau.ee\/fi\/wp-json\/wp\/v2\/product_brand?post=45830"},{"taxonomy":"product_cat","embeddable":true,"href":"https:\/\/miumjau.ee\/fi\/wp-json\/wp\/v2\/product_cat?post=45830"},{"taxonomy":"product_tag","embeddable":true,"href":"https:\/\/miumjau.ee\/fi\/wp-json\/wp\/v2\/product_tag?post=45830"}],"curies":[{"name":"wp","href":"https:\/\/api.w.org\/{rel}","templated":true}]}}