{"id":45811,"date":"2025-07-15T14:02:33","date_gmt":"2025-07-15T11:02:33","guid":{"rendered":"https:\/\/miumjau.ee\/toode\/hoyrytetty-markaruoka-kennels-favourite-nauta-10x395-g\/"},"modified":"2026-01-07T22:46:56","modified_gmt":"2026-01-07T20:46:56","slug":"hoyrytetty-markaruoka-kennels-favourite-nauta-10x395-g","status":"publish","type":"product","link":"https:\/\/miumjau.ee\/fi\/tuote\/hoyrytetty-markaruoka-kennels-favourite-nauta-10x395-g\/","title":{"rendered":"H\u00f6yrytetty m\u00e4rk\u00e4ruoka Kennel&#8217;s Favourite, nauta 10&#215;395 g"},"content":{"rendered":"","protected":false},"excerpt":{"rendered":"<p data-start=\"2751\" data-end=\"3146\">Kennels&#8217; Favourite\u00ae h\u00f6yrytetty m\u00e4rk\u00e4ruoka on t\u00e4ysin luonnollinen, viljaton ja tasapainoinen koiranruoka, joka sis\u00e4lt\u00e4\u00e4 70 % aitoa, paikallisesti hankittua lihaa. Se on hell\u00e4sti h\u00f6yrytetty ateria, joka sopii kaikille roduille ja kaikenik\u00e4isille koirille. Tuote on rikastettu t\u00e4rkeill\u00e4 vitamiineilla, kivenn\u00e4isaineilla ja \u00f6ljyill\u00e4, eik\u00e4 se sis\u00e4ll\u00e4 v\u00e4riaineita, s\u00e4il\u00f6nt\u00e4aineita tai makuvahventeita.<\/p>\n<p data-start=\"3148\" data-end=\"3292\">\u2705 100 % Luonnolliset Ainesosat<br data-start=\"3178\" data-end=\"3181\" \/>\u2713 Yksiproteiininen<br data-start=\"3199\" data-end=\"3202\" \/>\u2713 VILJATON<br data-start=\"3212\" data-end=\"3215\" \/>\u2713 EI SIS\u00c4LL\u00c4 keinotekoisia v\u00e4riaineita, makuaineita, soijaa, munia tai maitoa<\/p>\n<p data-start=\"3294\" data-end=\"3518\"><strong data-start=\"3294\" data-end=\"3308\">Ainesosat:<\/strong> Nauta 70 %, kuivatut porkkanalastut, tuoreet perunapalat, kuivattu vihre\u00e4 herne, kuivattu tomaattikonsentraatti, auringonkukka\u00f6ljy (Omega-6), lohi\u00f6ljy (Omega-3), vitamiinit ja kivenn\u00e4isaineet. (114 Kcal\/100 g)<\/p>\n<p data-start=\"3520\" data-end=\"3819\"><strong data-start=\"3520\" data-end=\"3554\">Ravintoaineet (lis\u00e4aineet\/kg):<\/strong><br data-start=\"3554\" data-end=\"3557\" \/>Vitamiinit: A-vitamiini 2 250 IU, D3-vitamiini 328 IU, E-vitamiini 26 mg, Biotiini 60 mcg.<br data-start=\"3647\" data-end=\"3650\" \/>Kivenn\u00e4isaineet: Sinkkisulfaatti 24,0 mg, Rautasulfaatti 12,5 mg, Kuparisulfaatti 2,50 mg, Mangaanisulfaatti 2,00 mg, Kalsiumjodaatti 0,45 mg, Natriumseleniitti 0,04 mg.<\/p>\n<p data-start=\"3821\" data-end=\"3933\"><strong data-start=\"3821\" data-end=\"3843\">Analyysikoostumus:<\/strong> Raakavalkuainen 10 %, Rasvat ja \u00f6ljyt 6,5 %, Tuhka 2,5 %, Raakakuitu 0,5 %, Kosteus 76 %.<\/p>\n<h3 data-start=\"3935\" data-end=\"3972\">P\u00e4ivitt\u00e4iset ruokintasuositukset:<\/h3>\n<p data-start=\"3973\" data-end=\"3988\">(sama taulukko)<\/p>\n<h3 data-start=\"3990\" data-end=\"4002\">T\u00e4rke\u00e4\u00e4:<\/h3>\n<p data-start=\"4003\" data-end=\"4259\">\u2714 Tarjoa aina raikasta vett\u00e4.<br data-start=\"4032\" data-end=\"4035\" \/>\u2714 S\u00e4ilyt\u00e4 viile\u00e4ss\u00e4 ja kuivassa, poissa suorasta auringonpaisteesta.<br data-start=\"4103\" data-end=\"4106\" \/>\u2714 Avattu pakkaus s\u00e4ilytet\u00e4\u00e4n j\u00e4\u00e4kaapissa ja k\u00e4ytet\u00e4\u00e4n 48 tunnin sis\u00e4ll\u00e4.<br data-start=\"4178\" data-end=\"4181\" \/>\u2714 Tarjoile huoneenl\u00e4mp\u00f6isen\u00e4 paremman maun vuoksi. K\u00e4yt\u00e4 puhdasta ruokakulhoa.<\/p>\n<p data-start=\"4261\" data-end=\"4287\"><strong data-start=\"4261\" data-end=\"4287\">Nettopaino: 10 x 395 g<\/strong><\/p>\n<p data-start=\"4289\" data-end=\"4627\">Kennels&#8217; Favourite\u00ae k\u00e4ytt\u00e4\u00e4 paikallisia raaka-aineita ja varmistaa t\u00e4yden j\u00e4ljitett\u00e4vyyden. Kaikki pakkaukset ovat 100 % kierr\u00e4tett\u00e4vi\u00e4. Tuotanto perustuu luonnollisiin ainesosiin ja ravitsemusasiantuntijoiden kehitt\u00e4miin resepteihin. Ruoka sis\u00e4lt\u00e4\u00e4 nelj\u00e4 perusryhm\u00e4\u00e4: proteiinit, kuidut, vitamiinit &amp; kivenn\u00e4isaineet sek\u00e4 rasvat &amp; \u00f6ljyt.<\/p>\n<p data-start=\"4629\" data-end=\"4672\">Terve lemmikki on onnellinen lemmikki! \ud83d\udc36\ud83d\udc9a<\/p>\n","protected":false},"featured_media":40750,"template":"","meta":[],"product_brand":[],"product_cat":[139,479],"product_tag":[],"class_list":{"0":"post-45811","1":"product","2":"type-product","3":"status-publish","4":"has-post-thumbnail","6":"product_cat-kaup24-fi","7":"product_cat-markaruoka-koirille","9":"first","10":"outofstock","11":"sale","12":"featured","13":"taxable","14":"shipping-taxable","15":"purchasable","16":"product-type-simple"},"yoast_head":"<!-- This site is optimized with the Yoast SEO plugin v27.4 - https:\/\/yoast.com\/product\/yoast-seo-wordpress\/ -->\n<title>H\u00f6yrytetty m\u00e4rk\u00e4ruoka Kennel&#039;s Favourite, nauta 10x395 g - MiuMjau<\/title>\n<meta name=\"robots\" content=\"index, follow, max-snippet:-1, max-image-preview:large, max-video-preview:-1\" \/>\n<link rel=\"canonical\" href=\"https:\/\/miumjau.ee\/fi\/tuote\/hoyrytetty-markaruoka-kennels-favourite-nauta-10x395-g\/\" \/>\n<meta property=\"og:locale\" content=\"fi_FI\" \/>\n<meta property=\"og:type\" content=\"article\" \/>\n<meta property=\"og:title\" content=\"H\u00f6yrytetty m\u00e4rk\u00e4ruoka Kennel&#039;s Favourite, nauta 10x395 g - MiuMjau\" \/>\n<meta property=\"og:description\" content=\"Kennels&#039; Favourite\u00ae h\u00f6yrytetty m\u00e4rk\u00e4ruoka on t\u00e4ysin luonnollinen, viljaton ja tasapainoinen koiranruoka, joka sis\u00e4lt\u00e4\u00e4 70 % aitoa, paikallisesti hankittua lihaa. Se on hell\u00e4sti h\u00f6yrytetty ateria, joka sopii kaikille roduille ja kaikenik\u00e4isille koirille. Tuote on rikastettu t\u00e4rkeill\u00e4 vitamiineilla, kivenn\u00e4isaineilla ja \u00f6ljyill\u00e4, eik\u00e4 se sis\u00e4ll\u00e4 v\u00e4riaineita, s\u00e4il\u00f6nt\u00e4aineita tai makuvahventeita. \u2705 100 % Luonnolliset Ainesosat\u2713 Yksiproteiininen\u2713 VILJATON\u2713 EI SIS\u00c4LL\u00c4 keinotekoisia v\u00e4riaineita, makuaineita, soijaa, munia tai maitoa Ainesosat: Nauta 70 %, kuivatut porkkanalastut, tuoreet perunapalat, kuivattu vihre\u00e4 herne, kuivattu tomaattikonsentraatti, auringonkukka\u00f6ljy (Omega-6), lohi\u00f6ljy (Omega-3), vitamiinit ja kivenn\u00e4isaineet. (114 Kcal\/100 g) Ravintoaineet (lis\u00e4aineet\/kg):Vitamiinit: A-vitamiini 2 250 IU, D3-vitamiini 328 IU, E-vitamiini 26 mg, Biotiini 60 mcg.Kivenn\u00e4isaineet: Sinkkisulfaatti 24,0 mg, Rautasulfaatti 12,5 mg, Kuparisulfaatti 2,50 mg, Mangaanisulfaatti 2,00 mg, Kalsiumjodaatti 0,45 mg, Natriumseleniitti 0,04 mg. Analyysikoostumus: Raakavalkuainen 10 %, Rasvat ja \u00f6ljyt 6,5 %, Tuhka 2,5 %, Raakakuitu 0,5 %, Kosteus 76 %.  P\u00e4ivitt\u00e4iset ruokintasuositukset: (sama taulukko)  T\u00e4rke\u00e4\u00e4: \u2714 Tarjoa aina raikasta vett\u00e4.\u2714 S\u00e4ilyt\u00e4 viile\u00e4ss\u00e4 ja kuivassa, poissa suorasta auringonpaisteesta.\u2714 Avattu pakkaus s\u00e4ilytet\u00e4\u00e4n j\u00e4\u00e4kaapissa ja k\u00e4ytet\u00e4\u00e4n 48 tunnin sis\u00e4ll\u00e4.\u2714 Tarjoile huoneenl\u00e4mp\u00f6isen\u00e4 paremman maun vuoksi. K\u00e4yt\u00e4 puhdasta ruokakulhoa. Nettopaino: 10 x 395 g Kennels&#039; Favourite\u00ae k\u00e4ytt\u00e4\u00e4 paikallisia raaka-aineita ja varmistaa t\u00e4yden j\u00e4ljitett\u00e4vyyden. Kaikki pakkaukset ovat 100 % kierr\u00e4tett\u00e4vi\u00e4. Tuotanto perustuu luonnollisiin ainesosiin ja ravitsemusasiantuntijoiden kehitt\u00e4miin resepteihin. Ruoka sis\u00e4lt\u00e4\u00e4 nelj\u00e4 perusryhm\u00e4\u00e4: proteiinit, kuidut, vitamiinit &amp; kivenn\u00e4isaineet sek\u00e4 rasvat &amp; \u00f6ljyt. Terve lemmikki on onnellinen lemmikki! \ud83d\udc36\ud83d\udc9a\" \/>\n<meta property=\"og:url\" content=\"https:\/\/miumjau.ee\/fi\/tuote\/hoyrytetty-markaruoka-kennels-favourite-nauta-10x395-g\/\" \/>\n<meta property=\"og:site_name\" content=\"MiuMjau\" \/>\n<meta property=\"article:publisher\" content=\"https:\/\/www.facebook.com\/miumjaupood\/\" \/>\n<meta property=\"article:modified_time\" content=\"2026-01-07T20:46:56+00:00\" \/>\n<meta property=\"og:image\" content=\"https:\/\/miumjau.ee\/wp-content\/uploads\/2025\/07\/kennels-favourite-10pakk6.jpg\" \/>\n\t<meta property=\"og:image:width\" content=\"1200\" \/>\n\t<meta property=\"og:image:height\" content=\"1600\" \/>\n\t<meta property=\"og:image:type\" content=\"image\/jpeg\" \/>\n<meta name=\"twitter:card\" content=\"summary_large_image\" \/>\n<script type=\"application\/ld+json\" class=\"yoast-schema-graph\">{\"@context\":\"https:\\\/\\\/schema.org\",\"@graph\":[{\"@type\":\"WebPage\",\"@id\":\"https:\\\/\\\/miumjau.ee\\\/fi\\\/tuote\\\/hoyrytetty-markaruoka-kennels-favourite-nauta-10x395-g\\\/\",\"url\":\"https:\\\/\\\/miumjau.ee\\\/fi\\\/tuote\\\/hoyrytetty-markaruoka-kennels-favourite-nauta-10x395-g\\\/\",\"name\":\"H\u00f6yrytetty m\u00e4rk\u00e4ruoka Kennel's Favourite, nauta 10x395 g - MiuMjau\",\"isPartOf\":{\"@id\":\"https:\\\/\\\/miumjau.ee\\\/#website\"},\"primaryImageOfPage\":{\"@id\":\"https:\\\/\\\/miumjau.ee\\\/fi\\\/tuote\\\/hoyrytetty-markaruoka-kennels-favourite-nauta-10x395-g\\\/#primaryimage\"},\"image\":{\"@id\":\"https:\\\/\\\/miumjau.ee\\\/fi\\\/tuote\\\/hoyrytetty-markaruoka-kennels-favourite-nauta-10x395-g\\\/#primaryimage\"},\"thumbnailUrl\":\"https:\\\/\\\/miumjau.ee\\\/wp-content\\\/uploads\\\/2025\\\/07\\\/kennels-favourite-10pakk6.jpg\",\"datePublished\":\"2025-07-15T11:02:33+00:00\",\"dateModified\":\"2026-01-07T20:46:56+00:00\",\"breadcrumb\":{\"@id\":\"https:\\\/\\\/miumjau.ee\\\/fi\\\/tuote\\\/hoyrytetty-markaruoka-kennels-favourite-nauta-10x395-g\\\/#breadcrumb\"},\"inLanguage\":\"fi\",\"potentialAction\":[{\"@type\":\"ReadAction\",\"target\":[\"https:\\\/\\\/miumjau.ee\\\/fi\\\/tuote\\\/hoyrytetty-markaruoka-kennels-favourite-nauta-10x395-g\\\/\"]}]},{\"@type\":\"ImageObject\",\"inLanguage\":\"fi\",\"@id\":\"https:\\\/\\\/miumjau.ee\\\/fi\\\/tuote\\\/hoyrytetty-markaruoka-kennels-favourite-nauta-10x395-g\\\/#primaryimage\",\"url\":\"https:\\\/\\\/miumjau.ee\\\/wp-content\\\/uploads\\\/2025\\\/07\\\/kennels-favourite-10pakk6.jpg\",\"contentUrl\":\"https:\\\/\\\/miumjau.ee\\\/wp-content\\\/uploads\\\/2025\\\/07\\\/kennels-favourite-10pakk6.jpg\",\"width\":1200,\"height\":1600,\"caption\":\"Aurutatud m\u00e4rgtoit Kennel's Favourite, monoproteiin, veis 10x 395g\"},{\"@type\":\"BreadcrumbList\",\"@id\":\"https:\\\/\\\/miumjau.ee\\\/fi\\\/tuote\\\/hoyrytetty-markaruoka-kennels-favourite-nauta-10x395-g\\\/#breadcrumb\",\"itemListElement\":[{\"@type\":\"ListItem\",\"position\":1,\"name\":\"Home\",\"item\":\"https:\\\/\\\/miumjau.ee\\\/fi\\\/\"},{\"@type\":\"ListItem\",\"position\":2,\"name\":\"Kauppa\",\"item\":\"https:\\\/\\\/miumjau.ee\\\/fi\\\/kauppa\\\/\"},{\"@type\":\"ListItem\",\"position\":3,\"name\":\"H\u00f6yrytetty m\u00e4rk\u00e4ruoka Kennel&#8217;s Favourite, nauta 10&#215;395 g\"}]},{\"@type\":\"WebSite\",\"@id\":\"https:\\\/\\\/miumjau.ee\\\/#website\",\"url\":\"https:\\\/\\\/miumjau.ee\\\/\",\"name\":\"MiuMjau\",\"description\":\"Kraapimispuud kassidele\",\"publisher\":{\"@id\":\"https:\\\/\\\/miumjau.ee\\\/#organization\"},\"potentialAction\":[{\"@type\":\"SearchAction\",\"target\":{\"@type\":\"EntryPoint\",\"urlTemplate\":\"https:\\\/\\\/miumjau.ee\\\/?s={search_term_string}\"},\"query-input\":{\"@type\":\"PropertyValueSpecification\",\"valueRequired\":true,\"valueName\":\"search_term_string\"}}],\"inLanguage\":\"fi\"},{\"@type\":\"Organization\",\"@id\":\"https:\\\/\\\/miumjau.ee\\\/#organization\",\"name\":\"MiuMjau O\u00dc\",\"url\":\"https:\\\/\\\/miumjau.ee\\\/\",\"logo\":{\"@type\":\"ImageObject\",\"inLanguage\":\"fi\",\"@id\":\"https:\\\/\\\/miumjau.ee\\\/#\\\/schema\\\/logo\\\/image\\\/\",\"url\":\"https:\\\/\\\/miumjau.ee\\\/wp-content\\\/uploads\\\/2022\\\/04\\\/MiuMjau-logo-kollane.png\",\"contentUrl\":\"https:\\\/\\\/miumjau.ee\\\/wp-content\\\/uploads\\\/2022\\\/04\\\/MiuMjau-logo-kollane.png\",\"width\":219,\"height\":100,\"caption\":\"MiuMjau O\u00dc\"},\"image\":{\"@id\":\"https:\\\/\\\/miumjau.ee\\\/#\\\/schema\\\/logo\\\/image\\\/\"},\"sameAs\":[\"https:\\\/\\\/www.facebook.com\\\/miumjaupood\\\/\"]}]}<\/script>\n<!-- \/ Yoast SEO plugin. -->","yoast_head_json":{"title":"H\u00f6yrytetty m\u00e4rk\u00e4ruoka Kennel's Favourite, nauta 10x395 g - MiuMjau","robots":{"index":"index","follow":"follow","max-snippet":"max-snippet:-1","max-image-preview":"max-image-preview:large","max-video-preview":"max-video-preview:-1"},"canonical":"https:\/\/miumjau.ee\/fi\/tuote\/hoyrytetty-markaruoka-kennels-favourite-nauta-10x395-g\/","og_locale":"fi_FI","og_type":"article","og_title":"H\u00f6yrytetty m\u00e4rk\u00e4ruoka Kennel's Favourite, nauta 10x395 g - MiuMjau","og_description":"Kennels' Favourite\u00ae h\u00f6yrytetty m\u00e4rk\u00e4ruoka on t\u00e4ysin luonnollinen, viljaton ja tasapainoinen koiranruoka, joka sis\u00e4lt\u00e4\u00e4 70 % aitoa, paikallisesti hankittua lihaa. Se on hell\u00e4sti h\u00f6yrytetty ateria, joka sopii kaikille roduille ja kaikenik\u00e4isille koirille. Tuote on rikastettu t\u00e4rkeill\u00e4 vitamiineilla, kivenn\u00e4isaineilla ja \u00f6ljyill\u00e4, eik\u00e4 se sis\u00e4ll\u00e4 v\u00e4riaineita, s\u00e4il\u00f6nt\u00e4aineita tai makuvahventeita. \u2705 100 % Luonnolliset Ainesosat\u2713 Yksiproteiininen\u2713 VILJATON\u2713 EI SIS\u00c4LL\u00c4 keinotekoisia v\u00e4riaineita, makuaineita, soijaa, munia tai maitoa Ainesosat: Nauta 70 %, kuivatut porkkanalastut, tuoreet perunapalat, kuivattu vihre\u00e4 herne, kuivattu tomaattikonsentraatti, auringonkukka\u00f6ljy (Omega-6), lohi\u00f6ljy (Omega-3), vitamiinit ja kivenn\u00e4isaineet. (114 Kcal\/100 g) Ravintoaineet (lis\u00e4aineet\/kg):Vitamiinit: A-vitamiini 2 250 IU, D3-vitamiini 328 IU, E-vitamiini 26 mg, Biotiini 60 mcg.Kivenn\u00e4isaineet: Sinkkisulfaatti 24,0 mg, Rautasulfaatti 12,5 mg, Kuparisulfaatti 2,50 mg, Mangaanisulfaatti 2,00 mg, Kalsiumjodaatti 0,45 mg, Natriumseleniitti 0,04 mg. Analyysikoostumus: Raakavalkuainen 10 %, Rasvat ja \u00f6ljyt 6,5 %, Tuhka 2,5 %, Raakakuitu 0,5 %, Kosteus 76 %.  P\u00e4ivitt\u00e4iset ruokintasuositukset: (sama taulukko)  T\u00e4rke\u00e4\u00e4: \u2714 Tarjoa aina raikasta vett\u00e4.\u2714 S\u00e4ilyt\u00e4 viile\u00e4ss\u00e4 ja kuivassa, poissa suorasta auringonpaisteesta.\u2714 Avattu pakkaus s\u00e4ilytet\u00e4\u00e4n j\u00e4\u00e4kaapissa ja k\u00e4ytet\u00e4\u00e4n 48 tunnin sis\u00e4ll\u00e4.\u2714 Tarjoile huoneenl\u00e4mp\u00f6isen\u00e4 paremman maun vuoksi. K\u00e4yt\u00e4 puhdasta ruokakulhoa. Nettopaino: 10 x 395 g Kennels' Favourite\u00ae k\u00e4ytt\u00e4\u00e4 paikallisia raaka-aineita ja varmistaa t\u00e4yden j\u00e4ljitett\u00e4vyyden. Kaikki pakkaukset ovat 100 % kierr\u00e4tett\u00e4vi\u00e4. Tuotanto perustuu luonnollisiin ainesosiin ja ravitsemusasiantuntijoiden kehitt\u00e4miin resepteihin. Ruoka sis\u00e4lt\u00e4\u00e4 nelj\u00e4 perusryhm\u00e4\u00e4: proteiinit, kuidut, vitamiinit &amp; kivenn\u00e4isaineet sek\u00e4 rasvat &amp; \u00f6ljyt. Terve lemmikki on onnellinen lemmikki! \ud83d\udc36\ud83d\udc9a","og_url":"https:\/\/miumjau.ee\/fi\/tuote\/hoyrytetty-markaruoka-kennels-favourite-nauta-10x395-g\/","og_site_name":"MiuMjau","article_publisher":"https:\/\/www.facebook.com\/miumjaupood\/","article_modified_time":"2026-01-07T20:46:56+00:00","og_image":[{"width":1200,"height":1600,"url":"https:\/\/miumjau.ee\/wp-content\/uploads\/2025\/07\/kennels-favourite-10pakk6.jpg","type":"image\/jpeg"}],"twitter_card":"summary_large_image","schema":{"@context":"https:\/\/schema.org","@graph":[{"@type":"WebPage","@id":"https:\/\/miumjau.ee\/fi\/tuote\/hoyrytetty-markaruoka-kennels-favourite-nauta-10x395-g\/","url":"https:\/\/miumjau.ee\/fi\/tuote\/hoyrytetty-markaruoka-kennels-favourite-nauta-10x395-g\/","name":"H\u00f6yrytetty m\u00e4rk\u00e4ruoka Kennel's Favourite, nauta 10x395 g - MiuMjau","isPartOf":{"@id":"https:\/\/miumjau.ee\/#website"},"primaryImageOfPage":{"@id":"https:\/\/miumjau.ee\/fi\/tuote\/hoyrytetty-markaruoka-kennels-favourite-nauta-10x395-g\/#primaryimage"},"image":{"@id":"https:\/\/miumjau.ee\/fi\/tuote\/hoyrytetty-markaruoka-kennels-favourite-nauta-10x395-g\/#primaryimage"},"thumbnailUrl":"https:\/\/miumjau.ee\/wp-content\/uploads\/2025\/07\/kennels-favourite-10pakk6.jpg","datePublished":"2025-07-15T11:02:33+00:00","dateModified":"2026-01-07T20:46:56+00:00","breadcrumb":{"@id":"https:\/\/miumjau.ee\/fi\/tuote\/hoyrytetty-markaruoka-kennels-favourite-nauta-10x395-g\/#breadcrumb"},"inLanguage":"fi","potentialAction":[{"@type":"ReadAction","target":["https:\/\/miumjau.ee\/fi\/tuote\/hoyrytetty-markaruoka-kennels-favourite-nauta-10x395-g\/"]}]},{"@type":"ImageObject","inLanguage":"fi","@id":"https:\/\/miumjau.ee\/fi\/tuote\/hoyrytetty-markaruoka-kennels-favourite-nauta-10x395-g\/#primaryimage","url":"https:\/\/miumjau.ee\/wp-content\/uploads\/2025\/07\/kennels-favourite-10pakk6.jpg","contentUrl":"https:\/\/miumjau.ee\/wp-content\/uploads\/2025\/07\/kennels-favourite-10pakk6.jpg","width":1200,"height":1600,"caption":"Aurutatud m\u00e4rgtoit Kennel's Favourite, monoproteiin, veis 10x 395g"},{"@type":"BreadcrumbList","@id":"https:\/\/miumjau.ee\/fi\/tuote\/hoyrytetty-markaruoka-kennels-favourite-nauta-10x395-g\/#breadcrumb","itemListElement":[{"@type":"ListItem","position":1,"name":"Home","item":"https:\/\/miumjau.ee\/fi\/"},{"@type":"ListItem","position":2,"name":"Kauppa","item":"https:\/\/miumjau.ee\/fi\/kauppa\/"},{"@type":"ListItem","position":3,"name":"H\u00f6yrytetty m\u00e4rk\u00e4ruoka Kennel&#8217;s Favourite, nauta 10&#215;395 g"}]},{"@type":"WebSite","@id":"https:\/\/miumjau.ee\/#website","url":"https:\/\/miumjau.ee\/","name":"MiuMjau","description":"Kraapimispuud kassidele","publisher":{"@id":"https:\/\/miumjau.ee\/#organization"},"potentialAction":[{"@type":"SearchAction","target":{"@type":"EntryPoint","urlTemplate":"https:\/\/miumjau.ee\/?s={search_term_string}"},"query-input":{"@type":"PropertyValueSpecification","valueRequired":true,"valueName":"search_term_string"}}],"inLanguage":"fi"},{"@type":"Organization","@id":"https:\/\/miumjau.ee\/#organization","name":"MiuMjau O\u00dc","url":"https:\/\/miumjau.ee\/","logo":{"@type":"ImageObject","inLanguage":"fi","@id":"https:\/\/miumjau.ee\/#\/schema\/logo\/image\/","url":"https:\/\/miumjau.ee\/wp-content\/uploads\/2022\/04\/MiuMjau-logo-kollane.png","contentUrl":"https:\/\/miumjau.ee\/wp-content\/uploads\/2022\/04\/MiuMjau-logo-kollane.png","width":219,"height":100,"caption":"MiuMjau O\u00dc"},"image":{"@id":"https:\/\/miumjau.ee\/#\/schema\/logo\/image\/"},"sameAs":["https:\/\/www.facebook.com\/miumjaupood\/"]}]}},"_links":{"self":[{"href":"https:\/\/miumjau.ee\/fi\/wp-json\/wp\/v2\/product\/45811","targetHints":{"allow":["GET"]}}],"collection":[{"href":"https:\/\/miumjau.ee\/fi\/wp-json\/wp\/v2\/product"}],"about":[{"href":"https:\/\/miumjau.ee\/fi\/wp-json\/wp\/v2\/types\/product"}],"wp:featuredmedia":[{"embeddable":true,"href":"https:\/\/miumjau.ee\/fi\/wp-json\/wp\/v2\/media\/40750"}],"wp:attachment":[{"href":"https:\/\/miumjau.ee\/fi\/wp-json\/wp\/v2\/media?parent=45811"}],"wp:term":[{"taxonomy":"product_brand","embeddable":true,"href":"https:\/\/miumjau.ee\/fi\/wp-json\/wp\/v2\/product_brand?post=45811"},{"taxonomy":"product_cat","embeddable":true,"href":"https:\/\/miumjau.ee\/fi\/wp-json\/wp\/v2\/product_cat?post=45811"},{"taxonomy":"product_tag","embeddable":true,"href":"https:\/\/miumjau.ee\/fi\/wp-json\/wp\/v2\/product_tag?post=45811"}],"curies":[{"name":"wp","href":"https:\/\/api.w.org\/{rel}","templated":true}]}}