{"id":45809,"date":"2025-07-15T14:02:43","date_gmt":"2025-07-15T11:02:43","guid":{"rendered":"https:\/\/miumjau.ee\/toode\/hoyrytetty-markaruoka-kennels-favourite-kana-10x-395-g\/"},"modified":"2026-01-07T22:46:56","modified_gmt":"2026-01-07T20:46:56","slug":"hoyrytetty-markaruoka-kennels-favourite-kana-10x-395-g","status":"publish","type":"product","link":"https:\/\/miumjau.ee\/fi\/tuote\/hoyrytetty-markaruoka-kennels-favourite-kana-10x-395-g\/","title":{"rendered":"H\u00f6yrytetty m\u00e4rk\u00e4ruoka Kennel&#8217;s Favourite, kana 10x 395 g"},"content":{"rendered":"","protected":false},"excerpt":{"rendered":"<p data-start=\"2732\" data-end=\"3146\">Kennels&#8217; Favourite\u00ae h\u00f6yrytetty m\u00e4rk\u00e4ruoka on t\u00e4ysin luonnollinen, viljaton ja tasapainoinen koiranruoka, joka sis\u00e4lt\u00e4\u00e4 70 % aitoa, paikallisesti hankittua lihaa. Kennels&#8217; Favourite\u00ae on hell\u00e4sti h\u00f6yrytetty ateria, joka sopii kaikille koiraroduille ja kaikenik\u00e4isille koirille. Se on rikastettu t\u00e4rkeill\u00e4 vitamiineilla, kivenn\u00e4isaineilla ja \u00f6ljyill\u00e4, eik\u00e4 se sis\u00e4ll\u00e4 v\u00e4riaineita, s\u00e4il\u00f6nt\u00e4aineita tai makuvahventeita.<\/p>\n<p data-start=\"3148\" data-end=\"3292\">\u2705 100 % Luonnolliset Ainesosat<br data-start=\"3178\" data-end=\"3181\" \/>\u2713 Yksiproteiininen<br data-start=\"3199\" data-end=\"3202\" \/>\u2713 VILJATON<br data-start=\"3212\" data-end=\"3215\" \/>\u2713 EI SIS\u00c4LL\u00c4 keinotekoisia v\u00e4riaineita, makuaineita, soijaa, munia tai maitoa<\/p>\n<p data-start=\"3294\" data-end=\"3513\"><strong data-start=\"3294\" data-end=\"3308\">Ainesosat:<\/strong> Kana 70 %, kuivatut porkkanalastut, tuoreet perunapalat, kuivattu vihre\u00e4 herne, kuivattu tomaattikonsentraatti, auringonkukka\u00f6ljy (Omega-6), lohi\u00f6ljy (Omega-3), vitamiinit ja kivenn\u00e4isaineet. 114Kcal\/100g<\/p>\n<p data-start=\"3515\" data-end=\"3868\"><strong data-start=\"3515\" data-end=\"3549\">Ravintoaineet (lis\u00e4aineet\/kg):<\/strong><br data-start=\"3549\" data-end=\"3552\" \/>Vitamiinit: A-vitamiini 2 250 IU, D3-vitamiini 328 IU, E-vitamiini 26 mg, Biotiini 60 mcg.<br data-start=\"3642\" data-end=\"3645\" \/>Kivenn\u00e4isaineet: Sinkkisulfaattimonohydraatti 24,0 mg, Rautasulfaattimonohydraatti 12,5 mg, Kuparisulfaattipentaihydraatti 2,50 mg, Mangaanisulfaattimonohydraatti 2,00 mg, Kalsiumjodaatti 0,45 mg, Natriumseleniitti 0,04 mg.<\/p>\n<p data-start=\"3870\" data-end=\"3980\"><strong data-start=\"3870\" data-end=\"3892\">Analyysikoostumus:<\/strong> Raakavalkuainen 11 %, Rasvat ja \u00f6ljyt 8 %, Tuhka 2,5 %, Raakakuitu 0,5 %, Kosteus 70 %.<\/p>\n<h3 data-start=\"3982\" data-end=\"4019\">P\u00e4ivitt\u00e4iset ruokintasuositukset:<\/h3>\n<p data-start=\"4020\" data-end=\"4055\">(sama taulukko kuin englise keeles)<\/p>\n<h3 data-start=\"4057\" data-end=\"4069\">T\u00e4rke\u00e4\u00e4:<\/h3>\n<p data-start=\"4070\" data-end=\"4306\">\u2714 Tarjoa aina raikasta juomavett\u00e4.<br data-start=\"4104\" data-end=\"4107\" \/>\u2714 S\u00e4ilyt\u00e4 viile\u00e4ss\u00e4 ja kuivassa, poissa auringonvalosta.<br data-start=\"4163\" data-end=\"4166\" \/>\u2714 S\u00e4ilyt\u00e4 avattu pakkaus j\u00e4\u00e4kaapissa ja k\u00e4yt\u00e4 48 h kuluessa.<br data-start=\"4226\" data-end=\"4229\" \/>\u2714 Tarjoile huoneenl\u00e4mp\u00f6isen\u00e4 parhaan maun vuoksi. K\u00e4yt\u00e4 puhdasta ruokakulhoa.<\/p>\n<p data-start=\"4308\" data-end=\"4329\"><strong data-start=\"4308\" data-end=\"4329\">Nettopaino: 395 g<\/strong><\/p>\n<p data-start=\"4331\" data-end=\"4823\">Kennels&#8217; Favourite\u00ae k\u00e4ytt\u00e4\u00e4 paikallisia raaka-aineita ja varmistaa t\u00e4yden j\u00e4ljitett\u00e4vyyden luotettaville tiloille. V\u00e4lit\u00e4mme lemmikist\u00e4si ja ymp\u00e4rist\u00f6st\u00e4 \u2013 kaikki pakkauksemme ovat 100 % kierr\u00e4tett\u00e4vi\u00e4. Tehtaamme tuottaa laadukasta koiranruokaa t\u00e4ysin luonnollisista ainesosista. Teemme yhteisty\u00f6t\u00e4 ravitsemusasiantuntijoiden kanssa varmistaaksemme reseptien t\u00e4ytt\u00e4v\u00e4n koirasi tarpeet. Ruokamme sis\u00e4lt\u00e4\u00e4 nelj\u00e4 perusryhm\u00e4\u00e4: proteiinit, kuidut, vitamiinit &amp; kivenn\u00e4isaineet sek\u00e4 rasvat &amp; \u00f6ljyt.<\/p>\n<p data-start=\"4825\" data-end=\"4868\">Terve lemmikki on onnellinen lemmikki! \ud83d\udc36\ud83d\udc9a<\/p>\n","protected":false},"featured_media":40746,"template":"","meta":[],"product_brand":[],"product_cat":[139,479],"product_tag":[],"class_list":{"0":"post-45809","1":"product","2":"type-product","3":"status-publish","4":"has-post-thumbnail","6":"product_cat-kaup24-fi","7":"product_cat-markaruoka-koirille","9":"first","10":"instock","11":"sale","12":"featured","13":"taxable","14":"shipping-taxable","15":"purchasable","16":"product-type-simple"},"yoast_head":"<!-- This site is optimized with the Yoast SEO plugin v27.4 - https:\/\/yoast.com\/product\/yoast-seo-wordpress\/ -->\n<title>H\u00f6yrytetty m\u00e4rk\u00e4ruoka Kennel&#039;s Favourite, kana 10x 395 g - MiuMjau<\/title>\n<meta name=\"robots\" content=\"index, follow, max-snippet:-1, max-image-preview:large, max-video-preview:-1\" \/>\n<link rel=\"canonical\" href=\"https:\/\/miumjau.ee\/fi\/tuote\/hoyrytetty-markaruoka-kennels-favourite-kana-10x-395-g\/\" \/>\n<meta property=\"og:locale\" content=\"fi_FI\" \/>\n<meta property=\"og:type\" content=\"article\" \/>\n<meta property=\"og:title\" content=\"H\u00f6yrytetty m\u00e4rk\u00e4ruoka Kennel&#039;s Favourite, kana 10x 395 g - MiuMjau\" \/>\n<meta property=\"og:description\" content=\"Kennels&#039; Favourite\u00ae h\u00f6yrytetty m\u00e4rk\u00e4ruoka on t\u00e4ysin luonnollinen, viljaton ja tasapainoinen koiranruoka, joka sis\u00e4lt\u00e4\u00e4 70 % aitoa, paikallisesti hankittua lihaa. Kennels&#039; Favourite\u00ae on hell\u00e4sti h\u00f6yrytetty ateria, joka sopii kaikille koiraroduille ja kaikenik\u00e4isille koirille. Se on rikastettu t\u00e4rkeill\u00e4 vitamiineilla, kivenn\u00e4isaineilla ja \u00f6ljyill\u00e4, eik\u00e4 se sis\u00e4ll\u00e4 v\u00e4riaineita, s\u00e4il\u00f6nt\u00e4aineita tai makuvahventeita. \u2705 100 % Luonnolliset Ainesosat\u2713 Yksiproteiininen\u2713 VILJATON\u2713 EI SIS\u00c4LL\u00c4 keinotekoisia v\u00e4riaineita, makuaineita, soijaa, munia tai maitoa Ainesosat: Kana 70 %, kuivatut porkkanalastut, tuoreet perunapalat, kuivattu vihre\u00e4 herne, kuivattu tomaattikonsentraatti, auringonkukka\u00f6ljy (Omega-6), lohi\u00f6ljy (Omega-3), vitamiinit ja kivenn\u00e4isaineet. 114Kcal\/100g Ravintoaineet (lis\u00e4aineet\/kg):Vitamiinit: A-vitamiini 2 250 IU, D3-vitamiini 328 IU, E-vitamiini 26 mg, Biotiini 60 mcg.Kivenn\u00e4isaineet: Sinkkisulfaattimonohydraatti 24,0 mg, Rautasulfaattimonohydraatti 12,5 mg, Kuparisulfaattipentaihydraatti 2,50 mg, Mangaanisulfaattimonohydraatti 2,00 mg, Kalsiumjodaatti 0,45 mg, Natriumseleniitti 0,04 mg. Analyysikoostumus: Raakavalkuainen 11 %, Rasvat ja \u00f6ljyt 8 %, Tuhka 2,5 %, Raakakuitu 0,5 %, Kosteus 70 %.  P\u00e4ivitt\u00e4iset ruokintasuositukset: (sama taulukko kuin englise keeles)  T\u00e4rke\u00e4\u00e4: \u2714 Tarjoa aina raikasta juomavett\u00e4.\u2714 S\u00e4ilyt\u00e4 viile\u00e4ss\u00e4 ja kuivassa, poissa auringonvalosta.\u2714 S\u00e4ilyt\u00e4 avattu pakkaus j\u00e4\u00e4kaapissa ja k\u00e4yt\u00e4 48 h kuluessa.\u2714 Tarjoile huoneenl\u00e4mp\u00f6isen\u00e4 parhaan maun vuoksi. K\u00e4yt\u00e4 puhdasta ruokakulhoa. Nettopaino: 395 g Kennels&#039; Favourite\u00ae k\u00e4ytt\u00e4\u00e4 paikallisia raaka-aineita ja varmistaa t\u00e4yden j\u00e4ljitett\u00e4vyyden luotettaville tiloille. V\u00e4lit\u00e4mme lemmikist\u00e4si ja ymp\u00e4rist\u00f6st\u00e4 \u2013 kaikki pakkauksemme ovat 100 % kierr\u00e4tett\u00e4vi\u00e4. Tehtaamme tuottaa laadukasta koiranruokaa t\u00e4ysin luonnollisista ainesosista. Teemme yhteisty\u00f6t\u00e4 ravitsemusasiantuntijoiden kanssa varmistaaksemme reseptien t\u00e4ytt\u00e4v\u00e4n koirasi tarpeet. Ruokamme sis\u00e4lt\u00e4\u00e4 nelj\u00e4 perusryhm\u00e4\u00e4: proteiinit, kuidut, vitamiinit &amp; kivenn\u00e4isaineet sek\u00e4 rasvat &amp; \u00f6ljyt. Terve lemmikki on onnellinen lemmikki! \ud83d\udc36\ud83d\udc9a\" \/>\n<meta property=\"og:url\" content=\"https:\/\/miumjau.ee\/fi\/tuote\/hoyrytetty-markaruoka-kennels-favourite-kana-10x-395-g\/\" \/>\n<meta property=\"og:site_name\" content=\"MiuMjau\" \/>\n<meta property=\"article:publisher\" content=\"https:\/\/www.facebook.com\/miumjaupood\/\" \/>\n<meta property=\"article:modified_time\" content=\"2026-01-07T20:46:56+00:00\" \/>\n<meta property=\"og:image\" content=\"https:\/\/miumjau.ee\/wp-content\/uploads\/2025\/07\/kennels-favourite-10pakk5-1.jpg\" \/>\n\t<meta property=\"og:image:width\" content=\"1200\" \/>\n\t<meta property=\"og:image:height\" content=\"1600\" \/>\n\t<meta property=\"og:image:type\" content=\"image\/jpeg\" \/>\n<meta name=\"twitter:card\" content=\"summary_large_image\" \/>\n<script type=\"application\/ld+json\" class=\"yoast-schema-graph\">{\"@context\":\"https:\\\/\\\/schema.org\",\"@graph\":[{\"@type\":\"WebPage\",\"@id\":\"https:\\\/\\\/miumjau.ee\\\/fi\\\/tuote\\\/hoyrytetty-markaruoka-kennels-favourite-kana-10x-395-g\\\/\",\"url\":\"https:\\\/\\\/miumjau.ee\\\/fi\\\/tuote\\\/hoyrytetty-markaruoka-kennels-favourite-kana-10x-395-g\\\/\",\"name\":\"H\u00f6yrytetty m\u00e4rk\u00e4ruoka Kennel's Favourite, kana 10x 395 g - MiuMjau\",\"isPartOf\":{\"@id\":\"https:\\\/\\\/miumjau.ee\\\/#website\"},\"primaryImageOfPage\":{\"@id\":\"https:\\\/\\\/miumjau.ee\\\/fi\\\/tuote\\\/hoyrytetty-markaruoka-kennels-favourite-kana-10x-395-g\\\/#primaryimage\"},\"image\":{\"@id\":\"https:\\\/\\\/miumjau.ee\\\/fi\\\/tuote\\\/hoyrytetty-markaruoka-kennels-favourite-kana-10x-395-g\\\/#primaryimage\"},\"thumbnailUrl\":\"https:\\\/\\\/miumjau.ee\\\/wp-content\\\/uploads\\\/2025\\\/07\\\/kennels-favourite-10pakk5-1.jpg\",\"datePublished\":\"2025-07-15T11:02:43+00:00\",\"dateModified\":\"2026-01-07T20:46:56+00:00\",\"breadcrumb\":{\"@id\":\"https:\\\/\\\/miumjau.ee\\\/fi\\\/tuote\\\/hoyrytetty-markaruoka-kennels-favourite-kana-10x-395-g\\\/#breadcrumb\"},\"inLanguage\":\"fi\",\"potentialAction\":[{\"@type\":\"ReadAction\",\"target\":[\"https:\\\/\\\/miumjau.ee\\\/fi\\\/tuote\\\/hoyrytetty-markaruoka-kennels-favourite-kana-10x-395-g\\\/\"]}]},{\"@type\":\"ImageObject\",\"inLanguage\":\"fi\",\"@id\":\"https:\\\/\\\/miumjau.ee\\\/fi\\\/tuote\\\/hoyrytetty-markaruoka-kennels-favourite-kana-10x-395-g\\\/#primaryimage\",\"url\":\"https:\\\/\\\/miumjau.ee\\\/wp-content\\\/uploads\\\/2025\\\/07\\\/kennels-favourite-10pakk5-1.jpg\",\"contentUrl\":\"https:\\\/\\\/miumjau.ee\\\/wp-content\\\/uploads\\\/2025\\\/07\\\/kennels-favourite-10pakk5-1.jpg\",\"width\":1200,\"height\":1600,\"caption\":\"Aurutatud m\u00e4rgtoit Kennel's Favourite, monoproteiin, kana 10x 395g\"},{\"@type\":\"BreadcrumbList\",\"@id\":\"https:\\\/\\\/miumjau.ee\\\/fi\\\/tuote\\\/hoyrytetty-markaruoka-kennels-favourite-kana-10x-395-g\\\/#breadcrumb\",\"itemListElement\":[{\"@type\":\"ListItem\",\"position\":1,\"name\":\"Home\",\"item\":\"https:\\\/\\\/miumjau.ee\\\/fi\\\/\"},{\"@type\":\"ListItem\",\"position\":2,\"name\":\"Kauppa\",\"item\":\"https:\\\/\\\/miumjau.ee\\\/fi\\\/kauppa\\\/\"},{\"@type\":\"ListItem\",\"position\":3,\"name\":\"H\u00f6yrytetty m\u00e4rk\u00e4ruoka Kennel&#8217;s Favourite, kana 10x 395 g\"}]},{\"@type\":\"WebSite\",\"@id\":\"https:\\\/\\\/miumjau.ee\\\/#website\",\"url\":\"https:\\\/\\\/miumjau.ee\\\/\",\"name\":\"MiuMjau\",\"description\":\"Kraapimispuud kassidele\",\"publisher\":{\"@id\":\"https:\\\/\\\/miumjau.ee\\\/#organization\"},\"potentialAction\":[{\"@type\":\"SearchAction\",\"target\":{\"@type\":\"EntryPoint\",\"urlTemplate\":\"https:\\\/\\\/miumjau.ee\\\/?s={search_term_string}\"},\"query-input\":{\"@type\":\"PropertyValueSpecification\",\"valueRequired\":true,\"valueName\":\"search_term_string\"}}],\"inLanguage\":\"fi\"},{\"@type\":\"Organization\",\"@id\":\"https:\\\/\\\/miumjau.ee\\\/#organization\",\"name\":\"MiuMjau O\u00dc\",\"url\":\"https:\\\/\\\/miumjau.ee\\\/\",\"logo\":{\"@type\":\"ImageObject\",\"inLanguage\":\"fi\",\"@id\":\"https:\\\/\\\/miumjau.ee\\\/#\\\/schema\\\/logo\\\/image\\\/\",\"url\":\"https:\\\/\\\/miumjau.ee\\\/wp-content\\\/uploads\\\/2022\\\/04\\\/MiuMjau-logo-kollane.png\",\"contentUrl\":\"https:\\\/\\\/miumjau.ee\\\/wp-content\\\/uploads\\\/2022\\\/04\\\/MiuMjau-logo-kollane.png\",\"width\":219,\"height\":100,\"caption\":\"MiuMjau O\u00dc\"},\"image\":{\"@id\":\"https:\\\/\\\/miumjau.ee\\\/#\\\/schema\\\/logo\\\/image\\\/\"},\"sameAs\":[\"https:\\\/\\\/www.facebook.com\\\/miumjaupood\\\/\"]}]}<\/script>\n<!-- \/ Yoast SEO plugin. -->","yoast_head_json":{"title":"H\u00f6yrytetty m\u00e4rk\u00e4ruoka Kennel's Favourite, kana 10x 395 g - MiuMjau","robots":{"index":"index","follow":"follow","max-snippet":"max-snippet:-1","max-image-preview":"max-image-preview:large","max-video-preview":"max-video-preview:-1"},"canonical":"https:\/\/miumjau.ee\/fi\/tuote\/hoyrytetty-markaruoka-kennels-favourite-kana-10x-395-g\/","og_locale":"fi_FI","og_type":"article","og_title":"H\u00f6yrytetty m\u00e4rk\u00e4ruoka Kennel's Favourite, kana 10x 395 g - MiuMjau","og_description":"Kennels' Favourite\u00ae h\u00f6yrytetty m\u00e4rk\u00e4ruoka on t\u00e4ysin luonnollinen, viljaton ja tasapainoinen koiranruoka, joka sis\u00e4lt\u00e4\u00e4 70 % aitoa, paikallisesti hankittua lihaa. Kennels' Favourite\u00ae on hell\u00e4sti h\u00f6yrytetty ateria, joka sopii kaikille koiraroduille ja kaikenik\u00e4isille koirille. Se on rikastettu t\u00e4rkeill\u00e4 vitamiineilla, kivenn\u00e4isaineilla ja \u00f6ljyill\u00e4, eik\u00e4 se sis\u00e4ll\u00e4 v\u00e4riaineita, s\u00e4il\u00f6nt\u00e4aineita tai makuvahventeita. \u2705 100 % Luonnolliset Ainesosat\u2713 Yksiproteiininen\u2713 VILJATON\u2713 EI SIS\u00c4LL\u00c4 keinotekoisia v\u00e4riaineita, makuaineita, soijaa, munia tai maitoa Ainesosat: Kana 70 %, kuivatut porkkanalastut, tuoreet perunapalat, kuivattu vihre\u00e4 herne, kuivattu tomaattikonsentraatti, auringonkukka\u00f6ljy (Omega-6), lohi\u00f6ljy (Omega-3), vitamiinit ja kivenn\u00e4isaineet. 114Kcal\/100g Ravintoaineet (lis\u00e4aineet\/kg):Vitamiinit: A-vitamiini 2 250 IU, D3-vitamiini 328 IU, E-vitamiini 26 mg, Biotiini 60 mcg.Kivenn\u00e4isaineet: Sinkkisulfaattimonohydraatti 24,0 mg, Rautasulfaattimonohydraatti 12,5 mg, Kuparisulfaattipentaihydraatti 2,50 mg, Mangaanisulfaattimonohydraatti 2,00 mg, Kalsiumjodaatti 0,45 mg, Natriumseleniitti 0,04 mg. Analyysikoostumus: Raakavalkuainen 11 %, Rasvat ja \u00f6ljyt 8 %, Tuhka 2,5 %, Raakakuitu 0,5 %, Kosteus 70 %.  P\u00e4ivitt\u00e4iset ruokintasuositukset: (sama taulukko kuin englise keeles)  T\u00e4rke\u00e4\u00e4: \u2714 Tarjoa aina raikasta juomavett\u00e4.\u2714 S\u00e4ilyt\u00e4 viile\u00e4ss\u00e4 ja kuivassa, poissa auringonvalosta.\u2714 S\u00e4ilyt\u00e4 avattu pakkaus j\u00e4\u00e4kaapissa ja k\u00e4yt\u00e4 48 h kuluessa.\u2714 Tarjoile huoneenl\u00e4mp\u00f6isen\u00e4 parhaan maun vuoksi. K\u00e4yt\u00e4 puhdasta ruokakulhoa. Nettopaino: 395 g Kennels' Favourite\u00ae k\u00e4ytt\u00e4\u00e4 paikallisia raaka-aineita ja varmistaa t\u00e4yden j\u00e4ljitett\u00e4vyyden luotettaville tiloille. V\u00e4lit\u00e4mme lemmikist\u00e4si ja ymp\u00e4rist\u00f6st\u00e4 \u2013 kaikki pakkauksemme ovat 100 % kierr\u00e4tett\u00e4vi\u00e4. Tehtaamme tuottaa laadukasta koiranruokaa t\u00e4ysin luonnollisista ainesosista. Teemme yhteisty\u00f6t\u00e4 ravitsemusasiantuntijoiden kanssa varmistaaksemme reseptien t\u00e4ytt\u00e4v\u00e4n koirasi tarpeet. Ruokamme sis\u00e4lt\u00e4\u00e4 nelj\u00e4 perusryhm\u00e4\u00e4: proteiinit, kuidut, vitamiinit &amp; kivenn\u00e4isaineet sek\u00e4 rasvat &amp; \u00f6ljyt. Terve lemmikki on onnellinen lemmikki! \ud83d\udc36\ud83d\udc9a","og_url":"https:\/\/miumjau.ee\/fi\/tuote\/hoyrytetty-markaruoka-kennels-favourite-kana-10x-395-g\/","og_site_name":"MiuMjau","article_publisher":"https:\/\/www.facebook.com\/miumjaupood\/","article_modified_time":"2026-01-07T20:46:56+00:00","og_image":[{"width":1200,"height":1600,"url":"https:\/\/miumjau.ee\/wp-content\/uploads\/2025\/07\/kennels-favourite-10pakk5-1.jpg","type":"image\/jpeg"}],"twitter_card":"summary_large_image","schema":{"@context":"https:\/\/schema.org","@graph":[{"@type":"WebPage","@id":"https:\/\/miumjau.ee\/fi\/tuote\/hoyrytetty-markaruoka-kennels-favourite-kana-10x-395-g\/","url":"https:\/\/miumjau.ee\/fi\/tuote\/hoyrytetty-markaruoka-kennels-favourite-kana-10x-395-g\/","name":"H\u00f6yrytetty m\u00e4rk\u00e4ruoka Kennel's Favourite, kana 10x 395 g - MiuMjau","isPartOf":{"@id":"https:\/\/miumjau.ee\/#website"},"primaryImageOfPage":{"@id":"https:\/\/miumjau.ee\/fi\/tuote\/hoyrytetty-markaruoka-kennels-favourite-kana-10x-395-g\/#primaryimage"},"image":{"@id":"https:\/\/miumjau.ee\/fi\/tuote\/hoyrytetty-markaruoka-kennels-favourite-kana-10x-395-g\/#primaryimage"},"thumbnailUrl":"https:\/\/miumjau.ee\/wp-content\/uploads\/2025\/07\/kennels-favourite-10pakk5-1.jpg","datePublished":"2025-07-15T11:02:43+00:00","dateModified":"2026-01-07T20:46:56+00:00","breadcrumb":{"@id":"https:\/\/miumjau.ee\/fi\/tuote\/hoyrytetty-markaruoka-kennels-favourite-kana-10x-395-g\/#breadcrumb"},"inLanguage":"fi","potentialAction":[{"@type":"ReadAction","target":["https:\/\/miumjau.ee\/fi\/tuote\/hoyrytetty-markaruoka-kennels-favourite-kana-10x-395-g\/"]}]},{"@type":"ImageObject","inLanguage":"fi","@id":"https:\/\/miumjau.ee\/fi\/tuote\/hoyrytetty-markaruoka-kennels-favourite-kana-10x-395-g\/#primaryimage","url":"https:\/\/miumjau.ee\/wp-content\/uploads\/2025\/07\/kennels-favourite-10pakk5-1.jpg","contentUrl":"https:\/\/miumjau.ee\/wp-content\/uploads\/2025\/07\/kennels-favourite-10pakk5-1.jpg","width":1200,"height":1600,"caption":"Aurutatud m\u00e4rgtoit Kennel's Favourite, monoproteiin, kana 10x 395g"},{"@type":"BreadcrumbList","@id":"https:\/\/miumjau.ee\/fi\/tuote\/hoyrytetty-markaruoka-kennels-favourite-kana-10x-395-g\/#breadcrumb","itemListElement":[{"@type":"ListItem","position":1,"name":"Home","item":"https:\/\/miumjau.ee\/fi\/"},{"@type":"ListItem","position":2,"name":"Kauppa","item":"https:\/\/miumjau.ee\/fi\/kauppa\/"},{"@type":"ListItem","position":3,"name":"H\u00f6yrytetty m\u00e4rk\u00e4ruoka Kennel&#8217;s Favourite, kana 10x 395 g"}]},{"@type":"WebSite","@id":"https:\/\/miumjau.ee\/#website","url":"https:\/\/miumjau.ee\/","name":"MiuMjau","description":"Kraapimispuud kassidele","publisher":{"@id":"https:\/\/miumjau.ee\/#organization"},"potentialAction":[{"@type":"SearchAction","target":{"@type":"EntryPoint","urlTemplate":"https:\/\/miumjau.ee\/?s={search_term_string}"},"query-input":{"@type":"PropertyValueSpecification","valueRequired":true,"valueName":"search_term_string"}}],"inLanguage":"fi"},{"@type":"Organization","@id":"https:\/\/miumjau.ee\/#organization","name":"MiuMjau O\u00dc","url":"https:\/\/miumjau.ee\/","logo":{"@type":"ImageObject","inLanguage":"fi","@id":"https:\/\/miumjau.ee\/#\/schema\/logo\/image\/","url":"https:\/\/miumjau.ee\/wp-content\/uploads\/2022\/04\/MiuMjau-logo-kollane.png","contentUrl":"https:\/\/miumjau.ee\/wp-content\/uploads\/2022\/04\/MiuMjau-logo-kollane.png","width":219,"height":100,"caption":"MiuMjau O\u00dc"},"image":{"@id":"https:\/\/miumjau.ee\/#\/schema\/logo\/image\/"},"sameAs":["https:\/\/www.facebook.com\/miumjaupood\/"]}]}},"_links":{"self":[{"href":"https:\/\/miumjau.ee\/fi\/wp-json\/wp\/v2\/product\/45809","targetHints":{"allow":["GET"]}}],"collection":[{"href":"https:\/\/miumjau.ee\/fi\/wp-json\/wp\/v2\/product"}],"about":[{"href":"https:\/\/miumjau.ee\/fi\/wp-json\/wp\/v2\/types\/product"}],"wp:featuredmedia":[{"embeddable":true,"href":"https:\/\/miumjau.ee\/fi\/wp-json\/wp\/v2\/media\/40746"}],"wp:attachment":[{"href":"https:\/\/miumjau.ee\/fi\/wp-json\/wp\/v2\/media?parent=45809"}],"wp:term":[{"taxonomy":"product_brand","embeddable":true,"href":"https:\/\/miumjau.ee\/fi\/wp-json\/wp\/v2\/product_brand?post=45809"},{"taxonomy":"product_cat","embeddable":true,"href":"https:\/\/miumjau.ee\/fi\/wp-json\/wp\/v2\/product_cat?post=45809"},{"taxonomy":"product_tag","embeddable":true,"href":"https:\/\/miumjau.ee\/fi\/wp-json\/wp\/v2\/product_tag?post=45809"}],"curies":[{"name":"wp","href":"https:\/\/api.w.org\/{rel}","templated":true}]}}