{"id":45792,"date":"2025-07-15T14:02:45","date_gmt":"2025-07-15T11:02:45","guid":{"rendered":"https:\/\/miumjau.ee\/toode\/hoyrytetty-markaruoka-kennels-favourite-kalkkuna-10x395g\/"},"modified":"2026-01-07T22:46:56","modified_gmt":"2026-01-07T20:46:56","slug":"hoyrytetty-markaruoka-kennels-favourite-kalkkuna-10x395g","status":"publish","type":"product","link":"https:\/\/miumjau.ee\/fi\/tuote\/hoyrytetty-markaruoka-kennels-favourite-kalkkuna-10x395g\/","title":{"rendered":"H\u00f6yrytetty m\u00e4rk\u00e4ruoka Kennel&#8217;s Favourite, kalkkuna 10x395g"},"content":{"rendered":"","protected":false},"excerpt":{"rendered":"<p data-start=\"2750\" data-end=\"3173\">H\u00f6yrytetty m\u00e4rk\u00e4ruoka Kennels&#8217; Favourite\u00ae on t\u00e4ysin luonnollinen, viljaton ja tasapainoinen koiran m\u00e4rk\u00e4ruoka, joka sis\u00e4lt\u00e4\u00e4 70 % aitoa, paikallisesti hankittua lihaa. Kennels&#8217; Favourite\u00ae on hell\u00e4varaisesti h\u00f6yrytetty ateria, joka sopii kaikille koiraroduille ja kaikenik\u00e4isille koirille. Se on rikastettu v\u00e4ltt\u00e4m\u00e4tt\u00f6mill\u00e4 vitamiineilla, mineraaleilla ja \u00f6ljyill\u00e4 eik\u00e4 sis\u00e4ll\u00e4 v\u00e4riaineita, s\u00e4il\u00f6nt\u00e4aineita tai aromiaineita.<\/p>\n<p data-start=\"3175\" data-end=\"3323\">\u2705 100 % Luonnolliset Ainesosat<br data-start=\"3205\" data-end=\"3208\" \/>\u2705 Yksi Proteiininl\u00e4hde<br data-start=\"3230\" data-end=\"3233\" \/>\u2705 VILJATON<br data-start=\"3243\" data-end=\"3246\" \/>\u2705 EI SIS\u00c4LL\u00c4 keinotekoisia v\u00e4riaineita, makuaineita, soijaa, munia tai maitoa<\/p>\n<p data-start=\"3325\" data-end=\"3560\"><strong data-start=\"3325\" data-end=\"3339\">Ainesosat:<\/strong> Kalkkunanliha 70 %, kuivatut porkkanalastut, tuoreet perunapalat, dehydratoidut vihre\u00e4t herneet, kuivattu tomaattikonsentraatti, auringonkukka\u00f6ljy (Omega-6), lohi\u00f6ljy (Omega-3), vitamiinit ja mineraalit. (114 Kcal\/100 g)<\/p>\n<p data-start=\"3562\" data-end=\"3893\"><strong data-start=\"3562\" data-end=\"3584\">Ravintolis\u00e4t (kg):<\/strong> Vitamiinit: A-vitamiini 2 250 IU, D3-vitamiini 328 IU, E-vitamiini 26 mg, Biotiini 60 mcg. Mineraalit: Sinkkisulfaattimonohydraatti 24,0 mg, Rautasulfaattimonohydraatti 12,5 mg, Kuparisulfaattipentahydraatti 2,50 mg, Mangaanisulfaattimonohydraatti 2,00 mg, Kalsiumjodaatti 0,45 mg, Natriumseleniitti 0,04 mg.<\/p>\n<p data-start=\"3895\" data-end=\"3996\"><strong data-start=\"3895\" data-end=\"3913\">Analyysiarvot:<\/strong> Raakavalkuainen 8 %, Rasvat ja \u00f6ljyt 13 %, Tuhka 2,5 %, Kuitu 0,5 %, Kosteus 74 %.<\/p>\n<p data-start=\"3998\" data-end=\"4363\"><strong data-start=\"3998\" data-end=\"4035\">P\u00e4ivitt\u00e4iset ruokintasuositukset:<\/strong><br data-start=\"4035\" data-end=\"4038\" \/>Koiran koko | Paino | Vain m\u00e4rk\u00e4ruoka | M\u00e4rk\u00e4 + kuivaruoka<br data-start=\"4096\" data-end=\"4099\" \/>Pieni | alle 5 kg | \u00bc \u2013 \u00bd pakkaus | \u00bc pakkaus<br data-start=\"4144\" data-end=\"4147\" \/>Pieni | 5 \u2013 10 kg | \u00bd \u2013 \u00be pakkaus | \u2153 pakkaus<br data-start=\"4192\" data-end=\"4195\" \/>Keskikokoinen | 10 \u2013 15 kg | \u00be \u2013 1 pakkaus | \u00bd pakkaus<br data-start=\"4249\" data-end=\"4252\" \/>Suuri | 15 \u2013 25 kg | 1 \u2013 1\u00bd pakkausta | \u00be pakkaus<br data-start=\"4301\" data-end=\"4304\" \/>Eritt\u00e4in suuri | 25 \u2013 45 kg | 1\u00bd \u2013 2\u2153 pakkausta | 1 pakkaus<\/p>\n<p data-start=\"4365\" data-end=\"4621\"><strong data-start=\"4365\" data-end=\"4377\">T\u00e4rke\u00e4\u00e4:<\/strong><br data-start=\"4377\" data-end=\"4380\" \/>\u2714 Tarjoa aina raikasta juomavett\u00e4.<br data-start=\"4414\" data-end=\"4417\" \/>\u2714 S\u00e4ilyt\u00e4 viile\u00e4ss\u00e4 ja kuivassa, poissa auringonvalosta.<br data-start=\"4473\" data-end=\"4476\" \/>\u2714 S\u00e4ilyt\u00e4 avattu pakkaus j\u00e4\u00e4kaapissa ja k\u00e4yt\u00e4 48 tunnin sis\u00e4ll\u00e4.<br data-start=\"4540\" data-end=\"4543\" \/>\u2714 Tarjoile huoneenl\u00e4mp\u00f6isen\u00e4 paremman maun vuoksi. K\u00e4yt\u00e4 puhdasta ruokakuppia.<\/p>\n<p data-start=\"4623\" data-end=\"4649\"><strong data-start=\"4623\" data-end=\"4638\">Nettopaino:<\/strong> 10 x 395 g<\/p>\n<p data-start=\"4651\" data-end=\"5240\">Kennels&#8217; Favourite\u00ae hankkii ainesosansa paikallisesti ja takaa t\u00e4yden j\u00e4ljitett\u00e4vyyden luotettaville tuottajille. V\u00e4lit\u00e4mme lemmikist\u00e4si ja ymp\u00e4rist\u00f6st\u00e4 \u2013 kaikki pakkaukset on valmistettu 100 % kierr\u00e4tett\u00e4vist\u00e4 materiaaleista. Tuotantoyksikk\u00f6mme on perustettu tarjoamaan laadukasta koiranruokaa, joka on valmistettu t\u00e4ysin luonnollisista ainesosista. Teemme yhteisty\u00f6t\u00e4 johtavien ravitsemusasiantuntijoiden kanssa varmistaaksemme koirasi ravitsemustarpeiden t\u00e4yttymisen. Ruokamme sis\u00e4lt\u00e4v\u00e4t nelj\u00e4 p\u00e4\u00e4ryhm\u00e4\u00e4: v\u00e4ltt\u00e4m\u00e4tt\u00f6m\u00e4t proteiinit, kuidut, vitamiinit ja mineraalit sek\u00e4 rasvat ja \u00f6ljyt.<\/p>\n<p data-start=\"5242\" data-end=\"5285\">Terve lemmikki on onnellinen lemmikki! \ud83d\udc36\ud83d\udc9a<\/p>\n","protected":false},"featured_media":40758,"template":"","meta":[],"product_brand":[],"product_cat":[479,139],"product_tag":[],"class_list":{"0":"post-45792","1":"product","2":"type-product","3":"status-publish","4":"has-post-thumbnail","6":"product_cat-markaruoka-koirille","7":"product_cat-kaup24-fi","9":"first","10":"instock","11":"sale","12":"featured","13":"taxable","14":"shipping-taxable","15":"purchasable","16":"product-type-simple"},"yoast_head":"<!-- This site is optimized with the Yoast SEO plugin v27.2 - https:\/\/yoast.com\/product\/yoast-seo-wordpress\/ -->\n<title>H\u00f6yrytetty m\u00e4rk\u00e4ruoka Kennel&#039;s Favourite, kalkkuna 10x395g - MiuMjau<\/title>\n<meta name=\"robots\" content=\"index, follow, max-snippet:-1, max-image-preview:large, max-video-preview:-1\" \/>\n<link rel=\"canonical\" href=\"https:\/\/miumjau.ee\/fi\/tuote\/hoyrytetty-markaruoka-kennels-favourite-kalkkuna-10x395g\/\" \/>\n<meta property=\"og:locale\" content=\"fi_FI\" \/>\n<meta property=\"og:type\" content=\"article\" \/>\n<meta property=\"og:title\" content=\"H\u00f6yrytetty m\u00e4rk\u00e4ruoka Kennel&#039;s Favourite, kalkkuna 10x395g - MiuMjau\" \/>\n<meta property=\"og:description\" content=\"H\u00f6yrytetty m\u00e4rk\u00e4ruoka Kennels&#039; Favourite\u00ae on t\u00e4ysin luonnollinen, viljaton ja tasapainoinen koiran m\u00e4rk\u00e4ruoka, joka sis\u00e4lt\u00e4\u00e4 70 % aitoa, paikallisesti hankittua lihaa. Kennels&#039; Favourite\u00ae on hell\u00e4varaisesti h\u00f6yrytetty ateria, joka sopii kaikille koiraroduille ja kaikenik\u00e4isille koirille. Se on rikastettu v\u00e4ltt\u00e4m\u00e4tt\u00f6mill\u00e4 vitamiineilla, mineraaleilla ja \u00f6ljyill\u00e4 eik\u00e4 sis\u00e4ll\u00e4 v\u00e4riaineita, s\u00e4il\u00f6nt\u00e4aineita tai aromiaineita. \u2705 100 % Luonnolliset Ainesosat\u2705 Yksi Proteiininl\u00e4hde\u2705 VILJATON\u2705 EI SIS\u00c4LL\u00c4 keinotekoisia v\u00e4riaineita, makuaineita, soijaa, munia tai maitoa Ainesosat: Kalkkunanliha 70 %, kuivatut porkkanalastut, tuoreet perunapalat, dehydratoidut vihre\u00e4t herneet, kuivattu tomaattikonsentraatti, auringonkukka\u00f6ljy (Omega-6), lohi\u00f6ljy (Omega-3), vitamiinit ja mineraalit. (114 Kcal\/100 g) Ravintolis\u00e4t (kg): Vitamiinit: A-vitamiini 2 250 IU, D3-vitamiini 328 IU, E-vitamiini 26 mg, Biotiini 60 mcg. Mineraalit: Sinkkisulfaattimonohydraatti 24,0 mg, Rautasulfaattimonohydraatti 12,5 mg, Kuparisulfaattipentahydraatti 2,50 mg, Mangaanisulfaattimonohydraatti 2,00 mg, Kalsiumjodaatti 0,45 mg, Natriumseleniitti 0,04 mg. Analyysiarvot: Raakavalkuainen 8 %, Rasvat ja \u00f6ljyt 13 %, Tuhka 2,5 %, Kuitu 0,5 %, Kosteus 74 %. P\u00e4ivitt\u00e4iset ruokintasuositukset:Koiran koko | Paino | Vain m\u00e4rk\u00e4ruoka | M\u00e4rk\u00e4 + kuivaruokaPieni | alle 5 kg | \u00bc \u2013 \u00bd pakkaus | \u00bc pakkausPieni | 5 \u2013 10 kg | \u00bd \u2013 \u00be pakkaus | \u2153 pakkausKeskikokoinen | 10 \u2013 15 kg | \u00be \u2013 1 pakkaus | \u00bd pakkausSuuri | 15 \u2013 25 kg | 1 \u2013 1\u00bd pakkausta | \u00be pakkausEritt\u00e4in suuri | 25 \u2013 45 kg | 1\u00bd \u2013 2\u2153 pakkausta | 1 pakkaus T\u00e4rke\u00e4\u00e4:\u2714 Tarjoa aina raikasta juomavett\u00e4.\u2714 S\u00e4ilyt\u00e4 viile\u00e4ss\u00e4 ja kuivassa, poissa auringonvalosta.\u2714 S\u00e4ilyt\u00e4 avattu pakkaus j\u00e4\u00e4kaapissa ja k\u00e4yt\u00e4 48 tunnin sis\u00e4ll\u00e4.\u2714 Tarjoile huoneenl\u00e4mp\u00f6isen\u00e4 paremman maun vuoksi. K\u00e4yt\u00e4 puhdasta ruokakuppia. Nettopaino: 10 x 395 g Kennels&#039; Favourite\u00ae hankkii ainesosansa paikallisesti ja takaa t\u00e4yden j\u00e4ljitett\u00e4vyyden luotettaville tuottajille. V\u00e4lit\u00e4mme lemmikist\u00e4si ja ymp\u00e4rist\u00f6st\u00e4 \u2013 kaikki pakkaukset on valmistettu 100 % kierr\u00e4tett\u00e4vist\u00e4 materiaaleista. Tuotantoyksikk\u00f6mme on perustettu tarjoamaan laadukasta koiranruokaa, joka on valmistettu t\u00e4ysin luonnollisista ainesosista. Teemme yhteisty\u00f6t\u00e4 johtavien ravitsemusasiantuntijoiden kanssa varmistaaksemme koirasi ravitsemustarpeiden t\u00e4yttymisen. Ruokamme sis\u00e4lt\u00e4v\u00e4t nelj\u00e4 p\u00e4\u00e4ryhm\u00e4\u00e4: v\u00e4ltt\u00e4m\u00e4tt\u00f6m\u00e4t proteiinit, kuidut, vitamiinit ja mineraalit sek\u00e4 rasvat ja \u00f6ljyt. Terve lemmikki on onnellinen lemmikki! \ud83d\udc36\ud83d\udc9a\" \/>\n<meta property=\"og:url\" content=\"https:\/\/miumjau.ee\/fi\/tuote\/hoyrytetty-markaruoka-kennels-favourite-kalkkuna-10x395g\/\" \/>\n<meta property=\"og:site_name\" content=\"MiuMjau\" \/>\n<meta property=\"article:publisher\" content=\"https:\/\/www.facebook.com\/miumjaupood\/\" \/>\n<meta property=\"article:modified_time\" content=\"2026-01-07T20:46:56+00:00\" \/>\n<meta property=\"og:image\" content=\"https:\/\/miumjau.ee\/wp-content\/uploads\/2025\/07\/kennels-favourite-10pakk3-1.jpg\" \/>\n\t<meta property=\"og:image:width\" content=\"1200\" \/>\n\t<meta property=\"og:image:height\" content=\"1600\" \/>\n\t<meta property=\"og:image:type\" content=\"image\/jpeg\" \/>\n<meta name=\"twitter:card\" content=\"summary_large_image\" \/>\n<script type=\"application\/ld+json\" class=\"yoast-schema-graph\">{\"@context\":\"https:\/\/schema.org\",\"@graph\":[{\"@type\":\"WebPage\",\"@id\":\"https:\/\/miumjau.ee\/fi\/tuote\/hoyrytetty-markaruoka-kennels-favourite-kalkkuna-10x395g\/\",\"url\":\"https:\/\/miumjau.ee\/fi\/tuote\/hoyrytetty-markaruoka-kennels-favourite-kalkkuna-10x395g\/\",\"name\":\"H\u00f6yrytetty m\u00e4rk\u00e4ruoka Kennel's Favourite, kalkkuna 10x395g - MiuMjau\",\"isPartOf\":{\"@id\":\"https:\/\/miumjau.ee\/#website\"},\"primaryImageOfPage\":{\"@id\":\"https:\/\/miumjau.ee\/fi\/tuote\/hoyrytetty-markaruoka-kennels-favourite-kalkkuna-10x395g\/#primaryimage\"},\"image\":{\"@id\":\"https:\/\/miumjau.ee\/fi\/tuote\/hoyrytetty-markaruoka-kennels-favourite-kalkkuna-10x395g\/#primaryimage\"},\"thumbnailUrl\":\"https:\/\/miumjau.ee\/wp-content\/uploads\/2025\/07\/kennels-favourite-10pakk3-1.jpg\",\"datePublished\":\"2025-07-15T11:02:45+00:00\",\"dateModified\":\"2026-01-07T20:46:56+00:00\",\"breadcrumb\":{\"@id\":\"https:\/\/miumjau.ee\/fi\/tuote\/hoyrytetty-markaruoka-kennels-favourite-kalkkuna-10x395g\/#breadcrumb\"},\"inLanguage\":\"fi\",\"potentialAction\":[{\"@type\":\"ReadAction\",\"target\":[\"https:\/\/miumjau.ee\/fi\/tuote\/hoyrytetty-markaruoka-kennels-favourite-kalkkuna-10x395g\/\"]}]},{\"@type\":\"ImageObject\",\"inLanguage\":\"fi\",\"@id\":\"https:\/\/miumjau.ee\/fi\/tuote\/hoyrytetty-markaruoka-kennels-favourite-kalkkuna-10x395g\/#primaryimage\",\"url\":\"https:\/\/miumjau.ee\/wp-content\/uploads\/2025\/07\/kennels-favourite-10pakk3-1.jpg\",\"contentUrl\":\"https:\/\/miumjau.ee\/wp-content\/uploads\/2025\/07\/kennels-favourite-10pakk3-1.jpg\",\"width\":1200,\"height\":1600,\"caption\":\"Aurutatud m\u00e4rgtoit Kennel's Favourite, monoproteiin, kalkun 10x 395g\"},{\"@type\":\"BreadcrumbList\",\"@id\":\"https:\/\/miumjau.ee\/fi\/tuote\/hoyrytetty-markaruoka-kennels-favourite-kalkkuna-10x395g\/#breadcrumb\",\"itemListElement\":[{\"@type\":\"ListItem\",\"position\":1,\"name\":\"Home\",\"item\":\"https:\/\/miumjau.ee\/fi\/\"},{\"@type\":\"ListItem\",\"position\":2,\"name\":\"Kauppa\",\"item\":\"https:\/\/miumjau.ee\/fi\/kauppa\/\"},{\"@type\":\"ListItem\",\"position\":3,\"name\":\"H\u00f6yrytetty m\u00e4rk\u00e4ruoka Kennel&#8217;s Favourite, kalkkuna 10x395g\"}]},{\"@type\":\"WebSite\",\"@id\":\"https:\/\/miumjau.ee\/#website\",\"url\":\"https:\/\/miumjau.ee\/\",\"name\":\"MiuMjau\",\"description\":\"Kraapimispuud kassidele\",\"publisher\":{\"@id\":\"https:\/\/miumjau.ee\/#organization\"},\"potentialAction\":[{\"@type\":\"SearchAction\",\"target\":{\"@type\":\"EntryPoint\",\"urlTemplate\":\"https:\/\/miumjau.ee\/?s={search_term_string}\"},\"query-input\":{\"@type\":\"PropertyValueSpecification\",\"valueRequired\":true,\"valueName\":\"search_term_string\"}}],\"inLanguage\":\"fi\"},{\"@type\":\"Organization\",\"@id\":\"https:\/\/miumjau.ee\/#organization\",\"name\":\"MiuMjau O\u00dc\",\"url\":\"https:\/\/miumjau.ee\/\",\"logo\":{\"@type\":\"ImageObject\",\"inLanguage\":\"fi\",\"@id\":\"https:\/\/miumjau.ee\/#\/schema\/logo\/image\/\",\"url\":\"https:\/\/miumjau.ee\/wp-content\/uploads\/2022\/04\/MiuMjau-logo-kollane.png\",\"contentUrl\":\"https:\/\/miumjau.ee\/wp-content\/uploads\/2022\/04\/MiuMjau-logo-kollane.png\",\"width\":219,\"height\":100,\"caption\":\"MiuMjau O\u00dc\"},\"image\":{\"@id\":\"https:\/\/miumjau.ee\/#\/schema\/logo\/image\/\"},\"sameAs\":[\"https:\/\/www.facebook.com\/miumjaupood\/\"]}]}<\/script>\n<!-- \/ Yoast SEO plugin. -->","yoast_head_json":{"title":"H\u00f6yrytetty m\u00e4rk\u00e4ruoka Kennel's Favourite, kalkkuna 10x395g - MiuMjau","robots":{"index":"index","follow":"follow","max-snippet":"max-snippet:-1","max-image-preview":"max-image-preview:large","max-video-preview":"max-video-preview:-1"},"canonical":"https:\/\/miumjau.ee\/fi\/tuote\/hoyrytetty-markaruoka-kennels-favourite-kalkkuna-10x395g\/","og_locale":"fi_FI","og_type":"article","og_title":"H\u00f6yrytetty m\u00e4rk\u00e4ruoka Kennel's Favourite, kalkkuna 10x395g - MiuMjau","og_description":"H\u00f6yrytetty m\u00e4rk\u00e4ruoka Kennels' Favourite\u00ae on t\u00e4ysin luonnollinen, viljaton ja tasapainoinen koiran m\u00e4rk\u00e4ruoka, joka sis\u00e4lt\u00e4\u00e4 70 % aitoa, paikallisesti hankittua lihaa. Kennels' Favourite\u00ae on hell\u00e4varaisesti h\u00f6yrytetty ateria, joka sopii kaikille koiraroduille ja kaikenik\u00e4isille koirille. Se on rikastettu v\u00e4ltt\u00e4m\u00e4tt\u00f6mill\u00e4 vitamiineilla, mineraaleilla ja \u00f6ljyill\u00e4 eik\u00e4 sis\u00e4ll\u00e4 v\u00e4riaineita, s\u00e4il\u00f6nt\u00e4aineita tai aromiaineita. \u2705 100 % Luonnolliset Ainesosat\u2705 Yksi Proteiininl\u00e4hde\u2705 VILJATON\u2705 EI SIS\u00c4LL\u00c4 keinotekoisia v\u00e4riaineita, makuaineita, soijaa, munia tai maitoa Ainesosat: Kalkkunanliha 70 %, kuivatut porkkanalastut, tuoreet perunapalat, dehydratoidut vihre\u00e4t herneet, kuivattu tomaattikonsentraatti, auringonkukka\u00f6ljy (Omega-6), lohi\u00f6ljy (Omega-3), vitamiinit ja mineraalit. (114 Kcal\/100 g) Ravintolis\u00e4t (kg): Vitamiinit: A-vitamiini 2 250 IU, D3-vitamiini 328 IU, E-vitamiini 26 mg, Biotiini 60 mcg. Mineraalit: Sinkkisulfaattimonohydraatti 24,0 mg, Rautasulfaattimonohydraatti 12,5 mg, Kuparisulfaattipentahydraatti 2,50 mg, Mangaanisulfaattimonohydraatti 2,00 mg, Kalsiumjodaatti 0,45 mg, Natriumseleniitti 0,04 mg. Analyysiarvot: Raakavalkuainen 8 %, Rasvat ja \u00f6ljyt 13 %, Tuhka 2,5 %, Kuitu 0,5 %, Kosteus 74 %. P\u00e4ivitt\u00e4iset ruokintasuositukset:Koiran koko | Paino | Vain m\u00e4rk\u00e4ruoka | M\u00e4rk\u00e4 + kuivaruokaPieni | alle 5 kg | \u00bc \u2013 \u00bd pakkaus | \u00bc pakkausPieni | 5 \u2013 10 kg | \u00bd \u2013 \u00be pakkaus | \u2153 pakkausKeskikokoinen | 10 \u2013 15 kg | \u00be \u2013 1 pakkaus | \u00bd pakkausSuuri | 15 \u2013 25 kg | 1 \u2013 1\u00bd pakkausta | \u00be pakkausEritt\u00e4in suuri | 25 \u2013 45 kg | 1\u00bd \u2013 2\u2153 pakkausta | 1 pakkaus T\u00e4rke\u00e4\u00e4:\u2714 Tarjoa aina raikasta juomavett\u00e4.\u2714 S\u00e4ilyt\u00e4 viile\u00e4ss\u00e4 ja kuivassa, poissa auringonvalosta.\u2714 S\u00e4ilyt\u00e4 avattu pakkaus j\u00e4\u00e4kaapissa ja k\u00e4yt\u00e4 48 tunnin sis\u00e4ll\u00e4.\u2714 Tarjoile huoneenl\u00e4mp\u00f6isen\u00e4 paremman maun vuoksi. K\u00e4yt\u00e4 puhdasta ruokakuppia. Nettopaino: 10 x 395 g Kennels' Favourite\u00ae hankkii ainesosansa paikallisesti ja takaa t\u00e4yden j\u00e4ljitett\u00e4vyyden luotettaville tuottajille. V\u00e4lit\u00e4mme lemmikist\u00e4si ja ymp\u00e4rist\u00f6st\u00e4 \u2013 kaikki pakkaukset on valmistettu 100 % kierr\u00e4tett\u00e4vist\u00e4 materiaaleista. Tuotantoyksikk\u00f6mme on perustettu tarjoamaan laadukasta koiranruokaa, joka on valmistettu t\u00e4ysin luonnollisista ainesosista. Teemme yhteisty\u00f6t\u00e4 johtavien ravitsemusasiantuntijoiden kanssa varmistaaksemme koirasi ravitsemustarpeiden t\u00e4yttymisen. Ruokamme sis\u00e4lt\u00e4v\u00e4t nelj\u00e4 p\u00e4\u00e4ryhm\u00e4\u00e4: v\u00e4ltt\u00e4m\u00e4tt\u00f6m\u00e4t proteiinit, kuidut, vitamiinit ja mineraalit sek\u00e4 rasvat ja \u00f6ljyt. Terve lemmikki on onnellinen lemmikki! \ud83d\udc36\ud83d\udc9a","og_url":"https:\/\/miumjau.ee\/fi\/tuote\/hoyrytetty-markaruoka-kennels-favourite-kalkkuna-10x395g\/","og_site_name":"MiuMjau","article_publisher":"https:\/\/www.facebook.com\/miumjaupood\/","article_modified_time":"2026-01-07T20:46:56+00:00","og_image":[{"width":1200,"height":1600,"url":"https:\/\/miumjau.ee\/wp-content\/uploads\/2025\/07\/kennels-favourite-10pakk3-1.jpg","type":"image\/jpeg"}],"twitter_card":"summary_large_image","schema":{"@context":"https:\/\/schema.org","@graph":[{"@type":"WebPage","@id":"https:\/\/miumjau.ee\/fi\/tuote\/hoyrytetty-markaruoka-kennels-favourite-kalkkuna-10x395g\/","url":"https:\/\/miumjau.ee\/fi\/tuote\/hoyrytetty-markaruoka-kennels-favourite-kalkkuna-10x395g\/","name":"H\u00f6yrytetty m\u00e4rk\u00e4ruoka Kennel's Favourite, kalkkuna 10x395g - MiuMjau","isPartOf":{"@id":"https:\/\/miumjau.ee\/#website"},"primaryImageOfPage":{"@id":"https:\/\/miumjau.ee\/fi\/tuote\/hoyrytetty-markaruoka-kennels-favourite-kalkkuna-10x395g\/#primaryimage"},"image":{"@id":"https:\/\/miumjau.ee\/fi\/tuote\/hoyrytetty-markaruoka-kennels-favourite-kalkkuna-10x395g\/#primaryimage"},"thumbnailUrl":"https:\/\/miumjau.ee\/wp-content\/uploads\/2025\/07\/kennels-favourite-10pakk3-1.jpg","datePublished":"2025-07-15T11:02:45+00:00","dateModified":"2026-01-07T20:46:56+00:00","breadcrumb":{"@id":"https:\/\/miumjau.ee\/fi\/tuote\/hoyrytetty-markaruoka-kennels-favourite-kalkkuna-10x395g\/#breadcrumb"},"inLanguage":"fi","potentialAction":[{"@type":"ReadAction","target":["https:\/\/miumjau.ee\/fi\/tuote\/hoyrytetty-markaruoka-kennels-favourite-kalkkuna-10x395g\/"]}]},{"@type":"ImageObject","inLanguage":"fi","@id":"https:\/\/miumjau.ee\/fi\/tuote\/hoyrytetty-markaruoka-kennels-favourite-kalkkuna-10x395g\/#primaryimage","url":"https:\/\/miumjau.ee\/wp-content\/uploads\/2025\/07\/kennels-favourite-10pakk3-1.jpg","contentUrl":"https:\/\/miumjau.ee\/wp-content\/uploads\/2025\/07\/kennels-favourite-10pakk3-1.jpg","width":1200,"height":1600,"caption":"Aurutatud m\u00e4rgtoit Kennel's Favourite, monoproteiin, kalkun 10x 395g"},{"@type":"BreadcrumbList","@id":"https:\/\/miumjau.ee\/fi\/tuote\/hoyrytetty-markaruoka-kennels-favourite-kalkkuna-10x395g\/#breadcrumb","itemListElement":[{"@type":"ListItem","position":1,"name":"Home","item":"https:\/\/miumjau.ee\/fi\/"},{"@type":"ListItem","position":2,"name":"Kauppa","item":"https:\/\/miumjau.ee\/fi\/kauppa\/"},{"@type":"ListItem","position":3,"name":"H\u00f6yrytetty m\u00e4rk\u00e4ruoka Kennel&#8217;s Favourite, kalkkuna 10x395g"}]},{"@type":"WebSite","@id":"https:\/\/miumjau.ee\/#website","url":"https:\/\/miumjau.ee\/","name":"MiuMjau","description":"Kraapimispuud kassidele","publisher":{"@id":"https:\/\/miumjau.ee\/#organization"},"potentialAction":[{"@type":"SearchAction","target":{"@type":"EntryPoint","urlTemplate":"https:\/\/miumjau.ee\/?s={search_term_string}"},"query-input":{"@type":"PropertyValueSpecification","valueRequired":true,"valueName":"search_term_string"}}],"inLanguage":"fi"},{"@type":"Organization","@id":"https:\/\/miumjau.ee\/#organization","name":"MiuMjau O\u00dc","url":"https:\/\/miumjau.ee\/","logo":{"@type":"ImageObject","inLanguage":"fi","@id":"https:\/\/miumjau.ee\/#\/schema\/logo\/image\/","url":"https:\/\/miumjau.ee\/wp-content\/uploads\/2022\/04\/MiuMjau-logo-kollane.png","contentUrl":"https:\/\/miumjau.ee\/wp-content\/uploads\/2022\/04\/MiuMjau-logo-kollane.png","width":219,"height":100,"caption":"MiuMjau O\u00dc"},"image":{"@id":"https:\/\/miumjau.ee\/#\/schema\/logo\/image\/"},"sameAs":["https:\/\/www.facebook.com\/miumjaupood\/"]}]}},"_links":{"self":[{"href":"https:\/\/miumjau.ee\/fi\/wp-json\/wp\/v2\/product\/45792","targetHints":{"allow":["GET"]}}],"collection":[{"href":"https:\/\/miumjau.ee\/fi\/wp-json\/wp\/v2\/product"}],"about":[{"href":"https:\/\/miumjau.ee\/fi\/wp-json\/wp\/v2\/types\/product"}],"wp:featuredmedia":[{"embeddable":true,"href":"https:\/\/miumjau.ee\/fi\/wp-json\/wp\/v2\/media\/40758"}],"wp:attachment":[{"href":"https:\/\/miumjau.ee\/fi\/wp-json\/wp\/v2\/media?parent=45792"}],"wp:term":[{"taxonomy":"product_brand","embeddable":true,"href":"https:\/\/miumjau.ee\/fi\/wp-json\/wp\/v2\/product_brand?post=45792"},{"taxonomy":"product_cat","embeddable":true,"href":"https:\/\/miumjau.ee\/fi\/wp-json\/wp\/v2\/product_cat?post=45792"},{"taxonomy":"product_tag","embeddable":true,"href":"https:\/\/miumjau.ee\/fi\/wp-json\/wp\/v2\/product_tag?post=45792"}],"curies":[{"name":"wp","href":"https:\/\/api.w.org\/{rel}","templated":true}]}}