{"id":45778,"date":"2025-11-26T20:19:58","date_gmt":"2025-11-26T18:19:58","guid":{"rendered":"https:\/\/miumjau.ee\/?post_type=product&#038;p=45778"},"modified":"2026-01-07T22:47:03","modified_gmt":"2026-01-07T20:47:03","slug":"ibero-natural-junior-sailyke-naudalla-400g-kopeeri","status":"publish","type":"product","link":"https:\/\/miumjau.ee\/fi\/tuote\/ibero-natural-junior-sailyke-naudalla-400g-kopeeri\/","title":{"rendered":"Ibero Natural Junior S\u00e4ilyke Naudalla 1200g"},"content":{"rendered":"","protected":false},"excerpt":{"rendered":"<p data-start=\"1402\" data-end=\"1789\">100 % lihaa sis\u00e4lt\u00e4v\u00e4 herkullinen s\u00e4ilykeruoka koirille. T\u00e4ydennysravinto, joka on luonnollinen koirille. Koirat tarvitsevat suuren m\u00e4\u00e4r\u00e4n laadukasta lihaa ja sivutuotteita tyydytt\u00e4\u00e4kseen suurimman osan ravitsemuksellisista tarpeistaan. Ibero NATURAL -tuotteet sis\u00e4lt\u00e4v\u00e4t 100 % naudanlihaa ja sivutuotteita, jotka ovat runsaasti vitamiineja, mineraaleja ja v\u00e4ltt\u00e4m\u00e4tt\u00f6mi\u00e4 aminohappoja.<\/p>\n<p data-start=\"1791\" data-end=\"1887\"><strong data-start=\"1791\" data-end=\"1805\">Ainesosat:<\/strong> Naudanliha, naudan sis\u00e4elimet (keuhkot, maksa, syd\u00e4n, munuaiset, perna, utare).<\/p>\n<p data-start=\"1889\" data-end=\"2005\"><strong data-start=\"1889\" data-end=\"1915\">Analyyttiset aineosat:<\/strong> Raakaproteiini 16 %, raakarasva 11 %, raakakuitu 0,5 %, raakatuhka 2,5 %, kosteus 70 %.<\/p>\n<p data-start=\"2007\" data-end=\"2431\">Raaka-aineet takaavat korkean luonnollisen vitamiinien (A, E, D), aminohappojen (lysiini, metioniini, kystiini) ja mineraalien sis\u00e4ll\u00f6n. Tuote ei sis\u00e4ll\u00e4 soijaa. Valmistettu ilman maku- ja hajuaineita, s\u00e4il\u00f6nt\u00e4aineita tai v\u00e4riaineita. Valmistus tapahtuu jatkuvan kansallisen el\u00e4inl\u00e4\u00e4kint\u00e4valvonnan alaisena. Tarjoile huoneenl\u00e4mp\u00f6isen\u00e4 t\u00e4ydennysruokana. S\u00e4ilyt\u00e4 j\u00e4\u00e4kaapissa avattuna. S\u00e4ilyt\u00e4 viile\u00e4ss\u00e4 ja kuivassa paikassa.<\/p>\n<p data-start=\"2433\" data-end=\"2595\"><strong data-start=\"2433\" data-end=\"2454\">Ruokintasuositus:<\/strong> T\u00e4ydennysruoka, ihanteellinen yhdistett\u00e4v\u00e4ksi kuivaruokaan. Jos ruokitaan vain s\u00e4ilykkeell\u00e4 joillain p\u00e4ivill\u00e4, suositeltu 24 tunnin m\u00e4\u00e4r\u00e4:<\/p>\n<ul data-start=\"2596\" data-end=\"2716\">\n<li data-start=\"2596\" data-end=\"2621\">\n<p data-start=\"2598\" data-end=\"2621\">Alle 2 kg koira: 60 g<\/p>\n<\/li>\n<li data-start=\"2622\" data-end=\"2639\">\n<p data-start=\"2624\" data-end=\"2639\">2\u20133 kg: 120 g<\/p>\n<\/li>\n<li data-start=\"2640\" data-end=\"2657\">\n<p data-start=\"2642\" data-end=\"2657\">3\u20135 kg: 240 g<\/p>\n<\/li>\n<li data-start=\"2658\" data-end=\"2676\">\n<p data-start=\"2660\" data-end=\"2676\">5\u201310 kg: 400 g<\/p>\n<\/li>\n<li data-start=\"2677\" data-end=\"2696\">\n<p data-start=\"2679\" data-end=\"2696\">10\u201320 kg: 600 g<\/p>\n<\/li>\n<li data-start=\"2697\" data-end=\"2716\">\n<p data-start=\"2699\" data-end=\"2716\">20\u201330 kg: 800 g<\/p>\n<\/li>\n<\/ul>\n","protected":false},"featured_media":37960,"template":"","meta":[],"product_brand":[],"product_cat":[479],"product_tag":[],"class_list":{"0":"post-45778","1":"product","2":"type-product","3":"status-publish","4":"has-post-thumbnail","6":"product_cat-markaruoka-koirille","8":"first","9":"instock","10":"sale","11":"taxable","12":"shipping-taxable","13":"purchasable","14":"product-type-simple"},"yoast_head":"<!-- This site is optimized with the Yoast SEO plugin v27.4 - https:\/\/yoast.com\/product\/yoast-seo-wordpress\/ -->\n<title>Ibero Natural Junior S\u00e4ilyke Naudalla 1200g - MiuMjau<\/title>\n<meta name=\"robots\" content=\"index, follow, max-snippet:-1, max-image-preview:large, max-video-preview:-1\" \/>\n<link rel=\"canonical\" href=\"https:\/\/miumjau.ee\/fi\/tuote\/ibero-natural-junior-sailyke-naudalla-400g-kopeeri\/\" \/>\n<meta property=\"og:locale\" content=\"fi_FI\" \/>\n<meta property=\"og:type\" content=\"article\" \/>\n<meta property=\"og:title\" content=\"Ibero Natural Junior S\u00e4ilyke Naudalla 1200g - MiuMjau\" \/>\n<meta property=\"og:description\" content=\"100 % lihaa sis\u00e4lt\u00e4v\u00e4 herkullinen s\u00e4ilykeruoka koirille. T\u00e4ydennysravinto, joka on luonnollinen koirille. Koirat tarvitsevat suuren m\u00e4\u00e4r\u00e4n laadukasta lihaa ja sivutuotteita tyydytt\u00e4\u00e4kseen suurimman osan ravitsemuksellisista tarpeistaan. Ibero NATURAL -tuotteet sis\u00e4lt\u00e4v\u00e4t 100 % naudanlihaa ja sivutuotteita, jotka ovat runsaasti vitamiineja, mineraaleja ja v\u00e4ltt\u00e4m\u00e4tt\u00f6mi\u00e4 aminohappoja. Ainesosat: Naudanliha, naudan sis\u00e4elimet (keuhkot, maksa, syd\u00e4n, munuaiset, perna, utare). Analyyttiset aineosat: Raakaproteiini 16 %, raakarasva 11 %, raakakuitu 0,5 %, raakatuhka 2,5 %, kosteus 70 %. Raaka-aineet takaavat korkean luonnollisen vitamiinien (A, E, D), aminohappojen (lysiini, metioniini, kystiini) ja mineraalien sis\u00e4ll\u00f6n. Tuote ei sis\u00e4ll\u00e4 soijaa. Valmistettu ilman maku- ja hajuaineita, s\u00e4il\u00f6nt\u00e4aineita tai v\u00e4riaineita. Valmistus tapahtuu jatkuvan kansallisen el\u00e4inl\u00e4\u00e4kint\u00e4valvonnan alaisena. Tarjoile huoneenl\u00e4mp\u00f6isen\u00e4 t\u00e4ydennysruokana. S\u00e4ilyt\u00e4 j\u00e4\u00e4kaapissa avattuna. S\u00e4ilyt\u00e4 viile\u00e4ss\u00e4 ja kuivassa paikassa. Ruokintasuositus: T\u00e4ydennysruoka, ihanteellinen yhdistett\u00e4v\u00e4ksi kuivaruokaan. Jos ruokitaan vain s\u00e4ilykkeell\u00e4 joillain p\u00e4ivill\u00e4, suositeltu 24 tunnin m\u00e4\u00e4r\u00e4:     Alle 2 kg koira: 60 g    2\u20133 kg: 120 g    3\u20135 kg: 240 g    5\u201310 kg: 400 g    10\u201320 kg: 600 g    20\u201330 kg: 800 g\" \/>\n<meta property=\"og:url\" content=\"https:\/\/miumjau.ee\/fi\/tuote\/ibero-natural-junior-sailyke-naudalla-400g-kopeeri\/\" \/>\n<meta property=\"og:site_name\" content=\"MiuMjau\" \/>\n<meta property=\"article:publisher\" content=\"https:\/\/www.facebook.com\/miumjaupood\/\" \/>\n<meta property=\"article:modified_time\" content=\"2026-01-07T20:47:03+00:00\" \/>\n<meta property=\"og:image\" content=\"https:\/\/miumjau.ee\/wp-content\/uploads\/2025\/07\/ibero-junior-konserv-koertele-veis.jpg\" \/>\n\t<meta property=\"og:image:width\" content=\"600\" \/>\n\t<meta property=\"og:image:height\" content=\"800\" \/>\n\t<meta property=\"og:image:type\" content=\"image\/jpeg\" \/>\n<meta name=\"twitter:card\" content=\"summary_large_image\" \/>\n<script type=\"application\/ld+json\" class=\"yoast-schema-graph\">{\"@context\":\"https:\\\/\\\/schema.org\",\"@graph\":[{\"@type\":\"WebPage\",\"@id\":\"https:\\\/\\\/miumjau.ee\\\/fi\\\/tuote\\\/ibero-natural-junior-sailyke-naudalla-400g-kopeeri\\\/\",\"url\":\"https:\\\/\\\/miumjau.ee\\\/fi\\\/tuote\\\/ibero-natural-junior-sailyke-naudalla-400g-kopeeri\\\/\",\"name\":\"Ibero Natural Junior S\u00e4ilyke Naudalla 1200g - MiuMjau\",\"isPartOf\":{\"@id\":\"https:\\\/\\\/miumjau.ee\\\/#website\"},\"primaryImageOfPage\":{\"@id\":\"https:\\\/\\\/miumjau.ee\\\/fi\\\/tuote\\\/ibero-natural-junior-sailyke-naudalla-400g-kopeeri\\\/#primaryimage\"},\"image\":{\"@id\":\"https:\\\/\\\/miumjau.ee\\\/fi\\\/tuote\\\/ibero-natural-junior-sailyke-naudalla-400g-kopeeri\\\/#primaryimage\"},\"thumbnailUrl\":\"https:\\\/\\\/miumjau.ee\\\/wp-content\\\/uploads\\\/2025\\\/07\\\/ibero-junior-konserv-koertele-veis.jpg\",\"datePublished\":\"2025-11-26T18:19:58+00:00\",\"dateModified\":\"2026-01-07T20:47:03+00:00\",\"breadcrumb\":{\"@id\":\"https:\\\/\\\/miumjau.ee\\\/fi\\\/tuote\\\/ibero-natural-junior-sailyke-naudalla-400g-kopeeri\\\/#breadcrumb\"},\"inLanguage\":\"fi\",\"potentialAction\":[{\"@type\":\"ReadAction\",\"target\":[\"https:\\\/\\\/miumjau.ee\\\/fi\\\/tuote\\\/ibero-natural-junior-sailyke-naudalla-400g-kopeeri\\\/\"]}]},{\"@type\":\"ImageObject\",\"inLanguage\":\"fi\",\"@id\":\"https:\\\/\\\/miumjau.ee\\\/fi\\\/tuote\\\/ibero-natural-junior-sailyke-naudalla-400g-kopeeri\\\/#primaryimage\",\"url\":\"https:\\\/\\\/miumjau.ee\\\/wp-content\\\/uploads\\\/2025\\\/07\\\/ibero-junior-konserv-koertele-veis.jpg\",\"contentUrl\":\"https:\\\/\\\/miumjau.ee\\\/wp-content\\\/uploads\\\/2025\\\/07\\\/ibero-junior-konserv-koertele-veis.jpg\",\"width\":600,\"height\":800,\"caption\":\"Ibero Natural Junior konserv veisega 400g\"},{\"@type\":\"BreadcrumbList\",\"@id\":\"https:\\\/\\\/miumjau.ee\\\/fi\\\/tuote\\\/ibero-natural-junior-sailyke-naudalla-400g-kopeeri\\\/#breadcrumb\",\"itemListElement\":[{\"@type\":\"ListItem\",\"position\":1,\"name\":\"Home\",\"item\":\"https:\\\/\\\/miumjau.ee\\\/fi\\\/\"},{\"@type\":\"ListItem\",\"position\":2,\"name\":\"Kauppa\",\"item\":\"https:\\\/\\\/miumjau.ee\\\/fi\\\/kauppa\\\/\"},{\"@type\":\"ListItem\",\"position\":3,\"name\":\"Ibero Natural Junior S\u00e4ilyke Naudalla 1200g\"}]},{\"@type\":\"WebSite\",\"@id\":\"https:\\\/\\\/miumjau.ee\\\/#website\",\"url\":\"https:\\\/\\\/miumjau.ee\\\/\",\"name\":\"MiuMjau\",\"description\":\"Kraapimispuud kassidele\",\"publisher\":{\"@id\":\"https:\\\/\\\/miumjau.ee\\\/#organization\"},\"potentialAction\":[{\"@type\":\"SearchAction\",\"target\":{\"@type\":\"EntryPoint\",\"urlTemplate\":\"https:\\\/\\\/miumjau.ee\\\/?s={search_term_string}\"},\"query-input\":{\"@type\":\"PropertyValueSpecification\",\"valueRequired\":true,\"valueName\":\"search_term_string\"}}],\"inLanguage\":\"fi\"},{\"@type\":\"Organization\",\"@id\":\"https:\\\/\\\/miumjau.ee\\\/#organization\",\"name\":\"MiuMjau O\u00dc\",\"url\":\"https:\\\/\\\/miumjau.ee\\\/\",\"logo\":{\"@type\":\"ImageObject\",\"inLanguage\":\"fi\",\"@id\":\"https:\\\/\\\/miumjau.ee\\\/#\\\/schema\\\/logo\\\/image\\\/\",\"url\":\"https:\\\/\\\/miumjau.ee\\\/wp-content\\\/uploads\\\/2022\\\/04\\\/MiuMjau-logo-kollane.png\",\"contentUrl\":\"https:\\\/\\\/miumjau.ee\\\/wp-content\\\/uploads\\\/2022\\\/04\\\/MiuMjau-logo-kollane.png\",\"width\":219,\"height\":100,\"caption\":\"MiuMjau O\u00dc\"},\"image\":{\"@id\":\"https:\\\/\\\/miumjau.ee\\\/#\\\/schema\\\/logo\\\/image\\\/\"},\"sameAs\":[\"https:\\\/\\\/www.facebook.com\\\/miumjaupood\\\/\"]}]}<\/script>\n<!-- \/ Yoast SEO plugin. -->","yoast_head_json":{"title":"Ibero Natural Junior S\u00e4ilyke Naudalla 1200g - MiuMjau","robots":{"index":"index","follow":"follow","max-snippet":"max-snippet:-1","max-image-preview":"max-image-preview:large","max-video-preview":"max-video-preview:-1"},"canonical":"https:\/\/miumjau.ee\/fi\/tuote\/ibero-natural-junior-sailyke-naudalla-400g-kopeeri\/","og_locale":"fi_FI","og_type":"article","og_title":"Ibero Natural Junior S\u00e4ilyke Naudalla 1200g - MiuMjau","og_description":"100 % lihaa sis\u00e4lt\u00e4v\u00e4 herkullinen s\u00e4ilykeruoka koirille. T\u00e4ydennysravinto, joka on luonnollinen koirille. Koirat tarvitsevat suuren m\u00e4\u00e4r\u00e4n laadukasta lihaa ja sivutuotteita tyydytt\u00e4\u00e4kseen suurimman osan ravitsemuksellisista tarpeistaan. Ibero NATURAL -tuotteet sis\u00e4lt\u00e4v\u00e4t 100 % naudanlihaa ja sivutuotteita, jotka ovat runsaasti vitamiineja, mineraaleja ja v\u00e4ltt\u00e4m\u00e4tt\u00f6mi\u00e4 aminohappoja. Ainesosat: Naudanliha, naudan sis\u00e4elimet (keuhkot, maksa, syd\u00e4n, munuaiset, perna, utare). Analyyttiset aineosat: Raakaproteiini 16 %, raakarasva 11 %, raakakuitu 0,5 %, raakatuhka 2,5 %, kosteus 70 %. Raaka-aineet takaavat korkean luonnollisen vitamiinien (A, E, D), aminohappojen (lysiini, metioniini, kystiini) ja mineraalien sis\u00e4ll\u00f6n. Tuote ei sis\u00e4ll\u00e4 soijaa. Valmistettu ilman maku- ja hajuaineita, s\u00e4il\u00f6nt\u00e4aineita tai v\u00e4riaineita. Valmistus tapahtuu jatkuvan kansallisen el\u00e4inl\u00e4\u00e4kint\u00e4valvonnan alaisena. Tarjoile huoneenl\u00e4mp\u00f6isen\u00e4 t\u00e4ydennysruokana. S\u00e4ilyt\u00e4 j\u00e4\u00e4kaapissa avattuna. S\u00e4ilyt\u00e4 viile\u00e4ss\u00e4 ja kuivassa paikassa. Ruokintasuositus: T\u00e4ydennysruoka, ihanteellinen yhdistett\u00e4v\u00e4ksi kuivaruokaan. Jos ruokitaan vain s\u00e4ilykkeell\u00e4 joillain p\u00e4ivill\u00e4, suositeltu 24 tunnin m\u00e4\u00e4r\u00e4:     Alle 2 kg koira: 60 g    2\u20133 kg: 120 g    3\u20135 kg: 240 g    5\u201310 kg: 400 g    10\u201320 kg: 600 g    20\u201330 kg: 800 g","og_url":"https:\/\/miumjau.ee\/fi\/tuote\/ibero-natural-junior-sailyke-naudalla-400g-kopeeri\/","og_site_name":"MiuMjau","article_publisher":"https:\/\/www.facebook.com\/miumjaupood\/","article_modified_time":"2026-01-07T20:47:03+00:00","og_image":[{"width":600,"height":800,"url":"https:\/\/miumjau.ee\/wp-content\/uploads\/2025\/07\/ibero-junior-konserv-koertele-veis.jpg","type":"image\/jpeg"}],"twitter_card":"summary_large_image","schema":{"@context":"https:\/\/schema.org","@graph":[{"@type":"WebPage","@id":"https:\/\/miumjau.ee\/fi\/tuote\/ibero-natural-junior-sailyke-naudalla-400g-kopeeri\/","url":"https:\/\/miumjau.ee\/fi\/tuote\/ibero-natural-junior-sailyke-naudalla-400g-kopeeri\/","name":"Ibero Natural Junior S\u00e4ilyke Naudalla 1200g - MiuMjau","isPartOf":{"@id":"https:\/\/miumjau.ee\/#website"},"primaryImageOfPage":{"@id":"https:\/\/miumjau.ee\/fi\/tuote\/ibero-natural-junior-sailyke-naudalla-400g-kopeeri\/#primaryimage"},"image":{"@id":"https:\/\/miumjau.ee\/fi\/tuote\/ibero-natural-junior-sailyke-naudalla-400g-kopeeri\/#primaryimage"},"thumbnailUrl":"https:\/\/miumjau.ee\/wp-content\/uploads\/2025\/07\/ibero-junior-konserv-koertele-veis.jpg","datePublished":"2025-11-26T18:19:58+00:00","dateModified":"2026-01-07T20:47:03+00:00","breadcrumb":{"@id":"https:\/\/miumjau.ee\/fi\/tuote\/ibero-natural-junior-sailyke-naudalla-400g-kopeeri\/#breadcrumb"},"inLanguage":"fi","potentialAction":[{"@type":"ReadAction","target":["https:\/\/miumjau.ee\/fi\/tuote\/ibero-natural-junior-sailyke-naudalla-400g-kopeeri\/"]}]},{"@type":"ImageObject","inLanguage":"fi","@id":"https:\/\/miumjau.ee\/fi\/tuote\/ibero-natural-junior-sailyke-naudalla-400g-kopeeri\/#primaryimage","url":"https:\/\/miumjau.ee\/wp-content\/uploads\/2025\/07\/ibero-junior-konserv-koertele-veis.jpg","contentUrl":"https:\/\/miumjau.ee\/wp-content\/uploads\/2025\/07\/ibero-junior-konserv-koertele-veis.jpg","width":600,"height":800,"caption":"Ibero Natural Junior konserv veisega 400g"},{"@type":"BreadcrumbList","@id":"https:\/\/miumjau.ee\/fi\/tuote\/ibero-natural-junior-sailyke-naudalla-400g-kopeeri\/#breadcrumb","itemListElement":[{"@type":"ListItem","position":1,"name":"Home","item":"https:\/\/miumjau.ee\/fi\/"},{"@type":"ListItem","position":2,"name":"Kauppa","item":"https:\/\/miumjau.ee\/fi\/kauppa\/"},{"@type":"ListItem","position":3,"name":"Ibero Natural Junior S\u00e4ilyke Naudalla 1200g"}]},{"@type":"WebSite","@id":"https:\/\/miumjau.ee\/#website","url":"https:\/\/miumjau.ee\/","name":"MiuMjau","description":"Kraapimispuud kassidele","publisher":{"@id":"https:\/\/miumjau.ee\/#organization"},"potentialAction":[{"@type":"SearchAction","target":{"@type":"EntryPoint","urlTemplate":"https:\/\/miumjau.ee\/?s={search_term_string}"},"query-input":{"@type":"PropertyValueSpecification","valueRequired":true,"valueName":"search_term_string"}}],"inLanguage":"fi"},{"@type":"Organization","@id":"https:\/\/miumjau.ee\/#organization","name":"MiuMjau O\u00dc","url":"https:\/\/miumjau.ee\/","logo":{"@type":"ImageObject","inLanguage":"fi","@id":"https:\/\/miumjau.ee\/#\/schema\/logo\/image\/","url":"https:\/\/miumjau.ee\/wp-content\/uploads\/2022\/04\/MiuMjau-logo-kollane.png","contentUrl":"https:\/\/miumjau.ee\/wp-content\/uploads\/2022\/04\/MiuMjau-logo-kollane.png","width":219,"height":100,"caption":"MiuMjau O\u00dc"},"image":{"@id":"https:\/\/miumjau.ee\/#\/schema\/logo\/image\/"},"sameAs":["https:\/\/www.facebook.com\/miumjaupood\/"]}]}},"_links":{"self":[{"href":"https:\/\/miumjau.ee\/fi\/wp-json\/wp\/v2\/product\/45778","targetHints":{"allow":["GET"]}}],"collection":[{"href":"https:\/\/miumjau.ee\/fi\/wp-json\/wp\/v2\/product"}],"about":[{"href":"https:\/\/miumjau.ee\/fi\/wp-json\/wp\/v2\/types\/product"}],"wp:featuredmedia":[{"embeddable":true,"href":"https:\/\/miumjau.ee\/fi\/wp-json\/wp\/v2\/media\/37960"}],"wp:attachment":[{"href":"https:\/\/miumjau.ee\/fi\/wp-json\/wp\/v2\/media?parent=45778"}],"wp:term":[{"taxonomy":"product_brand","embeddable":true,"href":"https:\/\/miumjau.ee\/fi\/wp-json\/wp\/v2\/product_brand?post=45778"},{"taxonomy":"product_cat","embeddable":true,"href":"https:\/\/miumjau.ee\/fi\/wp-json\/wp\/v2\/product_cat?post=45778"},{"taxonomy":"product_tag","embeddable":true,"href":"https:\/\/miumjau.ee\/fi\/wp-json\/wp\/v2\/product_tag?post=45778"}],"curies":[{"name":"wp","href":"https:\/\/api.w.org\/{rel}","templated":true}]}}