{"id":45736,"date":"2025-07-15T14:02:38","date_gmt":"2025-07-15T11:02:38","guid":{"rendered":"https:\/\/miumjau.ee\/toode\/kennels-favourite-hoyrytetty-markaruoka-ankka-10x-395g\/"},"modified":"2026-01-07T22:47:03","modified_gmt":"2026-01-07T20:47:03","slug":"kennels-favourite-hoyrytetty-markaruoka-ankka-10x-395g","status":"publish","type":"product","link":"https:\/\/miumjau.ee\/fi\/tuote\/kennels-favourite-hoyrytetty-markaruoka-ankka-10x-395g\/","title":{"rendered":"Kennel&#8217;s Favourite H\u00f6yrytetty M\u00e4rk\u00e4ruoka, Ankka 10x 395g"},"content":{"rendered":"","protected":false},"excerpt":{"rendered":"<p data-start=\"2527\" data-end=\"2902\">Kennels&#8217; Favourite\u00ae h\u00f6yrytetty m\u00e4rk\u00e4ruoka on t\u00e4ysin luonnollinen, viljaton ja tasapainoinen m\u00e4rk\u00e4koiranruoka, joka sis\u00e4lt\u00e4\u00e4 70 % oikeaa, paikallisesti hankittua lihaa. Hell\u00e4varaisesti h\u00f6yrytetty, sopii kaikille roduille ja ik\u00e4ryhmille. Rikastettu t\u00e4rkeill\u00e4 vitamiineilla, kivenn\u00e4isaineilla ja \u00f6ljyill\u00e4. Ei sis\u00e4ll\u00e4 keinotekoisia v\u00e4riaineita, s\u00e4il\u00f6nt\u00e4aineita tai makuaineita.<\/p>\n<p data-start=\"2904\" data-end=\"3050\">\u2705 100 % luonnolliset ainesosat<br data-start=\"2934\" data-end=\"2937\" \/>\u2705 Yksi proteiinil\u00e4hde<br data-start=\"2958\" data-end=\"2961\" \/>\u2705 VILJATON<br data-start=\"2971\" data-end=\"2974\" \/>\u2705 Ei sis\u00e4ll\u00e4 keinotekoisia v\u00e4ri- tai makuaineita, soijaa, munia tai maitoa<\/p>\n<p data-start=\"3052\" data-end=\"3301\"><strong data-start=\"3052\" data-end=\"3066\">Ainesosat:<\/strong> Ankanliha 70 %, kuivattuja porkkanalastuja, tuoreita perunanpalasia, dehydroituja vihreit\u00e4 herneit\u00e4, kuivattua tomaattitiivistett\u00e4, auringonkukka\u00f6ljy (Omega-6-l\u00e4hde), lohi\u00f6ljy (Omega-3-l\u00e4hde), vitamiinit ja mineraalit. 114 Kcal\/100g<\/p>\n<p data-start=\"3303\" data-end=\"3626\"><strong data-start=\"3303\" data-end=\"3327\">Lis\u00e4aineet (per kg):<\/strong> A-vitamiini 2 250 IU, D3-vitamiini 328 IU, E-vitamiini 26 mg, biotiini 60 \u00b5g. Mineraalit: sinkkisulfaattimonohydraatti 24,0 mg, rautasulfaattimonohydraatti 12,5 mg, kuparisulfaattipentahydraatti 2,50 mg, mangaanisulfaattimonohydraatti 2,00 mg, kalsiumjodaatti 0,45 mg, natriumseleeniitti 0,04 mg.<\/p>\n<p data-start=\"3628\" data-end=\"3757\"><strong data-start=\"3628\" data-end=\"3654\">Analyyttiset aineosat:<\/strong> Raakavalkuainen 9 %, rasvat ja \u00f6ljyt 12 %, ep\u00e4orgaaninen aine 2,5 %, raakakuitu 0,5 %, kosteus 70 %.<\/p>\n<p data-start=\"3759\" data-end=\"3791\"><strong data-start=\"3759\" data-end=\"3789\">P\u00e4ivitt\u00e4inen ruokintaohje:<\/strong><\/p>\n<div class=\"_tableContainer_1rjym_1\">\n<div class=\"group _tableWrapper_1rjym_13 flex w-fit flex-col-reverse\" tabindex=\"-1\">\n<table class=\"w-fit min-w-(--thread-content-width)\" data-start=\"3792\" data-end=\"4153\">\n<thead data-start=\"3792\" data-end=\"3856\">\n<tr data-start=\"3792\" data-end=\"3856\">\n<th data-start=\"3792\" data-end=\"3805\" data-col-size=\"sm\">Koon koira<\/th>\n<th data-start=\"3805\" data-end=\"3813\" data-col-size=\"sm\">Paino<\/th>\n<th data-start=\"3813\" data-end=\"3831\" data-col-size=\"sm\">Vain m\u00e4rk\u00e4ruoka<\/th>\n<th data-start=\"3831\" data-end=\"3856\" data-col-size=\"sm\">M\u00e4rk\u00e4 + kuiva ruoka<\/th>\n<\/tr>\n<\/thead>\n<tbody data-start=\"3877\" data-end=\"4153\">\n<tr data-start=\"3877\" data-end=\"3927\">\n<td data-start=\"3877\" data-end=\"3885\" data-col-size=\"sm\">Pieni<\/td>\n<td data-start=\"3885\" data-end=\"3894\" data-col-size=\"sm\">\u2264 5 kg<\/td>\n<td data-start=\"3894\" data-end=\"3911\" data-col-size=\"sm\">\u00bc \u2013 \u00bd pakettia<\/td>\n<td data-start=\"3911\" data-end=\"3927\" data-col-size=\"sm\">\u00bc pakettia<\/td>\n<\/tr>\n<tr data-start=\"3928\" data-end=\"3979\">\n<td data-start=\"3928\" data-end=\"3936\" data-col-size=\"sm\">Pieni<\/td>\n<td data-start=\"3936\" data-end=\"3946\" data-col-size=\"sm\">5\u201310 kg<\/td>\n<td data-start=\"3946\" data-end=\"3963\" data-col-size=\"sm\">\u00bd \u2013 \u00be pakettia<\/td>\n<td data-start=\"3963\" data-end=\"3979\" data-col-size=\"sm\">\u2153 pakettia<\/td>\n<\/tr>\n<tr data-start=\"3980\" data-end=\"4036\">\n<td data-start=\"3980\" data-end=\"3992\" data-col-size=\"sm\">Keskikoko<\/td>\n<td data-start=\"3992\" data-end=\"4003\" data-col-size=\"sm\">10\u201315 kg<\/td>\n<td data-start=\"4003\" data-end=\"4020\" data-col-size=\"sm\">\u00be \u2013 1 pakettia<\/td>\n<td data-start=\"4020\" data-end=\"4036\" data-col-size=\"sm\">\u00bd pakettia<\/td>\n<\/tr>\n<tr data-start=\"4037\" data-end=\"4090\">\n<td data-start=\"4037\" data-end=\"4045\" data-col-size=\"sm\">Suuri<\/td>\n<td data-start=\"4045\" data-end=\"4056\" data-col-size=\"sm\">15\u201325 kg<\/td>\n<td data-start=\"4056\" data-end=\"4074\" data-col-size=\"sm\">1 \u2013 1\u00bd pakettia<\/td>\n<td data-start=\"4074\" data-end=\"4090\" data-col-size=\"sm\">\u00be pakettia<\/td>\n<\/tr>\n<tr data-start=\"4091\" data-end=\"4153\">\n<td data-start=\"4091\" data-end=\"4108\" data-col-size=\"sm\">Eritt\u00e4in suuri<\/td>\n<td data-start=\"4108\" data-end=\"4119\" data-col-size=\"sm\">25\u201345 kg<\/td>\n<td data-start=\"4119\" data-end=\"4138\" data-col-size=\"sm\">1\u00bd \u2013 2\u2153 pakettia<\/td>\n<td data-start=\"4138\" data-end=\"4153\" data-col-size=\"sm\">1 paketti<\/td>\n<\/tr>\n<\/tbody>\n<\/table>\n<\/div>\n<\/div>\n<p data-start=\"4155\" data-end=\"4408\"><strong data-start=\"4155\" data-end=\"4167\">T\u00e4rke\u00e4\u00e4:<\/strong><br data-start=\"4167\" data-end=\"4170\" \/>\u2714 Tarjoa aina raikasta vett\u00e4.<br data-start=\"4199\" data-end=\"4202\" \/>\u2714 S\u00e4ilyt\u00e4 viile\u00e4ss\u00e4 ja kuivassa paikassa, poissa suorasta auringonvalosta.<br data-start=\"4276\" data-end=\"4279\" \/>\u2714 Avattu pakkaus s\u00e4ilyy j\u00e4\u00e4kaapissa ja k\u00e4ytett\u00e4v\u00e4 48 tunnin kuluessa.<br data-start=\"4348\" data-end=\"4351\" \/>\u2714 Tarjoa huoneenl\u00e4mp\u00f6isen\u00e4. K\u00e4yt\u00e4 puhdasta ruokakulhoa.<\/p>\n<p data-start=\"4410\" data-end=\"4438\"><strong data-start=\"4410\" data-end=\"4425\">Nettopaino:<\/strong> 10 x 395 g<\/p>\n","protected":false},"featured_media":40754,"template":"","meta":[],"product_brand":[],"product_cat":[139,479],"product_tag":[],"class_list":{"0":"post-45736","1":"product","2":"type-product","3":"status-publish","4":"has-post-thumbnail","6":"product_cat-kaup24-fi","7":"product_cat-markaruoka-koirille","9":"first","10":"instock","11":"sale","12":"featured","13":"taxable","14":"shipping-taxable","15":"purchasable","16":"product-type-simple"},"yoast_head":"<!-- This site is optimized with the Yoast SEO plugin v27.4 - https:\/\/yoast.com\/product\/yoast-seo-wordpress\/ -->\n<title>Kennel&#039;s Favourite H\u00f6yrytetty M\u00e4rk\u00e4ruoka, Ankka 10x 395g - MiuMjau<\/title>\n<meta name=\"robots\" content=\"index, follow, max-snippet:-1, max-image-preview:large, max-video-preview:-1\" \/>\n<link rel=\"canonical\" href=\"https:\/\/miumjau.ee\/fi\/tuote\/kennels-favourite-hoyrytetty-markaruoka-ankka-10x-395g\/\" \/>\n<meta property=\"og:locale\" content=\"fi_FI\" \/>\n<meta property=\"og:type\" content=\"article\" \/>\n<meta property=\"og:title\" content=\"Kennel&#039;s Favourite H\u00f6yrytetty M\u00e4rk\u00e4ruoka, Ankka 10x 395g - MiuMjau\" \/>\n<meta property=\"og:description\" content=\"Kennels&#039; Favourite\u00ae h\u00f6yrytetty m\u00e4rk\u00e4ruoka on t\u00e4ysin luonnollinen, viljaton ja tasapainoinen m\u00e4rk\u00e4koiranruoka, joka sis\u00e4lt\u00e4\u00e4 70 % oikeaa, paikallisesti hankittua lihaa. Hell\u00e4varaisesti h\u00f6yrytetty, sopii kaikille roduille ja ik\u00e4ryhmille. Rikastettu t\u00e4rkeill\u00e4 vitamiineilla, kivenn\u00e4isaineilla ja \u00f6ljyill\u00e4. Ei sis\u00e4ll\u00e4 keinotekoisia v\u00e4riaineita, s\u00e4il\u00f6nt\u00e4aineita tai makuaineita. \u2705 100 % luonnolliset ainesosat\u2705 Yksi proteiinil\u00e4hde\u2705 VILJATON\u2705 Ei sis\u00e4ll\u00e4 keinotekoisia v\u00e4ri- tai makuaineita, soijaa, munia tai maitoa Ainesosat: Ankanliha 70 %, kuivattuja porkkanalastuja, tuoreita perunanpalasia, dehydroituja vihreit\u00e4 herneit\u00e4, kuivattua tomaattitiivistett\u00e4, auringonkukka\u00f6ljy (Omega-6-l\u00e4hde), lohi\u00f6ljy (Omega-3-l\u00e4hde), vitamiinit ja mineraalit. 114 Kcal\/100g Lis\u00e4aineet (per kg): A-vitamiini 2 250 IU, D3-vitamiini 328 IU, E-vitamiini 26 mg, biotiini 60 \u00b5g. Mineraalit: sinkkisulfaattimonohydraatti 24,0 mg, rautasulfaattimonohydraatti 12,5 mg, kuparisulfaattipentahydraatti 2,50 mg, mangaanisulfaattimonohydraatti 2,00 mg, kalsiumjodaatti 0,45 mg, natriumseleeniitti 0,04 mg. Analyyttiset aineosat: Raakavalkuainen 9 %, rasvat ja \u00f6ljyt 12 %, ep\u00e4orgaaninen aine 2,5 %, raakakuitu 0,5 %, kosteus 70 %. P\u00e4ivitt\u00e4inen ruokintaohje:       Koon koira Paino Vain m\u00e4rk\u00e4ruoka M\u00e4rk\u00e4 + kuiva ruoka     Pieni \u2264 5 kg \u00bc \u2013 \u00bd pakettia \u00bc pakettia   Pieni 5\u201310 kg \u00bd \u2013 \u00be pakettia \u2153 pakettia   Keskikoko 10\u201315 kg \u00be \u2013 1 pakettia \u00bd pakettia   Suuri 15\u201325 kg 1 \u2013 1\u00bd pakettia \u00be pakettia   Eritt\u00e4in suuri 25\u201345 kg 1\u00bd \u2013 2\u2153 pakettia 1 paketti      T\u00e4rke\u00e4\u00e4:\u2714 Tarjoa aina raikasta vett\u00e4.\u2714 S\u00e4ilyt\u00e4 viile\u00e4ss\u00e4 ja kuivassa paikassa, poissa suorasta auringonvalosta.\u2714 Avattu pakkaus s\u00e4ilyy j\u00e4\u00e4kaapissa ja k\u00e4ytett\u00e4v\u00e4 48 tunnin kuluessa.\u2714 Tarjoa huoneenl\u00e4mp\u00f6isen\u00e4. K\u00e4yt\u00e4 puhdasta ruokakulhoa. Nettopaino: 10 x 395 g\" \/>\n<meta property=\"og:url\" content=\"https:\/\/miumjau.ee\/fi\/tuote\/kennels-favourite-hoyrytetty-markaruoka-ankka-10x-395g\/\" \/>\n<meta property=\"og:site_name\" content=\"MiuMjau\" \/>\n<meta property=\"article:publisher\" content=\"https:\/\/www.facebook.com\/miumjaupood\/\" \/>\n<meta property=\"article:modified_time\" content=\"2026-01-07T20:47:03+00:00\" \/>\n<meta property=\"og:image\" content=\"https:\/\/miumjau.ee\/wp-content\/uploads\/2025\/07\/kennels-favourite-10pakk1.jpg\" \/>\n\t<meta property=\"og:image:width\" content=\"1200\" \/>\n\t<meta property=\"og:image:height\" content=\"1600\" \/>\n\t<meta property=\"og:image:type\" content=\"image\/jpeg\" \/>\n<meta name=\"twitter:card\" content=\"summary_large_image\" \/>\n<script type=\"application\/ld+json\" class=\"yoast-schema-graph\">{\"@context\":\"https:\\\/\\\/schema.org\",\"@graph\":[{\"@type\":\"WebPage\",\"@id\":\"https:\\\/\\\/miumjau.ee\\\/fi\\\/tuote\\\/kennels-favourite-hoyrytetty-markaruoka-ankka-10x-395g\\\/\",\"url\":\"https:\\\/\\\/miumjau.ee\\\/fi\\\/tuote\\\/kennels-favourite-hoyrytetty-markaruoka-ankka-10x-395g\\\/\",\"name\":\"Kennel's Favourite H\u00f6yrytetty M\u00e4rk\u00e4ruoka, Ankka 10x 395g - MiuMjau\",\"isPartOf\":{\"@id\":\"https:\\\/\\\/miumjau.ee\\\/#website\"},\"primaryImageOfPage\":{\"@id\":\"https:\\\/\\\/miumjau.ee\\\/fi\\\/tuote\\\/kennels-favourite-hoyrytetty-markaruoka-ankka-10x-395g\\\/#primaryimage\"},\"image\":{\"@id\":\"https:\\\/\\\/miumjau.ee\\\/fi\\\/tuote\\\/kennels-favourite-hoyrytetty-markaruoka-ankka-10x-395g\\\/#primaryimage\"},\"thumbnailUrl\":\"https:\\\/\\\/miumjau.ee\\\/wp-content\\\/uploads\\\/2025\\\/07\\\/kennels-favourite-10pakk1.jpg\",\"datePublished\":\"2025-07-15T11:02:38+00:00\",\"dateModified\":\"2026-01-07T20:47:03+00:00\",\"breadcrumb\":{\"@id\":\"https:\\\/\\\/miumjau.ee\\\/fi\\\/tuote\\\/kennels-favourite-hoyrytetty-markaruoka-ankka-10x-395g\\\/#breadcrumb\"},\"inLanguage\":\"fi\",\"potentialAction\":[{\"@type\":\"ReadAction\",\"target\":[\"https:\\\/\\\/miumjau.ee\\\/fi\\\/tuote\\\/kennels-favourite-hoyrytetty-markaruoka-ankka-10x-395g\\\/\"]}]},{\"@type\":\"ImageObject\",\"inLanguage\":\"fi\",\"@id\":\"https:\\\/\\\/miumjau.ee\\\/fi\\\/tuote\\\/kennels-favourite-hoyrytetty-markaruoka-ankka-10x-395g\\\/#primaryimage\",\"url\":\"https:\\\/\\\/miumjau.ee\\\/wp-content\\\/uploads\\\/2025\\\/07\\\/kennels-favourite-10pakk1.jpg\",\"contentUrl\":\"https:\\\/\\\/miumjau.ee\\\/wp-content\\\/uploads\\\/2025\\\/07\\\/kennels-favourite-10pakk1.jpg\",\"width\":1200,\"height\":1600,\"caption\":\"Aurutatud m\u00e4rgtoit Kennel's Favourite, monoproteiin, part 10x 395g\"},{\"@type\":\"BreadcrumbList\",\"@id\":\"https:\\\/\\\/miumjau.ee\\\/fi\\\/tuote\\\/kennels-favourite-hoyrytetty-markaruoka-ankka-10x-395g\\\/#breadcrumb\",\"itemListElement\":[{\"@type\":\"ListItem\",\"position\":1,\"name\":\"Home\",\"item\":\"https:\\\/\\\/miumjau.ee\\\/fi\\\/\"},{\"@type\":\"ListItem\",\"position\":2,\"name\":\"Kauppa\",\"item\":\"https:\\\/\\\/miumjau.ee\\\/fi\\\/kauppa\\\/\"},{\"@type\":\"ListItem\",\"position\":3,\"name\":\"Kennel&#8217;s Favourite H\u00f6yrytetty M\u00e4rk\u00e4ruoka, Ankka 10x 395g\"}]},{\"@type\":\"WebSite\",\"@id\":\"https:\\\/\\\/miumjau.ee\\\/#website\",\"url\":\"https:\\\/\\\/miumjau.ee\\\/\",\"name\":\"MiuMjau\",\"description\":\"Kraapimispuud kassidele\",\"publisher\":{\"@id\":\"https:\\\/\\\/miumjau.ee\\\/#organization\"},\"potentialAction\":[{\"@type\":\"SearchAction\",\"target\":{\"@type\":\"EntryPoint\",\"urlTemplate\":\"https:\\\/\\\/miumjau.ee\\\/?s={search_term_string}\"},\"query-input\":{\"@type\":\"PropertyValueSpecification\",\"valueRequired\":true,\"valueName\":\"search_term_string\"}}],\"inLanguage\":\"fi\"},{\"@type\":\"Organization\",\"@id\":\"https:\\\/\\\/miumjau.ee\\\/#organization\",\"name\":\"MiuMjau O\u00dc\",\"url\":\"https:\\\/\\\/miumjau.ee\\\/\",\"logo\":{\"@type\":\"ImageObject\",\"inLanguage\":\"fi\",\"@id\":\"https:\\\/\\\/miumjau.ee\\\/#\\\/schema\\\/logo\\\/image\\\/\",\"url\":\"https:\\\/\\\/miumjau.ee\\\/wp-content\\\/uploads\\\/2022\\\/04\\\/MiuMjau-logo-kollane.png\",\"contentUrl\":\"https:\\\/\\\/miumjau.ee\\\/wp-content\\\/uploads\\\/2022\\\/04\\\/MiuMjau-logo-kollane.png\",\"width\":219,\"height\":100,\"caption\":\"MiuMjau O\u00dc\"},\"image\":{\"@id\":\"https:\\\/\\\/miumjau.ee\\\/#\\\/schema\\\/logo\\\/image\\\/\"},\"sameAs\":[\"https:\\\/\\\/www.facebook.com\\\/miumjaupood\\\/\"]}]}<\/script>\n<!-- \/ Yoast SEO plugin. -->","yoast_head_json":{"title":"Kennel's Favourite H\u00f6yrytetty M\u00e4rk\u00e4ruoka, Ankka 10x 395g - MiuMjau","robots":{"index":"index","follow":"follow","max-snippet":"max-snippet:-1","max-image-preview":"max-image-preview:large","max-video-preview":"max-video-preview:-1"},"canonical":"https:\/\/miumjau.ee\/fi\/tuote\/kennels-favourite-hoyrytetty-markaruoka-ankka-10x-395g\/","og_locale":"fi_FI","og_type":"article","og_title":"Kennel's Favourite H\u00f6yrytetty M\u00e4rk\u00e4ruoka, Ankka 10x 395g - MiuMjau","og_description":"Kennels' Favourite\u00ae h\u00f6yrytetty m\u00e4rk\u00e4ruoka on t\u00e4ysin luonnollinen, viljaton ja tasapainoinen m\u00e4rk\u00e4koiranruoka, joka sis\u00e4lt\u00e4\u00e4 70 % oikeaa, paikallisesti hankittua lihaa. Hell\u00e4varaisesti h\u00f6yrytetty, sopii kaikille roduille ja ik\u00e4ryhmille. Rikastettu t\u00e4rkeill\u00e4 vitamiineilla, kivenn\u00e4isaineilla ja \u00f6ljyill\u00e4. Ei sis\u00e4ll\u00e4 keinotekoisia v\u00e4riaineita, s\u00e4il\u00f6nt\u00e4aineita tai makuaineita. \u2705 100 % luonnolliset ainesosat\u2705 Yksi proteiinil\u00e4hde\u2705 VILJATON\u2705 Ei sis\u00e4ll\u00e4 keinotekoisia v\u00e4ri- tai makuaineita, soijaa, munia tai maitoa Ainesosat: Ankanliha 70 %, kuivattuja porkkanalastuja, tuoreita perunanpalasia, dehydroituja vihreit\u00e4 herneit\u00e4, kuivattua tomaattitiivistett\u00e4, auringonkukka\u00f6ljy (Omega-6-l\u00e4hde), lohi\u00f6ljy (Omega-3-l\u00e4hde), vitamiinit ja mineraalit. 114 Kcal\/100g Lis\u00e4aineet (per kg): A-vitamiini 2 250 IU, D3-vitamiini 328 IU, E-vitamiini 26 mg, biotiini 60 \u00b5g. Mineraalit: sinkkisulfaattimonohydraatti 24,0 mg, rautasulfaattimonohydraatti 12,5 mg, kuparisulfaattipentahydraatti 2,50 mg, mangaanisulfaattimonohydraatti 2,00 mg, kalsiumjodaatti 0,45 mg, natriumseleeniitti 0,04 mg. Analyyttiset aineosat: Raakavalkuainen 9 %, rasvat ja \u00f6ljyt 12 %, ep\u00e4orgaaninen aine 2,5 %, raakakuitu 0,5 %, kosteus 70 %. P\u00e4ivitt\u00e4inen ruokintaohje:       Koon koira Paino Vain m\u00e4rk\u00e4ruoka M\u00e4rk\u00e4 + kuiva ruoka     Pieni \u2264 5 kg \u00bc \u2013 \u00bd pakettia \u00bc pakettia   Pieni 5\u201310 kg \u00bd \u2013 \u00be pakettia \u2153 pakettia   Keskikoko 10\u201315 kg \u00be \u2013 1 pakettia \u00bd pakettia   Suuri 15\u201325 kg 1 \u2013 1\u00bd pakettia \u00be pakettia   Eritt\u00e4in suuri 25\u201345 kg 1\u00bd \u2013 2\u2153 pakettia 1 paketti      T\u00e4rke\u00e4\u00e4:\u2714 Tarjoa aina raikasta vett\u00e4.\u2714 S\u00e4ilyt\u00e4 viile\u00e4ss\u00e4 ja kuivassa paikassa, poissa suorasta auringonvalosta.\u2714 Avattu pakkaus s\u00e4ilyy j\u00e4\u00e4kaapissa ja k\u00e4ytett\u00e4v\u00e4 48 tunnin kuluessa.\u2714 Tarjoa huoneenl\u00e4mp\u00f6isen\u00e4. K\u00e4yt\u00e4 puhdasta ruokakulhoa. Nettopaino: 10 x 395 g","og_url":"https:\/\/miumjau.ee\/fi\/tuote\/kennels-favourite-hoyrytetty-markaruoka-ankka-10x-395g\/","og_site_name":"MiuMjau","article_publisher":"https:\/\/www.facebook.com\/miumjaupood\/","article_modified_time":"2026-01-07T20:47:03+00:00","og_image":[{"width":1200,"height":1600,"url":"https:\/\/miumjau.ee\/wp-content\/uploads\/2025\/07\/kennels-favourite-10pakk1.jpg","type":"image\/jpeg"}],"twitter_card":"summary_large_image","schema":{"@context":"https:\/\/schema.org","@graph":[{"@type":"WebPage","@id":"https:\/\/miumjau.ee\/fi\/tuote\/kennels-favourite-hoyrytetty-markaruoka-ankka-10x-395g\/","url":"https:\/\/miumjau.ee\/fi\/tuote\/kennels-favourite-hoyrytetty-markaruoka-ankka-10x-395g\/","name":"Kennel's Favourite H\u00f6yrytetty M\u00e4rk\u00e4ruoka, Ankka 10x 395g - MiuMjau","isPartOf":{"@id":"https:\/\/miumjau.ee\/#website"},"primaryImageOfPage":{"@id":"https:\/\/miumjau.ee\/fi\/tuote\/kennels-favourite-hoyrytetty-markaruoka-ankka-10x-395g\/#primaryimage"},"image":{"@id":"https:\/\/miumjau.ee\/fi\/tuote\/kennels-favourite-hoyrytetty-markaruoka-ankka-10x-395g\/#primaryimage"},"thumbnailUrl":"https:\/\/miumjau.ee\/wp-content\/uploads\/2025\/07\/kennels-favourite-10pakk1.jpg","datePublished":"2025-07-15T11:02:38+00:00","dateModified":"2026-01-07T20:47:03+00:00","breadcrumb":{"@id":"https:\/\/miumjau.ee\/fi\/tuote\/kennels-favourite-hoyrytetty-markaruoka-ankka-10x-395g\/#breadcrumb"},"inLanguage":"fi","potentialAction":[{"@type":"ReadAction","target":["https:\/\/miumjau.ee\/fi\/tuote\/kennels-favourite-hoyrytetty-markaruoka-ankka-10x-395g\/"]}]},{"@type":"ImageObject","inLanguage":"fi","@id":"https:\/\/miumjau.ee\/fi\/tuote\/kennels-favourite-hoyrytetty-markaruoka-ankka-10x-395g\/#primaryimage","url":"https:\/\/miumjau.ee\/wp-content\/uploads\/2025\/07\/kennels-favourite-10pakk1.jpg","contentUrl":"https:\/\/miumjau.ee\/wp-content\/uploads\/2025\/07\/kennels-favourite-10pakk1.jpg","width":1200,"height":1600,"caption":"Aurutatud m\u00e4rgtoit Kennel's Favourite, monoproteiin, part 10x 395g"},{"@type":"BreadcrumbList","@id":"https:\/\/miumjau.ee\/fi\/tuote\/kennels-favourite-hoyrytetty-markaruoka-ankka-10x-395g\/#breadcrumb","itemListElement":[{"@type":"ListItem","position":1,"name":"Home","item":"https:\/\/miumjau.ee\/fi\/"},{"@type":"ListItem","position":2,"name":"Kauppa","item":"https:\/\/miumjau.ee\/fi\/kauppa\/"},{"@type":"ListItem","position":3,"name":"Kennel&#8217;s Favourite H\u00f6yrytetty M\u00e4rk\u00e4ruoka, Ankka 10x 395g"}]},{"@type":"WebSite","@id":"https:\/\/miumjau.ee\/#website","url":"https:\/\/miumjau.ee\/","name":"MiuMjau","description":"Kraapimispuud kassidele","publisher":{"@id":"https:\/\/miumjau.ee\/#organization"},"potentialAction":[{"@type":"SearchAction","target":{"@type":"EntryPoint","urlTemplate":"https:\/\/miumjau.ee\/?s={search_term_string}"},"query-input":{"@type":"PropertyValueSpecification","valueRequired":true,"valueName":"search_term_string"}}],"inLanguage":"fi"},{"@type":"Organization","@id":"https:\/\/miumjau.ee\/#organization","name":"MiuMjau O\u00dc","url":"https:\/\/miumjau.ee\/","logo":{"@type":"ImageObject","inLanguage":"fi","@id":"https:\/\/miumjau.ee\/#\/schema\/logo\/image\/","url":"https:\/\/miumjau.ee\/wp-content\/uploads\/2022\/04\/MiuMjau-logo-kollane.png","contentUrl":"https:\/\/miumjau.ee\/wp-content\/uploads\/2022\/04\/MiuMjau-logo-kollane.png","width":219,"height":100,"caption":"MiuMjau O\u00dc"},"image":{"@id":"https:\/\/miumjau.ee\/#\/schema\/logo\/image\/"},"sameAs":["https:\/\/www.facebook.com\/miumjaupood\/"]}]}},"_links":{"self":[{"href":"https:\/\/miumjau.ee\/fi\/wp-json\/wp\/v2\/product\/45736","targetHints":{"allow":["GET"]}}],"collection":[{"href":"https:\/\/miumjau.ee\/fi\/wp-json\/wp\/v2\/product"}],"about":[{"href":"https:\/\/miumjau.ee\/fi\/wp-json\/wp\/v2\/types\/product"}],"wp:featuredmedia":[{"embeddable":true,"href":"https:\/\/miumjau.ee\/fi\/wp-json\/wp\/v2\/media\/40754"}],"wp:attachment":[{"href":"https:\/\/miumjau.ee\/fi\/wp-json\/wp\/v2\/media?parent=45736"}],"wp:term":[{"taxonomy":"product_brand","embeddable":true,"href":"https:\/\/miumjau.ee\/fi\/wp-json\/wp\/v2\/product_brand?post=45736"},{"taxonomy":"product_cat","embeddable":true,"href":"https:\/\/miumjau.ee\/fi\/wp-json\/wp\/v2\/product_cat?post=45736"},{"taxonomy":"product_tag","embeddable":true,"href":"https:\/\/miumjau.ee\/fi\/wp-json\/wp\/v2\/product_tag?post=45736"}],"curies":[{"name":"wp","href":"https:\/\/api.w.org\/{rel}","templated":true}]}}