{"id":45675,"date":"2025-11-24T20:47:40","date_gmt":"2025-11-24T18:47:40","guid":{"rendered":"https:\/\/miumjau.ee\/toode\/ibero-natural-kylmapuristettu-ruoka-m-l-adult-lampaanlihalla-3-kg\/"},"modified":"2026-01-07T22:47:03","modified_gmt":"2026-01-07T20:47:03","slug":"ibero-natural-kylmapuristettu-ruoka-m-l-adult-lampaanlihalla-3-kg","status":"publish","type":"product","link":"https:\/\/miumjau.ee\/fi\/tuote\/ibero-natural-kylmapuristettu-ruoka-m-l-adult-lampaanlihalla-3-kg\/","title":{"rendered":"Ibero Natural kylm\u00e4puristettu ruoka M\/L Adult lampaanlihalla 3 kg"},"content":{"rendered":"","protected":false},"excerpt":{"rendered":"<p data-start=\"2715\" data-end=\"2839\">T\u00e4ysravinto, joka sis\u00e4lt\u00e4\u00e4 kaikki ravintoaineet, joita keskikokoiset ja suuret aikuiset koirat tarvitsevat (isompi nappula).<\/p>\n<p data-start=\"2841\" data-end=\"2894\">Se huomioi n\u00e4iden kokoluokkien erityistarpeet, kuten:<\/p>\n<ul data-start=\"2896\" data-end=\"3415\">\n<li data-start=\"2896\" data-end=\"3032\">\n<p data-start=\"2898\" data-end=\"3032\">eritt\u00e4in tiivis koostumus \u2013 koira saa helposti sulavaa ravintoa pienemm\u00e4ll\u00e4 annoksella, mik\u00e4 v\u00e4hent\u00e4\u00e4 vatsalaukun kiertymisen riski\u00e4<\/p>\n<\/li>\n<li data-start=\"3033\" data-end=\"3135\">\n<p data-start=\"3035\" data-end=\"3135\">runsas maku luonnollisten ravintoaineiden ja aromien s\u00e4ilymisen ansiosta, mik\u00e4 parantaa ruokahalua<\/p>\n<\/li>\n<li data-start=\"3136\" data-end=\"3202\">\n<p data-start=\"3138\" data-end=\"3202\">glukosamiini ja kondroitiini nivelten hyvinvoinnin tukemiseksi<\/p>\n<\/li>\n<li data-start=\"3203\" data-end=\"3270\">\n<p data-start=\"3205\" data-end=\"3270\">beetaglukaanit tasapainoisen immuunij\u00e4rjestelm\u00e4n yll\u00e4pit\u00e4miseen<\/p>\n<\/li>\n<li data-start=\"3271\" data-end=\"3354\">\n<p data-start=\"3273\" data-end=\"3354\">tyydyttym\u00e4tt\u00f6m\u00e4t rasvahapot tulehdusten ehk\u00e4isyyn ja kehon toiminnan tukemiseen<\/p>\n<\/li>\n<li data-start=\"3355\" data-end=\"3415\">\n<p data-start=\"3357\" data-end=\"3415\">biotiini ja sinkki terveen ihon ja turkin yll\u00e4pit\u00e4miseen<\/p>\n<\/li>\n<\/ul>\n<p data-start=\"3417\" data-end=\"3541\">Tuotantoteknologian ansiosta t\u00e4m\u00e4 ruoka sopii erityisen hyvin aktiivisille koirille sek\u00e4 tiineille ja imett\u00e4ville nartuille.<\/p>\n<p data-start=\"3543\" data-end=\"3919\"><strong data-start=\"3543\" data-end=\"3557\">Koostumus:<\/strong> Kuivattu lampaanliha (30%), naudanrasva (14%), kuivattu bataatti, kuivattu peruna, riisijauho (8%), kaurahiutaleet (4%), lampaanmaksa (5%), kuivattu kurpitsa (2%), kuivattu lampaanmaksa (2%), maissihelmi\u00e4, kuivattua porkkanaa (1,2%), pellavansiemenet, sikuriuute, kuivatut yrtit, beetaglukaanit, glukosamiini, kondroitiinisulfaatti, vitamiini- ja mineraaliseos.<\/p>\n<p data-start=\"3921\" data-end=\"4069\"><strong data-start=\"3921\" data-end=\"3943\">Analyysikoostumus:<\/strong> Raakavalkuainen 24 %, raakarasva 14 %, raakakuitu 3,2 %, Vitamiini A 17 331 IU, kalsium 1,10 %, fosfori 0,85 %, 3840 kcal\/kg.<\/p>\n<p data-start=\"4071\" data-end=\"4593\"><strong data-start=\"4071\" data-end=\"4089\">Lis\u00e4aineet\/kg:<\/strong> Vitamiini A 17 331 IU, Vitamiini D3 1733 IU, Vitamiini E 173 mg, B1-vitamiini 5,09 mg, B2-vitamiini 9 mg, B6-vitamiini 6,9 mg, B12-vitamiini 0,07 mg, C-vitamiini 121 mg, niasiini 43,1 mg, pantoteenihappo 17,8 mg, foolihappo 0,69 mg, biotiini 0,43 mg, jodi 4,6 mg, seleeni 0,38 mg, rauta 101 mg, kupari 12,1 mg, sinkki 129 mg, mangaani 12,1 mg, koliinikloridi 1872 mg, glukosamiini 404 mg\/kg, kondroitiinisulfaatti 353 mg\/kg. Teknologiset lis\u00e4aineet: antioksidantit (tokoferolipitoiset kasvi\u00f6ljyuutteet).<\/p>\n<p data-start=\"4595\" data-end=\"4633\"><strong data-start=\"4595\" data-end=\"4619\">Metabolinen energia:<\/strong> 3840 kcal\/kg.<\/p>\n<p data-start=\"4635\" data-end=\"4993\"><strong data-start=\"4635\" data-end=\"4652\">Ruokintaohje:<\/strong> Totuta koira v\u00e4hitellen t\u00e4h\u00e4n nappulaan. Varmista jatkuva raikkaan veden saatavuus. Vaihdettaessa ekstrudoidusta kylm\u00e4puristettuun ruokaan suositellaan 7\u201310 p\u00e4iv\u00e4n siirtym\u00e4aikaa, sill\u00e4 ruoat sulavat eri tavalla \u2013 kylm\u00e4puristettu liukenee vatsassa, kun taas ekstrudoitu turpoaa, mik\u00e4 voi aiheuttaa ruoansulatusongelmia \u00e4killisess\u00e4 vaihdossa.<\/p>\n<p data-start=\"4995\" data-end=\"5163\"><strong data-start=\"4995\" data-end=\"5026\">P\u00e4ivitt\u00e4inen suositusannos:<\/strong><br data-start=\"5026\" data-end=\"5029\" \/>10 kg \u2013 125 g; 12 kg \u2013 145 g; 15 kg \u2013 165 g; 20 kg \u2013 220 g; 25 kg \u2013 250 g; 30 kg \u2013 270 g; 35 kg \u2013 300 g; 40 kg \u2013 350 g; 50 kg \u2013 410 g.<\/p>\n","protected":false},"featured_media":44975,"template":"","meta":[],"product_brand":[],"product_cat":[478],"product_tag":[],"class_list":{"0":"post-45675","1":"product","2":"type-product","3":"status-publish","4":"has-post-thumbnail","6":"product_cat-kuivaruoka-koirille","8":"first","9":"instock","10":"sale","11":"taxable","12":"shipping-taxable","13":"purchasable","14":"product-type-simple"},"yoast_head":"<!-- This site is optimized with the Yoast SEO plugin v27.2 - https:\/\/yoast.com\/product\/yoast-seo-wordpress\/ -->\n<title>Ibero Natural kylm\u00e4puristettu ruoka M\/L Adult lampaanlihalla 3 kg - MiuMjau<\/title>\n<meta name=\"robots\" content=\"index, follow, max-snippet:-1, max-image-preview:large, max-video-preview:-1\" \/>\n<link rel=\"canonical\" href=\"https:\/\/miumjau.ee\/fi\/tuote\/ibero-natural-kylmapuristettu-ruoka-m-l-adult-lampaanlihalla-3-kg\/\" \/>\n<meta property=\"og:locale\" content=\"fi_FI\" \/>\n<meta property=\"og:type\" content=\"article\" \/>\n<meta property=\"og:title\" content=\"Ibero Natural kylm\u00e4puristettu ruoka M\/L Adult lampaanlihalla 3 kg - MiuMjau\" \/>\n<meta property=\"og:description\" content=\"T\u00e4ysravinto, joka sis\u00e4lt\u00e4\u00e4 kaikki ravintoaineet, joita keskikokoiset ja suuret aikuiset koirat tarvitsevat (isompi nappula). Se huomioi n\u00e4iden kokoluokkien erityistarpeet, kuten:     eritt\u00e4in tiivis koostumus \u2013 koira saa helposti sulavaa ravintoa pienemm\u00e4ll\u00e4 annoksella, mik\u00e4 v\u00e4hent\u00e4\u00e4 vatsalaukun kiertymisen riski\u00e4    runsas maku luonnollisten ravintoaineiden ja aromien s\u00e4ilymisen ansiosta, mik\u00e4 parantaa ruokahalua    glukosamiini ja kondroitiini nivelten hyvinvoinnin tukemiseksi    beetaglukaanit tasapainoisen immuunij\u00e4rjestelm\u00e4n yll\u00e4pit\u00e4miseen    tyydyttym\u00e4tt\u00f6m\u00e4t rasvahapot tulehdusten ehk\u00e4isyyn ja kehon toiminnan tukemiseen    biotiini ja sinkki terveen ihon ja turkin yll\u00e4pit\u00e4miseen   Tuotantoteknologian ansiosta t\u00e4m\u00e4 ruoka sopii erityisen hyvin aktiivisille koirille sek\u00e4 tiineille ja imett\u00e4ville nartuille. Koostumus: Kuivattu lampaanliha (30%), naudanrasva (14%), kuivattu bataatti, kuivattu peruna, riisijauho (8%), kaurahiutaleet (4%), lampaanmaksa (5%), kuivattu kurpitsa (2%), kuivattu lampaanmaksa (2%), maissihelmi\u00e4, kuivattua porkkanaa (1,2%), pellavansiemenet, sikuriuute, kuivatut yrtit, beetaglukaanit, glukosamiini, kondroitiinisulfaatti, vitamiini- ja mineraaliseos. Analyysikoostumus: Raakavalkuainen 24 %, raakarasva 14 %, raakakuitu 3,2 %, Vitamiini A 17 331 IU, kalsium 1,10 %, fosfori 0,85 %, 3840 kcal\/kg. Lis\u00e4aineet\/kg: Vitamiini A 17 331 IU, Vitamiini D3 1733 IU, Vitamiini E 173 mg, B1-vitamiini 5,09 mg, B2-vitamiini 9 mg, B6-vitamiini 6,9 mg, B12-vitamiini 0,07 mg, C-vitamiini 121 mg, niasiini 43,1 mg, pantoteenihappo 17,8 mg, foolihappo 0,69 mg, biotiini 0,43 mg, jodi 4,6 mg, seleeni 0,38 mg, rauta 101 mg, kupari 12,1 mg, sinkki 129 mg, mangaani 12,1 mg, koliinikloridi 1872 mg, glukosamiini 404 mg\/kg, kondroitiinisulfaatti 353 mg\/kg. Teknologiset lis\u00e4aineet: antioksidantit (tokoferolipitoiset kasvi\u00f6ljyuutteet). Metabolinen energia: 3840 kcal\/kg. Ruokintaohje: Totuta koira v\u00e4hitellen t\u00e4h\u00e4n nappulaan. Varmista jatkuva raikkaan veden saatavuus. Vaihdettaessa ekstrudoidusta kylm\u00e4puristettuun ruokaan suositellaan 7\u201310 p\u00e4iv\u00e4n siirtym\u00e4aikaa, sill\u00e4 ruoat sulavat eri tavalla \u2013 kylm\u00e4puristettu liukenee vatsassa, kun taas ekstrudoitu turpoaa, mik\u00e4 voi aiheuttaa ruoansulatusongelmia \u00e4killisess\u00e4 vaihdossa. P\u00e4ivitt\u00e4inen suositusannos:10 kg \u2013 125 g; 12 kg \u2013 145 g; 15 kg \u2013 165 g; 20 kg \u2013 220 g; 25 kg \u2013 250 g; 30 kg \u2013 270 g; 35 kg \u2013 300 g; 40 kg \u2013 350 g; 50 kg \u2013 410 g.\" \/>\n<meta property=\"og:url\" content=\"https:\/\/miumjau.ee\/fi\/tuote\/ibero-natural-kylmapuristettu-ruoka-m-l-adult-lampaanlihalla-3-kg\/\" \/>\n<meta property=\"og:site_name\" content=\"MiuMjau\" \/>\n<meta property=\"article:publisher\" content=\"https:\/\/www.facebook.com\/miumjaupood\/\" \/>\n<meta property=\"article:modified_time\" content=\"2026-01-07T20:47:03+00:00\" \/>\n<meta property=\"og:image\" content=\"https:\/\/miumjau.ee\/wp-content\/uploads\/2025\/11\/ibero-adult-ml-lamb-3kg-.jpg\" \/>\n\t<meta property=\"og:image:width\" content=\"600\" \/>\n\t<meta property=\"og:image:height\" content=\"800\" \/>\n\t<meta property=\"og:image:type\" content=\"image\/jpeg\" \/>\n<meta name=\"twitter:card\" content=\"summary_large_image\" \/>\n<script type=\"application\/ld+json\" class=\"yoast-schema-graph\">{\"@context\":\"https:\/\/schema.org\",\"@graph\":[{\"@type\":\"WebPage\",\"@id\":\"https:\/\/miumjau.ee\/fi\/tuote\/ibero-natural-kylmapuristettu-ruoka-m-l-adult-lampaanlihalla-3-kg\/\",\"url\":\"https:\/\/miumjau.ee\/fi\/tuote\/ibero-natural-kylmapuristettu-ruoka-m-l-adult-lampaanlihalla-3-kg\/\",\"name\":\"Ibero Natural kylm\u00e4puristettu ruoka M\/L Adult lampaanlihalla 3 kg - MiuMjau\",\"isPartOf\":{\"@id\":\"https:\/\/miumjau.ee\/#website\"},\"primaryImageOfPage\":{\"@id\":\"https:\/\/miumjau.ee\/fi\/tuote\/ibero-natural-kylmapuristettu-ruoka-m-l-adult-lampaanlihalla-3-kg\/#primaryimage\"},\"image\":{\"@id\":\"https:\/\/miumjau.ee\/fi\/tuote\/ibero-natural-kylmapuristettu-ruoka-m-l-adult-lampaanlihalla-3-kg\/#primaryimage\"},\"thumbnailUrl\":\"https:\/\/miumjau.ee\/wp-content\/uploads\/2025\/11\/ibero-adult-ml-lamb-3kg-.jpg\",\"datePublished\":\"2025-11-24T18:47:40+00:00\",\"dateModified\":\"2026-01-07T20:47:03+00:00\",\"breadcrumb\":{\"@id\":\"https:\/\/miumjau.ee\/fi\/tuote\/ibero-natural-kylmapuristettu-ruoka-m-l-adult-lampaanlihalla-3-kg\/#breadcrumb\"},\"inLanguage\":\"fi\",\"potentialAction\":[{\"@type\":\"ReadAction\",\"target\":[\"https:\/\/miumjau.ee\/fi\/tuote\/ibero-natural-kylmapuristettu-ruoka-m-l-adult-lampaanlihalla-3-kg\/\"]}]},{\"@type\":\"ImageObject\",\"inLanguage\":\"fi\",\"@id\":\"https:\/\/miumjau.ee\/fi\/tuote\/ibero-natural-kylmapuristettu-ruoka-m-l-adult-lampaanlihalla-3-kg\/#primaryimage\",\"url\":\"https:\/\/miumjau.ee\/wp-content\/uploads\/2025\/11\/ibero-adult-ml-lamb-3kg-.jpg\",\"contentUrl\":\"https:\/\/miumjau.ee\/wp-content\/uploads\/2025\/11\/ibero-adult-ml-lamb-3kg-.jpg\",\"width\":600,\"height\":800,\"caption\":\"Ibero Natural k\u00fclmpressitud toit M\/L Adult lambaga 3kg\"},{\"@type\":\"BreadcrumbList\",\"@id\":\"https:\/\/miumjau.ee\/fi\/tuote\/ibero-natural-kylmapuristettu-ruoka-m-l-adult-lampaanlihalla-3-kg\/#breadcrumb\",\"itemListElement\":[{\"@type\":\"ListItem\",\"position\":1,\"name\":\"Home\",\"item\":\"https:\/\/miumjau.ee\/fi\/\"},{\"@type\":\"ListItem\",\"position\":2,\"name\":\"Kauppa\",\"item\":\"https:\/\/miumjau.ee\/fi\/kauppa\/\"},{\"@type\":\"ListItem\",\"position\":3,\"name\":\"Ibero Natural kylm\u00e4puristettu ruoka M\/L Adult lampaanlihalla 3 kg\"}]},{\"@type\":\"WebSite\",\"@id\":\"https:\/\/miumjau.ee\/#website\",\"url\":\"https:\/\/miumjau.ee\/\",\"name\":\"MiuMjau\",\"description\":\"Kraapimispuud kassidele\",\"publisher\":{\"@id\":\"https:\/\/miumjau.ee\/#organization\"},\"potentialAction\":[{\"@type\":\"SearchAction\",\"target\":{\"@type\":\"EntryPoint\",\"urlTemplate\":\"https:\/\/miumjau.ee\/?s={search_term_string}\"},\"query-input\":{\"@type\":\"PropertyValueSpecification\",\"valueRequired\":true,\"valueName\":\"search_term_string\"}}],\"inLanguage\":\"fi\"},{\"@type\":\"Organization\",\"@id\":\"https:\/\/miumjau.ee\/#organization\",\"name\":\"MiuMjau O\u00dc\",\"url\":\"https:\/\/miumjau.ee\/\",\"logo\":{\"@type\":\"ImageObject\",\"inLanguage\":\"fi\",\"@id\":\"https:\/\/miumjau.ee\/#\/schema\/logo\/image\/\",\"url\":\"https:\/\/miumjau.ee\/wp-content\/uploads\/2022\/04\/MiuMjau-logo-kollane.png\",\"contentUrl\":\"https:\/\/miumjau.ee\/wp-content\/uploads\/2022\/04\/MiuMjau-logo-kollane.png\",\"width\":219,\"height\":100,\"caption\":\"MiuMjau O\u00dc\"},\"image\":{\"@id\":\"https:\/\/miumjau.ee\/#\/schema\/logo\/image\/\"},\"sameAs\":[\"https:\/\/www.facebook.com\/miumjaupood\/\"]}]}<\/script>\n<!-- \/ Yoast SEO plugin. -->","yoast_head_json":{"title":"Ibero Natural kylm\u00e4puristettu ruoka M\/L Adult lampaanlihalla 3 kg - MiuMjau","robots":{"index":"index","follow":"follow","max-snippet":"max-snippet:-1","max-image-preview":"max-image-preview:large","max-video-preview":"max-video-preview:-1"},"canonical":"https:\/\/miumjau.ee\/fi\/tuote\/ibero-natural-kylmapuristettu-ruoka-m-l-adult-lampaanlihalla-3-kg\/","og_locale":"fi_FI","og_type":"article","og_title":"Ibero Natural kylm\u00e4puristettu ruoka M\/L Adult lampaanlihalla 3 kg - MiuMjau","og_description":"T\u00e4ysravinto, joka sis\u00e4lt\u00e4\u00e4 kaikki ravintoaineet, joita keskikokoiset ja suuret aikuiset koirat tarvitsevat (isompi nappula). Se huomioi n\u00e4iden kokoluokkien erityistarpeet, kuten:     eritt\u00e4in tiivis koostumus \u2013 koira saa helposti sulavaa ravintoa pienemm\u00e4ll\u00e4 annoksella, mik\u00e4 v\u00e4hent\u00e4\u00e4 vatsalaukun kiertymisen riski\u00e4    runsas maku luonnollisten ravintoaineiden ja aromien s\u00e4ilymisen ansiosta, mik\u00e4 parantaa ruokahalua    glukosamiini ja kondroitiini nivelten hyvinvoinnin tukemiseksi    beetaglukaanit tasapainoisen immuunij\u00e4rjestelm\u00e4n yll\u00e4pit\u00e4miseen    tyydyttym\u00e4tt\u00f6m\u00e4t rasvahapot tulehdusten ehk\u00e4isyyn ja kehon toiminnan tukemiseen    biotiini ja sinkki terveen ihon ja turkin yll\u00e4pit\u00e4miseen   Tuotantoteknologian ansiosta t\u00e4m\u00e4 ruoka sopii erityisen hyvin aktiivisille koirille sek\u00e4 tiineille ja imett\u00e4ville nartuille. Koostumus: Kuivattu lampaanliha (30%), naudanrasva (14%), kuivattu bataatti, kuivattu peruna, riisijauho (8%), kaurahiutaleet (4%), lampaanmaksa (5%), kuivattu kurpitsa (2%), kuivattu lampaanmaksa (2%), maissihelmi\u00e4, kuivattua porkkanaa (1,2%), pellavansiemenet, sikuriuute, kuivatut yrtit, beetaglukaanit, glukosamiini, kondroitiinisulfaatti, vitamiini- ja mineraaliseos. Analyysikoostumus: Raakavalkuainen 24 %, raakarasva 14 %, raakakuitu 3,2 %, Vitamiini A 17 331 IU, kalsium 1,10 %, fosfori 0,85 %, 3840 kcal\/kg. Lis\u00e4aineet\/kg: Vitamiini A 17 331 IU, Vitamiini D3 1733 IU, Vitamiini E 173 mg, B1-vitamiini 5,09 mg, B2-vitamiini 9 mg, B6-vitamiini 6,9 mg, B12-vitamiini 0,07 mg, C-vitamiini 121 mg, niasiini 43,1 mg, pantoteenihappo 17,8 mg, foolihappo 0,69 mg, biotiini 0,43 mg, jodi 4,6 mg, seleeni 0,38 mg, rauta 101 mg, kupari 12,1 mg, sinkki 129 mg, mangaani 12,1 mg, koliinikloridi 1872 mg, glukosamiini 404 mg\/kg, kondroitiinisulfaatti 353 mg\/kg. Teknologiset lis\u00e4aineet: antioksidantit (tokoferolipitoiset kasvi\u00f6ljyuutteet). Metabolinen energia: 3840 kcal\/kg. Ruokintaohje: Totuta koira v\u00e4hitellen t\u00e4h\u00e4n nappulaan. Varmista jatkuva raikkaan veden saatavuus. Vaihdettaessa ekstrudoidusta kylm\u00e4puristettuun ruokaan suositellaan 7\u201310 p\u00e4iv\u00e4n siirtym\u00e4aikaa, sill\u00e4 ruoat sulavat eri tavalla \u2013 kylm\u00e4puristettu liukenee vatsassa, kun taas ekstrudoitu turpoaa, mik\u00e4 voi aiheuttaa ruoansulatusongelmia \u00e4killisess\u00e4 vaihdossa. P\u00e4ivitt\u00e4inen suositusannos:10 kg \u2013 125 g; 12 kg \u2013 145 g; 15 kg \u2013 165 g; 20 kg \u2013 220 g; 25 kg \u2013 250 g; 30 kg \u2013 270 g; 35 kg \u2013 300 g; 40 kg \u2013 350 g; 50 kg \u2013 410 g.","og_url":"https:\/\/miumjau.ee\/fi\/tuote\/ibero-natural-kylmapuristettu-ruoka-m-l-adult-lampaanlihalla-3-kg\/","og_site_name":"MiuMjau","article_publisher":"https:\/\/www.facebook.com\/miumjaupood\/","article_modified_time":"2026-01-07T20:47:03+00:00","og_image":[{"width":600,"height":800,"url":"https:\/\/miumjau.ee\/wp-content\/uploads\/2025\/11\/ibero-adult-ml-lamb-3kg-.jpg","type":"image\/jpeg"}],"twitter_card":"summary_large_image","schema":{"@context":"https:\/\/schema.org","@graph":[{"@type":"WebPage","@id":"https:\/\/miumjau.ee\/fi\/tuote\/ibero-natural-kylmapuristettu-ruoka-m-l-adult-lampaanlihalla-3-kg\/","url":"https:\/\/miumjau.ee\/fi\/tuote\/ibero-natural-kylmapuristettu-ruoka-m-l-adult-lampaanlihalla-3-kg\/","name":"Ibero Natural kylm\u00e4puristettu ruoka M\/L Adult lampaanlihalla 3 kg - MiuMjau","isPartOf":{"@id":"https:\/\/miumjau.ee\/#website"},"primaryImageOfPage":{"@id":"https:\/\/miumjau.ee\/fi\/tuote\/ibero-natural-kylmapuristettu-ruoka-m-l-adult-lampaanlihalla-3-kg\/#primaryimage"},"image":{"@id":"https:\/\/miumjau.ee\/fi\/tuote\/ibero-natural-kylmapuristettu-ruoka-m-l-adult-lampaanlihalla-3-kg\/#primaryimage"},"thumbnailUrl":"https:\/\/miumjau.ee\/wp-content\/uploads\/2025\/11\/ibero-adult-ml-lamb-3kg-.jpg","datePublished":"2025-11-24T18:47:40+00:00","dateModified":"2026-01-07T20:47:03+00:00","breadcrumb":{"@id":"https:\/\/miumjau.ee\/fi\/tuote\/ibero-natural-kylmapuristettu-ruoka-m-l-adult-lampaanlihalla-3-kg\/#breadcrumb"},"inLanguage":"fi","potentialAction":[{"@type":"ReadAction","target":["https:\/\/miumjau.ee\/fi\/tuote\/ibero-natural-kylmapuristettu-ruoka-m-l-adult-lampaanlihalla-3-kg\/"]}]},{"@type":"ImageObject","inLanguage":"fi","@id":"https:\/\/miumjau.ee\/fi\/tuote\/ibero-natural-kylmapuristettu-ruoka-m-l-adult-lampaanlihalla-3-kg\/#primaryimage","url":"https:\/\/miumjau.ee\/wp-content\/uploads\/2025\/11\/ibero-adult-ml-lamb-3kg-.jpg","contentUrl":"https:\/\/miumjau.ee\/wp-content\/uploads\/2025\/11\/ibero-adult-ml-lamb-3kg-.jpg","width":600,"height":800,"caption":"Ibero Natural k\u00fclmpressitud toit M\/L Adult lambaga 3kg"},{"@type":"BreadcrumbList","@id":"https:\/\/miumjau.ee\/fi\/tuote\/ibero-natural-kylmapuristettu-ruoka-m-l-adult-lampaanlihalla-3-kg\/#breadcrumb","itemListElement":[{"@type":"ListItem","position":1,"name":"Home","item":"https:\/\/miumjau.ee\/fi\/"},{"@type":"ListItem","position":2,"name":"Kauppa","item":"https:\/\/miumjau.ee\/fi\/kauppa\/"},{"@type":"ListItem","position":3,"name":"Ibero Natural kylm\u00e4puristettu ruoka M\/L Adult lampaanlihalla 3 kg"}]},{"@type":"WebSite","@id":"https:\/\/miumjau.ee\/#website","url":"https:\/\/miumjau.ee\/","name":"MiuMjau","description":"Kraapimispuud kassidele","publisher":{"@id":"https:\/\/miumjau.ee\/#organization"},"potentialAction":[{"@type":"SearchAction","target":{"@type":"EntryPoint","urlTemplate":"https:\/\/miumjau.ee\/?s={search_term_string}"},"query-input":{"@type":"PropertyValueSpecification","valueRequired":true,"valueName":"search_term_string"}}],"inLanguage":"fi"},{"@type":"Organization","@id":"https:\/\/miumjau.ee\/#organization","name":"MiuMjau O\u00dc","url":"https:\/\/miumjau.ee\/","logo":{"@type":"ImageObject","inLanguage":"fi","@id":"https:\/\/miumjau.ee\/#\/schema\/logo\/image\/","url":"https:\/\/miumjau.ee\/wp-content\/uploads\/2022\/04\/MiuMjau-logo-kollane.png","contentUrl":"https:\/\/miumjau.ee\/wp-content\/uploads\/2022\/04\/MiuMjau-logo-kollane.png","width":219,"height":100,"caption":"MiuMjau O\u00dc"},"image":{"@id":"https:\/\/miumjau.ee\/#\/schema\/logo\/image\/"},"sameAs":["https:\/\/www.facebook.com\/miumjaupood\/"]}]}},"_links":{"self":[{"href":"https:\/\/miumjau.ee\/fi\/wp-json\/wp\/v2\/product\/45675","targetHints":{"allow":["GET"]}}],"collection":[{"href":"https:\/\/miumjau.ee\/fi\/wp-json\/wp\/v2\/product"}],"about":[{"href":"https:\/\/miumjau.ee\/fi\/wp-json\/wp\/v2\/types\/product"}],"wp:featuredmedia":[{"embeddable":true,"href":"https:\/\/miumjau.ee\/fi\/wp-json\/wp\/v2\/media\/44975"}],"wp:attachment":[{"href":"https:\/\/miumjau.ee\/fi\/wp-json\/wp\/v2\/media?parent=45675"}],"wp:term":[{"taxonomy":"product_brand","embeddable":true,"href":"https:\/\/miumjau.ee\/fi\/wp-json\/wp\/v2\/product_brand?post=45675"},{"taxonomy":"product_cat","embeddable":true,"href":"https:\/\/miumjau.ee\/fi\/wp-json\/wp\/v2\/product_cat?post=45675"},{"taxonomy":"product_tag","embeddable":true,"href":"https:\/\/miumjau.ee\/fi\/wp-json\/wp\/v2\/product_tag?post=45675"}],"curies":[{"name":"wp","href":"https:\/\/api.w.org\/{rel}","templated":true}]}}