{"id":45665,"date":"2025-11-26T11:25:15","date_gmt":"2025-11-26T09:25:15","guid":{"rendered":"https:\/\/miumjau.ee\/toode\/ibero-natural-mini-junior-kylmapuristettu-ruoka-lampaanlihalla-3-kg\/"},"modified":"2026-01-07T22:47:10","modified_gmt":"2026-01-07T20:47:10","slug":"ibero-natural-mini-junior-kylmapuristettu-ruoka-lampaanlihalla-3-kg","status":"publish","type":"product","link":"https:\/\/miumjau.ee\/fi\/tuote\/ibero-natural-mini-junior-kylmapuristettu-ruoka-lampaanlihalla-3-kg\/","title":{"rendered":"Ibero Natural Mini Junior kylm\u00e4puristettu ruoka lampaanlihalla, 3 kg"},"content":{"rendered":"","protected":false},"excerpt":{"rendered":"<p data-start=\"2847\" data-end=\"2972\">T\u00e4ysravintoinen kylm\u00e4puristettu koiranruoka, joka sis\u00e4lt\u00e4\u00e4 kaikki tarpeelliset ravintoaineet pienten rotujen JUNIOR-koirille.<\/p>\n<p data-start=\"2974\" data-end=\"3039\">Yhdist\u00e4\u00e4 kylm\u00e4puristetun ruoan edut ja uudet maut Ibero-sarjassa.<\/p>\n<p data-start=\"3041\" data-end=\"3132\">S\u00e4ilytt\u00e4\u00e4 Ibero-sarjan p\u00e4\u00e4edut \u2013 paljon kuivattua lihaa, liha tulee paikallisilta tiloilta.<\/p>\n<p data-start=\"3134\" data-end=\"3208\">100 % LUONNOLLINEN \u2013 kuten koko Ibero-sarja \u2013 ilman kemikaaleja ja GMO:ta.<\/p>\n<p data-start=\"3210\" data-end=\"3377\">Kylm\u00e4puristettua ruokaa tarvitaan v\u00e4hemm\u00e4n \u2013 se on ravintotihe\u00e4mp\u00e4\u00e4, joten vaikka ruoka olisi kalliimpi, se voi lopulta olla edullisempi, koska pussi kest\u00e4\u00e4 pidemp\u00e4\u00e4n.<\/p>\n<p data-start=\"3379\" data-end=\"3407\">Kylm\u00e4puristettu ruoka sopii:<\/p>\n<ul data-start=\"3409\" data-end=\"3752\">\n<li data-start=\"3409\" data-end=\"3483\">\n<p data-start=\"3411\" data-end=\"3483\">Stressaantuneille koirille \u2013 tiivistetty, ravintoarvoltaan rikas ruoka<\/p>\n<\/li>\n<li data-start=\"3484\" data-end=\"3609\">\n<p data-start=\"3486\" data-end=\"3609\">Tiineille nartuille \u2013 ravinnerikas ruokavalio sek\u00e4 em\u00e4lle ett\u00e4 pennulle, vatsan koon pienentyminen kasvavan siki\u00f6n vuoksi<\/p>\n<\/li>\n<li data-start=\"3610\" data-end=\"3752\">\n<p data-start=\"3612\" data-end=\"3752\">Kasvattajille, jotka suosivat erilaista k\u00e4sittelytekniikkaa \u2013 luonnollisempi ruokavalio turvallisesti tuotettuna el\u00e4inl\u00e4\u00e4k\u00e4rin valvonnassa<\/p>\n<\/li>\n<\/ul>\n<p data-start=\"3754\" data-end=\"3765\"><strong data-start=\"3754\" data-end=\"3765\">Ohjeet:<\/strong><\/p>\n<p data-start=\"3767\" data-end=\"3840\">Totuta koira v\u00e4hitellen t\u00e4h\u00e4n kuivaruokaan.<br data-start=\"3810\" data-end=\"3813\" \/>Tarjoa aina raikasta vett\u00e4.<\/p>\n<p data-start=\"3842\" data-end=\"4190\"><strong data-start=\"3842\" data-end=\"3856\">KOOSTUMUS:<\/strong> Kuivattu lampaanliha (34 %), kuivattu bataatti, kuivattu peruna, naudanrasva (15 %), riisijauho (8 %), lampaanmaksa (5 %), kaurahiutaleet (4 %), kuivattu kurpitsa (2 %), kuivattu lampaanmaksa (2 %), maissihiutaleet, kuivattu porkkana (1,2 %), pellavansiemenet, sikuriuute, kuivatut yrtit, beetaglukaanit, vitamiini- ja mineraaliseos.<\/p>\n<p data-start=\"4192\" data-end=\"4363\"><strong data-start=\"4192\" data-end=\"4218\">ANALYYTTISET AINEOSAT:<\/strong> Raakavalkuainen 26 %, raakarasva 14 %, raakakuitu 3,4 %, raakatuhka 6,8 %, kalsium 1,3 %, fosfori 0,95 %, natrium 0,15 %, kosteus enint\u00e4\u00e4n 10 %.<\/p>\n<p data-start=\"4365\" data-end=\"4770\"><strong data-start=\"4365\" data-end=\"4387\">LIS\u00c4AINEET (1 kg):<\/strong><br data-start=\"4387\" data-end=\"4390\" \/>Vitamiinit: A 16988 IU, D3 1698 IU, E 170 mg, B1 4,98 mg, B2 8,83 mg, B6 6,78 mg, B12 0,07 mg, C 118 mg, Niasiini 42,25 mg, Pantoteenihappo 17,47 mg, Folaatti 0,68 mg, Biotiini 0,42 mg.<br data-start=\"4575\" data-end=\"4578\" \/>Mineraalit: Jodi 4,07 mg, Seleeni 0,37 mg, Rauta 99 mg, Kupari 11,88 mg, Sinkki 125,7 mg, Mangaani 11,88 mg, Koliinikloridi 1835 mg.<br data-start=\"4710\" data-end=\"4713\" \/>Antioksidantit: kasvi\u00f6ljyuutteet, runsaasti tokoferoleja.<\/p>\n<p data-start=\"4772\" data-end=\"4805\">Metabolinen energia: 3860 kcal\/kg<\/p>\n<p data-start=\"4807\" data-end=\"4885\"><strong data-start=\"4807\" data-end=\"4885\">Suositeltu p\u00e4ivitt\u00e4inen m\u00e4\u00e4r\u00e4 JUNIOR-pennuille i\u00e4n ja aikuispainon mukaan:<\/strong><\/p>\n<div class=\"_tableContainer_1rjym_1\">\n<div class=\"group _tableWrapper_1rjym_13 flex w-fit flex-col-reverse\" tabindex=\"-1\">\n<table class=\"w-fit min-w-(--thread-content-width)\" data-start=\"4887\" data-end=\"5236\">\n<thead data-start=\"4887\" data-end=\"4951\">\n<tr data-start=\"4887\" data-end=\"4951\">\n<th data-start=\"4887\" data-end=\"4907\" data-col-size=\"sm\">Ik\u00e4 \/ Aikuispaino<\/th>\n<th data-start=\"4907\" data-end=\"4914\" data-col-size=\"sm\">1 kg<\/th>\n<th data-start=\"4914\" data-end=\"4921\" data-col-size=\"sm\">2 kg<\/th>\n<th data-start=\"4921\" data-end=\"4928\" data-col-size=\"sm\">3 kg<\/th>\n<th data-start=\"4928\" data-end=\"4935\" data-col-size=\"sm\">5 kg<\/th>\n<th data-start=\"4935\" data-end=\"4942\" data-col-size=\"sm\">7 kg<\/th>\n<th data-start=\"4942\" data-end=\"4951\" data-col-size=\"sm\">10 kg<\/th>\n<\/tr>\n<\/thead>\n<tbody data-start=\"5017\" data-end=\"5236\">\n<tr data-start=\"5017\" data-end=\"5070\">\n<td data-start=\"5017\" data-end=\"5026\" data-col-size=\"sm\">2\u20133 kk<\/td>\n<td data-col-size=\"sm\" data-start=\"5026\" data-end=\"5033\">30 g<\/td>\n<td data-col-size=\"sm\" data-start=\"5033\" data-end=\"5040\">35 g<\/td>\n<td data-col-size=\"sm\" data-start=\"5040\" data-end=\"5047\">50 g<\/td>\n<td data-col-size=\"sm\" data-start=\"5047\" data-end=\"5054\">60 g<\/td>\n<td data-col-size=\"sm\" data-start=\"5054\" data-end=\"5061\">75 g<\/td>\n<td data-col-size=\"sm\" data-start=\"5061\" data-end=\"5070\">100 g<\/td>\n<\/tr>\n<tr data-start=\"5071\" data-end=\"5124\">\n<td data-start=\"5071\" data-end=\"5080\" data-col-size=\"sm\">3\u20134 kk<\/td>\n<td data-col-size=\"sm\" data-start=\"5080\" data-end=\"5087\">45 g<\/td>\n<td data-col-size=\"sm\" data-start=\"5087\" data-end=\"5094\">50 g<\/td>\n<td data-col-size=\"sm\" data-start=\"5094\" data-end=\"5101\">65 g<\/td>\n<td data-col-size=\"sm\" data-start=\"5101\" data-end=\"5108\">75 g<\/td>\n<td data-col-size=\"sm\" data-start=\"5108\" data-end=\"5115\">90 g<\/td>\n<td data-col-size=\"sm\" data-start=\"5115\" data-end=\"5124\">130 g<\/td>\n<\/tr>\n<tr data-start=\"5125\" data-end=\"5179\">\n<td data-start=\"5125\" data-end=\"5134\" data-col-size=\"sm\">4\u20136 kk<\/td>\n<td data-start=\"5134\" data-end=\"5141\" data-col-size=\"sm\">55 g<\/td>\n<td data-start=\"5141\" data-end=\"5148\" data-col-size=\"sm\">60 g<\/td>\n<td data-start=\"5148\" data-end=\"5155\" data-col-size=\"sm\">75 g<\/td>\n<td data-start=\"5155\" data-end=\"5162\" data-col-size=\"sm\">90 g<\/td>\n<td data-start=\"5162\" data-end=\"5170\" data-col-size=\"sm\">120 g<\/td>\n<td data-start=\"5170\" data-end=\"5179\" data-col-size=\"sm\">150 g<\/td>\n<\/tr>\n<tr data-start=\"5180\" data-end=\"5236\">\n<td data-start=\"5180\" data-end=\"5190\" data-col-size=\"sm\">6\u201312 kk<\/td>\n<td data-start=\"5190\" data-end=\"5197\" data-col-size=\"sm\">60 g<\/td>\n<td data-start=\"5197\" data-end=\"5204\" data-col-size=\"sm\">65 g<\/td>\n<td data-start=\"5204\" data-end=\"5211\" data-col-size=\"sm\">80 g<\/td>\n<td data-start=\"5211\" data-end=\"5219\" data-col-size=\"sm\">120 g<\/td>\n<td data-start=\"5219\" data-end=\"5227\" data-col-size=\"sm\">140 g<\/td>\n<td data-start=\"5227\" data-end=\"5236\" data-col-size=\"sm\">180 g<\/td>\n<\/tr>\n<\/tbody>\n<\/table>\n<\/div>\n<\/div>\n","protected":false},"featured_media":45623,"template":"","meta":[],"product_brand":[],"product_cat":[478],"product_tag":[],"class_list":{"0":"post-45665","1":"product","2":"type-product","3":"status-publish","4":"has-post-thumbnail","6":"product_cat-kuivaruoka-koirille","8":"first","9":"instock","10":"sale","11":"taxable","12":"shipping-taxable","13":"purchasable","14":"product-type-simple"},"yoast_head":"<!-- This site is optimized with the Yoast SEO plugin v27.2 - https:\/\/yoast.com\/product\/yoast-seo-wordpress\/ -->\n<title>Ibero Natural Mini Junior kylm\u00e4puristettu ruoka lampaanlihalla, 3 kg - MiuMjau<\/title>\n<meta name=\"robots\" content=\"index, follow, max-snippet:-1, max-image-preview:large, max-video-preview:-1\" \/>\n<link rel=\"canonical\" href=\"https:\/\/miumjau.ee\/fi\/tuote\/ibero-natural-mini-junior-kylmapuristettu-ruoka-lampaanlihalla-3-kg\/\" \/>\n<meta property=\"og:locale\" content=\"fi_FI\" \/>\n<meta property=\"og:type\" content=\"article\" \/>\n<meta property=\"og:title\" content=\"Ibero Natural Mini Junior kylm\u00e4puristettu ruoka lampaanlihalla, 3 kg - MiuMjau\" \/>\n<meta property=\"og:description\" content=\"T\u00e4ysravintoinen kylm\u00e4puristettu koiranruoka, joka sis\u00e4lt\u00e4\u00e4 kaikki tarpeelliset ravintoaineet pienten rotujen JUNIOR-koirille. Yhdist\u00e4\u00e4 kylm\u00e4puristetun ruoan edut ja uudet maut Ibero-sarjassa. S\u00e4ilytt\u00e4\u00e4 Ibero-sarjan p\u00e4\u00e4edut \u2013 paljon kuivattua lihaa, liha tulee paikallisilta tiloilta. 100 % LUONNOLLINEN \u2013 kuten koko Ibero-sarja \u2013 ilman kemikaaleja ja GMO:ta. Kylm\u00e4puristettua ruokaa tarvitaan v\u00e4hemm\u00e4n \u2013 se on ravintotihe\u00e4mp\u00e4\u00e4, joten vaikka ruoka olisi kalliimpi, se voi lopulta olla edullisempi, koska pussi kest\u00e4\u00e4 pidemp\u00e4\u00e4n. Kylm\u00e4puristettu ruoka sopii:     Stressaantuneille koirille \u2013 tiivistetty, ravintoarvoltaan rikas ruoka    Tiineille nartuille \u2013 ravinnerikas ruokavalio sek\u00e4 em\u00e4lle ett\u00e4 pennulle, vatsan koon pienentyminen kasvavan siki\u00f6n vuoksi    Kasvattajille, jotka suosivat erilaista k\u00e4sittelytekniikkaa \u2013 luonnollisempi ruokavalio turvallisesti tuotettuna el\u00e4inl\u00e4\u00e4k\u00e4rin valvonnassa   Ohjeet: Totuta koira v\u00e4hitellen t\u00e4h\u00e4n kuivaruokaan.Tarjoa aina raikasta vett\u00e4. KOOSTUMUS: Kuivattu lampaanliha (34 %), kuivattu bataatti, kuivattu peruna, naudanrasva (15 %), riisijauho (8 %), lampaanmaksa (5 %), kaurahiutaleet (4 %), kuivattu kurpitsa (2 %), kuivattu lampaanmaksa (2 %), maissihiutaleet, kuivattu porkkana (1,2 %), pellavansiemenet, sikuriuute, kuivatut yrtit, beetaglukaanit, vitamiini- ja mineraaliseos. ANALYYTTISET AINEOSAT: Raakavalkuainen 26 %, raakarasva 14 %, raakakuitu 3,4 %, raakatuhka 6,8 %, kalsium 1,3 %, fosfori 0,95 %, natrium 0,15 %, kosteus enint\u00e4\u00e4n 10 %. LIS\u00c4AINEET (1 kg):Vitamiinit: A 16988 IU, D3 1698 IU, E 170 mg, B1 4,98 mg, B2 8,83 mg, B6 6,78 mg, B12 0,07 mg, C 118 mg, Niasiini 42,25 mg, Pantoteenihappo 17,47 mg, Folaatti 0,68 mg, Biotiini 0,42 mg.Mineraalit: Jodi 4,07 mg, Seleeni 0,37 mg, Rauta 99 mg, Kupari 11,88 mg, Sinkki 125,7 mg, Mangaani 11,88 mg, Koliinikloridi 1835 mg.Antioksidantit: kasvi\u00f6ljyuutteet, runsaasti tokoferoleja. Metabolinen energia: 3860 kcal\/kg Suositeltu p\u00e4ivitt\u00e4inen m\u00e4\u00e4r\u00e4 JUNIOR-pennuille i\u00e4n ja aikuispainon mukaan:       Ik\u00e4 \/ Aikuispaino 1 kg 2 kg 3 kg 5 kg 7 kg 10 kg     2\u20133 kk 30 g 35 g 50 g 60 g 75 g 100 g   3\u20134 kk 45 g 50 g 65 g 75 g 90 g 130 g   4\u20136 kk 55 g 60 g 75 g 90 g 120 g 150 g   6\u201312 kk 60 g 65 g 80 g 120 g 140 g 180 g\" \/>\n<meta property=\"og:url\" content=\"https:\/\/miumjau.ee\/fi\/tuote\/ibero-natural-mini-junior-kylmapuristettu-ruoka-lampaanlihalla-3-kg\/\" \/>\n<meta property=\"og:site_name\" content=\"MiuMjau\" \/>\n<meta property=\"article:publisher\" content=\"https:\/\/www.facebook.com\/miumjaupood\/\" \/>\n<meta property=\"article:modified_time\" content=\"2026-01-07T20:47:10+00:00\" \/>\n<meta property=\"og:image\" content=\"https:\/\/miumjau.ee\/wp-content\/uploads\/2025\/11\/ibero-natural-kulmpress-mini-lamb-junior.jpg\" \/>\n\t<meta property=\"og:image:width\" content=\"600\" \/>\n\t<meta property=\"og:image:height\" content=\"800\" \/>\n\t<meta property=\"og:image:type\" content=\"image\/jpeg\" \/>\n<meta name=\"twitter:card\" content=\"summary_large_image\" \/>\n<script type=\"application\/ld+json\" class=\"yoast-schema-graph\">{\"@context\":\"https:\/\/schema.org\",\"@graph\":[{\"@type\":\"WebPage\",\"@id\":\"https:\/\/miumjau.ee\/fi\/tuote\/ibero-natural-mini-junior-kylmapuristettu-ruoka-lampaanlihalla-3-kg\/\",\"url\":\"https:\/\/miumjau.ee\/fi\/tuote\/ibero-natural-mini-junior-kylmapuristettu-ruoka-lampaanlihalla-3-kg\/\",\"name\":\"Ibero Natural Mini Junior kylm\u00e4puristettu ruoka lampaanlihalla, 3 kg - MiuMjau\",\"isPartOf\":{\"@id\":\"https:\/\/miumjau.ee\/#website\"},\"primaryImageOfPage\":{\"@id\":\"https:\/\/miumjau.ee\/fi\/tuote\/ibero-natural-mini-junior-kylmapuristettu-ruoka-lampaanlihalla-3-kg\/#primaryimage\"},\"image\":{\"@id\":\"https:\/\/miumjau.ee\/fi\/tuote\/ibero-natural-mini-junior-kylmapuristettu-ruoka-lampaanlihalla-3-kg\/#primaryimage\"},\"thumbnailUrl\":\"https:\/\/miumjau.ee\/wp-content\/uploads\/2025\/11\/ibero-natural-kulmpress-mini-lamb-junior.jpg\",\"datePublished\":\"2025-11-26T09:25:15+00:00\",\"dateModified\":\"2026-01-07T20:47:10+00:00\",\"breadcrumb\":{\"@id\":\"https:\/\/miumjau.ee\/fi\/tuote\/ibero-natural-mini-junior-kylmapuristettu-ruoka-lampaanlihalla-3-kg\/#breadcrumb\"},\"inLanguage\":\"fi\",\"potentialAction\":[{\"@type\":\"ReadAction\",\"target\":[\"https:\/\/miumjau.ee\/fi\/tuote\/ibero-natural-mini-junior-kylmapuristettu-ruoka-lampaanlihalla-3-kg\/\"]}]},{\"@type\":\"ImageObject\",\"inLanguage\":\"fi\",\"@id\":\"https:\/\/miumjau.ee\/fi\/tuote\/ibero-natural-mini-junior-kylmapuristettu-ruoka-lampaanlihalla-3-kg\/#primaryimage\",\"url\":\"https:\/\/miumjau.ee\/wp-content\/uploads\/2025\/11\/ibero-natural-kulmpress-mini-lamb-junior.jpg\",\"contentUrl\":\"https:\/\/miumjau.ee\/wp-content\/uploads\/2025\/11\/ibero-natural-kulmpress-mini-lamb-junior.jpg\",\"width\":600,\"height\":800,\"caption\":\"Ibero Natural Mini Adult Iberico k\u00fclmpressitud toit, 3kg\"},{\"@type\":\"BreadcrumbList\",\"@id\":\"https:\/\/miumjau.ee\/fi\/tuote\/ibero-natural-mini-junior-kylmapuristettu-ruoka-lampaanlihalla-3-kg\/#breadcrumb\",\"itemListElement\":[{\"@type\":\"ListItem\",\"position\":1,\"name\":\"Home\",\"item\":\"https:\/\/miumjau.ee\/fi\/\"},{\"@type\":\"ListItem\",\"position\":2,\"name\":\"Kauppa\",\"item\":\"https:\/\/miumjau.ee\/fi\/kauppa\/\"},{\"@type\":\"ListItem\",\"position\":3,\"name\":\"Ibero Natural Mini Junior kylm\u00e4puristettu ruoka lampaanlihalla, 3 kg\"}]},{\"@type\":\"WebSite\",\"@id\":\"https:\/\/miumjau.ee\/#website\",\"url\":\"https:\/\/miumjau.ee\/\",\"name\":\"MiuMjau\",\"description\":\"Kraapimispuud kassidele\",\"publisher\":{\"@id\":\"https:\/\/miumjau.ee\/#organization\"},\"potentialAction\":[{\"@type\":\"SearchAction\",\"target\":{\"@type\":\"EntryPoint\",\"urlTemplate\":\"https:\/\/miumjau.ee\/?s={search_term_string}\"},\"query-input\":{\"@type\":\"PropertyValueSpecification\",\"valueRequired\":true,\"valueName\":\"search_term_string\"}}],\"inLanguage\":\"fi\"},{\"@type\":\"Organization\",\"@id\":\"https:\/\/miumjau.ee\/#organization\",\"name\":\"MiuMjau O\u00dc\",\"url\":\"https:\/\/miumjau.ee\/\",\"logo\":{\"@type\":\"ImageObject\",\"inLanguage\":\"fi\",\"@id\":\"https:\/\/miumjau.ee\/#\/schema\/logo\/image\/\",\"url\":\"https:\/\/miumjau.ee\/wp-content\/uploads\/2022\/04\/MiuMjau-logo-kollane.png\",\"contentUrl\":\"https:\/\/miumjau.ee\/wp-content\/uploads\/2022\/04\/MiuMjau-logo-kollane.png\",\"width\":219,\"height\":100,\"caption\":\"MiuMjau O\u00dc\"},\"image\":{\"@id\":\"https:\/\/miumjau.ee\/#\/schema\/logo\/image\/\"},\"sameAs\":[\"https:\/\/www.facebook.com\/miumjaupood\/\"]}]}<\/script>\n<!-- \/ Yoast SEO plugin. -->","yoast_head_json":{"title":"Ibero Natural Mini Junior kylm\u00e4puristettu ruoka lampaanlihalla, 3 kg - MiuMjau","robots":{"index":"index","follow":"follow","max-snippet":"max-snippet:-1","max-image-preview":"max-image-preview:large","max-video-preview":"max-video-preview:-1"},"canonical":"https:\/\/miumjau.ee\/fi\/tuote\/ibero-natural-mini-junior-kylmapuristettu-ruoka-lampaanlihalla-3-kg\/","og_locale":"fi_FI","og_type":"article","og_title":"Ibero Natural Mini Junior kylm\u00e4puristettu ruoka lampaanlihalla, 3 kg - MiuMjau","og_description":"T\u00e4ysravintoinen kylm\u00e4puristettu koiranruoka, joka sis\u00e4lt\u00e4\u00e4 kaikki tarpeelliset ravintoaineet pienten rotujen JUNIOR-koirille. Yhdist\u00e4\u00e4 kylm\u00e4puristetun ruoan edut ja uudet maut Ibero-sarjassa. S\u00e4ilytt\u00e4\u00e4 Ibero-sarjan p\u00e4\u00e4edut \u2013 paljon kuivattua lihaa, liha tulee paikallisilta tiloilta. 100 % LUONNOLLINEN \u2013 kuten koko Ibero-sarja \u2013 ilman kemikaaleja ja GMO:ta. Kylm\u00e4puristettua ruokaa tarvitaan v\u00e4hemm\u00e4n \u2013 se on ravintotihe\u00e4mp\u00e4\u00e4, joten vaikka ruoka olisi kalliimpi, se voi lopulta olla edullisempi, koska pussi kest\u00e4\u00e4 pidemp\u00e4\u00e4n. Kylm\u00e4puristettu ruoka sopii:     Stressaantuneille koirille \u2013 tiivistetty, ravintoarvoltaan rikas ruoka    Tiineille nartuille \u2013 ravinnerikas ruokavalio sek\u00e4 em\u00e4lle ett\u00e4 pennulle, vatsan koon pienentyminen kasvavan siki\u00f6n vuoksi    Kasvattajille, jotka suosivat erilaista k\u00e4sittelytekniikkaa \u2013 luonnollisempi ruokavalio turvallisesti tuotettuna el\u00e4inl\u00e4\u00e4k\u00e4rin valvonnassa   Ohjeet: Totuta koira v\u00e4hitellen t\u00e4h\u00e4n kuivaruokaan.Tarjoa aina raikasta vett\u00e4. KOOSTUMUS: Kuivattu lampaanliha (34 %), kuivattu bataatti, kuivattu peruna, naudanrasva (15 %), riisijauho (8 %), lampaanmaksa (5 %), kaurahiutaleet (4 %), kuivattu kurpitsa (2 %), kuivattu lampaanmaksa (2 %), maissihiutaleet, kuivattu porkkana (1,2 %), pellavansiemenet, sikuriuute, kuivatut yrtit, beetaglukaanit, vitamiini- ja mineraaliseos. ANALYYTTISET AINEOSAT: Raakavalkuainen 26 %, raakarasva 14 %, raakakuitu 3,4 %, raakatuhka 6,8 %, kalsium 1,3 %, fosfori 0,95 %, natrium 0,15 %, kosteus enint\u00e4\u00e4n 10 %. LIS\u00c4AINEET (1 kg):Vitamiinit: A 16988 IU, D3 1698 IU, E 170 mg, B1 4,98 mg, B2 8,83 mg, B6 6,78 mg, B12 0,07 mg, C 118 mg, Niasiini 42,25 mg, Pantoteenihappo 17,47 mg, Folaatti 0,68 mg, Biotiini 0,42 mg.Mineraalit: Jodi 4,07 mg, Seleeni 0,37 mg, Rauta 99 mg, Kupari 11,88 mg, Sinkki 125,7 mg, Mangaani 11,88 mg, Koliinikloridi 1835 mg.Antioksidantit: kasvi\u00f6ljyuutteet, runsaasti tokoferoleja. Metabolinen energia: 3860 kcal\/kg Suositeltu p\u00e4ivitt\u00e4inen m\u00e4\u00e4r\u00e4 JUNIOR-pennuille i\u00e4n ja aikuispainon mukaan:       Ik\u00e4 \/ Aikuispaino 1 kg 2 kg 3 kg 5 kg 7 kg 10 kg     2\u20133 kk 30 g 35 g 50 g 60 g 75 g 100 g   3\u20134 kk 45 g 50 g 65 g 75 g 90 g 130 g   4\u20136 kk 55 g 60 g 75 g 90 g 120 g 150 g   6\u201312 kk 60 g 65 g 80 g 120 g 140 g 180 g","og_url":"https:\/\/miumjau.ee\/fi\/tuote\/ibero-natural-mini-junior-kylmapuristettu-ruoka-lampaanlihalla-3-kg\/","og_site_name":"MiuMjau","article_publisher":"https:\/\/www.facebook.com\/miumjaupood\/","article_modified_time":"2026-01-07T20:47:10+00:00","og_image":[{"width":600,"height":800,"url":"https:\/\/miumjau.ee\/wp-content\/uploads\/2025\/11\/ibero-natural-kulmpress-mini-lamb-junior.jpg","type":"image\/jpeg"}],"twitter_card":"summary_large_image","schema":{"@context":"https:\/\/schema.org","@graph":[{"@type":"WebPage","@id":"https:\/\/miumjau.ee\/fi\/tuote\/ibero-natural-mini-junior-kylmapuristettu-ruoka-lampaanlihalla-3-kg\/","url":"https:\/\/miumjau.ee\/fi\/tuote\/ibero-natural-mini-junior-kylmapuristettu-ruoka-lampaanlihalla-3-kg\/","name":"Ibero Natural Mini Junior kylm\u00e4puristettu ruoka lampaanlihalla, 3 kg - MiuMjau","isPartOf":{"@id":"https:\/\/miumjau.ee\/#website"},"primaryImageOfPage":{"@id":"https:\/\/miumjau.ee\/fi\/tuote\/ibero-natural-mini-junior-kylmapuristettu-ruoka-lampaanlihalla-3-kg\/#primaryimage"},"image":{"@id":"https:\/\/miumjau.ee\/fi\/tuote\/ibero-natural-mini-junior-kylmapuristettu-ruoka-lampaanlihalla-3-kg\/#primaryimage"},"thumbnailUrl":"https:\/\/miumjau.ee\/wp-content\/uploads\/2025\/11\/ibero-natural-kulmpress-mini-lamb-junior.jpg","datePublished":"2025-11-26T09:25:15+00:00","dateModified":"2026-01-07T20:47:10+00:00","breadcrumb":{"@id":"https:\/\/miumjau.ee\/fi\/tuote\/ibero-natural-mini-junior-kylmapuristettu-ruoka-lampaanlihalla-3-kg\/#breadcrumb"},"inLanguage":"fi","potentialAction":[{"@type":"ReadAction","target":["https:\/\/miumjau.ee\/fi\/tuote\/ibero-natural-mini-junior-kylmapuristettu-ruoka-lampaanlihalla-3-kg\/"]}]},{"@type":"ImageObject","inLanguage":"fi","@id":"https:\/\/miumjau.ee\/fi\/tuote\/ibero-natural-mini-junior-kylmapuristettu-ruoka-lampaanlihalla-3-kg\/#primaryimage","url":"https:\/\/miumjau.ee\/wp-content\/uploads\/2025\/11\/ibero-natural-kulmpress-mini-lamb-junior.jpg","contentUrl":"https:\/\/miumjau.ee\/wp-content\/uploads\/2025\/11\/ibero-natural-kulmpress-mini-lamb-junior.jpg","width":600,"height":800,"caption":"Ibero Natural Mini Adult Iberico k\u00fclmpressitud toit, 3kg"},{"@type":"BreadcrumbList","@id":"https:\/\/miumjau.ee\/fi\/tuote\/ibero-natural-mini-junior-kylmapuristettu-ruoka-lampaanlihalla-3-kg\/#breadcrumb","itemListElement":[{"@type":"ListItem","position":1,"name":"Home","item":"https:\/\/miumjau.ee\/fi\/"},{"@type":"ListItem","position":2,"name":"Kauppa","item":"https:\/\/miumjau.ee\/fi\/kauppa\/"},{"@type":"ListItem","position":3,"name":"Ibero Natural Mini Junior kylm\u00e4puristettu ruoka lampaanlihalla, 3 kg"}]},{"@type":"WebSite","@id":"https:\/\/miumjau.ee\/#website","url":"https:\/\/miumjau.ee\/","name":"MiuMjau","description":"Kraapimispuud kassidele","publisher":{"@id":"https:\/\/miumjau.ee\/#organization"},"potentialAction":[{"@type":"SearchAction","target":{"@type":"EntryPoint","urlTemplate":"https:\/\/miumjau.ee\/?s={search_term_string}"},"query-input":{"@type":"PropertyValueSpecification","valueRequired":true,"valueName":"search_term_string"}}],"inLanguage":"fi"},{"@type":"Organization","@id":"https:\/\/miumjau.ee\/#organization","name":"MiuMjau O\u00dc","url":"https:\/\/miumjau.ee\/","logo":{"@type":"ImageObject","inLanguage":"fi","@id":"https:\/\/miumjau.ee\/#\/schema\/logo\/image\/","url":"https:\/\/miumjau.ee\/wp-content\/uploads\/2022\/04\/MiuMjau-logo-kollane.png","contentUrl":"https:\/\/miumjau.ee\/wp-content\/uploads\/2022\/04\/MiuMjau-logo-kollane.png","width":219,"height":100,"caption":"MiuMjau O\u00dc"},"image":{"@id":"https:\/\/miumjau.ee\/#\/schema\/logo\/image\/"},"sameAs":["https:\/\/www.facebook.com\/miumjaupood\/"]}]}},"_links":{"self":[{"href":"https:\/\/miumjau.ee\/fi\/wp-json\/wp\/v2\/product\/45665","targetHints":{"allow":["GET"]}}],"collection":[{"href":"https:\/\/miumjau.ee\/fi\/wp-json\/wp\/v2\/product"}],"about":[{"href":"https:\/\/miumjau.ee\/fi\/wp-json\/wp\/v2\/types\/product"}],"wp:featuredmedia":[{"embeddable":true,"href":"https:\/\/miumjau.ee\/fi\/wp-json\/wp\/v2\/media\/45623"}],"wp:attachment":[{"href":"https:\/\/miumjau.ee\/fi\/wp-json\/wp\/v2\/media?parent=45665"}],"wp:term":[{"taxonomy":"product_brand","embeddable":true,"href":"https:\/\/miumjau.ee\/fi\/wp-json\/wp\/v2\/product_brand?post=45665"},{"taxonomy":"product_cat","embeddable":true,"href":"https:\/\/miumjau.ee\/fi\/wp-json\/wp\/v2\/product_cat?post=45665"},{"taxonomy":"product_tag","embeddable":true,"href":"https:\/\/miumjau.ee\/fi\/wp-json\/wp\/v2\/product_tag?post=45665"}],"curies":[{"name":"wp","href":"https:\/\/api.w.org\/{rel}","templated":true}]}}