{"id":45660,"date":"2025-11-26T11:26:24","date_gmt":"2025-11-26T09:26:24","guid":{"rendered":"https:\/\/miumjau.ee\/toode\/ibero-natural-mini-adult-iberico-kylmapuristettu-ruoka-3-kg\/"},"modified":"2026-01-07T22:47:10","modified_gmt":"2026-01-07T20:47:10","slug":"ibero-natural-mini-adult-iberico-kylmapuristettu-ruoka-3-kg","status":"publish","type":"product","link":"https:\/\/miumjau.ee\/fi\/tuote\/ibero-natural-mini-adult-iberico-kylmapuristettu-ruoka-3-kg\/","title":{"rendered":"Ibero Natural Mini Adult Iberico kylm\u00e4puristettu ruoka, 3 kg"},"content":{"rendered":"","protected":false},"excerpt":{"rendered":"<p data-start=\"2649\" data-end=\"2803\">T\u00e4ysravintoinen kylm\u00e4puristettu koiranruoka, joka sis\u00e4lt\u00e4\u00e4 kaikki tarpeelliset ravintoaineet aikuisille pienikokoisille koirille \u2013 iberian porsaanlihalla.<\/p>\n<p data-start=\"2805\" data-end=\"2896\">S\u00e4ilytt\u00e4\u00e4 Ibero-sarjan p\u00e4\u00e4edut \u2013 paljon kuivattua lihaa, liha tulee paikallisilta tiloilta.<\/p>\n<p data-start=\"2898\" data-end=\"2972\">100 % LUONNOLLINEN \u2013 kuten koko Ibero-sarja \u2013 ilman kemikaaleja ja GMO:ta.<\/p>\n<p data-start=\"2974\" data-end=\"3143\">Kylm\u00e4puristettua ruokaa tarvitaan v\u00e4hemm\u00e4n \u2013 se on ravintotihe\u00e4mp\u00e4\u00e4, joten vaikka ruoka olisi kalliimpaa, se voi lopulta olla edullisempaa, koska pussi kest\u00e4\u00e4 pidemp\u00e4\u00e4n.<\/p>\n<p data-start=\"3145\" data-end=\"3173\">Kylm\u00e4puristettu ruoka sopii:<\/p>\n<ul data-start=\"3175\" data-end=\"3570\">\n<li data-start=\"3175\" data-end=\"3251\">\n<p data-start=\"3177\" data-end=\"3251\">Stressaantuneille koirille \u2013 tiivistetty ja ravintoarvoltaan rikas ruoka<\/p>\n<\/li>\n<li data-start=\"3252\" data-end=\"3375\">\n<p data-start=\"3254\" data-end=\"3375\">Tiineille nartuille \u2013 ravinnerikas ruokavalio em\u00e4lle ja pennulle, vatsan tilavuuden v\u00e4hent\u00e4minen kasvavan siki\u00f6n vuoksi<\/p>\n<\/li>\n<li data-start=\"3376\" data-end=\"3570\">\n<p data-start=\"3378\" data-end=\"3570\">Kasvattajille ja heid\u00e4n kumppaneilleen, jotka suosivat erilaista k\u00e4sittelytekniikkaa \u2013 luonnollisempi l\u00e4hestymistapa ruokavalioon, samalla turvallisesti valmistettu el\u00e4inl\u00e4\u00e4k\u00e4rin valvonnassa<\/p>\n<\/li>\n<\/ul>\n<p data-start=\"3572\" data-end=\"3583\"><strong data-start=\"3572\" data-end=\"3583\">Ohjeet:<\/strong><\/p>\n<p data-start=\"3585\" data-end=\"3667\">Totuta koira v\u00e4hitellen t\u00e4h\u00e4n kuivaruokaan.<br data-start=\"3628\" data-end=\"3631\" \/>Tarjoa koiralle aina raikasta vett\u00e4.<\/p>\n<p data-start=\"3669\" data-end=\"4042\"><strong data-start=\"3669\" data-end=\"3683\">KOOSTUMUS:<\/strong> Kuivattu iberian porsaanliha (20 %), kuivattu kalkkuna (14 %), kuivattu bataatti, kuivattu peruna, naudanrasva (13 %), kaurahiutaleet (8 %), sianmaksa (5 %), kuivattu kurpitsa (2 %), kuivattu sianmaksa (2 %), maissi-hiutaleet, kuivattu porkkana (1,2 %), pellavansiemenet, sikuriuutteet, kuivatut yrtit, beetaglukaanit, rustouute, vitamiini- ja mineraaliseos.<\/p>\n<p data-start=\"4044\" data-end=\"4211\"><strong data-start=\"4044\" data-end=\"4070\">ANALYYTTISET AINEOSAT:<\/strong> Raakavalkuainen 24 %, raakarasva 14 %, raakapuuhi 3,4 %, raakatuhka 7,3 %, kalsium 1,1 %, fosfori 0,85 %, natrium 0,15 %, kosteus max. 10 %.<\/p>\n<p data-start=\"4213\" data-end=\"4681\"><strong data-start=\"4213\" data-end=\"4235\">LIS\u00c4AINEET (1 kg):<\/strong><br data-start=\"4235\" data-end=\"4238\" \/>Vitamiinit: A 17331 IU, D3 1733 IU, E 173 mg, B1 5,09 mg, B2 9 mg, B6 6,9 mg, B12 0,07 mg, C 121 mg, Niasiini 43,1 mg, Pantoteenihappo 17,8 mg, Folaatti 0,69 mg, Biotiini 0,43 mg.<br data-start=\"4417\" data-end=\"4420\" \/>Mineraalit: Jodi 4,6 mg, Seleeni 0,38 mg, Rauta 101 mg, Kupari 12,1 mg, Sinkki 129 mg, Mangaani 12,1 mg, Koliinikloridi 1872 mg.<br data-start=\"4548\" data-end=\"4551\" \/>Nivelten tukilis\u00e4t: Glukosamiini 404 mg, Kondroitiinisulfaatti 353 mg.<br data-start=\"4621\" data-end=\"4624\" \/>Antioksidantit: kasvi\u00f6ljyuutteet, runsaasti tokoferoleja.<\/p>\n<p data-start=\"4683\" data-end=\"4716\">Metabolinen energia: 3880 kcal\/kg<\/p>\n<p data-start=\"4718\" data-end=\"4773\"><strong data-start=\"4718\" data-end=\"4773\">Suositeltu p\u00e4ivitt\u00e4inen m\u00e4\u00e4r\u00e4 koiran painon mukaan:<\/strong><\/p>\n<div class=\"_tableContainer_1rjym_1\">\n<div class=\"group _tableWrapper_1rjym_13 flex w-fit flex-col-reverse\" tabindex=\"-1\">\n<table class=\"w-fit min-w-(--thread-content-width)\" data-start=\"4775\" data-end=\"4945\">\n<thead data-start=\"4775\" data-end=\"4827\">\n<tr data-start=\"4775\" data-end=\"4827\">\n<th data-start=\"4775\" data-end=\"4783\" data-col-size=\"sm\">Paino<\/th>\n<th data-start=\"4783\" data-end=\"4790\" data-col-size=\"sm\">1 kg<\/th>\n<th data-start=\"4790\" data-end=\"4797\" data-col-size=\"sm\">2 kg<\/th>\n<th data-start=\"4797\" data-end=\"4804\" data-col-size=\"sm\">3 kg<\/th>\n<th data-start=\"4804\" data-end=\"4811\" data-col-size=\"sm\">5 kg<\/th>\n<th data-start=\"4811\" data-end=\"4818\" data-col-size=\"sm\">7 kg<\/th>\n<th data-start=\"4818\" data-end=\"4827\" data-col-size=\"sm\">10 kg<\/th>\n<\/tr>\n<\/thead>\n<tbody data-start=\"4880\" data-end=\"4945\">\n<tr data-start=\"4880\" data-end=\"4945\">\n<td data-start=\"4880\" data-end=\"4901\" data-col-size=\"sm\">P\u00e4ivitt\u00e4inen m\u00e4\u00e4r\u00e4<\/td>\n<td data-col-size=\"sm\" data-start=\"4901\" data-end=\"4908\">27 g<\/td>\n<td data-col-size=\"sm\" data-start=\"4908\" data-end=\"4915\">35 g<\/td>\n<td data-col-size=\"sm\" data-start=\"4915\" data-end=\"4922\">45 g<\/td>\n<td data-col-size=\"sm\" data-start=\"4922\" data-end=\"4929\">65 g<\/td>\n<td data-col-size=\"sm\" data-start=\"4929\" data-end=\"4936\">85 g<\/td>\n<td data-col-size=\"sm\" data-start=\"4936\" data-end=\"4945\">115 g<\/td>\n<\/tr>\n<\/tbody>\n<\/table>\n<\/div>\n<\/div>\n","protected":false},"featured_media":45617,"template":"","meta":[],"product_brand":[],"product_cat":[478],"product_tag":[],"class_list":{"0":"post-45660","1":"product","2":"type-product","3":"status-publish","4":"has-post-thumbnail","6":"product_cat-kuivaruoka-koirille","8":"first","9":"instock","10":"sale","11":"taxable","12":"shipping-taxable","13":"purchasable","14":"product-type-simple"},"yoast_head":"<!-- This site is optimized with the Yoast SEO plugin v27.2 - https:\/\/yoast.com\/product\/yoast-seo-wordpress\/ -->\n<title>Ibero Natural Mini Adult Iberico kylm\u00e4puristettu ruoka, 3 kg - MiuMjau<\/title>\n<meta name=\"robots\" content=\"index, follow, max-snippet:-1, max-image-preview:large, max-video-preview:-1\" \/>\n<link rel=\"canonical\" href=\"https:\/\/miumjau.ee\/fi\/tuote\/ibero-natural-mini-adult-iberico-kylmapuristettu-ruoka-3-kg\/\" \/>\n<meta property=\"og:locale\" content=\"fi_FI\" \/>\n<meta property=\"og:type\" content=\"article\" \/>\n<meta property=\"og:title\" content=\"Ibero Natural Mini Adult Iberico kylm\u00e4puristettu ruoka, 3 kg - MiuMjau\" \/>\n<meta property=\"og:description\" content=\"T\u00e4ysravintoinen kylm\u00e4puristettu koiranruoka, joka sis\u00e4lt\u00e4\u00e4 kaikki tarpeelliset ravintoaineet aikuisille pienikokoisille koirille \u2013 iberian porsaanlihalla. S\u00e4ilytt\u00e4\u00e4 Ibero-sarjan p\u00e4\u00e4edut \u2013 paljon kuivattua lihaa, liha tulee paikallisilta tiloilta. 100 % LUONNOLLINEN \u2013 kuten koko Ibero-sarja \u2013 ilman kemikaaleja ja GMO:ta. Kylm\u00e4puristettua ruokaa tarvitaan v\u00e4hemm\u00e4n \u2013 se on ravintotihe\u00e4mp\u00e4\u00e4, joten vaikka ruoka olisi kalliimpaa, se voi lopulta olla edullisempaa, koska pussi kest\u00e4\u00e4 pidemp\u00e4\u00e4n. Kylm\u00e4puristettu ruoka sopii:     Stressaantuneille koirille \u2013 tiivistetty ja ravintoarvoltaan rikas ruoka    Tiineille nartuille \u2013 ravinnerikas ruokavalio em\u00e4lle ja pennulle, vatsan tilavuuden v\u00e4hent\u00e4minen kasvavan siki\u00f6n vuoksi    Kasvattajille ja heid\u00e4n kumppaneilleen, jotka suosivat erilaista k\u00e4sittelytekniikkaa \u2013 luonnollisempi l\u00e4hestymistapa ruokavalioon, samalla turvallisesti valmistettu el\u00e4inl\u00e4\u00e4k\u00e4rin valvonnassa   Ohjeet: Totuta koira v\u00e4hitellen t\u00e4h\u00e4n kuivaruokaan.Tarjoa koiralle aina raikasta vett\u00e4. KOOSTUMUS: Kuivattu iberian porsaanliha (20 %), kuivattu kalkkuna (14 %), kuivattu bataatti, kuivattu peruna, naudanrasva (13 %), kaurahiutaleet (8 %), sianmaksa (5 %), kuivattu kurpitsa (2 %), kuivattu sianmaksa (2 %), maissi-hiutaleet, kuivattu porkkana (1,2 %), pellavansiemenet, sikuriuutteet, kuivatut yrtit, beetaglukaanit, rustouute, vitamiini- ja mineraaliseos. ANALYYTTISET AINEOSAT: Raakavalkuainen 24 %, raakarasva 14 %, raakapuuhi 3,4 %, raakatuhka 7,3 %, kalsium 1,1 %, fosfori 0,85 %, natrium 0,15 %, kosteus max. 10 %. LIS\u00c4AINEET (1 kg):Vitamiinit: A 17331 IU, D3 1733 IU, E 173 mg, B1 5,09 mg, B2 9 mg, B6 6,9 mg, B12 0,07 mg, C 121 mg, Niasiini 43,1 mg, Pantoteenihappo 17,8 mg, Folaatti 0,69 mg, Biotiini 0,43 mg.Mineraalit: Jodi 4,6 mg, Seleeni 0,38 mg, Rauta 101 mg, Kupari 12,1 mg, Sinkki 129 mg, Mangaani 12,1 mg, Koliinikloridi 1872 mg.Nivelten tukilis\u00e4t: Glukosamiini 404 mg, Kondroitiinisulfaatti 353 mg.Antioksidantit: kasvi\u00f6ljyuutteet, runsaasti tokoferoleja. Metabolinen energia: 3880 kcal\/kg Suositeltu p\u00e4ivitt\u00e4inen m\u00e4\u00e4r\u00e4 koiran painon mukaan:       Paino 1 kg 2 kg 3 kg 5 kg 7 kg 10 kg     P\u00e4ivitt\u00e4inen m\u00e4\u00e4r\u00e4 27 g 35 g 45 g 65 g 85 g 115 g\" \/>\n<meta property=\"og:url\" content=\"https:\/\/miumjau.ee\/fi\/tuote\/ibero-natural-mini-adult-iberico-kylmapuristettu-ruoka-3-kg\/\" \/>\n<meta property=\"og:site_name\" content=\"MiuMjau\" \/>\n<meta property=\"article:publisher\" content=\"https:\/\/www.facebook.com\/miumjaupood\/\" \/>\n<meta property=\"article:modified_time\" content=\"2026-01-07T20:47:10+00:00\" \/>\n<meta property=\"og:image\" content=\"https:\/\/miumjau.ee\/wp-content\/uploads\/2025\/11\/ibero-natural-kulmpress-mini-iberico.jpg\" \/>\n\t<meta property=\"og:image:width\" content=\"600\" \/>\n\t<meta property=\"og:image:height\" content=\"800\" \/>\n\t<meta property=\"og:image:type\" content=\"image\/jpeg\" \/>\n<meta name=\"twitter:card\" content=\"summary_large_image\" \/>\n<script type=\"application\/ld+json\" class=\"yoast-schema-graph\">{\"@context\":\"https:\/\/schema.org\",\"@graph\":[{\"@type\":\"WebPage\",\"@id\":\"https:\/\/miumjau.ee\/fi\/tuote\/ibero-natural-mini-adult-iberico-kylmapuristettu-ruoka-3-kg\/\",\"url\":\"https:\/\/miumjau.ee\/fi\/tuote\/ibero-natural-mini-adult-iberico-kylmapuristettu-ruoka-3-kg\/\",\"name\":\"Ibero Natural Mini Adult Iberico kylm\u00e4puristettu ruoka, 3 kg - MiuMjau\",\"isPartOf\":{\"@id\":\"https:\/\/miumjau.ee\/#website\"},\"primaryImageOfPage\":{\"@id\":\"https:\/\/miumjau.ee\/fi\/tuote\/ibero-natural-mini-adult-iberico-kylmapuristettu-ruoka-3-kg\/#primaryimage\"},\"image\":{\"@id\":\"https:\/\/miumjau.ee\/fi\/tuote\/ibero-natural-mini-adult-iberico-kylmapuristettu-ruoka-3-kg\/#primaryimage\"},\"thumbnailUrl\":\"https:\/\/miumjau.ee\/wp-content\/uploads\/2025\/11\/ibero-natural-kulmpress-mini-iberico.jpg\",\"datePublished\":\"2025-11-26T09:26:24+00:00\",\"dateModified\":\"2026-01-07T20:47:10+00:00\",\"breadcrumb\":{\"@id\":\"https:\/\/miumjau.ee\/fi\/tuote\/ibero-natural-mini-adult-iberico-kylmapuristettu-ruoka-3-kg\/#breadcrumb\"},\"inLanguage\":\"fi\",\"potentialAction\":[{\"@type\":\"ReadAction\",\"target\":[\"https:\/\/miumjau.ee\/fi\/tuote\/ibero-natural-mini-adult-iberico-kylmapuristettu-ruoka-3-kg\/\"]}]},{\"@type\":\"ImageObject\",\"inLanguage\":\"fi\",\"@id\":\"https:\/\/miumjau.ee\/fi\/tuote\/ibero-natural-mini-adult-iberico-kylmapuristettu-ruoka-3-kg\/#primaryimage\",\"url\":\"https:\/\/miumjau.ee\/wp-content\/uploads\/2025\/11\/ibero-natural-kulmpress-mini-iberico.jpg\",\"contentUrl\":\"https:\/\/miumjau.ee\/wp-content\/uploads\/2025\/11\/ibero-natural-kulmpress-mini-iberico.jpg\",\"width\":600,\"height\":800,\"caption\":\"Ibero Natural Mini Adult Iberico k\u00fclmpressitud toit, 3kg\"},{\"@type\":\"BreadcrumbList\",\"@id\":\"https:\/\/miumjau.ee\/fi\/tuote\/ibero-natural-mini-adult-iberico-kylmapuristettu-ruoka-3-kg\/#breadcrumb\",\"itemListElement\":[{\"@type\":\"ListItem\",\"position\":1,\"name\":\"Home\",\"item\":\"https:\/\/miumjau.ee\/fi\/\"},{\"@type\":\"ListItem\",\"position\":2,\"name\":\"Kauppa\",\"item\":\"https:\/\/miumjau.ee\/fi\/kauppa\/\"},{\"@type\":\"ListItem\",\"position\":3,\"name\":\"Ibero Natural Mini Adult Iberico kylm\u00e4puristettu ruoka, 3 kg\"}]},{\"@type\":\"WebSite\",\"@id\":\"https:\/\/miumjau.ee\/#website\",\"url\":\"https:\/\/miumjau.ee\/\",\"name\":\"MiuMjau\",\"description\":\"Kraapimispuud kassidele\",\"publisher\":{\"@id\":\"https:\/\/miumjau.ee\/#organization\"},\"potentialAction\":[{\"@type\":\"SearchAction\",\"target\":{\"@type\":\"EntryPoint\",\"urlTemplate\":\"https:\/\/miumjau.ee\/?s={search_term_string}\"},\"query-input\":{\"@type\":\"PropertyValueSpecification\",\"valueRequired\":true,\"valueName\":\"search_term_string\"}}],\"inLanguage\":\"fi\"},{\"@type\":\"Organization\",\"@id\":\"https:\/\/miumjau.ee\/#organization\",\"name\":\"MiuMjau O\u00dc\",\"url\":\"https:\/\/miumjau.ee\/\",\"logo\":{\"@type\":\"ImageObject\",\"inLanguage\":\"fi\",\"@id\":\"https:\/\/miumjau.ee\/#\/schema\/logo\/image\/\",\"url\":\"https:\/\/miumjau.ee\/wp-content\/uploads\/2022\/04\/MiuMjau-logo-kollane.png\",\"contentUrl\":\"https:\/\/miumjau.ee\/wp-content\/uploads\/2022\/04\/MiuMjau-logo-kollane.png\",\"width\":219,\"height\":100,\"caption\":\"MiuMjau O\u00dc\"},\"image\":{\"@id\":\"https:\/\/miumjau.ee\/#\/schema\/logo\/image\/\"},\"sameAs\":[\"https:\/\/www.facebook.com\/miumjaupood\/\"]}]}<\/script>\n<!-- \/ Yoast SEO plugin. -->","yoast_head_json":{"title":"Ibero Natural Mini Adult Iberico kylm\u00e4puristettu ruoka, 3 kg - MiuMjau","robots":{"index":"index","follow":"follow","max-snippet":"max-snippet:-1","max-image-preview":"max-image-preview:large","max-video-preview":"max-video-preview:-1"},"canonical":"https:\/\/miumjau.ee\/fi\/tuote\/ibero-natural-mini-adult-iberico-kylmapuristettu-ruoka-3-kg\/","og_locale":"fi_FI","og_type":"article","og_title":"Ibero Natural Mini Adult Iberico kylm\u00e4puristettu ruoka, 3 kg - MiuMjau","og_description":"T\u00e4ysravintoinen kylm\u00e4puristettu koiranruoka, joka sis\u00e4lt\u00e4\u00e4 kaikki tarpeelliset ravintoaineet aikuisille pienikokoisille koirille \u2013 iberian porsaanlihalla. S\u00e4ilytt\u00e4\u00e4 Ibero-sarjan p\u00e4\u00e4edut \u2013 paljon kuivattua lihaa, liha tulee paikallisilta tiloilta. 100 % LUONNOLLINEN \u2013 kuten koko Ibero-sarja \u2013 ilman kemikaaleja ja GMO:ta. Kylm\u00e4puristettua ruokaa tarvitaan v\u00e4hemm\u00e4n \u2013 se on ravintotihe\u00e4mp\u00e4\u00e4, joten vaikka ruoka olisi kalliimpaa, se voi lopulta olla edullisempaa, koska pussi kest\u00e4\u00e4 pidemp\u00e4\u00e4n. Kylm\u00e4puristettu ruoka sopii:     Stressaantuneille koirille \u2013 tiivistetty ja ravintoarvoltaan rikas ruoka    Tiineille nartuille \u2013 ravinnerikas ruokavalio em\u00e4lle ja pennulle, vatsan tilavuuden v\u00e4hent\u00e4minen kasvavan siki\u00f6n vuoksi    Kasvattajille ja heid\u00e4n kumppaneilleen, jotka suosivat erilaista k\u00e4sittelytekniikkaa \u2013 luonnollisempi l\u00e4hestymistapa ruokavalioon, samalla turvallisesti valmistettu el\u00e4inl\u00e4\u00e4k\u00e4rin valvonnassa   Ohjeet: Totuta koira v\u00e4hitellen t\u00e4h\u00e4n kuivaruokaan.Tarjoa koiralle aina raikasta vett\u00e4. KOOSTUMUS: Kuivattu iberian porsaanliha (20 %), kuivattu kalkkuna (14 %), kuivattu bataatti, kuivattu peruna, naudanrasva (13 %), kaurahiutaleet (8 %), sianmaksa (5 %), kuivattu kurpitsa (2 %), kuivattu sianmaksa (2 %), maissi-hiutaleet, kuivattu porkkana (1,2 %), pellavansiemenet, sikuriuutteet, kuivatut yrtit, beetaglukaanit, rustouute, vitamiini- ja mineraaliseos. ANALYYTTISET AINEOSAT: Raakavalkuainen 24 %, raakarasva 14 %, raakapuuhi 3,4 %, raakatuhka 7,3 %, kalsium 1,1 %, fosfori 0,85 %, natrium 0,15 %, kosteus max. 10 %. LIS\u00c4AINEET (1 kg):Vitamiinit: A 17331 IU, D3 1733 IU, E 173 mg, B1 5,09 mg, B2 9 mg, B6 6,9 mg, B12 0,07 mg, C 121 mg, Niasiini 43,1 mg, Pantoteenihappo 17,8 mg, Folaatti 0,69 mg, Biotiini 0,43 mg.Mineraalit: Jodi 4,6 mg, Seleeni 0,38 mg, Rauta 101 mg, Kupari 12,1 mg, Sinkki 129 mg, Mangaani 12,1 mg, Koliinikloridi 1872 mg.Nivelten tukilis\u00e4t: Glukosamiini 404 mg, Kondroitiinisulfaatti 353 mg.Antioksidantit: kasvi\u00f6ljyuutteet, runsaasti tokoferoleja. Metabolinen energia: 3880 kcal\/kg Suositeltu p\u00e4ivitt\u00e4inen m\u00e4\u00e4r\u00e4 koiran painon mukaan:       Paino 1 kg 2 kg 3 kg 5 kg 7 kg 10 kg     P\u00e4ivitt\u00e4inen m\u00e4\u00e4r\u00e4 27 g 35 g 45 g 65 g 85 g 115 g","og_url":"https:\/\/miumjau.ee\/fi\/tuote\/ibero-natural-mini-adult-iberico-kylmapuristettu-ruoka-3-kg\/","og_site_name":"MiuMjau","article_publisher":"https:\/\/www.facebook.com\/miumjaupood\/","article_modified_time":"2026-01-07T20:47:10+00:00","og_image":[{"width":600,"height":800,"url":"https:\/\/miumjau.ee\/wp-content\/uploads\/2025\/11\/ibero-natural-kulmpress-mini-iberico.jpg","type":"image\/jpeg"}],"twitter_card":"summary_large_image","schema":{"@context":"https:\/\/schema.org","@graph":[{"@type":"WebPage","@id":"https:\/\/miumjau.ee\/fi\/tuote\/ibero-natural-mini-adult-iberico-kylmapuristettu-ruoka-3-kg\/","url":"https:\/\/miumjau.ee\/fi\/tuote\/ibero-natural-mini-adult-iberico-kylmapuristettu-ruoka-3-kg\/","name":"Ibero Natural Mini Adult Iberico kylm\u00e4puristettu ruoka, 3 kg - MiuMjau","isPartOf":{"@id":"https:\/\/miumjau.ee\/#website"},"primaryImageOfPage":{"@id":"https:\/\/miumjau.ee\/fi\/tuote\/ibero-natural-mini-adult-iberico-kylmapuristettu-ruoka-3-kg\/#primaryimage"},"image":{"@id":"https:\/\/miumjau.ee\/fi\/tuote\/ibero-natural-mini-adult-iberico-kylmapuristettu-ruoka-3-kg\/#primaryimage"},"thumbnailUrl":"https:\/\/miumjau.ee\/wp-content\/uploads\/2025\/11\/ibero-natural-kulmpress-mini-iberico.jpg","datePublished":"2025-11-26T09:26:24+00:00","dateModified":"2026-01-07T20:47:10+00:00","breadcrumb":{"@id":"https:\/\/miumjau.ee\/fi\/tuote\/ibero-natural-mini-adult-iberico-kylmapuristettu-ruoka-3-kg\/#breadcrumb"},"inLanguage":"fi","potentialAction":[{"@type":"ReadAction","target":["https:\/\/miumjau.ee\/fi\/tuote\/ibero-natural-mini-adult-iberico-kylmapuristettu-ruoka-3-kg\/"]}]},{"@type":"ImageObject","inLanguage":"fi","@id":"https:\/\/miumjau.ee\/fi\/tuote\/ibero-natural-mini-adult-iberico-kylmapuristettu-ruoka-3-kg\/#primaryimage","url":"https:\/\/miumjau.ee\/wp-content\/uploads\/2025\/11\/ibero-natural-kulmpress-mini-iberico.jpg","contentUrl":"https:\/\/miumjau.ee\/wp-content\/uploads\/2025\/11\/ibero-natural-kulmpress-mini-iberico.jpg","width":600,"height":800,"caption":"Ibero Natural Mini Adult Iberico k\u00fclmpressitud toit, 3kg"},{"@type":"BreadcrumbList","@id":"https:\/\/miumjau.ee\/fi\/tuote\/ibero-natural-mini-adult-iberico-kylmapuristettu-ruoka-3-kg\/#breadcrumb","itemListElement":[{"@type":"ListItem","position":1,"name":"Home","item":"https:\/\/miumjau.ee\/fi\/"},{"@type":"ListItem","position":2,"name":"Kauppa","item":"https:\/\/miumjau.ee\/fi\/kauppa\/"},{"@type":"ListItem","position":3,"name":"Ibero Natural Mini Adult Iberico kylm\u00e4puristettu ruoka, 3 kg"}]},{"@type":"WebSite","@id":"https:\/\/miumjau.ee\/#website","url":"https:\/\/miumjau.ee\/","name":"MiuMjau","description":"Kraapimispuud kassidele","publisher":{"@id":"https:\/\/miumjau.ee\/#organization"},"potentialAction":[{"@type":"SearchAction","target":{"@type":"EntryPoint","urlTemplate":"https:\/\/miumjau.ee\/?s={search_term_string}"},"query-input":{"@type":"PropertyValueSpecification","valueRequired":true,"valueName":"search_term_string"}}],"inLanguage":"fi"},{"@type":"Organization","@id":"https:\/\/miumjau.ee\/#organization","name":"MiuMjau O\u00dc","url":"https:\/\/miumjau.ee\/","logo":{"@type":"ImageObject","inLanguage":"fi","@id":"https:\/\/miumjau.ee\/#\/schema\/logo\/image\/","url":"https:\/\/miumjau.ee\/wp-content\/uploads\/2022\/04\/MiuMjau-logo-kollane.png","contentUrl":"https:\/\/miumjau.ee\/wp-content\/uploads\/2022\/04\/MiuMjau-logo-kollane.png","width":219,"height":100,"caption":"MiuMjau O\u00dc"},"image":{"@id":"https:\/\/miumjau.ee\/#\/schema\/logo\/image\/"},"sameAs":["https:\/\/www.facebook.com\/miumjaupood\/"]}]}},"_links":{"self":[{"href":"https:\/\/miumjau.ee\/fi\/wp-json\/wp\/v2\/product\/45660","targetHints":{"allow":["GET"]}}],"collection":[{"href":"https:\/\/miumjau.ee\/fi\/wp-json\/wp\/v2\/product"}],"about":[{"href":"https:\/\/miumjau.ee\/fi\/wp-json\/wp\/v2\/types\/product"}],"wp:featuredmedia":[{"embeddable":true,"href":"https:\/\/miumjau.ee\/fi\/wp-json\/wp\/v2\/media\/45617"}],"wp:attachment":[{"href":"https:\/\/miumjau.ee\/fi\/wp-json\/wp\/v2\/media?parent=45660"}],"wp:term":[{"taxonomy":"product_brand","embeddable":true,"href":"https:\/\/miumjau.ee\/fi\/wp-json\/wp\/v2\/product_brand?post=45660"},{"taxonomy":"product_cat","embeddable":true,"href":"https:\/\/miumjau.ee\/fi\/wp-json\/wp\/v2\/product_cat?post=45660"},{"taxonomy":"product_tag","embeddable":true,"href":"https:\/\/miumjau.ee\/fi\/wp-json\/wp\/v2\/product_tag?post=45660"}],"curies":[{"name":"wp","href":"https:\/\/api.w.org\/{rel}","templated":true}]}}