{"id":45503,"date":"2025-04-21T11:45:50","date_gmt":"2025-04-21T08:45:50","guid":{"rendered":"https:\/\/miumjau.ee\/toode\/kissan-valjaat-talutushihna-oranssi-s-15-3-kg\/"},"modified":"2026-01-07T22:47:10","modified_gmt":"2026-01-07T20:47:10","slug":"kissan-valjaat-talutushihna-oranssi-s-15-3-kg","status":"publish","type":"product","link":"https:\/\/miumjau.ee\/fi\/tuote\/kissan-valjaat-talutushihna-oranssi-s-15-3-kg\/","title":{"rendered":"Kissan valjaat + talutushihna, oranssi S (1,5\u20133 kg)"},"content":{"rendered":"","protected":false},"excerpt":{"rendered":"<p data-start=\"576\" data-end=\"921\">Jos olet yksi niist\u00e4 hauskasta ihmisist\u00e4, jotka joskus viev\u00e4t huonekissansa turvallisesti k\u00e4velylle tai matkalle, suosittelemme hankkimaan mukavat ja hengitt\u00e4v\u00e4t kissan valjaat, jotka eiv\u00e4t purista ja ovat todella mukavat. Helppo pukea p\u00e4\u00e4lle. Mukana tulee my\u00f6s talutushihna. Huomioithan, ett\u00e4 kaulapanta ei sis\u00e4lly (kuva on havainnollistava).<\/p>\n<p data-start=\"923\" data-end=\"1012\">Valjaat ovat itse asiassa todella suloiset ja tyylikk\u00e4\u00e4t! Todellinen katseenvangitsija!<\/p>\n<p data-start=\"1014\" data-end=\"1052\">Koko S, katso mittataulukko kuvasta.<\/p>\n","protected":false},"featured_media":32394,"template":"","meta":[],"product_brand":[],"product_cat":[297],"product_tag":[],"class_list":{"0":"post-45503","1":"product","2":"type-product","3":"status-publish","4":"has-post-thumbnail","6":"product_cat-kissan-valjaat","8":"first","9":"instock","10":"taxable","11":"shipping-taxable","12":"purchasable","13":"product-type-simple"},"yoast_head":"<!-- This site is optimized with the Yoast SEO plugin v27.2 - https:\/\/yoast.com\/product\/yoast-seo-wordpress\/ -->\n<title>Kissan valjaat + talutushihna, oranssi S (1,5\u20133 kg) - MiuMjau<\/title>\n<meta name=\"robots\" content=\"index, follow, max-snippet:-1, max-image-preview:large, max-video-preview:-1\" \/>\n<link rel=\"canonical\" href=\"https:\/\/miumjau.ee\/fi\/tuote\/kissan-valjaat-talutushihna-oranssi-s-15-3-kg\/\" \/>\n<meta property=\"og:locale\" content=\"fi_FI\" \/>\n<meta property=\"og:type\" content=\"article\" \/>\n<meta property=\"og:title\" content=\"Kissan valjaat + talutushihna, oranssi S (1,5\u20133 kg) - MiuMjau\" \/>\n<meta property=\"og:description\" content=\"Jos olet yksi niist\u00e4 hauskasta ihmisist\u00e4, jotka joskus viev\u00e4t huonekissansa turvallisesti k\u00e4velylle tai matkalle, suosittelemme hankkimaan mukavat ja hengitt\u00e4v\u00e4t kissan valjaat, jotka eiv\u00e4t purista ja ovat todella mukavat. Helppo pukea p\u00e4\u00e4lle. Mukana tulee my\u00f6s talutushihna. Huomioithan, ett\u00e4 kaulapanta ei sis\u00e4lly (kuva on havainnollistava). Valjaat ovat itse asiassa todella suloiset ja tyylikk\u00e4\u00e4t! Todellinen katseenvangitsija! Koko S, katso mittataulukko kuvasta.\" \/>\n<meta property=\"og:url\" content=\"https:\/\/miumjau.ee\/fi\/tuote\/kissan-valjaat-talutushihna-oranssi-s-15-3-kg\/\" \/>\n<meta property=\"og:site_name\" content=\"MiuMjau\" \/>\n<meta property=\"article:publisher\" content=\"https:\/\/www.facebook.com\/miumjaupood\/\" \/>\n<meta property=\"article:modified_time\" content=\"2026-01-07T20:47:10+00:00\" \/>\n<meta property=\"og:image\" content=\"https:\/\/miumjau.ee\/wp-content\/uploads\/2025\/04\/kassi-traksid-duomm-oranz.jpg\" \/>\n\t<meta property=\"og:image:width\" content=\"600\" \/>\n\t<meta property=\"og:image:height\" content=\"800\" \/>\n\t<meta property=\"og:image:type\" content=\"image\/jpeg\" \/>\n<meta name=\"twitter:card\" content=\"summary_large_image\" \/>\n<script type=\"application\/ld+json\" class=\"yoast-schema-graph\">{\"@context\":\"https:\/\/schema.org\",\"@graph\":[{\"@type\":\"WebPage\",\"@id\":\"https:\/\/miumjau.ee\/fi\/tuote\/kissan-valjaat-talutushihna-oranssi-s-15-3-kg\/\",\"url\":\"https:\/\/miumjau.ee\/fi\/tuote\/kissan-valjaat-talutushihna-oranssi-s-15-3-kg\/\",\"name\":\"Kissan valjaat + talutushihna, oranssi S (1,5\u20133 kg) - MiuMjau\",\"isPartOf\":{\"@id\":\"https:\/\/miumjau.ee\/#website\"},\"primaryImageOfPage\":{\"@id\":\"https:\/\/miumjau.ee\/fi\/tuote\/kissan-valjaat-talutushihna-oranssi-s-15-3-kg\/#primaryimage\"},\"image\":{\"@id\":\"https:\/\/miumjau.ee\/fi\/tuote\/kissan-valjaat-talutushihna-oranssi-s-15-3-kg\/#primaryimage\"},\"thumbnailUrl\":\"https:\/\/miumjau.ee\/wp-content\/uploads\/2025\/04\/kassi-traksid-duomm-oranz.jpg\",\"datePublished\":\"2025-04-21T08:45:50+00:00\",\"dateModified\":\"2026-01-07T20:47:10+00:00\",\"breadcrumb\":{\"@id\":\"https:\/\/miumjau.ee\/fi\/tuote\/kissan-valjaat-talutushihna-oranssi-s-15-3-kg\/#breadcrumb\"},\"inLanguage\":\"fi\",\"potentialAction\":[{\"@type\":\"ReadAction\",\"target\":[\"https:\/\/miumjau.ee\/fi\/tuote\/kissan-valjaat-talutushihna-oranssi-s-15-3-kg\/\"]}]},{\"@type\":\"ImageObject\",\"inLanguage\":\"fi\",\"@id\":\"https:\/\/miumjau.ee\/fi\/tuote\/kissan-valjaat-talutushihna-oranssi-s-15-3-kg\/#primaryimage\",\"url\":\"https:\/\/miumjau.ee\/wp-content\/uploads\/2025\/04\/kassi-traksid-duomm-oranz.jpg\",\"contentUrl\":\"https:\/\/miumjau.ee\/wp-content\/uploads\/2025\/04\/kassi-traksid-duomm-oranz.jpg\",\"width\":600,\"height\":800,\"caption\":\"Kassi traksid + jalutusrihm, oranz S (1.5-3kg)\"},{\"@type\":\"BreadcrumbList\",\"@id\":\"https:\/\/miumjau.ee\/fi\/tuote\/kissan-valjaat-talutushihna-oranssi-s-15-3-kg\/#breadcrumb\",\"itemListElement\":[{\"@type\":\"ListItem\",\"position\":1,\"name\":\"Home\",\"item\":\"https:\/\/miumjau.ee\/fi\/\"},{\"@type\":\"ListItem\",\"position\":2,\"name\":\"Kauppa\",\"item\":\"https:\/\/miumjau.ee\/fi\/kauppa\/\"},{\"@type\":\"ListItem\",\"position\":3,\"name\":\"Kissan valjaat + talutushihna, oranssi S (1,5\u20133 kg)\"}]},{\"@type\":\"WebSite\",\"@id\":\"https:\/\/miumjau.ee\/#website\",\"url\":\"https:\/\/miumjau.ee\/\",\"name\":\"MiuMjau\",\"description\":\"Kraapimispuud kassidele\",\"publisher\":{\"@id\":\"https:\/\/miumjau.ee\/#organization\"},\"potentialAction\":[{\"@type\":\"SearchAction\",\"target\":{\"@type\":\"EntryPoint\",\"urlTemplate\":\"https:\/\/miumjau.ee\/?s={search_term_string}\"},\"query-input\":{\"@type\":\"PropertyValueSpecification\",\"valueRequired\":true,\"valueName\":\"search_term_string\"}}],\"inLanguage\":\"fi\"},{\"@type\":\"Organization\",\"@id\":\"https:\/\/miumjau.ee\/#organization\",\"name\":\"MiuMjau O\u00dc\",\"url\":\"https:\/\/miumjau.ee\/\",\"logo\":{\"@type\":\"ImageObject\",\"inLanguage\":\"fi\",\"@id\":\"https:\/\/miumjau.ee\/#\/schema\/logo\/image\/\",\"url\":\"https:\/\/miumjau.ee\/wp-content\/uploads\/2022\/04\/MiuMjau-logo-kollane.png\",\"contentUrl\":\"https:\/\/miumjau.ee\/wp-content\/uploads\/2022\/04\/MiuMjau-logo-kollane.png\",\"width\":219,\"height\":100,\"caption\":\"MiuMjau O\u00dc\"},\"image\":{\"@id\":\"https:\/\/miumjau.ee\/#\/schema\/logo\/image\/\"},\"sameAs\":[\"https:\/\/www.facebook.com\/miumjaupood\/\"]}]}<\/script>\n<!-- \/ Yoast SEO plugin. -->","yoast_head_json":{"title":"Kissan valjaat + talutushihna, oranssi S (1,5\u20133 kg) - MiuMjau","robots":{"index":"index","follow":"follow","max-snippet":"max-snippet:-1","max-image-preview":"max-image-preview:large","max-video-preview":"max-video-preview:-1"},"canonical":"https:\/\/miumjau.ee\/fi\/tuote\/kissan-valjaat-talutushihna-oranssi-s-15-3-kg\/","og_locale":"fi_FI","og_type":"article","og_title":"Kissan valjaat + talutushihna, oranssi S (1,5\u20133 kg) - MiuMjau","og_description":"Jos olet yksi niist\u00e4 hauskasta ihmisist\u00e4, jotka joskus viev\u00e4t huonekissansa turvallisesti k\u00e4velylle tai matkalle, suosittelemme hankkimaan mukavat ja hengitt\u00e4v\u00e4t kissan valjaat, jotka eiv\u00e4t purista ja ovat todella mukavat. Helppo pukea p\u00e4\u00e4lle. Mukana tulee my\u00f6s talutushihna. Huomioithan, ett\u00e4 kaulapanta ei sis\u00e4lly (kuva on havainnollistava). Valjaat ovat itse asiassa todella suloiset ja tyylikk\u00e4\u00e4t! Todellinen katseenvangitsija! Koko S, katso mittataulukko kuvasta.","og_url":"https:\/\/miumjau.ee\/fi\/tuote\/kissan-valjaat-talutushihna-oranssi-s-15-3-kg\/","og_site_name":"MiuMjau","article_publisher":"https:\/\/www.facebook.com\/miumjaupood\/","article_modified_time":"2026-01-07T20:47:10+00:00","og_image":[{"width":600,"height":800,"url":"https:\/\/miumjau.ee\/wp-content\/uploads\/2025\/04\/kassi-traksid-duomm-oranz.jpg","type":"image\/jpeg"}],"twitter_card":"summary_large_image","schema":{"@context":"https:\/\/schema.org","@graph":[{"@type":"WebPage","@id":"https:\/\/miumjau.ee\/fi\/tuote\/kissan-valjaat-talutushihna-oranssi-s-15-3-kg\/","url":"https:\/\/miumjau.ee\/fi\/tuote\/kissan-valjaat-talutushihna-oranssi-s-15-3-kg\/","name":"Kissan valjaat + talutushihna, oranssi S (1,5\u20133 kg) - MiuMjau","isPartOf":{"@id":"https:\/\/miumjau.ee\/#website"},"primaryImageOfPage":{"@id":"https:\/\/miumjau.ee\/fi\/tuote\/kissan-valjaat-talutushihna-oranssi-s-15-3-kg\/#primaryimage"},"image":{"@id":"https:\/\/miumjau.ee\/fi\/tuote\/kissan-valjaat-talutushihna-oranssi-s-15-3-kg\/#primaryimage"},"thumbnailUrl":"https:\/\/miumjau.ee\/wp-content\/uploads\/2025\/04\/kassi-traksid-duomm-oranz.jpg","datePublished":"2025-04-21T08:45:50+00:00","dateModified":"2026-01-07T20:47:10+00:00","breadcrumb":{"@id":"https:\/\/miumjau.ee\/fi\/tuote\/kissan-valjaat-talutushihna-oranssi-s-15-3-kg\/#breadcrumb"},"inLanguage":"fi","potentialAction":[{"@type":"ReadAction","target":["https:\/\/miumjau.ee\/fi\/tuote\/kissan-valjaat-talutushihna-oranssi-s-15-3-kg\/"]}]},{"@type":"ImageObject","inLanguage":"fi","@id":"https:\/\/miumjau.ee\/fi\/tuote\/kissan-valjaat-talutushihna-oranssi-s-15-3-kg\/#primaryimage","url":"https:\/\/miumjau.ee\/wp-content\/uploads\/2025\/04\/kassi-traksid-duomm-oranz.jpg","contentUrl":"https:\/\/miumjau.ee\/wp-content\/uploads\/2025\/04\/kassi-traksid-duomm-oranz.jpg","width":600,"height":800,"caption":"Kassi traksid + jalutusrihm, oranz S (1.5-3kg)"},{"@type":"BreadcrumbList","@id":"https:\/\/miumjau.ee\/fi\/tuote\/kissan-valjaat-talutushihna-oranssi-s-15-3-kg\/#breadcrumb","itemListElement":[{"@type":"ListItem","position":1,"name":"Home","item":"https:\/\/miumjau.ee\/fi\/"},{"@type":"ListItem","position":2,"name":"Kauppa","item":"https:\/\/miumjau.ee\/fi\/kauppa\/"},{"@type":"ListItem","position":3,"name":"Kissan valjaat + talutushihna, oranssi S (1,5\u20133 kg)"}]},{"@type":"WebSite","@id":"https:\/\/miumjau.ee\/#website","url":"https:\/\/miumjau.ee\/","name":"MiuMjau","description":"Kraapimispuud kassidele","publisher":{"@id":"https:\/\/miumjau.ee\/#organization"},"potentialAction":[{"@type":"SearchAction","target":{"@type":"EntryPoint","urlTemplate":"https:\/\/miumjau.ee\/?s={search_term_string}"},"query-input":{"@type":"PropertyValueSpecification","valueRequired":true,"valueName":"search_term_string"}}],"inLanguage":"fi"},{"@type":"Organization","@id":"https:\/\/miumjau.ee\/#organization","name":"MiuMjau O\u00dc","url":"https:\/\/miumjau.ee\/","logo":{"@type":"ImageObject","inLanguage":"fi","@id":"https:\/\/miumjau.ee\/#\/schema\/logo\/image\/","url":"https:\/\/miumjau.ee\/wp-content\/uploads\/2022\/04\/MiuMjau-logo-kollane.png","contentUrl":"https:\/\/miumjau.ee\/wp-content\/uploads\/2022\/04\/MiuMjau-logo-kollane.png","width":219,"height":100,"caption":"MiuMjau O\u00dc"},"image":{"@id":"https:\/\/miumjau.ee\/#\/schema\/logo\/image\/"},"sameAs":["https:\/\/www.facebook.com\/miumjaupood\/"]}]}},"_links":{"self":[{"href":"https:\/\/miumjau.ee\/fi\/wp-json\/wp\/v2\/product\/45503","targetHints":{"allow":["GET"]}}],"collection":[{"href":"https:\/\/miumjau.ee\/fi\/wp-json\/wp\/v2\/product"}],"about":[{"href":"https:\/\/miumjau.ee\/fi\/wp-json\/wp\/v2\/types\/product"}],"wp:featuredmedia":[{"embeddable":true,"href":"https:\/\/miumjau.ee\/fi\/wp-json\/wp\/v2\/media\/32394"}],"wp:attachment":[{"href":"https:\/\/miumjau.ee\/fi\/wp-json\/wp\/v2\/media?parent=45503"}],"wp:term":[{"taxonomy":"product_brand","embeddable":true,"href":"https:\/\/miumjau.ee\/fi\/wp-json\/wp\/v2\/product_brand?post=45503"},{"taxonomy":"product_cat","embeddable":true,"href":"https:\/\/miumjau.ee\/fi\/wp-json\/wp\/v2\/product_cat?post=45503"},{"taxonomy":"product_tag","embeddable":true,"href":"https:\/\/miumjau.ee\/fi\/wp-json\/wp\/v2\/product_tag?post=45503"}],"curies":[{"name":"wp","href":"https:\/\/api.w.org\/{rel}","templated":true}]}}