{"id":45461,"date":"2025-09-02T15:35:48","date_gmt":"2025-09-02T12:35:48","guid":{"rendered":"https:\/\/miumjau.ee\/toode\/kissan-valjaat-talutushihna-sininen-vaaleanpunainen-xs-2-3-kg\/"},"modified":"2026-01-07T22:47:17","modified_gmt":"2026-01-07T20:47:17","slug":"kissan-valjaat-talutushihna-sininen-vaaleanpunainen-xs-2-3-kg","status":"publish","type":"product","link":"https:\/\/miumjau.ee\/fi\/tuote\/kissan-valjaat-talutushihna-sininen-vaaleanpunainen-xs-2-3-kg\/","title":{"rendered":"Kissan valjaat + talutushihna, sininen\/vaaleanpunainen XS (2\u20133 kg)"},"content":{"rendered":"","protected":false},"excerpt":{"rendered":"<p data-start=\"702\" data-end=\"1047\">Jos olet yksi niist\u00e4 hauskasta ihmisist\u00e4, jotka joskus viev\u00e4t huonekissansa turvallisesti k\u00e4velylle tai matkalle, suosittelemme hankkimaan mukavat ja hengitt\u00e4v\u00e4t kissan valjaat, jotka eiv\u00e4t purista ja ovat todella mukavat. Helppo pukea p\u00e4\u00e4lle. Mukana tulee my\u00f6s talutushihna. Huomioithan, ett\u00e4 kaulapanta ei sis\u00e4lly (kuva on havainnollistava).<\/p>\n<p data-start=\"1049\" data-end=\"1138\">Valjaat ovat itse asiassa todella suloiset ja tyylikk\u00e4\u00e4t! Todellinen katseenvangitsija!<\/p>\n<p data-start=\"1140\" data-end=\"1179\">Koko XS, katso mittataulukko kuvasta.<\/p>\n","protected":false},"featured_media":39063,"template":"","meta":[],"product_brand":[],"product_cat":[297],"product_tag":[],"class_list":{"0":"post-45461","1":"product","2":"type-product","3":"status-publish","4":"has-post-thumbnail","6":"product_cat-kissan-valjaat","8":"first","9":"instock","10":"taxable","11":"shipping-taxable","12":"purchasable","13":"product-type-simple"},"yoast_head":"<!-- This site is optimized with the Yoast SEO plugin v27.2 - https:\/\/yoast.com\/product\/yoast-seo-wordpress\/ -->\n<title>Kissan valjaat + talutushihna, sininen\/vaaleanpunainen XS (2\u20133 kg) - MiuMjau<\/title>\n<meta name=\"robots\" content=\"index, follow, max-snippet:-1, max-image-preview:large, max-video-preview:-1\" \/>\n<link rel=\"canonical\" href=\"https:\/\/miumjau.ee\/fi\/tuote\/kissan-valjaat-talutushihna-sininen-vaaleanpunainen-xs-2-3-kg\/\" \/>\n<meta property=\"og:locale\" content=\"fi_FI\" \/>\n<meta property=\"og:type\" content=\"article\" \/>\n<meta property=\"og:title\" content=\"Kissan valjaat + talutushihna, sininen\/vaaleanpunainen XS (2\u20133 kg) - MiuMjau\" \/>\n<meta property=\"og:description\" content=\"Jos olet yksi niist\u00e4 hauskasta ihmisist\u00e4, jotka joskus viev\u00e4t huonekissansa turvallisesti k\u00e4velylle tai matkalle, suosittelemme hankkimaan mukavat ja hengitt\u00e4v\u00e4t kissan valjaat, jotka eiv\u00e4t purista ja ovat todella mukavat. Helppo pukea p\u00e4\u00e4lle. Mukana tulee my\u00f6s talutushihna. Huomioithan, ett\u00e4 kaulapanta ei sis\u00e4lly (kuva on havainnollistava). Valjaat ovat itse asiassa todella suloiset ja tyylikk\u00e4\u00e4t! Todellinen katseenvangitsija! Koko XS, katso mittataulukko kuvasta.\" \/>\n<meta property=\"og:url\" content=\"https:\/\/miumjau.ee\/fi\/tuote\/kissan-valjaat-talutushihna-sininen-vaaleanpunainen-xs-2-3-kg\/\" \/>\n<meta property=\"og:site_name\" content=\"MiuMjau\" \/>\n<meta property=\"article:publisher\" content=\"https:\/\/www.facebook.com\/miumjaupood\/\" \/>\n<meta property=\"article:modified_time\" content=\"2026-01-07T20:47:17+00:00\" \/>\n<meta property=\"og:image\" content=\"https:\/\/miumjau.ee\/wp-content\/uploads\/2025\/09\/kassi-traksid-ergonoomilised4.jpg\" \/>\n\t<meta property=\"og:image:width\" content=\"600\" \/>\n\t<meta property=\"og:image:height\" content=\"800\" \/>\n\t<meta property=\"og:image:type\" content=\"image\/jpeg\" \/>\n<meta name=\"twitter:card\" content=\"summary_large_image\" \/>\n<script type=\"application\/ld+json\" class=\"yoast-schema-graph\">{\"@context\":\"https:\/\/schema.org\",\"@graph\":[{\"@type\":\"WebPage\",\"@id\":\"https:\/\/miumjau.ee\/fi\/tuote\/kissan-valjaat-talutushihna-sininen-vaaleanpunainen-xs-2-3-kg\/\",\"url\":\"https:\/\/miumjau.ee\/fi\/tuote\/kissan-valjaat-talutushihna-sininen-vaaleanpunainen-xs-2-3-kg\/\",\"name\":\"Kissan valjaat + talutushihna, sininen\/vaaleanpunainen XS (2\u20133 kg) - MiuMjau\",\"isPartOf\":{\"@id\":\"https:\/\/miumjau.ee\/#website\"},\"primaryImageOfPage\":{\"@id\":\"https:\/\/miumjau.ee\/fi\/tuote\/kissan-valjaat-talutushihna-sininen-vaaleanpunainen-xs-2-3-kg\/#primaryimage\"},\"image\":{\"@id\":\"https:\/\/miumjau.ee\/fi\/tuote\/kissan-valjaat-talutushihna-sininen-vaaleanpunainen-xs-2-3-kg\/#primaryimage\"},\"thumbnailUrl\":\"https:\/\/miumjau.ee\/wp-content\/uploads\/2025\/09\/kassi-traksid-ergonoomilised4.jpg\",\"datePublished\":\"2025-09-02T12:35:48+00:00\",\"dateModified\":\"2026-01-07T20:47:17+00:00\",\"breadcrumb\":{\"@id\":\"https:\/\/miumjau.ee\/fi\/tuote\/kissan-valjaat-talutushihna-sininen-vaaleanpunainen-xs-2-3-kg\/#breadcrumb\"},\"inLanguage\":\"fi\",\"potentialAction\":[{\"@type\":\"ReadAction\",\"target\":[\"https:\/\/miumjau.ee\/fi\/tuote\/kissan-valjaat-talutushihna-sininen-vaaleanpunainen-xs-2-3-kg\/\"]}]},{\"@type\":\"ImageObject\",\"inLanguage\":\"fi\",\"@id\":\"https:\/\/miumjau.ee\/fi\/tuote\/kissan-valjaat-talutushihna-sininen-vaaleanpunainen-xs-2-3-kg\/#primaryimage\",\"url\":\"https:\/\/miumjau.ee\/wp-content\/uploads\/2025\/09\/kassi-traksid-ergonoomilised4.jpg\",\"contentUrl\":\"https:\/\/miumjau.ee\/wp-content\/uploads\/2025\/09\/kassi-traksid-ergonoomilised4.jpg\",\"width\":600,\"height\":800,\"caption\":\"Kassi traksid ergonoomilised ja reguleeritavad\"},{\"@type\":\"BreadcrumbList\",\"@id\":\"https:\/\/miumjau.ee\/fi\/tuote\/kissan-valjaat-talutushihna-sininen-vaaleanpunainen-xs-2-3-kg\/#breadcrumb\",\"itemListElement\":[{\"@type\":\"ListItem\",\"position\":1,\"name\":\"Home\",\"item\":\"https:\/\/miumjau.ee\/fi\/\"},{\"@type\":\"ListItem\",\"position\":2,\"name\":\"Kauppa\",\"item\":\"https:\/\/miumjau.ee\/fi\/kauppa\/\"},{\"@type\":\"ListItem\",\"position\":3,\"name\":\"Kissan valjaat + talutushihna, sininen\/vaaleanpunainen XS (2\u20133 kg)\"}]},{\"@type\":\"WebSite\",\"@id\":\"https:\/\/miumjau.ee\/#website\",\"url\":\"https:\/\/miumjau.ee\/\",\"name\":\"MiuMjau\",\"description\":\"Kraapimispuud kassidele\",\"publisher\":{\"@id\":\"https:\/\/miumjau.ee\/#organization\"},\"potentialAction\":[{\"@type\":\"SearchAction\",\"target\":{\"@type\":\"EntryPoint\",\"urlTemplate\":\"https:\/\/miumjau.ee\/?s={search_term_string}\"},\"query-input\":{\"@type\":\"PropertyValueSpecification\",\"valueRequired\":true,\"valueName\":\"search_term_string\"}}],\"inLanguage\":\"fi\"},{\"@type\":\"Organization\",\"@id\":\"https:\/\/miumjau.ee\/#organization\",\"name\":\"MiuMjau O\u00dc\",\"url\":\"https:\/\/miumjau.ee\/\",\"logo\":{\"@type\":\"ImageObject\",\"inLanguage\":\"fi\",\"@id\":\"https:\/\/miumjau.ee\/#\/schema\/logo\/image\/\",\"url\":\"https:\/\/miumjau.ee\/wp-content\/uploads\/2022\/04\/MiuMjau-logo-kollane.png\",\"contentUrl\":\"https:\/\/miumjau.ee\/wp-content\/uploads\/2022\/04\/MiuMjau-logo-kollane.png\",\"width\":219,\"height\":100,\"caption\":\"MiuMjau O\u00dc\"},\"image\":{\"@id\":\"https:\/\/miumjau.ee\/#\/schema\/logo\/image\/\"},\"sameAs\":[\"https:\/\/www.facebook.com\/miumjaupood\/\"]}]}<\/script>\n<!-- \/ Yoast SEO plugin. -->","yoast_head_json":{"title":"Kissan valjaat + talutushihna, sininen\/vaaleanpunainen XS (2\u20133 kg) - MiuMjau","robots":{"index":"index","follow":"follow","max-snippet":"max-snippet:-1","max-image-preview":"max-image-preview:large","max-video-preview":"max-video-preview:-1"},"canonical":"https:\/\/miumjau.ee\/fi\/tuote\/kissan-valjaat-talutushihna-sininen-vaaleanpunainen-xs-2-3-kg\/","og_locale":"fi_FI","og_type":"article","og_title":"Kissan valjaat + talutushihna, sininen\/vaaleanpunainen XS (2\u20133 kg) - MiuMjau","og_description":"Jos olet yksi niist\u00e4 hauskasta ihmisist\u00e4, jotka joskus viev\u00e4t huonekissansa turvallisesti k\u00e4velylle tai matkalle, suosittelemme hankkimaan mukavat ja hengitt\u00e4v\u00e4t kissan valjaat, jotka eiv\u00e4t purista ja ovat todella mukavat. Helppo pukea p\u00e4\u00e4lle. Mukana tulee my\u00f6s talutushihna. Huomioithan, ett\u00e4 kaulapanta ei sis\u00e4lly (kuva on havainnollistava). Valjaat ovat itse asiassa todella suloiset ja tyylikk\u00e4\u00e4t! Todellinen katseenvangitsija! Koko XS, katso mittataulukko kuvasta.","og_url":"https:\/\/miumjau.ee\/fi\/tuote\/kissan-valjaat-talutushihna-sininen-vaaleanpunainen-xs-2-3-kg\/","og_site_name":"MiuMjau","article_publisher":"https:\/\/www.facebook.com\/miumjaupood\/","article_modified_time":"2026-01-07T20:47:17+00:00","og_image":[{"width":600,"height":800,"url":"https:\/\/miumjau.ee\/wp-content\/uploads\/2025\/09\/kassi-traksid-ergonoomilised4.jpg","type":"image\/jpeg"}],"twitter_card":"summary_large_image","schema":{"@context":"https:\/\/schema.org","@graph":[{"@type":"WebPage","@id":"https:\/\/miumjau.ee\/fi\/tuote\/kissan-valjaat-talutushihna-sininen-vaaleanpunainen-xs-2-3-kg\/","url":"https:\/\/miumjau.ee\/fi\/tuote\/kissan-valjaat-talutushihna-sininen-vaaleanpunainen-xs-2-3-kg\/","name":"Kissan valjaat + talutushihna, sininen\/vaaleanpunainen XS (2\u20133 kg) - MiuMjau","isPartOf":{"@id":"https:\/\/miumjau.ee\/#website"},"primaryImageOfPage":{"@id":"https:\/\/miumjau.ee\/fi\/tuote\/kissan-valjaat-talutushihna-sininen-vaaleanpunainen-xs-2-3-kg\/#primaryimage"},"image":{"@id":"https:\/\/miumjau.ee\/fi\/tuote\/kissan-valjaat-talutushihna-sininen-vaaleanpunainen-xs-2-3-kg\/#primaryimage"},"thumbnailUrl":"https:\/\/miumjau.ee\/wp-content\/uploads\/2025\/09\/kassi-traksid-ergonoomilised4.jpg","datePublished":"2025-09-02T12:35:48+00:00","dateModified":"2026-01-07T20:47:17+00:00","breadcrumb":{"@id":"https:\/\/miumjau.ee\/fi\/tuote\/kissan-valjaat-talutushihna-sininen-vaaleanpunainen-xs-2-3-kg\/#breadcrumb"},"inLanguage":"fi","potentialAction":[{"@type":"ReadAction","target":["https:\/\/miumjau.ee\/fi\/tuote\/kissan-valjaat-talutushihna-sininen-vaaleanpunainen-xs-2-3-kg\/"]}]},{"@type":"ImageObject","inLanguage":"fi","@id":"https:\/\/miumjau.ee\/fi\/tuote\/kissan-valjaat-talutushihna-sininen-vaaleanpunainen-xs-2-3-kg\/#primaryimage","url":"https:\/\/miumjau.ee\/wp-content\/uploads\/2025\/09\/kassi-traksid-ergonoomilised4.jpg","contentUrl":"https:\/\/miumjau.ee\/wp-content\/uploads\/2025\/09\/kassi-traksid-ergonoomilised4.jpg","width":600,"height":800,"caption":"Kassi traksid ergonoomilised ja reguleeritavad"},{"@type":"BreadcrumbList","@id":"https:\/\/miumjau.ee\/fi\/tuote\/kissan-valjaat-talutushihna-sininen-vaaleanpunainen-xs-2-3-kg\/#breadcrumb","itemListElement":[{"@type":"ListItem","position":1,"name":"Home","item":"https:\/\/miumjau.ee\/fi\/"},{"@type":"ListItem","position":2,"name":"Kauppa","item":"https:\/\/miumjau.ee\/fi\/kauppa\/"},{"@type":"ListItem","position":3,"name":"Kissan valjaat + talutushihna, sininen\/vaaleanpunainen XS (2\u20133 kg)"}]},{"@type":"WebSite","@id":"https:\/\/miumjau.ee\/#website","url":"https:\/\/miumjau.ee\/","name":"MiuMjau","description":"Kraapimispuud kassidele","publisher":{"@id":"https:\/\/miumjau.ee\/#organization"},"potentialAction":[{"@type":"SearchAction","target":{"@type":"EntryPoint","urlTemplate":"https:\/\/miumjau.ee\/?s={search_term_string}"},"query-input":{"@type":"PropertyValueSpecification","valueRequired":true,"valueName":"search_term_string"}}],"inLanguage":"fi"},{"@type":"Organization","@id":"https:\/\/miumjau.ee\/#organization","name":"MiuMjau O\u00dc","url":"https:\/\/miumjau.ee\/","logo":{"@type":"ImageObject","inLanguage":"fi","@id":"https:\/\/miumjau.ee\/#\/schema\/logo\/image\/","url":"https:\/\/miumjau.ee\/wp-content\/uploads\/2022\/04\/MiuMjau-logo-kollane.png","contentUrl":"https:\/\/miumjau.ee\/wp-content\/uploads\/2022\/04\/MiuMjau-logo-kollane.png","width":219,"height":100,"caption":"MiuMjau O\u00dc"},"image":{"@id":"https:\/\/miumjau.ee\/#\/schema\/logo\/image\/"},"sameAs":["https:\/\/www.facebook.com\/miumjaupood\/"]}]}},"_links":{"self":[{"href":"https:\/\/miumjau.ee\/fi\/wp-json\/wp\/v2\/product\/45461","targetHints":{"allow":["GET"]}}],"collection":[{"href":"https:\/\/miumjau.ee\/fi\/wp-json\/wp\/v2\/product"}],"about":[{"href":"https:\/\/miumjau.ee\/fi\/wp-json\/wp\/v2\/types\/product"}],"wp:featuredmedia":[{"embeddable":true,"href":"https:\/\/miumjau.ee\/fi\/wp-json\/wp\/v2\/media\/39063"}],"wp:attachment":[{"href":"https:\/\/miumjau.ee\/fi\/wp-json\/wp\/v2\/media?parent=45461"}],"wp:term":[{"taxonomy":"product_brand","embeddable":true,"href":"https:\/\/miumjau.ee\/fi\/wp-json\/wp\/v2\/product_brand?post=45461"},{"taxonomy":"product_cat","embeddable":true,"href":"https:\/\/miumjau.ee\/fi\/wp-json\/wp\/v2\/product_cat?post=45461"},{"taxonomy":"product_tag","embeddable":true,"href":"https:\/\/miumjau.ee\/fi\/wp-json\/wp\/v2\/product_tag?post=45461"}],"curies":[{"name":"wp","href":"https:\/\/api.w.org\/{rel}","templated":true}]}}