{"id":45384,"date":"2024-07-31T09:56:40","date_gmt":"2024-07-31T06:56:40","guid":{"rendered":"https:\/\/miumjau.ee\/toode\/pawise-kissan-valjaat-talutushihna-koko-l-punainen\/"},"modified":"2026-01-07T22:47:17","modified_gmt":"2026-01-07T20:47:17","slug":"pawise-kissan-valjaat-talutushihna-koko-l-punainen","status":"publish","type":"product","link":"https:\/\/miumjau.ee\/fi\/tuote\/pawise-kissan-valjaat-talutushihna-koko-l-punainen\/","title":{"rendered":"Pawise kissan valjaat + talutushihna, koko L, punainen"},"content":{"rendered":"","protected":false},"excerpt":{"rendered":"<p data-start=\"144\" data-end=\"207\">Turvalliset valjaat ja talutushihna kissallesi Pawise-merkilt\u00e4.<\/p>\n<p data-start=\"209\" data-end=\"347\">Nyt kissasi voi ulkoilla mukanasi. Oikeankokoiset valjaat ovat eritt\u00e4in t\u00e4rke\u00e4t turvallisuuden takaamiseksi. L\u00f6yd\u00e4 kissallesi sopiva koko!<\/p>\n<p data-start=\"349\" data-end=\"466\">S\u00e4\u00e4dett\u00e4v\u00e4t<br data-start=\"360\" data-end=\"363\" \/>Kiinnitys pikalukolla<br data-start=\"384\" data-end=\"387\" \/>Karabiinikiinnitys<br data-start=\"405\" data-end=\"408\" \/>Koko L<br data-start=\"414\" data-end=\"417\" \/>Kaulanymp\u00e4rys 22\u201335 cm<br data-start=\"439\" data-end=\"442\" \/>Rinnanymp\u00e4rys 30\u201352 cm<\/p>\n<p data-start=\"468\" data-end=\"484\">Heti saatavilla!<\/p>\n","protected":false},"featured_media":15108,"template":"","meta":[],"product_brand":[],"product_cat":[297],"product_tag":[],"class_list":{"0":"post-45384","1":"product","2":"type-product","3":"status-publish","4":"has-post-thumbnail","6":"product_cat-kissan-valjaat","8":"first","9":"instock","10":"taxable","11":"shipping-taxable","12":"purchasable","13":"product-type-simple"},"yoast_head":"<!-- This site is optimized with the Yoast SEO plugin v27.4 - https:\/\/yoast.com\/product\/yoast-seo-wordpress\/ -->\n<title>Pawise kissan valjaat + talutushihna, koko L, punainen - MiuMjau<\/title>\n<meta name=\"robots\" content=\"index, follow, max-snippet:-1, max-image-preview:large, max-video-preview:-1\" \/>\n<link rel=\"canonical\" href=\"https:\/\/miumjau.ee\/fi\/tuote\/pawise-kissan-valjaat-talutushihna-koko-l-punainen\/\" \/>\n<meta property=\"og:locale\" content=\"fi_FI\" \/>\n<meta property=\"og:type\" content=\"article\" \/>\n<meta property=\"og:title\" content=\"Pawise kissan valjaat + talutushihna, koko L, punainen - MiuMjau\" \/>\n<meta property=\"og:description\" content=\"Turvalliset valjaat ja talutushihna kissallesi Pawise-merkilt\u00e4. Nyt kissasi voi ulkoilla mukanasi. Oikeankokoiset valjaat ovat eritt\u00e4in t\u00e4rke\u00e4t turvallisuuden takaamiseksi. L\u00f6yd\u00e4 kissallesi sopiva koko! S\u00e4\u00e4dett\u00e4v\u00e4tKiinnitys pikalukollaKarabiinikiinnitysKoko LKaulanymp\u00e4rys 22\u201335 cmRinnanymp\u00e4rys 30\u201352 cm Heti saatavilla!\" \/>\n<meta property=\"og:url\" content=\"https:\/\/miumjau.ee\/fi\/tuote\/pawise-kissan-valjaat-talutushihna-koko-l-punainen\/\" \/>\n<meta property=\"og:site_name\" content=\"MiuMjau\" \/>\n<meta property=\"article:publisher\" content=\"https:\/\/www.facebook.com\/miumjaupood\/\" \/>\n<meta property=\"article:modified_time\" content=\"2026-01-07T20:47:17+00:00\" \/>\n<meta property=\"og:image\" content=\"https:\/\/miumjau.ee\/wp-content\/uploads\/2024\/07\/kassi-traksid-L2-Photoroom.jpg\" \/>\n\t<meta property=\"og:image:width\" content=\"600\" \/>\n\t<meta property=\"og:image:height\" content=\"800\" \/>\n\t<meta property=\"og:image:type\" content=\"image\/jpeg\" \/>\n<meta name=\"twitter:card\" content=\"summary_large_image\" \/>\n<script type=\"application\/ld+json\" class=\"yoast-schema-graph\">{\"@context\":\"https:\\\/\\\/schema.org\",\"@graph\":[{\"@type\":\"WebPage\",\"@id\":\"https:\\\/\\\/miumjau.ee\\\/fi\\\/tuote\\\/pawise-kissan-valjaat-talutushihna-koko-l-punainen\\\/\",\"url\":\"https:\\\/\\\/miumjau.ee\\\/fi\\\/tuote\\\/pawise-kissan-valjaat-talutushihna-koko-l-punainen\\\/\",\"name\":\"Pawise kissan valjaat + talutushihna, koko L, punainen - MiuMjau\",\"isPartOf\":{\"@id\":\"https:\\\/\\\/miumjau.ee\\\/#website\"},\"primaryImageOfPage\":{\"@id\":\"https:\\\/\\\/miumjau.ee\\\/fi\\\/tuote\\\/pawise-kissan-valjaat-talutushihna-koko-l-punainen\\\/#primaryimage\"},\"image\":{\"@id\":\"https:\\\/\\\/miumjau.ee\\\/fi\\\/tuote\\\/pawise-kissan-valjaat-talutushihna-koko-l-punainen\\\/#primaryimage\"},\"thumbnailUrl\":\"https:\\\/\\\/miumjau.ee\\\/wp-content\\\/uploads\\\/2024\\\/07\\\/kassi-traksid-L2-Photoroom.jpg\",\"datePublished\":\"2024-07-31T06:56:40+00:00\",\"dateModified\":\"2026-01-07T20:47:17+00:00\",\"breadcrumb\":{\"@id\":\"https:\\\/\\\/miumjau.ee\\\/fi\\\/tuote\\\/pawise-kissan-valjaat-talutushihna-koko-l-punainen\\\/#breadcrumb\"},\"inLanguage\":\"fi\",\"potentialAction\":[{\"@type\":\"ReadAction\",\"target\":[\"https:\\\/\\\/miumjau.ee\\\/fi\\\/tuote\\\/pawise-kissan-valjaat-talutushihna-koko-l-punainen\\\/\"]}]},{\"@type\":\"ImageObject\",\"inLanguage\":\"fi\",\"@id\":\"https:\\\/\\\/miumjau.ee\\\/fi\\\/tuote\\\/pawise-kissan-valjaat-talutushihna-koko-l-punainen\\\/#primaryimage\",\"url\":\"https:\\\/\\\/miumjau.ee\\\/wp-content\\\/uploads\\\/2024\\\/07\\\/kassi-traksid-L2-Photoroom.jpg\",\"contentUrl\":\"https:\\\/\\\/miumjau.ee\\\/wp-content\\\/uploads\\\/2024\\\/07\\\/kassi-traksid-L2-Photoroom.jpg\",\"width\":600,\"height\":800,\"caption\":\"Pawise kassi rihm traksid\"},{\"@type\":\"BreadcrumbList\",\"@id\":\"https:\\\/\\\/miumjau.ee\\\/fi\\\/tuote\\\/pawise-kissan-valjaat-talutushihna-koko-l-punainen\\\/#breadcrumb\",\"itemListElement\":[{\"@type\":\"ListItem\",\"position\":1,\"name\":\"Home\",\"item\":\"https:\\\/\\\/miumjau.ee\\\/fi\\\/\"},{\"@type\":\"ListItem\",\"position\":2,\"name\":\"Kauppa\",\"item\":\"https:\\\/\\\/miumjau.ee\\\/fi\\\/kauppa\\\/\"},{\"@type\":\"ListItem\",\"position\":3,\"name\":\"Pawise kissan valjaat + talutushihna, koko L, punainen\"}]},{\"@type\":\"WebSite\",\"@id\":\"https:\\\/\\\/miumjau.ee\\\/#website\",\"url\":\"https:\\\/\\\/miumjau.ee\\\/\",\"name\":\"MiuMjau\",\"description\":\"Kraapimispuud kassidele\",\"publisher\":{\"@id\":\"https:\\\/\\\/miumjau.ee\\\/#organization\"},\"potentialAction\":[{\"@type\":\"SearchAction\",\"target\":{\"@type\":\"EntryPoint\",\"urlTemplate\":\"https:\\\/\\\/miumjau.ee\\\/?s={search_term_string}\"},\"query-input\":{\"@type\":\"PropertyValueSpecification\",\"valueRequired\":true,\"valueName\":\"search_term_string\"}}],\"inLanguage\":\"fi\"},{\"@type\":\"Organization\",\"@id\":\"https:\\\/\\\/miumjau.ee\\\/#organization\",\"name\":\"MiuMjau O\u00dc\",\"url\":\"https:\\\/\\\/miumjau.ee\\\/\",\"logo\":{\"@type\":\"ImageObject\",\"inLanguage\":\"fi\",\"@id\":\"https:\\\/\\\/miumjau.ee\\\/#\\\/schema\\\/logo\\\/image\\\/\",\"url\":\"https:\\\/\\\/miumjau.ee\\\/wp-content\\\/uploads\\\/2022\\\/04\\\/MiuMjau-logo-kollane.png\",\"contentUrl\":\"https:\\\/\\\/miumjau.ee\\\/wp-content\\\/uploads\\\/2022\\\/04\\\/MiuMjau-logo-kollane.png\",\"width\":219,\"height\":100,\"caption\":\"MiuMjau O\u00dc\"},\"image\":{\"@id\":\"https:\\\/\\\/miumjau.ee\\\/#\\\/schema\\\/logo\\\/image\\\/\"},\"sameAs\":[\"https:\\\/\\\/www.facebook.com\\\/miumjaupood\\\/\"]}]}<\/script>\n<!-- \/ Yoast SEO plugin. -->","yoast_head_json":{"title":"Pawise kissan valjaat + talutushihna, koko L, punainen - MiuMjau","robots":{"index":"index","follow":"follow","max-snippet":"max-snippet:-1","max-image-preview":"max-image-preview:large","max-video-preview":"max-video-preview:-1"},"canonical":"https:\/\/miumjau.ee\/fi\/tuote\/pawise-kissan-valjaat-talutushihna-koko-l-punainen\/","og_locale":"fi_FI","og_type":"article","og_title":"Pawise kissan valjaat + talutushihna, koko L, punainen - MiuMjau","og_description":"Turvalliset valjaat ja talutushihna kissallesi Pawise-merkilt\u00e4. Nyt kissasi voi ulkoilla mukanasi. Oikeankokoiset valjaat ovat eritt\u00e4in t\u00e4rke\u00e4t turvallisuuden takaamiseksi. L\u00f6yd\u00e4 kissallesi sopiva koko! S\u00e4\u00e4dett\u00e4v\u00e4tKiinnitys pikalukollaKarabiinikiinnitysKoko LKaulanymp\u00e4rys 22\u201335 cmRinnanymp\u00e4rys 30\u201352 cm Heti saatavilla!","og_url":"https:\/\/miumjau.ee\/fi\/tuote\/pawise-kissan-valjaat-talutushihna-koko-l-punainen\/","og_site_name":"MiuMjau","article_publisher":"https:\/\/www.facebook.com\/miumjaupood\/","article_modified_time":"2026-01-07T20:47:17+00:00","og_image":[{"width":600,"height":800,"url":"https:\/\/miumjau.ee\/wp-content\/uploads\/2024\/07\/kassi-traksid-L2-Photoroom.jpg","type":"image\/jpeg"}],"twitter_card":"summary_large_image","schema":{"@context":"https:\/\/schema.org","@graph":[{"@type":"WebPage","@id":"https:\/\/miumjau.ee\/fi\/tuote\/pawise-kissan-valjaat-talutushihna-koko-l-punainen\/","url":"https:\/\/miumjau.ee\/fi\/tuote\/pawise-kissan-valjaat-talutushihna-koko-l-punainen\/","name":"Pawise kissan valjaat + talutushihna, koko L, punainen - MiuMjau","isPartOf":{"@id":"https:\/\/miumjau.ee\/#website"},"primaryImageOfPage":{"@id":"https:\/\/miumjau.ee\/fi\/tuote\/pawise-kissan-valjaat-talutushihna-koko-l-punainen\/#primaryimage"},"image":{"@id":"https:\/\/miumjau.ee\/fi\/tuote\/pawise-kissan-valjaat-talutushihna-koko-l-punainen\/#primaryimage"},"thumbnailUrl":"https:\/\/miumjau.ee\/wp-content\/uploads\/2024\/07\/kassi-traksid-L2-Photoroom.jpg","datePublished":"2024-07-31T06:56:40+00:00","dateModified":"2026-01-07T20:47:17+00:00","breadcrumb":{"@id":"https:\/\/miumjau.ee\/fi\/tuote\/pawise-kissan-valjaat-talutushihna-koko-l-punainen\/#breadcrumb"},"inLanguage":"fi","potentialAction":[{"@type":"ReadAction","target":["https:\/\/miumjau.ee\/fi\/tuote\/pawise-kissan-valjaat-talutushihna-koko-l-punainen\/"]}]},{"@type":"ImageObject","inLanguage":"fi","@id":"https:\/\/miumjau.ee\/fi\/tuote\/pawise-kissan-valjaat-talutushihna-koko-l-punainen\/#primaryimage","url":"https:\/\/miumjau.ee\/wp-content\/uploads\/2024\/07\/kassi-traksid-L2-Photoroom.jpg","contentUrl":"https:\/\/miumjau.ee\/wp-content\/uploads\/2024\/07\/kassi-traksid-L2-Photoroom.jpg","width":600,"height":800,"caption":"Pawise kassi rihm traksid"},{"@type":"BreadcrumbList","@id":"https:\/\/miumjau.ee\/fi\/tuote\/pawise-kissan-valjaat-talutushihna-koko-l-punainen\/#breadcrumb","itemListElement":[{"@type":"ListItem","position":1,"name":"Home","item":"https:\/\/miumjau.ee\/fi\/"},{"@type":"ListItem","position":2,"name":"Kauppa","item":"https:\/\/miumjau.ee\/fi\/kauppa\/"},{"@type":"ListItem","position":3,"name":"Pawise kissan valjaat + talutushihna, koko L, punainen"}]},{"@type":"WebSite","@id":"https:\/\/miumjau.ee\/#website","url":"https:\/\/miumjau.ee\/","name":"MiuMjau","description":"Kraapimispuud kassidele","publisher":{"@id":"https:\/\/miumjau.ee\/#organization"},"potentialAction":[{"@type":"SearchAction","target":{"@type":"EntryPoint","urlTemplate":"https:\/\/miumjau.ee\/?s={search_term_string}"},"query-input":{"@type":"PropertyValueSpecification","valueRequired":true,"valueName":"search_term_string"}}],"inLanguage":"fi"},{"@type":"Organization","@id":"https:\/\/miumjau.ee\/#organization","name":"MiuMjau O\u00dc","url":"https:\/\/miumjau.ee\/","logo":{"@type":"ImageObject","inLanguage":"fi","@id":"https:\/\/miumjau.ee\/#\/schema\/logo\/image\/","url":"https:\/\/miumjau.ee\/wp-content\/uploads\/2022\/04\/MiuMjau-logo-kollane.png","contentUrl":"https:\/\/miumjau.ee\/wp-content\/uploads\/2022\/04\/MiuMjau-logo-kollane.png","width":219,"height":100,"caption":"MiuMjau O\u00dc"},"image":{"@id":"https:\/\/miumjau.ee\/#\/schema\/logo\/image\/"},"sameAs":["https:\/\/www.facebook.com\/miumjaupood\/"]}]}},"_links":{"self":[{"href":"https:\/\/miumjau.ee\/fi\/wp-json\/wp\/v2\/product\/45384","targetHints":{"allow":["GET"]}}],"collection":[{"href":"https:\/\/miumjau.ee\/fi\/wp-json\/wp\/v2\/product"}],"about":[{"href":"https:\/\/miumjau.ee\/fi\/wp-json\/wp\/v2\/types\/product"}],"wp:featuredmedia":[{"embeddable":true,"href":"https:\/\/miumjau.ee\/fi\/wp-json\/wp\/v2\/media\/15108"}],"wp:attachment":[{"href":"https:\/\/miumjau.ee\/fi\/wp-json\/wp\/v2\/media?parent=45384"}],"wp:term":[{"taxonomy":"product_brand","embeddable":true,"href":"https:\/\/miumjau.ee\/fi\/wp-json\/wp\/v2\/product_brand?post=45384"},{"taxonomy":"product_cat","embeddable":true,"href":"https:\/\/miumjau.ee\/fi\/wp-json\/wp\/v2\/product_cat?post=45384"},{"taxonomy":"product_tag","embeddable":true,"href":"https:\/\/miumjau.ee\/fi\/wp-json\/wp\/v2\/product_tag?post=45384"}],"curies":[{"name":"wp","href":"https:\/\/api.w.org\/{rel}","templated":true}]}}