{"id":45314,"date":"2024-07-31T08:17:20","date_gmt":"2024-07-31T05:17:20","guid":{"rendered":"https:\/\/miumjau.ee\/toode\/pawise-kissanhiekka-astia-s-sininen\/"},"modified":"2026-01-07T22:47:24","modified_gmt":"2026-01-07T20:47:24","slug":"pawise-kissanhiekka-astia-s-sininen","status":"publish","type":"product","link":"https:\/\/miumjau.ee\/fi\/tuote\/pawise-kissanhiekka-astia-s-sininen\/","title":{"rendered":"Pawise kissanhiekka-astia S, sininen"},"content":{"rendered":"","protected":false},"excerpt":{"rendered":"<p data-start=\"690\" data-end=\"802\">Pawise-kissan hiekkalaatikossa on korkeat reunat, jotta kissa ei raapisi niin paljon hiekkaa ulos tassuillaan.<\/p>\n<ul data-start=\"804\" data-end=\"845\">\n<li data-start=\"804\" data-end=\"827\">\n<p data-start=\"806\" data-end=\"827\">S &#8211; 47 x 38 x 21 cm<\/p>\n<\/li>\n<li data-start=\"828\" data-end=\"845\">\n<p data-start=\"830\" data-end=\"845\">Paino: 0,9 kg<\/p>\n<\/li>\n<\/ul>\n<p data-start=\"847\" data-end=\"1104\">T\u00e4ydellinen kissoille, jotka seisovat reunoilla ja kaivavat paljon hiekkaa yli reunojen. V\u00e4hemm\u00e4n siivousta omistajalle auttaa yll\u00e4pit\u00e4m\u00e4\u00e4n hyvi\u00e4 suhteita. Valitse hiekkalaatikko kissasi koon mukaan. Hiekkalaatikon tulisi olla 1,5 kertaa kissasi pituinen.<\/p>\n<ul data-start=\"1106\" data-end=\"1242\">\n<li data-start=\"1106\" data-end=\"1147\">\n<p data-start=\"1108\" data-end=\"1147\">Korkeat reunat pit\u00e4v\u00e4t hiekan sis\u00e4ll\u00e4<\/p>\n<\/li>\n<li data-start=\"1148\" data-end=\"1182\">\n<p data-start=\"1150\" data-end=\"1182\">Tarjoaa kissalle enemm\u00e4n tilaa<\/p>\n<\/li>\n<li data-start=\"1183\" data-end=\"1219\">\n<p data-start=\"1185\" data-end=\"1219\">Sopii my\u00f6s suuremmille kissoille<\/p>\n<\/li>\n<li data-start=\"1220\" data-end=\"1242\">\n<p data-start=\"1222\" data-end=\"1242\">Helpompi puhdistaa<\/p>\n<\/li>\n<\/ul>\n<p data-start=\"1244\" data-end=\"1266\"><strong data-start=\"1244\" data-end=\"1264\">Heti saatavilla!<\/strong><\/p>\n","protected":false},"featured_media":45318,"template":"","meta":[],"product_brand":[],"product_cat":[287],"product_tag":[],"class_list":{"0":"post-45314","1":"product","2":"type-product","3":"status-publish","4":"has-post-thumbnail","6":"product_cat-hiekkalaatikot","8":"first","9":"instock","10":"taxable","11":"shipping-taxable","12":"purchasable","13":"product-type-simple"},"yoast_head":"<!-- This site is optimized with the Yoast SEO plugin v27.4 - https:\/\/yoast.com\/product\/yoast-seo-wordpress\/ -->\n<title>Pawise kissanhiekka-astia S, sininen - MiuMjau<\/title>\n<meta name=\"robots\" content=\"index, follow, max-snippet:-1, max-image-preview:large, max-video-preview:-1\" \/>\n<link rel=\"canonical\" href=\"https:\/\/miumjau.ee\/fi\/tuote\/pawise-kissanhiekka-astia-s-sininen\/\" \/>\n<meta property=\"og:locale\" content=\"fi_FI\" \/>\n<meta property=\"og:type\" content=\"article\" \/>\n<meta property=\"og:title\" content=\"Pawise kissanhiekka-astia S, sininen - MiuMjau\" \/>\n<meta property=\"og:description\" content=\"Pawise-kissan hiekkalaatikossa on korkeat reunat, jotta kissa ei raapisi niin paljon hiekkaa ulos tassuillaan.     S - 47 x 38 x 21 cm    Paino: 0,9 kg   T\u00e4ydellinen kissoille, jotka seisovat reunoilla ja kaivavat paljon hiekkaa yli reunojen. V\u00e4hemm\u00e4n siivousta omistajalle auttaa yll\u00e4pit\u00e4m\u00e4\u00e4n hyvi\u00e4 suhteita. Valitse hiekkalaatikko kissasi koon mukaan. Hiekkalaatikon tulisi olla 1,5 kertaa kissasi pituinen.     Korkeat reunat pit\u00e4v\u00e4t hiekan sis\u00e4ll\u00e4    Tarjoaa kissalle enemm\u00e4n tilaa    Sopii my\u00f6s suuremmille kissoille    Helpompi puhdistaa   Heti saatavilla!\" \/>\n<meta property=\"og:url\" content=\"https:\/\/miumjau.ee\/fi\/tuote\/pawise-kissanhiekka-astia-s-sininen\/\" \/>\n<meta property=\"og:site_name\" content=\"MiuMjau\" \/>\n<meta property=\"article:publisher\" content=\"https:\/\/www.facebook.com\/miumjaupood\/\" \/>\n<meta property=\"article:modified_time\" content=\"2026-01-07T20:47:24+00:00\" \/>\n<meta property=\"og:image\" content=\"https:\/\/miumjau.ee\/wp-content\/uploads\/2024\/07\/liivakast-pawise-S-Photoroom.jpg\" \/>\n\t<meta property=\"og:image:width\" content=\"600\" \/>\n\t<meta property=\"og:image:height\" content=\"800\" \/>\n\t<meta property=\"og:image:type\" content=\"image\/jpeg\" \/>\n<meta name=\"twitter:card\" content=\"summary_large_image\" \/>\n<script type=\"application\/ld+json\" class=\"yoast-schema-graph\">{\"@context\":\"https:\\\/\\\/schema.org\",\"@graph\":[{\"@type\":\"WebPage\",\"@id\":\"https:\\\/\\\/miumjau.ee\\\/fi\\\/tuote\\\/pawise-kissanhiekka-astia-s-sininen\\\/\",\"url\":\"https:\\\/\\\/miumjau.ee\\\/fi\\\/tuote\\\/pawise-kissanhiekka-astia-s-sininen\\\/\",\"name\":\"Pawise kissanhiekka-astia S, sininen - MiuMjau\",\"isPartOf\":{\"@id\":\"https:\\\/\\\/miumjau.ee\\\/#website\"},\"primaryImageOfPage\":{\"@id\":\"https:\\\/\\\/miumjau.ee\\\/fi\\\/tuote\\\/pawise-kissanhiekka-astia-s-sininen\\\/#primaryimage\"},\"image\":{\"@id\":\"https:\\\/\\\/miumjau.ee\\\/fi\\\/tuote\\\/pawise-kissanhiekka-astia-s-sininen\\\/#primaryimage\"},\"thumbnailUrl\":\"https:\\\/\\\/miumjau.ee\\\/wp-content\\\/uploads\\\/2024\\\/07\\\/kassi-liivakast-pawise-s1.jpg\",\"datePublished\":\"2024-07-31T05:17:20+00:00\",\"dateModified\":\"2026-01-07T20:47:24+00:00\",\"breadcrumb\":{\"@id\":\"https:\\\/\\\/miumjau.ee\\\/fi\\\/tuote\\\/pawise-kissanhiekka-astia-s-sininen\\\/#breadcrumb\"},\"inLanguage\":\"fi\",\"potentialAction\":[{\"@type\":\"ReadAction\",\"target\":[\"https:\\\/\\\/miumjau.ee\\\/fi\\\/tuote\\\/pawise-kissanhiekka-astia-s-sininen\\\/\"]}]},{\"@type\":\"ImageObject\",\"inLanguage\":\"fi\",\"@id\":\"https:\\\/\\\/miumjau.ee\\\/fi\\\/tuote\\\/pawise-kissanhiekka-astia-s-sininen\\\/#primaryimage\",\"url\":\"https:\\\/\\\/miumjau.ee\\\/wp-content\\\/uploads\\\/2024\\\/07\\\/kassi-liivakast-pawise-s1.jpg\",\"contentUrl\":\"https:\\\/\\\/miumjau.ee\\\/wp-content\\\/uploads\\\/2024\\\/07\\\/kassi-liivakast-pawise-s1.jpg\",\"width\":600,\"height\":800,\"caption\":\"Pawise kassi liivakast S, sinine\"},{\"@type\":\"BreadcrumbList\",\"@id\":\"https:\\\/\\\/miumjau.ee\\\/fi\\\/tuote\\\/pawise-kissanhiekka-astia-s-sininen\\\/#breadcrumb\",\"itemListElement\":[{\"@type\":\"ListItem\",\"position\":1,\"name\":\"Home\",\"item\":\"https:\\\/\\\/miumjau.ee\\\/fi\\\/\"},{\"@type\":\"ListItem\",\"position\":2,\"name\":\"Kauppa\",\"item\":\"https:\\\/\\\/miumjau.ee\\\/fi\\\/kauppa\\\/\"},{\"@type\":\"ListItem\",\"position\":3,\"name\":\"Pawise kissanhiekka-astia S, sininen\"}]},{\"@type\":\"WebSite\",\"@id\":\"https:\\\/\\\/miumjau.ee\\\/#website\",\"url\":\"https:\\\/\\\/miumjau.ee\\\/\",\"name\":\"MiuMjau\",\"description\":\"Kraapimispuud kassidele\",\"publisher\":{\"@id\":\"https:\\\/\\\/miumjau.ee\\\/#organization\"},\"potentialAction\":[{\"@type\":\"SearchAction\",\"target\":{\"@type\":\"EntryPoint\",\"urlTemplate\":\"https:\\\/\\\/miumjau.ee\\\/?s={search_term_string}\"},\"query-input\":{\"@type\":\"PropertyValueSpecification\",\"valueRequired\":true,\"valueName\":\"search_term_string\"}}],\"inLanguage\":\"fi\"},{\"@type\":\"Organization\",\"@id\":\"https:\\\/\\\/miumjau.ee\\\/#organization\",\"name\":\"MiuMjau O\u00dc\",\"url\":\"https:\\\/\\\/miumjau.ee\\\/\",\"logo\":{\"@type\":\"ImageObject\",\"inLanguage\":\"fi\",\"@id\":\"https:\\\/\\\/miumjau.ee\\\/#\\\/schema\\\/logo\\\/image\\\/\",\"url\":\"https:\\\/\\\/miumjau.ee\\\/wp-content\\\/uploads\\\/2022\\\/04\\\/MiuMjau-logo-kollane.png\",\"contentUrl\":\"https:\\\/\\\/miumjau.ee\\\/wp-content\\\/uploads\\\/2022\\\/04\\\/MiuMjau-logo-kollane.png\",\"width\":219,\"height\":100,\"caption\":\"MiuMjau O\u00dc\"},\"image\":{\"@id\":\"https:\\\/\\\/miumjau.ee\\\/#\\\/schema\\\/logo\\\/image\\\/\"},\"sameAs\":[\"https:\\\/\\\/www.facebook.com\\\/miumjaupood\\\/\"]}]}<\/script>\n<!-- \/ Yoast SEO plugin. -->","yoast_head_json":{"title":"Pawise kissanhiekka-astia S, sininen - MiuMjau","robots":{"index":"index","follow":"follow","max-snippet":"max-snippet:-1","max-image-preview":"max-image-preview:large","max-video-preview":"max-video-preview:-1"},"canonical":"https:\/\/miumjau.ee\/fi\/tuote\/pawise-kissanhiekka-astia-s-sininen\/","og_locale":"fi_FI","og_type":"article","og_title":"Pawise kissanhiekka-astia S, sininen - MiuMjau","og_description":"Pawise-kissan hiekkalaatikossa on korkeat reunat, jotta kissa ei raapisi niin paljon hiekkaa ulos tassuillaan.     S - 47 x 38 x 21 cm    Paino: 0,9 kg   T\u00e4ydellinen kissoille, jotka seisovat reunoilla ja kaivavat paljon hiekkaa yli reunojen. V\u00e4hemm\u00e4n siivousta omistajalle auttaa yll\u00e4pit\u00e4m\u00e4\u00e4n hyvi\u00e4 suhteita. Valitse hiekkalaatikko kissasi koon mukaan. Hiekkalaatikon tulisi olla 1,5 kertaa kissasi pituinen.     Korkeat reunat pit\u00e4v\u00e4t hiekan sis\u00e4ll\u00e4    Tarjoaa kissalle enemm\u00e4n tilaa    Sopii my\u00f6s suuremmille kissoille    Helpompi puhdistaa   Heti saatavilla!","og_url":"https:\/\/miumjau.ee\/fi\/tuote\/pawise-kissanhiekka-astia-s-sininen\/","og_site_name":"MiuMjau","article_publisher":"https:\/\/www.facebook.com\/miumjaupood\/","article_modified_time":"2026-01-07T20:47:24+00:00","og_image":[{"width":600,"height":800,"url":"https:\/\/miumjau.ee\/wp-content\/uploads\/2024\/07\/liivakast-pawise-S-Photoroom.jpg","type":"image\/jpeg"}],"twitter_card":"summary_large_image","schema":{"@context":"https:\/\/schema.org","@graph":[{"@type":"WebPage","@id":"https:\/\/miumjau.ee\/fi\/tuote\/pawise-kissanhiekka-astia-s-sininen\/","url":"https:\/\/miumjau.ee\/fi\/tuote\/pawise-kissanhiekka-astia-s-sininen\/","name":"Pawise kissanhiekka-astia S, sininen - MiuMjau","isPartOf":{"@id":"https:\/\/miumjau.ee\/#website"},"primaryImageOfPage":{"@id":"https:\/\/miumjau.ee\/fi\/tuote\/pawise-kissanhiekka-astia-s-sininen\/#primaryimage"},"image":{"@id":"https:\/\/miumjau.ee\/fi\/tuote\/pawise-kissanhiekka-astia-s-sininen\/#primaryimage"},"thumbnailUrl":"https:\/\/miumjau.ee\/wp-content\/uploads\/2024\/07\/kassi-liivakast-pawise-s1.jpg","datePublished":"2024-07-31T05:17:20+00:00","dateModified":"2026-01-07T20:47:24+00:00","breadcrumb":{"@id":"https:\/\/miumjau.ee\/fi\/tuote\/pawise-kissanhiekka-astia-s-sininen\/#breadcrumb"},"inLanguage":"fi","potentialAction":[{"@type":"ReadAction","target":["https:\/\/miumjau.ee\/fi\/tuote\/pawise-kissanhiekka-astia-s-sininen\/"]}]},{"@type":"ImageObject","inLanguage":"fi","@id":"https:\/\/miumjau.ee\/fi\/tuote\/pawise-kissanhiekka-astia-s-sininen\/#primaryimage","url":"https:\/\/miumjau.ee\/wp-content\/uploads\/2024\/07\/kassi-liivakast-pawise-s1.jpg","contentUrl":"https:\/\/miumjau.ee\/wp-content\/uploads\/2024\/07\/kassi-liivakast-pawise-s1.jpg","width":600,"height":800,"caption":"Pawise kassi liivakast S, sinine"},{"@type":"BreadcrumbList","@id":"https:\/\/miumjau.ee\/fi\/tuote\/pawise-kissanhiekka-astia-s-sininen\/#breadcrumb","itemListElement":[{"@type":"ListItem","position":1,"name":"Home","item":"https:\/\/miumjau.ee\/fi\/"},{"@type":"ListItem","position":2,"name":"Kauppa","item":"https:\/\/miumjau.ee\/fi\/kauppa\/"},{"@type":"ListItem","position":3,"name":"Pawise kissanhiekka-astia S, sininen"}]},{"@type":"WebSite","@id":"https:\/\/miumjau.ee\/#website","url":"https:\/\/miumjau.ee\/","name":"MiuMjau","description":"Kraapimispuud kassidele","publisher":{"@id":"https:\/\/miumjau.ee\/#organization"},"potentialAction":[{"@type":"SearchAction","target":{"@type":"EntryPoint","urlTemplate":"https:\/\/miumjau.ee\/?s={search_term_string}"},"query-input":{"@type":"PropertyValueSpecification","valueRequired":true,"valueName":"search_term_string"}}],"inLanguage":"fi"},{"@type":"Organization","@id":"https:\/\/miumjau.ee\/#organization","name":"MiuMjau O\u00dc","url":"https:\/\/miumjau.ee\/","logo":{"@type":"ImageObject","inLanguage":"fi","@id":"https:\/\/miumjau.ee\/#\/schema\/logo\/image\/","url":"https:\/\/miumjau.ee\/wp-content\/uploads\/2022\/04\/MiuMjau-logo-kollane.png","contentUrl":"https:\/\/miumjau.ee\/wp-content\/uploads\/2022\/04\/MiuMjau-logo-kollane.png","width":219,"height":100,"caption":"MiuMjau O\u00dc"},"image":{"@id":"https:\/\/miumjau.ee\/#\/schema\/logo\/image\/"},"sameAs":["https:\/\/www.facebook.com\/miumjaupood\/"]}]}},"_links":{"self":[{"href":"https:\/\/miumjau.ee\/fi\/wp-json\/wp\/v2\/product\/45314","targetHints":{"allow":["GET"]}}],"collection":[{"href":"https:\/\/miumjau.ee\/fi\/wp-json\/wp\/v2\/product"}],"about":[{"href":"https:\/\/miumjau.ee\/fi\/wp-json\/wp\/v2\/types\/product"}],"wp:featuredmedia":[{"embeddable":true,"href":"https:\/\/miumjau.ee\/fi\/wp-json\/wp\/v2\/media\/45318"}],"wp:attachment":[{"href":"https:\/\/miumjau.ee\/fi\/wp-json\/wp\/v2\/media?parent=45314"}],"wp:term":[{"taxonomy":"product_brand","embeddable":true,"href":"https:\/\/miumjau.ee\/fi\/wp-json\/wp\/v2\/product_brand?post=45314"},{"taxonomy":"product_cat","embeddable":true,"href":"https:\/\/miumjau.ee\/fi\/wp-json\/wp\/v2\/product_cat?post=45314"},{"taxonomy":"product_tag","embeddable":true,"href":"https:\/\/miumjau.ee\/fi\/wp-json\/wp\/v2\/product_tag?post=45314"}],"curies":[{"name":"wp","href":"https:\/\/api.w.org\/{rel}","templated":true}]}}